{"id":17068,"date":"2019-06-21T19:41:39","date_gmt":"2019-06-21T17:41:39","guid":{"rendered":"https:\/\/donbaraton.es\/?page_id=17068"},"modified":"2021-11-28T21:01:27","modified_gmt":"2021-11-28T20:01:27","slug":"furniture-package-spain","status":"publish","type":"page","link":"https:\/\/donbaraton.es\/en\/furniture-package-spain\/","title":{"rendered":"Furniture Packages in Spain"},"content":{"rendered":"\n<figure class=\"wp-block-image\"><img loading=\"lazy\" decoding=\"async\" width=\"1000\" height=\"750\" src=\"https:\/\/donbaraton.es\/wp-content\/uploads\/2019\/06\/Muebles-piso-completo.jpg\" alt=\"Furniture packages in Spain\" class=\"wp-image-17102\" srcset=\"https:\/\/donbaraton.es\/wp-content\/uploads\/2019\/06\/Muebles-piso-completo.jpg 1000w, https:\/\/donbaraton.es\/wp-content\/uploads\/2019\/06\/Muebles-piso-completo-400x300.jpg 400w, https:\/\/donbaraton.es\/wp-content\/uploads\/2019\/06\/Muebles-piso-completo-510x383.jpg 510w, https:\/\/donbaraton.es\/wp-content\/uploads\/2019\/06\/Muebles-piso-completo-300x225.jpg 300w, https:\/\/donbaraton.es\/wp-content\/uploads\/2019\/06\/Muebles-piso-completo-768x576.jpg 768w\" sizes=\"(max-width: 1000px) 100vw, 1000px\" \/><\/figure>\n\n\n\n<p class=\"has-text-align-justify\">Are you looking to furnish your entire property* in Spain** at an affordable price and fast? Purchasing a <strong>furniture package <\/strong>from Don Baraton is a great option. <\/p>\n\n\n\n<p>There&#8217;s no need to visit shops, arrange delivery and assembly. Everything will be delivered, installed and fitted by our staff. <\/p>\n\n\n\n<p>Rather than selling <strong>standard furniture packs<\/strong> we offer a complete service of delivering and installing all furniture items you can find in our <a href=\"https:\/\/donbaraton.es\/en\/shop\/\"><strong>online shop<\/strong><\/a>. Why order a standard package if you can have the exact combination that will suit your needs and budget? <\/p>\n\n\n\n<figure class=\"wp-block-image\"><img loading=\"lazy\" decoding=\"async\" width=\"1000\" height=\"750\" src=\"https:\/\/donbaraton.es\/wp-content\/uploads\/2019\/06\/Pack-de-dormitorio-base-tapizada-con-colch\u00f3n-doble-135-x-190-cm-2-mesas-de-noche-cabecero-con-LED.jpg\" alt=\"Bedroom furniture pack - upholstered double bed base with mattress, two bedside tables, wall mounted headboard with LED lights\" class=\"wp-image-17105\" srcset=\"https:\/\/donbaraton.es\/wp-content\/uploads\/2019\/06\/Pack-de-dormitorio-base-tapizada-con-colch\u00f3n-doble-135-x-190-cm-2-mesas-de-noche-cabecero-con-LED.jpg 1000w, https:\/\/donbaraton.es\/wp-content\/uploads\/2019\/06\/Pack-de-dormitorio-base-tapizada-con-colch\u00f3n-doble-135-x-190-cm-2-mesas-de-noche-cabecero-con-LED-400x300.jpg 400w, https:\/\/donbaraton.es\/wp-content\/uploads\/2019\/06\/Pack-de-dormitorio-base-tapizada-con-colch\u00f3n-doble-135-x-190-cm-2-mesas-de-noche-cabecero-con-LED-510x383.jpg 510w, https:\/\/donbaraton.es\/wp-content\/uploads\/2019\/06\/Pack-de-dormitorio-base-tapizada-con-colch\u00f3n-doble-135-x-190-cm-2-mesas-de-noche-cabecero-con-LED-300x225.jpg 300w, https:\/\/donbaraton.es\/wp-content\/uploads\/2019\/06\/Pack-de-dormitorio-base-tapizada-con-colch\u00f3n-doble-135-x-190-cm-2-mesas-de-noche-cabecero-con-LED-768x576.jpg 768w\" sizes=\"(max-width: 1000px) 100vw, 1000px\" \/><figcaption>Bedroom furniture pack &#8211; upholstered double bed base with mattress, two bedside tables, wall mounted headboard with LED lights<\/figcaption><\/figure>\n\n\n\n<p>You can choose and purchase your products from the comfort of your home by ordering and paying <strong>online <\/strong>or visit our showroom located in Almoradi (Alicante). Please keep in mind that we don&#8217;t have all items on display. <\/p>\n\n\n\n<figure class=\"wp-block-image\"><img loading=\"lazy\" decoding=\"async\" width=\"1000\" height=\"749\" src=\"https:\/\/donbaraton.es\/wp-content\/uploads\/2019\/06\/Conjunto-con-bajo-TV-montado-en-un-sal\u00f3n.jpg\" alt=\"Wall unit assembled in a living room\" class=\"wp-image-17099\" srcset=\"https:\/\/donbaraton.es\/wp-content\/uploads\/2019\/06\/Conjunto-con-bajo-TV-montado-en-un-sal\u00f3n.jpg 1000w, https:\/\/donbaraton.es\/wp-content\/uploads\/2019\/06\/Conjunto-con-bajo-TV-montado-en-un-sal\u00f3n-400x300.jpg 400w, https:\/\/donbaraton.es\/wp-content\/uploads\/2019\/06\/Conjunto-con-bajo-TV-montado-en-un-sal\u00f3n-510x382.jpg 510w, https:\/\/donbaraton.es\/wp-content\/uploads\/2019\/06\/Conjunto-con-bajo-TV-montado-en-un-sal\u00f3n-300x225.jpg 300w, https:\/\/donbaraton.es\/wp-content\/uploads\/2019\/06\/Conjunto-con-bajo-TV-montado-en-un-sal\u00f3n-768x575.jpg 768w\" sizes=\"(max-width: 1000px) 100vw, 1000px\" \/><figcaption>Wall unit assembled in a living room <\/figcaption><\/figure>\n\n\n\n<p>Our prices will pleasantly surprise you as we buy <strong>directly from factories<\/strong>, not just a service company buying from local shops. <\/p>\n\n\n\n<p>The price will depend on the products you choose and on your location. <\/p>\n\n\n\n<figure class=\"wp-block-image\"><img loading=\"lazy\" decoding=\"async\" width=\"1000\" height=\"750\" src=\"https:\/\/donbaraton.es\/wp-content\/uploads\/2019\/06\/2-bases-individuales-tapizadas-mesa-de-noche-2-cabeceros-2-colchones.jpg\" alt=\"Two single upholstered bed bases with headboards, two matresses and a bed table\" class=\"wp-image-17096\" srcset=\"https:\/\/donbaraton.es\/wp-content\/uploads\/2019\/06\/2-bases-individuales-tapizadas-mesa-de-noche-2-cabeceros-2-colchones.jpg 1000w, https:\/\/donbaraton.es\/wp-content\/uploads\/2019\/06\/2-bases-individuales-tapizadas-mesa-de-noche-2-cabeceros-2-colchones-400x300.jpg 400w, https:\/\/donbaraton.es\/wp-content\/uploads\/2019\/06\/2-bases-individuales-tapizadas-mesa-de-noche-2-cabeceros-2-colchones-510x383.jpg 510w, https:\/\/donbaraton.es\/wp-content\/uploads\/2019\/06\/2-bases-individuales-tapizadas-mesa-de-noche-2-cabeceros-2-colchones-300x225.jpg 300w, https:\/\/donbaraton.es\/wp-content\/uploads\/2019\/06\/2-bases-individuales-tapizadas-mesa-de-noche-2-cabeceros-2-colchones-768x576.jpg 768w\" sizes=\"(max-width: 1000px) 100vw, 1000px\" \/><figcaption>Two single upholstered bed bases with headboards, two matresses and a bed table<\/figcaption><\/figure>\n\n\n\n<h2 class=\"wp-block-heading\"><strong>Pricing:<\/strong><\/h2>\n\n\n\n<ul class=\"wp-block-list\"><li><strong>Products.<\/strong> You buy products at current prices that are displayed on the products pages of our online shop. <\/li><li><strong>Delivery fee. <\/strong>A very reasonable <strong>delivery fee<\/strong> depending on the address  (starting from as little as <strong>\u20ac19<\/strong> Euros for Torrevieja and Alicante, <strong>\u20ac59<\/strong> Euros for Benidorm, La Nucia, Calpe and Almeria, <strong>\u20ac89<\/strong> Euros for Malaga and Marbella and the rest of Costa del Sol). All products can be delivered in one order. You pay the flat delivery fee once, per order; it will be added to your order automatically.  The delivery fee includes bringing all products into your property. Installation of sofas and beds is also included in the delivery fee quoted at checkout <\/li><li><strong>Assembly fee.<\/strong> We charge an assembly fee of approximately 15% for to assemble &#8220;flat furniture&#8221; sold in cartons (wardrobes, tables, chairs, lounge sets). We can assemble your items in our warehouse or in your home.   <\/li><li>If some <strong>additional work<\/strong> is required, for example, cutting the headboards to fit the apartment, installing cabinets on walls or moving electrical sockets &#8211; we will give you an estimate<\/li><\/ul>\n\n\n\n<figure class=\"wp-block-image\"><img loading=\"lazy\" decoding=\"async\" width=\"1000\" height=\"750\" src=\"https:\/\/donbaraton.es\/wp-content\/uploads\/2019\/06\/Sal\u00f3n-y-conjunto-de-comedor-mesa-y-4-sillas.jpg\" alt=\"Sofa bed and dining set (table and four chairs) installed in a living room\" class=\"wp-image-17108\" srcset=\"https:\/\/donbaraton.es\/wp-content\/uploads\/2019\/06\/Sal\u00f3n-y-conjunto-de-comedor-mesa-y-4-sillas.jpg 1000w, https:\/\/donbaraton.es\/wp-content\/uploads\/2019\/06\/Sal\u00f3n-y-conjunto-de-comedor-mesa-y-4-sillas-400x300.jpg 400w, https:\/\/donbaraton.es\/wp-content\/uploads\/2019\/06\/Sal\u00f3n-y-conjunto-de-comedor-mesa-y-4-sillas-510x383.jpg 510w, https:\/\/donbaraton.es\/wp-content\/uploads\/2019\/06\/Sal\u00f3n-y-conjunto-de-comedor-mesa-y-4-sillas-300x225.jpg 300w, https:\/\/donbaraton.es\/wp-content\/uploads\/2019\/06\/Sal\u00f3n-y-conjunto-de-comedor-mesa-y-4-sillas-768x576.jpg 768w\" sizes=\"(max-width: 1000px) 100vw, 1000px\" \/><figcaption>Sofa bed and dining set (table and four chairs) installed in a living room<\/figcaption><\/figure>\n\n\n\n<p>Our average furniture package order value, based on recently completed projects, is <strong>approximately 2800 Euros<\/strong>, but your total price will mostly depend on the products you choose. <\/p>\n\n\n\n<p>You can easily buy a package consisting of sofa, double bed base with headboard, double mattress, dining table with four chairs and a living room wall unit for as little as <strong>\u20ac1500<\/strong> or even <strong>\u20ac1000<\/strong> euros. <\/p>\n\n\n\n<p>If you have someone holding the keys we can do the work before you arrive in Spain. We will send you the pictures of the completed work. <\/p>\n\n\n\n<p>Some items may require longer delivery times than others and some may go out of stock. It is always a good idea to <strong>place the order in advance<\/strong>. If you would like to take the delivery on a certain date, we will keep your products in the warehouse until the date. If your choice of possible delivery dates in Spain is very limited, please contact us before placing the order to make sure this date is available for the delivery. <\/p>\n\n\n\n<p>If you need some old furniture items to be removed we can take them away and dispose of them. Please add our <a href=\"https:\/\/donbaraton.es\/en\/producto\/services\/old-furniture-removal\/\"><strong>old furniture removal service<\/strong><\/a> to your order, just like any other product. <\/p>\n\n\n\n<div class=\"wp-block-button aligncenter\"><a class=\"wp-block-button__link has-background\" href=\"https:\/\/donbaraton.es\/en\/shop\/\" style=\"background-color:#22c50c\"><strong>Shop online<\/strong><\/a><\/div>\n\n\n\n<div style=\"height:10px\" aria-hidden=\"true\" class=\"wp-block-spacer\"><\/div>\n\n\n\n<div class=\"wp-block-columns is-layout-flex wp-container-core-columns-is-layout-9d6595d7 wp-block-columns-is-layout-flex\">\n<div class=\"wp-block-column is-vertically-aligned-center is-layout-flow wp-block-column-is-layout-flow\">\n<p>Check out this video of a recently furnished apartment, published by our customer in the Malaga province. We supplied, installed and assempled sofa, beds, bedside tables, wardrobes, chairs tables, cests of drawers and other furniture items. <\/p>\n\n\n\n<p><\/p>\n<\/div>\n\n\n\n<div class=\"wp-block-column is-layout-flow wp-block-column-is-layout-flow\">\n<iframe loading=\"lazy\" src=\"https:\/\/www.facebook.com\/plugins\/video.php?height=476&amp;href=https%3A%2F%2Fwww.facebook.com%2F100009020536945%2Fvideos%2F273558141372426%2F&amp;show_text=false&amp;width=269&amp;t=0\" width=\"269\" height=\"476\" style=\"border:none;overflow:hidden\" scrolling=\"no\" frameborder=\"0\" allowfullscreen=\"true\" allow=\"autoplay; clipboard-write; encrypted-media; picture-in-picture; web-share\"><\/iframe>\n<\/div>\n<\/div>\n\n\n\n<p>Please measure your rooms and doors to make sure the furniture can be brought in and installed where you want it to be installed. If you have doubts please contact us and send us some measurements and pictures. <\/p>\n\n\n\n<p>*We don&#8217;t offer kitchen and bathroom furniture at the moment. Our range includes living room, bedroom and garden furniture. <\/p>\n\n\n\n<p>**This service is currently offered for Mainland Spain.  If your property is in the Canary or the Balearic Islans, please contact us. <\/p>\n\n\n\n<p><\/p>\n\n\n\n<p><\/p>\n\n\n\n<p><\/p>\n","protected":false},"excerpt":{"rendered":"<p>Are you looking to furnish your entire property* in Spain** at an affordable price and fast? Purchasing a furniture package from Don Baraton is a great option. There&#8217;s no need to visit shops, arrange delivery and assembly. Everything will be delivered, installed and fitted by our staff. Rather than selling standard furniture packs we offer [&hellip;]<\/p>\n","protected":false},"author":3,"featured_media":0,"parent":0,"menu_order":0,"comment_status":"closed","ping_status":"closed","template":"","meta":{"_et_pb_use_builder":"off","_et_pb_old_content":"","_et_gb_content_width":"","footnotes":""},"class_list":["post-17068","page","type-page","status-publish","hentry"],"yoast_head":"<!-- This site is optimized with the Yoast SEO plugin v27.2 - https:\/\/yoast.com\/product\/yoast-seo-wordpress\/ -->\n<title>Furniture Packages in Spain - Don Baraton: tienda de sof\u00e1s, muebles y colchones<\/title>\n<meta name=\"robots\" content=\"index, follow, max-snippet:-1, max-image-preview:large, max-video-preview:-1\" \/>\n<link rel=\"canonical\" href=\"https:\/\/donbaraton.es\/en\/furniture-package-spain\/\" \/>\n<meta property=\"og:locale\" content=\"en_GB\" \/>\n<meta property=\"og:type\" content=\"article\" \/>\n<meta property=\"og:title\" content=\"Furniture Packages in Spain - Don Baraton: tienda de sof\u00e1s, muebles y colchones\" \/>\n<meta property=\"og:description\" content=\"Are you looking to furnish your entire property* in Spain** at an affordable price and fast? Purchasing a furniture package from Don Baraton is a great option. There&#8217;s no need to visit shops, arrange delivery and assembly. Everything will be delivered, installed and fitted by our staff. Rather than selling standard furniture packs we offer [&hellip;]\" \/>\n<meta property=\"og:url\" content=\"https:\/\/donbaraton.es\/en\/furniture-package-spain\/\" \/>\n<meta property=\"og:site_name\" content=\"Don Baraton: tienda de sof\u00e1s, muebles y colchones\" \/>\n<meta property=\"article:publisher\" content=\"https:\/\/www.facebook.com\/donbaraton.es\" \/>\n<meta property=\"article:modified_time\" content=\"2021-11-28T20:01:27+00:00\" \/>\n<meta property=\"og:image\" content=\"https:\/\/donbaraton.es\/wp-content\/uploads\/2019\/06\/Muebles-piso-completo.jpg\" \/>\n<meta name=\"twitter:card\" content=\"summary_large_image\" \/>\n<meta name=\"twitter:site\" content=\"@don_baraton\" \/>\n<meta name=\"twitter:label1\" content=\"Estimated reading time\" \/>\n\t<meta name=\"twitter:data1\" content=\"5 minutes\" \/>\n<script type=\"application\/ld+json\" class=\"yoast-schema-graph\">{\"@context\":\"https:\/\/schema.org\",\"@graph\":[{\"@type\":\"WebPage\",\"@id\":\"https:\/\/donbaraton.es\/en\/furniture-package-spain\/\",\"url\":\"https:\/\/donbaraton.es\/en\/furniture-package-spain\/\",\"name\":\"Furniture Packages in Spain - Don Baraton: tienda de sof\u00e1s, muebles y colchones\",\"isPartOf\":{\"@id\":\"https:\/\/donbaraton.es\/#website\"},\"primaryImageOfPage\":{\"@id\":\"https:\/\/donbaraton.es\/en\/furniture-package-spain\/#primaryimage\"},\"image\":{\"@id\":\"https:\/\/donbaraton.es\/en\/furniture-package-spain\/#primaryimage\"},\"thumbnailUrl\":\"https:\/\/donbaraton.es\/wp-content\/uploads\/2019\/06\/Muebles-piso-completo.jpg\",\"datePublished\":\"2019-06-21T17:41:39+00:00\",\"dateModified\":\"2021-11-28T20:01:27+00:00\",\"breadcrumb\":{\"@id\":\"https:\/\/donbaraton.es\/en\/furniture-package-spain\/#breadcrumb\"},\"inLanguage\":\"en-GB\",\"potentialAction\":[{\"@type\":\"ReadAction\",\"target\":[\"https:\/\/donbaraton.es\/en\/furniture-package-spain\/\"]}]},{\"@type\":\"ImageObject\",\"inLanguage\":\"en-GB\",\"@id\":\"https:\/\/donbaraton.es\/en\/furniture-package-spain\/#primaryimage\",\"url\":\"https:\/\/donbaraton.es\/wp-content\/uploads\/2019\/06\/Muebles-piso-completo.jpg\",\"contentUrl\":\"https:\/\/donbaraton.es\/wp-content\/uploads\/2019\/06\/Muebles-piso-completo.jpg\"},{\"@type\":\"BreadcrumbList\",\"@id\":\"https:\/\/donbaraton.es\/en\/furniture-package-spain\/#breadcrumb\",\"itemListElement\":[{\"@type\":\"ListItem\",\"position\":1,\"name\":\"Portada\",\"item\":\"https:\/\/donbaraton.es\/en\/\"},{\"@type\":\"ListItem\",\"position\":2,\"name\":\"Furniture Packages in Spain\"}]},{\"@type\":\"WebSite\",\"@id\":\"https:\/\/donbaraton.es\/#website\",\"url\":\"https:\/\/donbaraton.es\/\",\"name\":\"Don Baraton: tienda de sof\u00e1s, muebles y colchones\",\"description\":\"Sofas baratos desde el almac\u00e9n en Almorad\u00ed, Alicante\",\"publisher\":{\"@id\":\"https:\/\/donbaraton.es\/#organization\"},\"potentialAction\":[{\"@type\":\"SearchAction\",\"target\":{\"@type\":\"EntryPoint\",\"urlTemplate\":\"https:\/\/donbaraton.es\/?s={search_term_string}\"},\"query-input\":{\"@type\":\"PropertyValueSpecification\",\"valueRequired\":true,\"valueName\":\"search_term_string\"}}],\"inLanguage\":\"en-GB\"},{\"@type\":\"Organization\",\"@id\":\"https:\/\/donbaraton.es\/#organization\",\"name\":\"Don Baraton\",\"url\":\"https:\/\/donbaraton.es\/\",\"logo\":{\"@type\":\"ImageObject\",\"inLanguage\":\"en-GB\",\"@id\":\"https:\/\/donbaraton.es\/#\/schema\/logo\/image\/\",\"url\":\"https:\/\/i0.wp.com\/donbaraton.es\/wp-content\/uploads\/2016\/11\/logo_don_baraton.png?fit=228%2C110&ssl=1\",\"contentUrl\":\"https:\/\/i0.wp.com\/donbaraton.es\/wp-content\/uploads\/2016\/11\/logo_don_baraton.png?fit=228%2C110&ssl=1\",\"width\":228,\"height\":110,\"caption\":\"Don Baraton\"},\"image\":{\"@id\":\"https:\/\/donbaraton.es\/#\/schema\/logo\/image\/\"},\"sameAs\":[\"https:\/\/www.facebook.com\/donbaraton.es\",\"https:\/\/x.com\/don_baraton\",\"https:\/\/www.instagram.com\/donbaraton.es\",\"https:\/\/www.linkedin.com\/company\/donbaraton\/\",\"https:\/\/es.pinterest.com\/donbaraton\/\",\"https:\/\/www.youtube.com\/channel\/UCL02HOwx-F759Jq5MedAZfQ\"]}]}<\/script>\n<!-- \/ Yoast SEO plugin. -->","yoast_head_json":{"title":"Furniture Packages in Spain - Don Baraton: tienda de sof\u00e1s, muebles y colchones","robots":{"index":"index","follow":"follow","max-snippet":"max-snippet:-1","max-image-preview":"max-image-preview:large","max-video-preview":"max-video-preview:-1"},"canonical":"https:\/\/donbaraton.es\/en\/furniture-package-spain\/","og_locale":"en_GB","og_type":"article","og_title":"Furniture Packages in Spain - Don Baraton: tienda de sof\u00e1s, muebles y colchones","og_description":"Are you looking to furnish your entire property* in Spain** at an affordable price and fast? Purchasing a furniture package from Don Baraton is a great option. There&#8217;s no need to visit shops, arrange delivery and assembly. Everything will be delivered, installed and fitted by our staff. Rather than selling standard furniture packs we offer [&hellip;]","og_url":"https:\/\/donbaraton.es\/en\/furniture-package-spain\/","og_site_name":"Don Baraton: tienda de sof\u00e1s, muebles y colchones","article_publisher":"https:\/\/www.facebook.com\/donbaraton.es","article_modified_time":"2021-11-28T20:01:27+00:00","og_image":[{"url":"https:\/\/donbaraton.es\/wp-content\/uploads\/2019\/06\/Muebles-piso-completo.jpg","type":"","width":"","height":""}],"twitter_card":"summary_large_image","twitter_site":"@don_baraton","twitter_misc":{"Estimated reading time":"5 minutes"},"schema":{"@context":"https:\/\/schema.org","@graph":[{"@type":"WebPage","@id":"https:\/\/donbaraton.es\/en\/furniture-package-spain\/","url":"https:\/\/donbaraton.es\/en\/furniture-package-spain\/","name":"Furniture Packages in Spain - Don Baraton: tienda de sof\u00e1s, muebles y colchones","isPartOf":{"@id":"https:\/\/donbaraton.es\/#website"},"primaryImageOfPage":{"@id":"https:\/\/donbaraton.es\/en\/furniture-package-spain\/#primaryimage"},"image":{"@id":"https:\/\/donbaraton.es\/en\/furniture-package-spain\/#primaryimage"},"thumbnailUrl":"https:\/\/donbaraton.es\/wp-content\/uploads\/2019\/06\/Muebles-piso-completo.jpg","datePublished":"2019-06-21T17:41:39+00:00","dateModified":"2021-11-28T20:01:27+00:00","breadcrumb":{"@id":"https:\/\/donbaraton.es\/en\/furniture-package-spain\/#breadcrumb"},"inLanguage":"en-GB","potentialAction":[{"@type":"ReadAction","target":["https:\/\/donbaraton.es\/en\/furniture-package-spain\/"]}]},{"@type":"ImageObject","inLanguage":"en-GB","@id":"https:\/\/donbaraton.es\/en\/furniture-package-spain\/#primaryimage","url":"https:\/\/donbaraton.es\/wp-content\/uploads\/2019\/06\/Muebles-piso-completo.jpg","contentUrl":"https:\/\/donbaraton.es\/wp-content\/uploads\/2019\/06\/Muebles-piso-completo.jpg"},{"@type":"BreadcrumbList","@id":"https:\/\/donbaraton.es\/en\/furniture-package-spain\/#breadcrumb","itemListElement":[{"@type":"ListItem","position":1,"name":"Portada","item":"https:\/\/donbaraton.es\/en\/"},{"@type":"ListItem","position":2,"name":"Furniture Packages in Spain"}]},{"@type":"WebSite","@id":"https:\/\/donbaraton.es\/#website","url":"https:\/\/donbaraton.es\/","name":"Don Baraton: tienda de sof\u00e1s, muebles y colchones","description":"Sofas baratos desde el almac\u00e9n en Almorad\u00ed, Alicante","publisher":{"@id":"https:\/\/donbaraton.es\/#organization"},"potentialAction":[{"@type":"SearchAction","target":{"@type":"EntryPoint","urlTemplate":"https:\/\/donbaraton.es\/?s={search_term_string}"},"query-input":{"@type":"PropertyValueSpecification","valueRequired":true,"valueName":"search_term_string"}}],"inLanguage":"en-GB"},{"@type":"Organization","@id":"https:\/\/donbaraton.es\/#organization","name":"Don Baraton","url":"https:\/\/donbaraton.es\/","logo":{"@type":"ImageObject","inLanguage":"en-GB","@id":"https:\/\/donbaraton.es\/#\/schema\/logo\/image\/","url":"https:\/\/i0.wp.com\/donbaraton.es\/wp-content\/uploads\/2016\/11\/logo_don_baraton.png?fit=228%2C110&ssl=1","contentUrl":"https:\/\/i0.wp.com\/donbaraton.es\/wp-content\/uploads\/2016\/11\/logo_don_baraton.png?fit=228%2C110&ssl=1","width":228,"height":110,"caption":"Don Baraton"},"image":{"@id":"https:\/\/donbaraton.es\/#\/schema\/logo\/image\/"},"sameAs":["https:\/\/www.facebook.com\/donbaraton.es","https:\/\/x.com\/don_baraton","https:\/\/www.instagram.com\/donbaraton.es","https:\/\/www.linkedin.com\/company\/donbaraton\/","https:\/\/es.pinterest.com\/donbaraton\/","https:\/\/www.youtube.com\/channel\/UCL02HOwx-F759Jq5MedAZfQ"]}]}},"_links":{"self":[{"href":"https:\/\/donbaraton.es\/en\/wp-json\/wp\/v2\/pages\/17068","targetHints":{"allow":["GET"]}}],"collection":[{"href":"https:\/\/donbaraton.es\/en\/wp-json\/wp\/v2\/pages"}],"about":[{"href":"https:\/\/donbaraton.es\/en\/wp-json\/wp\/v2\/types\/page"}],"author":[{"embeddable":true,"href":"https:\/\/donbaraton.es\/en\/wp-json\/wp\/v2\/users\/3"}],"replies":[{"embeddable":true,"href":"https:\/\/donbaraton.es\/en\/wp-json\/wp\/v2\/comments?post=17068"}],"version-history":[{"count":8,"href":"https:\/\/donbaraton.es\/en\/wp-json\/wp\/v2\/pages\/17068\/revisions"}],"predecessor-version":[{"id":36137,"href":"https:\/\/donbaraton.es\/en\/wp-json\/wp\/v2\/pages\/17068\/revisions\/36137"}],"wp:attachment":[{"href":"https:\/\/donbaraton.es\/en\/wp-json\/wp\/v2\/media?parent=17068"}],"curies":[{"name":"wp","href":"https:\/\/api.w.org\/{rel}","templated":true}]}}