{"id":2350,"date":"2017-06-07T02:47:28","date_gmt":"2017-06-07T00:47:28","guid":{"rendered":"https:\/\/donbaraton.es\/?page_id=2350\/"},"modified":"2017-08-26T19:07:07","modified_gmt":"2017-08-26T17:07:07","slug":"web-developer","status":"publish","type":"page","link":"https:\/\/donbaraton.es\/en\/web-developer\/","title":{"rendered":"Web developer of this website"},"content":{"rendered":"<p>This online store was developed and is managed by <a href=\"https:\/\/lepunto.com\">LEPUNTO<\/a>, a multilingual agency that helps us with our marketing efforts online and offline. They came up with the name &#8220;Don Baraton&#8221; a few months ago to help us rock the Spanish furniture market. It is working well! &#8220;Don Baraton&#8221; is now a registered trademark in Spain and everyone loves it!<\/p>\n<p>The website is still in its infancy (launched in April, 2017) and we believe there could be some mistakes that we haven&#8217;t\u00a0noticed yet.<\/p>\n<p>We work hard to bring you the best furniture in Spain at affordable prices and we want to make sure you can order and securely buy our products with ease.<\/p>\n<p>Your opinion matters! Was it easy to find the products you were looking for? Is it easy to choose and buy? Does the website work well on your mobile device or laptop? Found a technical bug, a typo or a translation mistake? We are listening.<\/p>\n<p>Any ideas or\u00a0suggestions of cooperation online? Would you like to mention Don Baraton\u00a0on your blog? Or maybe you want us to comment on the furniture market in Spain or write a guest post about furniture? We will be more than happy to hear from you, all ideas are welcome!<\/p>\n<p>We will also appreciate any comments on how this website can be improved.<\/p>\n<h3 style=\"text-align: center;\">Please <a href=\"https:\/\/lepunto.com\/contact\/\">contact the website developer\u00a0<\/a><\/h3>\n<p>&nbsp;<\/p>\n","protected":false},"excerpt":{"rendered":"<p>This online store was developed and is managed by LEPUNTO, a multilingual agency that helps us with our marketing efforts online and offline. They came up with the name &#8220;Don Baraton&#8221; a few months ago to help us rock the Spanish furniture market. It is working well! &#8220;Don Baraton&#8221; is now a registered trademark in [&hellip;]<\/p>\n","protected":false},"author":3,"featured_media":0,"parent":0,"menu_order":0,"comment_status":"closed","ping_status":"closed","template":"","meta":{"_et_pb_use_builder":"","_et_pb_old_content":"","_et_gb_content_width":"","footnotes":""},"class_list":["post-2350","page","type-page","status-publish","hentry"],"yoast_head":"<!-- This site is optimized with the Yoast SEO plugin v27.2 - https:\/\/yoast.com\/product\/yoast-seo-wordpress\/ -->\n<title>Please help us improve our online store. Contact us for any suggestions. Don Baraton<\/title>\n<meta name=\"description\" content=\"If you have any questions about this website, suggestions of cooperation online, want to mention us on your blog - please get in touch.\" \/>\n<meta name=\"robots\" content=\"index, follow, max-snippet:-1, max-image-preview:large, max-video-preview:-1\" \/>\n<link rel=\"canonical\" href=\"https:\/\/donbaraton.es\/en\/web-developer\/\" \/>\n<meta property=\"og:locale\" content=\"en_GB\" \/>\n<meta property=\"og:type\" content=\"article\" \/>\n<meta property=\"og:title\" content=\"Please help us improve our online store. Contact us for any suggestions. Don Baraton\" \/>\n<meta property=\"og:description\" content=\"If you have any questions about this website, suggestions of cooperation online, want to mention us on your blog - please get in touch.\" \/>\n<meta property=\"og:url\" content=\"https:\/\/donbaraton.es\/en\/web-developer\/\" \/>\n<meta property=\"og:site_name\" content=\"Don Baraton: tienda de sof\u00e1s, muebles y colchones\" \/>\n<meta property=\"article:publisher\" content=\"https:\/\/www.facebook.com\/donbaraton.es\" \/>\n<meta property=\"article:modified_time\" content=\"2017-08-26T17:07:07+00:00\" \/>\n<meta name=\"twitter:card\" content=\"summary_large_image\" \/>\n<meta name=\"twitter:site\" content=\"@don_baraton\" \/>\n<meta name=\"twitter:label1\" content=\"Estimated reading time\" \/>\n\t<meta name=\"twitter:data1\" content=\"1 minute\" \/>\n<script type=\"application\/ld+json\" class=\"yoast-schema-graph\">{\"@context\":\"https:\/\/schema.org\",\"@graph\":[{\"@type\":\"WebPage\",\"@id\":\"https:\/\/donbaraton.es\/en\/web-developer\/\",\"url\":\"https:\/\/donbaraton.es\/en\/web-developer\/\",\"name\":\"Please help us improve our online store. Contact us for any suggestions. Don Baraton\",\"isPartOf\":{\"@id\":\"https:\/\/donbaraton.es\/#website\"},\"datePublished\":\"2017-06-07T00:47:28+00:00\",\"dateModified\":\"2017-08-26T17:07:07+00:00\",\"description\":\"If you have any questions about this website, suggestions of cooperation online, want to mention us on your blog - please get in touch.\",\"breadcrumb\":{\"@id\":\"https:\/\/donbaraton.es\/en\/web-developer\/#breadcrumb\"},\"inLanguage\":\"en-GB\",\"potentialAction\":[{\"@type\":\"ReadAction\",\"target\":[\"https:\/\/donbaraton.es\/en\/web-developer\/\"]}]},{\"@type\":\"BreadcrumbList\",\"@id\":\"https:\/\/donbaraton.es\/en\/web-developer\/#breadcrumb\",\"itemListElement\":[{\"@type\":\"ListItem\",\"position\":1,\"name\":\"Portada\",\"item\":\"https:\/\/donbaraton.es\/en\/\"},{\"@type\":\"ListItem\",\"position\":2,\"name\":\"Web developer of this website\"}]},{\"@type\":\"WebSite\",\"@id\":\"https:\/\/donbaraton.es\/#website\",\"url\":\"https:\/\/donbaraton.es\/\",\"name\":\"Don Baraton: tienda de sof\u00e1s, muebles y colchones\",\"description\":\"Sofas baratos desde el almac\u00e9n en Almorad\u00ed, Alicante\",\"publisher\":{\"@id\":\"https:\/\/donbaraton.es\/#organization\"},\"potentialAction\":[{\"@type\":\"SearchAction\",\"target\":{\"@type\":\"EntryPoint\",\"urlTemplate\":\"https:\/\/donbaraton.es\/?s={search_term_string}\"},\"query-input\":{\"@type\":\"PropertyValueSpecification\",\"valueRequired\":true,\"valueName\":\"search_term_string\"}}],\"inLanguage\":\"en-GB\"},{\"@type\":\"Organization\",\"@id\":\"https:\/\/donbaraton.es\/#organization\",\"name\":\"Don Baraton\",\"url\":\"https:\/\/donbaraton.es\/\",\"logo\":{\"@type\":\"ImageObject\",\"inLanguage\":\"en-GB\",\"@id\":\"https:\/\/donbaraton.es\/#\/schema\/logo\/image\/\",\"url\":\"https:\/\/i0.wp.com\/donbaraton.es\/wp-content\/uploads\/2016\/11\/logo_don_baraton.png?fit=228%2C110&ssl=1\",\"contentUrl\":\"https:\/\/i0.wp.com\/donbaraton.es\/wp-content\/uploads\/2016\/11\/logo_don_baraton.png?fit=228%2C110&ssl=1\",\"width\":228,\"height\":110,\"caption\":\"Don Baraton\"},\"image\":{\"@id\":\"https:\/\/donbaraton.es\/#\/schema\/logo\/image\/\"},\"sameAs\":[\"https:\/\/www.facebook.com\/donbaraton.es\",\"https:\/\/x.com\/don_baraton\",\"https:\/\/www.instagram.com\/donbaraton.es\",\"https:\/\/www.linkedin.com\/company\/donbaraton\/\",\"https:\/\/es.pinterest.com\/donbaraton\/\",\"https:\/\/www.youtube.com\/channel\/UCL02HOwx-F759Jq5MedAZfQ\"]}]}<\/script>\n<!-- \/ Yoast SEO plugin. -->","yoast_head_json":{"title":"Please help us improve our online store. Contact us for any suggestions. Don Baraton","description":"If you have any questions about this website, suggestions of cooperation online, want to mention us on your blog - please get in touch.","robots":{"index":"index","follow":"follow","max-snippet":"max-snippet:-1","max-image-preview":"max-image-preview:large","max-video-preview":"max-video-preview:-1"},"canonical":"https:\/\/donbaraton.es\/en\/web-developer\/","og_locale":"en_GB","og_type":"article","og_title":"Please help us improve our online store. Contact us for any suggestions. Don Baraton","og_description":"If you have any questions about this website, suggestions of cooperation online, want to mention us on your blog - please get in touch.","og_url":"https:\/\/donbaraton.es\/en\/web-developer\/","og_site_name":"Don Baraton: tienda de sof\u00e1s, muebles y colchones","article_publisher":"https:\/\/www.facebook.com\/donbaraton.es","article_modified_time":"2017-08-26T17:07:07+00:00","twitter_card":"summary_large_image","twitter_site":"@don_baraton","twitter_misc":{"Estimated reading time":"1 minute"},"schema":{"@context":"https:\/\/schema.org","@graph":[{"@type":"WebPage","@id":"https:\/\/donbaraton.es\/en\/web-developer\/","url":"https:\/\/donbaraton.es\/en\/web-developer\/","name":"Please help us improve our online store. Contact us for any suggestions. Don Baraton","isPartOf":{"@id":"https:\/\/donbaraton.es\/#website"},"datePublished":"2017-06-07T00:47:28+00:00","dateModified":"2017-08-26T17:07:07+00:00","description":"If you have any questions about this website, suggestions of cooperation online, want to mention us on your blog - please get in touch.","breadcrumb":{"@id":"https:\/\/donbaraton.es\/en\/web-developer\/#breadcrumb"},"inLanguage":"en-GB","potentialAction":[{"@type":"ReadAction","target":["https:\/\/donbaraton.es\/en\/web-developer\/"]}]},{"@type":"BreadcrumbList","@id":"https:\/\/donbaraton.es\/en\/web-developer\/#breadcrumb","itemListElement":[{"@type":"ListItem","position":1,"name":"Portada","item":"https:\/\/donbaraton.es\/en\/"},{"@type":"ListItem","position":2,"name":"Web developer of this website"}]},{"@type":"WebSite","@id":"https:\/\/donbaraton.es\/#website","url":"https:\/\/donbaraton.es\/","name":"Don Baraton: tienda de sof\u00e1s, muebles y colchones","description":"Sofas baratos desde el almac\u00e9n en Almorad\u00ed, Alicante","publisher":{"@id":"https:\/\/donbaraton.es\/#organization"},"potentialAction":[{"@type":"SearchAction","target":{"@type":"EntryPoint","urlTemplate":"https:\/\/donbaraton.es\/?s={search_term_string}"},"query-input":{"@type":"PropertyValueSpecification","valueRequired":true,"valueName":"search_term_string"}}],"inLanguage":"en-GB"},{"@type":"Organization","@id":"https:\/\/donbaraton.es\/#organization","name":"Don Baraton","url":"https:\/\/donbaraton.es\/","logo":{"@type":"ImageObject","inLanguage":"en-GB","@id":"https:\/\/donbaraton.es\/#\/schema\/logo\/image\/","url":"https:\/\/i0.wp.com\/donbaraton.es\/wp-content\/uploads\/2016\/11\/logo_don_baraton.png?fit=228%2C110&ssl=1","contentUrl":"https:\/\/i0.wp.com\/donbaraton.es\/wp-content\/uploads\/2016\/11\/logo_don_baraton.png?fit=228%2C110&ssl=1","width":228,"height":110,"caption":"Don Baraton"},"image":{"@id":"https:\/\/donbaraton.es\/#\/schema\/logo\/image\/"},"sameAs":["https:\/\/www.facebook.com\/donbaraton.es","https:\/\/x.com\/don_baraton","https:\/\/www.instagram.com\/donbaraton.es","https:\/\/www.linkedin.com\/company\/donbaraton\/","https:\/\/es.pinterest.com\/donbaraton\/","https:\/\/www.youtube.com\/channel\/UCL02HOwx-F759Jq5MedAZfQ"]}]}},"_links":{"self":[{"href":"https:\/\/donbaraton.es\/en\/wp-json\/wp\/v2\/pages\/2350","targetHints":{"allow":["GET"]}}],"collection":[{"href":"https:\/\/donbaraton.es\/en\/wp-json\/wp\/v2\/pages"}],"about":[{"href":"https:\/\/donbaraton.es\/en\/wp-json\/wp\/v2\/types\/page"}],"author":[{"embeddable":true,"href":"https:\/\/donbaraton.es\/en\/wp-json\/wp\/v2\/users\/3"}],"replies":[{"embeddable":true,"href":"https:\/\/donbaraton.es\/en\/wp-json\/wp\/v2\/comments?post=2350"}],"version-history":[{"count":0,"href":"https:\/\/donbaraton.es\/en\/wp-json\/wp\/v2\/pages\/2350\/revisions"}],"wp:attachment":[{"href":"https:\/\/donbaraton.es\/en\/wp-json\/wp\/v2\/media?parent=2350"}],"curies":[{"name":"wp","href":"https:\/\/api.w.org\/{rel}","templated":true}]}}