{"id":26,"date":"2016-10-21T04:51:40","date_gmt":"2016-10-21T04:51:40","guid":{"rendered":"https:\/\/donbaraton.es\/en\/?page_id=26"},"modified":"2017-03-03T01:44:08","modified_gmt":"2017-03-03T01:44:08","slug":"company","status":"publish","type":"page","link":"https:\/\/donbaraton.es\/en\/company\/","title":{"rendered":"Company"},"content":{"rendered":"<h3 style=\"text-align: center;\"><img loading=\"lazy\" decoding=\"async\" class=\"alignnone size-medium wp-image-930 alignleft\" src=\"https:\/\/donbaraton.es\/wp-content\/uploads\/2017\/03\/Don_Baraton_Home-137x300.png\" alt=\"\" width=\"137\" height=\"300\" \/><strong>Hello, friends, my name is Don Baraton!<\/strong><\/h3>\n<p>&nbsp;<\/p>\n<p>Perhaps, you have never heard about me, so let&#8217;s fix that. I will tell you my story.<\/p>\n<p>I came from a wonderland called Baratonia, where everything is different \u2013 people don\u2019t believe in fairytales about brands, they don\u2019t overpay for a pretend high quality of a product and overall they don\u2019t let anyone fool them. So I thought \u2013 why can\u2019t we do the same here? I have decided to correct the situation and I came here! <strong>My target \u2013 fair trade, without lies and deceive. <\/strong><\/p>\n<p>I begin with the sales of simple household items, like <strong>sofas, beds, tables, wardrobes, carpets and rugs, electrical goods and much more.<\/strong> I know that this story might sound silly to you and it might look like another sales trick, and you might ask yourself a question, what does my honesty or generosity has to do with this as I\u2019m not giving away things for free?<\/p>\n<p>Please proceed reading, all the answers are there!<\/p>\n<p>&nbsp;<\/p>\n<h3 style=\"text-align: center;\">These are the basic principles of my work:<\/h3>\n<p>&nbsp;<\/p>\n<p><strong><span style=\"color: #ff0000;\">Low prices.<\/span> <\/strong>There are no hidden extras in my price! I sell my product at the price that contains:<\/p>\n<ul>\n<li>The small manufacturer cost<\/li>\n<li>The cost of my storage premises including taxes etc&#8230;<\/li>\n<li>Fair reward for my salesman that works on commission and who will help you and advise you on what\u2019s best for you and who will not be tricking you into buying anything, unless you\u2019re 100% sure with it<\/li>\n<\/ul>\n<p><span style=\"color: #ff0000;\"><strong>You&#8217;are not paying for a &#8220;brand&#8221;.<\/strong> <\/span>Like I\u2019ve mentioned, there\u2019s no trickery, you can simply look at my sofas and compare them to the other ones that you might see in the furniture shops! And you will see that my sofas are much better quality and with a lot lower price tag<\/p>\n<p><strong><span style=\"color: #ff0000;\">Minimum expenses.<\/span><\/strong>\u00a0I work with minimum expenses \u2013 simple and cheap storage warehouses, not expensive delivery vans, everything to <strong>keep the price lower so you can pay less<\/strong><\/p>\n<p><span style=\"color: #ff0000;\"><strong>No middleman.<\/strong><\/span> I directly import the sofas with no middleman, I only pay for the transport that delivers them to my premises and the manufacturer!<\/p>\n<p><span style=\"color: #ff0000;\"><strong>No credits.<\/strong><\/span> I\u2019m not tied to any loans or credits with the banks. I don\u2019t work with the banks, so I can make extra money on you.\u00a0Also, you won\u2019t need a finance with my prices<\/p>\n<p><strong><span style=\"color: #ff0000;\">Latest models!<\/span><\/strong> My stock changes very fast and it&#8217;s usually one off pieces that I get, that means it\u2019s the only chance to purchase that item at that price and there won\u2019t be another one. \u0422his system helps me to have a variety of product and more interest in it. You have to hurry, as <strong>you won\u2019t get the same sofa at that price<\/strong>!<\/p>\n<p>&nbsp;<\/p>\n<h3 style=\"text-align: center;\">Do you like my approach?<\/h3>\n<p>&nbsp;<\/p>\n<p>Then hurry up and come around to see my product with your own eyes, experience my honesty and customer service!<\/p>\n<p>Welcome to my shop, please feel comfortable here, as if you are in your own house, feel free to ask about anything you would like to know regarding my product. Looking forward to seeing you coming in trough my doors!!!<\/p>\n<p>I welcome you to my <a href=\"https:\/\/donbaraton.es\/en\/shop\/\">on-line shop<\/a>\u00a0or one of <a href=\"http:\/\/donbaraton.com\/en\/contact\/\">my shops<\/a>. Have a look around, feel the sofas with your hands, sit down and lie down on them and have a think until you realise\u00a0that it\u2019s not worth paying more elsewhere for the same product!<\/p>\n<p>&nbsp;<\/p>\n","protected":false},"excerpt":{"rendered":"<p>Hello, friends, my name is Don Baraton! &nbsp; Perhaps, you have never heard about me, so let&#8217;s fix that. I will tell you my story. I came from a wonderland called Baratonia, where everything is different \u2013 people don\u2019t believe in fairytales about brands, they don\u2019t overpay for a pretend high quality of a product [&hellip;]<\/p>\n","protected":false},"author":3,"featured_media":0,"parent":0,"menu_order":0,"comment_status":"closed","ping_status":"closed","template":"","meta":{"_et_pb_use_builder":"","_et_pb_old_content":"","_et_gb_content_width":"","footnotes":""},"class_list":["post-26","page","type-page","status-publish","hentry"],"yoast_head":"<!-- This site is optimized with the Yoast SEO plugin v27.5 - https:\/\/yoast.com\/product\/yoast-seo-wordpress\/ -->\n<title>Company - Don Baraton: tienda de sof\u00e1s, muebles y colchones<\/title>\n<meta name=\"robots\" content=\"index, follow, max-snippet:-1, max-image-preview:large, max-video-preview:-1\" \/>\n<link rel=\"canonical\" href=\"https:\/\/donbaraton.es\/en\/company\/\" \/>\n<meta property=\"og:locale\" content=\"en_GB\" \/>\n<meta property=\"og:type\" content=\"article\" \/>\n<meta property=\"og:title\" content=\"Company - Don Baraton: tienda de sof\u00e1s, muebles y colchones\" \/>\n<meta property=\"og:description\" content=\"Hello, friends, my name is Don Baraton! &nbsp; Perhaps, you have never heard about me, so let&#8217;s fix that. I will tell you my story. I came from a wonderland called Baratonia, where everything is different \u2013 people don\u2019t believe in fairytales about brands, they don\u2019t overpay for a pretend high quality of a product [&hellip;]\" \/>\n<meta property=\"og:url\" content=\"https:\/\/donbaraton.es\/en\/company\/\" \/>\n<meta property=\"og:site_name\" content=\"Don Baraton: tienda de sof\u00e1s, muebles y colchones\" \/>\n<meta property=\"article:publisher\" content=\"https:\/\/www.facebook.com\/donbaraton.es\" \/>\n<meta property=\"article:modified_time\" content=\"2017-03-03T01:44:08+00:00\" \/>\n<meta property=\"og:image\" content=\"https:\/\/donbaraton.es\/wp-content\/uploads\/2017\/03\/Don_Baraton_Home-137x300.png\" \/>\n<meta name=\"twitter:card\" content=\"summary_large_image\" \/>\n<meta name=\"twitter:site\" content=\"@don_baraton\" \/>\n<meta name=\"twitter:label1\" content=\"Estimated reading time\" \/>\n\t<meta name=\"twitter:data1\" content=\"3 minutes\" \/>\n<script type=\"application\/ld+json\" class=\"yoast-schema-graph\">{\"@context\":\"https:\\\/\\\/schema.org\",\"@graph\":[{\"@type\":\"WebPage\",\"@id\":\"https:\\\/\\\/donbaraton.es\\\/en\\\/company\\\/\",\"url\":\"https:\\\/\\\/donbaraton.es\\\/en\\\/company\\\/\",\"name\":\"Company - Don Baraton: tienda de sof\u00e1s, muebles y colchones\",\"isPartOf\":{\"@id\":\"https:\\\/\\\/donbaraton.es\\\/#website\"},\"primaryImageOfPage\":{\"@id\":\"https:\\\/\\\/donbaraton.es\\\/en\\\/company\\\/#primaryimage\"},\"image\":{\"@id\":\"https:\\\/\\\/donbaraton.es\\\/en\\\/company\\\/#primaryimage\"},\"thumbnailUrl\":\"https:\\\/\\\/donbaraton.es\\\/wp-content\\\/uploads\\\/2017\\\/03\\\/Don_Baraton_Home-137x300.png\",\"datePublished\":\"2016-10-21T04:51:40+00:00\",\"dateModified\":\"2017-03-03T01:44:08+00:00\",\"breadcrumb\":{\"@id\":\"https:\\\/\\\/donbaraton.es\\\/en\\\/company\\\/#breadcrumb\"},\"inLanguage\":\"en-GB\",\"potentialAction\":[{\"@type\":\"ReadAction\",\"target\":[\"https:\\\/\\\/donbaraton.es\\\/en\\\/company\\\/\"]}]},{\"@type\":\"ImageObject\",\"inLanguage\":\"en-GB\",\"@id\":\"https:\\\/\\\/donbaraton.es\\\/en\\\/company\\\/#primaryimage\",\"url\":\"https:\\\/\\\/donbaraton.es\\\/wp-content\\\/uploads\\\/2017\\\/03\\\/Don_Baraton_Home-137x300.png\",\"contentUrl\":\"https:\\\/\\\/donbaraton.es\\\/wp-content\\\/uploads\\\/2017\\\/03\\\/Don_Baraton_Home-137x300.png\"},{\"@type\":\"BreadcrumbList\",\"@id\":\"https:\\\/\\\/donbaraton.es\\\/en\\\/company\\\/#breadcrumb\",\"itemListElement\":[{\"@type\":\"ListItem\",\"position\":1,\"name\":\"Portada\",\"item\":\"https:\\\/\\\/donbaraton.es\\\/en\\\/\"},{\"@type\":\"ListItem\",\"position\":2,\"name\":\"Company\"}]},{\"@type\":\"WebSite\",\"@id\":\"https:\\\/\\\/donbaraton.es\\\/#website\",\"url\":\"https:\\\/\\\/donbaraton.es\\\/\",\"name\":\"Don Baraton: tienda de sof\u00e1s, muebles y colchones\",\"description\":\"Sofas baratos desde el almac\u00e9n en Almorad\u00ed, Alicante\",\"publisher\":{\"@id\":\"https:\\\/\\\/donbaraton.es\\\/#organization\"},\"potentialAction\":[{\"@type\":\"SearchAction\",\"target\":{\"@type\":\"EntryPoint\",\"urlTemplate\":\"https:\\\/\\\/donbaraton.es\\\/?s={search_term_string}\"},\"query-input\":{\"@type\":\"PropertyValueSpecification\",\"valueRequired\":true,\"valueName\":\"search_term_string\"}}],\"inLanguage\":\"en-GB\"},{\"@type\":\"Organization\",\"@id\":\"https:\\\/\\\/donbaraton.es\\\/#organization\",\"name\":\"Don Baraton\",\"url\":\"https:\\\/\\\/donbaraton.es\\\/\",\"logo\":{\"@type\":\"ImageObject\",\"inLanguage\":\"en-GB\",\"@id\":\"https:\\\/\\\/donbaraton.es\\\/#\\\/schema\\\/logo\\\/image\\\/\",\"url\":\"https:\\\/\\\/i0.wp.com\\\/donbaraton.es\\\/wp-content\\\/uploads\\\/2016\\\/11\\\/logo_don_baraton.png?fit=228%2C110&ssl=1\",\"contentUrl\":\"https:\\\/\\\/i0.wp.com\\\/donbaraton.es\\\/wp-content\\\/uploads\\\/2016\\\/11\\\/logo_don_baraton.png?fit=228%2C110&ssl=1\",\"width\":228,\"height\":110,\"caption\":\"Don Baraton\"},\"image\":{\"@id\":\"https:\\\/\\\/donbaraton.es\\\/#\\\/schema\\\/logo\\\/image\\\/\"},\"sameAs\":[\"https:\\\/\\\/www.facebook.com\\\/donbaraton.es\",\"https:\\\/\\\/x.com\\\/don_baraton\",\"https:\\\/\\\/www.instagram.com\\\/donbaraton.es\",\"https:\\\/\\\/www.linkedin.com\\\/company\\\/donbaraton\\\/\",\"https:\\\/\\\/es.pinterest.com\\\/donbaraton\\\/\",\"https:\\\/\\\/www.youtube.com\\\/channel\\\/UCL02HOwx-F759Jq5MedAZfQ\"]}]}<\/script>\n<!-- \/ Yoast SEO plugin. -->","yoast_head_json":{"title":"Company - Don Baraton: tienda de sof\u00e1s, muebles y colchones","robots":{"index":"index","follow":"follow","max-snippet":"max-snippet:-1","max-image-preview":"max-image-preview:large","max-video-preview":"max-video-preview:-1"},"canonical":"https:\/\/donbaraton.es\/en\/company\/","og_locale":"en_GB","og_type":"article","og_title":"Company - Don Baraton: tienda de sof\u00e1s, muebles y colchones","og_description":"Hello, friends, my name is Don Baraton! &nbsp; Perhaps, you have never heard about me, so let&#8217;s fix that. I will tell you my story. I came from a wonderland called Baratonia, where everything is different \u2013 people don\u2019t believe in fairytales about brands, they don\u2019t overpay for a pretend high quality of a product [&hellip;]","og_url":"https:\/\/donbaraton.es\/en\/company\/","og_site_name":"Don Baraton: tienda de sof\u00e1s, muebles y colchones","article_publisher":"https:\/\/www.facebook.com\/donbaraton.es","article_modified_time":"2017-03-03T01:44:08+00:00","og_image":[{"url":"https:\/\/donbaraton.es\/wp-content\/uploads\/2017\/03\/Don_Baraton_Home-137x300.png","type":"","width":"","height":""}],"twitter_card":"summary_large_image","twitter_site":"@don_baraton","twitter_misc":{"Estimated reading time":"3 minutes"},"schema":{"@context":"https:\/\/schema.org","@graph":[{"@type":"WebPage","@id":"https:\/\/donbaraton.es\/en\/company\/","url":"https:\/\/donbaraton.es\/en\/company\/","name":"Company - Don Baraton: tienda de sof\u00e1s, muebles y colchones","isPartOf":{"@id":"https:\/\/donbaraton.es\/#website"},"primaryImageOfPage":{"@id":"https:\/\/donbaraton.es\/en\/company\/#primaryimage"},"image":{"@id":"https:\/\/donbaraton.es\/en\/company\/#primaryimage"},"thumbnailUrl":"https:\/\/donbaraton.es\/wp-content\/uploads\/2017\/03\/Don_Baraton_Home-137x300.png","datePublished":"2016-10-21T04:51:40+00:00","dateModified":"2017-03-03T01:44:08+00:00","breadcrumb":{"@id":"https:\/\/donbaraton.es\/en\/company\/#breadcrumb"},"inLanguage":"en-GB","potentialAction":[{"@type":"ReadAction","target":["https:\/\/donbaraton.es\/en\/company\/"]}]},{"@type":"ImageObject","inLanguage":"en-GB","@id":"https:\/\/donbaraton.es\/en\/company\/#primaryimage","url":"https:\/\/donbaraton.es\/wp-content\/uploads\/2017\/03\/Don_Baraton_Home-137x300.png","contentUrl":"https:\/\/donbaraton.es\/wp-content\/uploads\/2017\/03\/Don_Baraton_Home-137x300.png"},{"@type":"BreadcrumbList","@id":"https:\/\/donbaraton.es\/en\/company\/#breadcrumb","itemListElement":[{"@type":"ListItem","position":1,"name":"Portada","item":"https:\/\/donbaraton.es\/en\/"},{"@type":"ListItem","position":2,"name":"Company"}]},{"@type":"WebSite","@id":"https:\/\/donbaraton.es\/#website","url":"https:\/\/donbaraton.es\/","name":"Don Baraton: tienda de sof\u00e1s, muebles y colchones","description":"Sofas baratos desde el almac\u00e9n en Almorad\u00ed, Alicante","publisher":{"@id":"https:\/\/donbaraton.es\/#organization"},"potentialAction":[{"@type":"SearchAction","target":{"@type":"EntryPoint","urlTemplate":"https:\/\/donbaraton.es\/?s={search_term_string}"},"query-input":{"@type":"PropertyValueSpecification","valueRequired":true,"valueName":"search_term_string"}}],"inLanguage":"en-GB"},{"@type":"Organization","@id":"https:\/\/donbaraton.es\/#organization","name":"Don Baraton","url":"https:\/\/donbaraton.es\/","logo":{"@type":"ImageObject","inLanguage":"en-GB","@id":"https:\/\/donbaraton.es\/#\/schema\/logo\/image\/","url":"https:\/\/i0.wp.com\/donbaraton.es\/wp-content\/uploads\/2016\/11\/logo_don_baraton.png?fit=228%2C110&ssl=1","contentUrl":"https:\/\/i0.wp.com\/donbaraton.es\/wp-content\/uploads\/2016\/11\/logo_don_baraton.png?fit=228%2C110&ssl=1","width":228,"height":110,"caption":"Don Baraton"},"image":{"@id":"https:\/\/donbaraton.es\/#\/schema\/logo\/image\/"},"sameAs":["https:\/\/www.facebook.com\/donbaraton.es","https:\/\/x.com\/don_baraton","https:\/\/www.instagram.com\/donbaraton.es","https:\/\/www.linkedin.com\/company\/donbaraton\/","https:\/\/es.pinterest.com\/donbaraton\/","https:\/\/www.youtube.com\/channel\/UCL02HOwx-F759Jq5MedAZfQ"]}]}},"_links":{"self":[{"href":"https:\/\/donbaraton.es\/en\/wp-json\/wp\/v2\/pages\/26","targetHints":{"allow":["GET"]}}],"collection":[{"href":"https:\/\/donbaraton.es\/en\/wp-json\/wp\/v2\/pages"}],"about":[{"href":"https:\/\/donbaraton.es\/en\/wp-json\/wp\/v2\/types\/page"}],"author":[{"embeddable":true,"href":"https:\/\/donbaraton.es\/en\/wp-json\/wp\/v2\/users\/3"}],"replies":[{"embeddable":true,"href":"https:\/\/donbaraton.es\/en\/wp-json\/wp\/v2\/comments?post=26"}],"version-history":[{"count":0,"href":"https:\/\/donbaraton.es\/en\/wp-json\/wp\/v2\/pages\/26\/revisions"}],"wp:attachment":[{"href":"https:\/\/donbaraton.es\/en\/wp-json\/wp\/v2\/media?parent=26"}],"curies":[{"name":"wp","href":"https:\/\/api.w.org\/{rel}","templated":true}]}}