{"id":308,"date":"2016-11-09T23:27:53","date_gmt":"2016-11-09T23:27:53","guid":{"rendered":"https:\/\/donbaraton.es\/en\/?page_id=308"},"modified":"2018-04-10T15:30:32","modified_gmt":"2018-04-10T13:30:32","slug":"terms-conditions","status":"publish","type":"page","link":"https:\/\/donbaraton.es\/en\/terms-conditions\/","title":{"rendered":"Terms and Conditions of Use"},"content":{"rendered":"<p>The donbaraton.es website is owned and maintained by EVRASUNION S.L., a company registered in Spain with the following registration details:<\/p>\n<p>&#8211; Legal address: Calle Tierra, Urb.Vista Mar, VI, num.3, puerta 57, 03189, Orihuela (Alicante),<br \/>\n&#8211; Fiscal Identification Number (CIF) &#8211; B54847132<\/p>\n<p>These terms and conditions govern your use of the donbaraton.es website (\u201cthe Website\u201d). By using the Website you agree to these Terms and Conditions. You must not use the Website if you don\u2019t agree with these Terms and Conditions.<\/p>\n<p>Copyright<\/p>\n<p>All rights are reserved. Unless otherwise stated EVRASUNION SL and\/or its licensors own the copyright in the Website and the content of the Website. You must not copy any material from the Website without a written consent of EVRASUNION S.L.<\/p>\n<p>You can make quotations (as defined by the copyright laws) from the Website and publish them online. The quotations must be accompanied by a hyperlink to the page with the content (or to the root domain) and must contain the name of the Website \u2013 \u201cDon Baraton\u201d.<\/p>\n<p>You agree that when using the Website you will not infringe any intellectual property rights of third parties.<\/p>\n<p>Acceptable use<\/p>\n<p>You agree that you will not use the Website unlawful, illegal, fraudulent or harmful, or in connection with any unlawful, illegal, fraudulent or harmful purpose or activity.<\/p>\n<p>You agree that you won\u2019t use the Website in any way that causes, or may cause, damage to the Website or limit the accessibility of the website.<\/p>\n<p>You agree that you will not use the Website to distribute any kind of malicious software.<\/p>\n<p>Privacy policy<\/p>\n<p>By using this website you also agree to our privacy policy.<\/p>\n<p>Revisions<\/p>\n<p>EVRASUNION S.L. has the right to change these Terms and Conditions and the privacy policy at any time without prior notice. In such case we will publish the date of the last revision at the bottom of this page. We will also add the word \u201cupdated\u201d to the end of the title of this page and keep it there for 7 days after the changes had been made. You agree that this form of notice is satisfactory. By continuing to use the website after the date of the changes you agree to the the new Terms and Conditions.<\/p>\n<p>Law and jurisdiction<\/p>\n<p>These terms and conditions will be governed by Spanish law. Any disputes will be subject to the exclusive jurisdiction of the courts of Orihuela, Spain.<\/p>\n<p>Published: 19-Apr-2017<\/p>\n","protected":false},"excerpt":{"rendered":"<p>The donbaraton.es website is owned and maintained by EVRASUNION S.L., a company registered in Spain with the following registration details: &#8211; Legal address: Calle Tierra, Urb.Vista Mar, VI, num.3, puerta 57, 03189, Orihuela (Alicante), &#8211; Fiscal Identification Number (CIF) &#8211; B54847132 These terms and conditions govern your use of the donbaraton.es website (\u201cthe Website\u201d). By [&hellip;]<\/p>\n","protected":false},"author":3,"featured_media":0,"parent":0,"menu_order":0,"comment_status":"closed","ping_status":"closed","template":"","meta":{"_et_pb_use_builder":"","_et_pb_old_content":"","_et_gb_content_width":"","footnotes":""},"class_list":["post-308","page","type-page","status-publish","hentry"],"yoast_head":"<!-- This site is optimized with the Yoast SEO plugin v27.2 - https:\/\/yoast.com\/product\/yoast-seo-wordpress\/ -->\n<title>Terms and Conditions of Use - Don Baraton: tienda de sof\u00e1s, muebles y colchones<\/title>\n<meta name=\"robots\" content=\"index, follow, max-snippet:-1, max-image-preview:large, max-video-preview:-1\" \/>\n<link rel=\"canonical\" href=\"https:\/\/donbaraton.es\/en\/terms-conditions\/\" \/>\n<meta property=\"og:locale\" content=\"en_GB\" \/>\n<meta property=\"og:type\" content=\"article\" \/>\n<meta property=\"og:title\" content=\"Terms and Conditions of Use - Don Baraton: tienda de sof\u00e1s, muebles y colchones\" \/>\n<meta property=\"og:description\" content=\"The donbaraton.es website is owned and maintained by EVRASUNION S.L., a company registered in Spain with the following registration details: &#8211; Legal address: Calle Tierra, Urb.Vista Mar, VI, num.3, puerta 57, 03189, Orihuela (Alicante), &#8211; Fiscal Identification Number (CIF) &#8211; B54847132 These terms and conditions govern your use of the donbaraton.es website (\u201cthe Website\u201d). By [&hellip;]\" \/>\n<meta property=\"og:url\" content=\"https:\/\/donbaraton.es\/en\/terms-conditions\/\" \/>\n<meta property=\"og:site_name\" content=\"Don Baraton: tienda de sof\u00e1s, muebles y colchones\" \/>\n<meta property=\"article:publisher\" content=\"https:\/\/www.facebook.com\/donbaraton.es\" \/>\n<meta property=\"article:modified_time\" content=\"2018-04-10T13:30:32+00:00\" \/>\n<meta name=\"twitter:card\" content=\"summary_large_image\" \/>\n<meta name=\"twitter:site\" content=\"@don_baraton\" \/>\n<meta name=\"twitter:label1\" content=\"Estimated reading time\" \/>\n\t<meta name=\"twitter:data1\" content=\"2 minutes\" \/>\n<script type=\"application\/ld+json\" class=\"yoast-schema-graph\">{\"@context\":\"https:\/\/schema.org\",\"@graph\":[{\"@type\":\"WebPage\",\"@id\":\"https:\/\/donbaraton.es\/en\/terms-conditions\/\",\"url\":\"https:\/\/donbaraton.es\/en\/terms-conditions\/\",\"name\":\"Terms and Conditions of Use - Don Baraton: tienda de sof\u00e1s, muebles y colchones\",\"isPartOf\":{\"@id\":\"https:\/\/donbaraton.es\/#website\"},\"datePublished\":\"2016-11-09T23:27:53+00:00\",\"dateModified\":\"2018-04-10T13:30:32+00:00\",\"breadcrumb\":{\"@id\":\"https:\/\/donbaraton.es\/en\/terms-conditions\/#breadcrumb\"},\"inLanguage\":\"en-GB\",\"potentialAction\":[{\"@type\":\"ReadAction\",\"target\":[\"https:\/\/donbaraton.es\/en\/terms-conditions\/\"]}]},{\"@type\":\"BreadcrumbList\",\"@id\":\"https:\/\/donbaraton.es\/en\/terms-conditions\/#breadcrumb\",\"itemListElement\":[{\"@type\":\"ListItem\",\"position\":1,\"name\":\"Portada\",\"item\":\"https:\/\/donbaraton.es\/en\/\"},{\"@type\":\"ListItem\",\"position\":2,\"name\":\"Terms and Conditions of Use\"}]},{\"@type\":\"WebSite\",\"@id\":\"https:\/\/donbaraton.es\/#website\",\"url\":\"https:\/\/donbaraton.es\/\",\"name\":\"Don Baraton: tienda de sof\u00e1s, muebles y colchones\",\"description\":\"Sofas baratos desde el almac\u00e9n en Almorad\u00ed, Alicante\",\"publisher\":{\"@id\":\"https:\/\/donbaraton.es\/#organization\"},\"potentialAction\":[{\"@type\":\"SearchAction\",\"target\":{\"@type\":\"EntryPoint\",\"urlTemplate\":\"https:\/\/donbaraton.es\/?s={search_term_string}\"},\"query-input\":{\"@type\":\"PropertyValueSpecification\",\"valueRequired\":true,\"valueName\":\"search_term_string\"}}],\"inLanguage\":\"en-GB\"},{\"@type\":\"Organization\",\"@id\":\"https:\/\/donbaraton.es\/#organization\",\"name\":\"Don Baraton\",\"url\":\"https:\/\/donbaraton.es\/\",\"logo\":{\"@type\":\"ImageObject\",\"inLanguage\":\"en-GB\",\"@id\":\"https:\/\/donbaraton.es\/#\/schema\/logo\/image\/\",\"url\":\"https:\/\/i0.wp.com\/donbaraton.es\/wp-content\/uploads\/2016\/11\/logo_don_baraton.png?fit=228%2C110&ssl=1\",\"contentUrl\":\"https:\/\/i0.wp.com\/donbaraton.es\/wp-content\/uploads\/2016\/11\/logo_don_baraton.png?fit=228%2C110&ssl=1\",\"width\":228,\"height\":110,\"caption\":\"Don Baraton\"},\"image\":{\"@id\":\"https:\/\/donbaraton.es\/#\/schema\/logo\/image\/\"},\"sameAs\":[\"https:\/\/www.facebook.com\/donbaraton.es\",\"https:\/\/x.com\/don_baraton\",\"https:\/\/www.instagram.com\/donbaraton.es\",\"https:\/\/www.linkedin.com\/company\/donbaraton\/\",\"https:\/\/es.pinterest.com\/donbaraton\/\",\"https:\/\/www.youtube.com\/channel\/UCL02HOwx-F759Jq5MedAZfQ\"]}]}<\/script>\n<!-- \/ Yoast SEO plugin. -->","yoast_head_json":{"title":"Terms and Conditions of Use - Don Baraton: tienda de sof\u00e1s, muebles y colchones","robots":{"index":"index","follow":"follow","max-snippet":"max-snippet:-1","max-image-preview":"max-image-preview:large","max-video-preview":"max-video-preview:-1"},"canonical":"https:\/\/donbaraton.es\/en\/terms-conditions\/","og_locale":"en_GB","og_type":"article","og_title":"Terms and Conditions of Use - Don Baraton: tienda de sof\u00e1s, muebles y colchones","og_description":"The donbaraton.es website is owned and maintained by EVRASUNION S.L., a company registered in Spain with the following registration details: &#8211; Legal address: Calle Tierra, Urb.Vista Mar, VI, num.3, puerta 57, 03189, Orihuela (Alicante), &#8211; Fiscal Identification Number (CIF) &#8211; B54847132 These terms and conditions govern your use of the donbaraton.es website (\u201cthe Website\u201d). By [&hellip;]","og_url":"https:\/\/donbaraton.es\/en\/terms-conditions\/","og_site_name":"Don Baraton: tienda de sof\u00e1s, muebles y colchones","article_publisher":"https:\/\/www.facebook.com\/donbaraton.es","article_modified_time":"2018-04-10T13:30:32+00:00","twitter_card":"summary_large_image","twitter_site":"@don_baraton","twitter_misc":{"Estimated reading time":"2 minutes"},"schema":{"@context":"https:\/\/schema.org","@graph":[{"@type":"WebPage","@id":"https:\/\/donbaraton.es\/en\/terms-conditions\/","url":"https:\/\/donbaraton.es\/en\/terms-conditions\/","name":"Terms and Conditions of Use - Don Baraton: tienda de sof\u00e1s, muebles y colchones","isPartOf":{"@id":"https:\/\/donbaraton.es\/#website"},"datePublished":"2016-11-09T23:27:53+00:00","dateModified":"2018-04-10T13:30:32+00:00","breadcrumb":{"@id":"https:\/\/donbaraton.es\/en\/terms-conditions\/#breadcrumb"},"inLanguage":"en-GB","potentialAction":[{"@type":"ReadAction","target":["https:\/\/donbaraton.es\/en\/terms-conditions\/"]}]},{"@type":"BreadcrumbList","@id":"https:\/\/donbaraton.es\/en\/terms-conditions\/#breadcrumb","itemListElement":[{"@type":"ListItem","position":1,"name":"Portada","item":"https:\/\/donbaraton.es\/en\/"},{"@type":"ListItem","position":2,"name":"Terms and Conditions of Use"}]},{"@type":"WebSite","@id":"https:\/\/donbaraton.es\/#website","url":"https:\/\/donbaraton.es\/","name":"Don Baraton: tienda de sof\u00e1s, muebles y colchones","description":"Sofas baratos desde el almac\u00e9n en Almorad\u00ed, Alicante","publisher":{"@id":"https:\/\/donbaraton.es\/#organization"},"potentialAction":[{"@type":"SearchAction","target":{"@type":"EntryPoint","urlTemplate":"https:\/\/donbaraton.es\/?s={search_term_string}"},"query-input":{"@type":"PropertyValueSpecification","valueRequired":true,"valueName":"search_term_string"}}],"inLanguage":"en-GB"},{"@type":"Organization","@id":"https:\/\/donbaraton.es\/#organization","name":"Don Baraton","url":"https:\/\/donbaraton.es\/","logo":{"@type":"ImageObject","inLanguage":"en-GB","@id":"https:\/\/donbaraton.es\/#\/schema\/logo\/image\/","url":"https:\/\/i0.wp.com\/donbaraton.es\/wp-content\/uploads\/2016\/11\/logo_don_baraton.png?fit=228%2C110&ssl=1","contentUrl":"https:\/\/i0.wp.com\/donbaraton.es\/wp-content\/uploads\/2016\/11\/logo_don_baraton.png?fit=228%2C110&ssl=1","width":228,"height":110,"caption":"Don Baraton"},"image":{"@id":"https:\/\/donbaraton.es\/#\/schema\/logo\/image\/"},"sameAs":["https:\/\/www.facebook.com\/donbaraton.es","https:\/\/x.com\/don_baraton","https:\/\/www.instagram.com\/donbaraton.es","https:\/\/www.linkedin.com\/company\/donbaraton\/","https:\/\/es.pinterest.com\/donbaraton\/","https:\/\/www.youtube.com\/channel\/UCL02HOwx-F759Jq5MedAZfQ"]}]}},"_links":{"self":[{"href":"https:\/\/donbaraton.es\/en\/wp-json\/wp\/v2\/pages\/308","targetHints":{"allow":["GET"]}}],"collection":[{"href":"https:\/\/donbaraton.es\/en\/wp-json\/wp\/v2\/pages"}],"about":[{"href":"https:\/\/donbaraton.es\/en\/wp-json\/wp\/v2\/types\/page"}],"author":[{"embeddable":true,"href":"https:\/\/donbaraton.es\/en\/wp-json\/wp\/v2\/users\/3"}],"replies":[{"embeddable":true,"href":"https:\/\/donbaraton.es\/en\/wp-json\/wp\/v2\/comments?post=308"}],"version-history":[{"count":0,"href":"https:\/\/donbaraton.es\/en\/wp-json\/wp\/v2\/pages\/308\/revisions"}],"wp:attachment":[{"href":"https:\/\/donbaraton.es\/en\/wp-json\/wp\/v2\/media?parent=308"}],"curies":[{"name":"wp","href":"https:\/\/api.w.org\/{rel}","templated":true}]}}