{"id":33152,"date":"2021-06-19T23:32:39","date_gmt":"2021-06-19T21:32:39","guid":{"rendered":"https:\/\/donbaraton.es\/sofas-mattresses-and-furniture-store-don-baraton-elche\/"},"modified":"2021-06-20T01:20:50","modified_gmt":"2021-06-19T23:20:50","slug":"elche","status":"publish","type":"page","link":"https:\/\/donbaraton.es\/en\/elche\/","title":{"rendered":"Sofas, Mattresses and Furniture Store \u2013 Don Baraton Elche"},"content":{"rendered":"\n<figure class=\"wp-block-image size-large\"><a href=\"https:\/\/www.google.com\/maps\/place\/Don+Baraton+Elche\/@38.2523929,-0.7737971,15z\/data=!4m5!3m4!1s0x0:0x5e8c7f3899413173!8m2!3d38.2523929!4d-0.7737971\"><img loading=\"lazy\" decoding=\"async\" width=\"1000\" height=\"750\" src=\"https:\/\/donbaraton.es\/wp-content\/uploads\/2021\/06\/Dentro-de-la-tienda-de-sofas-colchones-y-muebles-Don-Baraton-Elche.jpg\" alt=\"\" class=\"wp-image-33121\" srcset=\"https:\/\/donbaraton.es\/wp-content\/uploads\/2021\/06\/Dentro-de-la-tienda-de-sofas-colchones-y-muebles-Don-Baraton-Elche.jpg 1000w, https:\/\/donbaraton.es\/wp-content\/uploads\/2021\/06\/Dentro-de-la-tienda-de-sofas-colchones-y-muebles-Don-Baraton-Elche-980x735.jpg 980w, https:\/\/donbaraton.es\/wp-content\/uploads\/2021\/06\/Dentro-de-la-tienda-de-sofas-colchones-y-muebles-Don-Baraton-Elche-480x360.jpg 480w\" sizes=\"(min-width: 0px) and (max-width: 480px) 480px, (min-width: 481px) and (max-width: 980px) 980px, (min-width: 981px) 1000px, 100vw\" \/><\/a><\/figure>\n\n<p><p><strong>Phone: <\/strong>+34 634 167 957 (Nicolas)<\/p><\/p>\n\n<p><p><strong>Address:<\/strong> Carretera Elche &#8211; Crevillente, N 340, km 711 (Alicante), Spain (<a href=\"https:\/\/www.google.com\/maps\/place\/Don+Baraton+Elche\/@38.2523929,-0.7737971,15z\/data=!4m5!3m4!1s0x0:0x5e8c7f3899413173!8m2!3d38.2523929!4d-0.7737971\">click here for driving directions on mobile<\/a>)<\/p><\/p>\n\n<p><p><strong>Opening hours:<\/strong> Monday \u2013 Friday: 10am \u2013 8pm, Saturday: 10am \u2013 20pm <strong>Floor space:<\/strong> 1000 m2<\/p><\/p>\n\n<p>All our products can be found on the website. Please click the button below to choose and order your sofa online:<\/p>\n\n<p><\/p>\n\n<div class=\"wp-block-buttons is-content-justification-center is-layout-flex wp-block-buttons-is-layout-flex\">\n<div class=\"wp-block-button is-style-fill\"><a class=\"wp-block-button__link has-white-color has-vivid-green-cyan-background-color has-text-color has-background\" href=\"https:\/\/donbaraton.es\/en\/shop\/\" style=\"border-radius:4px\">View sofas<\/a><\/div>\n<\/div>\n\n<p class=\"has-text-align-center\"><p><strong>Questions? Please send us a message:<\/strong><\/p><\/p>\n\n<div class=\"wp-block-buttons is-content-justification-center is-layout-flex wp-block-buttons-is-layout-flex\">\n<div class=\"wp-block-button is-style-fill\"><a class=\"wp-block-button__link has-white-color has-vivid-green-cyan-background-color has-text-color has-background\" href=\"https:\/\/donbaraton.es\/en\/contact\/\" style=\"border-radius:4px\">Contact<\/a><\/div>\n<\/div>\n\n<p>Our shop in Elche sells inexpensive leather sofas, fabric sofas, sofas with chaise longue, corner sofas, beds, sofa beds, memory foam mattresses (single, double and queen double), headboards, armchairs, wardrobes, shoe cabinets, chests of drawers and other furniture items.<\/p>\n\n<figure class=\"wp-block-image size-large\"><a href=\"https:\/\/www.google.com\/maps\/place\/Don+Baraton+Elche\/@38.2523929,-0.7737971,15z\/data=!4m5!3m4!1s0x0:0x5e8c7f3899413173!8m2!3d38.2523929!4d-0.7737971\"><img loading=\"lazy\" decoding=\"async\" width=\"1000\" height=\"561\" src=\"https:\/\/donbaraton.es\/wp-content\/uploads\/2021\/06\/Fachada.-Tienda-de-sofas-colchones-y-muebles-Don-Baraton-Elche.jpg\" alt=\"\" class=\"wp-image-33135\" srcset=\"https:\/\/donbaraton.es\/wp-content\/uploads\/2021\/06\/Fachada.-Tienda-de-sofas-colchones-y-muebles-Don-Baraton-Elche.jpg 1000w, https:\/\/donbaraton.es\/wp-content\/uploads\/2021\/06\/Fachada.-Tienda-de-sofas-colchones-y-muebles-Don-Baraton-Elche-980x550.jpg 980w, https:\/\/donbaraton.es\/wp-content\/uploads\/2021\/06\/Fachada.-Tienda-de-sofas-colchones-y-muebles-Don-Baraton-Elche-480x269.jpg 480w\" sizes=\"(min-width: 0px) and (max-width: 480px) 480px, (min-width: 481px) and (max-width: 980px) 980px, (min-width: 981px) 1000px, 100vw\" \/><\/a><\/figure>\n\n<p class=\"has-text-align-center\"><p><strong>Location on Google Maps:<\/strong><\/p><\/p>\n<iframe src=\"https:\/\/www.google.com\/maps\/embed?pb=!1m14!1m8!1m3!1d12532.674861234087!2d-0.7737971!3d38.2523929!3m2!1i1024!2i768!4f13.1!3m3!1m2!1s0x0%3A0x5e8c7f3899413173!2sDon%20Baraton%20Elche!5e0!3m2!1sen!2sru!4v1624064513844!5m2!1sen!2sru\" width=\"600\" height=\"450\" style=\"border:0;\" allowfullscreen=\"\" loading=\"lazy\"><\/iframe>\r\n\n<p><\/p>\n","protected":false},"excerpt":{"rendered":"<p>Phone: +34 634 167 957 (Nicolas) Address: Carretera Elche &#8211; Crevillente, N 340, km 711 (Alicante), Spain (click here for driving directions on mobile) Opening hours: Monday \u2013 Friday: 10am \u2013 8pm, Saturday: 10am \u2013 20pm Floor space: 1000 m2 All our products can be found on the website. Please click the button below to [&hellip;]<\/p>\n","protected":false},"author":3,"featured_media":0,"parent":0,"menu_order":0,"comment_status":"closed","ping_status":"closed","template":"","meta":{"_et_pb_use_builder":"off","_et_pb_old_content":"","_et_gb_content_width":"","footnotes":""},"class_list":["post-33152","page","type-page","status-publish","hentry"],"yoast_head":"<!-- This site is optimized with the Yoast SEO plugin v27.2 - https:\/\/yoast.com\/product\/yoast-seo-wordpress\/ -->\n<title>Sofas, Mattresses and Furniture Store \u2013 Don Baraton Elche - Don Baraton: tienda de sof\u00e1s, muebles y colchones<\/title>\n<meta name=\"robots\" content=\"index, follow, max-snippet:-1, max-image-preview:large, max-video-preview:-1\" \/>\n<link rel=\"canonical\" href=\"https:\/\/donbaraton.es\/en\/elche\/\" \/>\n<meta property=\"og:locale\" content=\"en_GB\" \/>\n<meta property=\"og:type\" content=\"article\" \/>\n<meta property=\"og:title\" content=\"Sofas, Mattresses and Furniture Store \u2013 Don Baraton Elche - Don Baraton: tienda de sof\u00e1s, muebles y colchones\" \/>\n<meta property=\"og:description\" content=\"Phone: +34 634 167 957 (Nicolas) Address: Carretera Elche &#8211; Crevillente, N 340, km 711 (Alicante), Spain (click here for driving directions on mobile) Opening hours: Monday \u2013 Friday: 10am \u2013 8pm, Saturday: 10am \u2013 20pm Floor space: 1000 m2 All our products can be found on the website. Please click the button below to [&hellip;]\" \/>\n<meta property=\"og:url\" content=\"https:\/\/donbaraton.es\/en\/elche\/\" \/>\n<meta property=\"og:site_name\" content=\"Don Baraton: tienda de sof\u00e1s, muebles y colchones\" \/>\n<meta property=\"article:publisher\" content=\"https:\/\/www.facebook.com\/donbaraton.es\" \/>\n<meta property=\"article:modified_time\" content=\"2021-06-19T23:20:50+00:00\" \/>\n<meta property=\"og:image\" content=\"https:\/\/donbaraton.es\/wp-content\/uploads\/2021\/06\/Dentro-de-la-tienda-de-sofas-colchones-y-muebles-Don-Baraton-Elche.jpg\" \/>\n<meta name=\"twitter:card\" content=\"summary_large_image\" \/>\n<meta name=\"twitter:site\" content=\"@don_baraton\" \/>\n<meta name=\"twitter:label1\" content=\"Estimated reading time\" \/>\n\t<meta name=\"twitter:data1\" content=\"1 minute\" \/>\n<script type=\"application\/ld+json\" class=\"yoast-schema-graph\">{\"@context\":\"https:\/\/schema.org\",\"@graph\":[{\"@type\":\"WebPage\",\"@id\":\"https:\/\/donbaraton.es\/en\/elche\/\",\"url\":\"https:\/\/donbaraton.es\/en\/elche\/\",\"name\":\"Sofas, Mattresses and Furniture Store \u2013 Don Baraton Elche - Don Baraton: tienda de sof\u00e1s, muebles y colchones\",\"isPartOf\":{\"@id\":\"https:\/\/donbaraton.es\/#website\"},\"primaryImageOfPage\":{\"@id\":\"https:\/\/donbaraton.es\/en\/elche\/#primaryimage\"},\"image\":{\"@id\":\"https:\/\/donbaraton.es\/en\/elche\/#primaryimage\"},\"thumbnailUrl\":\"https:\/\/donbaraton.es\/wp-content\/uploads\/2021\/06\/Dentro-de-la-tienda-de-sofas-colchones-y-muebles-Don-Baraton-Elche.jpg\",\"datePublished\":\"2021-06-19T21:32:39+00:00\",\"dateModified\":\"2021-06-19T23:20:50+00:00\",\"breadcrumb\":{\"@id\":\"https:\/\/donbaraton.es\/en\/elche\/#breadcrumb\"},\"inLanguage\":\"en-GB\",\"potentialAction\":[{\"@type\":\"ReadAction\",\"target\":[\"https:\/\/donbaraton.es\/en\/elche\/\"]}]},{\"@type\":\"ImageObject\",\"inLanguage\":\"en-GB\",\"@id\":\"https:\/\/donbaraton.es\/en\/elche\/#primaryimage\",\"url\":\"https:\/\/donbaraton.es\/wp-content\/uploads\/2021\/06\/Dentro-de-la-tienda-de-sofas-colchones-y-muebles-Don-Baraton-Elche.jpg\",\"contentUrl\":\"https:\/\/donbaraton.es\/wp-content\/uploads\/2021\/06\/Dentro-de-la-tienda-de-sofas-colchones-y-muebles-Don-Baraton-Elche.jpg\"},{\"@type\":\"BreadcrumbList\",\"@id\":\"https:\/\/donbaraton.es\/en\/elche\/#breadcrumb\",\"itemListElement\":[{\"@type\":\"ListItem\",\"position\":1,\"name\":\"Portada\",\"item\":\"https:\/\/donbaraton.es\/en\/\"},{\"@type\":\"ListItem\",\"position\":2,\"name\":\"Sofas, Mattresses and Furniture Store \u2013 Don Baraton Elche\"}]},{\"@type\":\"WebSite\",\"@id\":\"https:\/\/donbaraton.es\/#website\",\"url\":\"https:\/\/donbaraton.es\/\",\"name\":\"Don Baraton: tienda de sof\u00e1s, muebles y colchones\",\"description\":\"Sofas baratos desde el almac\u00e9n en Almorad\u00ed, Alicante\",\"publisher\":{\"@id\":\"https:\/\/donbaraton.es\/#organization\"},\"potentialAction\":[{\"@type\":\"SearchAction\",\"target\":{\"@type\":\"EntryPoint\",\"urlTemplate\":\"https:\/\/donbaraton.es\/?s={search_term_string}\"},\"query-input\":{\"@type\":\"PropertyValueSpecification\",\"valueRequired\":true,\"valueName\":\"search_term_string\"}}],\"inLanguage\":\"en-GB\"},{\"@type\":\"Organization\",\"@id\":\"https:\/\/donbaraton.es\/#organization\",\"name\":\"Don Baraton\",\"url\":\"https:\/\/donbaraton.es\/\",\"logo\":{\"@type\":\"ImageObject\",\"inLanguage\":\"en-GB\",\"@id\":\"https:\/\/donbaraton.es\/#\/schema\/logo\/image\/\",\"url\":\"https:\/\/i0.wp.com\/donbaraton.es\/wp-content\/uploads\/2016\/11\/logo_don_baraton.png?fit=228%2C110&ssl=1\",\"contentUrl\":\"https:\/\/i0.wp.com\/donbaraton.es\/wp-content\/uploads\/2016\/11\/logo_don_baraton.png?fit=228%2C110&ssl=1\",\"width\":228,\"height\":110,\"caption\":\"Don Baraton\"},\"image\":{\"@id\":\"https:\/\/donbaraton.es\/#\/schema\/logo\/image\/\"},\"sameAs\":[\"https:\/\/www.facebook.com\/donbaraton.es\",\"https:\/\/x.com\/don_baraton\",\"https:\/\/www.instagram.com\/donbaraton.es\",\"https:\/\/www.linkedin.com\/company\/donbaraton\/\",\"https:\/\/es.pinterest.com\/donbaraton\/\",\"https:\/\/www.youtube.com\/channel\/UCL02HOwx-F759Jq5MedAZfQ\"]}]}<\/script>\n<!-- \/ Yoast SEO plugin. -->","yoast_head_json":{"title":"Sofas, Mattresses and Furniture Store \u2013 Don Baraton Elche - Don Baraton: tienda de sof\u00e1s, muebles y colchones","robots":{"index":"index","follow":"follow","max-snippet":"max-snippet:-1","max-image-preview":"max-image-preview:large","max-video-preview":"max-video-preview:-1"},"canonical":"https:\/\/donbaraton.es\/en\/elche\/","og_locale":"en_GB","og_type":"article","og_title":"Sofas, Mattresses and Furniture Store \u2013 Don Baraton Elche - Don Baraton: tienda de sof\u00e1s, muebles y colchones","og_description":"Phone: +34 634 167 957 (Nicolas) Address: Carretera Elche &#8211; Crevillente, N 340, km 711 (Alicante), Spain (click here for driving directions on mobile) Opening hours: Monday \u2013 Friday: 10am \u2013 8pm, Saturday: 10am \u2013 20pm Floor space: 1000 m2 All our products can be found on the website. Please click the button below to [&hellip;]","og_url":"https:\/\/donbaraton.es\/en\/elche\/","og_site_name":"Don Baraton: tienda de sof\u00e1s, muebles y colchones","article_publisher":"https:\/\/www.facebook.com\/donbaraton.es","article_modified_time":"2021-06-19T23:20:50+00:00","og_image":[{"url":"https:\/\/donbaraton.es\/wp-content\/uploads\/2021\/06\/Dentro-de-la-tienda-de-sofas-colchones-y-muebles-Don-Baraton-Elche.jpg","type":"","width":"","height":""}],"twitter_card":"summary_large_image","twitter_site":"@don_baraton","twitter_misc":{"Estimated reading time":"1 minute"},"schema":{"@context":"https:\/\/schema.org","@graph":[{"@type":"WebPage","@id":"https:\/\/donbaraton.es\/en\/elche\/","url":"https:\/\/donbaraton.es\/en\/elche\/","name":"Sofas, Mattresses and Furniture Store \u2013 Don Baraton Elche - Don Baraton: tienda de sof\u00e1s, muebles y colchones","isPartOf":{"@id":"https:\/\/donbaraton.es\/#website"},"primaryImageOfPage":{"@id":"https:\/\/donbaraton.es\/en\/elche\/#primaryimage"},"image":{"@id":"https:\/\/donbaraton.es\/en\/elche\/#primaryimage"},"thumbnailUrl":"https:\/\/donbaraton.es\/wp-content\/uploads\/2021\/06\/Dentro-de-la-tienda-de-sofas-colchones-y-muebles-Don-Baraton-Elche.jpg","datePublished":"2021-06-19T21:32:39+00:00","dateModified":"2021-06-19T23:20:50+00:00","breadcrumb":{"@id":"https:\/\/donbaraton.es\/en\/elche\/#breadcrumb"},"inLanguage":"en-GB","potentialAction":[{"@type":"ReadAction","target":["https:\/\/donbaraton.es\/en\/elche\/"]}]},{"@type":"ImageObject","inLanguage":"en-GB","@id":"https:\/\/donbaraton.es\/en\/elche\/#primaryimage","url":"https:\/\/donbaraton.es\/wp-content\/uploads\/2021\/06\/Dentro-de-la-tienda-de-sofas-colchones-y-muebles-Don-Baraton-Elche.jpg","contentUrl":"https:\/\/donbaraton.es\/wp-content\/uploads\/2021\/06\/Dentro-de-la-tienda-de-sofas-colchones-y-muebles-Don-Baraton-Elche.jpg"},{"@type":"BreadcrumbList","@id":"https:\/\/donbaraton.es\/en\/elche\/#breadcrumb","itemListElement":[{"@type":"ListItem","position":1,"name":"Portada","item":"https:\/\/donbaraton.es\/en\/"},{"@type":"ListItem","position":2,"name":"Sofas, Mattresses and Furniture Store \u2013 Don Baraton Elche"}]},{"@type":"WebSite","@id":"https:\/\/donbaraton.es\/#website","url":"https:\/\/donbaraton.es\/","name":"Don Baraton: tienda de sof\u00e1s, muebles y colchones","description":"Sofas baratos desde el almac\u00e9n en Almorad\u00ed, Alicante","publisher":{"@id":"https:\/\/donbaraton.es\/#organization"},"potentialAction":[{"@type":"SearchAction","target":{"@type":"EntryPoint","urlTemplate":"https:\/\/donbaraton.es\/?s={search_term_string}"},"query-input":{"@type":"PropertyValueSpecification","valueRequired":true,"valueName":"search_term_string"}}],"inLanguage":"en-GB"},{"@type":"Organization","@id":"https:\/\/donbaraton.es\/#organization","name":"Don Baraton","url":"https:\/\/donbaraton.es\/","logo":{"@type":"ImageObject","inLanguage":"en-GB","@id":"https:\/\/donbaraton.es\/#\/schema\/logo\/image\/","url":"https:\/\/i0.wp.com\/donbaraton.es\/wp-content\/uploads\/2016\/11\/logo_don_baraton.png?fit=228%2C110&ssl=1","contentUrl":"https:\/\/i0.wp.com\/donbaraton.es\/wp-content\/uploads\/2016\/11\/logo_don_baraton.png?fit=228%2C110&ssl=1","width":228,"height":110,"caption":"Don Baraton"},"image":{"@id":"https:\/\/donbaraton.es\/#\/schema\/logo\/image\/"},"sameAs":["https:\/\/www.facebook.com\/donbaraton.es","https:\/\/x.com\/don_baraton","https:\/\/www.instagram.com\/donbaraton.es","https:\/\/www.linkedin.com\/company\/donbaraton\/","https:\/\/es.pinterest.com\/donbaraton\/","https:\/\/www.youtube.com\/channel\/UCL02HOwx-F759Jq5MedAZfQ"]}]}},"_links":{"self":[{"href":"https:\/\/donbaraton.es\/en\/wp-json\/wp\/v2\/pages\/33152","targetHints":{"allow":["GET"]}}],"collection":[{"href":"https:\/\/donbaraton.es\/en\/wp-json\/wp\/v2\/pages"}],"about":[{"href":"https:\/\/donbaraton.es\/en\/wp-json\/wp\/v2\/types\/page"}],"author":[{"embeddable":true,"href":"https:\/\/donbaraton.es\/en\/wp-json\/wp\/v2\/users\/3"}],"replies":[{"embeddable":true,"href":"https:\/\/donbaraton.es\/en\/wp-json\/wp\/v2\/comments?post=33152"}],"version-history":[{"count":3,"href":"https:\/\/donbaraton.es\/en\/wp-json\/wp\/v2\/pages\/33152\/revisions"}],"predecessor-version":[{"id":33160,"href":"https:\/\/donbaraton.es\/en\/wp-json\/wp\/v2\/pages\/33152\/revisions\/33160"}],"wp:attachment":[{"href":"https:\/\/donbaraton.es\/en\/wp-json\/wp\/v2\/media?parent=33152"}],"curies":[{"name":"wp","href":"https:\/\/api.w.org\/{rel}","templated":true}]}}