{"id":34,"date":"2016-10-21T05:01:12","date_gmt":"2016-10-21T05:01:12","guid":{"rendered":"https:\/\/donbaraton.es\/en\/?page_id=34"},"modified":"2020-11-26T17:03:23","modified_gmt":"2020-11-26T16:03:23","slug":"home","status":"publish","type":"page","link":"https:\/\/donbaraton.es\/en\/","title":{"rendered":"Sofa &#038; Furniture Shop &#8211; Sofas, Beds, Mattresses &#8211; Don Baraton"},"content":{"rendered":"<p>[et_pb_section fb_built=&#8221;1&#8243; fullwidth=&#8221;on&#8221; custom_padding_last_edited=&#8221;on|phone&#8221; _builder_version=&#8221;3.22&#8243; custom_padding_tablet=&#8221;50px|0|50px|0&#8243; custom_padding_phone=&#8221;0|0px|0|0px|false|false&#8221; transparent_background=&#8221;off&#8221;][\/et_pb_section][et_pb_section fb_built=&#8221;1&#8243; admin_label=&#8221;Secci\u00f3n&#8221; _builder_version=&#8221;3.22&#8243; custom_padding=&#8221;0|0px|54px|0px|false|false&#8221;][et_pb_row admin_label=&#8221;Fila&#8221; _builder_version=&#8221;3.25&#8243; background_size=&#8221;initial&#8221; background_position=&#8221;top_left&#8221; background_repeat=&#8221;repeat&#8221; width=&#8221;89%&#8221; custom_padding=&#8221;40px|9px|18px|0px|false|false&#8221;][et_pb_column type=&#8221;4_4&#8243; _builder_version=&#8221;3.25&#8243; custom_padding=&#8221;|||&#8221; custom_padding__hover=&#8221;|||&#8221;][et_pb_text admin_label=&#8221;Texto&#8221; _builder_version=&#8221;3.27.4&#8243; background_size=&#8221;initial&#8221; background_position=&#8221;top_left&#8221; background_repeat=&#8221;repeat&#8221; text_orientation=&#8221;center&#8221; module_alignment=&#8221;center&#8221; use_border_color=&#8221;off&#8221; border_color=&#8221;#ffffff&#8221; border_style=&#8221;solid&#8221;]<\/p>\n<h2><strong><span style=\"color: #ff0000;\">Recent\u00a0arrivals<\/span><\/strong><\/h2>\n<p>[\/et_pb_text][et_pb_shop type=&#8221;latest&#8221; admin_label=&#8221;Tienda&#8221; _builder_version=&#8221;4.6.4&#8243; saved_tabs=&#8221;all&#8221;][\/et_pb_shop][et_pb_button button_url=&#8221;https:\/\/donbaraton.es\/en\/cat\/sofas-en\/&#8221; button_text=&#8221;View All Models&#8221; button_alignment=&#8221;center&#8221; _builder_version=&#8221;3.16&#8243; background_layout=&#8221;dark&#8221; animation_style=&#8221;fade&#8221; box_shadow_style=&#8221;preset1&#8243; button_text_size__hover_enabled=&#8221;off&#8221; button_one_text_size__hover_enabled=&#8221;off&#8221; button_two_text_size__hover_enabled=&#8221;off&#8221; button_text_color__hover_enabled=&#8221;off&#8221; button_one_text_color__hover_enabled=&#8221;off&#8221; button_two_text_color__hover_enabled=&#8221;off&#8221; button_border_width__hover_enabled=&#8221;off&#8221; button_one_border_width__hover_enabled=&#8221;off&#8221; button_two_border_width__hover_enabled=&#8221;off&#8221; button_border_color__hover_enabled=&#8221;off&#8221; button_one_border_color__hover_enabled=&#8221;off&#8221; button_two_border_color__hover_enabled=&#8221;off&#8221; button_border_radius__hover_enabled=&#8221;off&#8221; button_one_border_radius__hover_enabled=&#8221;off&#8221; button_two_border_radius__hover_enabled=&#8221;off&#8221; button_letter_spacing__hover_enabled=&#8221;off&#8221; button_one_letter_spacing__hover_enabled=&#8221;off&#8221; button_two_letter_spacing__hover_enabled=&#8221;off&#8221; button_bg_color__hover_enabled=&#8221;off&#8221; button_one_bg_color__hover_enabled=&#8221;off&#8221; button_two_bg_color__hover_enabled=&#8221;off&#8221;][\/et_pb_button][\/et_pb_column][\/et_pb_row][\/et_pb_section]<\/p>\n","protected":false},"excerpt":{"rendered":"<p>Recent\u00a0arrivals<\/p>\n","protected":false},"author":3,"featured_media":0,"parent":0,"menu_order":0,"comment_status":"closed","ping_status":"closed","template":"","meta":{"_et_pb_use_builder":"on","_et_pb_old_content":"<p>[et_pb_section fullwidth=\"on\" specialty=\"off\" admin_label=\"Section\"][et_pb_fullwidth_image admin_label=\"Fullwidth Image\" src=\"https:\/\/donbaraton.es\/wp-content\/uploads\/2016\/10\/Sofa.jpg\" show_in_lightbox=\"off\" url_new_window=\"off\" use_overlay=\"off\" animation=\"left\" use_border_color=\"off\" border_color=\"#ffffff\" border_style=\"solid\" \/][\/et_pb_section][et_pb_section admin_label=\"Section\" fullwidth=\"off\" specialty=\"off\"][et_pb_row admin_label=\"Row\"][et_pb_column type=\"1_3\"][et_pb_image admin_label=\"Image\" src=\"https:\/\/donbaraton.es\/wp-content\/uploads\/2016\/11\/Sofa-cama-con-cheslong.jpg\" show_in_lightbox=\"off\" url_new_window=\"off\" use_overlay=\"off\" animation=\"left\" sticky=\"off\" align=\"left\" force_fullwidth=\"off\" always_center_on_mobile=\"on\" use_border_color=\"off\" border_color=\"#ffffff\" border_style=\"solid\"] [\/et_pb_image][\/et_pb_column][et_pb_column type=\"1_3\"][\/et_pb_column][et_pb_column type=\"1_3\"][\/et_pb_column][\/et_pb_row][\/et_pb_section]<\/p>","_et_gb_content_width":"","footnotes":""},"class_list":["post-34","page","type-page","status-publish","hentry"],"yoast_head":"<!-- This site is optimized with the Yoast SEO plugin v27.2 - https:\/\/yoast.com\/product\/yoast-seo-wordpress\/ -->\n<title>Don Baraton - Sofas, Beds, Mattresses and Furniture in Spain<\/title>\n<meta name=\"description\" content=\"More than 100 sofas in stock and to order! Corner sofas, chaise longue, beds, recliners, memory foam mattresses &amp; much more. Delivery to your home in Spain\" \/>\n<meta name=\"robots\" content=\"index, follow, max-snippet:-1, max-image-preview:large, max-video-preview:-1\" \/>\n<link rel=\"canonical\" href=\"https:\/\/donbaraton.es\/en\/\" \/>\n<meta property=\"og:locale\" content=\"en_GB\" \/>\n<meta property=\"og:type\" content=\"article\" \/>\n<meta property=\"og:title\" content=\"Don Baraton - Sofas, Beds, Mattresses and Furniture in Spain\" \/>\n<meta property=\"og:description\" content=\"More than 100 sofas in stock and to order! Corner sofas, chaise longue, beds, recliners, memory foam mattresses &amp; much more. Delivery to your home in Spain\" \/>\n<meta property=\"og:url\" content=\"https:\/\/donbaraton.es\/en\/\" \/>\n<meta property=\"og:site_name\" content=\"Don Baraton: tienda de sof\u00e1s, muebles y colchones\" \/>\n<meta property=\"article:publisher\" content=\"https:\/\/www.facebook.com\/donbaraton.es\" \/>\n<meta property=\"article:modified_time\" content=\"2020-11-26T16:03:23+00:00\" \/>\n<meta name=\"twitter:card\" content=\"summary_large_image\" \/>\n<meta name=\"twitter:site\" content=\"@don_baraton\" \/>\n<meta name=\"twitter:label1\" content=\"Estimated reading time\" \/>\n\t<meta name=\"twitter:data1\" content=\"2 minutes\" \/>\n<script type=\"application\/ld+json\" class=\"yoast-schema-graph\">{\"@context\":\"https:\/\/schema.org\",\"@graph\":[{\"@type\":\"WebPage\",\"@id\":\"https:\/\/donbaraton.es\/en\/\",\"url\":\"https:\/\/donbaraton.es\/en\/\",\"name\":\"Don Baraton - Sofas, Beds, Mattresses and Furniture in Spain\",\"isPartOf\":{\"@id\":\"https:\/\/donbaraton.es\/#website\"},\"datePublished\":\"2016-10-21T05:01:12+00:00\",\"dateModified\":\"2020-11-26T16:03:23+00:00\",\"description\":\"More than 100 sofas in stock and to order! Corner sofas, chaise longue, beds, recliners, memory foam mattresses & much more. Delivery to your home in Spain\",\"breadcrumb\":{\"@id\":\"https:\/\/donbaraton.es\/en\/#breadcrumb\"},\"inLanguage\":\"en-GB\",\"potentialAction\":[{\"@type\":\"ReadAction\",\"target\":[\"https:\/\/donbaraton.es\/en\/\"]}]},{\"@type\":\"BreadcrumbList\",\"@id\":\"https:\/\/donbaraton.es\/en\/#breadcrumb\",\"itemListElement\":[{\"@type\":\"ListItem\",\"position\":1,\"name\":\"Portada\",\"item\":\"https:\/\/donbaraton.es\/en\/\"},{\"@type\":\"ListItem\",\"position\":2,\"name\":\"Sofa &#038; Furniture Shop &#8211; Sofas, Beds, Mattresses &#8211; Don Baraton\"}]},{\"@type\":\"WebSite\",\"@id\":\"https:\/\/donbaraton.es\/#website\",\"url\":\"https:\/\/donbaraton.es\/\",\"name\":\"Don Baraton: tienda de sof\u00e1s, muebles y colchones\",\"description\":\"Sofas baratos desde el almac\u00e9n en Almorad\u00ed, Alicante\",\"publisher\":{\"@id\":\"https:\/\/donbaraton.es\/#organization\"},\"potentialAction\":[{\"@type\":\"SearchAction\",\"target\":{\"@type\":\"EntryPoint\",\"urlTemplate\":\"https:\/\/donbaraton.es\/?s={search_term_string}\"},\"query-input\":{\"@type\":\"PropertyValueSpecification\",\"valueRequired\":true,\"valueName\":\"search_term_string\"}}],\"inLanguage\":\"en-GB\"},{\"@type\":\"Organization\",\"@id\":\"https:\/\/donbaraton.es\/#organization\",\"name\":\"Don Baraton\",\"url\":\"https:\/\/donbaraton.es\/\",\"logo\":{\"@type\":\"ImageObject\",\"inLanguage\":\"en-GB\",\"@id\":\"https:\/\/donbaraton.es\/#\/schema\/logo\/image\/\",\"url\":\"https:\/\/i0.wp.com\/donbaraton.es\/wp-content\/uploads\/2016\/11\/logo_don_baraton.png?fit=228%2C110&ssl=1\",\"contentUrl\":\"https:\/\/i0.wp.com\/donbaraton.es\/wp-content\/uploads\/2016\/11\/logo_don_baraton.png?fit=228%2C110&ssl=1\",\"width\":228,\"height\":110,\"caption\":\"Don Baraton\"},\"image\":{\"@id\":\"https:\/\/donbaraton.es\/#\/schema\/logo\/image\/\"},\"sameAs\":[\"https:\/\/www.facebook.com\/donbaraton.es\",\"https:\/\/x.com\/don_baraton\",\"https:\/\/www.instagram.com\/donbaraton.es\",\"https:\/\/www.linkedin.com\/company\/donbaraton\/\",\"https:\/\/es.pinterest.com\/donbaraton\/\",\"https:\/\/www.youtube.com\/channel\/UCL02HOwx-F759Jq5MedAZfQ\"]}]}<\/script>\n<!-- \/ Yoast SEO plugin. -->","yoast_head_json":{"title":"Don Baraton - Sofas, Beds, Mattresses and Furniture in Spain","description":"More than 100 sofas in stock and to order! Corner sofas, chaise longue, beds, recliners, memory foam mattresses & much more. Delivery to your home in Spain","robots":{"index":"index","follow":"follow","max-snippet":"max-snippet:-1","max-image-preview":"max-image-preview:large","max-video-preview":"max-video-preview:-1"},"canonical":"https:\/\/donbaraton.es\/en\/","og_locale":"en_GB","og_type":"article","og_title":"Don Baraton - Sofas, Beds, Mattresses and Furniture in Spain","og_description":"More than 100 sofas in stock and to order! Corner sofas, chaise longue, beds, recliners, memory foam mattresses & much more. Delivery to your home in Spain","og_url":"https:\/\/donbaraton.es\/en\/","og_site_name":"Don Baraton: tienda de sof\u00e1s, muebles y colchones","article_publisher":"https:\/\/www.facebook.com\/donbaraton.es","article_modified_time":"2020-11-26T16:03:23+00:00","twitter_card":"summary_large_image","twitter_site":"@don_baraton","twitter_misc":{"Estimated reading time":"2 minutes"},"schema":{"@context":"https:\/\/schema.org","@graph":[{"@type":"WebPage","@id":"https:\/\/donbaraton.es\/en\/","url":"https:\/\/donbaraton.es\/en\/","name":"Don Baraton - Sofas, Beds, Mattresses and Furniture in Spain","isPartOf":{"@id":"https:\/\/donbaraton.es\/#website"},"datePublished":"2016-10-21T05:01:12+00:00","dateModified":"2020-11-26T16:03:23+00:00","description":"More than 100 sofas in stock and to order! Corner sofas, chaise longue, beds, recliners, memory foam mattresses & much more. Delivery to your home in Spain","breadcrumb":{"@id":"https:\/\/donbaraton.es\/en\/#breadcrumb"},"inLanguage":"en-GB","potentialAction":[{"@type":"ReadAction","target":["https:\/\/donbaraton.es\/en\/"]}]},{"@type":"BreadcrumbList","@id":"https:\/\/donbaraton.es\/en\/#breadcrumb","itemListElement":[{"@type":"ListItem","position":1,"name":"Portada","item":"https:\/\/donbaraton.es\/en\/"},{"@type":"ListItem","position":2,"name":"Sofa &#038; Furniture Shop &#8211; Sofas, Beds, Mattresses &#8211; Don Baraton"}]},{"@type":"WebSite","@id":"https:\/\/donbaraton.es\/#website","url":"https:\/\/donbaraton.es\/","name":"Don Baraton: tienda de sof\u00e1s, muebles y colchones","description":"Sofas baratos desde el almac\u00e9n en Almorad\u00ed, Alicante","publisher":{"@id":"https:\/\/donbaraton.es\/#organization"},"potentialAction":[{"@type":"SearchAction","target":{"@type":"EntryPoint","urlTemplate":"https:\/\/donbaraton.es\/?s={search_term_string}"},"query-input":{"@type":"PropertyValueSpecification","valueRequired":true,"valueName":"search_term_string"}}],"inLanguage":"en-GB"},{"@type":"Organization","@id":"https:\/\/donbaraton.es\/#organization","name":"Don Baraton","url":"https:\/\/donbaraton.es\/","logo":{"@type":"ImageObject","inLanguage":"en-GB","@id":"https:\/\/donbaraton.es\/#\/schema\/logo\/image\/","url":"https:\/\/i0.wp.com\/donbaraton.es\/wp-content\/uploads\/2016\/11\/logo_don_baraton.png?fit=228%2C110&ssl=1","contentUrl":"https:\/\/i0.wp.com\/donbaraton.es\/wp-content\/uploads\/2016\/11\/logo_don_baraton.png?fit=228%2C110&ssl=1","width":228,"height":110,"caption":"Don Baraton"},"image":{"@id":"https:\/\/donbaraton.es\/#\/schema\/logo\/image\/"},"sameAs":["https:\/\/www.facebook.com\/donbaraton.es","https:\/\/x.com\/don_baraton","https:\/\/www.instagram.com\/donbaraton.es","https:\/\/www.linkedin.com\/company\/donbaraton\/","https:\/\/es.pinterest.com\/donbaraton\/","https:\/\/www.youtube.com\/channel\/UCL02HOwx-F759Jq5MedAZfQ"]}]}},"_links":{"self":[{"href":"https:\/\/donbaraton.es\/en\/wp-json\/wp\/v2\/pages\/34","targetHints":{"allow":["GET"]}}],"collection":[{"href":"https:\/\/donbaraton.es\/en\/wp-json\/wp\/v2\/pages"}],"about":[{"href":"https:\/\/donbaraton.es\/en\/wp-json\/wp\/v2\/types\/page"}],"author":[{"embeddable":true,"href":"https:\/\/donbaraton.es\/en\/wp-json\/wp\/v2\/users\/3"}],"replies":[{"embeddable":true,"href":"https:\/\/donbaraton.es\/en\/wp-json\/wp\/v2\/comments?post=34"}],"version-history":[{"count":0,"href":"https:\/\/donbaraton.es\/en\/wp-json\/wp\/v2\/pages\/34\/revisions"}],"wp:attachment":[{"href":"https:\/\/donbaraton.es\/en\/wp-json\/wp\/v2\/media?parent=34"}],"curies":[{"name":"wp","href":"https:\/\/api.w.org\/{rel}","templated":true}]}}