{"id":3550,"date":"2017-08-02T19:54:55","date_gmt":"2017-08-02T17:54:55","guid":{"rendered":"https:\/\/donbaraton.es\/?page_id=3550\/"},"modified":"2018-10-16T11:51:37","modified_gmt":"2018-10-16T09:51:37","slug":"benidorm","status":"publish","type":"page","link":"https:\/\/donbaraton.es\/en\/benidorm\/","title":{"rendered":"Sofas, Mattresses, Beds and Furtinure in Benidorm &#8211; Don Baraton"},"content":{"rendered":"<div id=\"attachment_10992\" style=\"width: 322px\" class=\"wp-caption alignleft\"><a href=\"https:\/\/donbaraton.es\/en\/p\/sofa-bed-mattress-madrid\/\"><img loading=\"lazy\" decoding=\"async\" aria-describedby=\"caption-attachment-10992\" class=\"wp-image-10992\" src=\"https:\/\/donbaraton.es\/wp-content\/uploads\/2018\/09\/Sof\u00e1-italiana-apertura-o-sistema-italiana-Madrid.jpg\" alt=\"Sofa Bed Settee with Mattress (&quot;Italian Sofa Bed&quot;) - Madrid. Grey Fabric\" width=\"312\" height=\"244\" srcset=\"https:\/\/donbaraton.es\/wp-content\/uploads\/2018\/09\/Sof\u00e1-italiana-apertura-o-sistema-italiana-Madrid.jpg 724w, https:\/\/donbaraton.es\/wp-content\/uploads\/2018\/09\/Sof\u00e1-italiana-apertura-o-sistema-italiana-Madrid-510x399.jpg 510w, https:\/\/donbaraton.es\/wp-content\/uploads\/2018\/09\/Sof\u00e1-italiana-apertura-o-sistema-italiana-Madrid-300x235.jpg 300w\" sizes=\"(max-width: 312px) 100vw, 312px\" \/><\/a><p id=\"caption-attachment-10992\" class=\"wp-caption-text\">Our sofa bed settee with mattress, a popular item in Benidorm<\/p><\/div>\n<p>Benidorm (the province of <a href=\"https:\/\/donbaraton.es\/en\/alicante\/\">Alicante<\/a>, Spain) is a popular tourist destination that needs lots of sofas during the peak season! Don Baraton is here to help.<\/p>\n<p>Our sofa shop is located just 13 minutes drive (8 kilometers) away from Benidorm city center, on the N-332, just before Altea. Easy to find and easy to park! Please find the directions on our <a href=\"https:\/\/donbaraton.es\/en\/altea\/\">Altea Shop Page<\/a>.<\/p>\n<p>All our items are <strong>in stock, ready for immediate delivery<\/strong>. There&#8217;s no need to wait for days, weeks or months.\u00a0We understand that your time on holidays is precious and limited &#8211; better spend it on the beach than buying stuff.<\/p>\n<p>Browse our corners sofas, sofa-beds, sofas with chaise longue, leather sofas, memory foam mattresses and other furniture items in our\u00a0<span class=\"_KPd\"><a href=\"https:\/\/donbaraton.es\/en\/shop\/\">online shop<\/a>.\u00a0Place the order, pay and get them brought to you and installed without hustle.\u00a0<\/span><\/p>\n<p><span class=\"_KPd\"><strong>Delivery to Benidorm.<\/strong> Orders placed online\u00a0on our website can be delivered to Benidorm within a few hours (please contact us to fix the delivery time convenient to you).\u00a0<\/span>Our delivery rate is <strong>\u20ac59<\/strong>\u00a0(including installation of the new furniture and removal of the old furniture if necessary).<\/p>\n<p><!-- .et_pb_text --><\/p>\n<div class=\"et_pb_button_module_wrapper et_pb_module et_pb_button_alignment_center\"><a class=\"et_pb_button et_pb_button_0 et_pb_module et_pb_bg_layout_dark\" href=\"https:\/\/donbaraton.es\/en\/shop\/\">Shop now!<\/a><!-- .et_pb_row --><\/div>\n<p><!-- .et_pb_column --><\/p>\n<p><!-- .et_pb_section --><\/p>\n<p><strong>Visiting our main warehouse in Almoradi.<\/strong>\u00a0 Some items are not on display in Altea near Benidorm, you can visit us in Almoradi, which is approximately\u00a0<span class=\"_Abe\"><span class=\"_gk _wz\">1 hour drive (<span class=\"_Ex\">96.4\u00a0km<\/span>) <\/span><\/span><span class=\"_KPd\">via AP-7. You can try and buy our sofas, beds, wardrobes, armchairs, tables and other furniture items and we will deliver them the next day. Please find the <a href=\"https:\/\/donbaraton.es\/en\/almoradi\/\">directions here<\/a><\/span><\/p>\n<div id=\"attachment_3823\" style=\"width: 460px\" class=\"wp-caption alignleft\"><img loading=\"lazy\" decoding=\"async\" aria-describedby=\"caption-attachment-3823\" class=\"wp-image-3823\" src=\"https:\/\/donbaraton.es\/wp-content\/uploads\/2017\/08\/Panorama-of-Benidorm-seen-from-our-sofa-delivery-van.jpg\" alt=\"Panorama of Benidorm seen from our sofa delivery van\" width=\"450\" height=\"300\" srcset=\"https:\/\/donbaraton.es\/wp-content\/uploads\/2017\/08\/Panorama-of-Benidorm-seen-from-our-sofa-delivery-van.jpg 900w, https:\/\/donbaraton.es\/wp-content\/uploads\/2017\/08\/Panorama-of-Benidorm-seen-from-our-sofa-delivery-van-510x340.jpg 510w, https:\/\/donbaraton.es\/wp-content\/uploads\/2017\/08\/Panorama-of-Benidorm-seen-from-our-sofa-delivery-van-300x200.jpg 300w, https:\/\/donbaraton.es\/wp-content\/uploads\/2017\/08\/Panorama-of-Benidorm-seen-from-our-sofa-delivery-van-768x512.jpg 768w\" sizes=\"(max-width: 450px) 100vw, 450px\" \/><p id=\"caption-attachment-3823\" class=\"wp-caption-text\">Panorama of &#8220;Beni&#8221; seen from our sofa delivery van<\/p><\/div>\n<p>Our furniture is a great choice if you are looking for something inexpensive and reliable. Costa Blanca is famous for its affordable holidays &#8211; your furniture here can be affordable too!<\/p>\n<p>If you are shopping online outside our business hours &#8211; please add your item to the shopping cart and enter your contact details &#8211; we will get in touch with you soon.<\/p>\n<p>Questions? Please <a href=\"https:\/\/donbaraton.es\/en\/contact\/\">contact us<\/a>, we will be glad to help.<\/p>\n<p>&nbsp;<\/p>\n","protected":false},"excerpt":{"rendered":"<p>Benidorm (the province of Alicante, Spain) is a popular tourist destination that needs lots of sofas during the peak season! Don Baraton is here to help. Our sofa shop is located just 13 minutes drive (8 kilometers) away from Benidorm city center, on the N-332, just before Altea. Easy to find and easy to park! [&hellip;]<\/p>\n","protected":false},"author":3,"featured_media":0,"parent":0,"menu_order":0,"comment_status":"closed","ping_status":"closed","template":"","meta":{"_et_pb_use_builder":"","_et_pb_old_content":"","_et_gb_content_width":"","footnotes":""},"class_list":["post-3550","page","type-page","status-publish","hentry"],"yoast_head":"<!-- This site is optimized with the Yoast SEO plugin v27.5 - https:\/\/yoast.com\/product\/yoast-seo-wordpress\/ -->\n<title>Sofas, Mattresses, Beds and Furtinure in Benidorm - Don Baraton<\/title>\n<meta name=\"description\" content=\"Items in stock, ready for immediate delivery. No need to wait for weeks.\u00a0Delivery rate - \u20ac60, including installation, removal of old furniture if necessary.\" \/>\n<meta name=\"robots\" content=\"index, follow, max-snippet:-1, max-image-preview:large, max-video-preview:-1\" \/>\n<link rel=\"canonical\" href=\"https:\/\/donbaraton.es\/en\/benidorm\/\" \/>\n<meta property=\"og:locale\" content=\"en_GB\" \/>\n<meta property=\"og:type\" content=\"article\" \/>\n<meta property=\"og:title\" content=\"Sofas, Mattresses, Beds and Furtinure in Benidorm - Don Baraton\" \/>\n<meta property=\"og:description\" content=\"Items in stock, ready for immediate delivery. No need to wait for weeks.\u00a0Delivery rate - \u20ac60, including installation, removal of old furniture if necessary.\" \/>\n<meta property=\"og:url\" content=\"https:\/\/donbaraton.es\/en\/benidorm\/\" \/>\n<meta property=\"og:site_name\" content=\"Don Baraton: tienda de sof\u00e1s, muebles y colchones\" \/>\n<meta property=\"article:publisher\" content=\"https:\/\/www.facebook.com\/donbaraton.es\" \/>\n<meta property=\"article:modified_time\" content=\"2018-10-16T09:51:37+00:00\" \/>\n<meta property=\"og:image\" content=\"https:\/\/donbaraton.es\/wp-content\/uploads\/2018\/09\/Sof\u00e1-italiana-apertura-o-sistema-italiana-Madrid.jpg\" \/>\n<meta name=\"twitter:card\" content=\"summary_large_image\" \/>\n<meta name=\"twitter:site\" content=\"@don_baraton\" \/>\n<meta name=\"twitter:label1\" content=\"Estimated reading time\" \/>\n\t<meta name=\"twitter:data1\" content=\"2 minutes\" \/>\n<script type=\"application\/ld+json\" class=\"yoast-schema-graph\">{\"@context\":\"https:\\\/\\\/schema.org\",\"@graph\":[{\"@type\":\"WebPage\",\"@id\":\"https:\\\/\\\/donbaraton.es\\\/en\\\/benidorm\\\/\",\"url\":\"https:\\\/\\\/donbaraton.es\\\/en\\\/benidorm\\\/\",\"name\":\"Sofas, Mattresses, Beds and Furtinure in Benidorm - Don Baraton\",\"isPartOf\":{\"@id\":\"https:\\\/\\\/donbaraton.es\\\/#website\"},\"primaryImageOfPage\":{\"@id\":\"https:\\\/\\\/donbaraton.es\\\/en\\\/benidorm\\\/#primaryimage\"},\"image\":{\"@id\":\"https:\\\/\\\/donbaraton.es\\\/en\\\/benidorm\\\/#primaryimage\"},\"thumbnailUrl\":\"https:\\\/\\\/donbaraton.es\\\/wp-content\\\/uploads\\\/2017\\\/08\\\/Panorama-of-Benidorm-seen-from-our-sofa-delivery-van.jpg\",\"datePublished\":\"2017-08-02T17:54:55+00:00\",\"dateModified\":\"2018-10-16T09:51:37+00:00\",\"description\":\"Items in stock, ready for immediate delivery. No need to wait for weeks.\u00a0Delivery rate - \u20ac60, including installation, removal of old furniture if necessary.\",\"breadcrumb\":{\"@id\":\"https:\\\/\\\/donbaraton.es\\\/en\\\/benidorm\\\/#breadcrumb\"},\"inLanguage\":\"en-GB\",\"potentialAction\":[{\"@type\":\"ReadAction\",\"target\":[\"https:\\\/\\\/donbaraton.es\\\/en\\\/benidorm\\\/\"]}]},{\"@type\":\"ImageObject\",\"inLanguage\":\"en-GB\",\"@id\":\"https:\\\/\\\/donbaraton.es\\\/en\\\/benidorm\\\/#primaryimage\",\"url\":\"https:\\\/\\\/donbaraton.es\\\/wp-content\\\/uploads\\\/2017\\\/08\\\/Panorama-of-Benidorm-seen-from-our-sofa-delivery-van.jpg\",\"contentUrl\":\"https:\\\/\\\/donbaraton.es\\\/wp-content\\\/uploads\\\/2017\\\/08\\\/Panorama-of-Benidorm-seen-from-our-sofa-delivery-van.jpg\"},{\"@type\":\"BreadcrumbList\",\"@id\":\"https:\\\/\\\/donbaraton.es\\\/en\\\/benidorm\\\/#breadcrumb\",\"itemListElement\":[{\"@type\":\"ListItem\",\"position\":1,\"name\":\"Portada\",\"item\":\"https:\\\/\\\/donbaraton.es\\\/en\\\/\"},{\"@type\":\"ListItem\",\"position\":2,\"name\":\"Sofas, Mattresses, Beds and Furtinure in Benidorm &#8211; Don Baraton\"}]},{\"@type\":\"WebSite\",\"@id\":\"https:\\\/\\\/donbaraton.es\\\/#website\",\"url\":\"https:\\\/\\\/donbaraton.es\\\/\",\"name\":\"Don Baraton: tienda de sof\u00e1s, muebles y colchones\",\"description\":\"Sofas baratos desde el almac\u00e9n en Almorad\u00ed, Alicante\",\"publisher\":{\"@id\":\"https:\\\/\\\/donbaraton.es\\\/#organization\"},\"potentialAction\":[{\"@type\":\"SearchAction\",\"target\":{\"@type\":\"EntryPoint\",\"urlTemplate\":\"https:\\\/\\\/donbaraton.es\\\/?s={search_term_string}\"},\"query-input\":{\"@type\":\"PropertyValueSpecification\",\"valueRequired\":true,\"valueName\":\"search_term_string\"}}],\"inLanguage\":\"en-GB\"},{\"@type\":\"Organization\",\"@id\":\"https:\\\/\\\/donbaraton.es\\\/#organization\",\"name\":\"Don Baraton\",\"url\":\"https:\\\/\\\/donbaraton.es\\\/\",\"logo\":{\"@type\":\"ImageObject\",\"inLanguage\":\"en-GB\",\"@id\":\"https:\\\/\\\/donbaraton.es\\\/#\\\/schema\\\/logo\\\/image\\\/\",\"url\":\"https:\\\/\\\/i0.wp.com\\\/donbaraton.es\\\/wp-content\\\/uploads\\\/2016\\\/11\\\/logo_don_baraton.png?fit=228%2C110&ssl=1\",\"contentUrl\":\"https:\\\/\\\/i0.wp.com\\\/donbaraton.es\\\/wp-content\\\/uploads\\\/2016\\\/11\\\/logo_don_baraton.png?fit=228%2C110&ssl=1\",\"width\":228,\"height\":110,\"caption\":\"Don Baraton\"},\"image\":{\"@id\":\"https:\\\/\\\/donbaraton.es\\\/#\\\/schema\\\/logo\\\/image\\\/\"},\"sameAs\":[\"https:\\\/\\\/www.facebook.com\\\/donbaraton.es\",\"https:\\\/\\\/x.com\\\/don_baraton\",\"https:\\\/\\\/www.instagram.com\\\/donbaraton.es\",\"https:\\\/\\\/www.linkedin.com\\\/company\\\/donbaraton\\\/\",\"https:\\\/\\\/es.pinterest.com\\\/donbaraton\\\/\",\"https:\\\/\\\/www.youtube.com\\\/channel\\\/UCL02HOwx-F759Jq5MedAZfQ\"]}]}<\/script>\n<!-- \/ Yoast SEO plugin. -->","yoast_head_json":{"title":"Sofas, Mattresses, Beds and Furtinure in Benidorm - Don Baraton","description":"Items in stock, ready for immediate delivery. No need to wait for weeks.\u00a0Delivery rate - \u20ac60, including installation, removal of old furniture if necessary.","robots":{"index":"index","follow":"follow","max-snippet":"max-snippet:-1","max-image-preview":"max-image-preview:large","max-video-preview":"max-video-preview:-1"},"canonical":"https:\/\/donbaraton.es\/en\/benidorm\/","og_locale":"en_GB","og_type":"article","og_title":"Sofas, Mattresses, Beds and Furtinure in Benidorm - Don Baraton","og_description":"Items in stock, ready for immediate delivery. No need to wait for weeks.\u00a0Delivery rate - \u20ac60, including installation, removal of old furniture if necessary.","og_url":"https:\/\/donbaraton.es\/en\/benidorm\/","og_site_name":"Don Baraton: tienda de sof\u00e1s, muebles y colchones","article_publisher":"https:\/\/www.facebook.com\/donbaraton.es","article_modified_time":"2018-10-16T09:51:37+00:00","og_image":[{"url":"https:\/\/donbaraton.es\/wp-content\/uploads\/2018\/09\/Sof\u00e1-italiana-apertura-o-sistema-italiana-Madrid.jpg","type":"","width":"","height":""}],"twitter_card":"summary_large_image","twitter_site":"@don_baraton","twitter_misc":{"Estimated reading time":"2 minutes"},"schema":{"@context":"https:\/\/schema.org","@graph":[{"@type":"WebPage","@id":"https:\/\/donbaraton.es\/en\/benidorm\/","url":"https:\/\/donbaraton.es\/en\/benidorm\/","name":"Sofas, Mattresses, Beds and Furtinure in Benidorm - Don Baraton","isPartOf":{"@id":"https:\/\/donbaraton.es\/#website"},"primaryImageOfPage":{"@id":"https:\/\/donbaraton.es\/en\/benidorm\/#primaryimage"},"image":{"@id":"https:\/\/donbaraton.es\/en\/benidorm\/#primaryimage"},"thumbnailUrl":"https:\/\/donbaraton.es\/wp-content\/uploads\/2017\/08\/Panorama-of-Benidorm-seen-from-our-sofa-delivery-van.jpg","datePublished":"2017-08-02T17:54:55+00:00","dateModified":"2018-10-16T09:51:37+00:00","description":"Items in stock, ready for immediate delivery. No need to wait for weeks.\u00a0Delivery rate - \u20ac60, including installation, removal of old furniture if necessary.","breadcrumb":{"@id":"https:\/\/donbaraton.es\/en\/benidorm\/#breadcrumb"},"inLanguage":"en-GB","potentialAction":[{"@type":"ReadAction","target":["https:\/\/donbaraton.es\/en\/benidorm\/"]}]},{"@type":"ImageObject","inLanguage":"en-GB","@id":"https:\/\/donbaraton.es\/en\/benidorm\/#primaryimage","url":"https:\/\/donbaraton.es\/wp-content\/uploads\/2017\/08\/Panorama-of-Benidorm-seen-from-our-sofa-delivery-van.jpg","contentUrl":"https:\/\/donbaraton.es\/wp-content\/uploads\/2017\/08\/Panorama-of-Benidorm-seen-from-our-sofa-delivery-van.jpg"},{"@type":"BreadcrumbList","@id":"https:\/\/donbaraton.es\/en\/benidorm\/#breadcrumb","itemListElement":[{"@type":"ListItem","position":1,"name":"Portada","item":"https:\/\/donbaraton.es\/en\/"},{"@type":"ListItem","position":2,"name":"Sofas, Mattresses, Beds and Furtinure in Benidorm &#8211; Don Baraton"}]},{"@type":"WebSite","@id":"https:\/\/donbaraton.es\/#website","url":"https:\/\/donbaraton.es\/","name":"Don Baraton: tienda de sof\u00e1s, muebles y colchones","description":"Sofas baratos desde el almac\u00e9n en Almorad\u00ed, Alicante","publisher":{"@id":"https:\/\/donbaraton.es\/#organization"},"potentialAction":[{"@type":"SearchAction","target":{"@type":"EntryPoint","urlTemplate":"https:\/\/donbaraton.es\/?s={search_term_string}"},"query-input":{"@type":"PropertyValueSpecification","valueRequired":true,"valueName":"search_term_string"}}],"inLanguage":"en-GB"},{"@type":"Organization","@id":"https:\/\/donbaraton.es\/#organization","name":"Don Baraton","url":"https:\/\/donbaraton.es\/","logo":{"@type":"ImageObject","inLanguage":"en-GB","@id":"https:\/\/donbaraton.es\/#\/schema\/logo\/image\/","url":"https:\/\/i0.wp.com\/donbaraton.es\/wp-content\/uploads\/2016\/11\/logo_don_baraton.png?fit=228%2C110&ssl=1","contentUrl":"https:\/\/i0.wp.com\/donbaraton.es\/wp-content\/uploads\/2016\/11\/logo_don_baraton.png?fit=228%2C110&ssl=1","width":228,"height":110,"caption":"Don Baraton"},"image":{"@id":"https:\/\/donbaraton.es\/#\/schema\/logo\/image\/"},"sameAs":["https:\/\/www.facebook.com\/donbaraton.es","https:\/\/x.com\/don_baraton","https:\/\/www.instagram.com\/donbaraton.es","https:\/\/www.linkedin.com\/company\/donbaraton\/","https:\/\/es.pinterest.com\/donbaraton\/","https:\/\/www.youtube.com\/channel\/UCL02HOwx-F759Jq5MedAZfQ"]}]}},"_links":{"self":[{"href":"https:\/\/donbaraton.es\/en\/wp-json\/wp\/v2\/pages\/3550","targetHints":{"allow":["GET"]}}],"collection":[{"href":"https:\/\/donbaraton.es\/en\/wp-json\/wp\/v2\/pages"}],"about":[{"href":"https:\/\/donbaraton.es\/en\/wp-json\/wp\/v2\/types\/page"}],"author":[{"embeddable":true,"href":"https:\/\/donbaraton.es\/en\/wp-json\/wp\/v2\/users\/3"}],"replies":[{"embeddable":true,"href":"https:\/\/donbaraton.es\/en\/wp-json\/wp\/v2\/comments?post=3550"}],"version-history":[{"count":0,"href":"https:\/\/donbaraton.es\/en\/wp-json\/wp\/v2\/pages\/3550\/revisions"}],"wp:attachment":[{"href":"https:\/\/donbaraton.es\/en\/wp-json\/wp\/v2\/media?parent=3550"}],"curies":[{"name":"wp","href":"https:\/\/api.w.org\/{rel}","templated":true}]}}