{"id":3889,"date":"2017-08-06T19:23:25","date_gmt":"2017-08-06T17:23:25","guid":{"rendered":"https:\/\/donbaraton.es\/?page_id=3889\/"},"modified":"2017-08-08T22:15:51","modified_gmt":"2017-08-08T20:15:51","slug":"denia","status":"publish","type":"page","link":"https:\/\/donbaraton.es\/en\/denia\/","title":{"rendered":"D\u00e9nia Delivery: Sofas, Garden Furniture, Wardrobes, Beds and More!"},"content":{"rendered":"<div id=\"attachment_3891\" style=\"width: 410px\" class=\"wp-caption alignleft\"><img loading=\"lazy\" decoding=\"async\" aria-describedby=\"caption-attachment-3891\" class=\"wp-image-3891\" src=\"https:\/\/donbaraton.es\/wp-content\/uploads\/2017\/08\/A-fabric-corner-sofa-recently-delivered-to-D\u00e9nia-300x225.jpg\" alt=\"A fabric corner sofa recently delivered to D\u00e9nia\" width=\"400\" height=\"300\" srcset=\"https:\/\/donbaraton.es\/wp-content\/uploads\/2017\/08\/A-fabric-corner-sofa-recently-delivered-to-D\u00e9nia-300x225.jpg 300w, https:\/\/donbaraton.es\/wp-content\/uploads\/2017\/08\/A-fabric-corner-sofa-recently-delivered-to-D\u00e9nia-400x300.jpg 400w, https:\/\/donbaraton.es\/wp-content\/uploads\/2017\/08\/A-fabric-corner-sofa-recently-delivered-to-D\u00e9nia-510x382.jpg 510w, https:\/\/donbaraton.es\/wp-content\/uploads\/2017\/08\/A-fabric-corner-sofa-recently-delivered-to-D\u00e9nia-768x576.jpg 768w, https:\/\/donbaraton.es\/wp-content\/uploads\/2017\/08\/A-fabric-corner-sofa-recently-delivered-to-D\u00e9nia.jpg 900w\" sizes=\"(max-width: 400px) 100vw, 400px\" \/><p id=\"caption-attachment-3891\" class=\"wp-caption-text\">A fabric corner sofa recently delivered to D\u00e9nia<\/p><\/div>\n<p><strong>D\u00e9nia,<\/strong> the capital of\u00a0the\u00a0comarca\u00a0of\u00a0Marina Alta, has so much to offer to its visitors and residents! Better enjoy the beeches and the local cuisine than spend your time trying to find a sofa.<\/p>\n<p>Our goal is to save your time and deliver furniture to your home fast and on time. There&#8217;s no need to change your plans &#8211; your order will be there when you tell us, not &#8220;during the day&#8221;. All our items are\u00a0<strong>in stock, ready for immediate delivery<\/strong>.\u00a0There\u2019s no need to wait for days, weeks or months.<\/p>\n<p>Just choose your corner sofa, sofa-bed, sofa with chaise longue (real leather, faux leather or fabric) in our\u00a0<span class=\"_KPd\"><strong><a href=\"https:\/\/donbaraton.es\/en\/shop\/\">online furniture shop<\/a>.<\/strong>\u00a0Place the order, make the payment and get the item brought to you and installed.\u00a0<\/span><\/p>\n<p><strong>Delivery to D\u00e9nia.\u00a0<\/strong><span class=\"_KPd\">Orders placed online\u00a0on our website can be delivered to D\u00e9nia within a few hours (please contact us to fix the delivery time convenient to you).\u00a0<\/span>Our delivery fee is\u00a0<strong>\u20ac60<\/strong>\u00a0(including installation of the new furniture and removal of the old furniture if necessary).<\/p>\n<p><!-- .et_pb_text --><\/p>\n<div class=\"et_pb_button_module_wrapper et_pb_module et_pb_button_alignment_center\"><a class=\"et_pb_button et_pb_button_0 et_pb_module et_pb_bg_layout_dark\" href=\"https:\/\/donbaraton.es\/en\/shop\/\">Shop now!<\/a><\/div>\n<p><!-- .et_pb_column --><\/p>\n<p><!-- .et_pb_row --><\/p>\n<p><!-- .et_pb_section --><\/p>\n<p><strong>Visiting our furniture shop.<\/strong>\u00a0We don\u2019t have a store in D\u00e9nia\u00a0but you can visit us in Almoradi if you want to try and see everything yourself before you buy. Our warehouse is approximately 1 h 28 min drive (147 km) from\u00a0D\u00e9nia via AP-7. Toll fee is \u20ac9 one way and \u20ac3.65 one way if you choose to avoid only the heavy traffic near <a href=\"\/?page_id=3908\">Altea<\/a>.\u00a0<span class=\"_KPd\">You can try and buy our sofas, beds, wardrobes, armchairs, tables and other furniture items and we will deliver them the next day. The\u00a0<a href=\"\/?page_id=827\">directions are here.<\/a><\/span><\/p>\n<div id=\"attachment_3896\" style=\"width: 410px\" class=\"wp-caption alignleft\"><img loading=\"lazy\" decoding=\"async\" aria-describedby=\"caption-attachment-3896\" class=\"wp-image-3896\" src=\"https:\/\/donbaraton.es\/wp-content\/uploads\/2017\/08\/Views-from-our-sofa-delivery-van-on-the-way-to-D\u00e9nia-300x225.jpg\" alt=\"Views from our sofa delivery van on the way to D\u00e9nia\" width=\"400\" height=\"300\" srcset=\"https:\/\/donbaraton.es\/wp-content\/uploads\/2017\/08\/Views-from-our-sofa-delivery-van-on-the-way-to-D\u00e9nia-300x225.jpg 300w, https:\/\/donbaraton.es\/wp-content\/uploads\/2017\/08\/Views-from-our-sofa-delivery-van-on-the-way-to-D\u00e9nia-400x300.jpg 400w, https:\/\/donbaraton.es\/wp-content\/uploads\/2017\/08\/Views-from-our-sofa-delivery-van-on-the-way-to-D\u00e9nia-510x382.jpg 510w, https:\/\/donbaraton.es\/wp-content\/uploads\/2017\/08\/Views-from-our-sofa-delivery-van-on-the-way-to-D\u00e9nia-768x576.jpg 768w, https:\/\/donbaraton.es\/wp-content\/uploads\/2017\/08\/Views-from-our-sofa-delivery-van-on-the-way-to-D\u00e9nia.jpg 900w\" sizes=\"(max-width: 400px) 100vw, 400px\" \/><p id=\"caption-attachment-3896\" class=\"wp-caption-text\">Views from our sofa delivery van on the way to D\u00e9nia<\/p><\/div>\n<p>Our furniture is a great choice if you are looking \u00a0for quality at low prices on the Costa Blanca North (or in other areas of the <a href=\"\/?page_id=3915\">Alicante<\/a> Province).<\/p>\n<p>If you are shopping online outside our business hours \u2013 please add your item to the cart and enter your contact details &#8211; we will get in touch with you soon.<\/p>\n<p>Questions? Please\u00a0<a href=\"\/?page_id=49\">contact us<\/a>, we will be glad to help.<\/p>\n","protected":false},"excerpt":{"rendered":"<p>D\u00e9nia, the capital of\u00a0the\u00a0comarca\u00a0of\u00a0Marina Alta, has so much to offer to its visitors and residents! Better enjoy the beeches and the local cuisine than spend your time trying to find a sofa. Our goal is to save your time and deliver furniture to your home fast and on time. There&#8217;s no need to change your [&hellip;]<\/p>\n","protected":false},"author":3,"featured_media":0,"parent":0,"menu_order":0,"comment_status":"closed","ping_status":"closed","template":"","meta":{"_et_pb_use_builder":"","_et_pb_old_content":"","_et_gb_content_width":"","footnotes":""},"class_list":["post-3889","page","type-page","status-publish","hentry"],"yoast_head":"<!-- This site is optimized with the Yoast SEO plugin v27.2 - https:\/\/yoast.com\/product\/yoast-seo-wordpress\/ -->\n<title>D\u00e9nia Delivery: Sofas, Garden Furniture, Wardrobes, Beds and More!<\/title>\n<meta name=\"description\" content=\"Our goal is to save your time and deliver furniture to your home fast and on time. Orders placed online can be delivered to D\u00e9nia within a few hours.\" \/>\n<meta name=\"robots\" content=\"index, follow, max-snippet:-1, max-image-preview:large, max-video-preview:-1\" \/>\n<link rel=\"canonical\" href=\"https:\/\/donbaraton.es\/en\/denia\/\" \/>\n<meta property=\"og:locale\" content=\"en_GB\" \/>\n<meta property=\"og:type\" content=\"article\" \/>\n<meta property=\"og:title\" content=\"D\u00e9nia Delivery: Sofas, Garden Furniture, Wardrobes, Beds and More!\" \/>\n<meta property=\"og:description\" content=\"Our goal is to save your time and deliver furniture to your home fast and on time. Orders placed online can be delivered to D\u00e9nia within a few hours.\" \/>\n<meta property=\"og:url\" content=\"https:\/\/donbaraton.es\/en\/denia\/\" \/>\n<meta property=\"og:site_name\" content=\"Don Baraton: tienda de sof\u00e1s, muebles y colchones\" \/>\n<meta property=\"article:publisher\" content=\"https:\/\/www.facebook.com\/donbaraton.es\" \/>\n<meta property=\"article:modified_time\" content=\"2017-08-08T20:15:51+00:00\" \/>\n<meta property=\"og:image\" content=\"https:\/\/donbaraton.es\/wp-content\/uploads\/2017\/08\/A-fabric-corner-sofa-recently-delivered-to-D\u00e9nia-300x225.jpg\" \/>\n<meta name=\"twitter:card\" content=\"summary_large_image\" \/>\n<meta name=\"twitter:site\" content=\"@don_baraton\" \/>\n<meta name=\"twitter:label1\" content=\"Estimated reading time\" \/>\n\t<meta name=\"twitter:data1\" content=\"2 minutes\" \/>\n<script type=\"application\/ld+json\" class=\"yoast-schema-graph\">{\"@context\":\"https:\/\/schema.org\",\"@graph\":[{\"@type\":\"WebPage\",\"@id\":\"https:\/\/donbaraton.es\/en\/denia\/\",\"url\":\"https:\/\/donbaraton.es\/en\/denia\/\",\"name\":\"D\u00e9nia Delivery: Sofas, Garden Furniture, Wardrobes, Beds and More!\",\"isPartOf\":{\"@id\":\"https:\/\/donbaraton.es\/#website\"},\"datePublished\":\"2017-08-06T17:23:25+00:00\",\"dateModified\":\"2017-08-08T20:15:51+00:00\",\"description\":\"Our goal is to save your time and deliver furniture to your home fast and on time. Orders placed online can be delivered to D\u00e9nia within a few hours.\",\"breadcrumb\":{\"@id\":\"https:\/\/donbaraton.es\/en\/denia\/#breadcrumb\"},\"inLanguage\":\"en-GB\",\"potentialAction\":[{\"@type\":\"ReadAction\",\"target\":[\"https:\/\/donbaraton.es\/en\/denia\/\"]}]},{\"@type\":\"BreadcrumbList\",\"@id\":\"https:\/\/donbaraton.es\/en\/denia\/#breadcrumb\",\"itemListElement\":[{\"@type\":\"ListItem\",\"position\":1,\"name\":\"Portada\",\"item\":\"https:\/\/donbaraton.es\/en\/\"},{\"@type\":\"ListItem\",\"position\":2,\"name\":\"D\u00e9nia Delivery: Sofas, Garden Furniture, Wardrobes, Beds and More!\"}]},{\"@type\":\"WebSite\",\"@id\":\"https:\/\/donbaraton.es\/#website\",\"url\":\"https:\/\/donbaraton.es\/\",\"name\":\"Don Baraton: tienda de sof\u00e1s, muebles y colchones\",\"description\":\"Sofas baratos desde el almac\u00e9n en Almorad\u00ed, Alicante\",\"publisher\":{\"@id\":\"https:\/\/donbaraton.es\/#organization\"},\"potentialAction\":[{\"@type\":\"SearchAction\",\"target\":{\"@type\":\"EntryPoint\",\"urlTemplate\":\"https:\/\/donbaraton.es\/?s={search_term_string}\"},\"query-input\":{\"@type\":\"PropertyValueSpecification\",\"valueRequired\":true,\"valueName\":\"search_term_string\"}}],\"inLanguage\":\"en-GB\"},{\"@type\":\"Organization\",\"@id\":\"https:\/\/donbaraton.es\/#organization\",\"name\":\"Don Baraton\",\"url\":\"https:\/\/donbaraton.es\/\",\"logo\":{\"@type\":\"ImageObject\",\"inLanguage\":\"en-GB\",\"@id\":\"https:\/\/donbaraton.es\/#\/schema\/logo\/image\/\",\"url\":\"https:\/\/i0.wp.com\/donbaraton.es\/wp-content\/uploads\/2016\/11\/logo_don_baraton.png?fit=228%2C110&ssl=1\",\"contentUrl\":\"https:\/\/i0.wp.com\/donbaraton.es\/wp-content\/uploads\/2016\/11\/logo_don_baraton.png?fit=228%2C110&ssl=1\",\"width\":228,\"height\":110,\"caption\":\"Don Baraton\"},\"image\":{\"@id\":\"https:\/\/donbaraton.es\/#\/schema\/logo\/image\/\"},\"sameAs\":[\"https:\/\/www.facebook.com\/donbaraton.es\",\"https:\/\/x.com\/don_baraton\",\"https:\/\/www.instagram.com\/donbaraton.es\",\"https:\/\/www.linkedin.com\/company\/donbaraton\/\",\"https:\/\/es.pinterest.com\/donbaraton\/\",\"https:\/\/www.youtube.com\/channel\/UCL02HOwx-F759Jq5MedAZfQ\"]}]}<\/script>\n<!-- \/ Yoast SEO plugin. -->","yoast_head_json":{"title":"D\u00e9nia Delivery: Sofas, Garden Furniture, Wardrobes, Beds and More!","description":"Our goal is to save your time and deliver furniture to your home fast and on time. Orders placed online can be delivered to D\u00e9nia within a few hours.","robots":{"index":"index","follow":"follow","max-snippet":"max-snippet:-1","max-image-preview":"max-image-preview:large","max-video-preview":"max-video-preview:-1"},"canonical":"https:\/\/donbaraton.es\/en\/denia\/","og_locale":"en_GB","og_type":"article","og_title":"D\u00e9nia Delivery: Sofas, Garden Furniture, Wardrobes, Beds and More!","og_description":"Our goal is to save your time and deliver furniture to your home fast and on time. Orders placed online can be delivered to D\u00e9nia within a few hours.","og_url":"https:\/\/donbaraton.es\/en\/denia\/","og_site_name":"Don Baraton: tienda de sof\u00e1s, muebles y colchones","article_publisher":"https:\/\/www.facebook.com\/donbaraton.es","article_modified_time":"2017-08-08T20:15:51+00:00","og_image":[{"url":"https:\/\/donbaraton.es\/wp-content\/uploads\/2017\/08\/A-fabric-corner-sofa-recently-delivered-to-D\u00e9nia-300x225.jpg","type":"","width":"","height":""}],"twitter_card":"summary_large_image","twitter_site":"@don_baraton","twitter_misc":{"Estimated reading time":"2 minutes"},"schema":{"@context":"https:\/\/schema.org","@graph":[{"@type":"WebPage","@id":"https:\/\/donbaraton.es\/en\/denia\/","url":"https:\/\/donbaraton.es\/en\/denia\/","name":"D\u00e9nia Delivery: Sofas, Garden Furniture, Wardrobes, Beds and More!","isPartOf":{"@id":"https:\/\/donbaraton.es\/#website"},"datePublished":"2017-08-06T17:23:25+00:00","dateModified":"2017-08-08T20:15:51+00:00","description":"Our goal is to save your time and deliver furniture to your home fast and on time. Orders placed online can be delivered to D\u00e9nia within a few hours.","breadcrumb":{"@id":"https:\/\/donbaraton.es\/en\/denia\/#breadcrumb"},"inLanguage":"en-GB","potentialAction":[{"@type":"ReadAction","target":["https:\/\/donbaraton.es\/en\/denia\/"]}]},{"@type":"BreadcrumbList","@id":"https:\/\/donbaraton.es\/en\/denia\/#breadcrumb","itemListElement":[{"@type":"ListItem","position":1,"name":"Portada","item":"https:\/\/donbaraton.es\/en\/"},{"@type":"ListItem","position":2,"name":"D\u00e9nia Delivery: Sofas, Garden Furniture, Wardrobes, Beds and More!"}]},{"@type":"WebSite","@id":"https:\/\/donbaraton.es\/#website","url":"https:\/\/donbaraton.es\/","name":"Don Baraton: tienda de sof\u00e1s, muebles y colchones","description":"Sofas baratos desde el almac\u00e9n en Almorad\u00ed, Alicante","publisher":{"@id":"https:\/\/donbaraton.es\/#organization"},"potentialAction":[{"@type":"SearchAction","target":{"@type":"EntryPoint","urlTemplate":"https:\/\/donbaraton.es\/?s={search_term_string}"},"query-input":{"@type":"PropertyValueSpecification","valueRequired":true,"valueName":"search_term_string"}}],"inLanguage":"en-GB"},{"@type":"Organization","@id":"https:\/\/donbaraton.es\/#organization","name":"Don Baraton","url":"https:\/\/donbaraton.es\/","logo":{"@type":"ImageObject","inLanguage":"en-GB","@id":"https:\/\/donbaraton.es\/#\/schema\/logo\/image\/","url":"https:\/\/i0.wp.com\/donbaraton.es\/wp-content\/uploads\/2016\/11\/logo_don_baraton.png?fit=228%2C110&ssl=1","contentUrl":"https:\/\/i0.wp.com\/donbaraton.es\/wp-content\/uploads\/2016\/11\/logo_don_baraton.png?fit=228%2C110&ssl=1","width":228,"height":110,"caption":"Don Baraton"},"image":{"@id":"https:\/\/donbaraton.es\/#\/schema\/logo\/image\/"},"sameAs":["https:\/\/www.facebook.com\/donbaraton.es","https:\/\/x.com\/don_baraton","https:\/\/www.instagram.com\/donbaraton.es","https:\/\/www.linkedin.com\/company\/donbaraton\/","https:\/\/es.pinterest.com\/donbaraton\/","https:\/\/www.youtube.com\/channel\/UCL02HOwx-F759Jq5MedAZfQ"]}]}},"_links":{"self":[{"href":"https:\/\/donbaraton.es\/en\/wp-json\/wp\/v2\/pages\/3889","targetHints":{"allow":["GET"]}}],"collection":[{"href":"https:\/\/donbaraton.es\/en\/wp-json\/wp\/v2\/pages"}],"about":[{"href":"https:\/\/donbaraton.es\/en\/wp-json\/wp\/v2\/types\/page"}],"author":[{"embeddable":true,"href":"https:\/\/donbaraton.es\/en\/wp-json\/wp\/v2\/users\/3"}],"replies":[{"embeddable":true,"href":"https:\/\/donbaraton.es\/en\/wp-json\/wp\/v2\/comments?post=3889"}],"version-history":[{"count":0,"href":"https:\/\/donbaraton.es\/en\/wp-json\/wp\/v2\/pages\/3889\/revisions"}],"wp:attachment":[{"href":"https:\/\/donbaraton.es\/en\/wp-json\/wp\/v2\/media?parent=3889"}],"curies":[{"name":"wp","href":"https:\/\/api.w.org\/{rel}","templated":true}]}}