{"id":3908,"date":"2018-08-27T21:00:34","date_gmt":"2018-08-27T19:00:34","guid":{"rendered":"https:\/\/donbaraton.es\/?page_id=3908\/"},"modified":"2020-01-18T19:54:56","modified_gmt":"2020-01-18T18:54:56","slug":"altea","status":"publish","type":"page","link":"https:\/\/donbaraton.es\/en\/altea\/","title":{"rendered":"Sofas in Altea &#8211; Don Baraton Furniture Shop"},"content":{"rendered":"<p><strong>Phone: <\/strong>+34\u00a0634 167 957<\/p>\n<p><strong>Address:<\/strong>\u00a0Carrer La Mar 197, local 7, edificio Carbonera, Altea (Alicante), 03590<\/p>\n<p><strong>Opening hours:<\/strong> Monday-Friday: 10:00 &#8211; 20:00\u00a0 <strong>Saturday: <\/strong>10:00 &#8211; 15:00 \u00a0<strong>Floor space:<\/strong>\u00a0290 m2<\/p>\n<p><a class=\"et_pb_button et_pb_button_0 et_pb_module et_pb_bg_layout_dark\" href=\"\/en\/contact\/\">Contact us<\/a><\/p>\n<p><strong>Don Baraton Altea Storefront:<\/strong><\/p>\n<p><img loading=\"lazy\" decoding=\"async\" class=\"alignnone size-full wp-image-10534\" src=\"https:\/\/donbaraton.es\/wp-content\/uploads\/2018\/08\/Sofas-Altea-Don-Baraton.jpg\" alt=\"Sofa Shop in Altea - Don Baraton\" width=\"1000\" height=\"750\" srcset=\"https:\/\/donbaraton.es\/wp-content\/uploads\/2018\/08\/Sofas-Altea-Don-Baraton.jpg 1000w, https:\/\/donbaraton.es\/wp-content\/uploads\/2018\/08\/Sofas-Altea-Don-Baraton-400x300.jpg 400w, https:\/\/donbaraton.es\/wp-content\/uploads\/2018\/08\/Sofas-Altea-Don-Baraton-510x383.jpg 510w, https:\/\/donbaraton.es\/wp-content\/uploads\/2018\/08\/Sofas-Altea-Don-Baraton-300x225.jpg 300w, https:\/\/donbaraton.es\/wp-content\/uploads\/2018\/08\/Sofas-Altea-Don-Baraton-768x576.jpg 768w\" sizes=\"(max-width: 1000px) 100vw, 1000px\" \/><\/p>\n<p>Don Baraton Altea is a sofa shop offering a wide range of sofas &#8211; sofa beds, chaise longue, corner sofas, memory foam mattresses (single, double and queen sized) and much more.<\/p>\n<p>Located on the N-332, our Atea sofa shop is close to Benidorm, Calpe, La Nuc\u00eda, Almafr\u00e1, Alfaz del Pi, L&#8217;Albir, Foya Blanca and Colonia Escandinavia. Easy to and easy to park! We are also not far from Denia, Javea, Moraira, Benissa, Gata de Gogos,\u00a0Villajoyosa and towns of the Costa Blanca North.<\/p>\n<p><strong>Location on Google Maps:<\/strong><\/p>\n<p><iframe loading=\"lazy\" style=\"border: 0;\" src=\"https:\/\/www.google.com\/maps\/embed?pb=!1m18!1m12!1m3!1d3118.544714161527!2d-0.060135849987679874!3d38.590331033842375!2m3!1f0!2f0!3f0!3m2!1i1024!2i768!4f13.1!3m3!1m2!1s0xd6201ac1eb93523%3A0x150b531fa2b89026!2sDon+Baraton+Altea!5e0!3m2!1sen!2ses!4v1535394988596\" width=\"800\" height=\"350\" frameborder=\"0\" allowfullscreen=\"allowfullscreen\"><\/iframe><\/p>\n<p><strong>Video of the Don Baraton furniture shop in Altea:<iframe loading=\"lazy\" src=\"https:\/\/www.youtube.com\/embed\/3oZdt9gM9gQ?rel=0&amp;controls=0&amp;showinfo=0\" width=\"560\" height=\"315\" frameborder=\"0\" allowfullscreen=\"allowfullscreen\"><\/iframe><\/strong><\/p>\n<div id=\"attachment_3922\" style=\"width: 410px\" class=\"wp-caption alignleft\"><img loading=\"lazy\" decoding=\"async\" aria-describedby=\"caption-attachment-3922\" class=\"wp-image-3922\" src=\"https:\/\/donbaraton.es\/wp-content\/uploads\/2017\/08\/Real-leather-sofa-bed-with-chaise-recently-delivered-to-Altea.-Yes-bought-by-a-painter-300x202.jpg\" alt=\"Real leather sofa bed with chaise recently delivered to Altea. Yes, bought by a painter\" width=\"400\" height=\"269\" srcset=\"https:\/\/donbaraton.es\/wp-content\/uploads\/2017\/08\/Real-leather-sofa-bed-with-chaise-recently-delivered-to-Altea.-Yes-bought-by-a-painter-300x202.jpg 300w, https:\/\/donbaraton.es\/wp-content\/uploads\/2017\/08\/Real-leather-sofa-bed-with-chaise-recently-delivered-to-Altea.-Yes-bought-by-a-painter-510x343.jpg 510w, https:\/\/donbaraton.es\/wp-content\/uploads\/2017\/08\/Real-leather-sofa-bed-with-chaise-recently-delivered-to-Altea.-Yes-bought-by-a-painter-768x517.jpg 768w, https:\/\/donbaraton.es\/wp-content\/uploads\/2017\/08\/Real-leather-sofa-bed-with-chaise-recently-delivered-to-Altea.-Yes-bought-by-a-painter.jpg 900w\" sizes=\"(max-width: 400px) 100vw, 400px\" \/><p id=\"caption-attachment-3922\" class=\"wp-caption-text\">Real leather sofa bed with chaise recently delivered to Altea. Yes, bought by a painter<\/p><\/div>\n<p><strong>Altea<\/strong> (<a href=\"\/?page_id=3915\">Alicante<\/a> province) has long been a popular place to visit and live in among painters, writers and\u00a0people of other creative professions.<\/p>\n<p>Now, can you imagine a painter driving around in search of <strong>sofa discounts<\/strong> instead of painting the church of\u00a0<i>La Mare de D\u00e9u del Consol<\/i>? We couldn&#8217;t! That was the reason why we decided to sell and deliver furniture to Altea.<\/p>\n<p>All our furniture is\u00a0<strong>in stock, ready for immediate shipment<\/strong>. There&#8217;s no need to wait for days, weeks or months.<\/p>\n<p>Browse our corners sofas, sofa-beds, sofas with chaise longue, leather sofas and other furniture items in our\u00a0<span class=\"_KPd\"><strong><a href=\"\/en\/shop\/\">online furniture store<\/a><\/strong>.\u00a0Place the order, pay and get them brought to you and installed without hustle.\u00a0<\/span><\/p>\n<p><span class=\"_KPd\"><strong>Delivery in Altea.<\/strong>\u00a0Orders placed online in our online store can be delivered in Altea within a few hours (please contact us to set the delivery time convenient to you). We provide d<\/span>elivery and assembly services as well as the removal\u00a0of old furniture service items if necessary.<\/p>\n<p><!-- .et_pb_text --><\/p>\n<div class=\"et_pb_button_module_wrapper et_pb_module et_pb_button_alignment_center\"><a class=\"et_pb_button et_pb_button_0 et_pb_module et_pb_bg_layout_dark\" href=\"\/en\/shop\/\">Shop now!<\/a><\/div>\n<p><!-- .et_pb_column --><\/p>\n<p><!-- .et_pb_row --><\/p>\n<p><!-- .et_pb_section --><\/p>\n<p><strong>Visiting our furniture warehouse.<\/strong>\u00a0 Some of our products may not be on display in the Altea<span class=\"_KPd\">\u00a0shop. Yo<\/span>u can visit us in Almoradi, which is approximately\u00a0<span class=\"_Abe\"><span class=\"_gk _wz\">1 hour 13 min drive (114<span class=\"_Ex\">\u00a0km<\/span>)\u00a0<\/span><\/span><span class=\"_KPd\">via AP-7 (the route has tolls). You can try and buy our sofas, beds, wardrobes, armchairs, tables and other furniture items and we will deliver them the next day. Please find the\u00a0<a href=\"\/en\/almoradi\/\">directions here<\/a><\/span><\/p>\n<div id=\"attachment_3926\" style=\"width: 410px\" class=\"wp-caption alignleft\"><img loading=\"lazy\" decoding=\"async\" aria-describedby=\"caption-attachment-3926\" class=\"wp-image-3926\" src=\"https:\/\/donbaraton.es\/wp-content\/uploads\/2017\/08\/Views-from-the-furniture-delivery-van.-Altea-Bay-300x169.jpg\" alt=\"Views from the furniture delivery van. Altea Bay\" width=\"400\" height=\"225\" srcset=\"https:\/\/donbaraton.es\/wp-content\/uploads\/2017\/08\/Views-from-the-furniture-delivery-van.-Altea-Bay-300x169.jpg 300w, https:\/\/donbaraton.es\/wp-content\/uploads\/2017\/08\/Views-from-the-furniture-delivery-van.-Altea-Bay-510x287.jpg 510w, https:\/\/donbaraton.es\/wp-content\/uploads\/2017\/08\/Views-from-the-furniture-delivery-van.-Altea-Bay-768x432.jpg 768w, https:\/\/donbaraton.es\/wp-content\/uploads\/2017\/08\/Views-from-the-furniture-delivery-van.-Altea-Bay.jpg 900w\" sizes=\"(max-width: 400px) 100vw, 400px\" \/><p id=\"caption-attachment-3926\" class=\"wp-caption-text\">Views from the furniture delivery van serious. Altea Bay<\/p><\/div>\n<p>Our furniture is a great choice if you are looking for something inexpensive and reliable.<\/p>\n<p>If you are shopping online outside our business hours \u2013 please <strong>add your item to the shopping cart and enter your contact details<\/strong> \u2013 we will get in touch with you soon.<\/p>\n<p><strong>Altea<\/strong> is one of the most beautiful towns on the Costa Blanca and is often referred to as &#8220;the cultural capital of the Valencian region&#8221;. There are certainly better things to do in Altea than spending your time looking for sofas in local shops! We will deliver one for you fast. Why not try painting instead? Seriously.<\/p>\n<p>Questions? Please\u00a0<a href=\"\/en\/contact\/\">contact us<\/a>, we will be glad to assist you.<\/p>\n","protected":false},"excerpt":{"rendered":"<p>Phone: +34\u00a0634 167 957 Address:\u00a0Carrer La Mar 197, local 7, edificio Carbonera, Altea (Alicante), 03590 Opening hours: Monday-Friday: 10:00 &#8211; 20:00\u00a0 Saturday: 10:00 &#8211; 15:00 \u00a0Floor space:\u00a0290 m2 Contact us Don Baraton Altea Storefront: Don Baraton Altea is a sofa shop offering a wide range of sofas &#8211; sofa beds, chaise longue, corner sofas, memory [&hellip;]<\/p>\n","protected":false},"author":3,"featured_media":0,"parent":0,"menu_order":0,"comment_status":"closed","ping_status":"closed","template":"","meta":{"_et_pb_use_builder":"","_et_pb_old_content":"","_et_gb_content_width":"","footnotes":""},"class_list":["post-3908","page","type-page","status-publish","hentry"],"yoast_head":"<!-- This site is optimized with the Yoast SEO plugin v27.2 - https:\/\/yoast.com\/product\/yoast-seo-wordpress\/ -->\n<title>Sofas in Altea - Don Baraton Furniture Shop. Fast Delivery and Assembly!<\/title>\n<meta name=\"description\" content=\"Orders placed online can be delivered to Altea within a few hours. Our goal is to save your time and deliver furniture to your home fast and on time.\" \/>\n<meta name=\"robots\" content=\"index, follow, max-snippet:-1, max-image-preview:large, max-video-preview:-1\" \/>\n<link rel=\"canonical\" href=\"https:\/\/donbaraton.es\/en\/altea\/\" \/>\n<meta property=\"og:locale\" content=\"en_GB\" \/>\n<meta property=\"og:type\" content=\"article\" \/>\n<meta property=\"og:title\" content=\"Sofas in Altea - Don Baraton Furniture Shop. Fast Delivery and Assembly!\" \/>\n<meta property=\"og:description\" content=\"Orders placed online can be delivered to Altea within a few hours. Our goal is to save your time and deliver furniture to your home fast and on time.\" \/>\n<meta property=\"og:url\" content=\"https:\/\/donbaraton.es\/en\/altea\/\" \/>\n<meta property=\"og:site_name\" content=\"Don Baraton: tienda de sof\u00e1s, muebles y colchones\" \/>\n<meta property=\"article:publisher\" content=\"https:\/\/www.facebook.com\/donbaraton.es\" \/>\n<meta property=\"article:modified_time\" content=\"2020-01-18T18:54:56+00:00\" \/>\n<meta property=\"og:image\" content=\"https:\/\/donbaraton.es\/wp-content\/uploads\/2018\/08\/Sofas-Altea-Don-Baraton.jpg\" \/>\n<meta name=\"twitter:card\" content=\"summary_large_image\" \/>\n<meta name=\"twitter:site\" content=\"@don_baraton\" \/>\n<meta name=\"twitter:label1\" content=\"Estimated reading time\" \/>\n\t<meta name=\"twitter:data1\" content=\"3 minutes\" \/>\n<script type=\"application\/ld+json\" class=\"yoast-schema-graph\">{\"@context\":\"https:\/\/schema.org\",\"@graph\":[{\"@type\":\"WebPage\",\"@id\":\"https:\/\/donbaraton.es\/en\/altea\/\",\"url\":\"https:\/\/donbaraton.es\/en\/altea\/\",\"name\":\"Sofas in Altea - Don Baraton Furniture Shop. Fast Delivery and Assembly!\",\"isPartOf\":{\"@id\":\"https:\/\/donbaraton.es\/#website\"},\"primaryImageOfPage\":{\"@id\":\"https:\/\/donbaraton.es\/en\/altea\/#primaryimage\"},\"image\":{\"@id\":\"https:\/\/donbaraton.es\/en\/altea\/#primaryimage\"},\"thumbnailUrl\":\"https:\/\/donbaraton.es\/wp-content\/uploads\/2018\/08\/Sofas-Altea-Don-Baraton.jpg\",\"datePublished\":\"2018-08-27T19:00:34+00:00\",\"dateModified\":\"2020-01-18T18:54:56+00:00\",\"description\":\"Orders placed online can be delivered to Altea within a few hours. Our goal is to save your time and deliver furniture to your home fast and on time.\",\"breadcrumb\":{\"@id\":\"https:\/\/donbaraton.es\/en\/altea\/#breadcrumb\"},\"inLanguage\":\"en-GB\",\"potentialAction\":[{\"@type\":\"ReadAction\",\"target\":[\"https:\/\/donbaraton.es\/en\/altea\/\"]}]},{\"@type\":\"ImageObject\",\"inLanguage\":\"en-GB\",\"@id\":\"https:\/\/donbaraton.es\/en\/altea\/#primaryimage\",\"url\":\"https:\/\/donbaraton.es\/wp-content\/uploads\/2018\/08\/Sofas-Altea-Don-Baraton.jpg\",\"contentUrl\":\"https:\/\/donbaraton.es\/wp-content\/uploads\/2018\/08\/Sofas-Altea-Don-Baraton.jpg\"},{\"@type\":\"BreadcrumbList\",\"@id\":\"https:\/\/donbaraton.es\/en\/altea\/#breadcrumb\",\"itemListElement\":[{\"@type\":\"ListItem\",\"position\":1,\"name\":\"Portada\",\"item\":\"https:\/\/donbaraton.es\/en\/\"},{\"@type\":\"ListItem\",\"position\":2,\"name\":\"Sofas in Altea &#8211; Don Baraton Furniture Shop\"}]},{\"@type\":\"WebSite\",\"@id\":\"https:\/\/donbaraton.es\/#website\",\"url\":\"https:\/\/donbaraton.es\/\",\"name\":\"Don Baraton: tienda de sof\u00e1s, muebles y colchones\",\"description\":\"Sofas baratos desde el almac\u00e9n en Almorad\u00ed, Alicante\",\"publisher\":{\"@id\":\"https:\/\/donbaraton.es\/#organization\"},\"potentialAction\":[{\"@type\":\"SearchAction\",\"target\":{\"@type\":\"EntryPoint\",\"urlTemplate\":\"https:\/\/donbaraton.es\/?s={search_term_string}\"},\"query-input\":{\"@type\":\"PropertyValueSpecification\",\"valueRequired\":true,\"valueName\":\"search_term_string\"}}],\"inLanguage\":\"en-GB\"},{\"@type\":\"Organization\",\"@id\":\"https:\/\/donbaraton.es\/#organization\",\"name\":\"Don Baraton\",\"url\":\"https:\/\/donbaraton.es\/\",\"logo\":{\"@type\":\"ImageObject\",\"inLanguage\":\"en-GB\",\"@id\":\"https:\/\/donbaraton.es\/#\/schema\/logo\/image\/\",\"url\":\"https:\/\/i0.wp.com\/donbaraton.es\/wp-content\/uploads\/2016\/11\/logo_don_baraton.png?fit=228%2C110&ssl=1\",\"contentUrl\":\"https:\/\/i0.wp.com\/donbaraton.es\/wp-content\/uploads\/2016\/11\/logo_don_baraton.png?fit=228%2C110&ssl=1\",\"width\":228,\"height\":110,\"caption\":\"Don Baraton\"},\"image\":{\"@id\":\"https:\/\/donbaraton.es\/#\/schema\/logo\/image\/\"},\"sameAs\":[\"https:\/\/www.facebook.com\/donbaraton.es\",\"https:\/\/x.com\/don_baraton\",\"https:\/\/www.instagram.com\/donbaraton.es\",\"https:\/\/www.linkedin.com\/company\/donbaraton\/\",\"https:\/\/es.pinterest.com\/donbaraton\/\",\"https:\/\/www.youtube.com\/channel\/UCL02HOwx-F759Jq5MedAZfQ\"]}]}<\/script>\n<!-- \/ Yoast SEO plugin. -->","yoast_head_json":{"title":"Sofas in Altea - Don Baraton Furniture Shop. Fast Delivery and Assembly!","description":"Orders placed online can be delivered to Altea within a few hours. Our goal is to save your time and deliver furniture to your home fast and on time.","robots":{"index":"index","follow":"follow","max-snippet":"max-snippet:-1","max-image-preview":"max-image-preview:large","max-video-preview":"max-video-preview:-1"},"canonical":"https:\/\/donbaraton.es\/en\/altea\/","og_locale":"en_GB","og_type":"article","og_title":"Sofas in Altea - Don Baraton Furniture Shop. Fast Delivery and Assembly!","og_description":"Orders placed online can be delivered to Altea within a few hours. Our goal is to save your time and deliver furniture to your home fast and on time.","og_url":"https:\/\/donbaraton.es\/en\/altea\/","og_site_name":"Don Baraton: tienda de sof\u00e1s, muebles y colchones","article_publisher":"https:\/\/www.facebook.com\/donbaraton.es","article_modified_time":"2020-01-18T18:54:56+00:00","og_image":[{"url":"https:\/\/donbaraton.es\/wp-content\/uploads\/2018\/08\/Sofas-Altea-Don-Baraton.jpg","type":"","width":"","height":""}],"twitter_card":"summary_large_image","twitter_site":"@don_baraton","twitter_misc":{"Estimated reading time":"3 minutes"},"schema":{"@context":"https:\/\/schema.org","@graph":[{"@type":"WebPage","@id":"https:\/\/donbaraton.es\/en\/altea\/","url":"https:\/\/donbaraton.es\/en\/altea\/","name":"Sofas in Altea - Don Baraton Furniture Shop. Fast Delivery and Assembly!","isPartOf":{"@id":"https:\/\/donbaraton.es\/#website"},"primaryImageOfPage":{"@id":"https:\/\/donbaraton.es\/en\/altea\/#primaryimage"},"image":{"@id":"https:\/\/donbaraton.es\/en\/altea\/#primaryimage"},"thumbnailUrl":"https:\/\/donbaraton.es\/wp-content\/uploads\/2018\/08\/Sofas-Altea-Don-Baraton.jpg","datePublished":"2018-08-27T19:00:34+00:00","dateModified":"2020-01-18T18:54:56+00:00","description":"Orders placed online can be delivered to Altea within a few hours. Our goal is to save your time and deliver furniture to your home fast and on time.","breadcrumb":{"@id":"https:\/\/donbaraton.es\/en\/altea\/#breadcrumb"},"inLanguage":"en-GB","potentialAction":[{"@type":"ReadAction","target":["https:\/\/donbaraton.es\/en\/altea\/"]}]},{"@type":"ImageObject","inLanguage":"en-GB","@id":"https:\/\/donbaraton.es\/en\/altea\/#primaryimage","url":"https:\/\/donbaraton.es\/wp-content\/uploads\/2018\/08\/Sofas-Altea-Don-Baraton.jpg","contentUrl":"https:\/\/donbaraton.es\/wp-content\/uploads\/2018\/08\/Sofas-Altea-Don-Baraton.jpg"},{"@type":"BreadcrumbList","@id":"https:\/\/donbaraton.es\/en\/altea\/#breadcrumb","itemListElement":[{"@type":"ListItem","position":1,"name":"Portada","item":"https:\/\/donbaraton.es\/en\/"},{"@type":"ListItem","position":2,"name":"Sofas in Altea &#8211; Don Baraton Furniture Shop"}]},{"@type":"WebSite","@id":"https:\/\/donbaraton.es\/#website","url":"https:\/\/donbaraton.es\/","name":"Don Baraton: tienda de sof\u00e1s, muebles y colchones","description":"Sofas baratos desde el almac\u00e9n en Almorad\u00ed, Alicante","publisher":{"@id":"https:\/\/donbaraton.es\/#organization"},"potentialAction":[{"@type":"SearchAction","target":{"@type":"EntryPoint","urlTemplate":"https:\/\/donbaraton.es\/?s={search_term_string}"},"query-input":{"@type":"PropertyValueSpecification","valueRequired":true,"valueName":"search_term_string"}}],"inLanguage":"en-GB"},{"@type":"Organization","@id":"https:\/\/donbaraton.es\/#organization","name":"Don Baraton","url":"https:\/\/donbaraton.es\/","logo":{"@type":"ImageObject","inLanguage":"en-GB","@id":"https:\/\/donbaraton.es\/#\/schema\/logo\/image\/","url":"https:\/\/i0.wp.com\/donbaraton.es\/wp-content\/uploads\/2016\/11\/logo_don_baraton.png?fit=228%2C110&ssl=1","contentUrl":"https:\/\/i0.wp.com\/donbaraton.es\/wp-content\/uploads\/2016\/11\/logo_don_baraton.png?fit=228%2C110&ssl=1","width":228,"height":110,"caption":"Don Baraton"},"image":{"@id":"https:\/\/donbaraton.es\/#\/schema\/logo\/image\/"},"sameAs":["https:\/\/www.facebook.com\/donbaraton.es","https:\/\/x.com\/don_baraton","https:\/\/www.instagram.com\/donbaraton.es","https:\/\/www.linkedin.com\/company\/donbaraton\/","https:\/\/es.pinterest.com\/donbaraton\/","https:\/\/www.youtube.com\/channel\/UCL02HOwx-F759Jq5MedAZfQ"]}]}},"_links":{"self":[{"href":"https:\/\/donbaraton.es\/en\/wp-json\/wp\/v2\/pages\/3908","targetHints":{"allow":["GET"]}}],"collection":[{"href":"https:\/\/donbaraton.es\/en\/wp-json\/wp\/v2\/pages"}],"about":[{"href":"https:\/\/donbaraton.es\/en\/wp-json\/wp\/v2\/types\/page"}],"author":[{"embeddable":true,"href":"https:\/\/donbaraton.es\/en\/wp-json\/wp\/v2\/users\/3"}],"replies":[{"embeddable":true,"href":"https:\/\/donbaraton.es\/en\/wp-json\/wp\/v2\/comments?post=3908"}],"version-history":[{"count":0,"href":"https:\/\/donbaraton.es\/en\/wp-json\/wp\/v2\/pages\/3908\/revisions"}],"wp:attachment":[{"href":"https:\/\/donbaraton.es\/en\/wp-json\/wp\/v2\/media?parent=3908"}],"curies":[{"name":"wp","href":"https:\/\/api.w.org\/{rel}","templated":true}]}}