{"id":3915,"date":"2017-08-09T02:44:08","date_gmt":"2017-08-09T00:44:08","guid":{"rendered":"https:\/\/donbaraton.es\/?page_id=3915\/"},"modified":"2020-01-18T20:17:03","modified_gmt":"2020-01-18T19:17:03","slug":"alicante","status":"publish","type":"page","link":"https:\/\/donbaraton.es\/en\/alicante\/","title":{"rendered":"Alicante Delivery: Sofas, Garden Furniture, Wardrobes, Beds and More!"},"content":{"rendered":"<div id=\"attachment_3963\" style=\"width: 410px\" class=\"wp-caption alignleft\"><img loading=\"lazy\" decoding=\"async\" aria-describedby=\"caption-attachment-3963\" class=\"wp-image-3963\" src=\"https:\/\/donbaraton.es\/wp-content\/uploads\/2017\/08\/Sofa-bed-recently-delivered-to-Alicante.jpg\" alt=\"Sofa bed recently delivered to Alicante\" width=\"400\" height=\"274\" srcset=\"https:\/\/donbaraton.es\/wp-content\/uploads\/2017\/08\/Sofa-bed-recently-delivered-to-Alicante.jpg 889w, https:\/\/donbaraton.es\/wp-content\/uploads\/2017\/08\/Sofa-bed-recently-delivered-to-Alicante-510x349.jpg 510w, https:\/\/donbaraton.es\/wp-content\/uploads\/2017\/08\/Sofa-bed-recently-delivered-to-Alicante-300x206.jpg 300w, https:\/\/donbaraton.es\/wp-content\/uploads\/2017\/08\/Sofa-bed-recently-delivered-to-Alicante-768x526.jpg 768w\" sizes=\"(max-width: 400px) 100vw, 400px\" \/><p id=\"caption-attachment-3963\" class=\"wp-caption-text\">Sofa bed recently delivered to Alicante<\/p><\/div>\n<p><strong>Alicante (<\/strong><b>Alacant)\u00a0<\/b>is the largest city on the Costa Blanca and we deliver here often. Obviously, more people means more sofas sold!<\/p>\n<p>The city is close to our warehouse in Almoradi which means lower transport costs and faster delivery times.<\/p>\n<p>Most of our furniture can be delivered to Alicante the same or next day. You don&#8217;t have to drive around and waste your time.<\/p>\n<p style=\"text-align: left;\">Browse our <a href=\"\/en\/cat\/corner-sofas\/\">corner sofas<\/a>, <a href=\"\/en\/cat\/sofa-beds\/\">sofa-beds<\/a>, <a href=\"\/en\/cat\/chaise-longue-sofas\/\">sofas with chaise longue<\/a>\u00a0and other furniture items in our\u00a0<span class=\"_KPd\"><a href=\"https:\/\/donbaraton.es\/en\/shop\/\">online furniture shop<\/a>. <a href=\"\/en\/material\/leather\/\">Real leather<\/a>, faux leather or fabric &#8211; we have them all. Place the order, pay online and get it brought to you and installed in your home.\u00a0<\/span><\/p>\n<p><strong>Delivery to Alicante.<\/strong> We are just 40 minutes drive away. Short distance means your purchase will be there really fast. The delivery fee for Alicante and San Vicente de Raspeig is 19 Euros.<strong>\u00a0<\/strong>In many cases we can deliver the same day.<\/p>\n<p><!-- .et_pb_text --><\/p>\n<div class=\"et_pb_button_module_wrapper et_pb_module et_pb_button_alignment_center\"><a class=\"et_pb_button et_pb_button_0 et_pb_module et_pb_bg_layout_dark\" href=\"https:\/\/donbaraton.es\/en\/shop\/\">Shop now!<\/a><\/div>\n<p><!-- .et_pb_column --><\/p>\n<p><!-- .et_pb_row --><\/p>\n<p><!-- .et_pb_section --><\/p>\n<p><strong>Visiting our furniture warehouse in Almoradi.<\/strong>\u00a0 If you prefer to see everything yourself before you buy it &#8211; welcome to our showroom in Almoradi (sorry, we don\u2019t have a physical shop in Alicante). We are approximately 46 minutes\u00a0<span class=\"_Abe\"><span class=\"_gk _wz\">drive away (45<span class=\"_Ex\">\u00a0km<\/span>)\u00a0<\/span><\/span><span class=\"_KPd\">via N-332 road or 40 minutes (51 km) via AP-7 motorway. Both routes are free of tolls. Try and buy our sofas, beds, wardrobes, armchairs, garden furniture, tables and other furniture items and we will deliver them the next day or even the same day. Please find\u00a0<a href=\"\/en\/almoradi\/\">directions here.<\/a><\/span><\/p>\n<div id=\"attachment_3960\" style=\"width: 410px\" class=\"wp-caption alignleft\"><img loading=\"lazy\" decoding=\"async\" aria-describedby=\"caption-attachment-3960\" class=\"wp-image-3960\" src=\"https:\/\/donbaraton.es\/wp-content\/uploads\/2017\/08\/Plaza-de-los-Luceros-Alicante-seen-from-our-sofa-delivery-van.jpg\" alt=\"Plaza de los Luceros, Alicante seen from our sofa delivery van\" width=\"400\" height=\"300\" srcset=\"https:\/\/donbaraton.es\/wp-content\/uploads\/2017\/08\/Plaza-de-los-Luceros-Alicante-seen-from-our-sofa-delivery-van.jpg 900w, https:\/\/donbaraton.es\/wp-content\/uploads\/2017\/08\/Plaza-de-los-Luceros-Alicante-seen-from-our-sofa-delivery-van-400x300.jpg 400w, https:\/\/donbaraton.es\/wp-content\/uploads\/2017\/08\/Plaza-de-los-Luceros-Alicante-seen-from-our-sofa-delivery-van-510x382.jpg 510w, https:\/\/donbaraton.es\/wp-content\/uploads\/2017\/08\/Plaza-de-los-Luceros-Alicante-seen-from-our-sofa-delivery-van-300x225.jpg 300w, https:\/\/donbaraton.es\/wp-content\/uploads\/2017\/08\/Plaza-de-los-Luceros-Alicante-seen-from-our-sofa-delivery-van-768x576.jpg 768w\" sizes=\"(max-width: 400px) 100vw, 400px\" \/><p id=\"caption-attachment-3960\" class=\"wp-caption-text\">Plaza de los Luceros, Alicante seen from our delivery van<\/p><\/div>\n<p>We are a great choice if you are looking for inexpensive furniture in the capital of the Alicante province.<\/p>\n<p>If you are shopping online outside our business hours \u2013 please add your item to the shopping cart and enter your contact details \u2013 we will get in touch with you soon.<\/p>\n<p>Questions? Please\u00a0<a href=\"\/en\/contact\/\">contact us<\/a>, we will be glad to assist you.<\/p>\n<div id=\"habitissimo-habitissimo_profile\"><a href=\"https:\/\/empresas.habitissimo.es\/pro\/don-baraton\">Don Baraton<\/a><script src=\"https:\/\/api.habitissimo.es\/widget\/habitissimo_profile\/don-baraton.js\"><\/script><\/div>\n","protected":false},"excerpt":{"rendered":"<p>Alicante (Alacant)\u00a0is the largest city on the Costa Blanca and we deliver here often. Obviously, more people means more sofas sold! The city is close to our warehouse in Almoradi which means lower transport costs and faster delivery times. Most of our furniture can be delivered to Alicante the same or next day. You don&#8217;t [&hellip;]<\/p>\n","protected":false},"author":3,"featured_media":0,"parent":0,"menu_order":0,"comment_status":"closed","ping_status":"closed","template":"","meta":{"_et_pb_use_builder":"","_et_pb_old_content":"","_et_gb_content_width":"","footnotes":""},"class_list":["post-3915","page","type-page","status-publish","hentry"],"yoast_head":"<!-- This site is optimized with the Yoast SEO plugin v27.2 - https:\/\/yoast.com\/product\/yoast-seo-wordpress\/ -->\n<title>Alicante Delivery: Sofas, Garden Furniture, Wardrobes, Beds: Don Baraton<\/title>\n<meta name=\"description\" content=\"Free delivery to Alicante. All furniture is\u00a0in stock and can be delivered the same or next day. Corners sofas, sofa-beds, sofas with chaise longue and more!\" \/>\n<meta name=\"robots\" content=\"index, follow, max-snippet:-1, max-image-preview:large, max-video-preview:-1\" \/>\n<link rel=\"canonical\" href=\"https:\/\/donbaraton.es\/en\/alicante\/\" \/>\n<meta property=\"og:locale\" content=\"en_GB\" \/>\n<meta property=\"og:type\" content=\"article\" \/>\n<meta property=\"og:title\" content=\"Alicante Delivery: Sofas, Garden Furniture, Wardrobes, Beds: Don Baraton\" \/>\n<meta property=\"og:description\" content=\"Free delivery to Alicante. All furniture is\u00a0in stock and can be delivered the same or next day. Corners sofas, sofa-beds, sofas with chaise longue and more!\" \/>\n<meta property=\"og:url\" content=\"https:\/\/donbaraton.es\/en\/alicante\/\" \/>\n<meta property=\"og:site_name\" content=\"Don Baraton: tienda de sof\u00e1s, muebles y colchones\" \/>\n<meta property=\"article:publisher\" content=\"https:\/\/www.facebook.com\/donbaraton.es\" \/>\n<meta property=\"article:modified_time\" content=\"2020-01-18T19:17:03+00:00\" \/>\n<meta property=\"og:image\" content=\"https:\/\/donbaraton.es\/wp-content\/uploads\/2017\/08\/Sofa-bed-recently-delivered-to-Alicante.jpg\" \/>\n<meta name=\"twitter:card\" content=\"summary_large_image\" \/>\n<meta name=\"twitter:site\" content=\"@don_baraton\" \/>\n<meta name=\"twitter:label1\" content=\"Estimated reading time\" \/>\n\t<meta name=\"twitter:data1\" content=\"2 minutes\" \/>\n<script type=\"application\/ld+json\" class=\"yoast-schema-graph\">{\"@context\":\"https:\/\/schema.org\",\"@graph\":[{\"@type\":\"WebPage\",\"@id\":\"https:\/\/donbaraton.es\/en\/alicante\/\",\"url\":\"https:\/\/donbaraton.es\/en\/alicante\/\",\"name\":\"Alicante Delivery: Sofas, Garden Furniture, Wardrobes, Beds: Don Baraton\",\"isPartOf\":{\"@id\":\"https:\/\/donbaraton.es\/#website\"},\"primaryImageOfPage\":{\"@id\":\"https:\/\/donbaraton.es\/en\/alicante\/#primaryimage\"},\"image\":{\"@id\":\"https:\/\/donbaraton.es\/en\/alicante\/#primaryimage\"},\"thumbnailUrl\":\"https:\/\/donbaraton.es\/wp-content\/uploads\/2017\/08\/Sofa-bed-recently-delivered-to-Alicante.jpg\",\"datePublished\":\"2017-08-09T00:44:08+00:00\",\"dateModified\":\"2020-01-18T19:17:03+00:00\",\"description\":\"Free delivery to Alicante. All furniture is\u00a0in stock and can be delivered the same or next day. Corners sofas, sofa-beds, sofas with chaise longue and more!\",\"breadcrumb\":{\"@id\":\"https:\/\/donbaraton.es\/en\/alicante\/#breadcrumb\"},\"inLanguage\":\"en-GB\",\"potentialAction\":[{\"@type\":\"ReadAction\",\"target\":[\"https:\/\/donbaraton.es\/en\/alicante\/\"]}]},{\"@type\":\"ImageObject\",\"inLanguage\":\"en-GB\",\"@id\":\"https:\/\/donbaraton.es\/en\/alicante\/#primaryimage\",\"url\":\"https:\/\/donbaraton.es\/wp-content\/uploads\/2017\/08\/Sofa-bed-recently-delivered-to-Alicante.jpg\",\"contentUrl\":\"https:\/\/donbaraton.es\/wp-content\/uploads\/2017\/08\/Sofa-bed-recently-delivered-to-Alicante.jpg\"},{\"@type\":\"BreadcrumbList\",\"@id\":\"https:\/\/donbaraton.es\/en\/alicante\/#breadcrumb\",\"itemListElement\":[{\"@type\":\"ListItem\",\"position\":1,\"name\":\"Portada\",\"item\":\"https:\/\/donbaraton.es\/en\/\"},{\"@type\":\"ListItem\",\"position\":2,\"name\":\"Alicante Delivery: Sofas, Garden Furniture, Wardrobes, Beds and More!\"}]},{\"@type\":\"WebSite\",\"@id\":\"https:\/\/donbaraton.es\/#website\",\"url\":\"https:\/\/donbaraton.es\/\",\"name\":\"Don Baraton: tienda de sof\u00e1s, muebles y colchones\",\"description\":\"Sofas baratos desde el almac\u00e9n en Almorad\u00ed, Alicante\",\"publisher\":{\"@id\":\"https:\/\/donbaraton.es\/#organization\"},\"potentialAction\":[{\"@type\":\"SearchAction\",\"target\":{\"@type\":\"EntryPoint\",\"urlTemplate\":\"https:\/\/donbaraton.es\/?s={search_term_string}\"},\"query-input\":{\"@type\":\"PropertyValueSpecification\",\"valueRequired\":true,\"valueName\":\"search_term_string\"}}],\"inLanguage\":\"en-GB\"},{\"@type\":\"Organization\",\"@id\":\"https:\/\/donbaraton.es\/#organization\",\"name\":\"Don Baraton\",\"url\":\"https:\/\/donbaraton.es\/\",\"logo\":{\"@type\":\"ImageObject\",\"inLanguage\":\"en-GB\",\"@id\":\"https:\/\/donbaraton.es\/#\/schema\/logo\/image\/\",\"url\":\"https:\/\/i0.wp.com\/donbaraton.es\/wp-content\/uploads\/2016\/11\/logo_don_baraton.png?fit=228%2C110&ssl=1\",\"contentUrl\":\"https:\/\/i0.wp.com\/donbaraton.es\/wp-content\/uploads\/2016\/11\/logo_don_baraton.png?fit=228%2C110&ssl=1\",\"width\":228,\"height\":110,\"caption\":\"Don Baraton\"},\"image\":{\"@id\":\"https:\/\/donbaraton.es\/#\/schema\/logo\/image\/\"},\"sameAs\":[\"https:\/\/www.facebook.com\/donbaraton.es\",\"https:\/\/x.com\/don_baraton\",\"https:\/\/www.instagram.com\/donbaraton.es\",\"https:\/\/www.linkedin.com\/company\/donbaraton\/\",\"https:\/\/es.pinterest.com\/donbaraton\/\",\"https:\/\/www.youtube.com\/channel\/UCL02HOwx-F759Jq5MedAZfQ\"]}]}<\/script>\n<!-- \/ Yoast SEO plugin. -->","yoast_head_json":{"title":"Alicante Delivery: Sofas, Garden Furniture, Wardrobes, Beds: Don Baraton","description":"Free delivery to Alicante. All furniture is\u00a0in stock and can be delivered the same or next day. Corners sofas, sofa-beds, sofas with chaise longue and more!","robots":{"index":"index","follow":"follow","max-snippet":"max-snippet:-1","max-image-preview":"max-image-preview:large","max-video-preview":"max-video-preview:-1"},"canonical":"https:\/\/donbaraton.es\/en\/alicante\/","og_locale":"en_GB","og_type":"article","og_title":"Alicante Delivery: Sofas, Garden Furniture, Wardrobes, Beds: Don Baraton","og_description":"Free delivery to Alicante. All furniture is\u00a0in stock and can be delivered the same or next day. Corners sofas, sofa-beds, sofas with chaise longue and more!","og_url":"https:\/\/donbaraton.es\/en\/alicante\/","og_site_name":"Don Baraton: tienda de sof\u00e1s, muebles y colchones","article_publisher":"https:\/\/www.facebook.com\/donbaraton.es","article_modified_time":"2020-01-18T19:17:03+00:00","og_image":[{"url":"https:\/\/donbaraton.es\/wp-content\/uploads\/2017\/08\/Sofa-bed-recently-delivered-to-Alicante.jpg","type":"","width":"","height":""}],"twitter_card":"summary_large_image","twitter_site":"@don_baraton","twitter_misc":{"Estimated reading time":"2 minutes"},"schema":{"@context":"https:\/\/schema.org","@graph":[{"@type":"WebPage","@id":"https:\/\/donbaraton.es\/en\/alicante\/","url":"https:\/\/donbaraton.es\/en\/alicante\/","name":"Alicante Delivery: Sofas, Garden Furniture, Wardrobes, Beds: Don Baraton","isPartOf":{"@id":"https:\/\/donbaraton.es\/#website"},"primaryImageOfPage":{"@id":"https:\/\/donbaraton.es\/en\/alicante\/#primaryimage"},"image":{"@id":"https:\/\/donbaraton.es\/en\/alicante\/#primaryimage"},"thumbnailUrl":"https:\/\/donbaraton.es\/wp-content\/uploads\/2017\/08\/Sofa-bed-recently-delivered-to-Alicante.jpg","datePublished":"2017-08-09T00:44:08+00:00","dateModified":"2020-01-18T19:17:03+00:00","description":"Free delivery to Alicante. All furniture is\u00a0in stock and can be delivered the same or next day. Corners sofas, sofa-beds, sofas with chaise longue and more!","breadcrumb":{"@id":"https:\/\/donbaraton.es\/en\/alicante\/#breadcrumb"},"inLanguage":"en-GB","potentialAction":[{"@type":"ReadAction","target":["https:\/\/donbaraton.es\/en\/alicante\/"]}]},{"@type":"ImageObject","inLanguage":"en-GB","@id":"https:\/\/donbaraton.es\/en\/alicante\/#primaryimage","url":"https:\/\/donbaraton.es\/wp-content\/uploads\/2017\/08\/Sofa-bed-recently-delivered-to-Alicante.jpg","contentUrl":"https:\/\/donbaraton.es\/wp-content\/uploads\/2017\/08\/Sofa-bed-recently-delivered-to-Alicante.jpg"},{"@type":"BreadcrumbList","@id":"https:\/\/donbaraton.es\/en\/alicante\/#breadcrumb","itemListElement":[{"@type":"ListItem","position":1,"name":"Portada","item":"https:\/\/donbaraton.es\/en\/"},{"@type":"ListItem","position":2,"name":"Alicante Delivery: Sofas, Garden Furniture, Wardrobes, Beds and More!"}]},{"@type":"WebSite","@id":"https:\/\/donbaraton.es\/#website","url":"https:\/\/donbaraton.es\/","name":"Don Baraton: tienda de sof\u00e1s, muebles y colchones","description":"Sofas baratos desde el almac\u00e9n en Almorad\u00ed, Alicante","publisher":{"@id":"https:\/\/donbaraton.es\/#organization"},"potentialAction":[{"@type":"SearchAction","target":{"@type":"EntryPoint","urlTemplate":"https:\/\/donbaraton.es\/?s={search_term_string}"},"query-input":{"@type":"PropertyValueSpecification","valueRequired":true,"valueName":"search_term_string"}}],"inLanguage":"en-GB"},{"@type":"Organization","@id":"https:\/\/donbaraton.es\/#organization","name":"Don Baraton","url":"https:\/\/donbaraton.es\/","logo":{"@type":"ImageObject","inLanguage":"en-GB","@id":"https:\/\/donbaraton.es\/#\/schema\/logo\/image\/","url":"https:\/\/i0.wp.com\/donbaraton.es\/wp-content\/uploads\/2016\/11\/logo_don_baraton.png?fit=228%2C110&ssl=1","contentUrl":"https:\/\/i0.wp.com\/donbaraton.es\/wp-content\/uploads\/2016\/11\/logo_don_baraton.png?fit=228%2C110&ssl=1","width":228,"height":110,"caption":"Don Baraton"},"image":{"@id":"https:\/\/donbaraton.es\/#\/schema\/logo\/image\/"},"sameAs":["https:\/\/www.facebook.com\/donbaraton.es","https:\/\/x.com\/don_baraton","https:\/\/www.instagram.com\/donbaraton.es","https:\/\/www.linkedin.com\/company\/donbaraton\/","https:\/\/es.pinterest.com\/donbaraton\/","https:\/\/www.youtube.com\/channel\/UCL02HOwx-F759Jq5MedAZfQ"]}]}},"_links":{"self":[{"href":"https:\/\/donbaraton.es\/en\/wp-json\/wp\/v2\/pages\/3915","targetHints":{"allow":["GET"]}}],"collection":[{"href":"https:\/\/donbaraton.es\/en\/wp-json\/wp\/v2\/pages"}],"about":[{"href":"https:\/\/donbaraton.es\/en\/wp-json\/wp\/v2\/types\/page"}],"author":[{"embeddable":true,"href":"https:\/\/donbaraton.es\/en\/wp-json\/wp\/v2\/users\/3"}],"replies":[{"embeddable":true,"href":"https:\/\/donbaraton.es\/en\/wp-json\/wp\/v2\/comments?post=3915"}],"version-history":[{"count":0,"href":"https:\/\/donbaraton.es\/en\/wp-json\/wp\/v2\/pages\/3915\/revisions"}],"wp:attachment":[{"href":"https:\/\/donbaraton.es\/en\/wp-json\/wp\/v2\/media?parent=3915"}],"curies":[{"name":"wp","href":"https:\/\/api.w.org\/{rel}","templated":true}]}}