{"id":3988,"date":"2017-08-11T07:30:48","date_gmt":"2017-08-11T05:30:48","guid":{"rendered":"https:\/\/donbaraton.es\/?page_id=3988\/"},"modified":"2020-08-19T00:31:19","modified_gmt":"2020-08-18T22:31:19","slug":"malaga","status":"publish","type":"page","link":"https:\/\/donbaraton.es\/en\/malaga\/","title":{"rendered":"M\u00e1laga Delivery: Sofas, Garden Furniture, Wardrobes, Beds and More!"},"content":{"rendered":"<div id=\"attachment_4152\" style=\"width: 410px\" class=\"wp-caption alignleft\"><img loading=\"lazy\" decoding=\"async\" aria-describedby=\"caption-attachment-4152\" class=\"wp-image-4152\" src=\"https:\/\/donbaraton.es\/wp-content\/uploads\/2017\/08\/Real-leather-sofa-set-recently-delivered-to-M\u00e1laga-300x154.jpg\" alt=\"Real leather sofa set recently delivered to M\u00e1laga\" width=\"400\" height=\"206\" srcset=\"https:\/\/donbaraton.es\/wp-content\/uploads\/2017\/08\/Real-leather-sofa-set-recently-delivered-to-M\u00e1laga-300x154.jpg 300w, https:\/\/donbaraton.es\/wp-content\/uploads\/2017\/08\/Real-leather-sofa-set-recently-delivered-to-M\u00e1laga-510x262.jpg 510w, https:\/\/donbaraton.es\/wp-content\/uploads\/2017\/08\/Real-leather-sofa-set-recently-delivered-to-M\u00e1laga-768x395.jpg 768w, https:\/\/donbaraton.es\/wp-content\/uploads\/2017\/08\/Real-leather-sofa-set-recently-delivered-to-M\u00e1laga.jpg 900w\" sizes=\"(max-width: 400px) 100vw, 400px\" \/><p id=\"caption-attachment-4152\" class=\"wp-caption-text\">Real leather sofa set recently delivered to M\u00e1laga<\/p><\/div>\n<p><strong>M\u00e1laga<\/strong>, the capital of the province of the same name, is one of our favourite places to deliver sofas to. What a beautiful and historic city in Andalucia!<\/p>\n<p>To our current and future customers in M\u00e1laga &#8211; all furniture items that you see on this website are\u00a0<strong>in stock, ready for immediate shipment<\/strong>. There\u2019s no need to order and wait for months. Buy it now and we will load your purchase and deliver it to you.<\/p>\n<p>Please browse our <a href=\"\/?product_cat=corner-sofas\">corners sofas<\/a>, <a href=\"\/?product_cat=sofa-beds\">sofa-beds<\/a>, <a href=\"\/?product_cat=sofa-beds-chaise-longue\">sofas with chaise longue<\/a>, <a href=\"\/?pa_material=leather\">leather sofas<\/a> and other furniture items in our\u00a0<span class=\"_KPd\"><strong><a href=\"https:\/\/donbaraton.es\/en\/shop\/\">ONLINE STORE<\/a><\/strong>.\u00a0Place the order, pay and get your furniture brought to you and installed in your home in Southern Spain.\u00a0<\/span><\/p>\n<p><strong>Delivery to M\u00e1laga. <\/strong>Our delivery time depends on the products and ranges starts from 5 business days. Delivery fee for sofas is <strong>\u20ac99, <\/strong>including installation of the new furniture.<strong>\u00a0<\/strong>We will contact you to arrange the exact date and time convenient to you to receive the order. We don&#8217;t keep customers waiting. Your purchase will be delivered on the agreed time.<strong>\u00a0<\/strong>The distance from our warehouse in Almorad\u00ed to M\u00e1laga is approximately 450 kilometers.\u00a0It will take us approximately 5 hours to drive to your home.<\/p>\n<p><!-- .et_pb_text --><\/p>\n<div class=\"et_pb_button_module_wrapper et_pb_module et_pb_button_alignment_center\"><a class=\"et_pb_button et_pb_button_0 et_pb_module et_pb_bg_layout_dark\" href=\"https:\/\/donbaraton.es\/en\/shop\/\">Shop now!<\/a><\/div>\n<p><!-- .et_pb_column --><\/p>\n<p><!-- .et_pb_row --><\/p>\n<p><!-- .et_pb_section --><\/p>\n<div id=\"attachment_4159\" style=\"width: 410px\" class=\"wp-caption alignleft\"><img loading=\"lazy\" decoding=\"async\" aria-describedby=\"caption-attachment-4159\" class=\"wp-image-4159\" src=\"https:\/\/donbaraton.es\/wp-content\/uploads\/2017\/08\/Sunset-over-Ba\u00f1os-del-Carmen-M\u00e1laga-Spain-300x200.jpg\" alt=\"Sunset Over Ba\u00f1os del Carmen, M\u00e1laga, Spain\" width=\"400\" height=\"267\" srcset=\"https:\/\/donbaraton.es\/wp-content\/uploads\/2017\/08\/Sunset-over-Ba\u00f1os-del-Carmen-M\u00e1laga-Spain-300x200.jpg 300w, https:\/\/donbaraton.es\/wp-content\/uploads\/2017\/08\/Sunset-over-Ba\u00f1os-del-Carmen-M\u00e1laga-Spain-510x340.jpg 510w, https:\/\/donbaraton.es\/wp-content\/uploads\/2017\/08\/Sunset-over-Ba\u00f1os-del-Carmen-M\u00e1laga-Spain-768x512.jpg 768w, https:\/\/donbaraton.es\/wp-content\/uploads\/2017\/08\/Sunset-over-Ba\u00f1os-del-Carmen-M\u00e1laga-Spain.jpg 900w\" sizes=\"(max-width: 400px) 100vw, 400px\" \/><p id=\"caption-attachment-4159\" class=\"wp-caption-text\">Sunset Over Ba\u00f1os del Carmen, M\u00e1laga, Spain. Photo credit: Quino Al<\/p><\/div>\n<p>When in Malaga do like <strong><em>malague\u00f1os <\/em><\/strong>do &#8211; go out late, enjoy some meals and drinks and life in general. Don&#8217;t waste your time on chasing sofa deals and offers &#8211; you have already found them on this website!<\/p>\n<p>Rephrasing a famous <strong><em>Pablo Picasso<\/em><\/strong> quote: &#8220;Give us a room and we will fill it&#8221;.\u00a0Our secret wish is to sell a piece of furniture to Antonio Banderas when he is in his hometown.<\/p>\n<p>If you are shopping online outside our business hours &#8211; please add your item to the shopping cart and enter your contact details &#8211; we will get in touch with you soon.<\/p>\n<p>Questions? Please <strong><a href=\"\/?page_id=49\">contact us<\/a><\/strong>, we will be glad to assist.<\/p>\n","protected":false},"excerpt":{"rendered":"<p>M\u00e1laga, the capital of the province of the same name, is one of our favourite places to deliver sofas to. What a beautiful and historic city in Andalucia! To our current and future customers in M\u00e1laga &#8211; all furniture items that you see on this website are\u00a0in stock, ready for immediate shipment. There\u2019s no need [&hellip;]<\/p>\n","protected":false},"author":3,"featured_media":0,"parent":0,"menu_order":0,"comment_status":"closed","ping_status":"closed","template":"","meta":{"_et_pb_use_builder":"","_et_pb_old_content":"","_et_gb_content_width":"","footnotes":""},"class_list":["post-3988","page","type-page","status-publish","hentry"],"yoast_head":"<!-- This site is optimized with the Yoast SEO plugin v27.5 - https:\/\/yoast.com\/product\/yoast-seo-wordpress\/ -->\n<title>M\u00e1laga Delivery: Sofas, Garden Furniture, Wardrobes, Beds and More! - Don Baraton: tienda de sof\u00e1s, muebles y colchones<\/title>\n<meta name=\"robots\" content=\"index, follow, max-snippet:-1, max-image-preview:large, max-video-preview:-1\" \/>\n<link rel=\"canonical\" href=\"https:\/\/donbaraton.es\/en\/malaga\/\" \/>\n<meta property=\"og:locale\" content=\"en_GB\" \/>\n<meta property=\"og:type\" content=\"article\" \/>\n<meta property=\"og:title\" content=\"M\u00e1laga Delivery: Sofas, Garden Furniture, Wardrobes, Beds and More! - Don Baraton: tienda de sof\u00e1s, muebles y colchones\" \/>\n<meta property=\"og:description\" content=\"M\u00e1laga, the capital of the province of the same name, is one of our favourite places to deliver sofas to. What a beautiful and historic city in Andalucia! To our current and future customers in M\u00e1laga &#8211; all furniture items that you see on this website are\u00a0in stock, ready for immediate shipment. There\u2019s no need [&hellip;]\" \/>\n<meta property=\"og:url\" content=\"https:\/\/donbaraton.es\/en\/malaga\/\" \/>\n<meta property=\"og:site_name\" content=\"Don Baraton: tienda de sof\u00e1s, muebles y colchones\" \/>\n<meta property=\"article:publisher\" content=\"https:\/\/www.facebook.com\/donbaraton.es\" \/>\n<meta property=\"article:modified_time\" content=\"2020-08-18T22:31:19+00:00\" \/>\n<meta property=\"og:image\" content=\"https:\/\/donbaraton.es\/wp-content\/uploads\/2017\/08\/Real-leather-sofa-set-recently-delivered-to-M\u00e1laga-300x154.jpg\" \/>\n<meta name=\"twitter:card\" content=\"summary_large_image\" \/>\n<meta name=\"twitter:site\" content=\"@don_baraton\" \/>\n<meta name=\"twitter:label1\" content=\"Estimated reading time\" \/>\n\t<meta name=\"twitter:data1\" content=\"2 minutes\" \/>\n<script type=\"application\/ld+json\" class=\"yoast-schema-graph\">{\"@context\":\"https:\\\/\\\/schema.org\",\"@graph\":[{\"@type\":\"WebPage\",\"@id\":\"https:\\\/\\\/donbaraton.es\\\/en\\\/malaga\\\/\",\"url\":\"https:\\\/\\\/donbaraton.es\\\/en\\\/malaga\\\/\",\"name\":\"M\u00e1laga Delivery: Sofas, Garden Furniture, Wardrobes, Beds and More! - Don Baraton: tienda de sof\u00e1s, muebles y colchones\",\"isPartOf\":{\"@id\":\"https:\\\/\\\/donbaraton.es\\\/#website\"},\"datePublished\":\"2017-08-11T05:30:48+00:00\",\"dateModified\":\"2020-08-18T22:31:19+00:00\",\"breadcrumb\":{\"@id\":\"https:\\\/\\\/donbaraton.es\\\/en\\\/malaga\\\/#breadcrumb\"},\"inLanguage\":\"en-GB\",\"potentialAction\":[{\"@type\":\"ReadAction\",\"target\":[\"https:\\\/\\\/donbaraton.es\\\/en\\\/malaga\\\/\"]}]},{\"@type\":\"BreadcrumbList\",\"@id\":\"https:\\\/\\\/donbaraton.es\\\/en\\\/malaga\\\/#breadcrumb\",\"itemListElement\":[{\"@type\":\"ListItem\",\"position\":1,\"name\":\"Portada\",\"item\":\"https:\\\/\\\/donbaraton.es\\\/en\\\/\"},{\"@type\":\"ListItem\",\"position\":2,\"name\":\"M\u00e1laga Delivery: Sofas, Garden Furniture, Wardrobes, Beds and More!\"}]},{\"@type\":\"WebSite\",\"@id\":\"https:\\\/\\\/donbaraton.es\\\/#website\",\"url\":\"https:\\\/\\\/donbaraton.es\\\/\",\"name\":\"Don Baraton: tienda de sof\u00e1s, muebles y colchones\",\"description\":\"Sofas baratos desde el almac\u00e9n en Almorad\u00ed, Alicante\",\"publisher\":{\"@id\":\"https:\\\/\\\/donbaraton.es\\\/#organization\"},\"potentialAction\":[{\"@type\":\"SearchAction\",\"target\":{\"@type\":\"EntryPoint\",\"urlTemplate\":\"https:\\\/\\\/donbaraton.es\\\/?s={search_term_string}\"},\"query-input\":{\"@type\":\"PropertyValueSpecification\",\"valueRequired\":true,\"valueName\":\"search_term_string\"}}],\"inLanguage\":\"en-GB\"},{\"@type\":\"Organization\",\"@id\":\"https:\\\/\\\/donbaraton.es\\\/#organization\",\"name\":\"Don Baraton\",\"url\":\"https:\\\/\\\/donbaraton.es\\\/\",\"logo\":{\"@type\":\"ImageObject\",\"inLanguage\":\"en-GB\",\"@id\":\"https:\\\/\\\/donbaraton.es\\\/#\\\/schema\\\/logo\\\/image\\\/\",\"url\":\"https:\\\/\\\/i0.wp.com\\\/donbaraton.es\\\/wp-content\\\/uploads\\\/2016\\\/11\\\/logo_don_baraton.png?fit=228%2C110&ssl=1\",\"contentUrl\":\"https:\\\/\\\/i0.wp.com\\\/donbaraton.es\\\/wp-content\\\/uploads\\\/2016\\\/11\\\/logo_don_baraton.png?fit=228%2C110&ssl=1\",\"width\":228,\"height\":110,\"caption\":\"Don Baraton\"},\"image\":{\"@id\":\"https:\\\/\\\/donbaraton.es\\\/#\\\/schema\\\/logo\\\/image\\\/\"},\"sameAs\":[\"https:\\\/\\\/www.facebook.com\\\/donbaraton.es\",\"https:\\\/\\\/x.com\\\/don_baraton\",\"https:\\\/\\\/www.instagram.com\\\/donbaraton.es\",\"https:\\\/\\\/www.linkedin.com\\\/company\\\/donbaraton\\\/\",\"https:\\\/\\\/es.pinterest.com\\\/donbaraton\\\/\",\"https:\\\/\\\/www.youtube.com\\\/channel\\\/UCL02HOwx-F759Jq5MedAZfQ\"]}]}<\/script>\n<!-- \/ Yoast SEO plugin. -->","yoast_head_json":{"title":"M\u00e1laga Delivery: Sofas, Garden Furniture, Wardrobes, Beds and More! - Don Baraton: tienda de sof\u00e1s, muebles y colchones","robots":{"index":"index","follow":"follow","max-snippet":"max-snippet:-1","max-image-preview":"max-image-preview:large","max-video-preview":"max-video-preview:-1"},"canonical":"https:\/\/donbaraton.es\/en\/malaga\/","og_locale":"en_GB","og_type":"article","og_title":"M\u00e1laga Delivery: Sofas, Garden Furniture, Wardrobes, Beds and More! - Don Baraton: tienda de sof\u00e1s, muebles y colchones","og_description":"M\u00e1laga, the capital of the province of the same name, is one of our favourite places to deliver sofas to. What a beautiful and historic city in Andalucia! To our current and future customers in M\u00e1laga &#8211; all furniture items that you see on this website are\u00a0in stock, ready for immediate shipment. There\u2019s no need [&hellip;]","og_url":"https:\/\/donbaraton.es\/en\/malaga\/","og_site_name":"Don Baraton: tienda de sof\u00e1s, muebles y colchones","article_publisher":"https:\/\/www.facebook.com\/donbaraton.es","article_modified_time":"2020-08-18T22:31:19+00:00","og_image":[{"url":"https:\/\/donbaraton.es\/wp-content\/uploads\/2017\/08\/Real-leather-sofa-set-recently-delivered-to-M\u00e1laga-300x154.jpg","type":"","width":"","height":""}],"twitter_card":"summary_large_image","twitter_site":"@don_baraton","twitter_misc":{"Estimated reading time":"2 minutes"},"schema":{"@context":"https:\/\/schema.org","@graph":[{"@type":"WebPage","@id":"https:\/\/donbaraton.es\/en\/malaga\/","url":"https:\/\/donbaraton.es\/en\/malaga\/","name":"M\u00e1laga Delivery: Sofas, Garden Furniture, Wardrobes, Beds and More! - Don Baraton: tienda de sof\u00e1s, muebles y colchones","isPartOf":{"@id":"https:\/\/donbaraton.es\/#website"},"datePublished":"2017-08-11T05:30:48+00:00","dateModified":"2020-08-18T22:31:19+00:00","breadcrumb":{"@id":"https:\/\/donbaraton.es\/en\/malaga\/#breadcrumb"},"inLanguage":"en-GB","potentialAction":[{"@type":"ReadAction","target":["https:\/\/donbaraton.es\/en\/malaga\/"]}]},{"@type":"BreadcrumbList","@id":"https:\/\/donbaraton.es\/en\/malaga\/#breadcrumb","itemListElement":[{"@type":"ListItem","position":1,"name":"Portada","item":"https:\/\/donbaraton.es\/en\/"},{"@type":"ListItem","position":2,"name":"M\u00e1laga Delivery: Sofas, Garden Furniture, Wardrobes, Beds and More!"}]},{"@type":"WebSite","@id":"https:\/\/donbaraton.es\/#website","url":"https:\/\/donbaraton.es\/","name":"Don Baraton: tienda de sof\u00e1s, muebles y colchones","description":"Sofas baratos desde el almac\u00e9n en Almorad\u00ed, Alicante","publisher":{"@id":"https:\/\/donbaraton.es\/#organization"},"potentialAction":[{"@type":"SearchAction","target":{"@type":"EntryPoint","urlTemplate":"https:\/\/donbaraton.es\/?s={search_term_string}"},"query-input":{"@type":"PropertyValueSpecification","valueRequired":true,"valueName":"search_term_string"}}],"inLanguage":"en-GB"},{"@type":"Organization","@id":"https:\/\/donbaraton.es\/#organization","name":"Don Baraton","url":"https:\/\/donbaraton.es\/","logo":{"@type":"ImageObject","inLanguage":"en-GB","@id":"https:\/\/donbaraton.es\/#\/schema\/logo\/image\/","url":"https:\/\/i0.wp.com\/donbaraton.es\/wp-content\/uploads\/2016\/11\/logo_don_baraton.png?fit=228%2C110&ssl=1","contentUrl":"https:\/\/i0.wp.com\/donbaraton.es\/wp-content\/uploads\/2016\/11\/logo_don_baraton.png?fit=228%2C110&ssl=1","width":228,"height":110,"caption":"Don Baraton"},"image":{"@id":"https:\/\/donbaraton.es\/#\/schema\/logo\/image\/"},"sameAs":["https:\/\/www.facebook.com\/donbaraton.es","https:\/\/x.com\/don_baraton","https:\/\/www.instagram.com\/donbaraton.es","https:\/\/www.linkedin.com\/company\/donbaraton\/","https:\/\/es.pinterest.com\/donbaraton\/","https:\/\/www.youtube.com\/channel\/UCL02HOwx-F759Jq5MedAZfQ"]}]}},"_links":{"self":[{"href":"https:\/\/donbaraton.es\/en\/wp-json\/wp\/v2\/pages\/3988","targetHints":{"allow":["GET"]}}],"collection":[{"href":"https:\/\/donbaraton.es\/en\/wp-json\/wp\/v2\/pages"}],"about":[{"href":"https:\/\/donbaraton.es\/en\/wp-json\/wp\/v2\/types\/page"}],"author":[{"embeddable":true,"href":"https:\/\/donbaraton.es\/en\/wp-json\/wp\/v2\/users\/3"}],"replies":[{"embeddable":true,"href":"https:\/\/donbaraton.es\/en\/wp-json\/wp\/v2\/comments?post=3988"}],"version-history":[{"count":0,"href":"https:\/\/donbaraton.es\/en\/wp-json\/wp\/v2\/pages\/3988\/revisions"}],"wp:attachment":[{"href":"https:\/\/donbaraton.es\/en\/wp-json\/wp\/v2\/media?parent=3988"}],"curies":[{"name":"wp","href":"https:\/\/api.w.org\/{rel}","templated":true}]}}