{"id":4265,"date":"2017-08-12T02:21:10","date_gmt":"2017-08-12T00:21:10","guid":{"rendered":"https:\/\/donbaraton.es\/?page_id=4265\/"},"modified":"2019-01-14T01:55:39","modified_gmt":"2019-01-14T00:55:39","slug":"furniture-delivery-spain","status":"publish","type":"page","link":"https:\/\/donbaraton.es\/en\/furniture-delivery-spain\/","title":{"rendered":"Furniture Delivery in Spain By Location"},"content":{"rendered":"<p>Our <a href=\"\/?page_id=299\">standard delivery services<\/a> cover all mainland Spain areas. However in this section of our online store we provide some additional information about delivery to certain popular cities and towns, like delivery times, distance from our warehouse and other details. You can also find driving directions and driving times if you are planning to visit us. This list will be updated periodically.<\/p>\n<p>If you are in the\u00a0Balearic\u00a0Islands, the Canary Islands, Ceuta or Melilla &#8211; please contact us for the delivery rates. We don&#8217;t deliver to the islands on a regularly basis but we will do our best to bring our products to you.<\/p>\n<p>Find the area closest to you below and click to find out more (don&#8217;t forget &#8211; if your area is not in the list we can still bring your sofa to your home anywhere in mainland Spain!):<\/p>\n<h2><strong>Valencian Community<\/strong><\/h2>\n<p><em><strong>Province of Alicante (Costa Blanca)<\/strong><\/em><\/p>\n<ul>\n<li><a href=\"\/?page_id=3915\">Alicante (city)<\/a><\/li>\n<li><a href=\"\/?page_id=3908\">Altea<\/a><\/li>\n<li><a href=\"\/?page_id=3550\">Benidorm<\/a><\/li>\n<li>Calp (Calpe)<\/li>\n<li><a href=\"\/?page_id=3889\">D\u00e9nia<\/a><\/li>\n<li>Elche<\/li>\n<li>Gandia<\/li>\n<li>X\u00e0bia (<span lang=\"es\" xml:lang=\"es\">J\u00e1vea)<\/span><\/li>\n<\/ul>\n<p><em><strong>Province of Valencia<\/strong><\/em><\/p>\n<ul>\n<li>Valencia<\/li>\n<\/ul>\n<h2><strong>Catalonia<\/strong><\/h2>\n<ul>\n<li><a href=\"\/?page_id=6629\">Barcelona<\/a><\/li>\n<li>Tarragona<\/li>\n<\/ul>\n<h2><strong>Andalucia<\/strong><\/h2>\n<p><em><strong>Province\u00a0of\u00a0M\u00e1laga (Costa del Sol)<\/strong><\/em><\/p>\n<ul>\n<li><a href=\"\/?page_id=3988\">M\u00e1laga<strong>\u00a0<\/strong>(city)<\/a><\/li>\n<li>Marbella<\/li>\n<li>Granada<\/li>\n<li>Ja\u00e9n<\/li>\n<\/ul>\n<p><em><strong>Province\u00a0of\u00a0Almer\u00eda (Costa de Almer\u00eda)<\/strong><\/em><\/p>\n<ul>\n<li>Almer\u00eda (city)<\/li>\n<\/ul>\n<p><strong><em>Province of Granada<\/em><\/strong><\/p>\n<ul>\n<li>Granada (city)<\/li>\n<\/ul>\n<p><strong><em>Province of Ja\u00e9n<\/em><\/strong><\/p>\n<ul>\n<li>Ja\u00e9n (city)<\/li>\n<\/ul>\n<h2><strong>Community of Madrid<\/strong><\/h2>\n<ul>\n<li>Madrid<\/li>\n<\/ul>\n<h2><strong>Region\u00a0of\u00a0Murcia<\/strong><\/h2>\n<ul>\n<li>Murcia<\/li>\n<li>Cartagena<\/li>\n<li>Lorca<\/li>\n<\/ul>\n<h2><strong>Community of Castilla La Mancha<\/strong><\/h2>\n<p><strong><em>Province of Albacete<\/em><\/strong><\/p>\n<ul>\n<li>Albacete<\/li>\n<\/ul>\n<h2><strong>The\u00a0Balearic Islands<\/strong><\/h2>\n<ul>\n<li>Mallorca<\/li>\n<li>Menorca<\/li>\n<li>Ibiza<\/li>\n<\/ul>\n<h2><strong>The\u00a0Canary Islands<\/strong><\/h2>\n<ul>\n<li>Lanzarote &#8211; Fuente Ventura<\/li>\n<li>Las Parmas<\/li>\n<li>Tenerife<\/li>\n<\/ul>\n<h2><strong>Andorra<\/strong><\/h2>\n<ul>\n<li><a href=\"\/?page_id=11498\">Andorra<\/a><\/li>\n<\/ul>\n","protected":false},"excerpt":{"rendered":"<p>Our standard delivery services cover all mainland Spain areas. However in this section of our online store we provide some additional information about delivery to certain popular cities and towns, like delivery times, distance from our warehouse and other details. You can also find driving directions and driving times if you are planning to visit [&hellip;]<\/p>\n","protected":false},"author":3,"featured_media":0,"parent":0,"menu_order":0,"comment_status":"closed","ping_status":"closed","template":"","meta":{"_et_pb_use_builder":"","_et_pb_old_content":"","_et_gb_content_width":"","footnotes":""},"class_list":["post-4265","page","type-page","status-publish","hentry"],"yoast_head":"<!-- This site is optimized with the Yoast SEO plugin v27.2 - https:\/\/yoast.com\/product\/yoast-seo-wordpress\/ -->\n<title>Furniture Delivery in Spain By Location - Don Baraton: tienda de sof\u00e1s, muebles y colchones<\/title>\n<meta name=\"robots\" content=\"index, follow, max-snippet:-1, max-image-preview:large, max-video-preview:-1\" \/>\n<link rel=\"canonical\" href=\"https:\/\/donbaraton.es\/en\/furniture-delivery-spain\/\" \/>\n<meta property=\"og:locale\" content=\"en_GB\" \/>\n<meta property=\"og:type\" content=\"article\" \/>\n<meta property=\"og:title\" content=\"Furniture Delivery in Spain By Location - Don Baraton: tienda de sof\u00e1s, muebles y colchones\" \/>\n<meta property=\"og:description\" content=\"Our standard delivery services cover all mainland Spain areas. However in this section of our online store we provide some additional information about delivery to certain popular cities and towns, like delivery times, distance from our warehouse and other details. You can also find driving directions and driving times if you are planning to visit [&hellip;]\" \/>\n<meta property=\"og:url\" content=\"https:\/\/donbaraton.es\/en\/furniture-delivery-spain\/\" \/>\n<meta property=\"og:site_name\" content=\"Don Baraton: tienda de sof\u00e1s, muebles y colchones\" \/>\n<meta property=\"article:publisher\" content=\"https:\/\/www.facebook.com\/donbaraton.es\" \/>\n<meta property=\"article:modified_time\" content=\"2019-01-14T00:55:39+00:00\" \/>\n<meta name=\"twitter:card\" content=\"summary_large_image\" \/>\n<meta name=\"twitter:site\" content=\"@don_baraton\" \/>\n<meta name=\"twitter:label1\" content=\"Estimated reading time\" \/>\n\t<meta name=\"twitter:data1\" content=\"1 minute\" \/>\n<script type=\"application\/ld+json\" class=\"yoast-schema-graph\">{\"@context\":\"https:\/\/schema.org\",\"@graph\":[{\"@type\":\"WebPage\",\"@id\":\"https:\/\/donbaraton.es\/en\/furniture-delivery-spain\/\",\"url\":\"https:\/\/donbaraton.es\/en\/furniture-delivery-spain\/\",\"name\":\"Furniture Delivery in Spain By Location - Don Baraton: tienda de sof\u00e1s, muebles y colchones\",\"isPartOf\":{\"@id\":\"https:\/\/donbaraton.es\/#website\"},\"datePublished\":\"2017-08-12T00:21:10+00:00\",\"dateModified\":\"2019-01-14T00:55:39+00:00\",\"breadcrumb\":{\"@id\":\"https:\/\/donbaraton.es\/en\/furniture-delivery-spain\/#breadcrumb\"},\"inLanguage\":\"en-GB\",\"potentialAction\":[{\"@type\":\"ReadAction\",\"target\":[\"https:\/\/donbaraton.es\/en\/furniture-delivery-spain\/\"]}]},{\"@type\":\"BreadcrumbList\",\"@id\":\"https:\/\/donbaraton.es\/en\/furniture-delivery-spain\/#breadcrumb\",\"itemListElement\":[{\"@type\":\"ListItem\",\"position\":1,\"name\":\"Portada\",\"item\":\"https:\/\/donbaraton.es\/en\/\"},{\"@type\":\"ListItem\",\"position\":2,\"name\":\"Furniture Delivery in Spain By Location\"}]},{\"@type\":\"WebSite\",\"@id\":\"https:\/\/donbaraton.es\/#website\",\"url\":\"https:\/\/donbaraton.es\/\",\"name\":\"Don Baraton: tienda de sof\u00e1s, muebles y colchones\",\"description\":\"Sofas baratos desde el almac\u00e9n en Almorad\u00ed, Alicante\",\"publisher\":{\"@id\":\"https:\/\/donbaraton.es\/#organization\"},\"potentialAction\":[{\"@type\":\"SearchAction\",\"target\":{\"@type\":\"EntryPoint\",\"urlTemplate\":\"https:\/\/donbaraton.es\/?s={search_term_string}\"},\"query-input\":{\"@type\":\"PropertyValueSpecification\",\"valueRequired\":true,\"valueName\":\"search_term_string\"}}],\"inLanguage\":\"en-GB\"},{\"@type\":\"Organization\",\"@id\":\"https:\/\/donbaraton.es\/#organization\",\"name\":\"Don Baraton\",\"url\":\"https:\/\/donbaraton.es\/\",\"logo\":{\"@type\":\"ImageObject\",\"inLanguage\":\"en-GB\",\"@id\":\"https:\/\/donbaraton.es\/#\/schema\/logo\/image\/\",\"url\":\"https:\/\/i0.wp.com\/donbaraton.es\/wp-content\/uploads\/2016\/11\/logo_don_baraton.png?fit=228%2C110&ssl=1\",\"contentUrl\":\"https:\/\/i0.wp.com\/donbaraton.es\/wp-content\/uploads\/2016\/11\/logo_don_baraton.png?fit=228%2C110&ssl=1\",\"width\":228,\"height\":110,\"caption\":\"Don Baraton\"},\"image\":{\"@id\":\"https:\/\/donbaraton.es\/#\/schema\/logo\/image\/\"},\"sameAs\":[\"https:\/\/www.facebook.com\/donbaraton.es\",\"https:\/\/x.com\/don_baraton\",\"https:\/\/www.instagram.com\/donbaraton.es\",\"https:\/\/www.linkedin.com\/company\/donbaraton\/\",\"https:\/\/es.pinterest.com\/donbaraton\/\",\"https:\/\/www.youtube.com\/channel\/UCL02HOwx-F759Jq5MedAZfQ\"]}]}<\/script>\n<!-- \/ Yoast SEO plugin. -->","yoast_head_json":{"title":"Furniture Delivery in Spain By Location - Don Baraton: tienda de sof\u00e1s, muebles y colchones","robots":{"index":"index","follow":"follow","max-snippet":"max-snippet:-1","max-image-preview":"max-image-preview:large","max-video-preview":"max-video-preview:-1"},"canonical":"https:\/\/donbaraton.es\/en\/furniture-delivery-spain\/","og_locale":"en_GB","og_type":"article","og_title":"Furniture Delivery in Spain By Location - Don Baraton: tienda de sof\u00e1s, muebles y colchones","og_description":"Our standard delivery services cover all mainland Spain areas. However in this section of our online store we provide some additional information about delivery to certain popular cities and towns, like delivery times, distance from our warehouse and other details. You can also find driving directions and driving times if you are planning to visit [&hellip;]","og_url":"https:\/\/donbaraton.es\/en\/furniture-delivery-spain\/","og_site_name":"Don Baraton: tienda de sof\u00e1s, muebles y colchones","article_publisher":"https:\/\/www.facebook.com\/donbaraton.es","article_modified_time":"2019-01-14T00:55:39+00:00","twitter_card":"summary_large_image","twitter_site":"@don_baraton","twitter_misc":{"Estimated reading time":"1 minute"},"schema":{"@context":"https:\/\/schema.org","@graph":[{"@type":"WebPage","@id":"https:\/\/donbaraton.es\/en\/furniture-delivery-spain\/","url":"https:\/\/donbaraton.es\/en\/furniture-delivery-spain\/","name":"Furniture Delivery in Spain By Location - Don Baraton: tienda de sof\u00e1s, muebles y colchones","isPartOf":{"@id":"https:\/\/donbaraton.es\/#website"},"datePublished":"2017-08-12T00:21:10+00:00","dateModified":"2019-01-14T00:55:39+00:00","breadcrumb":{"@id":"https:\/\/donbaraton.es\/en\/furniture-delivery-spain\/#breadcrumb"},"inLanguage":"en-GB","potentialAction":[{"@type":"ReadAction","target":["https:\/\/donbaraton.es\/en\/furniture-delivery-spain\/"]}]},{"@type":"BreadcrumbList","@id":"https:\/\/donbaraton.es\/en\/furniture-delivery-spain\/#breadcrumb","itemListElement":[{"@type":"ListItem","position":1,"name":"Portada","item":"https:\/\/donbaraton.es\/en\/"},{"@type":"ListItem","position":2,"name":"Furniture Delivery in Spain By Location"}]},{"@type":"WebSite","@id":"https:\/\/donbaraton.es\/#website","url":"https:\/\/donbaraton.es\/","name":"Don Baraton: tienda de sof\u00e1s, muebles y colchones","description":"Sofas baratos desde el almac\u00e9n en Almorad\u00ed, Alicante","publisher":{"@id":"https:\/\/donbaraton.es\/#organization"},"potentialAction":[{"@type":"SearchAction","target":{"@type":"EntryPoint","urlTemplate":"https:\/\/donbaraton.es\/?s={search_term_string}"},"query-input":{"@type":"PropertyValueSpecification","valueRequired":true,"valueName":"search_term_string"}}],"inLanguage":"en-GB"},{"@type":"Organization","@id":"https:\/\/donbaraton.es\/#organization","name":"Don Baraton","url":"https:\/\/donbaraton.es\/","logo":{"@type":"ImageObject","inLanguage":"en-GB","@id":"https:\/\/donbaraton.es\/#\/schema\/logo\/image\/","url":"https:\/\/i0.wp.com\/donbaraton.es\/wp-content\/uploads\/2016\/11\/logo_don_baraton.png?fit=228%2C110&ssl=1","contentUrl":"https:\/\/i0.wp.com\/donbaraton.es\/wp-content\/uploads\/2016\/11\/logo_don_baraton.png?fit=228%2C110&ssl=1","width":228,"height":110,"caption":"Don Baraton"},"image":{"@id":"https:\/\/donbaraton.es\/#\/schema\/logo\/image\/"},"sameAs":["https:\/\/www.facebook.com\/donbaraton.es","https:\/\/x.com\/don_baraton","https:\/\/www.instagram.com\/donbaraton.es","https:\/\/www.linkedin.com\/company\/donbaraton\/","https:\/\/es.pinterest.com\/donbaraton\/","https:\/\/www.youtube.com\/channel\/UCL02HOwx-F759Jq5MedAZfQ"]}]}},"_links":{"self":[{"href":"https:\/\/donbaraton.es\/en\/wp-json\/wp\/v2\/pages\/4265","targetHints":{"allow":["GET"]}}],"collection":[{"href":"https:\/\/donbaraton.es\/en\/wp-json\/wp\/v2\/pages"}],"about":[{"href":"https:\/\/donbaraton.es\/en\/wp-json\/wp\/v2\/types\/page"}],"author":[{"embeddable":true,"href":"https:\/\/donbaraton.es\/en\/wp-json\/wp\/v2\/users\/3"}],"replies":[{"embeddable":true,"href":"https:\/\/donbaraton.es\/en\/wp-json\/wp\/v2\/comments?post=4265"}],"version-history":[{"count":0,"href":"https:\/\/donbaraton.es\/en\/wp-json\/wp\/v2\/pages\/4265\/revisions"}],"wp:attachment":[{"href":"https:\/\/donbaraton.es\/en\/wp-json\/wp\/v2\/media?parent=4265"}],"curies":[{"name":"wp","href":"https:\/\/api.w.org\/{rel}","templated":true}]}}