{"id":827,"date":"2017-02-16T03:02:30","date_gmt":"2017-02-16T03:02:30","guid":{"rendered":"https:\/\/donbaraton.es\/?page_id=827\/"},"modified":"2020-01-18T14:01:05","modified_gmt":"2020-01-18T13:01:05","slug":"almoradi","status":"publish","type":"page","link":"https:\/\/donbaraton.es\/en\/almoradi\/","title":{"rendered":"Sofas, Mattresses and Furniture Store &#8211; Don Baraton Almoradi"},"content":{"rendered":"<p><img loading=\"lazy\" decoding=\"async\" class=\"size-full wp-image-13691\" src=\"https:\/\/donbaraton.es\/wp-content\/uploads\/2019\/01\/Tienda-de-sof\u00e1s-colchones-camas-y-muebles-en-Almorad\u00ed-Alicante-interior-Don-Baraton.jpg\" alt=\"Sofas, mattresses, beds and furniture shop in Almoradi (Alicante). Interior - Don Baraton\" width=\"600\" height=\"449\" srcset=\"https:\/\/donbaraton.es\/wp-content\/uploads\/2019\/01\/Tienda-de-sof\u00e1s-colchones-camas-y-muebles-en-Almorad\u00ed-Alicante-interior-Don-Baraton.jpg 600w, https:\/\/donbaraton.es\/wp-content\/uploads\/2019\/01\/Tienda-de-sof\u00e1s-colchones-camas-y-muebles-en-Almorad\u00ed-Alicante-interior-Don-Baraton-400x300.jpg 400w, https:\/\/donbaraton.es\/wp-content\/uploads\/2019\/01\/Tienda-de-sof\u00e1s-colchones-camas-y-muebles-en-Almorad\u00ed-Alicante-interior-Don-Baraton-510x382.jpg 510w, https:\/\/donbaraton.es\/wp-content\/uploads\/2019\/01\/Tienda-de-sof\u00e1s-colchones-camas-y-muebles-en-Almorad\u00ed-Alicante-interior-Don-Baraton-300x225.jpg 300w\" sizes=\"(max-width: 600px) 100vw, 600px\" \/><\/p>\n<p><strong>Phone: <\/strong>+34 634 167 957 (Nicolas). Please always call us in advance before visiting. We may be out for deliveries, thank you for understanding.<\/p>\n<p><strong>Address:<\/strong> Calle Luxemburgo, 13, Almorad\u00ed (Alicante), Spain <a href=\"https:\/\/www.google.com\/maps\/place\/Don+Baraton\/@38.102438,-0.796112,14z\/data=!4m5!3m4!1s0x0:0xb3b232774228a9ad!8m2!3d38.1024379!4d-0.7961125?ll=38.102438,-0.796112&amp;z=14&amp;t=m&amp;hl=en-US&amp;gl=ES&amp;mapclient=embed&amp;cid=12948467366436055469\">(click here for driving directions on mobile)<\/a><\/p>\n<p><strong>Opening hours:<\/strong> Monday &#8211; Friday: 10am &#8211; 8pm, Saturday: 10am &#8211; 3pm <strong>Floor space:<\/strong> 630 m2<\/p>\n<p>All our products can be found on the website. Please click the button below to choose and order your sofa online.<\/p>\n<p><!-- .et_pb_text --><\/p>\n<div class=\"et_pb_button_module_wrapper et_pb_module et_pb_button_alignment_center\"><a class=\"et_pb_button et_pb_button_0 et_pb_module et_pb_bg_layout_dark\" href=\"\/en\/shop\/\">View sofas<\/a><\/div>\n<p><!-- .et_pb_column --><\/p>\n<p><!-- .et_pb_row --><\/p>\n<p><!-- .et_pb_section --><\/p>\n<p style=\"text-align: center;\"><strong>Questions? Please send us a message:<\/strong><\/p>\n<p style=\"text-align: center;\"><a class=\"et_pb_button et_pb_button_0 et_pb_module et_pb_bg_layout_dark\" href=\"\/en\/contact\/\">Contact us<\/a><\/p>\n<p>Our shop in Almoradi sells inexpensive leather sofas, fabric sofas, sofas with chaise longue, corner sofas, beds, sofa beds, memory foam mattresses (single, double and queen double), headboards, armchairs, wardrobes, shoe cabinets, chests of drawers and other furniture items.<\/p>\n<p><img loading=\"lazy\" decoding=\"async\" class=\"size-full wp-image-13694\" src=\"https:\/\/donbaraton.es\/wp-content\/uploads\/2019\/01\/Fachada.-Tienda-de-sof\u00e1s-colchones-camas-y-muebles-en-Almorad\u00ed-Alicante-Don-Baraton.jpg\" alt=\"Sofas, mattresses, beds and furniture shop in Almoradi (Alicante). Storefront - Don Baraton\" width=\"600\" height=\"625\" srcset=\"https:\/\/donbaraton.es\/wp-content\/uploads\/2019\/01\/Fachada.-Tienda-de-sof\u00e1s-colchones-camas-y-muebles-en-Almorad\u00ed-Alicante-Don-Baraton.jpg 600w, https:\/\/donbaraton.es\/wp-content\/uploads\/2019\/01\/Fachada.-Tienda-de-sof\u00e1s-colchones-camas-y-muebles-en-Almorad\u00ed-Alicante-Don-Baraton-510x531.jpg 510w, https:\/\/donbaraton.es\/wp-content\/uploads\/2019\/01\/Fachada.-Tienda-de-sof\u00e1s-colchones-camas-y-muebles-en-Almorad\u00ed-Alicante-Don-Baraton-288x300.jpg 288w\" sizes=\"(max-width: 600px) 100vw, 600px\" \/><\/p>\n<p>Find you discounted furniture here. We are looking forward to welcoming you in our shop! Clearance sale every Saturday &#8211; buy even cheaper!<\/p>\n<p>We are very close to Algorfa, Dolores, Rojales, Daya Nueva, Benijofar, Cuidad Quesada, Torrevieja, Orihuela, Redovan, Bigastro, Los Montesinos, Benejuzar, Guardamar del Segura, La Marina, San Fulgencio, Santa Pola, Catral, Callosa de Segura, Albatera,\u00a0Crevillente, Cox, San Miguel de Salinas, Villamartin, Hondon and other towns and villages of the Vega Baja.<\/p>\n<p>It&#8217;s also easy to arrive from Alicante, Elche, Murcia, Cartagena and other towns of the area.<\/p>\n<p>Parking space is always available in front of the shop (we are located in Las Maromas Industrial Estate, not in a residential area).<\/p>\n<p><strong>Location on Google Maps:<\/strong><\/p>\n<p><iframe loading=\"lazy\" style=\"border: 0;\" src=\"https:\/\/www.google.com\/maps\/embed?pb=!1m14!1m8!1m3!1d12558.492056133939!2d-0.7961125!3d38.1024379!3m2!1i1024!2i768!4f13.1!3m3!1m2!1s0x0%3A0xb3b232774228a9ad!2sDon+Baraton!5e0!3m2!1sen!2ses!4v1479095145759\" width=\"600\" height=\"450\" frameborder=\"0\" allowfullscreen=\"allowfullscreen\"><\/iframe><\/p>\n<p>You can also check out our <a href=\"\/?page_id=830\">furniture shop in Torrevieja<\/a>\u00a0if that&#8217;s closer to where you are<\/p>\n","protected":false},"excerpt":{"rendered":"<p>Phone: +34 634 167 957 (Nicolas). Please always call us in advance before visiting. We may be out for deliveries, thank you for understanding. Address: Calle Luxemburgo, 13, Almorad\u00ed (Alicante), Spain (click here for driving directions on mobile) Opening hours: Monday &#8211; Friday: 10am &#8211; 8pm, Saturday: 10am &#8211; 3pm Floor space: 630 m2 All [&hellip;]<\/p>\n","protected":false},"author":3,"featured_media":0,"parent":0,"menu_order":0,"comment_status":"closed","ping_status":"closed","template":"","meta":{"_et_pb_use_builder":"off","_et_pb_old_content":"","_et_gb_content_width":"","footnotes":""},"class_list":["post-827","page","type-page","status-publish","hentry"],"yoast_head":"<!-- This site is optimized with the Yoast SEO plugin v27.2 - https:\/\/yoast.com\/product\/yoast-seo-wordpress\/ -->\n<title>Don Baraton Almoradi - Sofas, Beds, Mattresses and Furniture Shop<\/title>\n<meta name=\"description\" content=\"Corner sofas, chaise longue, sofa beds, storage beds, recliners, chairs, memory foam mattresses more! Fast delivery and assembly in your home in Spain.\" \/>\n<meta name=\"robots\" content=\"index, follow, max-snippet:-1, max-image-preview:large, max-video-preview:-1\" \/>\n<link rel=\"canonical\" href=\"https:\/\/donbaraton.es\/en\/almoradi\/\" \/>\n<meta property=\"og:locale\" content=\"en_GB\" \/>\n<meta property=\"og:type\" content=\"article\" \/>\n<meta property=\"og:title\" content=\"Don Baraton Almoradi - Sofas, Beds, Mattresses and Furniture Shop\" \/>\n<meta property=\"og:description\" content=\"Corner sofas, chaise longue, sofa beds, storage beds, recliners, chairs, memory foam mattresses more! Fast delivery and assembly in your home in Spain.\" \/>\n<meta property=\"og:url\" content=\"https:\/\/donbaraton.es\/en\/almoradi\/\" \/>\n<meta property=\"og:site_name\" content=\"Don Baraton: tienda de sof\u00e1s, muebles y colchones\" \/>\n<meta property=\"article:publisher\" content=\"https:\/\/www.facebook.com\/donbaraton.es\" \/>\n<meta property=\"article:modified_time\" content=\"2020-01-18T13:01:05+00:00\" \/>\n<meta property=\"og:image\" content=\"https:\/\/donbaraton.es\/wp-content\/uploads\/2019\/01\/Tienda-de-sof\u00e1s-colchones-camas-y-muebles-en-Almorad\u00ed-Alicante-interior-Don-Baraton.jpg\" \/>\n<meta name=\"twitter:card\" content=\"summary_large_image\" \/>\n<meta name=\"twitter:site\" content=\"@don_baraton\" \/>\n<meta name=\"twitter:label1\" content=\"Estimated reading time\" \/>\n\t<meta name=\"twitter:data1\" content=\"1 minute\" \/>\n<script type=\"application\/ld+json\" class=\"yoast-schema-graph\">{\"@context\":\"https:\/\/schema.org\",\"@graph\":[{\"@type\":\"WebPage\",\"@id\":\"https:\/\/donbaraton.es\/en\/almoradi\/\",\"url\":\"https:\/\/donbaraton.es\/en\/almoradi\/\",\"name\":\"Don Baraton Almoradi - Sofas, Beds, Mattresses and Furniture Shop\",\"isPartOf\":{\"@id\":\"https:\/\/donbaraton.es\/#website\"},\"datePublished\":\"2017-02-16T03:02:30+00:00\",\"dateModified\":\"2020-01-18T13:01:05+00:00\",\"description\":\"Corner sofas, chaise longue, sofa beds, storage beds, recliners, chairs, memory foam mattresses more! Fast delivery and assembly in your home in Spain.\",\"breadcrumb\":{\"@id\":\"https:\/\/donbaraton.es\/en\/almoradi\/#breadcrumb\"},\"inLanguage\":\"en-GB\",\"potentialAction\":[{\"@type\":\"ReadAction\",\"target\":[\"https:\/\/donbaraton.es\/en\/almoradi\/\"]}]},{\"@type\":\"BreadcrumbList\",\"@id\":\"https:\/\/donbaraton.es\/en\/almoradi\/#breadcrumb\",\"itemListElement\":[{\"@type\":\"ListItem\",\"position\":1,\"name\":\"Portada\",\"item\":\"https:\/\/donbaraton.es\/en\/\"},{\"@type\":\"ListItem\",\"position\":2,\"name\":\"Sofas, Mattresses and Furniture Store &#8211; Don Baraton Almoradi\"}]},{\"@type\":\"WebSite\",\"@id\":\"https:\/\/donbaraton.es\/#website\",\"url\":\"https:\/\/donbaraton.es\/\",\"name\":\"Don Baraton: tienda de sof\u00e1s, muebles y colchones\",\"description\":\"Sofas baratos desde el almac\u00e9n en Almorad\u00ed, Alicante\",\"publisher\":{\"@id\":\"https:\/\/donbaraton.es\/#organization\"},\"potentialAction\":[{\"@type\":\"SearchAction\",\"target\":{\"@type\":\"EntryPoint\",\"urlTemplate\":\"https:\/\/donbaraton.es\/?s={search_term_string}\"},\"query-input\":{\"@type\":\"PropertyValueSpecification\",\"valueRequired\":true,\"valueName\":\"search_term_string\"}}],\"inLanguage\":\"en-GB\"},{\"@type\":\"Organization\",\"@id\":\"https:\/\/donbaraton.es\/#organization\",\"name\":\"Don Baraton\",\"url\":\"https:\/\/donbaraton.es\/\",\"logo\":{\"@type\":\"ImageObject\",\"inLanguage\":\"en-GB\",\"@id\":\"https:\/\/donbaraton.es\/#\/schema\/logo\/image\/\",\"url\":\"https:\/\/i0.wp.com\/donbaraton.es\/wp-content\/uploads\/2016\/11\/logo_don_baraton.png?fit=228%2C110&ssl=1\",\"contentUrl\":\"https:\/\/i0.wp.com\/donbaraton.es\/wp-content\/uploads\/2016\/11\/logo_don_baraton.png?fit=228%2C110&ssl=1\",\"width\":228,\"height\":110,\"caption\":\"Don Baraton\"},\"image\":{\"@id\":\"https:\/\/donbaraton.es\/#\/schema\/logo\/image\/\"},\"sameAs\":[\"https:\/\/www.facebook.com\/donbaraton.es\",\"https:\/\/x.com\/don_baraton\",\"https:\/\/www.instagram.com\/donbaraton.es\",\"https:\/\/www.linkedin.com\/company\/donbaraton\/\",\"https:\/\/es.pinterest.com\/donbaraton\/\",\"https:\/\/www.youtube.com\/channel\/UCL02HOwx-F759Jq5MedAZfQ\"]}]}<\/script>\n<!-- \/ Yoast SEO plugin. -->","yoast_head_json":{"title":"Don Baraton Almoradi - Sofas, Beds, Mattresses and Furniture Shop","description":"Corner sofas, chaise longue, sofa beds, storage beds, recliners, chairs, memory foam mattresses more! Fast delivery and assembly in your home in Spain.","robots":{"index":"index","follow":"follow","max-snippet":"max-snippet:-1","max-image-preview":"max-image-preview:large","max-video-preview":"max-video-preview:-1"},"canonical":"https:\/\/donbaraton.es\/en\/almoradi\/","og_locale":"en_GB","og_type":"article","og_title":"Don Baraton Almoradi - Sofas, Beds, Mattresses and Furniture Shop","og_description":"Corner sofas, chaise longue, sofa beds, storage beds, recliners, chairs, memory foam mattresses more! Fast delivery and assembly in your home in Spain.","og_url":"https:\/\/donbaraton.es\/en\/almoradi\/","og_site_name":"Don Baraton: tienda de sof\u00e1s, muebles y colchones","article_publisher":"https:\/\/www.facebook.com\/donbaraton.es","article_modified_time":"2020-01-18T13:01:05+00:00","og_image":[{"url":"https:\/\/donbaraton.es\/wp-content\/uploads\/2019\/01\/Tienda-de-sof\u00e1s-colchones-camas-y-muebles-en-Almorad\u00ed-Alicante-interior-Don-Baraton.jpg","type":"","width":"","height":""}],"twitter_card":"summary_large_image","twitter_site":"@don_baraton","twitter_misc":{"Estimated reading time":"1 minute"},"schema":{"@context":"https:\/\/schema.org","@graph":[{"@type":"WebPage","@id":"https:\/\/donbaraton.es\/en\/almoradi\/","url":"https:\/\/donbaraton.es\/en\/almoradi\/","name":"Don Baraton Almoradi - Sofas, Beds, Mattresses and Furniture Shop","isPartOf":{"@id":"https:\/\/donbaraton.es\/#website"},"datePublished":"2017-02-16T03:02:30+00:00","dateModified":"2020-01-18T13:01:05+00:00","description":"Corner sofas, chaise longue, sofa beds, storage beds, recliners, chairs, memory foam mattresses more! Fast delivery and assembly in your home in Spain.","breadcrumb":{"@id":"https:\/\/donbaraton.es\/en\/almoradi\/#breadcrumb"},"inLanguage":"en-GB","potentialAction":[{"@type":"ReadAction","target":["https:\/\/donbaraton.es\/en\/almoradi\/"]}]},{"@type":"BreadcrumbList","@id":"https:\/\/donbaraton.es\/en\/almoradi\/#breadcrumb","itemListElement":[{"@type":"ListItem","position":1,"name":"Portada","item":"https:\/\/donbaraton.es\/en\/"},{"@type":"ListItem","position":2,"name":"Sofas, Mattresses and Furniture Store &#8211; Don Baraton Almoradi"}]},{"@type":"WebSite","@id":"https:\/\/donbaraton.es\/#website","url":"https:\/\/donbaraton.es\/","name":"Don Baraton: tienda de sof\u00e1s, muebles y colchones","description":"Sofas baratos desde el almac\u00e9n en Almorad\u00ed, Alicante","publisher":{"@id":"https:\/\/donbaraton.es\/#organization"},"potentialAction":[{"@type":"SearchAction","target":{"@type":"EntryPoint","urlTemplate":"https:\/\/donbaraton.es\/?s={search_term_string}"},"query-input":{"@type":"PropertyValueSpecification","valueRequired":true,"valueName":"search_term_string"}}],"inLanguage":"en-GB"},{"@type":"Organization","@id":"https:\/\/donbaraton.es\/#organization","name":"Don Baraton","url":"https:\/\/donbaraton.es\/","logo":{"@type":"ImageObject","inLanguage":"en-GB","@id":"https:\/\/donbaraton.es\/#\/schema\/logo\/image\/","url":"https:\/\/i0.wp.com\/donbaraton.es\/wp-content\/uploads\/2016\/11\/logo_don_baraton.png?fit=228%2C110&ssl=1","contentUrl":"https:\/\/i0.wp.com\/donbaraton.es\/wp-content\/uploads\/2016\/11\/logo_don_baraton.png?fit=228%2C110&ssl=1","width":228,"height":110,"caption":"Don Baraton"},"image":{"@id":"https:\/\/donbaraton.es\/#\/schema\/logo\/image\/"},"sameAs":["https:\/\/www.facebook.com\/donbaraton.es","https:\/\/x.com\/don_baraton","https:\/\/www.instagram.com\/donbaraton.es","https:\/\/www.linkedin.com\/company\/donbaraton\/","https:\/\/es.pinterest.com\/donbaraton\/","https:\/\/www.youtube.com\/channel\/UCL02HOwx-F759Jq5MedAZfQ"]}]}},"_links":{"self":[{"href":"https:\/\/donbaraton.es\/en\/wp-json\/wp\/v2\/pages\/827","targetHints":{"allow":["GET"]}}],"collection":[{"href":"https:\/\/donbaraton.es\/en\/wp-json\/wp\/v2\/pages"}],"about":[{"href":"https:\/\/donbaraton.es\/en\/wp-json\/wp\/v2\/types\/page"}],"author":[{"embeddable":true,"href":"https:\/\/donbaraton.es\/en\/wp-json\/wp\/v2\/users\/3"}],"replies":[{"embeddable":true,"href":"https:\/\/donbaraton.es\/en\/wp-json\/wp\/v2\/comments?post=827"}],"version-history":[{"count":0,"href":"https:\/\/donbaraton.es\/en\/wp-json\/wp\/v2\/pages\/827\/revisions"}],"wp:attachment":[{"href":"https:\/\/donbaraton.es\/en\/wp-json\/wp\/v2\/media?parent=827"}],"curies":[{"name":"wp","href":"https:\/\/api.w.org\/{rel}","templated":true}]}}