{"id":10307,"date":"2022-01-22T20:52:39","date_gmt":"2018-07-10T12:27:39","guid":{"rendered":"https:\/\/donbaraton.es\/producto\/uncategorized\/u-shaped-sofa-pull-out-bed-reclining-headrests-toronto\/"},"modified":"2026-04-10T05:48:17","modified_gmt":"2026-04-10T03:48:17","slug":"u-shaped-sofa-pull-out-bed-reclining-headrests-toronto","status":"publish","type":"product","link":"https:\/\/donbaraton.es\/en\/p\/u-shaped-sofa-pull-out-bed-reclining-headrests-toronto\/","title":{"rendered":"U-shaped Sofa with Pull-out Bed and Reclining Headrests &#8211; Toronto"},"content":{"rendered":"<p>A very comfortable <strong>spacious u-shaped sofa<\/strong> for large living rooms &#8211; Toronto.<\/p>\n<p><strong>Reclining adjustable headrests<\/strong> (4 positions) for maximum comfort and optimal seating position. Comfy and soft <strong>seats<\/strong> with wave springs. <strong>High backrests<\/strong>, suitable for people of any height. Spacious <strong>pull-out bed<\/strong> with the <em>dolphin<\/em> opening mechanism. <strong>Storage<\/strong> under the chaise longue. Durable<strong> chrome legs.<\/strong> <strong>Modern design<\/strong> with padded fabric.<\/p>\n<p><strong>Dimensions:<\/strong> length 330 cm, length of the corner part 212 cm, length of the chaise longue 165 cm. Height with headrests up &#8211; 108 cm, with headrests down &#8211; 86 cm.\u00a0<strong>Dimensions of the bed:<\/strong> 269 x 130 cm.<\/p>\n<p><strong>The sofa is available in three fabrics:<\/strong> &#8211; <strong>Light grey<\/strong> synthetic fabric on seat and backrest and <strong>white<\/strong> faux leather on the lower part and the outer backrest part &#8211; Plush Alfa 19 <strong>(grey)<\/strong>, a very soft to touch and durable fabric that will last for years. Weight 435 g \/ m2, 40,000 abrasive cycles &#8211; Inari 94 fabric (dark grey colour), one of the most durable fabric on the market, 49,000 abrasive cycles, weight 260 g \/ m2. Perfect if you have pets &#8211; Inari 28 fabric (brown colour).<\/p>\n<p>The same fabric type as above but in brown This model is also available in L shape:\u00a0<strong><a href=\"https:\/\/donbaraton.es\/en\/p\/corner-sofa-high-backrest-reclining-headrests-bed-storage-hamilton\/\">Corner Sofa with High Backrest, Reclining Headrests, Bed and Storage<\/a><\/strong><\/p>\n<p><strong>Transportation volume:<\/strong> 3.91 m3. <strong>Weight:<\/strong> 165 kg. Three packages: 53 kg, 55 kg and 57 kg.<\/p>\n","protected":false},"excerpt":{"rendered":"<ul>\n<li>Modern design<\/li>\n<li>Reclining headrests<\/li>\n<li>Spacious pull-out bed 269 x 130 cm<\/li>\n<li>2 storage compartments<\/li>\n<li>Corrugated springs<\/li>\n<li>Chrome legs<\/li>\n<\/ul>\n<p><strong>Dimensions:<\/strong> length 330 cm, length of the corner part 212 cm, length of the chaise longue 165 cm, height 86 &#8211; 108 cm<\/p>\n","protected":false},"featured_media":10305,"comment_status":"open","ping_status":"closed","template":"","meta":{"_et_pb_use_builder":"","_et_pb_old_content":"","_et_gb_content_width":""},"product_brand":[],"product_cat":[108,41,35],"product_tag":[],"class_list":{"0":"post-10307","1":"product","2":"type-product","3":"status-publish","4":"has-post-thumbnail","6":"product_cat-corner-sofas","7":"product_cat-sofa-beds","8":"product_cat-sofas-en","9":"product_shipping_class-mas-de-20-kg-fabricacion-hasta-43-dias","10":"pa_lado-left","11":"pa_lado-right","12":"pa_largo-sofas-301-cm-plus","13":"pa_material-fabric","14":"pa_plazas-large-sofas","16":"first","17":"onbackorder","18":"sale","19":"taxable","20":"shipping-taxable","21":"purchasable","22":"product-type-variable"},"yoast_head":"<!-- This site is optimized with the Yoast SEO plugin v27.2 - https:\/\/yoast.com\/product\/yoast-seo-wordpress\/ -->\n<title>U-shaped Sofa with Pull-out Bed and Reclining Headrests - Toronto - Don Baraton: tienda de sof\u00e1s, muebles y colchones<\/title>\n<meta name=\"robots\" content=\"index, follow, max-snippet:-1, max-image-preview:large, max-video-preview:-1\" \/>\n<link rel=\"canonical\" href=\"https:\/\/donbaraton.es\/en\/p\/u-shaped-sofa-pull-out-bed-reclining-headrests-toronto\/\" \/>\n<meta property=\"og:locale\" content=\"en_GB\" \/>\n<meta property=\"og:type\" content=\"article\" \/>\n<meta property=\"og:title\" content=\"U-shaped Sofa with Pull-out Bed and Reclining Headrests - Toronto - Don Baraton: tienda de sof\u00e1s, muebles y colchones\" \/>\n<meta property=\"og:description\" content=\"Modern design Reclining headrests Spacious pull-out bed 269 x 130 cm 2 storage compartments Corrugated springs Chrome legs  Dimensions: length 330 cm, length of the corner part 212 cm, length of the chaise longue 165 cm, height 86 - 108 cm\" \/>\n<meta property=\"og:url\" content=\"https:\/\/donbaraton.es\/en\/p\/u-shaped-sofa-pull-out-bed-reclining-headrests-toronto\/\" \/>\n<meta property=\"og:site_name\" content=\"Don Baraton: tienda de sof\u00e1s, muebles y colchones\" \/>\n<meta property=\"article:publisher\" content=\"https:\/\/www.facebook.com\/donbaraton.es\" \/>\n<meta property=\"article:modified_time\" content=\"2026-04-10T03:48:17+00:00\" \/>\n<meta property=\"og:image\" content=\"https:\/\/donbaraton.es\/wp-content\/uploads\/2018\/07\/Sof\u00e1-en-forma-de-U-con-reposacabezas-reclinables-Toronto.-Color-gris-oscuro.-Tela-Inari-94.-Esquina-lado-izquierdo.jpg\" \/>\n\t<meta property=\"og:image:width\" content=\"1000\" \/>\n\t<meta property=\"og:image:height\" content=\"663\" \/>\n\t<meta property=\"og:image:type\" content=\"image\/jpeg\" \/>\n<meta name=\"twitter:card\" content=\"summary_large_image\" \/>\n<meta name=\"twitter:site\" content=\"@don_baraton\" \/>\n<meta name=\"twitter:label1\" content=\"Estimated reading time\" \/>\n\t<meta name=\"twitter:data1\" content=\"1 minute\" \/>\n<script type=\"application\/ld+json\" class=\"yoast-schema-graph\">{\"@context\":\"https:\/\/schema.org\",\"@graph\":[{\"@type\":\"WebPage\",\"@id\":\"https:\/\/donbaraton.es\/en\/p\/u-shaped-sofa-pull-out-bed-reclining-headrests-toronto\/\",\"url\":\"https:\/\/donbaraton.es\/en\/p\/u-shaped-sofa-pull-out-bed-reclining-headrests-toronto\/\",\"name\":\"U-shaped Sofa with Pull-out Bed and Reclining Headrests - Toronto - Don Baraton: tienda de sof\u00e1s, muebles y colchones\",\"isPartOf\":{\"@id\":\"https:\/\/donbaraton.es\/#website\"},\"primaryImageOfPage\":{\"@id\":\"https:\/\/donbaraton.es\/en\/p\/u-shaped-sofa-pull-out-bed-reclining-headrests-toronto\/#primaryimage\"},\"image\":{\"@id\":\"https:\/\/donbaraton.es\/en\/p\/u-shaped-sofa-pull-out-bed-reclining-headrests-toronto\/#primaryimage\"},\"thumbnailUrl\":\"https:\/\/donbaraton.es\/wp-content\/uploads\/2018\/07\/Sof\u00e1-en-forma-de-U-con-reposacabezas-reclinables-Toronto.-Esquina-al-lado-izqueirdo.jpg\",\"datePublished\":\"2018-07-10T12:27:39+00:00\",\"dateModified\":\"2026-04-10T03:48:17+00:00\",\"breadcrumb\":{\"@id\":\"https:\/\/donbaraton.es\/en\/p\/u-shaped-sofa-pull-out-bed-reclining-headrests-toronto\/#breadcrumb\"},\"inLanguage\":\"en-GB\",\"potentialAction\":[{\"@type\":\"ReadAction\",\"target\":[\"https:\/\/donbaraton.es\/en\/p\/u-shaped-sofa-pull-out-bed-reclining-headrests-toronto\/\"]}]},{\"@type\":\"ImageObject\",\"inLanguage\":\"en-GB\",\"@id\":\"https:\/\/donbaraton.es\/en\/p\/u-shaped-sofa-pull-out-bed-reclining-headrests-toronto\/#primaryimage\",\"url\":\"https:\/\/donbaraton.es\/wp-content\/uploads\/2018\/07\/Sof\u00e1-en-forma-de-U-con-reposacabezas-reclinables-Toronto.-Esquina-al-lado-izqueirdo.jpg\",\"contentUrl\":\"https:\/\/donbaraton.es\/wp-content\/uploads\/2018\/07\/Sof\u00e1-en-forma-de-U-con-reposacabezas-reclinables-Toronto.-Esquina-al-lado-izqueirdo.jpg\",\"width\":1000,\"height\":663,\"caption\":\"U-shaped Sofa with Pull-out Bed and Reclining Headrests - Toronto. Left Corner. Grey soft to touch fabric Alfa 19\"},{\"@type\":\"BreadcrumbList\",\"@id\":\"https:\/\/donbaraton.es\/en\/p\/u-shaped-sofa-pull-out-bed-reclining-headrests-toronto\/#breadcrumb\",\"itemListElement\":[{\"@type\":\"ListItem\",\"position\":1,\"name\":\"Portada\",\"item\":\"https:\/\/donbaraton.es\/en\/\"},{\"@type\":\"ListItem\",\"position\":2,\"name\":\"Online Shop\",\"item\":\"https:\/\/donbaraton.es\/en\/shop\/\"},{\"@type\":\"ListItem\",\"position\":3,\"name\":\"U-shaped Sofa with Pull-out Bed and Reclining Headrests &#8211; Toronto\"}]},{\"@type\":\"WebSite\",\"@id\":\"https:\/\/donbaraton.es\/#website\",\"url\":\"https:\/\/donbaraton.es\/\",\"name\":\"Don Baraton: tienda de sof\u00e1s, muebles y colchones\",\"description\":\"Sofas baratos desde el almac\u00e9n en Almorad\u00ed, Alicante\",\"publisher\":{\"@id\":\"https:\/\/donbaraton.es\/#organization\"},\"potentialAction\":[{\"@type\":\"SearchAction\",\"target\":{\"@type\":\"EntryPoint\",\"urlTemplate\":\"https:\/\/donbaraton.es\/?s={search_term_string}\"},\"query-input\":{\"@type\":\"PropertyValueSpecification\",\"valueRequired\":true,\"valueName\":\"search_term_string\"}}],\"inLanguage\":\"en-GB\"},{\"@type\":\"Organization\",\"@id\":\"https:\/\/donbaraton.es\/#organization\",\"name\":\"Don Baraton\",\"url\":\"https:\/\/donbaraton.es\/\",\"logo\":{\"@type\":\"ImageObject\",\"inLanguage\":\"en-GB\",\"@id\":\"https:\/\/donbaraton.es\/#\/schema\/logo\/image\/\",\"url\":\"https:\/\/i0.wp.com\/donbaraton.es\/wp-content\/uploads\/2016\/11\/logo_don_baraton.png?fit=228%2C110&ssl=1\",\"contentUrl\":\"https:\/\/i0.wp.com\/donbaraton.es\/wp-content\/uploads\/2016\/11\/logo_don_baraton.png?fit=228%2C110&ssl=1\",\"width\":228,\"height\":110,\"caption\":\"Don Baraton\"},\"image\":{\"@id\":\"https:\/\/donbaraton.es\/#\/schema\/logo\/image\/\"},\"sameAs\":[\"https:\/\/www.facebook.com\/donbaraton.es\",\"https:\/\/x.com\/don_baraton\",\"https:\/\/www.instagram.com\/donbaraton.es\",\"https:\/\/www.linkedin.com\/company\/donbaraton\/\",\"https:\/\/es.pinterest.com\/donbaraton\/\",\"https:\/\/www.youtube.com\/channel\/UCL02HOwx-F759Jq5MedAZfQ\"]}]}<\/script>\n<!-- \/ Yoast SEO plugin. -->","yoast_head_json":{"title":"U-shaped Sofa with Pull-out Bed and Reclining Headrests - Toronto - Don Baraton: tienda de sof\u00e1s, muebles y colchones","robots":{"index":"index","follow":"follow","max-snippet":"max-snippet:-1","max-image-preview":"max-image-preview:large","max-video-preview":"max-video-preview:-1"},"canonical":"https:\/\/donbaraton.es\/en\/p\/u-shaped-sofa-pull-out-bed-reclining-headrests-toronto\/","og_locale":"en_GB","og_type":"article","og_title":"U-shaped Sofa with Pull-out Bed and Reclining Headrests - Toronto - Don Baraton: tienda de sof\u00e1s, muebles y colchones","og_description":"Modern design Reclining headrests Spacious pull-out bed 269 x 130 cm 2 storage compartments Corrugated springs Chrome legs  Dimensions: length 330 cm, length of the corner part 212 cm, length of the chaise longue 165 cm, height 86 - 108 cm","og_url":"https:\/\/donbaraton.es\/en\/p\/u-shaped-sofa-pull-out-bed-reclining-headrests-toronto\/","og_site_name":"Don Baraton: tienda de sof\u00e1s, muebles y colchones","article_publisher":"https:\/\/www.facebook.com\/donbaraton.es","article_modified_time":"2026-04-10T03:48:17+00:00","og_image":[{"width":1000,"height":663,"url":"https:\/\/donbaraton.es\/wp-content\/uploads\/2018\/07\/Sof\u00e1-en-forma-de-U-con-reposacabezas-reclinables-Toronto.-Color-gris-oscuro.-Tela-Inari-94.-Esquina-lado-izquierdo.jpg","type":"image\/jpeg"}],"twitter_card":"summary_large_image","twitter_site":"@don_baraton","twitter_misc":{"Estimated reading time":"1 minute"},"schema":{"@context":"https:\/\/schema.org","@graph":[{"@type":"WebPage","@id":"https:\/\/donbaraton.es\/en\/p\/u-shaped-sofa-pull-out-bed-reclining-headrests-toronto\/","url":"https:\/\/donbaraton.es\/en\/p\/u-shaped-sofa-pull-out-bed-reclining-headrests-toronto\/","name":"U-shaped Sofa with Pull-out Bed and Reclining Headrests - Toronto - Don Baraton: tienda de sof\u00e1s, muebles y colchones","isPartOf":{"@id":"https:\/\/donbaraton.es\/#website"},"primaryImageOfPage":{"@id":"https:\/\/donbaraton.es\/en\/p\/u-shaped-sofa-pull-out-bed-reclining-headrests-toronto\/#primaryimage"},"image":{"@id":"https:\/\/donbaraton.es\/en\/p\/u-shaped-sofa-pull-out-bed-reclining-headrests-toronto\/#primaryimage"},"thumbnailUrl":"https:\/\/donbaraton.es\/wp-content\/uploads\/2018\/07\/Sof\u00e1-en-forma-de-U-con-reposacabezas-reclinables-Toronto.-Esquina-al-lado-izqueirdo.jpg","datePublished":"2018-07-10T12:27:39+00:00","dateModified":"2026-04-10T03:48:17+00:00","breadcrumb":{"@id":"https:\/\/donbaraton.es\/en\/p\/u-shaped-sofa-pull-out-bed-reclining-headrests-toronto\/#breadcrumb"},"inLanguage":"en-GB","potentialAction":[{"@type":"ReadAction","target":["https:\/\/donbaraton.es\/en\/p\/u-shaped-sofa-pull-out-bed-reclining-headrests-toronto\/"]}]},{"@type":"ImageObject","inLanguage":"en-GB","@id":"https:\/\/donbaraton.es\/en\/p\/u-shaped-sofa-pull-out-bed-reclining-headrests-toronto\/#primaryimage","url":"https:\/\/donbaraton.es\/wp-content\/uploads\/2018\/07\/Sof\u00e1-en-forma-de-U-con-reposacabezas-reclinables-Toronto.-Esquina-al-lado-izqueirdo.jpg","contentUrl":"https:\/\/donbaraton.es\/wp-content\/uploads\/2018\/07\/Sof\u00e1-en-forma-de-U-con-reposacabezas-reclinables-Toronto.-Esquina-al-lado-izqueirdo.jpg","width":1000,"height":663,"caption":"U-shaped Sofa with Pull-out Bed and Reclining Headrests - Toronto. Left Corner. Grey soft to touch fabric Alfa 19"},{"@type":"BreadcrumbList","@id":"https:\/\/donbaraton.es\/en\/p\/u-shaped-sofa-pull-out-bed-reclining-headrests-toronto\/#breadcrumb","itemListElement":[{"@type":"ListItem","position":1,"name":"Portada","item":"https:\/\/donbaraton.es\/en\/"},{"@type":"ListItem","position":2,"name":"Online Shop","item":"https:\/\/donbaraton.es\/en\/shop\/"},{"@type":"ListItem","position":3,"name":"U-shaped Sofa with Pull-out Bed and Reclining Headrests &#8211; Toronto"}]},{"@type":"WebSite","@id":"https:\/\/donbaraton.es\/#website","url":"https:\/\/donbaraton.es\/","name":"Don Baraton: tienda de sof\u00e1s, muebles y colchones","description":"Sofas baratos desde el almac\u00e9n en Almorad\u00ed, Alicante","publisher":{"@id":"https:\/\/donbaraton.es\/#organization"},"potentialAction":[{"@type":"SearchAction","target":{"@type":"EntryPoint","urlTemplate":"https:\/\/donbaraton.es\/?s={search_term_string}"},"query-input":{"@type":"PropertyValueSpecification","valueRequired":true,"valueName":"search_term_string"}}],"inLanguage":"en-GB"},{"@type":"Organization","@id":"https:\/\/donbaraton.es\/#organization","name":"Don Baraton","url":"https:\/\/donbaraton.es\/","logo":{"@type":"ImageObject","inLanguage":"en-GB","@id":"https:\/\/donbaraton.es\/#\/schema\/logo\/image\/","url":"https:\/\/i0.wp.com\/donbaraton.es\/wp-content\/uploads\/2016\/11\/logo_don_baraton.png?fit=228%2C110&ssl=1","contentUrl":"https:\/\/i0.wp.com\/donbaraton.es\/wp-content\/uploads\/2016\/11\/logo_don_baraton.png?fit=228%2C110&ssl=1","width":228,"height":110,"caption":"Don Baraton"},"image":{"@id":"https:\/\/donbaraton.es\/#\/schema\/logo\/image\/"},"sameAs":["https:\/\/www.facebook.com\/donbaraton.es","https:\/\/x.com\/don_baraton","https:\/\/www.instagram.com\/donbaraton.es","https:\/\/www.linkedin.com\/company\/donbaraton\/","https:\/\/es.pinterest.com\/donbaraton\/","https:\/\/www.youtube.com\/channel\/UCL02HOwx-F759Jq5MedAZfQ"]}]}},"_links":{"self":[{"href":"https:\/\/donbaraton.es\/en\/wp-json\/wp\/v2\/product\/10307","targetHints":{"allow":["GET"]}}],"collection":[{"href":"https:\/\/donbaraton.es\/en\/wp-json\/wp\/v2\/product"}],"about":[{"href":"https:\/\/donbaraton.es\/en\/wp-json\/wp\/v2\/types\/product"}],"replies":[{"embeddable":true,"href":"https:\/\/donbaraton.es\/en\/wp-json\/wp\/v2\/comments?post=10307"}],"wp:featuredmedia":[{"embeddable":true,"href":"https:\/\/donbaraton.es\/en\/wp-json\/wp\/v2\/media\/10305"}],"wp:attachment":[{"href":"https:\/\/donbaraton.es\/en\/wp-json\/wp\/v2\/media?parent=10307"}],"wp:term":[{"taxonomy":"product_brand","embeddable":true,"href":"https:\/\/donbaraton.es\/en\/wp-json\/wp\/v2\/product_brand?post=10307"},{"taxonomy":"product_cat","embeddable":true,"href":"https:\/\/donbaraton.es\/en\/wp-json\/wp\/v2\/product_cat?post=10307"},{"taxonomy":"product_tag","embeddable":true,"href":"https:\/\/donbaraton.es\/en\/wp-json\/wp\/v2\/product_tag?post=10307"}],"curies":[{"name":"wp","href":"https:\/\/api.w.org\/{rel}","templated":true}]}}