{"id":10313,"date":"2018-12-14T13:59:24","date_gmt":"2018-07-12T19:11:24","guid":{"rendered":"https:\/\/donbaraton.es\/producto\/uncategorized\/reversible-chaise-longue-sofa-pull-out-bed-quebec\/"},"modified":"2018-07-12T21:11:24","modified_gmt":"2018-07-12T19:11:24","slug":"reversible-chaise-longue-sofa-pull-out-bed-quebec","status":"publish","type":"product","link":"https:\/\/donbaraton.es\/en\/p\/reversible-chaise-longue-sofa-pull-out-bed-quebec\/","title":{"rendered":"Reversible Chaise Longue Sofa with Pull-out Bed &#8211; Quebec"},"content":{"rendered":"<p>Chaise longue sofa &#8211; Quebec.\u00a0Pull-out bed. Reversible chaise longue can be put to the right or the left side of the sofa. Chrome legs. Storage under the seats. Three large and one small cushion. Corrugated springs.\u00a0<strong>Dimensions:<\/strong> length 294 cm, length of the chaise longue 197 cm, depth 101 cm, height 88 cm. <strong>Dimensions of the bed:<\/strong> 252 x 125 cm.<\/p>\n","protected":false},"excerpt":{"rendered":"<p>Chaise longue sofa &#8211; Quebec.<\/p>\n<ul>\n<li>Pull-out bed<\/li>\n<li>Reversible chaise longue can be put to the right or the left side of the sofa<\/li>\n<li>Chrome legs<\/li>\n<li>Storage under the seats<\/li>\n<li>Three large and one small cushion<\/li>\n<li>Corrugated springs<\/li>\n<\/ul>\n<p><strong>Dimensions:<\/strong> length 294 cm, length of the chaise longue 197 cm, depth 101 cm, height 88 cm. <strong>Dimensions of the bed:<\/strong> 252 x 125 cm.<\/p>\n","protected":false},"featured_media":10250,"comment_status":"open","ping_status":"closed","template":"","meta":{"_et_pb_use_builder":"","_et_pb_old_content":"","_et_gb_content_width":""},"product_brand":[],"product_cat":[43,45,41,35],"product_tag":[],"class_list":{"0":"post-10313","1":"product","2":"type-product","3":"status-publish","4":"has-post-thumbnail","6":"product_cat-sofa-beds-chaise-longue","7":"product_cat-chaise-longue-sofas","8":"product_cat-sofa-beds","9":"product_cat-sofas-en","10":"product_shipping_class-articulos-pesados","11":"pa_lado-left","12":"pa_lado-reversible-chaise","13":"pa_lado-right","14":"pa_largo-sofas-251-300-cm-en","15":"pa_material-fabric","16":"pa_plazas-3-seater-sofas","17":"pa_plazas-4-seater-sofas","19":"first","20":"outofstock","21":"sale","22":"taxable","23":"shipping-taxable","24":"purchasable","25":"product-type-simple"},"yoast_head":"<!-- This site is optimized with the Yoast SEO plugin v27.2 - https:\/\/yoast.com\/product\/yoast-seo-wordpress\/ -->\n<title>Reversible Chaise Longue Sofa with Pull-out Bed - Quebec - Don Baraton: tienda de sof\u00e1s, muebles y colchones<\/title>\n<meta name=\"robots\" content=\"index, follow, max-snippet:-1, max-image-preview:large, max-video-preview:-1\" \/>\n<link rel=\"canonical\" href=\"https:\/\/donbaraton.es\/en\/p\/reversible-chaise-longue-sofa-pull-out-bed-quebec\/\" \/>\n<meta property=\"og:locale\" content=\"en_GB\" \/>\n<meta property=\"og:type\" content=\"article\" \/>\n<meta property=\"og:title\" content=\"Reversible Chaise Longue Sofa with Pull-out Bed - Quebec - Don Baraton: tienda de sof\u00e1s, muebles y colchones\" \/>\n<meta property=\"og:description\" content=\"Chaise longue sofa - Quebec.   Pull-out bed  Reversible chaise longue can be put to the right or the left side of the sofa  Chrome legs  Storage under the seats  Three large and one small cushion  Corrugated springs  Dimensions: length 294 cm, length of the chaise longue 197 cm, depth 101 cm, height 88 cm. Dimensions of the bed: 252 x 125 cm.\" \/>\n<meta property=\"og:url\" content=\"https:\/\/donbaraton.es\/en\/p\/reversible-chaise-longue-sofa-pull-out-bed-quebec\/\" \/>\n<meta property=\"og:site_name\" content=\"Don Baraton: tienda de sof\u00e1s, muebles y colchones\" \/>\n<meta property=\"article:publisher\" content=\"https:\/\/www.facebook.com\/donbaraton.es\" \/>\n<meta property=\"og:image\" content=\"https:\/\/i2.wp.com\/donbaraton.es\/wp-content\/uploads\/2018\/07\/Sof\u00e1-chaise-longue-cama-reversible-Quebec.-Chaise-longue-al-lado-izquierdo-2.jpg?fit=1000%2C666&ssl=1\" \/>\n\t<meta property=\"og:image:width\" content=\"1000\" \/>\n\t<meta property=\"og:image:height\" content=\"666\" \/>\n\t<meta property=\"og:image:type\" content=\"image\/jpeg\" \/>\n<meta name=\"twitter:card\" content=\"summary_large_image\" \/>\n<meta name=\"twitter:site\" content=\"@don_baraton\" \/>\n<script type=\"application\/ld+json\" class=\"yoast-schema-graph\">{\"@context\":\"https:\/\/schema.org\",\"@graph\":[{\"@type\":\"WebPage\",\"@id\":\"https:\/\/donbaraton.es\/en\/p\/reversible-chaise-longue-sofa-pull-out-bed-quebec\/\",\"url\":\"https:\/\/donbaraton.es\/en\/p\/reversible-chaise-longue-sofa-pull-out-bed-quebec\/\",\"name\":\"Reversible Chaise Longue Sofa with Pull-out Bed - Quebec - Don Baraton: tienda de sof\u00e1s, muebles y colchones\",\"isPartOf\":{\"@id\":\"https:\/\/donbaraton.es\/#website\"},\"primaryImageOfPage\":{\"@id\":\"https:\/\/donbaraton.es\/en\/p\/reversible-chaise-longue-sofa-pull-out-bed-quebec\/#primaryimage\"},\"image\":{\"@id\":\"https:\/\/donbaraton.es\/en\/p\/reversible-chaise-longue-sofa-pull-out-bed-quebec\/#primaryimage\"},\"thumbnailUrl\":\"https:\/\/donbaraton.es\/wp-content\/uploads\/2018\/07\/Sof\u00e1-chaise-longue-cama-reversible-Quebec.-Chaise-longue-al-lado-izquierdo-2.jpg\",\"datePublished\":\"2018-07-12T19:11:24+00:00\",\"breadcrumb\":{\"@id\":\"https:\/\/donbaraton.es\/en\/p\/reversible-chaise-longue-sofa-pull-out-bed-quebec\/#breadcrumb\"},\"inLanguage\":\"en-GB\",\"potentialAction\":[{\"@type\":\"ReadAction\",\"target\":[\"https:\/\/donbaraton.es\/en\/p\/reversible-chaise-longue-sofa-pull-out-bed-quebec\/\"]}]},{\"@type\":\"ImageObject\",\"inLanguage\":\"en-GB\",\"@id\":\"https:\/\/donbaraton.es\/en\/p\/reversible-chaise-longue-sofa-pull-out-bed-quebec\/#primaryimage\",\"url\":\"https:\/\/donbaraton.es\/wp-content\/uploads\/2018\/07\/Sof\u00e1-chaise-longue-cama-reversible-Quebec.-Chaise-longue-al-lado-izquierdo-2.jpg\",\"contentUrl\":\"https:\/\/donbaraton.es\/wp-content\/uploads\/2018\/07\/Sof\u00e1-chaise-longue-cama-reversible-Quebec.-Chaise-longue-al-lado-izquierdo-2.jpg\",\"width\":1000,\"height\":666,\"caption\":\"Reversible Chaise Longue Sofa with Pull-out Bed - Quebec. Left Corner\"},{\"@type\":\"BreadcrumbList\",\"@id\":\"https:\/\/donbaraton.es\/en\/p\/reversible-chaise-longue-sofa-pull-out-bed-quebec\/#breadcrumb\",\"itemListElement\":[{\"@type\":\"ListItem\",\"position\":1,\"name\":\"Portada\",\"item\":\"https:\/\/donbaraton.es\/en\/\"},{\"@type\":\"ListItem\",\"position\":2,\"name\":\"Online Shop\",\"item\":\"https:\/\/donbaraton.es\/en\/shop\/\"},{\"@type\":\"ListItem\",\"position\":3,\"name\":\"Reversible Chaise Longue Sofa with Pull-out Bed &#8211; Quebec\"}]},{\"@type\":\"WebSite\",\"@id\":\"https:\/\/donbaraton.es\/#website\",\"url\":\"https:\/\/donbaraton.es\/\",\"name\":\"Don Baraton: tienda de sof\u00e1s, muebles y colchones\",\"description\":\"Sofas baratos desde el almac\u00e9n en Almorad\u00ed, Alicante\",\"publisher\":{\"@id\":\"https:\/\/donbaraton.es\/#organization\"},\"potentialAction\":[{\"@type\":\"SearchAction\",\"target\":{\"@type\":\"EntryPoint\",\"urlTemplate\":\"https:\/\/donbaraton.es\/?s={search_term_string}\"},\"query-input\":{\"@type\":\"PropertyValueSpecification\",\"valueRequired\":true,\"valueName\":\"search_term_string\"}}],\"inLanguage\":\"en-GB\"},{\"@type\":\"Organization\",\"@id\":\"https:\/\/donbaraton.es\/#organization\",\"name\":\"Don Baraton\",\"url\":\"https:\/\/donbaraton.es\/\",\"logo\":{\"@type\":\"ImageObject\",\"inLanguage\":\"en-GB\",\"@id\":\"https:\/\/donbaraton.es\/#\/schema\/logo\/image\/\",\"url\":\"https:\/\/i0.wp.com\/donbaraton.es\/wp-content\/uploads\/2016\/11\/logo_don_baraton.png?fit=228%2C110&ssl=1\",\"contentUrl\":\"https:\/\/i0.wp.com\/donbaraton.es\/wp-content\/uploads\/2016\/11\/logo_don_baraton.png?fit=228%2C110&ssl=1\",\"width\":228,\"height\":110,\"caption\":\"Don Baraton\"},\"image\":{\"@id\":\"https:\/\/donbaraton.es\/#\/schema\/logo\/image\/\"},\"sameAs\":[\"https:\/\/www.facebook.com\/donbaraton.es\",\"https:\/\/x.com\/don_baraton\",\"https:\/\/www.instagram.com\/donbaraton.es\",\"https:\/\/www.linkedin.com\/company\/donbaraton\/\",\"https:\/\/es.pinterest.com\/donbaraton\/\",\"https:\/\/www.youtube.com\/channel\/UCL02HOwx-F759Jq5MedAZfQ\"]}]}<\/script>\n<!-- \/ Yoast SEO plugin. -->","yoast_head_json":{"title":"Reversible Chaise Longue Sofa with Pull-out Bed - Quebec - Don Baraton: tienda de sof\u00e1s, muebles y colchones","robots":{"index":"index","follow":"follow","max-snippet":"max-snippet:-1","max-image-preview":"max-image-preview:large","max-video-preview":"max-video-preview:-1"},"canonical":"https:\/\/donbaraton.es\/en\/p\/reversible-chaise-longue-sofa-pull-out-bed-quebec\/","og_locale":"en_GB","og_type":"article","og_title":"Reversible Chaise Longue Sofa with Pull-out Bed - Quebec - Don Baraton: tienda de sof\u00e1s, muebles y colchones","og_description":"Chaise longue sofa - Quebec.   Pull-out bed  Reversible chaise longue can be put to the right or the left side of the sofa  Chrome legs  Storage under the seats  Three large and one small cushion  Corrugated springs  Dimensions: length 294 cm, length of the chaise longue 197 cm, depth 101 cm, height 88 cm. Dimensions of the bed: 252 x 125 cm.","og_url":"https:\/\/donbaraton.es\/en\/p\/reversible-chaise-longue-sofa-pull-out-bed-quebec\/","og_site_name":"Don Baraton: tienda de sof\u00e1s, muebles y colchones","article_publisher":"https:\/\/www.facebook.com\/donbaraton.es","og_image":[{"width":1000,"height":666,"url":"https:\/\/i2.wp.com\/donbaraton.es\/wp-content\/uploads\/2018\/07\/Sof\u00e1-chaise-longue-cama-reversible-Quebec.-Chaise-longue-al-lado-izquierdo-2.jpg?fit=1000%2C666&ssl=1","type":"image\/jpeg"}],"twitter_card":"summary_large_image","twitter_site":"@don_baraton","schema":{"@context":"https:\/\/schema.org","@graph":[{"@type":"WebPage","@id":"https:\/\/donbaraton.es\/en\/p\/reversible-chaise-longue-sofa-pull-out-bed-quebec\/","url":"https:\/\/donbaraton.es\/en\/p\/reversible-chaise-longue-sofa-pull-out-bed-quebec\/","name":"Reversible Chaise Longue Sofa with Pull-out Bed - Quebec - Don Baraton: tienda de sof\u00e1s, muebles y colchones","isPartOf":{"@id":"https:\/\/donbaraton.es\/#website"},"primaryImageOfPage":{"@id":"https:\/\/donbaraton.es\/en\/p\/reversible-chaise-longue-sofa-pull-out-bed-quebec\/#primaryimage"},"image":{"@id":"https:\/\/donbaraton.es\/en\/p\/reversible-chaise-longue-sofa-pull-out-bed-quebec\/#primaryimage"},"thumbnailUrl":"https:\/\/donbaraton.es\/wp-content\/uploads\/2018\/07\/Sof\u00e1-chaise-longue-cama-reversible-Quebec.-Chaise-longue-al-lado-izquierdo-2.jpg","datePublished":"2018-07-12T19:11:24+00:00","breadcrumb":{"@id":"https:\/\/donbaraton.es\/en\/p\/reversible-chaise-longue-sofa-pull-out-bed-quebec\/#breadcrumb"},"inLanguage":"en-GB","potentialAction":[{"@type":"ReadAction","target":["https:\/\/donbaraton.es\/en\/p\/reversible-chaise-longue-sofa-pull-out-bed-quebec\/"]}]},{"@type":"ImageObject","inLanguage":"en-GB","@id":"https:\/\/donbaraton.es\/en\/p\/reversible-chaise-longue-sofa-pull-out-bed-quebec\/#primaryimage","url":"https:\/\/donbaraton.es\/wp-content\/uploads\/2018\/07\/Sof\u00e1-chaise-longue-cama-reversible-Quebec.-Chaise-longue-al-lado-izquierdo-2.jpg","contentUrl":"https:\/\/donbaraton.es\/wp-content\/uploads\/2018\/07\/Sof\u00e1-chaise-longue-cama-reversible-Quebec.-Chaise-longue-al-lado-izquierdo-2.jpg","width":1000,"height":666,"caption":"Reversible Chaise Longue Sofa with Pull-out Bed - Quebec. Left Corner"},{"@type":"BreadcrumbList","@id":"https:\/\/donbaraton.es\/en\/p\/reversible-chaise-longue-sofa-pull-out-bed-quebec\/#breadcrumb","itemListElement":[{"@type":"ListItem","position":1,"name":"Portada","item":"https:\/\/donbaraton.es\/en\/"},{"@type":"ListItem","position":2,"name":"Online Shop","item":"https:\/\/donbaraton.es\/en\/shop\/"},{"@type":"ListItem","position":3,"name":"Reversible Chaise Longue Sofa with Pull-out Bed &#8211; Quebec"}]},{"@type":"WebSite","@id":"https:\/\/donbaraton.es\/#website","url":"https:\/\/donbaraton.es\/","name":"Don Baraton: tienda de sof\u00e1s, muebles y colchones","description":"Sofas baratos desde el almac\u00e9n en Almorad\u00ed, Alicante","publisher":{"@id":"https:\/\/donbaraton.es\/#organization"},"potentialAction":[{"@type":"SearchAction","target":{"@type":"EntryPoint","urlTemplate":"https:\/\/donbaraton.es\/?s={search_term_string}"},"query-input":{"@type":"PropertyValueSpecification","valueRequired":true,"valueName":"search_term_string"}}],"inLanguage":"en-GB"},{"@type":"Organization","@id":"https:\/\/donbaraton.es\/#organization","name":"Don Baraton","url":"https:\/\/donbaraton.es\/","logo":{"@type":"ImageObject","inLanguage":"en-GB","@id":"https:\/\/donbaraton.es\/#\/schema\/logo\/image\/","url":"https:\/\/i0.wp.com\/donbaraton.es\/wp-content\/uploads\/2016\/11\/logo_don_baraton.png?fit=228%2C110&ssl=1","contentUrl":"https:\/\/i0.wp.com\/donbaraton.es\/wp-content\/uploads\/2016\/11\/logo_don_baraton.png?fit=228%2C110&ssl=1","width":228,"height":110,"caption":"Don Baraton"},"image":{"@id":"https:\/\/donbaraton.es\/#\/schema\/logo\/image\/"},"sameAs":["https:\/\/www.facebook.com\/donbaraton.es","https:\/\/x.com\/don_baraton","https:\/\/www.instagram.com\/donbaraton.es","https:\/\/www.linkedin.com\/company\/donbaraton\/","https:\/\/es.pinterest.com\/donbaraton\/","https:\/\/www.youtube.com\/channel\/UCL02HOwx-F759Jq5MedAZfQ"]}]}},"_links":{"self":[{"href":"https:\/\/donbaraton.es\/en\/wp-json\/wp\/v2\/product\/10313","targetHints":{"allow":["GET"]}}],"collection":[{"href":"https:\/\/donbaraton.es\/en\/wp-json\/wp\/v2\/product"}],"about":[{"href":"https:\/\/donbaraton.es\/en\/wp-json\/wp\/v2\/types\/product"}],"replies":[{"embeddable":true,"href":"https:\/\/donbaraton.es\/en\/wp-json\/wp\/v2\/comments?post=10313"}],"wp:featuredmedia":[{"embeddable":true,"href":"https:\/\/donbaraton.es\/en\/wp-json\/wp\/v2\/media\/10250"}],"wp:attachment":[{"href":"https:\/\/donbaraton.es\/en\/wp-json\/wp\/v2\/media?parent=10313"}],"wp:term":[{"taxonomy":"product_brand","embeddable":true,"href":"https:\/\/donbaraton.es\/en\/wp-json\/wp\/v2\/product_brand?post=10313"},{"taxonomy":"product_cat","embeddable":true,"href":"https:\/\/donbaraton.es\/en\/wp-json\/wp\/v2\/product_cat?post=10313"},{"taxonomy":"product_tag","embeddable":true,"href":"https:\/\/donbaraton.es\/en\/wp-json\/wp\/v2\/product_tag?post=10313"}],"curies":[{"name":"wp","href":"https:\/\/api.w.org\/{rel}","templated":true}]}}