{"id":10330,"date":"2018-07-10T20:17:27","date_gmt":"2018-07-10T18:17:27","guid":{"rendered":"https:\/\/donbaraton.es\/producto\/uncategorized\/extra-large-u-shaped-sofa-bed-montreal\/"},"modified":"2019-01-25T17:51:56","modified_gmt":"2019-01-25T16:51:56","slug":"extra-large-u-shaped-sofa-bed-montreal","status":"publish","type":"product","link":"https:\/\/donbaraton.es\/en\/p\/extra-large-u-shaped-sofa-bed-montreal\/","title":{"rendered":"Extra Large U-shaped Sofa Bed &#8211; Montreal"},"content":{"rendered":"<p>Extra large u-shaped sofa designed for large families and spacious living rooms &#8211; Montreal. Pull-put bed. Storage under the seat. One open end. Corrugated springs. <strong>Dimensions:<\/strong> length 355 cm, length of the corner parts 203 cm, height 84 cm. Dimensions of the bed: 273 x 130 cm. <strong>Transportation volume:<\/strong> 4.10 m3<\/p>\n","protected":false},"excerpt":{"rendered":"<p><strong><span style=\"color: #ff0000;\">The product is out of stock, please check out the improved model here:<\/span>\u00a0<span style=\"color: #0000ff;\"><a style=\"color: #0000ff;\" href=\"https:\/\/donbaraton.es\/en\/producto\/sofas-en\/u-shaped-sofa-pull-out-bed-reclining-headrests-toronto\/\">U-shaped Sofa with Pull-out Bed and Reclining Headrests \u2013 Toronto<\/a><\/span><\/strong><\/p>\n<ul>\n<li>3.55 meters long<\/li>\n<li>Pull-put bed<\/li>\n<li>Storage under the seat<\/li>\n<li>One open end<\/li>\n<li>Corrugated springs<\/li>\n<\/ul>\n<p><strong>Dimensions:<\/strong> length 355 cm, length of the corner parts 203 cm, height 84 cm. Dimensions of the bed: 273 x 130 cm. <strong>Transportation volume:<\/strong> 4.10 m3<\/p>\n","protected":false},"featured_media":10161,"comment_status":"open","ping_status":"closed","template":"","meta":{"_et_pb_use_builder":"","_et_pb_old_content":"","_et_gb_content_width":""},"product_brand":[],"product_cat":[108,41,35],"product_tag":[],"class_list":{"0":"post-10330","1":"product","2":"type-product","3":"status-publish","4":"has-post-thumbnail","6":"product_cat-corner-sofas","7":"product_cat-sofa-beds","8":"product_cat-sofas-en","9":"product_shipping_class-articulos-pesados","10":"pa_lado-left","11":"pa_lado-right","12":"pa_largo-sofas-301-cm-plus","13":"pa_material-fabric","14":"pa_plazas-large-sofas","16":"first","17":"outofstock","18":"taxable","19":"shipping-taxable","20":"product-type-variable"},"yoast_head":"<!-- This site is optimized with the Yoast SEO plugin v27.2 - https:\/\/yoast.com\/product\/yoast-seo-wordpress\/ -->\n<title>Extra Large U-shaped Sofa Bed - Montreal - Don Baraton: tienda de sof\u00e1s, muebles y colchones<\/title>\n<meta name=\"robots\" content=\"index, follow, max-snippet:-1, max-image-preview:large, max-video-preview:-1\" \/>\n<link rel=\"canonical\" href=\"https:\/\/donbaraton.es\/en\/p\/extra-large-u-shaped-sofa-bed-montreal\/\" \/>\n<meta property=\"og:locale\" content=\"en_GB\" \/>\n<meta property=\"og:type\" content=\"article\" \/>\n<meta property=\"og:title\" content=\"Extra Large U-shaped Sofa Bed - Montreal - Don Baraton: tienda de sof\u00e1s, muebles y colchones\" \/>\n<meta property=\"og:description\" content=\"The product is out of stock, please check out the improved model here:\u00a0U-shaped Sofa with Pull-out Bed and Reclining Headrests \u2013 Toronto   3.55 meters long  Pull-put bed  Storage under the seat  One open end  Corrugated springs  Dimensions: length 355 cm, length of the corner parts 203 cm, height 84 cm. Dimensions of the bed: 273 x 130 cm. Transportation volume: 4.10 m3\" \/>\n<meta property=\"og:url\" content=\"https:\/\/donbaraton.es\/en\/p\/extra-large-u-shaped-sofa-bed-montreal\/\" \/>\n<meta property=\"og:site_name\" content=\"Don Baraton: tienda de sof\u00e1s, muebles y colchones\" \/>\n<meta property=\"article:publisher\" content=\"https:\/\/www.facebook.com\/donbaraton.es\" \/>\n<meta property=\"article:modified_time\" content=\"2019-01-25T16:51:56+00:00\" \/>\n<meta property=\"og:image\" content=\"https:\/\/i1.wp.com\/donbaraton.es\/wp-content\/uploads\/2018\/07\/Sof\u00e1-cama-grande-en-forma-de-U-Montreal.jpg?fit=724%2C483&ssl=1\" \/>\n\t<meta property=\"og:image:width\" content=\"724\" \/>\n\t<meta property=\"og:image:height\" content=\"483\" \/>\n\t<meta property=\"og:image:type\" content=\"image\/jpeg\" \/>\n<meta name=\"twitter:card\" content=\"summary_large_image\" \/>\n<meta name=\"twitter:site\" content=\"@don_baraton\" \/>\n<script type=\"application\/ld+json\" class=\"yoast-schema-graph\">{\"@context\":\"https:\/\/schema.org\",\"@graph\":[{\"@type\":\"WebPage\",\"@id\":\"https:\/\/donbaraton.es\/en\/p\/extra-large-u-shaped-sofa-bed-montreal\/\",\"url\":\"https:\/\/donbaraton.es\/en\/p\/extra-large-u-shaped-sofa-bed-montreal\/\",\"name\":\"Extra Large U-shaped Sofa Bed - Montreal - Don Baraton: tienda de sof\u00e1s, muebles y colchones\",\"isPartOf\":{\"@id\":\"https:\/\/donbaraton.es\/#website\"},\"primaryImageOfPage\":{\"@id\":\"https:\/\/donbaraton.es\/en\/p\/extra-large-u-shaped-sofa-bed-montreal\/#primaryimage\"},\"image\":{\"@id\":\"https:\/\/donbaraton.es\/en\/p\/extra-large-u-shaped-sofa-bed-montreal\/#primaryimage\"},\"thumbnailUrl\":\"https:\/\/donbaraton.es\/wp-content\/uploads\/2018\/07\/Sof\u00e1-cama-grande-en-forma-de-U-Montreal.jpg\",\"datePublished\":\"2018-07-10T18:17:27+00:00\",\"dateModified\":\"2019-01-25T16:51:56+00:00\",\"breadcrumb\":{\"@id\":\"https:\/\/donbaraton.es\/en\/p\/extra-large-u-shaped-sofa-bed-montreal\/#breadcrumb\"},\"inLanguage\":\"en-GB\",\"potentialAction\":[{\"@type\":\"ReadAction\",\"target\":[\"https:\/\/donbaraton.es\/en\/p\/extra-large-u-shaped-sofa-bed-montreal\/\"]}]},{\"@type\":\"ImageObject\",\"inLanguage\":\"en-GB\",\"@id\":\"https:\/\/donbaraton.es\/en\/p\/extra-large-u-shaped-sofa-bed-montreal\/#primaryimage\",\"url\":\"https:\/\/donbaraton.es\/wp-content\/uploads\/2018\/07\/Sof\u00e1-cama-grande-en-forma-de-U-Montreal.jpg\",\"contentUrl\":\"https:\/\/donbaraton.es\/wp-content\/uploads\/2018\/07\/Sof\u00e1-cama-grande-en-forma-de-U-Montreal.jpg\",\"width\":724,\"height\":483,\"caption\":\"Extra Large U-shaped Sofa Bed - Montreal\"},{\"@type\":\"BreadcrumbList\",\"@id\":\"https:\/\/donbaraton.es\/en\/p\/extra-large-u-shaped-sofa-bed-montreal\/#breadcrumb\",\"itemListElement\":[{\"@type\":\"ListItem\",\"position\":1,\"name\":\"Portada\",\"item\":\"https:\/\/donbaraton.es\/en\/\"},{\"@type\":\"ListItem\",\"position\":2,\"name\":\"Online Shop\",\"item\":\"https:\/\/donbaraton.es\/en\/shop\/\"},{\"@type\":\"ListItem\",\"position\":3,\"name\":\"Extra Large U-shaped Sofa Bed &#8211; Montreal\"}]},{\"@type\":\"WebSite\",\"@id\":\"https:\/\/donbaraton.es\/#website\",\"url\":\"https:\/\/donbaraton.es\/\",\"name\":\"Don Baraton: tienda de sof\u00e1s, muebles y colchones\",\"description\":\"Sofas baratos desde el almac\u00e9n en Almorad\u00ed, Alicante\",\"publisher\":{\"@id\":\"https:\/\/donbaraton.es\/#organization\"},\"potentialAction\":[{\"@type\":\"SearchAction\",\"target\":{\"@type\":\"EntryPoint\",\"urlTemplate\":\"https:\/\/donbaraton.es\/?s={search_term_string}\"},\"query-input\":{\"@type\":\"PropertyValueSpecification\",\"valueRequired\":true,\"valueName\":\"search_term_string\"}}],\"inLanguage\":\"en-GB\"},{\"@type\":\"Organization\",\"@id\":\"https:\/\/donbaraton.es\/#organization\",\"name\":\"Don Baraton\",\"url\":\"https:\/\/donbaraton.es\/\",\"logo\":{\"@type\":\"ImageObject\",\"inLanguage\":\"en-GB\",\"@id\":\"https:\/\/donbaraton.es\/#\/schema\/logo\/image\/\",\"url\":\"https:\/\/i0.wp.com\/donbaraton.es\/wp-content\/uploads\/2016\/11\/logo_don_baraton.png?fit=228%2C110&ssl=1\",\"contentUrl\":\"https:\/\/i0.wp.com\/donbaraton.es\/wp-content\/uploads\/2016\/11\/logo_don_baraton.png?fit=228%2C110&ssl=1\",\"width\":228,\"height\":110,\"caption\":\"Don Baraton\"},\"image\":{\"@id\":\"https:\/\/donbaraton.es\/#\/schema\/logo\/image\/\"},\"sameAs\":[\"https:\/\/www.facebook.com\/donbaraton.es\",\"https:\/\/x.com\/don_baraton\",\"https:\/\/www.instagram.com\/donbaraton.es\",\"https:\/\/www.linkedin.com\/company\/donbaraton\/\",\"https:\/\/es.pinterest.com\/donbaraton\/\",\"https:\/\/www.youtube.com\/channel\/UCL02HOwx-F759Jq5MedAZfQ\"]}]}<\/script>\n<!-- \/ Yoast SEO plugin. -->","yoast_head_json":{"title":"Extra Large U-shaped Sofa Bed - Montreal - Don Baraton: tienda de sof\u00e1s, muebles y colchones","robots":{"index":"index","follow":"follow","max-snippet":"max-snippet:-1","max-image-preview":"max-image-preview:large","max-video-preview":"max-video-preview:-1"},"canonical":"https:\/\/donbaraton.es\/en\/p\/extra-large-u-shaped-sofa-bed-montreal\/","og_locale":"en_GB","og_type":"article","og_title":"Extra Large U-shaped Sofa Bed - Montreal - Don Baraton: tienda de sof\u00e1s, muebles y colchones","og_description":"The product is out of stock, please check out the improved model here:\u00a0U-shaped Sofa with Pull-out Bed and Reclining Headrests \u2013 Toronto   3.55 meters long  Pull-put bed  Storage under the seat  One open end  Corrugated springs  Dimensions: length 355 cm, length of the corner parts 203 cm, height 84 cm. Dimensions of the bed: 273 x 130 cm. Transportation volume: 4.10 m3","og_url":"https:\/\/donbaraton.es\/en\/p\/extra-large-u-shaped-sofa-bed-montreal\/","og_site_name":"Don Baraton: tienda de sof\u00e1s, muebles y colchones","article_publisher":"https:\/\/www.facebook.com\/donbaraton.es","article_modified_time":"2019-01-25T16:51:56+00:00","og_image":[{"width":724,"height":483,"url":"https:\/\/i1.wp.com\/donbaraton.es\/wp-content\/uploads\/2018\/07\/Sof\u00e1-cama-grande-en-forma-de-U-Montreal.jpg?fit=724%2C483&ssl=1","type":"image\/jpeg"}],"twitter_card":"summary_large_image","twitter_site":"@don_baraton","schema":{"@context":"https:\/\/schema.org","@graph":[{"@type":"WebPage","@id":"https:\/\/donbaraton.es\/en\/p\/extra-large-u-shaped-sofa-bed-montreal\/","url":"https:\/\/donbaraton.es\/en\/p\/extra-large-u-shaped-sofa-bed-montreal\/","name":"Extra Large U-shaped Sofa Bed - Montreal - Don Baraton: tienda de sof\u00e1s, muebles y colchones","isPartOf":{"@id":"https:\/\/donbaraton.es\/#website"},"primaryImageOfPage":{"@id":"https:\/\/donbaraton.es\/en\/p\/extra-large-u-shaped-sofa-bed-montreal\/#primaryimage"},"image":{"@id":"https:\/\/donbaraton.es\/en\/p\/extra-large-u-shaped-sofa-bed-montreal\/#primaryimage"},"thumbnailUrl":"https:\/\/donbaraton.es\/wp-content\/uploads\/2018\/07\/Sof\u00e1-cama-grande-en-forma-de-U-Montreal.jpg","datePublished":"2018-07-10T18:17:27+00:00","dateModified":"2019-01-25T16:51:56+00:00","breadcrumb":{"@id":"https:\/\/donbaraton.es\/en\/p\/extra-large-u-shaped-sofa-bed-montreal\/#breadcrumb"},"inLanguage":"en-GB","potentialAction":[{"@type":"ReadAction","target":["https:\/\/donbaraton.es\/en\/p\/extra-large-u-shaped-sofa-bed-montreal\/"]}]},{"@type":"ImageObject","inLanguage":"en-GB","@id":"https:\/\/donbaraton.es\/en\/p\/extra-large-u-shaped-sofa-bed-montreal\/#primaryimage","url":"https:\/\/donbaraton.es\/wp-content\/uploads\/2018\/07\/Sof\u00e1-cama-grande-en-forma-de-U-Montreal.jpg","contentUrl":"https:\/\/donbaraton.es\/wp-content\/uploads\/2018\/07\/Sof\u00e1-cama-grande-en-forma-de-U-Montreal.jpg","width":724,"height":483,"caption":"Extra Large U-shaped Sofa Bed - Montreal"},{"@type":"BreadcrumbList","@id":"https:\/\/donbaraton.es\/en\/p\/extra-large-u-shaped-sofa-bed-montreal\/#breadcrumb","itemListElement":[{"@type":"ListItem","position":1,"name":"Portada","item":"https:\/\/donbaraton.es\/en\/"},{"@type":"ListItem","position":2,"name":"Online Shop","item":"https:\/\/donbaraton.es\/en\/shop\/"},{"@type":"ListItem","position":3,"name":"Extra Large U-shaped Sofa Bed &#8211; Montreal"}]},{"@type":"WebSite","@id":"https:\/\/donbaraton.es\/#website","url":"https:\/\/donbaraton.es\/","name":"Don Baraton: tienda de sof\u00e1s, muebles y colchones","description":"Sofas baratos desde el almac\u00e9n en Almorad\u00ed, Alicante","publisher":{"@id":"https:\/\/donbaraton.es\/#organization"},"potentialAction":[{"@type":"SearchAction","target":{"@type":"EntryPoint","urlTemplate":"https:\/\/donbaraton.es\/?s={search_term_string}"},"query-input":{"@type":"PropertyValueSpecification","valueRequired":true,"valueName":"search_term_string"}}],"inLanguage":"en-GB"},{"@type":"Organization","@id":"https:\/\/donbaraton.es\/#organization","name":"Don Baraton","url":"https:\/\/donbaraton.es\/","logo":{"@type":"ImageObject","inLanguage":"en-GB","@id":"https:\/\/donbaraton.es\/#\/schema\/logo\/image\/","url":"https:\/\/i0.wp.com\/donbaraton.es\/wp-content\/uploads\/2016\/11\/logo_don_baraton.png?fit=228%2C110&ssl=1","contentUrl":"https:\/\/i0.wp.com\/donbaraton.es\/wp-content\/uploads\/2016\/11\/logo_don_baraton.png?fit=228%2C110&ssl=1","width":228,"height":110,"caption":"Don Baraton"},"image":{"@id":"https:\/\/donbaraton.es\/#\/schema\/logo\/image\/"},"sameAs":["https:\/\/www.facebook.com\/donbaraton.es","https:\/\/x.com\/don_baraton","https:\/\/www.instagram.com\/donbaraton.es","https:\/\/www.linkedin.com\/company\/donbaraton\/","https:\/\/es.pinterest.com\/donbaraton\/","https:\/\/www.youtube.com\/channel\/UCL02HOwx-F759Jq5MedAZfQ"]}]}},"_links":{"self":[{"href":"https:\/\/donbaraton.es\/en\/wp-json\/wp\/v2\/product\/10330","targetHints":{"allow":["GET"]}}],"collection":[{"href":"https:\/\/donbaraton.es\/en\/wp-json\/wp\/v2\/product"}],"about":[{"href":"https:\/\/donbaraton.es\/en\/wp-json\/wp\/v2\/types\/product"}],"replies":[{"embeddable":true,"href":"https:\/\/donbaraton.es\/en\/wp-json\/wp\/v2\/comments?post=10330"}],"wp:featuredmedia":[{"embeddable":true,"href":"https:\/\/donbaraton.es\/en\/wp-json\/wp\/v2\/media\/10161"}],"wp:attachment":[{"href":"https:\/\/donbaraton.es\/en\/wp-json\/wp\/v2\/media?parent=10330"}],"wp:term":[{"taxonomy":"product_brand","embeddable":true,"href":"https:\/\/donbaraton.es\/en\/wp-json\/wp\/v2\/product_brand?post=10330"},{"taxonomy":"product_cat","embeddable":true,"href":"https:\/\/donbaraton.es\/en\/wp-json\/wp\/v2\/product_cat?post=10330"},{"taxonomy":"product_tag","embeddable":true,"href":"https:\/\/donbaraton.es\/en\/wp-json\/wp\/v2\/product_tag?post=10330"}],"curies":[{"name":"wp","href":"https:\/\/api.w.org\/{rel}","templated":true}]}}