{"id":11005,"date":"2021-09-23T15:00:22","date_gmt":"2018-09-24T15:36:22","guid":{"rendered":"https:\/\/donbaraton.es\/producto\/uncategorized\/sofa-bed-mattress-madrid\/"},"modified":"2026-04-14T05:41:17","modified_gmt":"2026-04-14T03:41:17","slug":"sofa-bed-mattress-madrid","status":"publish","type":"product","link":"https:\/\/donbaraton.es\/en\/p\/sofa-bed-mattress-madrid\/","title":{"rendered":"Sofa Bed Settee with Mattress &#8211; Madrid"},"content":{"rendered":"<p>Sofa bed settee with mattress &#8211; Madrid. Known in Spain as the &#8220;Italian Sofa Bed&#8221; (due to this opening mechanism&#8217;s origin), this sofa is a perfect choice if you are looking for a full sleeper sofa without chaise longue.<\/p>\n<p>The metal frame with mattress hidden inside the sofa easily unfolds into bed offering comfortable sleeping for the home&#8217;s owners or guests. The bed opens by pulling the backrest of the sofa towards the user via smooth rotating action.<\/p>\n<p>All covers of the sofa removable and washable, including seats, armrests and backrest.<\/p>\n<p>Two cushions (45 x 45 cm) are included. Durable grey fabric will keep its appearance for longer. Solid pine wood and\u00a0fibreboard frame. Optimal size for most Spanish homes.<\/p>\n<p><strong>Measurements:<\/strong> length 199 cm, bed 190 x 135 cm, depth 96 cm, height 93 cm. Mattress thickness &#8211; 11 cm. Total length of the sofa unfolded into bed: 201 cm.<\/p>\n<p><strong>Manufactured in Spain<\/strong><\/p>\n<p><strong>Packaging measurements and volume:<\/strong> Carton 1: 65 x 37 x 94 cm (0.226 m3). Carton 2: 74 x 97 x 165 cm (1.184 m3).<\/p>\n","protected":false},"excerpt":{"rendered":"<ul>\n<li>Full mattress 190 x 135 cm<\/li>\n<li>Removable and washable covers, including seats, armrests and backrest<\/li>\n<li>Two cushions (45 x 45 cm) included<\/li>\n<li>Durable fabric<\/li>\n<li>Solid pine wood and\u00a0fibreboard frame<\/li>\n<li>Optimal size for most Spanish homes<\/li>\n<\/ul>\n<p><strong>Measurements:<\/strong> length 199 cm, bed 190 x 135 cm, depth 96 cm, height 93 cm. Total length of the sofa unfolded into bed: 201 cm<\/p>\n","protected":false},"featured_media":18416,"comment_status":"open","ping_status":"closed","template":"","meta":{"_et_pb_use_builder":"","_et_pb_old_content":"","_et_gb_content_width":""},"product_brand":[],"product_cat":[41,35],"product_tag":[],"class_list":{"0":"post-11005","1":"product","2":"type-product","3":"status-publish","4":"has-post-thumbnail","6":"product_cat-sofa-beds","7":"product_cat-sofas-en","8":"product_shipping_class-mas-de-20-kg-fabricacion-hasta-20-dias","9":"pa_largo-sofas-200-cm-less","10":"pa_material-fabric","11":"pa_plazas-2-seater-sofas","12":"pa_plazas-3-seater-sofas","14":"first","15":"onbackorder","16":"sale","17":"featured","18":"taxable","19":"shipping-taxable","20":"purchasable","21":"product-type-variable"},"yoast_head":"<!-- This site is optimized with the Yoast SEO plugin v27.2 - https:\/\/yoast.com\/product\/yoast-seo-wordpress\/ -->\n<title>Sofa Bed Settee with Mattress - Madrid - Don Baraton: tienda de sof\u00e1s, muebles y colchones<\/title>\n<meta name=\"robots\" content=\"index, follow, max-snippet:-1, max-image-preview:large, max-video-preview:-1\" \/>\n<link rel=\"canonical\" href=\"https:\/\/donbaraton.es\/en\/p\/sofa-bed-mattress-madrid\/\" \/>\n<meta property=\"og:locale\" content=\"en_GB\" \/>\n<meta property=\"og:type\" content=\"article\" \/>\n<meta property=\"og:title\" content=\"Sofa Bed Settee with Mattress - Madrid - Don Baraton: tienda de sof\u00e1s, muebles y colchones\" \/>\n<meta property=\"og:description\" content=\"Full mattress 190 x 135 cm  Removable and washable covers, including seats, armrests and backrest  Two cushions (45 x 45 cm) included  Durable fabric  Solid pine wood and\u00a0fibreboard frame  Optimal size for most Spanish homes  Measurements: length 199 cm, bed 190 x 135 cm, depth 96 cm, height 93 cm. Total length of the sofa unfolded into bed: 201 cm\" \/>\n<meta property=\"og:url\" content=\"https:\/\/donbaraton.es\/en\/p\/sofa-bed-mattress-madrid\/\" \/>\n<meta property=\"og:site_name\" content=\"Don Baraton: tienda de sof\u00e1s, muebles y colchones\" \/>\n<meta property=\"article:publisher\" content=\"https:\/\/www.facebook.com\/donbaraton.es\" \/>\n<meta property=\"article:modified_time\" content=\"2026-04-14T03:41:17+00:00\" \/>\n<meta property=\"og:image\" content=\"https:\/\/i1.wp.com\/donbaraton.es\/wp-content\/uploads\/2018\/12\/Sof\u00e1-cama-italiana-apertura-sistema-italiana.-Tela-gris-oscuro-modelo-Madrid.jpg?fit=1000%2C750&ssl=1\" \/>\n\t<meta property=\"og:image:width\" content=\"1000\" \/>\n\t<meta property=\"og:image:height\" content=\"750\" \/>\n\t<meta property=\"og:image:type\" content=\"image\/jpeg\" \/>\n<meta name=\"twitter:card\" content=\"summary_large_image\" \/>\n<meta name=\"twitter:site\" content=\"@don_baraton\" \/>\n<meta name=\"twitter:label1\" content=\"Estimated reading time\" \/>\n\t<meta name=\"twitter:data1\" content=\"1 minute\" \/>\n<script type=\"application\/ld+json\" class=\"yoast-schema-graph\">{\"@context\":\"https:\/\/schema.org\",\"@graph\":[{\"@type\":\"WebPage\",\"@id\":\"https:\/\/donbaraton.es\/en\/p\/sofa-bed-mattress-madrid\/\",\"url\":\"https:\/\/donbaraton.es\/en\/p\/sofa-bed-mattress-madrid\/\",\"name\":\"Sofa Bed Settee with Mattress - Madrid - Don Baraton: tienda de sof\u00e1s, muebles y colchones\",\"isPartOf\":{\"@id\":\"https:\/\/donbaraton.es\/#website\"},\"primaryImageOfPage\":{\"@id\":\"https:\/\/donbaraton.es\/en\/p\/sofa-bed-mattress-madrid\/#primaryimage\"},\"image\":{\"@id\":\"https:\/\/donbaraton.es\/en\/p\/sofa-bed-mattress-madrid\/#primaryimage\"},\"thumbnailUrl\":\"https:\/\/donbaraton.es\/wp-content\/uploads\/2018\/12\/Sof\u00e1-cama-italiana-apertura-sistema-italiana.-Tela-gris-oscuro-modelo-Madrid.jpg\",\"datePublished\":\"2018-09-24T15:36:22+00:00\",\"dateModified\":\"2026-04-14T03:41:17+00:00\",\"breadcrumb\":{\"@id\":\"https:\/\/donbaraton.es\/en\/p\/sofa-bed-mattress-madrid\/#breadcrumb\"},\"inLanguage\":\"en-GB\",\"potentialAction\":[{\"@type\":\"ReadAction\",\"target\":[\"https:\/\/donbaraton.es\/en\/p\/sofa-bed-mattress-madrid\/\"]}]},{\"@type\":\"ImageObject\",\"inLanguage\":\"en-GB\",\"@id\":\"https:\/\/donbaraton.es\/en\/p\/sofa-bed-mattress-madrid\/#primaryimage\",\"url\":\"https:\/\/donbaraton.es\/wp-content\/uploads\/2018\/12\/Sof\u00e1-cama-italiana-apertura-sistema-italiana.-Tela-gris-oscuro-modelo-Madrid.jpg\",\"contentUrl\":\"https:\/\/donbaraton.es\/wp-content\/uploads\/2018\/12\/Sof\u00e1-cama-italiana-apertura-sistema-italiana.-Tela-gris-oscuro-modelo-Madrid.jpg\",\"width\":1000,\"height\":750,\"caption\":\"Sofa Bed Settee with Mattress (\\\"Italian Sofa Bed\\\") - Madrid. Dark Grey Fabric\"},{\"@type\":\"BreadcrumbList\",\"@id\":\"https:\/\/donbaraton.es\/en\/p\/sofa-bed-mattress-madrid\/#breadcrumb\",\"itemListElement\":[{\"@type\":\"ListItem\",\"position\":1,\"name\":\"Portada\",\"item\":\"https:\/\/donbaraton.es\/en\/\"},{\"@type\":\"ListItem\",\"position\":2,\"name\":\"Online Shop\",\"item\":\"https:\/\/donbaraton.es\/en\/shop\/\"},{\"@type\":\"ListItem\",\"position\":3,\"name\":\"Sofa Bed Settee with Mattress &#8211; Madrid\"}]},{\"@type\":\"WebSite\",\"@id\":\"https:\/\/donbaraton.es\/#website\",\"url\":\"https:\/\/donbaraton.es\/\",\"name\":\"Don Baraton: tienda de sof\u00e1s, muebles y colchones\",\"description\":\"Sofas baratos desde el almac\u00e9n en Almorad\u00ed, Alicante\",\"publisher\":{\"@id\":\"https:\/\/donbaraton.es\/#organization\"},\"potentialAction\":[{\"@type\":\"SearchAction\",\"target\":{\"@type\":\"EntryPoint\",\"urlTemplate\":\"https:\/\/donbaraton.es\/?s={search_term_string}\"},\"query-input\":{\"@type\":\"PropertyValueSpecification\",\"valueRequired\":true,\"valueName\":\"search_term_string\"}}],\"inLanguage\":\"en-GB\"},{\"@type\":\"Organization\",\"@id\":\"https:\/\/donbaraton.es\/#organization\",\"name\":\"Don Baraton\",\"url\":\"https:\/\/donbaraton.es\/\",\"logo\":{\"@type\":\"ImageObject\",\"inLanguage\":\"en-GB\",\"@id\":\"https:\/\/donbaraton.es\/#\/schema\/logo\/image\/\",\"url\":\"https:\/\/i0.wp.com\/donbaraton.es\/wp-content\/uploads\/2016\/11\/logo_don_baraton.png?fit=228%2C110&ssl=1\",\"contentUrl\":\"https:\/\/i0.wp.com\/donbaraton.es\/wp-content\/uploads\/2016\/11\/logo_don_baraton.png?fit=228%2C110&ssl=1\",\"width\":228,\"height\":110,\"caption\":\"Don Baraton\"},\"image\":{\"@id\":\"https:\/\/donbaraton.es\/#\/schema\/logo\/image\/\"},\"sameAs\":[\"https:\/\/www.facebook.com\/donbaraton.es\",\"https:\/\/x.com\/don_baraton\",\"https:\/\/www.instagram.com\/donbaraton.es\",\"https:\/\/www.linkedin.com\/company\/donbaraton\/\",\"https:\/\/es.pinterest.com\/donbaraton\/\",\"https:\/\/www.youtube.com\/channel\/UCL02HOwx-F759Jq5MedAZfQ\"]}]}<\/script>\n<!-- \/ Yoast SEO plugin. -->","yoast_head_json":{"title":"Sofa Bed Settee with Mattress - Madrid - Don Baraton: tienda de sof\u00e1s, muebles y colchones","robots":{"index":"index","follow":"follow","max-snippet":"max-snippet:-1","max-image-preview":"max-image-preview:large","max-video-preview":"max-video-preview:-1"},"canonical":"https:\/\/donbaraton.es\/en\/p\/sofa-bed-mattress-madrid\/","og_locale":"en_GB","og_type":"article","og_title":"Sofa Bed Settee with Mattress - Madrid - Don Baraton: tienda de sof\u00e1s, muebles y colchones","og_description":"Full mattress 190 x 135 cm  Removable and washable covers, including seats, armrests and backrest  Two cushions (45 x 45 cm) included  Durable fabric  Solid pine wood and\u00a0fibreboard frame  Optimal size for most Spanish homes  Measurements: length 199 cm, bed 190 x 135 cm, depth 96 cm, height 93 cm. Total length of the sofa unfolded into bed: 201 cm","og_url":"https:\/\/donbaraton.es\/en\/p\/sofa-bed-mattress-madrid\/","og_site_name":"Don Baraton: tienda de sof\u00e1s, muebles y colchones","article_publisher":"https:\/\/www.facebook.com\/donbaraton.es","article_modified_time":"2026-04-14T03:41:17+00:00","og_image":[{"width":1000,"height":750,"url":"https:\/\/i1.wp.com\/donbaraton.es\/wp-content\/uploads\/2018\/12\/Sof\u00e1-cama-italiana-apertura-sistema-italiana.-Tela-gris-oscuro-modelo-Madrid.jpg?fit=1000%2C750&ssl=1","type":"image\/jpeg"}],"twitter_card":"summary_large_image","twitter_site":"@don_baraton","twitter_misc":{"Estimated reading time":"1 minute"},"schema":{"@context":"https:\/\/schema.org","@graph":[{"@type":"WebPage","@id":"https:\/\/donbaraton.es\/en\/p\/sofa-bed-mattress-madrid\/","url":"https:\/\/donbaraton.es\/en\/p\/sofa-bed-mattress-madrid\/","name":"Sofa Bed Settee with Mattress - Madrid - Don Baraton: tienda de sof\u00e1s, muebles y colchones","isPartOf":{"@id":"https:\/\/donbaraton.es\/#website"},"primaryImageOfPage":{"@id":"https:\/\/donbaraton.es\/en\/p\/sofa-bed-mattress-madrid\/#primaryimage"},"image":{"@id":"https:\/\/donbaraton.es\/en\/p\/sofa-bed-mattress-madrid\/#primaryimage"},"thumbnailUrl":"https:\/\/donbaraton.es\/wp-content\/uploads\/2018\/12\/Sof\u00e1-cama-italiana-apertura-sistema-italiana.-Tela-gris-oscuro-modelo-Madrid.jpg","datePublished":"2018-09-24T15:36:22+00:00","dateModified":"2026-04-14T03:41:17+00:00","breadcrumb":{"@id":"https:\/\/donbaraton.es\/en\/p\/sofa-bed-mattress-madrid\/#breadcrumb"},"inLanguage":"en-GB","potentialAction":[{"@type":"ReadAction","target":["https:\/\/donbaraton.es\/en\/p\/sofa-bed-mattress-madrid\/"]}]},{"@type":"ImageObject","inLanguage":"en-GB","@id":"https:\/\/donbaraton.es\/en\/p\/sofa-bed-mattress-madrid\/#primaryimage","url":"https:\/\/donbaraton.es\/wp-content\/uploads\/2018\/12\/Sof\u00e1-cama-italiana-apertura-sistema-italiana.-Tela-gris-oscuro-modelo-Madrid.jpg","contentUrl":"https:\/\/donbaraton.es\/wp-content\/uploads\/2018\/12\/Sof\u00e1-cama-italiana-apertura-sistema-italiana.-Tela-gris-oscuro-modelo-Madrid.jpg","width":1000,"height":750,"caption":"Sofa Bed Settee with Mattress (\"Italian Sofa Bed\") - Madrid. Dark Grey Fabric"},{"@type":"BreadcrumbList","@id":"https:\/\/donbaraton.es\/en\/p\/sofa-bed-mattress-madrid\/#breadcrumb","itemListElement":[{"@type":"ListItem","position":1,"name":"Portada","item":"https:\/\/donbaraton.es\/en\/"},{"@type":"ListItem","position":2,"name":"Online Shop","item":"https:\/\/donbaraton.es\/en\/shop\/"},{"@type":"ListItem","position":3,"name":"Sofa Bed Settee with Mattress &#8211; Madrid"}]},{"@type":"WebSite","@id":"https:\/\/donbaraton.es\/#website","url":"https:\/\/donbaraton.es\/","name":"Don Baraton: tienda de sof\u00e1s, muebles y colchones","description":"Sofas baratos desde el almac\u00e9n en Almorad\u00ed, Alicante","publisher":{"@id":"https:\/\/donbaraton.es\/#organization"},"potentialAction":[{"@type":"SearchAction","target":{"@type":"EntryPoint","urlTemplate":"https:\/\/donbaraton.es\/?s={search_term_string}"},"query-input":{"@type":"PropertyValueSpecification","valueRequired":true,"valueName":"search_term_string"}}],"inLanguage":"en-GB"},{"@type":"Organization","@id":"https:\/\/donbaraton.es\/#organization","name":"Don Baraton","url":"https:\/\/donbaraton.es\/","logo":{"@type":"ImageObject","inLanguage":"en-GB","@id":"https:\/\/donbaraton.es\/#\/schema\/logo\/image\/","url":"https:\/\/i0.wp.com\/donbaraton.es\/wp-content\/uploads\/2016\/11\/logo_don_baraton.png?fit=228%2C110&ssl=1","contentUrl":"https:\/\/i0.wp.com\/donbaraton.es\/wp-content\/uploads\/2016\/11\/logo_don_baraton.png?fit=228%2C110&ssl=1","width":228,"height":110,"caption":"Don Baraton"},"image":{"@id":"https:\/\/donbaraton.es\/#\/schema\/logo\/image\/"},"sameAs":["https:\/\/www.facebook.com\/donbaraton.es","https:\/\/x.com\/don_baraton","https:\/\/www.instagram.com\/donbaraton.es","https:\/\/www.linkedin.com\/company\/donbaraton\/","https:\/\/es.pinterest.com\/donbaraton\/","https:\/\/www.youtube.com\/channel\/UCL02HOwx-F759Jq5MedAZfQ"]}]}},"_links":{"self":[{"href":"https:\/\/donbaraton.es\/en\/wp-json\/wp\/v2\/product\/11005","targetHints":{"allow":["GET"]}}],"collection":[{"href":"https:\/\/donbaraton.es\/en\/wp-json\/wp\/v2\/product"}],"about":[{"href":"https:\/\/donbaraton.es\/en\/wp-json\/wp\/v2\/types\/product"}],"replies":[{"embeddable":true,"href":"https:\/\/donbaraton.es\/en\/wp-json\/wp\/v2\/comments?post=11005"}],"wp:featuredmedia":[{"embeddable":true,"href":"https:\/\/donbaraton.es\/en\/wp-json\/wp\/v2\/media\/18416"}],"wp:attachment":[{"href":"https:\/\/donbaraton.es\/en\/wp-json\/wp\/v2\/media?parent=11005"}],"wp:term":[{"taxonomy":"product_brand","embeddable":true,"href":"https:\/\/donbaraton.es\/en\/wp-json\/wp\/v2\/product_brand?post=11005"},{"taxonomy":"product_cat","embeddable":true,"href":"https:\/\/donbaraton.es\/en\/wp-json\/wp\/v2\/product_cat?post=11005"},{"taxonomy":"product_tag","embeddable":true,"href":"https:\/\/donbaraton.es\/en\/wp-json\/wp\/v2\/product_tag?post=11005"}],"curies":[{"name":"wp","href":"https:\/\/api.w.org\/{rel}","templated":true}]}}