{"id":11308,"date":"2018-10-20T19:24:41","date_gmt":"2018-10-20T17:24:41","guid":{"rendered":"https:\/\/donbaraton.es\/producto\/uncategorized\/lift-up-storage-bed-basel\/"},"modified":"2020-12-04T01:55:16","modified_gmt":"2020-12-04T00:55:16","slug":"lift-up-storage-bed-basel","status":"publish","type":"product","link":"https:\/\/donbaraton.es\/en\/p\/lift-up-storage-bed-basel\/","title":{"rendered":"Lift Up Storage Bed &#8211; Basel"},"content":{"rendered":"<p>A nice looking and comfortable lift up storage bed (ottoman bed) with front opening &#8211; Basel. Modern design with double stitching. Practical and inexpensive solution suitable for any bedroom. The storage underneath provides some extra space to store linens, blankets and clothes. Durable frame made of 16 mm laminated fibreboard. Opening mechanism with gas springs. One or two front handles depending on size. 8 mm thick board cover upholstered in fabric and rubber. Perforated cover for better ventilation of the mattress. Firm metal structure (3 x 3 mm) that won&#8217;t make sounds at night. The flat cover will support any type of mattress. The bed is available in the following standard sizes: <strong>90 x 190 cm, 105 x 190 cm, 135 x 190 cm, 150 x 190 cm, 140 x 200 cm, 160 x 200 cm, 180 x 200 cm y 200 x 200 cm<\/strong> and five standard colours: <strong>white, black, beige, grey <\/strong>and <strong>brown (chocolate)<\/strong>. <strong>Interior storage volume:<\/strong>&nbsp;90 x 190 cm bed &#8211; 0.40 m3, 105 x 190 cm bed &#8211; 0.47 m3, 135 x 190 cm bed &#8211; 0.60 m3, 150 x 190 cm bed &#8211; 0.67 m3. &nbsp;<\/p>\n","protected":false},"excerpt":{"rendered":"<ul>\n<li>Upholstered in synthetic leather<\/li>\n<li>Modern design with double stitching<\/li>\n<li>Storage for linens, blankets and clothes<\/li>\n<li>Sturdy frame<\/li>\n<li>Opening mechanism with gas springs<\/li>\n<li>Perforated lid for better ventilation of the mattress<\/li>\n<li>Height with lid 33.5 cm, depth of the storage 25 cm<\/li>\n<\/ul>\n<p><strong>Choose your size and color to view the price.<\/strong> Need a mattress too? Please <a href=\"https:\/\/donbaraton.es\/en\/cat\/mattresses\/\" data-mce-href=\"https:\/\/donbaraton.es\/en\/cat\/mattresses\/\">click here to view our mattresses<\/a><\/p>\n","protected":false},"featured_media":11287,"comment_status":"open","ping_status":"closed","template":"","meta":{"_et_pb_use_builder":"","_et_pb_old_content":"","_et_gb_content_width":""},"product_brand":[],"product_cat":[132],"product_tag":[],"class_list":{"0":"post-11308","1":"product","2":"type-product","3":"status-publish","4":"has-post-thumbnail","6":"product_cat-beds","7":"product_shipping_class-articulos-pesado-manufacturing-up-to-10-days","8":"pa_material-faux-leather","10":"first","11":"onbackorder","12":"sale","13":"taxable","14":"shipping-taxable","15":"purchasable","16":"product-type-variable"},"yoast_head":"<!-- This site is optimized with the Yoast SEO plugin v27.2 - https:\/\/yoast.com\/product\/yoast-seo-wordpress\/ -->\n<title>Lift-Up Storage Bed. Beds, Mattresses and Sofas - Don Baraton<\/title>\n<meta name=\"robots\" content=\"index, follow, max-snippet:-1, max-image-preview:large, max-video-preview:-1\" \/>\n<link rel=\"canonical\" href=\"https:\/\/donbaraton.es\/en\/p\/lift-up-storage-bed-basel\/\" \/>\n<meta property=\"og:locale\" content=\"en_GB\" \/>\n<meta property=\"og:type\" content=\"article\" \/>\n<meta property=\"og:title\" content=\"Lift-Up Storage Bed. Beds, Mattresses and Sofas - Don Baraton\" \/>\n<meta property=\"og:description\" content=\"Upholstered in synthetic leatherModern design with double stitchingStorage for linens, blankets and clothesSturdy frameOpening mechanism with gas springsPerforated lid for better ventilation of the mattressHeight with lid 33.5 cm, depth of the storage 25 cmChoose your size and color to view the price. Need a mattress too? Please click here to view our mattresses\" \/>\n<meta property=\"og:url\" content=\"https:\/\/donbaraton.es\/en\/p\/lift-up-storage-bed-basel\/\" \/>\n<meta property=\"og:site_name\" content=\"Don Baraton: tienda de sof\u00e1s, muebles y colchones\" \/>\n<meta property=\"article:publisher\" content=\"https:\/\/www.facebook.com\/donbaraton.es\" \/>\n<meta property=\"article:modified_time\" content=\"2020-12-04T00:55:16+00:00\" \/>\n<meta property=\"og:image\" content=\"https:\/\/i1.wp.com\/donbaraton.es\/wp-content\/uploads\/2018\/10\/Canap\u00e9-abatible-Basel-con-almacenaje-para-guardar-ropa-de-cama.jpg?fit=1067%2C1001&ssl=1\" \/>\n\t<meta property=\"og:image:width\" content=\"1067\" \/>\n\t<meta property=\"og:image:height\" content=\"1001\" \/>\n\t<meta property=\"og:image:type\" content=\"image\/jpeg\" \/>\n<meta name=\"twitter:card\" content=\"summary_large_image\" \/>\n<meta name=\"twitter:site\" content=\"@don_baraton\" \/>\n<meta name=\"twitter:label1\" content=\"Estimated reading time\" \/>\n\t<meta name=\"twitter:data1\" content=\"1 minute\" \/>\n<script type=\"application\/ld+json\" class=\"yoast-schema-graph\">{\"@context\":\"https:\/\/schema.org\",\"@graph\":[{\"@type\":\"WebPage\",\"@id\":\"https:\/\/donbaraton.es\/en\/p\/lift-up-storage-bed-basel\/\",\"url\":\"https:\/\/donbaraton.es\/en\/p\/lift-up-storage-bed-basel\/\",\"name\":\"Lift-Up Storage Bed. Beds, Mattresses and Sofas - Don Baraton\",\"isPartOf\":{\"@id\":\"https:\/\/donbaraton.es\/#website\"},\"primaryImageOfPage\":{\"@id\":\"https:\/\/donbaraton.es\/en\/p\/lift-up-storage-bed-basel\/#primaryimage\"},\"image\":{\"@id\":\"https:\/\/donbaraton.es\/en\/p\/lift-up-storage-bed-basel\/#primaryimage\"},\"thumbnailUrl\":\"https:\/\/donbaraton.es\/wp-content\/uploads\/2018\/10\/Canap\u00e9-abatible-Basel-con-almacenaje-para-guardar-ropa-de-cama.jpg\",\"datePublished\":\"2018-10-20T17:24:41+00:00\",\"dateModified\":\"2020-12-04T00:55:16+00:00\",\"breadcrumb\":{\"@id\":\"https:\/\/donbaraton.es\/en\/p\/lift-up-storage-bed-basel\/#breadcrumb\"},\"inLanguage\":\"en-GB\",\"potentialAction\":[{\"@type\":\"ReadAction\",\"target\":[\"https:\/\/donbaraton.es\/en\/p\/lift-up-storage-bed-basel\/\"]}]},{\"@type\":\"ImageObject\",\"inLanguage\":\"en-GB\",\"@id\":\"https:\/\/donbaraton.es\/en\/p\/lift-up-storage-bed-basel\/#primaryimage\",\"url\":\"https:\/\/donbaraton.es\/wp-content\/uploads\/2018\/10\/Canap\u00e9-abatible-Basel-con-almacenaje-para-guardar-ropa-de-cama.jpg\",\"contentUrl\":\"https:\/\/donbaraton.es\/wp-content\/uploads\/2018\/10\/Canap\u00e9-abatible-Basel-con-almacenaje-para-guardar-ropa-de-cama.jpg\",\"width\":1067,\"height\":1001,\"caption\":\"Lift-Up Storage Bed Upholstered in Faux Leather. Storage Opened. Basel\"},{\"@type\":\"BreadcrumbList\",\"@id\":\"https:\/\/donbaraton.es\/en\/p\/lift-up-storage-bed-basel\/#breadcrumb\",\"itemListElement\":[{\"@type\":\"ListItem\",\"position\":1,\"name\":\"Portada\",\"item\":\"https:\/\/donbaraton.es\/en\/\"},{\"@type\":\"ListItem\",\"position\":2,\"name\":\"Online Shop\",\"item\":\"https:\/\/donbaraton.es\/en\/shop\/\"},{\"@type\":\"ListItem\",\"position\":3,\"name\":\"Lift Up Storage Bed &#8211; Basel\"}]},{\"@type\":\"WebSite\",\"@id\":\"https:\/\/donbaraton.es\/#website\",\"url\":\"https:\/\/donbaraton.es\/\",\"name\":\"Don Baraton: tienda de sof\u00e1s, muebles y colchones\",\"description\":\"Sofas baratos desde el almac\u00e9n en Almorad\u00ed, Alicante\",\"publisher\":{\"@id\":\"https:\/\/donbaraton.es\/#organization\"},\"potentialAction\":[{\"@type\":\"SearchAction\",\"target\":{\"@type\":\"EntryPoint\",\"urlTemplate\":\"https:\/\/donbaraton.es\/?s={search_term_string}\"},\"query-input\":{\"@type\":\"PropertyValueSpecification\",\"valueRequired\":true,\"valueName\":\"search_term_string\"}}],\"inLanguage\":\"en-GB\"},{\"@type\":\"Organization\",\"@id\":\"https:\/\/donbaraton.es\/#organization\",\"name\":\"Don Baraton\",\"url\":\"https:\/\/donbaraton.es\/\",\"logo\":{\"@type\":\"ImageObject\",\"inLanguage\":\"en-GB\",\"@id\":\"https:\/\/donbaraton.es\/#\/schema\/logo\/image\/\",\"url\":\"https:\/\/i0.wp.com\/donbaraton.es\/wp-content\/uploads\/2016\/11\/logo_don_baraton.png?fit=228%2C110&ssl=1\",\"contentUrl\":\"https:\/\/i0.wp.com\/donbaraton.es\/wp-content\/uploads\/2016\/11\/logo_don_baraton.png?fit=228%2C110&ssl=1\",\"width\":228,\"height\":110,\"caption\":\"Don Baraton\"},\"image\":{\"@id\":\"https:\/\/donbaraton.es\/#\/schema\/logo\/image\/\"},\"sameAs\":[\"https:\/\/www.facebook.com\/donbaraton.es\",\"https:\/\/x.com\/don_baraton\",\"https:\/\/www.instagram.com\/donbaraton.es\",\"https:\/\/www.linkedin.com\/company\/donbaraton\/\",\"https:\/\/es.pinterest.com\/donbaraton\/\",\"https:\/\/www.youtube.com\/channel\/UCL02HOwx-F759Jq5MedAZfQ\"]}]}<\/script>\n<!-- \/ Yoast SEO plugin. -->","yoast_head_json":{"title":"Lift-Up Storage Bed. Beds, Mattresses and Sofas - Don Baraton","robots":{"index":"index","follow":"follow","max-snippet":"max-snippet:-1","max-image-preview":"max-image-preview:large","max-video-preview":"max-video-preview:-1"},"canonical":"https:\/\/donbaraton.es\/en\/p\/lift-up-storage-bed-basel\/","og_locale":"en_GB","og_type":"article","og_title":"Lift-Up Storage Bed. Beds, Mattresses and Sofas - Don Baraton","og_description":"Upholstered in synthetic leatherModern design with double stitchingStorage for linens, blankets and clothesSturdy frameOpening mechanism with gas springsPerforated lid for better ventilation of the mattressHeight with lid 33.5 cm, depth of the storage 25 cmChoose your size and color to view the price. Need a mattress too? Please click here to view our mattresses","og_url":"https:\/\/donbaraton.es\/en\/p\/lift-up-storage-bed-basel\/","og_site_name":"Don Baraton: tienda de sof\u00e1s, muebles y colchones","article_publisher":"https:\/\/www.facebook.com\/donbaraton.es","article_modified_time":"2020-12-04T00:55:16+00:00","og_image":[{"width":1067,"height":1001,"url":"https:\/\/i1.wp.com\/donbaraton.es\/wp-content\/uploads\/2018\/10\/Canap\u00e9-abatible-Basel-con-almacenaje-para-guardar-ropa-de-cama.jpg?fit=1067%2C1001&ssl=1","type":"image\/jpeg"}],"twitter_card":"summary_large_image","twitter_site":"@don_baraton","twitter_misc":{"Estimated reading time":"1 minute"},"schema":{"@context":"https:\/\/schema.org","@graph":[{"@type":"WebPage","@id":"https:\/\/donbaraton.es\/en\/p\/lift-up-storage-bed-basel\/","url":"https:\/\/donbaraton.es\/en\/p\/lift-up-storage-bed-basel\/","name":"Lift-Up Storage Bed. Beds, Mattresses and Sofas - Don Baraton","isPartOf":{"@id":"https:\/\/donbaraton.es\/#website"},"primaryImageOfPage":{"@id":"https:\/\/donbaraton.es\/en\/p\/lift-up-storage-bed-basel\/#primaryimage"},"image":{"@id":"https:\/\/donbaraton.es\/en\/p\/lift-up-storage-bed-basel\/#primaryimage"},"thumbnailUrl":"https:\/\/donbaraton.es\/wp-content\/uploads\/2018\/10\/Canap\u00e9-abatible-Basel-con-almacenaje-para-guardar-ropa-de-cama.jpg","datePublished":"2018-10-20T17:24:41+00:00","dateModified":"2020-12-04T00:55:16+00:00","breadcrumb":{"@id":"https:\/\/donbaraton.es\/en\/p\/lift-up-storage-bed-basel\/#breadcrumb"},"inLanguage":"en-GB","potentialAction":[{"@type":"ReadAction","target":["https:\/\/donbaraton.es\/en\/p\/lift-up-storage-bed-basel\/"]}]},{"@type":"ImageObject","inLanguage":"en-GB","@id":"https:\/\/donbaraton.es\/en\/p\/lift-up-storage-bed-basel\/#primaryimage","url":"https:\/\/donbaraton.es\/wp-content\/uploads\/2018\/10\/Canap\u00e9-abatible-Basel-con-almacenaje-para-guardar-ropa-de-cama.jpg","contentUrl":"https:\/\/donbaraton.es\/wp-content\/uploads\/2018\/10\/Canap\u00e9-abatible-Basel-con-almacenaje-para-guardar-ropa-de-cama.jpg","width":1067,"height":1001,"caption":"Lift-Up Storage Bed Upholstered in Faux Leather. Storage Opened. Basel"},{"@type":"BreadcrumbList","@id":"https:\/\/donbaraton.es\/en\/p\/lift-up-storage-bed-basel\/#breadcrumb","itemListElement":[{"@type":"ListItem","position":1,"name":"Portada","item":"https:\/\/donbaraton.es\/en\/"},{"@type":"ListItem","position":2,"name":"Online Shop","item":"https:\/\/donbaraton.es\/en\/shop\/"},{"@type":"ListItem","position":3,"name":"Lift Up Storage Bed &#8211; Basel"}]},{"@type":"WebSite","@id":"https:\/\/donbaraton.es\/#website","url":"https:\/\/donbaraton.es\/","name":"Don Baraton: tienda de sof\u00e1s, muebles y colchones","description":"Sofas baratos desde el almac\u00e9n en Almorad\u00ed, Alicante","publisher":{"@id":"https:\/\/donbaraton.es\/#organization"},"potentialAction":[{"@type":"SearchAction","target":{"@type":"EntryPoint","urlTemplate":"https:\/\/donbaraton.es\/?s={search_term_string}"},"query-input":{"@type":"PropertyValueSpecification","valueRequired":true,"valueName":"search_term_string"}}],"inLanguage":"en-GB"},{"@type":"Organization","@id":"https:\/\/donbaraton.es\/#organization","name":"Don Baraton","url":"https:\/\/donbaraton.es\/","logo":{"@type":"ImageObject","inLanguage":"en-GB","@id":"https:\/\/donbaraton.es\/#\/schema\/logo\/image\/","url":"https:\/\/i0.wp.com\/donbaraton.es\/wp-content\/uploads\/2016\/11\/logo_don_baraton.png?fit=228%2C110&ssl=1","contentUrl":"https:\/\/i0.wp.com\/donbaraton.es\/wp-content\/uploads\/2016\/11\/logo_don_baraton.png?fit=228%2C110&ssl=1","width":228,"height":110,"caption":"Don Baraton"},"image":{"@id":"https:\/\/donbaraton.es\/#\/schema\/logo\/image\/"},"sameAs":["https:\/\/www.facebook.com\/donbaraton.es","https:\/\/x.com\/don_baraton","https:\/\/www.instagram.com\/donbaraton.es","https:\/\/www.linkedin.com\/company\/donbaraton\/","https:\/\/es.pinterest.com\/donbaraton\/","https:\/\/www.youtube.com\/channel\/UCL02HOwx-F759Jq5MedAZfQ"]}]}},"_links":{"self":[{"href":"https:\/\/donbaraton.es\/en\/wp-json\/wp\/v2\/product\/11308","targetHints":{"allow":["GET"]}}],"collection":[{"href":"https:\/\/donbaraton.es\/en\/wp-json\/wp\/v2\/product"}],"about":[{"href":"https:\/\/donbaraton.es\/en\/wp-json\/wp\/v2\/types\/product"}],"replies":[{"embeddable":true,"href":"https:\/\/donbaraton.es\/en\/wp-json\/wp\/v2\/comments?post=11308"}],"wp:featuredmedia":[{"embeddable":true,"href":"https:\/\/donbaraton.es\/en\/wp-json\/wp\/v2\/media\/11287"}],"wp:attachment":[{"href":"https:\/\/donbaraton.es\/en\/wp-json\/wp\/v2\/media?parent=11308"}],"wp:term":[{"taxonomy":"product_brand","embeddable":true,"href":"https:\/\/donbaraton.es\/en\/wp-json\/wp\/v2\/product_brand?post=11308"},{"taxonomy":"product_cat","embeddable":true,"href":"https:\/\/donbaraton.es\/en\/wp-json\/wp\/v2\/product_cat?post=11308"},{"taxonomy":"product_tag","embeddable":true,"href":"https:\/\/donbaraton.es\/en\/wp-json\/wp\/v2\/product_tag?post=11308"}],"curies":[{"name":"wp","href":"https:\/\/api.w.org\/{rel}","templated":true}]}}