{"id":11394,"date":"2018-07-20T14:13:27","date_gmt":"2018-10-18T12:13:27","guid":{"rendered":"https:\/\/donbaraton.es\/producto\/uncategorized\/slatted-bed-base-legs-laminor\/"},"modified":"2022-07-27T18:17:40","modified_gmt":"2022-07-27T16:17:40","slug":"slatted-bed-base-legs-laminor","status":"publish","type":"product","link":"https:\/\/donbaraton.es\/en\/p\/slatted-bed-base-legs-laminor\/","title":{"rendered":"Legs For Slatted Bed Base  \u2013 Laminor"},"content":{"rendered":"<p>Set of legs for slatted bed bases. A necessary addition to new slatted bed bases or a substitution to broken or rusty legs of your existing bed. Suitable for <a href=\"\/?p=11235\">Laminor slatted bed bases<\/a> or other models with the same measurements of the metal pipes (3 x 3 cm). Packs of four or size pieces to choose from.<\/p>\n<p>Steel square pipes of 30 x 30 mm. Height &#8211; 27 cm. Black colour. Plastic soles for wooden and laminate floors protection.<\/p>\n<p>Fast and easy assembly with a 13 mm spanner and a flat screwdriver (one bolt and one nut for every leg). Clamps, bolts and nuts are included. It is important to fix the legs well and tighten the nuts well before use to avoid movements of the legs.<\/p>\n","protected":false},"excerpt":{"rendered":"<p>Set of legs for slatted bed bases<\/p>\n<ul>\n<li>Square tubes of 30 x 30 mm<\/li>\n<li>Height 27 cm<\/li>\n<li>Fast and easy assembly<\/li>\n<li>Plastic soles for floor protection<\/li>\n<li>Clamps, bolts and nuts included<\/li>\n<\/ul>\n<p>Packs of 4 o 6 pieces to choose from<\/p>\n","protected":false},"featured_media":11268,"comment_status":"open","ping_status":"closed","template":"","meta":{"_et_pb_use_builder":"","_et_pb_old_content":"","_et_gb_content_width":""},"product_brand":[],"product_cat":[132],"product_tag":[],"class_list":{"0":"post-11394","1":"product","2":"type-product","3":"status-publish","4":"has-post-thumbnail","6":"product_cat-beds","7":"product_shipping_class-articulos-ligeros","9":"first","10":"instock","11":"sale","12":"taxable","13":"shipping-taxable","14":"purchasable","15":"product-type-variable"},"yoast_head":"<!-- This site is optimized with the Yoast SEO plugin v27.2 - https:\/\/yoast.com\/product\/yoast-seo-wordpress\/ -->\n<title>Legs For Slatted Bed Base \u2013 Laminor - Don Baraton: tienda de sof\u00e1s, muebles y colchones<\/title>\n<meta name=\"robots\" content=\"index, follow, max-snippet:-1, max-image-preview:large, max-video-preview:-1\" \/>\n<link rel=\"canonical\" href=\"https:\/\/donbaraton.es\/en\/p\/slatted-bed-base-legs-laminor\/\" \/>\n<meta property=\"og:locale\" content=\"en_GB\" \/>\n<meta property=\"og:type\" content=\"article\" \/>\n<meta property=\"og:title\" content=\"Legs For Slatted Bed Base \u2013 Laminor - Don Baraton: tienda de sof\u00e1s, muebles y colchones\" \/>\n<meta property=\"og:description\" content=\"Set of legs for slatted bed bases   Square tubes of 30 x 30 mm  Height 27 cm  Fast and easy assembly  Plastic soles for floor protection  Clamps, bolts and nuts included  Packs of 4 o 6 pieces to choose from\" \/>\n<meta property=\"og:url\" content=\"https:\/\/donbaraton.es\/en\/p\/slatted-bed-base-legs-laminor\/\" \/>\n<meta property=\"og:site_name\" content=\"Don Baraton: tienda de sof\u00e1s, muebles y colchones\" \/>\n<meta property=\"article:publisher\" content=\"https:\/\/www.facebook.com\/donbaraton.es\" \/>\n<meta property=\"article:modified_time\" content=\"2022-07-27T16:17:40+00:00\" \/>\n<meta property=\"og:image\" content=\"https:\/\/i0.wp.com\/donbaraton.es\/wp-content\/uploads\/2018\/10\/Juego-de-patas-de-somier-metalicas-pack-4-patas-Laminor.jpg?fit=1000%2C1000&ssl=1\" \/>\n\t<meta property=\"og:image:width\" content=\"1000\" \/>\n\t<meta property=\"og:image:height\" content=\"1000\" \/>\n\t<meta property=\"og:image:type\" content=\"image\/jpeg\" \/>\n<meta name=\"twitter:card\" content=\"summary_large_image\" \/>\n<meta name=\"twitter:site\" content=\"@don_baraton\" \/>\n<meta name=\"twitter:label1\" content=\"Estimated reading time\" \/>\n\t<meta name=\"twitter:data1\" content=\"1 minute\" \/>\n<script type=\"application\/ld+json\" class=\"yoast-schema-graph\">{\"@context\":\"https:\/\/schema.org\",\"@graph\":[{\"@type\":\"WebPage\",\"@id\":\"https:\/\/donbaraton.es\/en\/p\/slatted-bed-base-legs-laminor\/\",\"url\":\"https:\/\/donbaraton.es\/en\/p\/slatted-bed-base-legs-laminor\/\",\"name\":\"Legs For Slatted Bed Base \u2013 Laminor - Don Baraton: tienda de sof\u00e1s, muebles y colchones\",\"isPartOf\":{\"@id\":\"https:\/\/donbaraton.es\/#website\"},\"primaryImageOfPage\":{\"@id\":\"https:\/\/donbaraton.es\/en\/p\/slatted-bed-base-legs-laminor\/#primaryimage\"},\"image\":{\"@id\":\"https:\/\/donbaraton.es\/en\/p\/slatted-bed-base-legs-laminor\/#primaryimage\"},\"thumbnailUrl\":\"https:\/\/donbaraton.es\/wp-content\/uploads\/2018\/10\/Juego-de-patas-de-somier-metalicas-pack-4-patas-Laminor.jpg\",\"datePublished\":\"2018-10-18T12:13:27+00:00\",\"dateModified\":\"2022-07-27T16:17:40+00:00\",\"breadcrumb\":{\"@id\":\"https:\/\/donbaraton.es\/en\/p\/slatted-bed-base-legs-laminor\/#breadcrumb\"},\"inLanguage\":\"en-GB\",\"potentialAction\":[{\"@type\":\"ReadAction\",\"target\":[\"https:\/\/donbaraton.es\/en\/p\/slatted-bed-base-legs-laminor\/\"]}]},{\"@type\":\"ImageObject\",\"inLanguage\":\"en-GB\",\"@id\":\"https:\/\/donbaraton.es\/en\/p\/slatted-bed-base-legs-laminor\/#primaryimage\",\"url\":\"https:\/\/donbaraton.es\/wp-content\/uploads\/2018\/10\/Juego-de-patas-de-somier-metalicas-pack-4-patas-Laminor.jpg\",\"contentUrl\":\"https:\/\/donbaraton.es\/wp-content\/uploads\/2018\/10\/Juego-de-patas-de-somier-metalicas-pack-4-patas-Laminor.jpg\",\"width\":1000,\"height\":1000,\"caption\":\"Set of Legs For Slatted Bed Base (Pack of Four Pieces) \u2013 Laminor\"},{\"@type\":\"BreadcrumbList\",\"@id\":\"https:\/\/donbaraton.es\/en\/p\/slatted-bed-base-legs-laminor\/#breadcrumb\",\"itemListElement\":[{\"@type\":\"ListItem\",\"position\":1,\"name\":\"Portada\",\"item\":\"https:\/\/donbaraton.es\/en\/\"},{\"@type\":\"ListItem\",\"position\":2,\"name\":\"Online Shop\",\"item\":\"https:\/\/donbaraton.es\/en\/shop\/\"},{\"@type\":\"ListItem\",\"position\":3,\"name\":\"Legs For Slatted Bed Base \u2013 Laminor\"}]},{\"@type\":\"WebSite\",\"@id\":\"https:\/\/donbaraton.es\/#website\",\"url\":\"https:\/\/donbaraton.es\/\",\"name\":\"Don Baraton: tienda de sof\u00e1s, muebles y colchones\",\"description\":\"Sofas baratos desde el almac\u00e9n en Almorad\u00ed, Alicante\",\"publisher\":{\"@id\":\"https:\/\/donbaraton.es\/#organization\"},\"potentialAction\":[{\"@type\":\"SearchAction\",\"target\":{\"@type\":\"EntryPoint\",\"urlTemplate\":\"https:\/\/donbaraton.es\/?s={search_term_string}\"},\"query-input\":{\"@type\":\"PropertyValueSpecification\",\"valueRequired\":true,\"valueName\":\"search_term_string\"}}],\"inLanguage\":\"en-GB\"},{\"@type\":\"Organization\",\"@id\":\"https:\/\/donbaraton.es\/#organization\",\"name\":\"Don Baraton\",\"url\":\"https:\/\/donbaraton.es\/\",\"logo\":{\"@type\":\"ImageObject\",\"inLanguage\":\"en-GB\",\"@id\":\"https:\/\/donbaraton.es\/#\/schema\/logo\/image\/\",\"url\":\"https:\/\/i0.wp.com\/donbaraton.es\/wp-content\/uploads\/2016\/11\/logo_don_baraton.png?fit=228%2C110&ssl=1\",\"contentUrl\":\"https:\/\/i0.wp.com\/donbaraton.es\/wp-content\/uploads\/2016\/11\/logo_don_baraton.png?fit=228%2C110&ssl=1\",\"width\":228,\"height\":110,\"caption\":\"Don Baraton\"},\"image\":{\"@id\":\"https:\/\/donbaraton.es\/#\/schema\/logo\/image\/\"},\"sameAs\":[\"https:\/\/www.facebook.com\/donbaraton.es\",\"https:\/\/x.com\/don_baraton\",\"https:\/\/www.instagram.com\/donbaraton.es\",\"https:\/\/www.linkedin.com\/company\/donbaraton\/\",\"https:\/\/es.pinterest.com\/donbaraton\/\",\"https:\/\/www.youtube.com\/channel\/UCL02HOwx-F759Jq5MedAZfQ\"]}]}<\/script>\n<!-- \/ Yoast SEO plugin. -->","yoast_head_json":{"title":"Legs For Slatted Bed Base \u2013 Laminor - Don Baraton: tienda de sof\u00e1s, muebles y colchones","robots":{"index":"index","follow":"follow","max-snippet":"max-snippet:-1","max-image-preview":"max-image-preview:large","max-video-preview":"max-video-preview:-1"},"canonical":"https:\/\/donbaraton.es\/en\/p\/slatted-bed-base-legs-laminor\/","og_locale":"en_GB","og_type":"article","og_title":"Legs For Slatted Bed Base \u2013 Laminor - Don Baraton: tienda de sof\u00e1s, muebles y colchones","og_description":"Set of legs for slatted bed bases   Square tubes of 30 x 30 mm  Height 27 cm  Fast and easy assembly  Plastic soles for floor protection  Clamps, bolts and nuts included  Packs of 4 o 6 pieces to choose from","og_url":"https:\/\/donbaraton.es\/en\/p\/slatted-bed-base-legs-laminor\/","og_site_name":"Don Baraton: tienda de sof\u00e1s, muebles y colchones","article_publisher":"https:\/\/www.facebook.com\/donbaraton.es","article_modified_time":"2022-07-27T16:17:40+00:00","og_image":[{"width":1000,"height":1000,"url":"https:\/\/i0.wp.com\/donbaraton.es\/wp-content\/uploads\/2018\/10\/Juego-de-patas-de-somier-metalicas-pack-4-patas-Laminor.jpg?fit=1000%2C1000&ssl=1","type":"image\/jpeg"}],"twitter_card":"summary_large_image","twitter_site":"@don_baraton","twitter_misc":{"Estimated reading time":"1 minute"},"schema":{"@context":"https:\/\/schema.org","@graph":[{"@type":"WebPage","@id":"https:\/\/donbaraton.es\/en\/p\/slatted-bed-base-legs-laminor\/","url":"https:\/\/donbaraton.es\/en\/p\/slatted-bed-base-legs-laminor\/","name":"Legs For Slatted Bed Base \u2013 Laminor - Don Baraton: tienda de sof\u00e1s, muebles y colchones","isPartOf":{"@id":"https:\/\/donbaraton.es\/#website"},"primaryImageOfPage":{"@id":"https:\/\/donbaraton.es\/en\/p\/slatted-bed-base-legs-laminor\/#primaryimage"},"image":{"@id":"https:\/\/donbaraton.es\/en\/p\/slatted-bed-base-legs-laminor\/#primaryimage"},"thumbnailUrl":"https:\/\/donbaraton.es\/wp-content\/uploads\/2018\/10\/Juego-de-patas-de-somier-metalicas-pack-4-patas-Laminor.jpg","datePublished":"2018-10-18T12:13:27+00:00","dateModified":"2022-07-27T16:17:40+00:00","breadcrumb":{"@id":"https:\/\/donbaraton.es\/en\/p\/slatted-bed-base-legs-laminor\/#breadcrumb"},"inLanguage":"en-GB","potentialAction":[{"@type":"ReadAction","target":["https:\/\/donbaraton.es\/en\/p\/slatted-bed-base-legs-laminor\/"]}]},{"@type":"ImageObject","inLanguage":"en-GB","@id":"https:\/\/donbaraton.es\/en\/p\/slatted-bed-base-legs-laminor\/#primaryimage","url":"https:\/\/donbaraton.es\/wp-content\/uploads\/2018\/10\/Juego-de-patas-de-somier-metalicas-pack-4-patas-Laminor.jpg","contentUrl":"https:\/\/donbaraton.es\/wp-content\/uploads\/2018\/10\/Juego-de-patas-de-somier-metalicas-pack-4-patas-Laminor.jpg","width":1000,"height":1000,"caption":"Set of Legs For Slatted Bed Base (Pack of Four Pieces) \u2013 Laminor"},{"@type":"BreadcrumbList","@id":"https:\/\/donbaraton.es\/en\/p\/slatted-bed-base-legs-laminor\/#breadcrumb","itemListElement":[{"@type":"ListItem","position":1,"name":"Portada","item":"https:\/\/donbaraton.es\/en\/"},{"@type":"ListItem","position":2,"name":"Online Shop","item":"https:\/\/donbaraton.es\/en\/shop\/"},{"@type":"ListItem","position":3,"name":"Legs For Slatted Bed Base \u2013 Laminor"}]},{"@type":"WebSite","@id":"https:\/\/donbaraton.es\/#website","url":"https:\/\/donbaraton.es\/","name":"Don Baraton: tienda de sof\u00e1s, muebles y colchones","description":"Sofas baratos desde el almac\u00e9n en Almorad\u00ed, Alicante","publisher":{"@id":"https:\/\/donbaraton.es\/#organization"},"potentialAction":[{"@type":"SearchAction","target":{"@type":"EntryPoint","urlTemplate":"https:\/\/donbaraton.es\/?s={search_term_string}"},"query-input":{"@type":"PropertyValueSpecification","valueRequired":true,"valueName":"search_term_string"}}],"inLanguage":"en-GB"},{"@type":"Organization","@id":"https:\/\/donbaraton.es\/#organization","name":"Don Baraton","url":"https:\/\/donbaraton.es\/","logo":{"@type":"ImageObject","inLanguage":"en-GB","@id":"https:\/\/donbaraton.es\/#\/schema\/logo\/image\/","url":"https:\/\/i0.wp.com\/donbaraton.es\/wp-content\/uploads\/2016\/11\/logo_don_baraton.png?fit=228%2C110&ssl=1","contentUrl":"https:\/\/i0.wp.com\/donbaraton.es\/wp-content\/uploads\/2016\/11\/logo_don_baraton.png?fit=228%2C110&ssl=1","width":228,"height":110,"caption":"Don Baraton"},"image":{"@id":"https:\/\/donbaraton.es\/#\/schema\/logo\/image\/"},"sameAs":["https:\/\/www.facebook.com\/donbaraton.es","https:\/\/x.com\/don_baraton","https:\/\/www.instagram.com\/donbaraton.es","https:\/\/www.linkedin.com\/company\/donbaraton\/","https:\/\/es.pinterest.com\/donbaraton\/","https:\/\/www.youtube.com\/channel\/UCL02HOwx-F759Jq5MedAZfQ"]}]}},"_links":{"self":[{"href":"https:\/\/donbaraton.es\/en\/wp-json\/wp\/v2\/product\/11394","targetHints":{"allow":["GET"]}}],"collection":[{"href":"https:\/\/donbaraton.es\/en\/wp-json\/wp\/v2\/product"}],"about":[{"href":"https:\/\/donbaraton.es\/en\/wp-json\/wp\/v2\/types\/product"}],"replies":[{"embeddable":true,"href":"https:\/\/donbaraton.es\/en\/wp-json\/wp\/v2\/comments?post=11394"}],"wp:featuredmedia":[{"embeddable":true,"href":"https:\/\/donbaraton.es\/en\/wp-json\/wp\/v2\/media\/11268"}],"wp:attachment":[{"href":"https:\/\/donbaraton.es\/en\/wp-json\/wp\/v2\/media?parent=11394"}],"wp:term":[{"taxonomy":"product_brand","embeddable":true,"href":"https:\/\/donbaraton.es\/en\/wp-json\/wp\/v2\/product_brand?post=11394"},{"taxonomy":"product_cat","embeddable":true,"href":"https:\/\/donbaraton.es\/en\/wp-json\/wp\/v2\/product_cat?post=11394"},{"taxonomy":"product_tag","embeddable":true,"href":"https:\/\/donbaraton.es\/en\/wp-json\/wp\/v2\/product_tag?post=11394"}],"curies":[{"name":"wp","href":"https:\/\/api.w.org\/{rel}","templated":true}]}}