{"id":11443,"date":"2021-04-09T20:05:31","date_gmt":"2018-11-04T23:47:57","guid":{"rendered":"https:\/\/donbaraton.es\/?post_type=product&#038;p=11443"},"modified":"2025-09-01T03:04:09","modified_gmt":"2025-09-01T01:04:09","slug":"sofa-set-3-2-sliding-seats-reclining-backrests-toledo","status":"publish","type":"product","link":"https:\/\/donbaraton.es\/en\/p\/sofa-set-3-2-sliding-seats-reclining-backrests-toledo\/","title":{"rendered":"Sofa Set 3+2: Sliding Seats, Reclining Backrests and 4 Poufs &#8211; Toledo"},"content":{"rendered":"<p><strong>A set of 3 seater and 2 seater sofas with sliding seats, reclining backrests and 4 Poufs &#8211; Toledo.<\/strong><\/p>\n<p>Wooden frame strengthened with two layers of acrylic lacquer. Painted wooden legs. Very comfortable seats with high resilience foam covered with fused fibres. Seats supported by crossed belts for longer durability and better comfort. Stain resistant microfiber fabric with cotton.<\/p>\n<p>Four small poufs that can be hidden inside the sofas (two inside each sofa).\u00a0 \u00a0<\/p>\n<p>Available in four colours &#8211; grey, dark brown, beige and light grey.<\/p>\n<p><strong>Measurements of the 3 seater sofa:<\/strong> length 206 cm, height 99 cm, depth 89 cm. <strong>Measurements of the 2 seater sofa:\u00a0<\/strong>length 188 cm, height 99 cm, depth 89 cm. <strong>Poufs:<\/strong> 35 x 30 cm, height 36 cm<\/p>\n<p><strong>Additional measurements:\u00a0<\/strong>depth of the sofa with the sliding seats out 123 cm. Height of the seat from the floor 45 cm. Depth of the seats 50 cm. Depth of the seats pulled-out 85 cm. Height of the backrest 73 cm.\u00a0\u00a0<\/p>\n","protected":false},"excerpt":{"rendered":"<ul>\n<li>Wooden frame covered with\u00a0acrylic lacquer<\/li>\n<li>Stain resistant microfibre fabric with cotton<\/li>\n<li>Pained wooden legs<\/li>\n<li>Seats with high resilience foam supported by crossed belts<\/li>\n<li>4 colours to choose from<\/li>\n<li>4 poufs included\u00a0<\/li>\n<\/ul>\n<p><strong>Measurements.<\/strong> <strong>3 seater:<\/strong> length 206 cm, height 99 cm, depth 89 cm. <strong>2 seater:<\/strong> length 188 cm, height 99 cm, depth 89 cm<\/p>\n","protected":false},"featured_media":28280,"comment_status":"open","ping_status":"closed","template":"","meta":{"_et_pb_use_builder":"","_et_pb_old_content":"","_et_gb_content_width":""},"product_brand":[],"product_cat":[167,35],"product_tag":[],"class_list":{"0":"post-11443","1":"product","2":"type-product","3":"status-publish","4":"has-post-thumbnail","6":"product_cat-sofa-sets","7":"product_cat-sofas-en","8":"product_shipping_class-articulos-pesados","9":"pa_largo-sofas-200-cm-less","10":"pa_material-fabric","11":"pa_plazas-large-sofas","13":"first","14":"outofstock","15":"sale","16":"taxable","17":"shipping-taxable","18":"purchasable","19":"product-type-variable"},"yoast_head":"<!-- This site is optimized with the Yoast SEO plugin v27.2 - https:\/\/yoast.com\/product\/yoast-seo-wordpress\/ -->\n<title>Sofa Set 3+2: Sliding Seats, Reclining Backrests and 4 Poufs - Toledo - Don Baraton: tienda de sof\u00e1s, muebles y colchones<\/title>\n<meta name=\"robots\" content=\"index, follow, max-snippet:-1, max-image-preview:large, max-video-preview:-1\" \/>\n<link rel=\"canonical\" href=\"https:\/\/donbaraton.es\/en\/p\/sofa-set-3-2-sliding-seats-reclining-backrests-toledo\/\" \/>\n<meta property=\"og:locale\" content=\"en_GB\" \/>\n<meta property=\"og:type\" content=\"article\" \/>\n<meta property=\"og:title\" content=\"Sofa Set 3+2: Sliding Seats, Reclining Backrests and 4 Poufs - Toledo - Don Baraton: tienda de sof\u00e1s, muebles y colchones\" \/>\n<meta property=\"og:description\" content=\"Wooden frame covered with\u00a0acrylic lacquer Stain resistant microfibre fabric with cotton Pained wooden legs Seats with high resilience foam supported by crossed belts 4 colours to choose from 4 poufs included\u00a0  Measurements. 3 seater: length 206 cm, height 99 cm, depth 89 cm. 2 seater: length 188 cm, height 99 cm, depth 89 cm\" \/>\n<meta property=\"og:url\" content=\"https:\/\/donbaraton.es\/en\/p\/sofa-set-3-2-sliding-seats-reclining-backrests-toledo\/\" \/>\n<meta property=\"og:site_name\" content=\"Don Baraton: tienda de sof\u00e1s, muebles y colchones\" \/>\n<meta property=\"article:publisher\" content=\"https:\/\/www.facebook.com\/donbaraton.es\" \/>\n<meta property=\"article:modified_time\" content=\"2025-09-01T01:04:09+00:00\" \/>\n<meta property=\"og:image\" content=\"https:\/\/i0.wp.com\/donbaraton.es\/wp-content\/uploads\/2018\/12\/Conjunto-de-sofas-32-asientos-deslizantes-respaldos-reclinables-y-4-pufs-Toledo.-Color-marron-chocolate.jpg?fit=1000%2C750&ssl=1\" \/>\n\t<meta property=\"og:image:width\" content=\"1000\" \/>\n\t<meta property=\"og:image:height\" content=\"750\" \/>\n\t<meta property=\"og:image:type\" content=\"image\/jpeg\" \/>\n<meta name=\"twitter:card\" content=\"summary_large_image\" \/>\n<meta name=\"twitter:site\" content=\"@don_baraton\" \/>\n<meta name=\"twitter:label1\" content=\"Estimated reading time\" \/>\n\t<meta name=\"twitter:data1\" content=\"1 minute\" \/>\n<script type=\"application\/ld+json\" class=\"yoast-schema-graph\">{\"@context\":\"https:\/\/schema.org\",\"@graph\":[{\"@type\":\"WebPage\",\"@id\":\"https:\/\/donbaraton.es\/en\/p\/sofa-set-3-2-sliding-seats-reclining-backrests-toledo\/\",\"url\":\"https:\/\/donbaraton.es\/en\/p\/sofa-set-3-2-sliding-seats-reclining-backrests-toledo\/\",\"name\":\"Sofa Set 3+2: Sliding Seats, Reclining Backrests and 4 Poufs - Toledo - Don Baraton: tienda de sof\u00e1s, muebles y colchones\",\"isPartOf\":{\"@id\":\"https:\/\/donbaraton.es\/#website\"},\"primaryImageOfPage\":{\"@id\":\"https:\/\/donbaraton.es\/en\/p\/sofa-set-3-2-sliding-seats-reclining-backrests-toledo\/#primaryimage\"},\"image\":{\"@id\":\"https:\/\/donbaraton.es\/en\/p\/sofa-set-3-2-sliding-seats-reclining-backrests-toledo\/#primaryimage\"},\"thumbnailUrl\":\"https:\/\/donbaraton.es\/wp-content\/uploads\/2018\/12\/Conjunto-de-sofas-32-asientos-deslizantes-respaldos-reclinables-y-4-pufs-Toledo.-Color-marron-chocolate.jpg\",\"datePublished\":\"2018-11-04T23:47:57+00:00\",\"dateModified\":\"2025-09-01T01:04:09+00:00\",\"breadcrumb\":{\"@id\":\"https:\/\/donbaraton.es\/en\/p\/sofa-set-3-2-sliding-seats-reclining-backrests-toledo\/#breadcrumb\"},\"inLanguage\":\"en-GB\",\"potentialAction\":[{\"@type\":\"ReadAction\",\"target\":[\"https:\/\/donbaraton.es\/en\/p\/sofa-set-3-2-sliding-seats-reclining-backrests-toledo\/\"]}]},{\"@type\":\"ImageObject\",\"inLanguage\":\"en-GB\",\"@id\":\"https:\/\/donbaraton.es\/en\/p\/sofa-set-3-2-sliding-seats-reclining-backrests-toledo\/#primaryimage\",\"url\":\"https:\/\/donbaraton.es\/wp-content\/uploads\/2018\/12\/Conjunto-de-sofas-32-asientos-deslizantes-respaldos-reclinables-y-4-pufs-Toledo.-Color-marron-chocolate.jpg\",\"contentUrl\":\"https:\/\/donbaraton.es\/wp-content\/uploads\/2018\/12\/Conjunto-de-sofas-32-asientos-deslizantes-respaldos-reclinables-y-4-pufs-Toledo.-Color-marron-chocolate.jpg\",\"width\":1000,\"height\":750,\"caption\":\"Sofa set 3+2: sliding seats, reclining backrests and 4 poufs - Toledo. Brown fabric\"},{\"@type\":\"BreadcrumbList\",\"@id\":\"https:\/\/donbaraton.es\/en\/p\/sofa-set-3-2-sliding-seats-reclining-backrests-toledo\/#breadcrumb\",\"itemListElement\":[{\"@type\":\"ListItem\",\"position\":1,\"name\":\"Portada\",\"item\":\"https:\/\/donbaraton.es\/en\/\"},{\"@type\":\"ListItem\",\"position\":2,\"name\":\"Online Shop\",\"item\":\"https:\/\/donbaraton.es\/en\/shop\/\"},{\"@type\":\"ListItem\",\"position\":3,\"name\":\"Sofa Set 3+2: Sliding Seats, Reclining Backrests and 4 Poufs &#8211; Toledo\"}]},{\"@type\":\"WebSite\",\"@id\":\"https:\/\/donbaraton.es\/#website\",\"url\":\"https:\/\/donbaraton.es\/\",\"name\":\"Don Baraton: tienda de sof\u00e1s, muebles y colchones\",\"description\":\"Sofas baratos desde el almac\u00e9n en Almorad\u00ed, Alicante\",\"publisher\":{\"@id\":\"https:\/\/donbaraton.es\/#organization\"},\"potentialAction\":[{\"@type\":\"SearchAction\",\"target\":{\"@type\":\"EntryPoint\",\"urlTemplate\":\"https:\/\/donbaraton.es\/?s={search_term_string}\"},\"query-input\":{\"@type\":\"PropertyValueSpecification\",\"valueRequired\":true,\"valueName\":\"search_term_string\"}}],\"inLanguage\":\"en-GB\"},{\"@type\":\"Organization\",\"@id\":\"https:\/\/donbaraton.es\/#organization\",\"name\":\"Don Baraton\",\"url\":\"https:\/\/donbaraton.es\/\",\"logo\":{\"@type\":\"ImageObject\",\"inLanguage\":\"en-GB\",\"@id\":\"https:\/\/donbaraton.es\/#\/schema\/logo\/image\/\",\"url\":\"https:\/\/i0.wp.com\/donbaraton.es\/wp-content\/uploads\/2016\/11\/logo_don_baraton.png?fit=228%2C110&ssl=1\",\"contentUrl\":\"https:\/\/i0.wp.com\/donbaraton.es\/wp-content\/uploads\/2016\/11\/logo_don_baraton.png?fit=228%2C110&ssl=1\",\"width\":228,\"height\":110,\"caption\":\"Don Baraton\"},\"image\":{\"@id\":\"https:\/\/donbaraton.es\/#\/schema\/logo\/image\/\"},\"sameAs\":[\"https:\/\/www.facebook.com\/donbaraton.es\",\"https:\/\/x.com\/don_baraton\",\"https:\/\/www.instagram.com\/donbaraton.es\",\"https:\/\/www.linkedin.com\/company\/donbaraton\/\",\"https:\/\/es.pinterest.com\/donbaraton\/\",\"https:\/\/www.youtube.com\/channel\/UCL02HOwx-F759Jq5MedAZfQ\"]}]}<\/script>\n<!-- \/ Yoast SEO plugin. -->","yoast_head_json":{"title":"Sofa Set 3+2: Sliding Seats, Reclining Backrests and 4 Poufs - Toledo - Don Baraton: tienda de sof\u00e1s, muebles y colchones","robots":{"index":"index","follow":"follow","max-snippet":"max-snippet:-1","max-image-preview":"max-image-preview:large","max-video-preview":"max-video-preview:-1"},"canonical":"https:\/\/donbaraton.es\/en\/p\/sofa-set-3-2-sliding-seats-reclining-backrests-toledo\/","og_locale":"en_GB","og_type":"article","og_title":"Sofa Set 3+2: Sliding Seats, Reclining Backrests and 4 Poufs - Toledo - Don Baraton: tienda de sof\u00e1s, muebles y colchones","og_description":"Wooden frame covered with\u00a0acrylic lacquer Stain resistant microfibre fabric with cotton Pained wooden legs Seats with high resilience foam supported by crossed belts 4 colours to choose from 4 poufs included\u00a0  Measurements. 3 seater: length 206 cm, height 99 cm, depth 89 cm. 2 seater: length 188 cm, height 99 cm, depth 89 cm","og_url":"https:\/\/donbaraton.es\/en\/p\/sofa-set-3-2-sliding-seats-reclining-backrests-toledo\/","og_site_name":"Don Baraton: tienda de sof\u00e1s, muebles y colchones","article_publisher":"https:\/\/www.facebook.com\/donbaraton.es","article_modified_time":"2025-09-01T01:04:09+00:00","og_image":[{"width":1000,"height":750,"url":"https:\/\/i0.wp.com\/donbaraton.es\/wp-content\/uploads\/2018\/12\/Conjunto-de-sofas-32-asientos-deslizantes-respaldos-reclinables-y-4-pufs-Toledo.-Color-marron-chocolate.jpg?fit=1000%2C750&ssl=1","type":"image\/jpeg"}],"twitter_card":"summary_large_image","twitter_site":"@don_baraton","twitter_misc":{"Estimated reading time":"1 minute"},"schema":{"@context":"https:\/\/schema.org","@graph":[{"@type":"WebPage","@id":"https:\/\/donbaraton.es\/en\/p\/sofa-set-3-2-sliding-seats-reclining-backrests-toledo\/","url":"https:\/\/donbaraton.es\/en\/p\/sofa-set-3-2-sliding-seats-reclining-backrests-toledo\/","name":"Sofa Set 3+2: Sliding Seats, Reclining Backrests and 4 Poufs - Toledo - Don Baraton: tienda de sof\u00e1s, muebles y colchones","isPartOf":{"@id":"https:\/\/donbaraton.es\/#website"},"primaryImageOfPage":{"@id":"https:\/\/donbaraton.es\/en\/p\/sofa-set-3-2-sliding-seats-reclining-backrests-toledo\/#primaryimage"},"image":{"@id":"https:\/\/donbaraton.es\/en\/p\/sofa-set-3-2-sliding-seats-reclining-backrests-toledo\/#primaryimage"},"thumbnailUrl":"https:\/\/donbaraton.es\/wp-content\/uploads\/2018\/12\/Conjunto-de-sofas-32-asientos-deslizantes-respaldos-reclinables-y-4-pufs-Toledo.-Color-marron-chocolate.jpg","datePublished":"2018-11-04T23:47:57+00:00","dateModified":"2025-09-01T01:04:09+00:00","breadcrumb":{"@id":"https:\/\/donbaraton.es\/en\/p\/sofa-set-3-2-sliding-seats-reclining-backrests-toledo\/#breadcrumb"},"inLanguage":"en-GB","potentialAction":[{"@type":"ReadAction","target":["https:\/\/donbaraton.es\/en\/p\/sofa-set-3-2-sliding-seats-reclining-backrests-toledo\/"]}]},{"@type":"ImageObject","inLanguage":"en-GB","@id":"https:\/\/donbaraton.es\/en\/p\/sofa-set-3-2-sliding-seats-reclining-backrests-toledo\/#primaryimage","url":"https:\/\/donbaraton.es\/wp-content\/uploads\/2018\/12\/Conjunto-de-sofas-32-asientos-deslizantes-respaldos-reclinables-y-4-pufs-Toledo.-Color-marron-chocolate.jpg","contentUrl":"https:\/\/donbaraton.es\/wp-content\/uploads\/2018\/12\/Conjunto-de-sofas-32-asientos-deslizantes-respaldos-reclinables-y-4-pufs-Toledo.-Color-marron-chocolate.jpg","width":1000,"height":750,"caption":"Sofa set 3+2: sliding seats, reclining backrests and 4 poufs - Toledo. Brown fabric"},{"@type":"BreadcrumbList","@id":"https:\/\/donbaraton.es\/en\/p\/sofa-set-3-2-sliding-seats-reclining-backrests-toledo\/#breadcrumb","itemListElement":[{"@type":"ListItem","position":1,"name":"Portada","item":"https:\/\/donbaraton.es\/en\/"},{"@type":"ListItem","position":2,"name":"Online Shop","item":"https:\/\/donbaraton.es\/en\/shop\/"},{"@type":"ListItem","position":3,"name":"Sofa Set 3+2: Sliding Seats, Reclining Backrests and 4 Poufs &#8211; Toledo"}]},{"@type":"WebSite","@id":"https:\/\/donbaraton.es\/#website","url":"https:\/\/donbaraton.es\/","name":"Don Baraton: tienda de sof\u00e1s, muebles y colchones","description":"Sofas baratos desde el almac\u00e9n en Almorad\u00ed, Alicante","publisher":{"@id":"https:\/\/donbaraton.es\/#organization"},"potentialAction":[{"@type":"SearchAction","target":{"@type":"EntryPoint","urlTemplate":"https:\/\/donbaraton.es\/?s={search_term_string}"},"query-input":{"@type":"PropertyValueSpecification","valueRequired":true,"valueName":"search_term_string"}}],"inLanguage":"en-GB"},{"@type":"Organization","@id":"https:\/\/donbaraton.es\/#organization","name":"Don Baraton","url":"https:\/\/donbaraton.es\/","logo":{"@type":"ImageObject","inLanguage":"en-GB","@id":"https:\/\/donbaraton.es\/#\/schema\/logo\/image\/","url":"https:\/\/i0.wp.com\/donbaraton.es\/wp-content\/uploads\/2016\/11\/logo_don_baraton.png?fit=228%2C110&ssl=1","contentUrl":"https:\/\/i0.wp.com\/donbaraton.es\/wp-content\/uploads\/2016\/11\/logo_don_baraton.png?fit=228%2C110&ssl=1","width":228,"height":110,"caption":"Don Baraton"},"image":{"@id":"https:\/\/donbaraton.es\/#\/schema\/logo\/image\/"},"sameAs":["https:\/\/www.facebook.com\/donbaraton.es","https:\/\/x.com\/don_baraton","https:\/\/www.instagram.com\/donbaraton.es","https:\/\/www.linkedin.com\/company\/donbaraton\/","https:\/\/es.pinterest.com\/donbaraton\/","https:\/\/www.youtube.com\/channel\/UCL02HOwx-F759Jq5MedAZfQ"]}]}},"_links":{"self":[{"href":"https:\/\/donbaraton.es\/en\/wp-json\/wp\/v2\/product\/11443","targetHints":{"allow":["GET"]}}],"collection":[{"href":"https:\/\/donbaraton.es\/en\/wp-json\/wp\/v2\/product"}],"about":[{"href":"https:\/\/donbaraton.es\/en\/wp-json\/wp\/v2\/types\/product"}],"replies":[{"embeddable":true,"href":"https:\/\/donbaraton.es\/en\/wp-json\/wp\/v2\/comments?post=11443"}],"wp:featuredmedia":[{"embeddable":true,"href":"https:\/\/donbaraton.es\/en\/wp-json\/wp\/v2\/media\/28280"}],"wp:attachment":[{"href":"https:\/\/donbaraton.es\/en\/wp-json\/wp\/v2\/media?parent=11443"}],"wp:term":[{"taxonomy":"product_brand","embeddable":true,"href":"https:\/\/donbaraton.es\/en\/wp-json\/wp\/v2\/product_brand?post=11443"},{"taxonomy":"product_cat","embeddable":true,"href":"https:\/\/donbaraton.es\/en\/wp-json\/wp\/v2\/product_cat?post=11443"},{"taxonomy":"product_tag","embeddable":true,"href":"https:\/\/donbaraton.es\/en\/wp-json\/wp\/v2\/product_tag?post=11443"}],"curies":[{"name":"wp","href":"https:\/\/api.w.org\/{rel}","templated":true}]}}