{"id":11465,"date":"2021-02-07T04:27:12","date_gmt":"2018-11-04T23:44:23","guid":{"rendered":"https:\/\/donbaraton.es\/?post_type=product&#038;p=11465"},"modified":"2023-09-06T06:01:08","modified_gmt":"2023-09-06T04:01:08","slug":"sofa-set-3-seater-2-seater-synthetic-fabric-salamanca","status":"publish","type":"product","link":"https:\/\/donbaraton.es\/en\/p\/sofa-set-3-seater-2-seater-synthetic-fabric-salamanca\/","title":{"rendered":"Sofa Set &#8211; 3 Seater and 2 Seater in Synthetic Fabric &#8211; Salamanca"},"content":{"rendered":"<p><strong>Inexpensive 3+2 sofa set that will fit into any living room &#8211; Salamanca.<\/strong><\/p>\n<p>Three seater and two seater sofas upholstered in synthetic fabric. Pine tree and high quality chipboard frame. Seats are supported by 80 mm bands. Backrests are supported by 60 mm bands. Comfortable and soft seats&#8217; cushions made of 25 kg density foam. Covers of backrests, armrests and seats are removable and washable. Perforated foam on backrests and armrests. Painted wooden front legs. Stain-resistant microfibre fabric with cotton. <strong>Colours to choose:<\/strong><\/p>\n<ul>\n<li>Grey<\/li>\n<li>Brown<\/li>\n<li>Beige<\/li>\n<\/ul>\n<p><strong>Measurements.<\/strong> Three seater sofa: length 186 cm, height 108 cm, depth 91 cm. Two seater sofa: length 146 cm, height 108 cm, depth 91 cm <strong>Additional measurements:<\/strong> depth of the seat 53 cm, height of the seat from the floor 50 cm, height of the backrest 62 cm, width of the armrest cushion 30 cm<\/p>\n","protected":false},"excerpt":{"rendered":"<ul>\n<li>Pine tree and high quality chipboard frame<\/li>\n<li>Removable covers (backrests, armrests and seats)<\/li>\n<li>Painted wooden legs<\/li>\n<li>Synthetic fabric<\/li>\n<\/ul>\n<p><strong>Measurements. 3 seater:<\/strong> length 186 cm, height 108 cm, depth 91 cm. <strong>2 seater:<\/strong> length 146 cm, height 108 cm, depth 91 cm<\/p>\n","protected":false},"featured_media":30660,"comment_status":"open","ping_status":"closed","template":"","meta":{"_et_pb_use_builder":"","_et_pb_old_content":"","_et_gb_content_width":""},"product_brand":[],"product_cat":[167,35],"product_tag":[],"class_list":{"0":"post-11465","1":"product","2":"type-product","3":"status-publish","4":"has-post-thumbnail","6":"product_cat-sofa-sets","7":"product_cat-sofas-en","8":"product_shipping_class-articulos-pesados","9":"pa_largo-sofas-200-cm-less","10":"pa_material-fabric","11":"pa_plazas-2-seater-sofas","12":"pa_plazas-3-seater-sofas","13":"pa_plazas-large-sofas","15":"first","16":"outofstock","17":"sale","18":"taxable","19":"shipping-taxable","20":"purchasable","21":"product-type-variable"},"yoast_head":"<!-- This site is optimized with the Yoast SEO plugin v27.2 - https:\/\/yoast.com\/product\/yoast-seo-wordpress\/ -->\n<title>Sofa Set - 3 Seater and 2 Seater in Synthetic Fabric - Salamanca - Don Baraton: tienda de sof\u00e1s, muebles y colchones<\/title>\n<meta name=\"robots\" content=\"index, follow, max-snippet:-1, max-image-preview:large, max-video-preview:-1\" \/>\n<link rel=\"canonical\" href=\"https:\/\/donbaraton.es\/en\/p\/sofa-set-3-seater-2-seater-synthetic-fabric-salamanca\/\" \/>\n<meta property=\"og:locale\" content=\"en_GB\" \/>\n<meta property=\"og:type\" content=\"article\" \/>\n<meta property=\"og:title\" content=\"Sofa Set - 3 Seater and 2 Seater in Synthetic Fabric - Salamanca - Don Baraton: tienda de sof\u00e1s, muebles y colchones\" \/>\n<meta property=\"og:description\" content=\"Pine tree and high quality chipboard frame  Removable covers (backrests, armrests and seats)  Painted wooden legs  Synthetic fabric  Measurements. 3 seater: length 186 cm, height 108 cm, depth 91 cm. 2 seater: length 146 cm, height 108 cm, depth 91 cm\" \/>\n<meta property=\"og:url\" content=\"https:\/\/donbaraton.es\/en\/p\/sofa-set-3-seater-2-seater-synthetic-fabric-salamanca\/\" \/>\n<meta property=\"og:site_name\" content=\"Don Baraton: tienda de sof\u00e1s, muebles y colchones\" \/>\n<meta property=\"article:publisher\" content=\"https:\/\/www.facebook.com\/donbaraton.es\" \/>\n<meta property=\"article:modified_time\" content=\"2023-09-06T04:01:08+00:00\" \/>\n<meta property=\"og:image\" content=\"https:\/\/i0.wp.com\/donbaraton.es\/wp-content\/uploads\/2020\/12\/Conjunto-de-sofas-32-en-tela-sintetica-Salamanca.-Color-beige.jpg?fit=1000%2C750&ssl=1\" \/>\n\t<meta property=\"og:image:width\" content=\"1000\" \/>\n\t<meta property=\"og:image:height\" content=\"750\" \/>\n\t<meta property=\"og:image:type\" content=\"image\/jpeg\" \/>\n<meta name=\"twitter:card\" content=\"summary_large_image\" \/>\n<meta name=\"twitter:site\" content=\"@don_baraton\" \/>\n<meta name=\"twitter:label1\" content=\"Estimated reading time\" \/>\n\t<meta name=\"twitter:data1\" content=\"1 minute\" \/>\n<script type=\"application\/ld+json\" class=\"yoast-schema-graph\">{\"@context\":\"https:\/\/schema.org\",\"@graph\":[{\"@type\":\"WebPage\",\"@id\":\"https:\/\/donbaraton.es\/en\/p\/sofa-set-3-seater-2-seater-synthetic-fabric-salamanca\/\",\"url\":\"https:\/\/donbaraton.es\/en\/p\/sofa-set-3-seater-2-seater-synthetic-fabric-salamanca\/\",\"name\":\"Sofa Set - 3 Seater and 2 Seater in Synthetic Fabric - Salamanca - Don Baraton: tienda de sof\u00e1s, muebles y colchones\",\"isPartOf\":{\"@id\":\"https:\/\/donbaraton.es\/#website\"},\"primaryImageOfPage\":{\"@id\":\"https:\/\/donbaraton.es\/en\/p\/sofa-set-3-seater-2-seater-synthetic-fabric-salamanca\/#primaryimage\"},\"image\":{\"@id\":\"https:\/\/donbaraton.es\/en\/p\/sofa-set-3-seater-2-seater-synthetic-fabric-salamanca\/#primaryimage\"},\"thumbnailUrl\":\"https:\/\/donbaraton.es\/wp-content\/uploads\/2020\/12\/Conjunto-de-sofas-32-en-tela-sintetica-Salamanca.-Color-beige.jpg\",\"datePublished\":\"2018-11-04T23:44:23+00:00\",\"dateModified\":\"2023-09-06T04:01:08+00:00\",\"breadcrumb\":{\"@id\":\"https:\/\/donbaraton.es\/en\/p\/sofa-set-3-seater-2-seater-synthetic-fabric-salamanca\/#breadcrumb\"},\"inLanguage\":\"en-GB\",\"potentialAction\":[{\"@type\":\"ReadAction\",\"target\":[\"https:\/\/donbaraton.es\/en\/p\/sofa-set-3-seater-2-seater-synthetic-fabric-salamanca\/\"]}]},{\"@type\":\"ImageObject\",\"inLanguage\":\"en-GB\",\"@id\":\"https:\/\/donbaraton.es\/en\/p\/sofa-set-3-seater-2-seater-synthetic-fabric-salamanca\/#primaryimage\",\"url\":\"https:\/\/donbaraton.es\/wp-content\/uploads\/2020\/12\/Conjunto-de-sofas-32-en-tela-sintetica-Salamanca.-Color-beige.jpg\",\"contentUrl\":\"https:\/\/donbaraton.es\/wp-content\/uploads\/2020\/12\/Conjunto-de-sofas-32-en-tela-sintetica-Salamanca.-Color-beige.jpg\",\"width\":1000,\"height\":750,\"caption\":\"Sofa set: 3-seater and 2-seater in synthetic fabric - Salamanca. Beige\"},{\"@type\":\"BreadcrumbList\",\"@id\":\"https:\/\/donbaraton.es\/en\/p\/sofa-set-3-seater-2-seater-synthetic-fabric-salamanca\/#breadcrumb\",\"itemListElement\":[{\"@type\":\"ListItem\",\"position\":1,\"name\":\"Portada\",\"item\":\"https:\/\/donbaraton.es\/en\/\"},{\"@type\":\"ListItem\",\"position\":2,\"name\":\"Online Shop\",\"item\":\"https:\/\/donbaraton.es\/en\/shop\/\"},{\"@type\":\"ListItem\",\"position\":3,\"name\":\"Sofa Set &#8211; 3 Seater and 2 Seater in Synthetic Fabric &#8211; Salamanca\"}]},{\"@type\":\"WebSite\",\"@id\":\"https:\/\/donbaraton.es\/#website\",\"url\":\"https:\/\/donbaraton.es\/\",\"name\":\"Don Baraton: tienda de sof\u00e1s, muebles y colchones\",\"description\":\"Sofas baratos desde el almac\u00e9n en Almorad\u00ed, Alicante\",\"publisher\":{\"@id\":\"https:\/\/donbaraton.es\/#organization\"},\"potentialAction\":[{\"@type\":\"SearchAction\",\"target\":{\"@type\":\"EntryPoint\",\"urlTemplate\":\"https:\/\/donbaraton.es\/?s={search_term_string}\"},\"query-input\":{\"@type\":\"PropertyValueSpecification\",\"valueRequired\":true,\"valueName\":\"search_term_string\"}}],\"inLanguage\":\"en-GB\"},{\"@type\":\"Organization\",\"@id\":\"https:\/\/donbaraton.es\/#organization\",\"name\":\"Don Baraton\",\"url\":\"https:\/\/donbaraton.es\/\",\"logo\":{\"@type\":\"ImageObject\",\"inLanguage\":\"en-GB\",\"@id\":\"https:\/\/donbaraton.es\/#\/schema\/logo\/image\/\",\"url\":\"https:\/\/i0.wp.com\/donbaraton.es\/wp-content\/uploads\/2016\/11\/logo_don_baraton.png?fit=228%2C110&ssl=1\",\"contentUrl\":\"https:\/\/i0.wp.com\/donbaraton.es\/wp-content\/uploads\/2016\/11\/logo_don_baraton.png?fit=228%2C110&ssl=1\",\"width\":228,\"height\":110,\"caption\":\"Don Baraton\"},\"image\":{\"@id\":\"https:\/\/donbaraton.es\/#\/schema\/logo\/image\/\"},\"sameAs\":[\"https:\/\/www.facebook.com\/donbaraton.es\",\"https:\/\/x.com\/don_baraton\",\"https:\/\/www.instagram.com\/donbaraton.es\",\"https:\/\/www.linkedin.com\/company\/donbaraton\/\",\"https:\/\/es.pinterest.com\/donbaraton\/\",\"https:\/\/www.youtube.com\/channel\/UCL02HOwx-F759Jq5MedAZfQ\"]}]}<\/script>\n<!-- \/ Yoast SEO plugin. -->","yoast_head_json":{"title":"Sofa Set - 3 Seater and 2 Seater in Synthetic Fabric - Salamanca - Don Baraton: tienda de sof\u00e1s, muebles y colchones","robots":{"index":"index","follow":"follow","max-snippet":"max-snippet:-1","max-image-preview":"max-image-preview:large","max-video-preview":"max-video-preview:-1"},"canonical":"https:\/\/donbaraton.es\/en\/p\/sofa-set-3-seater-2-seater-synthetic-fabric-salamanca\/","og_locale":"en_GB","og_type":"article","og_title":"Sofa Set - 3 Seater and 2 Seater in Synthetic Fabric - Salamanca - Don Baraton: tienda de sof\u00e1s, muebles y colchones","og_description":"Pine tree and high quality chipboard frame  Removable covers (backrests, armrests and seats)  Painted wooden legs  Synthetic fabric  Measurements. 3 seater: length 186 cm, height 108 cm, depth 91 cm. 2 seater: length 146 cm, height 108 cm, depth 91 cm","og_url":"https:\/\/donbaraton.es\/en\/p\/sofa-set-3-seater-2-seater-synthetic-fabric-salamanca\/","og_site_name":"Don Baraton: tienda de sof\u00e1s, muebles y colchones","article_publisher":"https:\/\/www.facebook.com\/donbaraton.es","article_modified_time":"2023-09-06T04:01:08+00:00","og_image":[{"width":1000,"height":750,"url":"https:\/\/i0.wp.com\/donbaraton.es\/wp-content\/uploads\/2020\/12\/Conjunto-de-sofas-32-en-tela-sintetica-Salamanca.-Color-beige.jpg?fit=1000%2C750&ssl=1","type":"image\/jpeg"}],"twitter_card":"summary_large_image","twitter_site":"@don_baraton","twitter_misc":{"Estimated reading time":"1 minute"},"schema":{"@context":"https:\/\/schema.org","@graph":[{"@type":"WebPage","@id":"https:\/\/donbaraton.es\/en\/p\/sofa-set-3-seater-2-seater-synthetic-fabric-salamanca\/","url":"https:\/\/donbaraton.es\/en\/p\/sofa-set-3-seater-2-seater-synthetic-fabric-salamanca\/","name":"Sofa Set - 3 Seater and 2 Seater in Synthetic Fabric - Salamanca - Don Baraton: tienda de sof\u00e1s, muebles y colchones","isPartOf":{"@id":"https:\/\/donbaraton.es\/#website"},"primaryImageOfPage":{"@id":"https:\/\/donbaraton.es\/en\/p\/sofa-set-3-seater-2-seater-synthetic-fabric-salamanca\/#primaryimage"},"image":{"@id":"https:\/\/donbaraton.es\/en\/p\/sofa-set-3-seater-2-seater-synthetic-fabric-salamanca\/#primaryimage"},"thumbnailUrl":"https:\/\/donbaraton.es\/wp-content\/uploads\/2020\/12\/Conjunto-de-sofas-32-en-tela-sintetica-Salamanca.-Color-beige.jpg","datePublished":"2018-11-04T23:44:23+00:00","dateModified":"2023-09-06T04:01:08+00:00","breadcrumb":{"@id":"https:\/\/donbaraton.es\/en\/p\/sofa-set-3-seater-2-seater-synthetic-fabric-salamanca\/#breadcrumb"},"inLanguage":"en-GB","potentialAction":[{"@type":"ReadAction","target":["https:\/\/donbaraton.es\/en\/p\/sofa-set-3-seater-2-seater-synthetic-fabric-salamanca\/"]}]},{"@type":"ImageObject","inLanguage":"en-GB","@id":"https:\/\/donbaraton.es\/en\/p\/sofa-set-3-seater-2-seater-synthetic-fabric-salamanca\/#primaryimage","url":"https:\/\/donbaraton.es\/wp-content\/uploads\/2020\/12\/Conjunto-de-sofas-32-en-tela-sintetica-Salamanca.-Color-beige.jpg","contentUrl":"https:\/\/donbaraton.es\/wp-content\/uploads\/2020\/12\/Conjunto-de-sofas-32-en-tela-sintetica-Salamanca.-Color-beige.jpg","width":1000,"height":750,"caption":"Sofa set: 3-seater and 2-seater in synthetic fabric - Salamanca. Beige"},{"@type":"BreadcrumbList","@id":"https:\/\/donbaraton.es\/en\/p\/sofa-set-3-seater-2-seater-synthetic-fabric-salamanca\/#breadcrumb","itemListElement":[{"@type":"ListItem","position":1,"name":"Portada","item":"https:\/\/donbaraton.es\/en\/"},{"@type":"ListItem","position":2,"name":"Online Shop","item":"https:\/\/donbaraton.es\/en\/shop\/"},{"@type":"ListItem","position":3,"name":"Sofa Set &#8211; 3 Seater and 2 Seater in Synthetic Fabric &#8211; Salamanca"}]},{"@type":"WebSite","@id":"https:\/\/donbaraton.es\/#website","url":"https:\/\/donbaraton.es\/","name":"Don Baraton: tienda de sof\u00e1s, muebles y colchones","description":"Sofas baratos desde el almac\u00e9n en Almorad\u00ed, Alicante","publisher":{"@id":"https:\/\/donbaraton.es\/#organization"},"potentialAction":[{"@type":"SearchAction","target":{"@type":"EntryPoint","urlTemplate":"https:\/\/donbaraton.es\/?s={search_term_string}"},"query-input":{"@type":"PropertyValueSpecification","valueRequired":true,"valueName":"search_term_string"}}],"inLanguage":"en-GB"},{"@type":"Organization","@id":"https:\/\/donbaraton.es\/#organization","name":"Don Baraton","url":"https:\/\/donbaraton.es\/","logo":{"@type":"ImageObject","inLanguage":"en-GB","@id":"https:\/\/donbaraton.es\/#\/schema\/logo\/image\/","url":"https:\/\/i0.wp.com\/donbaraton.es\/wp-content\/uploads\/2016\/11\/logo_don_baraton.png?fit=228%2C110&ssl=1","contentUrl":"https:\/\/i0.wp.com\/donbaraton.es\/wp-content\/uploads\/2016\/11\/logo_don_baraton.png?fit=228%2C110&ssl=1","width":228,"height":110,"caption":"Don Baraton"},"image":{"@id":"https:\/\/donbaraton.es\/#\/schema\/logo\/image\/"},"sameAs":["https:\/\/www.facebook.com\/donbaraton.es","https:\/\/x.com\/don_baraton","https:\/\/www.instagram.com\/donbaraton.es","https:\/\/www.linkedin.com\/company\/donbaraton\/","https:\/\/es.pinterest.com\/donbaraton\/","https:\/\/www.youtube.com\/channel\/UCL02HOwx-F759Jq5MedAZfQ"]}]}},"_links":{"self":[{"href":"https:\/\/donbaraton.es\/en\/wp-json\/wp\/v2\/product\/11465","targetHints":{"allow":["GET"]}}],"collection":[{"href":"https:\/\/donbaraton.es\/en\/wp-json\/wp\/v2\/product"}],"about":[{"href":"https:\/\/donbaraton.es\/en\/wp-json\/wp\/v2\/types\/product"}],"replies":[{"embeddable":true,"href":"https:\/\/donbaraton.es\/en\/wp-json\/wp\/v2\/comments?post=11465"}],"wp:featuredmedia":[{"embeddable":true,"href":"https:\/\/donbaraton.es\/en\/wp-json\/wp\/v2\/media\/30660"}],"wp:attachment":[{"href":"https:\/\/donbaraton.es\/en\/wp-json\/wp\/v2\/media?parent=11465"}],"wp:term":[{"taxonomy":"product_brand","embeddable":true,"href":"https:\/\/donbaraton.es\/en\/wp-json\/wp\/v2\/product_brand?post=11465"},{"taxonomy":"product_cat","embeddable":true,"href":"https:\/\/donbaraton.es\/en\/wp-json\/wp\/v2\/product_cat?post=11465"},{"taxonomy":"product_tag","embeddable":true,"href":"https:\/\/donbaraton.es\/en\/wp-json\/wp\/v2\/product_tag?post=11465"}],"curies":[{"name":"wp","href":"https:\/\/api.w.org\/{rel}","templated":true}]}}