{"id":11488,"date":"2018-12-14T14:43:33","date_gmt":"2018-11-04T23:42:33","guid":{"rendered":"https:\/\/donbaraton.es\/?post_type=product&#038;p=11488"},"modified":"2019-10-10T17:24:00","modified_gmt":"2019-10-10T15:24:00","slug":"living-room-set-3-2-stain-resistant-microfiber-fabric-bilbao","status":"publish","type":"product","link":"https:\/\/donbaraton.es\/en\/p\/living-room-set-3-2-stain-resistant-microfiber-fabric-bilbao\/","title":{"rendered":"Living Room Set 3+2 in Stain Resistant Microfiber Fabric &#8211; Bilbao"},"content":{"rendered":"<p><strong>Living room set three seater and two seater sofa upholstered in microfiber stain resistant fabric &#8211; Bilbao.<\/strong><\/p>\n<p>A practical and elegant option that allows\u00a0allows you to put each sofa where it suits best. Fixed seats and backrests. Wooden frame strengthened by two layers of acrylic lacquer for better durability. Comfortable seats made of high-resiliency foam covered with fibres. Painted wooden legs. Available in two colors &#8211; grey (&#8220;cemento) and brown (&#8220;piedra&#8221;).<\/p>\n<p>Click <a href=\"https:\/\/donbaraton.es\/en\/p\/sofa-set-3-2-sliding-seats-reclining-backrests-toledo\/\">here to view a similar set with reclining backrests and sliding seats<\/a><\/p>\n<p><strong>Measurements. Three seater sofa:<\/strong> length 190 cm, height 102 cm, depth 92 cm. <strong>Two seater sofa:<\/strong> length 170 cm, height 102 cm, depth 92 cm.<\/p>\n","protected":false},"excerpt":{"rendered":"<p><strong>Product discontinued by manufacturer. Please check out the new model here: <a href=\"https:\/\/donbaraton.es\/en\/p\/sofa-set-3-2-sliding-seats-reclining-backrests-toledo\/\">Sofa Set 3+2 With Sliding Seats and Reclining Backrests \u2013 Toledo<\/a><\/strong><\/p>\n<ul>\n<li>Microfiber stain-resistant fabric<\/li>\n<li>Wooden frame with two layers of acrylic lacquer<\/li>\n<li>Comfortable seats<\/li>\n<li>Painted wooden legs<\/li>\n<\/ul>\n<p><strong>Measurements. 3 seater sofa:<\/strong> length 190 cm, height 102 cm, depth 92 cm. <strong>2 seater sofa:<\/strong> length 170 cm, height 102 cm, depth 92 cm. <a href=\"https:\/\/donbaraton.es\/en\/p\/sofa-set-3-2-sliding-seats-reclining-backrests-toledo\/\"><strong>View<\/strong> this model\u00a0with reclining backrests and sliding seats<\/a><\/p>\n","protected":false},"featured_media":11484,"comment_status":"open","ping_status":"closed","template":"","meta":{"_et_pb_use_builder":"","_et_pb_old_content":"","_et_gb_content_width":""},"product_brand":[],"product_cat":[167,35],"product_tag":[],"class_list":{"0":"post-11488","1":"product","2":"type-product","3":"status-publish","4":"has-post-thumbnail","6":"product_cat-sofa-sets","7":"product_cat-sofas-en","8":"product_shipping_class-articulos-pesado-manufacturing-up-to-10-days","9":"pa_largo-sofas-200-cm-less","10":"pa_material-fabric","11":"pa_plazas-2-seater-sofas","12":"pa_plazas-3-seater-sofas","13":"pa_plazas-large-sofas","15":"first","16":"outofstock","17":"taxable","18":"shipping-taxable","19":"product-type-variable"},"yoast_head":"<!-- This site is optimized with the Yoast SEO plugin v27.2 - https:\/\/yoast.com\/product\/yoast-seo-wordpress\/ -->\n<title>Living Room Set 3+2 in Stain Resistant Microfiber Fabric - Bilbao - Don Baraton: tienda de sof\u00e1s, muebles y colchones<\/title>\n<meta name=\"robots\" content=\"index, follow, max-snippet:-1, max-image-preview:large, max-video-preview:-1\" \/>\n<link rel=\"canonical\" href=\"https:\/\/donbaraton.es\/en\/p\/living-room-set-3-2-stain-resistant-microfiber-fabric-bilbao\/\" \/>\n<meta property=\"og:locale\" content=\"en_GB\" \/>\n<meta property=\"og:type\" content=\"article\" \/>\n<meta property=\"og:title\" content=\"Living Room Set 3+2 in Stain Resistant Microfiber Fabric - Bilbao - Don Baraton: tienda de sof\u00e1s, muebles y colchones\" \/>\n<meta property=\"og:description\" content=\"Product discontinued by manufacturer. Please check out the new model here: Sofa Set 3+2 With Sliding Seats and Reclining Backrests \u2013 Toledo   Microfiber stain-resistant fabric  Wooden frame with two layers of acrylic lacquer  Comfortable seats  Painted wooden legs  Measurements. 3 seater sofa: length 190 cm, height 102 cm, depth 92 cm. 2 seater sofa: length 170 cm, height 102 cm, depth 92 cm. View this model\u00a0with reclining backrests and sliding seats\" \/>\n<meta property=\"og:url\" content=\"https:\/\/donbaraton.es\/en\/p\/living-room-set-3-2-stain-resistant-microfiber-fabric-bilbao\/\" \/>\n<meta property=\"og:site_name\" content=\"Don Baraton: tienda de sof\u00e1s, muebles y colchones\" \/>\n<meta property=\"article:publisher\" content=\"https:\/\/www.facebook.com\/donbaraton.es\" \/>\n<meta property=\"article:modified_time\" content=\"2019-10-10T15:24:00+00:00\" \/>\n<meta property=\"og:image\" content=\"https:\/\/i0.wp.com\/donbaraton.es\/wp-content\/uploads\/2018\/11\/Conjunto-de-sof\u00e1s-32-plazas-en-tela-microfibra-antimancha-de-color-gris-cemento-Bilbao.jpg?fit=1000%2C525&ssl=1\" \/>\n\t<meta property=\"og:image:width\" content=\"1000\" \/>\n\t<meta property=\"og:image:height\" content=\"525\" \/>\n\t<meta property=\"og:image:type\" content=\"image\/jpeg\" \/>\n<meta name=\"twitter:card\" content=\"summary_large_image\" \/>\n<meta name=\"twitter:site\" content=\"@don_baraton\" \/>\n<meta name=\"twitter:label1\" content=\"Estimated reading time\" \/>\n\t<meta name=\"twitter:data1\" content=\"1 minute\" \/>\n<script type=\"application\/ld+json\" class=\"yoast-schema-graph\">{\"@context\":\"https:\/\/schema.org\",\"@graph\":[{\"@type\":\"WebPage\",\"@id\":\"https:\/\/donbaraton.es\/en\/p\/living-room-set-3-2-stain-resistant-microfiber-fabric-bilbao\/\",\"url\":\"https:\/\/donbaraton.es\/en\/p\/living-room-set-3-2-stain-resistant-microfiber-fabric-bilbao\/\",\"name\":\"Living Room Set 3+2 in Stain Resistant Microfiber Fabric - Bilbao - Don Baraton: tienda de sof\u00e1s, muebles y colchones\",\"isPartOf\":{\"@id\":\"https:\/\/donbaraton.es\/#website\"},\"primaryImageOfPage\":{\"@id\":\"https:\/\/donbaraton.es\/en\/p\/living-room-set-3-2-stain-resistant-microfiber-fabric-bilbao\/#primaryimage\"},\"image\":{\"@id\":\"https:\/\/donbaraton.es\/en\/p\/living-room-set-3-2-stain-resistant-microfiber-fabric-bilbao\/#primaryimage\"},\"thumbnailUrl\":\"https:\/\/donbaraton.es\/wp-content\/uploads\/2018\/11\/Conjunto-de-sof\u00e1s-32-plazas-en-tela-microfibra-antimancha-de-color-gris-cemento-Bilbao.jpg\",\"datePublished\":\"2018-11-04T23:42:33+00:00\",\"dateModified\":\"2019-10-10T15:24:00+00:00\",\"breadcrumb\":{\"@id\":\"https:\/\/donbaraton.es\/en\/p\/living-room-set-3-2-stain-resistant-microfiber-fabric-bilbao\/#breadcrumb\"},\"inLanguage\":\"en-GB\",\"potentialAction\":[{\"@type\":\"ReadAction\",\"target\":[\"https:\/\/donbaraton.es\/en\/p\/living-room-set-3-2-stain-resistant-microfiber-fabric-bilbao\/\"]}]},{\"@type\":\"ImageObject\",\"inLanguage\":\"en-GB\",\"@id\":\"https:\/\/donbaraton.es\/en\/p\/living-room-set-3-2-stain-resistant-microfiber-fabric-bilbao\/#primaryimage\",\"url\":\"https:\/\/donbaraton.es\/wp-content\/uploads\/2018\/11\/Conjunto-de-sof\u00e1s-32-plazas-en-tela-microfibra-antimancha-de-color-gris-cemento-Bilbao.jpg\",\"contentUrl\":\"https:\/\/donbaraton.es\/wp-content\/uploads\/2018\/11\/Conjunto-de-sof\u00e1s-32-plazas-en-tela-microfibra-antimancha-de-color-gris-cemento-Bilbao.jpg\",\"width\":1000,\"height\":525,\"caption\":\"Grey Fabric. Living Room Set 3+2 in Stain Resistant Microfiber Fabric - Bilbao\"},{\"@type\":\"BreadcrumbList\",\"@id\":\"https:\/\/donbaraton.es\/en\/p\/living-room-set-3-2-stain-resistant-microfiber-fabric-bilbao\/#breadcrumb\",\"itemListElement\":[{\"@type\":\"ListItem\",\"position\":1,\"name\":\"Portada\",\"item\":\"https:\/\/donbaraton.es\/en\/\"},{\"@type\":\"ListItem\",\"position\":2,\"name\":\"Online Shop\",\"item\":\"https:\/\/donbaraton.es\/en\/shop\/\"},{\"@type\":\"ListItem\",\"position\":3,\"name\":\"Living Room Set 3+2 in Stain Resistant Microfiber Fabric &#8211; Bilbao\"}]},{\"@type\":\"WebSite\",\"@id\":\"https:\/\/donbaraton.es\/#website\",\"url\":\"https:\/\/donbaraton.es\/\",\"name\":\"Don Baraton: tienda de sof\u00e1s, muebles y colchones\",\"description\":\"Sofas baratos desde el almac\u00e9n en Almorad\u00ed, Alicante\",\"publisher\":{\"@id\":\"https:\/\/donbaraton.es\/#organization\"},\"potentialAction\":[{\"@type\":\"SearchAction\",\"target\":{\"@type\":\"EntryPoint\",\"urlTemplate\":\"https:\/\/donbaraton.es\/?s={search_term_string}\"},\"query-input\":{\"@type\":\"PropertyValueSpecification\",\"valueRequired\":true,\"valueName\":\"search_term_string\"}}],\"inLanguage\":\"en-GB\"},{\"@type\":\"Organization\",\"@id\":\"https:\/\/donbaraton.es\/#organization\",\"name\":\"Don Baraton\",\"url\":\"https:\/\/donbaraton.es\/\",\"logo\":{\"@type\":\"ImageObject\",\"inLanguage\":\"en-GB\",\"@id\":\"https:\/\/donbaraton.es\/#\/schema\/logo\/image\/\",\"url\":\"https:\/\/i0.wp.com\/donbaraton.es\/wp-content\/uploads\/2016\/11\/logo_don_baraton.png?fit=228%2C110&ssl=1\",\"contentUrl\":\"https:\/\/i0.wp.com\/donbaraton.es\/wp-content\/uploads\/2016\/11\/logo_don_baraton.png?fit=228%2C110&ssl=1\",\"width\":228,\"height\":110,\"caption\":\"Don Baraton\"},\"image\":{\"@id\":\"https:\/\/donbaraton.es\/#\/schema\/logo\/image\/\"},\"sameAs\":[\"https:\/\/www.facebook.com\/donbaraton.es\",\"https:\/\/x.com\/don_baraton\",\"https:\/\/www.instagram.com\/donbaraton.es\",\"https:\/\/www.linkedin.com\/company\/donbaraton\/\",\"https:\/\/es.pinterest.com\/donbaraton\/\",\"https:\/\/www.youtube.com\/channel\/UCL02HOwx-F759Jq5MedAZfQ\"]}]}<\/script>\n<!-- \/ Yoast SEO plugin. -->","yoast_head_json":{"title":"Living Room Set 3+2 in Stain Resistant Microfiber Fabric - Bilbao - Don Baraton: tienda de sof\u00e1s, muebles y colchones","robots":{"index":"index","follow":"follow","max-snippet":"max-snippet:-1","max-image-preview":"max-image-preview:large","max-video-preview":"max-video-preview:-1"},"canonical":"https:\/\/donbaraton.es\/en\/p\/living-room-set-3-2-stain-resistant-microfiber-fabric-bilbao\/","og_locale":"en_GB","og_type":"article","og_title":"Living Room Set 3+2 in Stain Resistant Microfiber Fabric - Bilbao - Don Baraton: tienda de sof\u00e1s, muebles y colchones","og_description":"Product discontinued by manufacturer. Please check out the new model here: Sofa Set 3+2 With Sliding Seats and Reclining Backrests \u2013 Toledo   Microfiber stain-resistant fabric  Wooden frame with two layers of acrylic lacquer  Comfortable seats  Painted wooden legs  Measurements. 3 seater sofa: length 190 cm, height 102 cm, depth 92 cm. 2 seater sofa: length 170 cm, height 102 cm, depth 92 cm. View this model\u00a0with reclining backrests and sliding seats","og_url":"https:\/\/donbaraton.es\/en\/p\/living-room-set-3-2-stain-resistant-microfiber-fabric-bilbao\/","og_site_name":"Don Baraton: tienda de sof\u00e1s, muebles y colchones","article_publisher":"https:\/\/www.facebook.com\/donbaraton.es","article_modified_time":"2019-10-10T15:24:00+00:00","og_image":[{"width":1000,"height":525,"url":"https:\/\/i0.wp.com\/donbaraton.es\/wp-content\/uploads\/2018\/11\/Conjunto-de-sof\u00e1s-32-plazas-en-tela-microfibra-antimancha-de-color-gris-cemento-Bilbao.jpg?fit=1000%2C525&ssl=1","type":"image\/jpeg"}],"twitter_card":"summary_large_image","twitter_site":"@don_baraton","twitter_misc":{"Estimated reading time":"1 minute"},"schema":{"@context":"https:\/\/schema.org","@graph":[{"@type":"WebPage","@id":"https:\/\/donbaraton.es\/en\/p\/living-room-set-3-2-stain-resistant-microfiber-fabric-bilbao\/","url":"https:\/\/donbaraton.es\/en\/p\/living-room-set-3-2-stain-resistant-microfiber-fabric-bilbao\/","name":"Living Room Set 3+2 in Stain Resistant Microfiber Fabric - Bilbao - Don Baraton: tienda de sof\u00e1s, muebles y colchones","isPartOf":{"@id":"https:\/\/donbaraton.es\/#website"},"primaryImageOfPage":{"@id":"https:\/\/donbaraton.es\/en\/p\/living-room-set-3-2-stain-resistant-microfiber-fabric-bilbao\/#primaryimage"},"image":{"@id":"https:\/\/donbaraton.es\/en\/p\/living-room-set-3-2-stain-resistant-microfiber-fabric-bilbao\/#primaryimage"},"thumbnailUrl":"https:\/\/donbaraton.es\/wp-content\/uploads\/2018\/11\/Conjunto-de-sof\u00e1s-32-plazas-en-tela-microfibra-antimancha-de-color-gris-cemento-Bilbao.jpg","datePublished":"2018-11-04T23:42:33+00:00","dateModified":"2019-10-10T15:24:00+00:00","breadcrumb":{"@id":"https:\/\/donbaraton.es\/en\/p\/living-room-set-3-2-stain-resistant-microfiber-fabric-bilbao\/#breadcrumb"},"inLanguage":"en-GB","potentialAction":[{"@type":"ReadAction","target":["https:\/\/donbaraton.es\/en\/p\/living-room-set-3-2-stain-resistant-microfiber-fabric-bilbao\/"]}]},{"@type":"ImageObject","inLanguage":"en-GB","@id":"https:\/\/donbaraton.es\/en\/p\/living-room-set-3-2-stain-resistant-microfiber-fabric-bilbao\/#primaryimage","url":"https:\/\/donbaraton.es\/wp-content\/uploads\/2018\/11\/Conjunto-de-sof\u00e1s-32-plazas-en-tela-microfibra-antimancha-de-color-gris-cemento-Bilbao.jpg","contentUrl":"https:\/\/donbaraton.es\/wp-content\/uploads\/2018\/11\/Conjunto-de-sof\u00e1s-32-plazas-en-tela-microfibra-antimancha-de-color-gris-cemento-Bilbao.jpg","width":1000,"height":525,"caption":"Grey Fabric. Living Room Set 3+2 in Stain Resistant Microfiber Fabric - Bilbao"},{"@type":"BreadcrumbList","@id":"https:\/\/donbaraton.es\/en\/p\/living-room-set-3-2-stain-resistant-microfiber-fabric-bilbao\/#breadcrumb","itemListElement":[{"@type":"ListItem","position":1,"name":"Portada","item":"https:\/\/donbaraton.es\/en\/"},{"@type":"ListItem","position":2,"name":"Online Shop","item":"https:\/\/donbaraton.es\/en\/shop\/"},{"@type":"ListItem","position":3,"name":"Living Room Set 3+2 in Stain Resistant Microfiber Fabric &#8211; Bilbao"}]},{"@type":"WebSite","@id":"https:\/\/donbaraton.es\/#website","url":"https:\/\/donbaraton.es\/","name":"Don Baraton: tienda de sof\u00e1s, muebles y colchones","description":"Sofas baratos desde el almac\u00e9n en Almorad\u00ed, Alicante","publisher":{"@id":"https:\/\/donbaraton.es\/#organization"},"potentialAction":[{"@type":"SearchAction","target":{"@type":"EntryPoint","urlTemplate":"https:\/\/donbaraton.es\/?s={search_term_string}"},"query-input":{"@type":"PropertyValueSpecification","valueRequired":true,"valueName":"search_term_string"}}],"inLanguage":"en-GB"},{"@type":"Organization","@id":"https:\/\/donbaraton.es\/#organization","name":"Don Baraton","url":"https:\/\/donbaraton.es\/","logo":{"@type":"ImageObject","inLanguage":"en-GB","@id":"https:\/\/donbaraton.es\/#\/schema\/logo\/image\/","url":"https:\/\/i0.wp.com\/donbaraton.es\/wp-content\/uploads\/2016\/11\/logo_don_baraton.png?fit=228%2C110&ssl=1","contentUrl":"https:\/\/i0.wp.com\/donbaraton.es\/wp-content\/uploads\/2016\/11\/logo_don_baraton.png?fit=228%2C110&ssl=1","width":228,"height":110,"caption":"Don Baraton"},"image":{"@id":"https:\/\/donbaraton.es\/#\/schema\/logo\/image\/"},"sameAs":["https:\/\/www.facebook.com\/donbaraton.es","https:\/\/x.com\/don_baraton","https:\/\/www.instagram.com\/donbaraton.es","https:\/\/www.linkedin.com\/company\/donbaraton\/","https:\/\/es.pinterest.com\/donbaraton\/","https:\/\/www.youtube.com\/channel\/UCL02HOwx-F759Jq5MedAZfQ"]}]}},"_links":{"self":[{"href":"https:\/\/donbaraton.es\/en\/wp-json\/wp\/v2\/product\/11488","targetHints":{"allow":["GET"]}}],"collection":[{"href":"https:\/\/donbaraton.es\/en\/wp-json\/wp\/v2\/product"}],"about":[{"href":"https:\/\/donbaraton.es\/en\/wp-json\/wp\/v2\/types\/product"}],"replies":[{"embeddable":true,"href":"https:\/\/donbaraton.es\/en\/wp-json\/wp\/v2\/comments?post=11488"}],"wp:featuredmedia":[{"embeddable":true,"href":"https:\/\/donbaraton.es\/en\/wp-json\/wp\/v2\/media\/11484"}],"wp:attachment":[{"href":"https:\/\/donbaraton.es\/en\/wp-json\/wp\/v2\/media?parent=11488"}],"wp:term":[{"taxonomy":"product_brand","embeddable":true,"href":"https:\/\/donbaraton.es\/en\/wp-json\/wp\/v2\/product_brand?post=11488"},{"taxonomy":"product_cat","embeddable":true,"href":"https:\/\/donbaraton.es\/en\/wp-json\/wp\/v2\/product_cat?post=11488"},{"taxonomy":"product_tag","embeddable":true,"href":"https:\/\/donbaraton.es\/en\/wp-json\/wp\/v2\/product_tag?post=11488"}],"curies":[{"name":"wp","href":"https:\/\/api.w.org\/{rel}","templated":true}]}}