{"id":11518,"date":"2018-11-04T23:55:48","date_gmt":"2018-11-04T22:55:48","guid":{"rendered":"https:\/\/donbaraton.es\/producto\/uncategorized\/chaise-longue-sofa-sliding-seats-reclining-headrests-seville\/"},"modified":"2019-12-02T02:11:11","modified_gmt":"2019-12-02T01:11:11","slug":"chaise-longue-sofa-sliding-seats-reclining-headrests-seville","status":"publish","type":"product","link":"https:\/\/donbaraton.es\/en\/p\/chaise-longue-sofa-sliding-seats-reclining-headrests-seville\/","title":{"rendered":"Chaise Longue Sofa with Sliding Seats and Reclining Headrests &#8211; Seville"},"content":{"rendered":"<p>Chaise longue sofa with sliding seats and reclining headrests &#8211; Seville. Sliding mechanism of the sofa allows to change the depth of the seats to offer comfortable seating for people of different heights. Also, with the seats pulled forward, the sofa makes space for sleeping and rest. Three pouffes that can be placed inside one of the armrests. Wooden frame. Seats made of high density foam supported by crossed belts. Wooden legs. Upholstered in microfibre stain-resistant fabric with cotton. The chaise longue on the left or right side to choose from. Three fabric colours &#8211; beige, brown (chocolate) and grey. <strong>Dimensions:<\/strong> length 282 cm, length of the chaise longue 156 cm, height 101 cm, depth 89 cm, width of the armrests &#8211; 26 cm and 19 cm<\/p>\n","protected":false},"excerpt":{"rendered":"<ul>\n<li>2 sliding seats<\/li>\n<li>Reclining headrests<\/li>\n<li>Stain-resistant microfibre fabric with cotton<\/li>\n<li>Additional space for sleeping and rest<\/li>\n<li>3 pouffes included<\/li>\n<\/ul>\n<p><strong>Dimensions:<\/strong> length 282 cm, length of the chaise longue 156 cm, height 101 cm, depth 89 cm. Colours &#8211; beige, brown (chocolate) and grey<\/p>\n","protected":false},"featured_media":11510,"comment_status":"open","ping_status":"closed","template":"","meta":{"_et_pb_use_builder":"","_et_pb_old_content":"","_et_gb_content_width":""},"product_brand":[],"product_cat":[45,35],"product_tag":[],"class_list":{"0":"post-11518","1":"product","2":"type-product","3":"status-publish","4":"has-post-thumbnail","6":"product_cat-chaise-longue-sofas","7":"product_cat-sofas-en","8":"product_shipping_class-articulos-pesado-manufacturing-up-to-10-days","9":"pa_lado-left","10":"pa_lado-right","11":"pa_largo-sofas-251-300-cm-en","12":"pa_material-fabric","13":"pa_plazas-3-seater-sofas","14":"pa_plazas-4-seater-sofas","16":"first","17":"outofstock","18":"taxable","19":"shipping-taxable","20":"product-type-variable"},"yoast_head":"<!-- This site is optimized with the Yoast SEO plugin v27.2 - https:\/\/yoast.com\/product\/yoast-seo-wordpress\/ -->\n<title>Chaise Longue Sofa with Sliding Seats and Reclining Headrests - Seville - Don Baraton: tienda de sof\u00e1s, muebles y colchones<\/title>\n<meta name=\"robots\" content=\"index, follow, max-snippet:-1, max-image-preview:large, max-video-preview:-1\" \/>\n<link rel=\"canonical\" href=\"https:\/\/donbaraton.es\/en\/p\/chaise-longue-sofa-sliding-seats-reclining-headrests-seville\/\" \/>\n<meta property=\"og:locale\" content=\"en_GB\" \/>\n<meta property=\"og:type\" content=\"article\" \/>\n<meta property=\"og:title\" content=\"Chaise Longue Sofa with Sliding Seats and Reclining Headrests - Seville - Don Baraton: tienda de sof\u00e1s, muebles y colchones\" \/>\n<meta property=\"og:description\" content=\"2 sliding seats  Reclining headrests  Stain-resistant microfibre fabric with cotton  Additional space for sleeping and rest  3 pouffes included  Dimensions: length 282 cm, length of the chaise longue 156 cm, height 101 cm, depth 89 cm. Colours - beige, brown (chocolate) and grey\" \/>\n<meta property=\"og:url\" content=\"https:\/\/donbaraton.es\/en\/p\/chaise-longue-sofa-sliding-seats-reclining-headrests-seville\/\" \/>\n<meta property=\"og:site_name\" content=\"Don Baraton: tienda de sof\u00e1s, muebles y colchones\" \/>\n<meta property=\"article:publisher\" content=\"https:\/\/www.facebook.com\/donbaraton.es\" \/>\n<meta property=\"article:modified_time\" content=\"2019-12-02T01:11:11+00:00\" \/>\n<meta property=\"og:image\" content=\"https:\/\/i0.wp.com\/donbaraton.es\/wp-content\/uploads\/2018\/11\/Sof\u00e1-chesl\u00f3n-con-asientos-extra\u00edbles-y-reposacabezas-reclinables-Seville.-Chesl\u00f3n-lado-derecho-color-marr\u00f3n-chocolate.jpg?fit=1000%2C1000&ssl=1\" \/>\n\t<meta property=\"og:image:width\" content=\"1000\" \/>\n\t<meta property=\"og:image:height\" content=\"1000\" \/>\n\t<meta property=\"og:image:type\" content=\"image\/jpeg\" \/>\n<meta name=\"twitter:card\" content=\"summary_large_image\" \/>\n<meta name=\"twitter:site\" content=\"@don_baraton\" \/>\n<meta name=\"twitter:label1\" content=\"Estimated reading time\" \/>\n\t<meta name=\"twitter:data1\" content=\"1 minute\" \/>\n<script type=\"application\/ld+json\" class=\"yoast-schema-graph\">{\"@context\":\"https:\/\/schema.org\",\"@graph\":[{\"@type\":\"WebPage\",\"@id\":\"https:\/\/donbaraton.es\/en\/p\/chaise-longue-sofa-sliding-seats-reclining-headrests-seville\/\",\"url\":\"https:\/\/donbaraton.es\/en\/p\/chaise-longue-sofa-sliding-seats-reclining-headrests-seville\/\",\"name\":\"Chaise Longue Sofa with Sliding Seats and Reclining Headrests - Seville - Don Baraton: tienda de sof\u00e1s, muebles y colchones\",\"isPartOf\":{\"@id\":\"https:\/\/donbaraton.es\/#website\"},\"primaryImageOfPage\":{\"@id\":\"https:\/\/donbaraton.es\/en\/p\/chaise-longue-sofa-sliding-seats-reclining-headrests-seville\/#primaryimage\"},\"image\":{\"@id\":\"https:\/\/donbaraton.es\/en\/p\/chaise-longue-sofa-sliding-seats-reclining-headrests-seville\/#primaryimage\"},\"thumbnailUrl\":\"https:\/\/donbaraton.es\/wp-content\/uploads\/2018\/11\/Sof\u00e1-chesl\u00f3n-con-asientos-extra\u00edbles-y-reposacabezas-reclinables-Seville.-Chesl\u00f3n-lado-derecho-color-marr\u00f3n-chocolate.jpg\",\"datePublished\":\"2018-11-04T22:55:48+00:00\",\"dateModified\":\"2019-12-02T01:11:11+00:00\",\"breadcrumb\":{\"@id\":\"https:\/\/donbaraton.es\/en\/p\/chaise-longue-sofa-sliding-seats-reclining-headrests-seville\/#breadcrumb\"},\"inLanguage\":\"en-GB\",\"potentialAction\":[{\"@type\":\"ReadAction\",\"target\":[\"https:\/\/donbaraton.es\/en\/p\/chaise-longue-sofa-sliding-seats-reclining-headrests-seville\/\"]}]},{\"@type\":\"ImageObject\",\"inLanguage\":\"en-GB\",\"@id\":\"https:\/\/donbaraton.es\/en\/p\/chaise-longue-sofa-sliding-seats-reclining-headrests-seville\/#primaryimage\",\"url\":\"https:\/\/donbaraton.es\/wp-content\/uploads\/2018\/11\/Sof\u00e1-chesl\u00f3n-con-asientos-extra\u00edbles-y-reposacabezas-reclinables-Seville.-Chesl\u00f3n-lado-derecho-color-marr\u00f3n-chocolate.jpg\",\"contentUrl\":\"https:\/\/donbaraton.es\/wp-content\/uploads\/2018\/11\/Sof\u00e1-chesl\u00f3n-con-asientos-extra\u00edbles-y-reposacabezas-reclinables-Seville.-Chesl\u00f3n-lado-derecho-color-marr\u00f3n-chocolate.jpg\",\"width\":1000,\"height\":1000,\"caption\":\"Chaise Longue Sofa with Sliding Seats and Reclining Headrests - Seville. Right Corner, Brown (Chocolate) Colour\"},{\"@type\":\"BreadcrumbList\",\"@id\":\"https:\/\/donbaraton.es\/en\/p\/chaise-longue-sofa-sliding-seats-reclining-headrests-seville\/#breadcrumb\",\"itemListElement\":[{\"@type\":\"ListItem\",\"position\":1,\"name\":\"Portada\",\"item\":\"https:\/\/donbaraton.es\/en\/\"},{\"@type\":\"ListItem\",\"position\":2,\"name\":\"Online Shop\",\"item\":\"https:\/\/donbaraton.es\/en\/shop\/\"},{\"@type\":\"ListItem\",\"position\":3,\"name\":\"Chaise Longue Sofa with Sliding Seats and Reclining Headrests &#8211; Seville\"}]},{\"@type\":\"WebSite\",\"@id\":\"https:\/\/donbaraton.es\/#website\",\"url\":\"https:\/\/donbaraton.es\/\",\"name\":\"Don Baraton: tienda de sof\u00e1s, muebles y colchones\",\"description\":\"Sofas baratos desde el almac\u00e9n en Almorad\u00ed, Alicante\",\"publisher\":{\"@id\":\"https:\/\/donbaraton.es\/#organization\"},\"potentialAction\":[{\"@type\":\"SearchAction\",\"target\":{\"@type\":\"EntryPoint\",\"urlTemplate\":\"https:\/\/donbaraton.es\/?s={search_term_string}\"},\"query-input\":{\"@type\":\"PropertyValueSpecification\",\"valueRequired\":true,\"valueName\":\"search_term_string\"}}],\"inLanguage\":\"en-GB\"},{\"@type\":\"Organization\",\"@id\":\"https:\/\/donbaraton.es\/#organization\",\"name\":\"Don Baraton\",\"url\":\"https:\/\/donbaraton.es\/\",\"logo\":{\"@type\":\"ImageObject\",\"inLanguage\":\"en-GB\",\"@id\":\"https:\/\/donbaraton.es\/#\/schema\/logo\/image\/\",\"url\":\"https:\/\/i0.wp.com\/donbaraton.es\/wp-content\/uploads\/2016\/11\/logo_don_baraton.png?fit=228%2C110&ssl=1\",\"contentUrl\":\"https:\/\/i0.wp.com\/donbaraton.es\/wp-content\/uploads\/2016\/11\/logo_don_baraton.png?fit=228%2C110&ssl=1\",\"width\":228,\"height\":110,\"caption\":\"Don Baraton\"},\"image\":{\"@id\":\"https:\/\/donbaraton.es\/#\/schema\/logo\/image\/\"},\"sameAs\":[\"https:\/\/www.facebook.com\/donbaraton.es\",\"https:\/\/x.com\/don_baraton\",\"https:\/\/www.instagram.com\/donbaraton.es\",\"https:\/\/www.linkedin.com\/company\/donbaraton\/\",\"https:\/\/es.pinterest.com\/donbaraton\/\",\"https:\/\/www.youtube.com\/channel\/UCL02HOwx-F759Jq5MedAZfQ\"]}]}<\/script>\n<!-- \/ Yoast SEO plugin. -->","yoast_head_json":{"title":"Chaise Longue Sofa with Sliding Seats and Reclining Headrests - Seville - Don Baraton: tienda de sof\u00e1s, muebles y colchones","robots":{"index":"index","follow":"follow","max-snippet":"max-snippet:-1","max-image-preview":"max-image-preview:large","max-video-preview":"max-video-preview:-1"},"canonical":"https:\/\/donbaraton.es\/en\/p\/chaise-longue-sofa-sliding-seats-reclining-headrests-seville\/","og_locale":"en_GB","og_type":"article","og_title":"Chaise Longue Sofa with Sliding Seats and Reclining Headrests - Seville - Don Baraton: tienda de sof\u00e1s, muebles y colchones","og_description":"2 sliding seats  Reclining headrests  Stain-resistant microfibre fabric with cotton  Additional space for sleeping and rest  3 pouffes included  Dimensions: length 282 cm, length of the chaise longue 156 cm, height 101 cm, depth 89 cm. Colours - beige, brown (chocolate) and grey","og_url":"https:\/\/donbaraton.es\/en\/p\/chaise-longue-sofa-sliding-seats-reclining-headrests-seville\/","og_site_name":"Don Baraton: tienda de sof\u00e1s, muebles y colchones","article_publisher":"https:\/\/www.facebook.com\/donbaraton.es","article_modified_time":"2019-12-02T01:11:11+00:00","og_image":[{"width":1000,"height":1000,"url":"https:\/\/i0.wp.com\/donbaraton.es\/wp-content\/uploads\/2018\/11\/Sof\u00e1-chesl\u00f3n-con-asientos-extra\u00edbles-y-reposacabezas-reclinables-Seville.-Chesl\u00f3n-lado-derecho-color-marr\u00f3n-chocolate.jpg?fit=1000%2C1000&ssl=1","type":"image\/jpeg"}],"twitter_card":"summary_large_image","twitter_site":"@don_baraton","twitter_misc":{"Estimated reading time":"1 minute"},"schema":{"@context":"https:\/\/schema.org","@graph":[{"@type":"WebPage","@id":"https:\/\/donbaraton.es\/en\/p\/chaise-longue-sofa-sliding-seats-reclining-headrests-seville\/","url":"https:\/\/donbaraton.es\/en\/p\/chaise-longue-sofa-sliding-seats-reclining-headrests-seville\/","name":"Chaise Longue Sofa with Sliding Seats and Reclining Headrests - Seville - Don Baraton: tienda de sof\u00e1s, muebles y colchones","isPartOf":{"@id":"https:\/\/donbaraton.es\/#website"},"primaryImageOfPage":{"@id":"https:\/\/donbaraton.es\/en\/p\/chaise-longue-sofa-sliding-seats-reclining-headrests-seville\/#primaryimage"},"image":{"@id":"https:\/\/donbaraton.es\/en\/p\/chaise-longue-sofa-sliding-seats-reclining-headrests-seville\/#primaryimage"},"thumbnailUrl":"https:\/\/donbaraton.es\/wp-content\/uploads\/2018\/11\/Sof\u00e1-chesl\u00f3n-con-asientos-extra\u00edbles-y-reposacabezas-reclinables-Seville.-Chesl\u00f3n-lado-derecho-color-marr\u00f3n-chocolate.jpg","datePublished":"2018-11-04T22:55:48+00:00","dateModified":"2019-12-02T01:11:11+00:00","breadcrumb":{"@id":"https:\/\/donbaraton.es\/en\/p\/chaise-longue-sofa-sliding-seats-reclining-headrests-seville\/#breadcrumb"},"inLanguage":"en-GB","potentialAction":[{"@type":"ReadAction","target":["https:\/\/donbaraton.es\/en\/p\/chaise-longue-sofa-sliding-seats-reclining-headrests-seville\/"]}]},{"@type":"ImageObject","inLanguage":"en-GB","@id":"https:\/\/donbaraton.es\/en\/p\/chaise-longue-sofa-sliding-seats-reclining-headrests-seville\/#primaryimage","url":"https:\/\/donbaraton.es\/wp-content\/uploads\/2018\/11\/Sof\u00e1-chesl\u00f3n-con-asientos-extra\u00edbles-y-reposacabezas-reclinables-Seville.-Chesl\u00f3n-lado-derecho-color-marr\u00f3n-chocolate.jpg","contentUrl":"https:\/\/donbaraton.es\/wp-content\/uploads\/2018\/11\/Sof\u00e1-chesl\u00f3n-con-asientos-extra\u00edbles-y-reposacabezas-reclinables-Seville.-Chesl\u00f3n-lado-derecho-color-marr\u00f3n-chocolate.jpg","width":1000,"height":1000,"caption":"Chaise Longue Sofa with Sliding Seats and Reclining Headrests - Seville. Right Corner, Brown (Chocolate) Colour"},{"@type":"BreadcrumbList","@id":"https:\/\/donbaraton.es\/en\/p\/chaise-longue-sofa-sliding-seats-reclining-headrests-seville\/#breadcrumb","itemListElement":[{"@type":"ListItem","position":1,"name":"Portada","item":"https:\/\/donbaraton.es\/en\/"},{"@type":"ListItem","position":2,"name":"Online Shop","item":"https:\/\/donbaraton.es\/en\/shop\/"},{"@type":"ListItem","position":3,"name":"Chaise Longue Sofa with Sliding Seats and Reclining Headrests &#8211; Seville"}]},{"@type":"WebSite","@id":"https:\/\/donbaraton.es\/#website","url":"https:\/\/donbaraton.es\/","name":"Don Baraton: tienda de sof\u00e1s, muebles y colchones","description":"Sofas baratos desde el almac\u00e9n en Almorad\u00ed, Alicante","publisher":{"@id":"https:\/\/donbaraton.es\/#organization"},"potentialAction":[{"@type":"SearchAction","target":{"@type":"EntryPoint","urlTemplate":"https:\/\/donbaraton.es\/?s={search_term_string}"},"query-input":{"@type":"PropertyValueSpecification","valueRequired":true,"valueName":"search_term_string"}}],"inLanguage":"en-GB"},{"@type":"Organization","@id":"https:\/\/donbaraton.es\/#organization","name":"Don Baraton","url":"https:\/\/donbaraton.es\/","logo":{"@type":"ImageObject","inLanguage":"en-GB","@id":"https:\/\/donbaraton.es\/#\/schema\/logo\/image\/","url":"https:\/\/i0.wp.com\/donbaraton.es\/wp-content\/uploads\/2016\/11\/logo_don_baraton.png?fit=228%2C110&ssl=1","contentUrl":"https:\/\/i0.wp.com\/donbaraton.es\/wp-content\/uploads\/2016\/11\/logo_don_baraton.png?fit=228%2C110&ssl=1","width":228,"height":110,"caption":"Don Baraton"},"image":{"@id":"https:\/\/donbaraton.es\/#\/schema\/logo\/image\/"},"sameAs":["https:\/\/www.facebook.com\/donbaraton.es","https:\/\/x.com\/don_baraton","https:\/\/www.instagram.com\/donbaraton.es","https:\/\/www.linkedin.com\/company\/donbaraton\/","https:\/\/es.pinterest.com\/donbaraton\/","https:\/\/www.youtube.com\/channel\/UCL02HOwx-F759Jq5MedAZfQ"]}]}},"_links":{"self":[{"href":"https:\/\/donbaraton.es\/en\/wp-json\/wp\/v2\/product\/11518","targetHints":{"allow":["GET"]}}],"collection":[{"href":"https:\/\/donbaraton.es\/en\/wp-json\/wp\/v2\/product"}],"about":[{"href":"https:\/\/donbaraton.es\/en\/wp-json\/wp\/v2\/types\/product"}],"replies":[{"embeddable":true,"href":"https:\/\/donbaraton.es\/en\/wp-json\/wp\/v2\/comments?post=11518"}],"wp:featuredmedia":[{"embeddable":true,"href":"https:\/\/donbaraton.es\/en\/wp-json\/wp\/v2\/media\/11510"}],"wp:attachment":[{"href":"https:\/\/donbaraton.es\/en\/wp-json\/wp\/v2\/media?parent=11518"}],"wp:term":[{"taxonomy":"product_brand","embeddable":true,"href":"https:\/\/donbaraton.es\/en\/wp-json\/wp\/v2\/product_brand?post=11518"},{"taxonomy":"product_cat","embeddable":true,"href":"https:\/\/donbaraton.es\/en\/wp-json\/wp\/v2\/product_cat?post=11518"},{"taxonomy":"product_tag","embeddable":true,"href":"https:\/\/donbaraton.es\/en\/wp-json\/wp\/v2\/product_tag?post=11518"}],"curies":[{"name":"wp","href":"https:\/\/api.w.org\/{rel}","templated":true}]}}