{"id":11557,"date":"2018-11-05T20:00:13","date_gmt":"2018-11-05T19:08:05","guid":{"rendered":"https:\/\/donbaraton.es\/?post_type=product&#038;p=11557"},"modified":"2019-10-13T20:44:15","modified_gmt":"2019-10-13T18:44:15","slug":"chaise-longue-sofa-storage-sliding-seats-reclining-headrests-granada","status":"publish","type":"product","link":"https:\/\/donbaraton.es\/en\/p\/chaise-longue-sofa-storage-sliding-seats-reclining-headrests-granada\/","title":{"rendered":"Chaise Longue Sofa with Storage, Sliding Seats and Reclining Headrests &#8211; Granada"},"content":{"rendered":"<p>Chaise longue sofa with storage, sliding seats and reclining headrests &#8211; Granada. Modern upholstery with double stitching, crossed on backrests and armrests. Two sliding seats and reclining headrests offer maximum comfort (the depth of the seats can be adjusted to suit people of different heights). With seats fully pulled-out the sofa offers additional sleeping space for guests and home owners. Upholstered in stain-resistant microfibre fabric with cotton. Two upholstered pouffes that can be stored inside one of the armrests. Chrome legs. Durable wooden frame. High density foam and crossed belts under the seats. Available in two colours &#8211; brown (&#8220;piedra&#8221;) and grey (&#8220;cemento&#8221;). <strong>Dimensions:<\/strong> length 286 cm, length of the chaise longue 160 cm, depth 93 cm, alto 105 cm.<\/p>\n","protected":false},"excerpt":{"rendered":"<ul>\n<li>Sliding seats and reclining headrests<\/li>\n<li>Modern upholstery design with crossed double stitching<\/li>\n<li>Storage under the chaise longue<\/li>\n<li>Additional sleeping space<\/li>\n<li>Stain-resistant microfibre fabric<\/li>\n<li>Durable wooden frame<\/li>\n<li>2 pouffes included<\/li>\n<\/ul>\n<p>2 colours &#8211; brown (&#8220;piedra&#8221;) and grey (&#8220;cemento&#8221;). <strong>Dimensions:<\/strong> length 286 cm, length of the chaise longue 160 cm, depth 93 cm, height 105 cm<\/p>\n","protected":false},"featured_media":11543,"comment_status":"open","ping_status":"closed","template":"","meta":{"_et_pb_use_builder":"","_et_pb_old_content":"","_et_gb_content_width":""},"product_brand":[],"product_cat":[45,35],"product_tag":[],"class_list":{"0":"post-11557","1":"product","2":"type-product","3":"status-publish","4":"has-post-thumbnail","6":"product_cat-chaise-longue-sofas","7":"product_cat-sofas-en","8":"product_shipping_class-articulos-pesados","9":"pa_lado-left","10":"pa_lado-reversible-chaise","11":"pa_lado-right","12":"pa_largo-sofas-251-300-cm-en","13":"pa_material-fabric","14":"pa_plazas-3-seater-sofas","15":"pa_plazas-4-seater-sofas","17":"first","18":"outofstock","19":"taxable","20":"shipping-taxable","21":"product-type-variable"},"yoast_head":"<!-- This site is optimized with the Yoast SEO plugin v27.2 - https:\/\/yoast.com\/product\/yoast-seo-wordpress\/ -->\n<title>Chaise Longue Sofa with Storage, Sliding Seats and Reclining Headrests - Granada - Don Baraton: tienda de sof\u00e1s, muebles y colchones<\/title>\n<meta name=\"robots\" content=\"index, follow, max-snippet:-1, max-image-preview:large, max-video-preview:-1\" \/>\n<link rel=\"canonical\" href=\"https:\/\/donbaraton.es\/en\/p\/chaise-longue-sofa-storage-sliding-seats-reclining-headrests-granada\/\" \/>\n<meta property=\"og:locale\" content=\"en_GB\" \/>\n<meta property=\"og:type\" content=\"article\" \/>\n<meta property=\"og:title\" content=\"Chaise Longue Sofa with Storage, Sliding Seats and Reclining Headrests - Granada - Don Baraton: tienda de sof\u00e1s, muebles y colchones\" \/>\n<meta property=\"og:description\" content=\"Sliding seats and reclining headrests  Modern upholstery design with crossed double stitching  Storage under the chaise longue  Additional sleeping space  Stain-resistant microfibre fabric  Durable wooden frame  2 pouffes included  2 colours - brown (&quot;piedra&quot;) and grey (&quot;cemento&quot;). Dimensions: length 286 cm, length of the chaise longue 160 cm, depth 93 cm, height 105 cm\" \/>\n<meta property=\"og:url\" content=\"https:\/\/donbaraton.es\/en\/p\/chaise-longue-sofa-storage-sliding-seats-reclining-headrests-granada\/\" \/>\n<meta property=\"og:site_name\" content=\"Don Baraton: tienda de sof\u00e1s, muebles y colchones\" \/>\n<meta property=\"article:publisher\" content=\"https:\/\/www.facebook.com\/donbaraton.es\" \/>\n<meta property=\"article:modified_time\" content=\"2019-10-13T18:44:15+00:00\" \/>\n<meta property=\"og:image\" content=\"https:\/\/i1.wp.com\/donbaraton.es\/wp-content\/uploads\/2018\/11\/Sof\u00e1-chaiselongue-con-asientos-extra\u00edbles-arc\u00f3n-y-reposacabezas-reclinables.-Chaiselongue-derecha-color-marr\u00f3n-piedra-Granada.jpg?fit=1000%2C1000&ssl=1\" \/>\n\t<meta property=\"og:image:width\" content=\"1000\" \/>\n\t<meta property=\"og:image:height\" content=\"1000\" \/>\n\t<meta property=\"og:image:type\" content=\"image\/jpeg\" \/>\n<meta name=\"twitter:card\" content=\"summary_large_image\" \/>\n<meta name=\"twitter:site\" content=\"@don_baraton\" \/>\n<meta name=\"twitter:label1\" content=\"Estimated reading time\" \/>\n\t<meta name=\"twitter:data1\" content=\"1 minute\" \/>\n<script type=\"application\/ld+json\" class=\"yoast-schema-graph\">{\"@context\":\"https:\/\/schema.org\",\"@graph\":[{\"@type\":\"WebPage\",\"@id\":\"https:\/\/donbaraton.es\/en\/p\/chaise-longue-sofa-storage-sliding-seats-reclining-headrests-granada\/\",\"url\":\"https:\/\/donbaraton.es\/en\/p\/chaise-longue-sofa-storage-sliding-seats-reclining-headrests-granada\/\",\"name\":\"Chaise Longue Sofa with Storage, Sliding Seats and Reclining Headrests - Granada - Don Baraton: tienda de sof\u00e1s, muebles y colchones\",\"isPartOf\":{\"@id\":\"https:\/\/donbaraton.es\/#website\"},\"primaryImageOfPage\":{\"@id\":\"https:\/\/donbaraton.es\/en\/p\/chaise-longue-sofa-storage-sliding-seats-reclining-headrests-granada\/#primaryimage\"},\"image\":{\"@id\":\"https:\/\/donbaraton.es\/en\/p\/chaise-longue-sofa-storage-sliding-seats-reclining-headrests-granada\/#primaryimage\"},\"thumbnailUrl\":\"https:\/\/donbaraton.es\/wp-content\/uploads\/2018\/11\/Sof\u00e1-chaiselongue-con-asientos-extra\u00edbles-arc\u00f3n-y-reposacabezas-reclinables.-Chaiselongue-derecha-color-marr\u00f3n-piedra-Granada.jpg\",\"datePublished\":\"2018-11-05T19:08:05+00:00\",\"dateModified\":\"2019-10-13T18:44:15+00:00\",\"breadcrumb\":{\"@id\":\"https:\/\/donbaraton.es\/en\/p\/chaise-longue-sofa-storage-sliding-seats-reclining-headrests-granada\/#breadcrumb\"},\"inLanguage\":\"en-GB\",\"potentialAction\":[{\"@type\":\"ReadAction\",\"target\":[\"https:\/\/donbaraton.es\/en\/p\/chaise-longue-sofa-storage-sliding-seats-reclining-headrests-granada\/\"]}]},{\"@type\":\"ImageObject\",\"inLanguage\":\"en-GB\",\"@id\":\"https:\/\/donbaraton.es\/en\/p\/chaise-longue-sofa-storage-sliding-seats-reclining-headrests-granada\/#primaryimage\",\"url\":\"https:\/\/donbaraton.es\/wp-content\/uploads\/2018\/11\/Sof\u00e1-chaiselongue-con-asientos-extra\u00edbles-arc\u00f3n-y-reposacabezas-reclinables.-Chaiselongue-derecha-color-marr\u00f3n-piedra-Granada.jpg\",\"contentUrl\":\"https:\/\/donbaraton.es\/wp-content\/uploads\/2018\/11\/Sof\u00e1-chaiselongue-con-asientos-extra\u00edbles-arc\u00f3n-y-reposacabezas-reclinables.-Chaiselongue-derecha-color-marr\u00f3n-piedra-Granada.jpg\",\"width\":1000,\"height\":1000,\"caption\":\"Chaise Longue Sofa with Storage, Sliding Seats and Reclining Headrests - Granada. Brown colour (piedra), right corner\"},{\"@type\":\"BreadcrumbList\",\"@id\":\"https:\/\/donbaraton.es\/en\/p\/chaise-longue-sofa-storage-sliding-seats-reclining-headrests-granada\/#breadcrumb\",\"itemListElement\":[{\"@type\":\"ListItem\",\"position\":1,\"name\":\"Portada\",\"item\":\"https:\/\/donbaraton.es\/en\/\"},{\"@type\":\"ListItem\",\"position\":2,\"name\":\"Online Shop\",\"item\":\"https:\/\/donbaraton.es\/en\/shop\/\"},{\"@type\":\"ListItem\",\"position\":3,\"name\":\"Chaise Longue Sofa with Storage, Sliding Seats and Reclining Headrests &#8211; Granada\"}]},{\"@type\":\"WebSite\",\"@id\":\"https:\/\/donbaraton.es\/#website\",\"url\":\"https:\/\/donbaraton.es\/\",\"name\":\"Don Baraton: tienda de sof\u00e1s, muebles y colchones\",\"description\":\"Sofas baratos desde el almac\u00e9n en Almorad\u00ed, Alicante\",\"publisher\":{\"@id\":\"https:\/\/donbaraton.es\/#organization\"},\"potentialAction\":[{\"@type\":\"SearchAction\",\"target\":{\"@type\":\"EntryPoint\",\"urlTemplate\":\"https:\/\/donbaraton.es\/?s={search_term_string}\"},\"query-input\":{\"@type\":\"PropertyValueSpecification\",\"valueRequired\":true,\"valueName\":\"search_term_string\"}}],\"inLanguage\":\"en-GB\"},{\"@type\":\"Organization\",\"@id\":\"https:\/\/donbaraton.es\/#organization\",\"name\":\"Don Baraton\",\"url\":\"https:\/\/donbaraton.es\/\",\"logo\":{\"@type\":\"ImageObject\",\"inLanguage\":\"en-GB\",\"@id\":\"https:\/\/donbaraton.es\/#\/schema\/logo\/image\/\",\"url\":\"https:\/\/i0.wp.com\/donbaraton.es\/wp-content\/uploads\/2016\/11\/logo_don_baraton.png?fit=228%2C110&ssl=1\",\"contentUrl\":\"https:\/\/i0.wp.com\/donbaraton.es\/wp-content\/uploads\/2016\/11\/logo_don_baraton.png?fit=228%2C110&ssl=1\",\"width\":228,\"height\":110,\"caption\":\"Don Baraton\"},\"image\":{\"@id\":\"https:\/\/donbaraton.es\/#\/schema\/logo\/image\/\"},\"sameAs\":[\"https:\/\/www.facebook.com\/donbaraton.es\",\"https:\/\/x.com\/don_baraton\",\"https:\/\/www.instagram.com\/donbaraton.es\",\"https:\/\/www.linkedin.com\/company\/donbaraton\/\",\"https:\/\/es.pinterest.com\/donbaraton\/\",\"https:\/\/www.youtube.com\/channel\/UCL02HOwx-F759Jq5MedAZfQ\"]}]}<\/script>\n<!-- \/ Yoast SEO plugin. -->","yoast_head_json":{"title":"Chaise Longue Sofa with Storage, Sliding Seats and Reclining Headrests - Granada - Don Baraton: tienda de sof\u00e1s, muebles y colchones","robots":{"index":"index","follow":"follow","max-snippet":"max-snippet:-1","max-image-preview":"max-image-preview:large","max-video-preview":"max-video-preview:-1"},"canonical":"https:\/\/donbaraton.es\/en\/p\/chaise-longue-sofa-storage-sliding-seats-reclining-headrests-granada\/","og_locale":"en_GB","og_type":"article","og_title":"Chaise Longue Sofa with Storage, Sliding Seats and Reclining Headrests - Granada - Don Baraton: tienda de sof\u00e1s, muebles y colchones","og_description":"Sliding seats and reclining headrests  Modern upholstery design with crossed double stitching  Storage under the chaise longue  Additional sleeping space  Stain-resistant microfibre fabric  Durable wooden frame  2 pouffes included  2 colours - brown (\"piedra\") and grey (\"cemento\"). Dimensions: length 286 cm, length of the chaise longue 160 cm, depth 93 cm, height 105 cm","og_url":"https:\/\/donbaraton.es\/en\/p\/chaise-longue-sofa-storage-sliding-seats-reclining-headrests-granada\/","og_site_name":"Don Baraton: tienda de sof\u00e1s, muebles y colchones","article_publisher":"https:\/\/www.facebook.com\/donbaraton.es","article_modified_time":"2019-10-13T18:44:15+00:00","og_image":[{"width":1000,"height":1000,"url":"https:\/\/i1.wp.com\/donbaraton.es\/wp-content\/uploads\/2018\/11\/Sof\u00e1-chaiselongue-con-asientos-extra\u00edbles-arc\u00f3n-y-reposacabezas-reclinables.-Chaiselongue-derecha-color-marr\u00f3n-piedra-Granada.jpg?fit=1000%2C1000&ssl=1","type":"image\/jpeg"}],"twitter_card":"summary_large_image","twitter_site":"@don_baraton","twitter_misc":{"Estimated reading time":"1 minute"},"schema":{"@context":"https:\/\/schema.org","@graph":[{"@type":"WebPage","@id":"https:\/\/donbaraton.es\/en\/p\/chaise-longue-sofa-storage-sliding-seats-reclining-headrests-granada\/","url":"https:\/\/donbaraton.es\/en\/p\/chaise-longue-sofa-storage-sliding-seats-reclining-headrests-granada\/","name":"Chaise Longue Sofa with Storage, Sliding Seats and Reclining Headrests - Granada - Don Baraton: tienda de sof\u00e1s, muebles y colchones","isPartOf":{"@id":"https:\/\/donbaraton.es\/#website"},"primaryImageOfPage":{"@id":"https:\/\/donbaraton.es\/en\/p\/chaise-longue-sofa-storage-sliding-seats-reclining-headrests-granada\/#primaryimage"},"image":{"@id":"https:\/\/donbaraton.es\/en\/p\/chaise-longue-sofa-storage-sliding-seats-reclining-headrests-granada\/#primaryimage"},"thumbnailUrl":"https:\/\/donbaraton.es\/wp-content\/uploads\/2018\/11\/Sof\u00e1-chaiselongue-con-asientos-extra\u00edbles-arc\u00f3n-y-reposacabezas-reclinables.-Chaiselongue-derecha-color-marr\u00f3n-piedra-Granada.jpg","datePublished":"2018-11-05T19:08:05+00:00","dateModified":"2019-10-13T18:44:15+00:00","breadcrumb":{"@id":"https:\/\/donbaraton.es\/en\/p\/chaise-longue-sofa-storage-sliding-seats-reclining-headrests-granada\/#breadcrumb"},"inLanguage":"en-GB","potentialAction":[{"@type":"ReadAction","target":["https:\/\/donbaraton.es\/en\/p\/chaise-longue-sofa-storage-sliding-seats-reclining-headrests-granada\/"]}]},{"@type":"ImageObject","inLanguage":"en-GB","@id":"https:\/\/donbaraton.es\/en\/p\/chaise-longue-sofa-storage-sliding-seats-reclining-headrests-granada\/#primaryimage","url":"https:\/\/donbaraton.es\/wp-content\/uploads\/2018\/11\/Sof\u00e1-chaiselongue-con-asientos-extra\u00edbles-arc\u00f3n-y-reposacabezas-reclinables.-Chaiselongue-derecha-color-marr\u00f3n-piedra-Granada.jpg","contentUrl":"https:\/\/donbaraton.es\/wp-content\/uploads\/2018\/11\/Sof\u00e1-chaiselongue-con-asientos-extra\u00edbles-arc\u00f3n-y-reposacabezas-reclinables.-Chaiselongue-derecha-color-marr\u00f3n-piedra-Granada.jpg","width":1000,"height":1000,"caption":"Chaise Longue Sofa with Storage, Sliding Seats and Reclining Headrests - Granada. Brown colour (piedra), right corner"},{"@type":"BreadcrumbList","@id":"https:\/\/donbaraton.es\/en\/p\/chaise-longue-sofa-storage-sliding-seats-reclining-headrests-granada\/#breadcrumb","itemListElement":[{"@type":"ListItem","position":1,"name":"Portada","item":"https:\/\/donbaraton.es\/en\/"},{"@type":"ListItem","position":2,"name":"Online Shop","item":"https:\/\/donbaraton.es\/en\/shop\/"},{"@type":"ListItem","position":3,"name":"Chaise Longue Sofa with Storage, Sliding Seats and Reclining Headrests &#8211; Granada"}]},{"@type":"WebSite","@id":"https:\/\/donbaraton.es\/#website","url":"https:\/\/donbaraton.es\/","name":"Don Baraton: tienda de sof\u00e1s, muebles y colchones","description":"Sofas baratos desde el almac\u00e9n en Almorad\u00ed, Alicante","publisher":{"@id":"https:\/\/donbaraton.es\/#organization"},"potentialAction":[{"@type":"SearchAction","target":{"@type":"EntryPoint","urlTemplate":"https:\/\/donbaraton.es\/?s={search_term_string}"},"query-input":{"@type":"PropertyValueSpecification","valueRequired":true,"valueName":"search_term_string"}}],"inLanguage":"en-GB"},{"@type":"Organization","@id":"https:\/\/donbaraton.es\/#organization","name":"Don Baraton","url":"https:\/\/donbaraton.es\/","logo":{"@type":"ImageObject","inLanguage":"en-GB","@id":"https:\/\/donbaraton.es\/#\/schema\/logo\/image\/","url":"https:\/\/i0.wp.com\/donbaraton.es\/wp-content\/uploads\/2016\/11\/logo_don_baraton.png?fit=228%2C110&ssl=1","contentUrl":"https:\/\/i0.wp.com\/donbaraton.es\/wp-content\/uploads\/2016\/11\/logo_don_baraton.png?fit=228%2C110&ssl=1","width":228,"height":110,"caption":"Don Baraton"},"image":{"@id":"https:\/\/donbaraton.es\/#\/schema\/logo\/image\/"},"sameAs":["https:\/\/www.facebook.com\/donbaraton.es","https:\/\/x.com\/don_baraton","https:\/\/www.instagram.com\/donbaraton.es","https:\/\/www.linkedin.com\/company\/donbaraton\/","https:\/\/es.pinterest.com\/donbaraton\/","https:\/\/www.youtube.com\/channel\/UCL02HOwx-F759Jq5MedAZfQ"]}]}},"_links":{"self":[{"href":"https:\/\/donbaraton.es\/en\/wp-json\/wp\/v2\/product\/11557","targetHints":{"allow":["GET"]}}],"collection":[{"href":"https:\/\/donbaraton.es\/en\/wp-json\/wp\/v2\/product"}],"about":[{"href":"https:\/\/donbaraton.es\/en\/wp-json\/wp\/v2\/types\/product"}],"replies":[{"embeddable":true,"href":"https:\/\/donbaraton.es\/en\/wp-json\/wp\/v2\/comments?post=11557"}],"wp:featuredmedia":[{"embeddable":true,"href":"https:\/\/donbaraton.es\/en\/wp-json\/wp\/v2\/media\/11543"}],"wp:attachment":[{"href":"https:\/\/donbaraton.es\/en\/wp-json\/wp\/v2\/media?parent=11557"}],"wp:term":[{"taxonomy":"product_brand","embeddable":true,"href":"https:\/\/donbaraton.es\/en\/wp-json\/wp\/v2\/product_brand?post=11557"},{"taxonomy":"product_cat","embeddable":true,"href":"https:\/\/donbaraton.es\/en\/wp-json\/wp\/v2\/product_cat?post=11557"},{"taxonomy":"product_tag","embeddable":true,"href":"https:\/\/donbaraton.es\/en\/wp-json\/wp\/v2\/product_tag?post=11557"}],"curies":[{"name":"wp","href":"https:\/\/api.w.org\/{rel}","templated":true}]}}