{"id":11589,"date":"2021-03-09T05:20:23","date_gmt":"2018-11-06T12:19:21","guid":{"rendered":"https:\/\/donbaraton.es\/?post_type=product&#038;p=11589"},"modified":"2021-03-09T05:30:33","modified_gmt":"2021-03-09T04:30:33","slug":"convertible-chaise-longue-sofa-bed-with-storage-santander","status":"publish","type":"product","link":"https:\/\/donbaraton.es\/en\/p\/convertible-chaise-longue-sofa-bed-with-storage-santander\/","title":{"rendered":"Convertible Chaise Longue Sofa Bed with Storage &#8211; Santander"},"content":{"rendered":"<p><strong>Convertible chaise longue sofa bed with storage &#8211; Santander.<\/strong><\/p>\n<p>Contemporary design with beige lines on armrests. Durable wooden frame will last longer than a chipboard frame. Comfortable seats with foam and springs under. Metal bed opening mechanism (&#8220;delphin&#8221; opening system). Reversible chaise longue can be installed on the left on right side of the sofa. The chaise longue position can be easily changed later if necessary. Three backrest cushions. Available in two colours &#8211; grey (&#8220;marango&#8221;) and brown (&#8220;chocolate&#8221;).<\/p>\n<p><strong>Dimensions:<\/strong> length 247 cm, length of the chaise longue 157 cm, height 99 cm, depth 85 cm, height of the seats 44 cm.<\/p>\n","protected":false},"excerpt":{"rendered":"<ul>\n<li>Bed with &#8220;delphin&#8221; opening mechanism<\/li>\n<li>Storage under the chaise longue<\/li>\n<li>Contemporary design with stripes<\/li>\n<li>Durable wooden frame<\/li>\n<li>Comfortable seats with foam and springs<\/li>\n<\/ul>\n<p><strong>Dimensions:<\/strong> length 247 cm, length of the chaise longue 157 cm, height 99 cm, depth 85 cm<\/p>\n","protected":false},"featured_media":11575,"comment_status":"open","ping_status":"closed","template":"","meta":{"_et_pb_use_builder":"","_et_pb_old_content":"","_et_gb_content_width":""},"product_brand":[],"product_cat":[43,45,41,35],"product_tag":[],"class_list":{"0":"post-11589","1":"product","2":"type-product","3":"status-publish","4":"has-post-thumbnail","6":"product_cat-sofa-beds-chaise-longue","7":"product_cat-chaise-longue-sofas","8":"product_cat-sofa-beds","9":"product_cat-sofas-en","10":"product_shipping_class-mas-de-20-kg-fabricacion-hasta-43-dias","11":"pa_lado-left","12":"pa_lado-reversible-chaise","13":"pa_lado-right","14":"pa_largo-sofas-201-250-cm-en","15":"pa_material-fabric","16":"pa_plazas-3-seater-sofas","18":"first","19":"outofstock","20":"sale","21":"taxable","22":"shipping-taxable","23":"purchasable","24":"product-type-variable","25":"has-default-attributes"},"yoast_head":"<!-- This site is optimized with the Yoast SEO plugin v27.2 - https:\/\/yoast.com\/product\/yoast-seo-wordpress\/ -->\n<title>Convertible Chaise Longue Sofa Bed with Storage - Santander - Don Baraton: tienda de sof\u00e1s, muebles y colchones<\/title>\n<meta name=\"robots\" content=\"index, follow, max-snippet:-1, max-image-preview:large, max-video-preview:-1\" \/>\n<link rel=\"canonical\" href=\"https:\/\/donbaraton.es\/en\/p\/convertible-chaise-longue-sofa-bed-with-storage-santander\/\" \/>\n<meta property=\"og:locale\" content=\"en_GB\" \/>\n<meta property=\"og:type\" content=\"article\" \/>\n<meta property=\"og:title\" content=\"Convertible Chaise Longue Sofa Bed with Storage - Santander - Don Baraton: tienda de sof\u00e1s, muebles y colchones\" \/>\n<meta property=\"og:description\" content=\"Bed with &quot;delphin&quot; opening mechanism Storage under the chaise longue Contemporary design with stripes Durable wooden frame Comfortable seats with foam and springs  Dimensions: length 247 cm, length of the chaise longue 157 cm, height 99 cm, depth 85 cm\" \/>\n<meta property=\"og:url\" content=\"https:\/\/donbaraton.es\/en\/p\/convertible-chaise-longue-sofa-bed-with-storage-santander\/\" \/>\n<meta property=\"og:site_name\" content=\"Don Baraton: tienda de sof\u00e1s, muebles y colchones\" \/>\n<meta property=\"article:publisher\" content=\"https:\/\/www.facebook.com\/donbaraton.es\" \/>\n<meta property=\"article:modified_time\" content=\"2021-03-09T04:30:33+00:00\" \/>\n<meta property=\"og:image\" content=\"https:\/\/i2.wp.com\/donbaraton.es\/wp-content\/uploads\/2018\/11\/Sof\u00e1-chaise-longue-convertible-en-cama-con-arc\u00f3n.-Tela-gris.-Chaise-longue-lado-derecho-Santander.jpg?fit=1000%2C1000&ssl=1\" \/>\n\t<meta property=\"og:image:width\" content=\"1000\" \/>\n\t<meta property=\"og:image:height\" content=\"1000\" \/>\n\t<meta property=\"og:image:type\" content=\"image\/jpeg\" \/>\n<meta name=\"twitter:card\" content=\"summary_large_image\" \/>\n<meta name=\"twitter:site\" content=\"@don_baraton\" \/>\n<script type=\"application\/ld+json\" class=\"yoast-schema-graph\">{\"@context\":\"https:\/\/schema.org\",\"@graph\":[{\"@type\":\"WebPage\",\"@id\":\"https:\/\/donbaraton.es\/en\/p\/convertible-chaise-longue-sofa-bed-with-storage-santander\/\",\"url\":\"https:\/\/donbaraton.es\/en\/p\/convertible-chaise-longue-sofa-bed-with-storage-santander\/\",\"name\":\"Convertible Chaise Longue Sofa Bed with Storage - Santander - Don Baraton: tienda de sof\u00e1s, muebles y colchones\",\"isPartOf\":{\"@id\":\"https:\/\/donbaraton.es\/#website\"},\"primaryImageOfPage\":{\"@id\":\"https:\/\/donbaraton.es\/en\/p\/convertible-chaise-longue-sofa-bed-with-storage-santander\/#primaryimage\"},\"image\":{\"@id\":\"https:\/\/donbaraton.es\/en\/p\/convertible-chaise-longue-sofa-bed-with-storage-santander\/#primaryimage\"},\"thumbnailUrl\":\"https:\/\/donbaraton.es\/wp-content\/uploads\/2018\/11\/Sof\u00e1-chaise-longue-convertible-en-cama-con-arc\u00f3n.-Tela-gris.-Chaise-longue-lado-derecho-Santander.jpg\",\"datePublished\":\"2018-11-06T12:19:21+00:00\",\"dateModified\":\"2021-03-09T04:30:33+00:00\",\"breadcrumb\":{\"@id\":\"https:\/\/donbaraton.es\/en\/p\/convertible-chaise-longue-sofa-bed-with-storage-santander\/#breadcrumb\"},\"inLanguage\":\"en-GB\",\"potentialAction\":[{\"@type\":\"ReadAction\",\"target\":[\"https:\/\/donbaraton.es\/en\/p\/convertible-chaise-longue-sofa-bed-with-storage-santander\/\"]}]},{\"@type\":\"ImageObject\",\"inLanguage\":\"en-GB\",\"@id\":\"https:\/\/donbaraton.es\/en\/p\/convertible-chaise-longue-sofa-bed-with-storage-santander\/#primaryimage\",\"url\":\"https:\/\/donbaraton.es\/wp-content\/uploads\/2018\/11\/Sof\u00e1-chaise-longue-convertible-en-cama-con-arc\u00f3n.-Tela-gris.-Chaise-longue-lado-derecho-Santander.jpg\",\"contentUrl\":\"https:\/\/donbaraton.es\/wp-content\/uploads\/2018\/11\/Sof\u00e1-chaise-longue-convertible-en-cama-con-arc\u00f3n.-Tela-gris.-Chaise-longue-lado-derecho-Santander.jpg\",\"width\":1000,\"height\":1000,\"caption\":\"Convertible Chaise Longue Sofa Bed with Storage - Santander. Grey (\\\"marengo\\\") Fabric, Right Corner\"},{\"@type\":\"BreadcrumbList\",\"@id\":\"https:\/\/donbaraton.es\/en\/p\/convertible-chaise-longue-sofa-bed-with-storage-santander\/#breadcrumb\",\"itemListElement\":[{\"@type\":\"ListItem\",\"position\":1,\"name\":\"Portada\",\"item\":\"https:\/\/donbaraton.es\/en\/\"},{\"@type\":\"ListItem\",\"position\":2,\"name\":\"Online Shop\",\"item\":\"https:\/\/donbaraton.es\/en\/shop\/\"},{\"@type\":\"ListItem\",\"position\":3,\"name\":\"Convertible Chaise Longue Sofa Bed with Storage &#8211; Santander\"}]},{\"@type\":\"WebSite\",\"@id\":\"https:\/\/donbaraton.es\/#website\",\"url\":\"https:\/\/donbaraton.es\/\",\"name\":\"Don Baraton: tienda de sof\u00e1s, muebles y colchones\",\"description\":\"Sofas baratos desde el almac\u00e9n en Almorad\u00ed, Alicante\",\"publisher\":{\"@id\":\"https:\/\/donbaraton.es\/#organization\"},\"potentialAction\":[{\"@type\":\"SearchAction\",\"target\":{\"@type\":\"EntryPoint\",\"urlTemplate\":\"https:\/\/donbaraton.es\/?s={search_term_string}\"},\"query-input\":{\"@type\":\"PropertyValueSpecification\",\"valueRequired\":true,\"valueName\":\"search_term_string\"}}],\"inLanguage\":\"en-GB\"},{\"@type\":\"Organization\",\"@id\":\"https:\/\/donbaraton.es\/#organization\",\"name\":\"Don Baraton\",\"url\":\"https:\/\/donbaraton.es\/\",\"logo\":{\"@type\":\"ImageObject\",\"inLanguage\":\"en-GB\",\"@id\":\"https:\/\/donbaraton.es\/#\/schema\/logo\/image\/\",\"url\":\"https:\/\/i0.wp.com\/donbaraton.es\/wp-content\/uploads\/2016\/11\/logo_don_baraton.png?fit=228%2C110&ssl=1\",\"contentUrl\":\"https:\/\/i0.wp.com\/donbaraton.es\/wp-content\/uploads\/2016\/11\/logo_don_baraton.png?fit=228%2C110&ssl=1\",\"width\":228,\"height\":110,\"caption\":\"Don Baraton\"},\"image\":{\"@id\":\"https:\/\/donbaraton.es\/#\/schema\/logo\/image\/\"},\"sameAs\":[\"https:\/\/www.facebook.com\/donbaraton.es\",\"https:\/\/x.com\/don_baraton\",\"https:\/\/www.instagram.com\/donbaraton.es\",\"https:\/\/www.linkedin.com\/company\/donbaraton\/\",\"https:\/\/es.pinterest.com\/donbaraton\/\",\"https:\/\/www.youtube.com\/channel\/UCL02HOwx-F759Jq5MedAZfQ\"]}]}<\/script>\n<!-- \/ Yoast SEO plugin. -->","yoast_head_json":{"title":"Convertible Chaise Longue Sofa Bed with Storage - Santander - Don Baraton: tienda de sof\u00e1s, muebles y colchones","robots":{"index":"index","follow":"follow","max-snippet":"max-snippet:-1","max-image-preview":"max-image-preview:large","max-video-preview":"max-video-preview:-1"},"canonical":"https:\/\/donbaraton.es\/en\/p\/convertible-chaise-longue-sofa-bed-with-storage-santander\/","og_locale":"en_GB","og_type":"article","og_title":"Convertible Chaise Longue Sofa Bed with Storage - Santander - Don Baraton: tienda de sof\u00e1s, muebles y colchones","og_description":"Bed with \"delphin\" opening mechanism Storage under the chaise longue Contemporary design with stripes Durable wooden frame Comfortable seats with foam and springs  Dimensions: length 247 cm, length of the chaise longue 157 cm, height 99 cm, depth 85 cm","og_url":"https:\/\/donbaraton.es\/en\/p\/convertible-chaise-longue-sofa-bed-with-storage-santander\/","og_site_name":"Don Baraton: tienda de sof\u00e1s, muebles y colchones","article_publisher":"https:\/\/www.facebook.com\/donbaraton.es","article_modified_time":"2021-03-09T04:30:33+00:00","og_image":[{"width":1000,"height":1000,"url":"https:\/\/i2.wp.com\/donbaraton.es\/wp-content\/uploads\/2018\/11\/Sof\u00e1-chaise-longue-convertible-en-cama-con-arc\u00f3n.-Tela-gris.-Chaise-longue-lado-derecho-Santander.jpg?fit=1000%2C1000&ssl=1","type":"image\/jpeg"}],"twitter_card":"summary_large_image","twitter_site":"@don_baraton","schema":{"@context":"https:\/\/schema.org","@graph":[{"@type":"WebPage","@id":"https:\/\/donbaraton.es\/en\/p\/convertible-chaise-longue-sofa-bed-with-storage-santander\/","url":"https:\/\/donbaraton.es\/en\/p\/convertible-chaise-longue-sofa-bed-with-storage-santander\/","name":"Convertible Chaise Longue Sofa Bed with Storage - Santander - Don Baraton: tienda de sof\u00e1s, muebles y colchones","isPartOf":{"@id":"https:\/\/donbaraton.es\/#website"},"primaryImageOfPage":{"@id":"https:\/\/donbaraton.es\/en\/p\/convertible-chaise-longue-sofa-bed-with-storage-santander\/#primaryimage"},"image":{"@id":"https:\/\/donbaraton.es\/en\/p\/convertible-chaise-longue-sofa-bed-with-storage-santander\/#primaryimage"},"thumbnailUrl":"https:\/\/donbaraton.es\/wp-content\/uploads\/2018\/11\/Sof\u00e1-chaise-longue-convertible-en-cama-con-arc\u00f3n.-Tela-gris.-Chaise-longue-lado-derecho-Santander.jpg","datePublished":"2018-11-06T12:19:21+00:00","dateModified":"2021-03-09T04:30:33+00:00","breadcrumb":{"@id":"https:\/\/donbaraton.es\/en\/p\/convertible-chaise-longue-sofa-bed-with-storage-santander\/#breadcrumb"},"inLanguage":"en-GB","potentialAction":[{"@type":"ReadAction","target":["https:\/\/donbaraton.es\/en\/p\/convertible-chaise-longue-sofa-bed-with-storage-santander\/"]}]},{"@type":"ImageObject","inLanguage":"en-GB","@id":"https:\/\/donbaraton.es\/en\/p\/convertible-chaise-longue-sofa-bed-with-storage-santander\/#primaryimage","url":"https:\/\/donbaraton.es\/wp-content\/uploads\/2018\/11\/Sof\u00e1-chaise-longue-convertible-en-cama-con-arc\u00f3n.-Tela-gris.-Chaise-longue-lado-derecho-Santander.jpg","contentUrl":"https:\/\/donbaraton.es\/wp-content\/uploads\/2018\/11\/Sof\u00e1-chaise-longue-convertible-en-cama-con-arc\u00f3n.-Tela-gris.-Chaise-longue-lado-derecho-Santander.jpg","width":1000,"height":1000,"caption":"Convertible Chaise Longue Sofa Bed with Storage - Santander. Grey (\"marengo\") Fabric, Right Corner"},{"@type":"BreadcrumbList","@id":"https:\/\/donbaraton.es\/en\/p\/convertible-chaise-longue-sofa-bed-with-storage-santander\/#breadcrumb","itemListElement":[{"@type":"ListItem","position":1,"name":"Portada","item":"https:\/\/donbaraton.es\/en\/"},{"@type":"ListItem","position":2,"name":"Online Shop","item":"https:\/\/donbaraton.es\/en\/shop\/"},{"@type":"ListItem","position":3,"name":"Convertible Chaise Longue Sofa Bed with Storage &#8211; Santander"}]},{"@type":"WebSite","@id":"https:\/\/donbaraton.es\/#website","url":"https:\/\/donbaraton.es\/","name":"Don Baraton: tienda de sof\u00e1s, muebles y colchones","description":"Sofas baratos desde el almac\u00e9n en Almorad\u00ed, Alicante","publisher":{"@id":"https:\/\/donbaraton.es\/#organization"},"potentialAction":[{"@type":"SearchAction","target":{"@type":"EntryPoint","urlTemplate":"https:\/\/donbaraton.es\/?s={search_term_string}"},"query-input":{"@type":"PropertyValueSpecification","valueRequired":true,"valueName":"search_term_string"}}],"inLanguage":"en-GB"},{"@type":"Organization","@id":"https:\/\/donbaraton.es\/#organization","name":"Don Baraton","url":"https:\/\/donbaraton.es\/","logo":{"@type":"ImageObject","inLanguage":"en-GB","@id":"https:\/\/donbaraton.es\/#\/schema\/logo\/image\/","url":"https:\/\/i0.wp.com\/donbaraton.es\/wp-content\/uploads\/2016\/11\/logo_don_baraton.png?fit=228%2C110&ssl=1","contentUrl":"https:\/\/i0.wp.com\/donbaraton.es\/wp-content\/uploads\/2016\/11\/logo_don_baraton.png?fit=228%2C110&ssl=1","width":228,"height":110,"caption":"Don Baraton"},"image":{"@id":"https:\/\/donbaraton.es\/#\/schema\/logo\/image\/"},"sameAs":["https:\/\/www.facebook.com\/donbaraton.es","https:\/\/x.com\/don_baraton","https:\/\/www.instagram.com\/donbaraton.es","https:\/\/www.linkedin.com\/company\/donbaraton\/","https:\/\/es.pinterest.com\/donbaraton\/","https:\/\/www.youtube.com\/channel\/UCL02HOwx-F759Jq5MedAZfQ"]}]}},"_links":{"self":[{"href":"https:\/\/donbaraton.es\/en\/wp-json\/wp\/v2\/product\/11589","targetHints":{"allow":["GET"]}}],"collection":[{"href":"https:\/\/donbaraton.es\/en\/wp-json\/wp\/v2\/product"}],"about":[{"href":"https:\/\/donbaraton.es\/en\/wp-json\/wp\/v2\/types\/product"}],"replies":[{"embeddable":true,"href":"https:\/\/donbaraton.es\/en\/wp-json\/wp\/v2\/comments?post=11589"}],"wp:featuredmedia":[{"embeddable":true,"href":"https:\/\/donbaraton.es\/en\/wp-json\/wp\/v2\/media\/11575"}],"wp:attachment":[{"href":"https:\/\/donbaraton.es\/en\/wp-json\/wp\/v2\/media?parent=11589"}],"wp:term":[{"taxonomy":"product_brand","embeddable":true,"href":"https:\/\/donbaraton.es\/en\/wp-json\/wp\/v2\/product_brand?post=11589"},{"taxonomy":"product_cat","embeddable":true,"href":"https:\/\/donbaraton.es\/en\/wp-json\/wp\/v2\/product_cat?post=11589"},{"taxonomy":"product_tag","embeddable":true,"href":"https:\/\/donbaraton.es\/en\/wp-json\/wp\/v2\/product_tag?post=11589"}],"curies":[{"name":"wp","href":"https:\/\/api.w.org\/{rel}","templated":true}]}}