{"id":11617,"date":"2021-02-07T06:54:47","date_gmt":"2018-11-06T22:33:47","guid":{"rendered":"https:\/\/donbaraton.es\/producto\/uncategorized\/inexpensive-3-seater-sofa-microfibre-fabric-salamanca\/"},"modified":"2021-10-02T02:20:17","modified_gmt":"2021-10-02T00:20:17","slug":"inexpensive-3-seater-sofa-synthetic-fabric-salamanca","status":"publish","type":"product","link":"https:\/\/donbaraton.es\/en\/p\/inexpensive-3-seater-sofa-synthetic-fabric-salamanca\/","title":{"rendered":"Inexpensive 3-Seater Sofa in Synthetic Fabric &#8211; Salamanca"},"content":{"rendered":"<p><strong>Inexpensive 3-seater sofa in synthetic fabric &#8211; Salamanca.<\/strong><\/p>\n<p>A small sofa that won&#8217;t break the bank! This model is also available as a 2-seater sofa here. If you are looking for two matching sofas (3-seater and 2-seater), buy them as a <a href=\"\/?p=11465\">3+2 sofa set<\/a> to save more.<\/p>\n<p><strong>Specifications:<\/strong> Pine tree and high quality chipboard frame. Seats and backrests are supported by 80 mm and 60 mm bands. Comfortable and soft seats\u2019 cushions made of 25 kg density foam. Covers of backrests, armrests and seats are removable and washable. Perforated foam on backrests and armrests. Painted wooden front legs. Stain-resistant synthetic fabric.<\/p>\n<p><strong>Colours to choose:<\/strong><\/p>\n<ul>\n<li>Grey<\/li>\n<li>Brown<\/li>\n<li>Beige<\/li>\n<\/ul>\n<p><strong>Dimensions:\u00a0<\/strong>length 186 cm, height 108 cm, depth 91 cm <strong>Additional measurements:<\/strong> depth of the seat 53 cm, height of the seat from the floor 50 cm, height of the backrest 62 cm, width of the armrest cushion 30 cm<\/p>\n","protected":false},"excerpt":{"rendered":"<ul>\n<li>Stain-resistant synthetic fabric<\/li>\n<li>Pine tree and high quality chipboard frame<\/li>\n<li>Removable and washable\u00a0covers<\/li>\n<li>Painted wooden legs<\/li>\n<\/ul>\n<p><strong>Dimensions:\u00a0<\/strong>length 186 cm, height 108 cm, depth 91 cm<\/p>\n","protected":false},"featured_media":30666,"comment_status":"open","ping_status":"closed","template":"","meta":{"_et_pb_use_builder":"","_et_pb_old_content":"","_et_gb_content_width":""},"product_brand":[],"product_cat":[35],"product_tag":[],"class_list":{"0":"post-11617","1":"product","2":"type-product","3":"status-publish","4":"has-post-thumbnail","6":"product_cat-sofas-en","7":"product_shipping_class-articulos-pesados","8":"pa_largo-sofas-200-cm-less","9":"pa_material-fabric","10":"pa_plazas-3-seater-sofas","12":"first","13":"outofstock","14":"taxable","15":"shipping-taxable","16":"product-type-variable"},"yoast_head":"<!-- This site is optimized with the Yoast SEO plugin v27.2 - https:\/\/yoast.com\/product\/yoast-seo-wordpress\/ -->\n<title>Inexpensive 3-Seater Sofa in Synthetic Fabric - Salamanca - Don Baraton: tienda de sof\u00e1s, muebles y colchones<\/title>\n<meta name=\"robots\" content=\"index, follow, max-snippet:-1, max-image-preview:large, max-video-preview:-1\" \/>\n<link rel=\"canonical\" href=\"https:\/\/donbaraton.es\/en\/p\/inexpensive-3-seater-sofa-synthetic-fabric-salamanca\/\" \/>\n<meta property=\"og:locale\" content=\"en_GB\" \/>\n<meta property=\"og:type\" content=\"article\" \/>\n<meta property=\"og:title\" content=\"Inexpensive 3-Seater Sofa in Synthetic Fabric - Salamanca - Don Baraton: tienda de sof\u00e1s, muebles y colchones\" \/>\n<meta property=\"og:description\" content=\"Stain-resistant synthetic fabric Pine tree and high quality chipboard frame Removable and washable\u00a0covers Painted wooden legs  Dimensions:\u00a0length 186 cm, height 108 cm, depth 91 cm\" \/>\n<meta property=\"og:url\" content=\"https:\/\/donbaraton.es\/en\/p\/inexpensive-3-seater-sofa-synthetic-fabric-salamanca\/\" \/>\n<meta property=\"og:site_name\" content=\"Don Baraton: tienda de sof\u00e1s, muebles y colchones\" \/>\n<meta property=\"article:publisher\" content=\"https:\/\/www.facebook.com\/donbaraton.es\" \/>\n<meta property=\"article:modified_time\" content=\"2021-10-02T00:20:17+00:00\" \/>\n<meta property=\"og:image\" content=\"https:\/\/i2.wp.com\/donbaraton.es\/wp-content\/uploads\/2020\/12\/Sofa-3-plazas-economico-tapizado-en-tela-sintetica-beige-Salamanca.jpg?fit=1000%2C750&ssl=1\" \/>\n\t<meta property=\"og:image:width\" content=\"1000\" \/>\n\t<meta property=\"og:image:height\" content=\"750\" \/>\n\t<meta property=\"og:image:type\" content=\"image\/jpeg\" \/>\n<meta name=\"twitter:card\" content=\"summary_large_image\" \/>\n<meta name=\"twitter:site\" content=\"@don_baraton\" \/>\n<meta name=\"twitter:label1\" content=\"Estimated reading time\" \/>\n\t<meta name=\"twitter:data1\" content=\"1 minute\" \/>\n<script type=\"application\/ld+json\" class=\"yoast-schema-graph\">{\"@context\":\"https:\/\/schema.org\",\"@graph\":[{\"@type\":\"WebPage\",\"@id\":\"https:\/\/donbaraton.es\/en\/p\/inexpensive-3-seater-sofa-synthetic-fabric-salamanca\/\",\"url\":\"https:\/\/donbaraton.es\/en\/p\/inexpensive-3-seater-sofa-synthetic-fabric-salamanca\/\",\"name\":\"Inexpensive 3-Seater Sofa in Synthetic Fabric - Salamanca - Don Baraton: tienda de sof\u00e1s, muebles y colchones\",\"isPartOf\":{\"@id\":\"https:\/\/donbaraton.es\/#website\"},\"primaryImageOfPage\":{\"@id\":\"https:\/\/donbaraton.es\/en\/p\/inexpensive-3-seater-sofa-synthetic-fabric-salamanca\/#primaryimage\"},\"image\":{\"@id\":\"https:\/\/donbaraton.es\/en\/p\/inexpensive-3-seater-sofa-synthetic-fabric-salamanca\/#primaryimage\"},\"thumbnailUrl\":\"https:\/\/donbaraton.es\/wp-content\/uploads\/2020\/12\/Sofa-3-plazas-economico-tapizado-en-tela-sintetica-beige-Salamanca.jpg\",\"datePublished\":\"2018-11-06T22:33:47+00:00\",\"dateModified\":\"2021-10-02T00:20:17+00:00\",\"breadcrumb\":{\"@id\":\"https:\/\/donbaraton.es\/en\/p\/inexpensive-3-seater-sofa-synthetic-fabric-salamanca\/#breadcrumb\"},\"inLanguage\":\"en-GB\",\"potentialAction\":[{\"@type\":\"ReadAction\",\"target\":[\"https:\/\/donbaraton.es\/en\/p\/inexpensive-3-seater-sofa-synthetic-fabric-salamanca\/\"]}]},{\"@type\":\"ImageObject\",\"inLanguage\":\"en-GB\",\"@id\":\"https:\/\/donbaraton.es\/en\/p\/inexpensive-3-seater-sofa-synthetic-fabric-salamanca\/#primaryimage\",\"url\":\"https:\/\/donbaraton.es\/wp-content\/uploads\/2020\/12\/Sofa-3-plazas-economico-tapizado-en-tela-sintetica-beige-Salamanca.jpg\",\"contentUrl\":\"https:\/\/donbaraton.es\/wp-content\/uploads\/2020\/12\/Sofa-3-plazas-economico-tapizado-en-tela-sintetica-beige-Salamanca.jpg\",\"width\":1000,\"height\":750,\"caption\":\"Inexpensive 3-seater sofa in synthetic fabric - Salamanca. Biege\"},{\"@type\":\"BreadcrumbList\",\"@id\":\"https:\/\/donbaraton.es\/en\/p\/inexpensive-3-seater-sofa-synthetic-fabric-salamanca\/#breadcrumb\",\"itemListElement\":[{\"@type\":\"ListItem\",\"position\":1,\"name\":\"Portada\",\"item\":\"https:\/\/donbaraton.es\/en\/\"},{\"@type\":\"ListItem\",\"position\":2,\"name\":\"Online Shop\",\"item\":\"https:\/\/donbaraton.es\/en\/shop\/\"},{\"@type\":\"ListItem\",\"position\":3,\"name\":\"Inexpensive 3-Seater Sofa in Synthetic Fabric &#8211; Salamanca\"}]},{\"@type\":\"WebSite\",\"@id\":\"https:\/\/donbaraton.es\/#website\",\"url\":\"https:\/\/donbaraton.es\/\",\"name\":\"Don Baraton: tienda de sof\u00e1s, muebles y colchones\",\"description\":\"Sofas baratos desde el almac\u00e9n en Almorad\u00ed, Alicante\",\"publisher\":{\"@id\":\"https:\/\/donbaraton.es\/#organization\"},\"potentialAction\":[{\"@type\":\"SearchAction\",\"target\":{\"@type\":\"EntryPoint\",\"urlTemplate\":\"https:\/\/donbaraton.es\/?s={search_term_string}\"},\"query-input\":{\"@type\":\"PropertyValueSpecification\",\"valueRequired\":true,\"valueName\":\"search_term_string\"}}],\"inLanguage\":\"en-GB\"},{\"@type\":\"Organization\",\"@id\":\"https:\/\/donbaraton.es\/#organization\",\"name\":\"Don Baraton\",\"url\":\"https:\/\/donbaraton.es\/\",\"logo\":{\"@type\":\"ImageObject\",\"inLanguage\":\"en-GB\",\"@id\":\"https:\/\/donbaraton.es\/#\/schema\/logo\/image\/\",\"url\":\"https:\/\/i0.wp.com\/donbaraton.es\/wp-content\/uploads\/2016\/11\/logo_don_baraton.png?fit=228%2C110&ssl=1\",\"contentUrl\":\"https:\/\/i0.wp.com\/donbaraton.es\/wp-content\/uploads\/2016\/11\/logo_don_baraton.png?fit=228%2C110&ssl=1\",\"width\":228,\"height\":110,\"caption\":\"Don Baraton\"},\"image\":{\"@id\":\"https:\/\/donbaraton.es\/#\/schema\/logo\/image\/\"},\"sameAs\":[\"https:\/\/www.facebook.com\/donbaraton.es\",\"https:\/\/x.com\/don_baraton\",\"https:\/\/www.instagram.com\/donbaraton.es\",\"https:\/\/www.linkedin.com\/company\/donbaraton\/\",\"https:\/\/es.pinterest.com\/donbaraton\/\",\"https:\/\/www.youtube.com\/channel\/UCL02HOwx-F759Jq5MedAZfQ\"]}]}<\/script>\n<!-- \/ Yoast SEO plugin. -->","yoast_head_json":{"title":"Inexpensive 3-Seater Sofa in Synthetic Fabric - Salamanca - Don Baraton: tienda de sof\u00e1s, muebles y colchones","robots":{"index":"index","follow":"follow","max-snippet":"max-snippet:-1","max-image-preview":"max-image-preview:large","max-video-preview":"max-video-preview:-1"},"canonical":"https:\/\/donbaraton.es\/en\/p\/inexpensive-3-seater-sofa-synthetic-fabric-salamanca\/","og_locale":"en_GB","og_type":"article","og_title":"Inexpensive 3-Seater Sofa in Synthetic Fabric - Salamanca - Don Baraton: tienda de sof\u00e1s, muebles y colchones","og_description":"Stain-resistant synthetic fabric Pine tree and high quality chipboard frame Removable and washable\u00a0covers Painted wooden legs  Dimensions:\u00a0length 186 cm, height 108 cm, depth 91 cm","og_url":"https:\/\/donbaraton.es\/en\/p\/inexpensive-3-seater-sofa-synthetic-fabric-salamanca\/","og_site_name":"Don Baraton: tienda de sof\u00e1s, muebles y colchones","article_publisher":"https:\/\/www.facebook.com\/donbaraton.es","article_modified_time":"2021-10-02T00:20:17+00:00","og_image":[{"width":1000,"height":750,"url":"https:\/\/i2.wp.com\/donbaraton.es\/wp-content\/uploads\/2020\/12\/Sofa-3-plazas-economico-tapizado-en-tela-sintetica-beige-Salamanca.jpg?fit=1000%2C750&ssl=1","type":"image\/jpeg"}],"twitter_card":"summary_large_image","twitter_site":"@don_baraton","twitter_misc":{"Estimated reading time":"1 minute"},"schema":{"@context":"https:\/\/schema.org","@graph":[{"@type":"WebPage","@id":"https:\/\/donbaraton.es\/en\/p\/inexpensive-3-seater-sofa-synthetic-fabric-salamanca\/","url":"https:\/\/donbaraton.es\/en\/p\/inexpensive-3-seater-sofa-synthetic-fabric-salamanca\/","name":"Inexpensive 3-Seater Sofa in Synthetic Fabric - Salamanca - Don Baraton: tienda de sof\u00e1s, muebles y colchones","isPartOf":{"@id":"https:\/\/donbaraton.es\/#website"},"primaryImageOfPage":{"@id":"https:\/\/donbaraton.es\/en\/p\/inexpensive-3-seater-sofa-synthetic-fabric-salamanca\/#primaryimage"},"image":{"@id":"https:\/\/donbaraton.es\/en\/p\/inexpensive-3-seater-sofa-synthetic-fabric-salamanca\/#primaryimage"},"thumbnailUrl":"https:\/\/donbaraton.es\/wp-content\/uploads\/2020\/12\/Sofa-3-plazas-economico-tapizado-en-tela-sintetica-beige-Salamanca.jpg","datePublished":"2018-11-06T22:33:47+00:00","dateModified":"2021-10-02T00:20:17+00:00","breadcrumb":{"@id":"https:\/\/donbaraton.es\/en\/p\/inexpensive-3-seater-sofa-synthetic-fabric-salamanca\/#breadcrumb"},"inLanguage":"en-GB","potentialAction":[{"@type":"ReadAction","target":["https:\/\/donbaraton.es\/en\/p\/inexpensive-3-seater-sofa-synthetic-fabric-salamanca\/"]}]},{"@type":"ImageObject","inLanguage":"en-GB","@id":"https:\/\/donbaraton.es\/en\/p\/inexpensive-3-seater-sofa-synthetic-fabric-salamanca\/#primaryimage","url":"https:\/\/donbaraton.es\/wp-content\/uploads\/2020\/12\/Sofa-3-plazas-economico-tapizado-en-tela-sintetica-beige-Salamanca.jpg","contentUrl":"https:\/\/donbaraton.es\/wp-content\/uploads\/2020\/12\/Sofa-3-plazas-economico-tapizado-en-tela-sintetica-beige-Salamanca.jpg","width":1000,"height":750,"caption":"Inexpensive 3-seater sofa in synthetic fabric - Salamanca. Biege"},{"@type":"BreadcrumbList","@id":"https:\/\/donbaraton.es\/en\/p\/inexpensive-3-seater-sofa-synthetic-fabric-salamanca\/#breadcrumb","itemListElement":[{"@type":"ListItem","position":1,"name":"Portada","item":"https:\/\/donbaraton.es\/en\/"},{"@type":"ListItem","position":2,"name":"Online Shop","item":"https:\/\/donbaraton.es\/en\/shop\/"},{"@type":"ListItem","position":3,"name":"Inexpensive 3-Seater Sofa in Synthetic Fabric &#8211; Salamanca"}]},{"@type":"WebSite","@id":"https:\/\/donbaraton.es\/#website","url":"https:\/\/donbaraton.es\/","name":"Don Baraton: tienda de sof\u00e1s, muebles y colchones","description":"Sofas baratos desde el almac\u00e9n en Almorad\u00ed, Alicante","publisher":{"@id":"https:\/\/donbaraton.es\/#organization"},"potentialAction":[{"@type":"SearchAction","target":{"@type":"EntryPoint","urlTemplate":"https:\/\/donbaraton.es\/?s={search_term_string}"},"query-input":{"@type":"PropertyValueSpecification","valueRequired":true,"valueName":"search_term_string"}}],"inLanguage":"en-GB"},{"@type":"Organization","@id":"https:\/\/donbaraton.es\/#organization","name":"Don Baraton","url":"https:\/\/donbaraton.es\/","logo":{"@type":"ImageObject","inLanguage":"en-GB","@id":"https:\/\/donbaraton.es\/#\/schema\/logo\/image\/","url":"https:\/\/i0.wp.com\/donbaraton.es\/wp-content\/uploads\/2016\/11\/logo_don_baraton.png?fit=228%2C110&ssl=1","contentUrl":"https:\/\/i0.wp.com\/donbaraton.es\/wp-content\/uploads\/2016\/11\/logo_don_baraton.png?fit=228%2C110&ssl=1","width":228,"height":110,"caption":"Don Baraton"},"image":{"@id":"https:\/\/donbaraton.es\/#\/schema\/logo\/image\/"},"sameAs":["https:\/\/www.facebook.com\/donbaraton.es","https:\/\/x.com\/don_baraton","https:\/\/www.instagram.com\/donbaraton.es","https:\/\/www.linkedin.com\/company\/donbaraton\/","https:\/\/es.pinterest.com\/donbaraton\/","https:\/\/www.youtube.com\/channel\/UCL02HOwx-F759Jq5MedAZfQ"]}]}},"_links":{"self":[{"href":"https:\/\/donbaraton.es\/en\/wp-json\/wp\/v2\/product\/11617","targetHints":{"allow":["GET"]}}],"collection":[{"href":"https:\/\/donbaraton.es\/en\/wp-json\/wp\/v2\/product"}],"about":[{"href":"https:\/\/donbaraton.es\/en\/wp-json\/wp\/v2\/types\/product"}],"replies":[{"embeddable":true,"href":"https:\/\/donbaraton.es\/en\/wp-json\/wp\/v2\/comments?post=11617"}],"wp:featuredmedia":[{"embeddable":true,"href":"https:\/\/donbaraton.es\/en\/wp-json\/wp\/v2\/media\/30666"}],"wp:attachment":[{"href":"https:\/\/donbaraton.es\/en\/wp-json\/wp\/v2\/media?parent=11617"}],"wp:term":[{"taxonomy":"product_brand","embeddable":true,"href":"https:\/\/donbaraton.es\/en\/wp-json\/wp\/v2\/product_brand?post=11617"},{"taxonomy":"product_cat","embeddable":true,"href":"https:\/\/donbaraton.es\/en\/wp-json\/wp\/v2\/product_cat?post=11617"},{"taxonomy":"product_tag","embeddable":true,"href":"https:\/\/donbaraton.es\/en\/wp-json\/wp\/v2\/product_tag?post=11617"}],"curies":[{"name":"wp","href":"https:\/\/api.w.org\/{rel}","templated":true}]}}