{"id":11659,"date":"2018-12-15T03:15:11","date_gmt":"2018-11-07T16:55:11","guid":{"rendered":"https:\/\/donbaraton.es\/producto\/uncategorized\/3-seat-sofa-microfibre-fabric-bilbao\/"},"modified":"2026-02-09T09:34:11","modified_gmt":"2026-02-09T08:34:11","slug":"3-seat-sofa-microfibre-fabric-bilbao","status":"publish","type":"product","link":"https:\/\/donbaraton.es\/en\/p\/3-seat-sofa-microfibre-fabric-bilbao\/","title":{"rendered":"3 Seat Sofa in Microfibre Fabric \u2013 Bilbao"},"content":{"rendered":"<p><strong>Three-seat sofa upholstered in microfibre fabric \u2013 Bilbao.<\/strong><\/p>\n<p>A beautiful modernly designed 3-seater sofa. A bit less than 2 meters of length this sofa will perfectly fit into any small living room or into a larger living room as part of the set (view our <a href=\"\/?p=11488\">2-seater and 3 seater sofa set<\/a>). There&#8217;s a smaller version available too &#8211; <a href=\"https:\/\/donbaraton.es\/en\/p\/2-seat-sofa-microfibre-fabric-bilbao\/\">2 seater sofa Bilbao<\/a>.<\/p>\n<p><strong>Specifications.<\/strong>\u00a0Fixed seats and backrests. Wooden frame strengthened by two layers of acrylic lacquer for better durability. Comfortable seats made of high-resiliency foam covered with fibres. Painted wooden legs. Available in two colors \u2013 grey (\u201ccemento) and brown (\u201cpiedra\u201d).<\/p>\n<p><strong>Dimensions:\u00a0<\/strong>length 190 cm, height 102 cm, depth 92 cm.<\/p>\n","protected":false},"excerpt":{"rendered":"<p><strong>Product discontinued by manufacturer. Please check out the new model here: <a href=\"https:\/\/donbaraton.es\/en\/p\/3-seater-sofa-sliding-seats-reclining-backrests-toledo\/\">3 Seater Sofa with Sliding Seats and Reclining Backrests \u2013 Toledo<\/a><\/strong><\/p>\n<ul>\n<li>Stain-resistant microfibre fabric with cotton<\/li>\n<li>Wooden frame<\/li>\n<li>Comfortable seats<\/li>\n<li>Painted wooden legs<\/li>\n<\/ul>\n<p><strong>Dimensions:\u00a0<\/strong>length 190 cm, height 102 cm, depth 92 cm. View also this model as <a href=\"https:\/\/donbaraton.es\/en\/p\/2-seat-sofa-microfibre-fabric-bilbao\/\">2-seater<\/a> and as part of\u00a0<a href=\"https:\/\/donbaraton.es\/en\/p\/living-room-set-3-2-stain-resistant-microfiber-fabric-bilbao\/\">3+2 sofa set.<\/a><\/p>\n","protected":false},"featured_media":11648,"comment_status":"open","ping_status":"closed","template":"","meta":{"_et_pb_use_builder":"","_et_pb_old_content":"","_et_gb_content_width":""},"product_brand":[],"product_cat":[35],"product_tag":[],"class_list":{"0":"post-11659","1":"product","2":"type-product","3":"status-publish","4":"has-post-thumbnail","6":"product_cat-sofas-en","7":"product_shipping_class-articulos-pesado-manufacturing-up-to-10-days","8":"pa_largo-sofas-200-cm-less","9":"pa_material-fabric","10":"pa_plazas-3-seater-sofas","12":"first","13":"outofstock","14":"taxable","15":"shipping-taxable","16":"product-type-variable"},"yoast_head":"<!-- This site is optimized with the Yoast SEO plugin v27.2 - https:\/\/yoast.com\/product\/yoast-seo-wordpress\/ -->\n<title>3 Seat Sofa in Microfibre Fabric \u2013 Bilbao - Don Baraton: tienda de sof\u00e1s, muebles y colchones<\/title>\n<meta name=\"robots\" content=\"index, follow, max-snippet:-1, max-image-preview:large, max-video-preview:-1\" \/>\n<link rel=\"canonical\" href=\"https:\/\/donbaraton.es\/en\/p\/3-seat-sofa-microfibre-fabric-bilbao\/\" \/>\n<meta property=\"og:locale\" content=\"en_GB\" \/>\n<meta property=\"og:type\" content=\"article\" \/>\n<meta property=\"og:title\" content=\"3 Seat Sofa in Microfibre Fabric \u2013 Bilbao - Don Baraton: tienda de sof\u00e1s, muebles y colchones\" \/>\n<meta property=\"og:description\" content=\"Product discontinued by manufacturer. Please check out the new model here: 3 Seater Sofa with Sliding Seats and Reclining Backrests \u2013 Toledo   Stain-resistant microfibre fabric with cotton  Wooden frame  Comfortable seats  Painted wooden legs  Dimensions:\u00a0length 190 cm, height 102 cm, depth 92 cm. View also this model as 2-seater and as part of\u00a03+2 sofa set.\" \/>\n<meta property=\"og:url\" content=\"https:\/\/donbaraton.es\/en\/p\/3-seat-sofa-microfibre-fabric-bilbao\/\" \/>\n<meta property=\"og:site_name\" content=\"Don Baraton: tienda de sof\u00e1s, muebles y colchones\" \/>\n<meta property=\"article:publisher\" content=\"https:\/\/www.facebook.com\/donbaraton.es\" \/>\n<meta property=\"article:modified_time\" content=\"2026-02-09T08:34:11+00:00\" \/>\n<meta property=\"og:image\" content=\"https:\/\/i2.wp.com\/donbaraton.es\/wp-content\/uploads\/2018\/11\/Sof\u00e1-tres-plazas-en-tela-microfibra-antimancha-de-color-marr\u00f3n-piedra-Bilbao.jpg?fit=900%2C900&ssl=1\" \/>\n\t<meta property=\"og:image:width\" content=\"900\" \/>\n\t<meta property=\"og:image:height\" content=\"900\" \/>\n\t<meta property=\"og:image:type\" content=\"image\/jpeg\" \/>\n<meta name=\"twitter:card\" content=\"summary_large_image\" \/>\n<meta name=\"twitter:site\" content=\"@don_baraton\" \/>\n<meta name=\"twitter:label1\" content=\"Estimated reading time\" \/>\n\t<meta name=\"twitter:data1\" content=\"1 minute\" \/>\n<script type=\"application\/ld+json\" class=\"yoast-schema-graph\">{\"@context\":\"https:\/\/schema.org\",\"@graph\":[{\"@type\":\"WebPage\",\"@id\":\"https:\/\/donbaraton.es\/en\/p\/3-seat-sofa-microfibre-fabric-bilbao\/\",\"url\":\"https:\/\/donbaraton.es\/en\/p\/3-seat-sofa-microfibre-fabric-bilbao\/\",\"name\":\"3 Seat Sofa in Microfibre Fabric \u2013 Bilbao - Don Baraton: tienda de sof\u00e1s, muebles y colchones\",\"isPartOf\":{\"@id\":\"https:\/\/donbaraton.es\/#website\"},\"primaryImageOfPage\":{\"@id\":\"https:\/\/donbaraton.es\/en\/p\/3-seat-sofa-microfibre-fabric-bilbao\/#primaryimage\"},\"image\":{\"@id\":\"https:\/\/donbaraton.es\/en\/p\/3-seat-sofa-microfibre-fabric-bilbao\/#primaryimage\"},\"thumbnailUrl\":\"https:\/\/donbaraton.es\/wp-content\/uploads\/2018\/11\/Sof\u00e1-tres-plazas-en-tela-microfibra-antimancha-de-color-marr\u00f3n-piedra-Bilbao.jpg\",\"datePublished\":\"2018-11-07T16:55:11+00:00\",\"dateModified\":\"2026-02-09T08:34:11+00:00\",\"breadcrumb\":{\"@id\":\"https:\/\/donbaraton.es\/en\/p\/3-seat-sofa-microfibre-fabric-bilbao\/#breadcrumb\"},\"inLanguage\":\"en-GB\",\"potentialAction\":[{\"@type\":\"ReadAction\",\"target\":[\"https:\/\/donbaraton.es\/en\/p\/3-seat-sofa-microfibre-fabric-bilbao\/\"]}]},{\"@type\":\"ImageObject\",\"inLanguage\":\"en-GB\",\"@id\":\"https:\/\/donbaraton.es\/en\/p\/3-seat-sofa-microfibre-fabric-bilbao\/#primaryimage\",\"url\":\"https:\/\/donbaraton.es\/wp-content\/uploads\/2018\/11\/Sof\u00e1-tres-plazas-en-tela-microfibra-antimancha-de-color-marr\u00f3n-piedra-Bilbao.jpg\",\"contentUrl\":\"https:\/\/donbaraton.es\/wp-content\/uploads\/2018\/11\/Sof\u00e1-tres-plazas-en-tela-microfibra-antimancha-de-color-marr\u00f3n-piedra-Bilbao.jpg\",\"width\":900,\"height\":900,\"caption\":\"Three-Seat Sofa in Microfibre Fabric \u2013 Bilbao. Brown (\\\"Piedra\\\") Colour\"},{\"@type\":\"BreadcrumbList\",\"@id\":\"https:\/\/donbaraton.es\/en\/p\/3-seat-sofa-microfibre-fabric-bilbao\/#breadcrumb\",\"itemListElement\":[{\"@type\":\"ListItem\",\"position\":1,\"name\":\"Portada\",\"item\":\"https:\/\/donbaraton.es\/en\/\"},{\"@type\":\"ListItem\",\"position\":2,\"name\":\"Online Shop\",\"item\":\"https:\/\/donbaraton.es\/en\/shop\/\"},{\"@type\":\"ListItem\",\"position\":3,\"name\":\"3 Seat Sofa in Microfibre Fabric \u2013 Bilbao\"}]},{\"@type\":\"WebSite\",\"@id\":\"https:\/\/donbaraton.es\/#website\",\"url\":\"https:\/\/donbaraton.es\/\",\"name\":\"Don Baraton: tienda de sof\u00e1s, muebles y colchones\",\"description\":\"Sofas baratos desde el almac\u00e9n en Almorad\u00ed, Alicante\",\"publisher\":{\"@id\":\"https:\/\/donbaraton.es\/#organization\"},\"potentialAction\":[{\"@type\":\"SearchAction\",\"target\":{\"@type\":\"EntryPoint\",\"urlTemplate\":\"https:\/\/donbaraton.es\/?s={search_term_string}\"},\"query-input\":{\"@type\":\"PropertyValueSpecification\",\"valueRequired\":true,\"valueName\":\"search_term_string\"}}],\"inLanguage\":\"en-GB\"},{\"@type\":\"Organization\",\"@id\":\"https:\/\/donbaraton.es\/#organization\",\"name\":\"Don Baraton\",\"url\":\"https:\/\/donbaraton.es\/\",\"logo\":{\"@type\":\"ImageObject\",\"inLanguage\":\"en-GB\",\"@id\":\"https:\/\/donbaraton.es\/#\/schema\/logo\/image\/\",\"url\":\"https:\/\/i0.wp.com\/donbaraton.es\/wp-content\/uploads\/2016\/11\/logo_don_baraton.png?fit=228%2C110&ssl=1\",\"contentUrl\":\"https:\/\/i0.wp.com\/donbaraton.es\/wp-content\/uploads\/2016\/11\/logo_don_baraton.png?fit=228%2C110&ssl=1\",\"width\":228,\"height\":110,\"caption\":\"Don Baraton\"},\"image\":{\"@id\":\"https:\/\/donbaraton.es\/#\/schema\/logo\/image\/\"},\"sameAs\":[\"https:\/\/www.facebook.com\/donbaraton.es\",\"https:\/\/x.com\/don_baraton\",\"https:\/\/www.instagram.com\/donbaraton.es\",\"https:\/\/www.linkedin.com\/company\/donbaraton\/\",\"https:\/\/es.pinterest.com\/donbaraton\/\",\"https:\/\/www.youtube.com\/channel\/UCL02HOwx-F759Jq5MedAZfQ\"]}]}<\/script>\n<!-- \/ Yoast SEO plugin. -->","yoast_head_json":{"title":"3 Seat Sofa in Microfibre Fabric \u2013 Bilbao - Don Baraton: tienda de sof\u00e1s, muebles y colchones","robots":{"index":"index","follow":"follow","max-snippet":"max-snippet:-1","max-image-preview":"max-image-preview:large","max-video-preview":"max-video-preview:-1"},"canonical":"https:\/\/donbaraton.es\/en\/p\/3-seat-sofa-microfibre-fabric-bilbao\/","og_locale":"en_GB","og_type":"article","og_title":"3 Seat Sofa in Microfibre Fabric \u2013 Bilbao - Don Baraton: tienda de sof\u00e1s, muebles y colchones","og_description":"Product discontinued by manufacturer. Please check out the new model here: 3 Seater Sofa with Sliding Seats and Reclining Backrests \u2013 Toledo   Stain-resistant microfibre fabric with cotton  Wooden frame  Comfortable seats  Painted wooden legs  Dimensions:\u00a0length 190 cm, height 102 cm, depth 92 cm. View also this model as 2-seater and as part of\u00a03+2 sofa set.","og_url":"https:\/\/donbaraton.es\/en\/p\/3-seat-sofa-microfibre-fabric-bilbao\/","og_site_name":"Don Baraton: tienda de sof\u00e1s, muebles y colchones","article_publisher":"https:\/\/www.facebook.com\/donbaraton.es","article_modified_time":"2026-02-09T08:34:11+00:00","og_image":[{"width":900,"height":900,"url":"https:\/\/i2.wp.com\/donbaraton.es\/wp-content\/uploads\/2018\/11\/Sof\u00e1-tres-plazas-en-tela-microfibra-antimancha-de-color-marr\u00f3n-piedra-Bilbao.jpg?fit=900%2C900&ssl=1","type":"image\/jpeg"}],"twitter_card":"summary_large_image","twitter_site":"@don_baraton","twitter_misc":{"Estimated reading time":"1 minute"},"schema":{"@context":"https:\/\/schema.org","@graph":[{"@type":"WebPage","@id":"https:\/\/donbaraton.es\/en\/p\/3-seat-sofa-microfibre-fabric-bilbao\/","url":"https:\/\/donbaraton.es\/en\/p\/3-seat-sofa-microfibre-fabric-bilbao\/","name":"3 Seat Sofa in Microfibre Fabric \u2013 Bilbao - Don Baraton: tienda de sof\u00e1s, muebles y colchones","isPartOf":{"@id":"https:\/\/donbaraton.es\/#website"},"primaryImageOfPage":{"@id":"https:\/\/donbaraton.es\/en\/p\/3-seat-sofa-microfibre-fabric-bilbao\/#primaryimage"},"image":{"@id":"https:\/\/donbaraton.es\/en\/p\/3-seat-sofa-microfibre-fabric-bilbao\/#primaryimage"},"thumbnailUrl":"https:\/\/donbaraton.es\/wp-content\/uploads\/2018\/11\/Sof\u00e1-tres-plazas-en-tela-microfibra-antimancha-de-color-marr\u00f3n-piedra-Bilbao.jpg","datePublished":"2018-11-07T16:55:11+00:00","dateModified":"2026-02-09T08:34:11+00:00","breadcrumb":{"@id":"https:\/\/donbaraton.es\/en\/p\/3-seat-sofa-microfibre-fabric-bilbao\/#breadcrumb"},"inLanguage":"en-GB","potentialAction":[{"@type":"ReadAction","target":["https:\/\/donbaraton.es\/en\/p\/3-seat-sofa-microfibre-fabric-bilbao\/"]}]},{"@type":"ImageObject","inLanguage":"en-GB","@id":"https:\/\/donbaraton.es\/en\/p\/3-seat-sofa-microfibre-fabric-bilbao\/#primaryimage","url":"https:\/\/donbaraton.es\/wp-content\/uploads\/2018\/11\/Sof\u00e1-tres-plazas-en-tela-microfibra-antimancha-de-color-marr\u00f3n-piedra-Bilbao.jpg","contentUrl":"https:\/\/donbaraton.es\/wp-content\/uploads\/2018\/11\/Sof\u00e1-tres-plazas-en-tela-microfibra-antimancha-de-color-marr\u00f3n-piedra-Bilbao.jpg","width":900,"height":900,"caption":"Three-Seat Sofa in Microfibre Fabric \u2013 Bilbao. Brown (\"Piedra\") Colour"},{"@type":"BreadcrumbList","@id":"https:\/\/donbaraton.es\/en\/p\/3-seat-sofa-microfibre-fabric-bilbao\/#breadcrumb","itemListElement":[{"@type":"ListItem","position":1,"name":"Portada","item":"https:\/\/donbaraton.es\/en\/"},{"@type":"ListItem","position":2,"name":"Online Shop","item":"https:\/\/donbaraton.es\/en\/shop\/"},{"@type":"ListItem","position":3,"name":"3 Seat Sofa in Microfibre Fabric \u2013 Bilbao"}]},{"@type":"WebSite","@id":"https:\/\/donbaraton.es\/#website","url":"https:\/\/donbaraton.es\/","name":"Don Baraton: tienda de sof\u00e1s, muebles y colchones","description":"Sofas baratos desde el almac\u00e9n en Almorad\u00ed, Alicante","publisher":{"@id":"https:\/\/donbaraton.es\/#organization"},"potentialAction":[{"@type":"SearchAction","target":{"@type":"EntryPoint","urlTemplate":"https:\/\/donbaraton.es\/?s={search_term_string}"},"query-input":{"@type":"PropertyValueSpecification","valueRequired":true,"valueName":"search_term_string"}}],"inLanguage":"en-GB"},{"@type":"Organization","@id":"https:\/\/donbaraton.es\/#organization","name":"Don Baraton","url":"https:\/\/donbaraton.es\/","logo":{"@type":"ImageObject","inLanguage":"en-GB","@id":"https:\/\/donbaraton.es\/#\/schema\/logo\/image\/","url":"https:\/\/i0.wp.com\/donbaraton.es\/wp-content\/uploads\/2016\/11\/logo_don_baraton.png?fit=228%2C110&ssl=1","contentUrl":"https:\/\/i0.wp.com\/donbaraton.es\/wp-content\/uploads\/2016\/11\/logo_don_baraton.png?fit=228%2C110&ssl=1","width":228,"height":110,"caption":"Don Baraton"},"image":{"@id":"https:\/\/donbaraton.es\/#\/schema\/logo\/image\/"},"sameAs":["https:\/\/www.facebook.com\/donbaraton.es","https:\/\/x.com\/don_baraton","https:\/\/www.instagram.com\/donbaraton.es","https:\/\/www.linkedin.com\/company\/donbaraton\/","https:\/\/es.pinterest.com\/donbaraton\/","https:\/\/www.youtube.com\/channel\/UCL02HOwx-F759Jq5MedAZfQ"]}]}},"_links":{"self":[{"href":"https:\/\/donbaraton.es\/en\/wp-json\/wp\/v2\/product\/11659","targetHints":{"allow":["GET"]}}],"collection":[{"href":"https:\/\/donbaraton.es\/en\/wp-json\/wp\/v2\/product"}],"about":[{"href":"https:\/\/donbaraton.es\/en\/wp-json\/wp\/v2\/types\/product"}],"replies":[{"embeddable":true,"href":"https:\/\/donbaraton.es\/en\/wp-json\/wp\/v2\/comments?post=11659"}],"wp:featuredmedia":[{"embeddable":true,"href":"https:\/\/donbaraton.es\/en\/wp-json\/wp\/v2\/media\/11648"}],"wp:attachment":[{"href":"https:\/\/donbaraton.es\/en\/wp-json\/wp\/v2\/media?parent=11659"}],"wp:term":[{"taxonomy":"product_brand","embeddable":true,"href":"https:\/\/donbaraton.es\/en\/wp-json\/wp\/v2\/product_brand?post=11659"},{"taxonomy":"product_cat","embeddable":true,"href":"https:\/\/donbaraton.es\/en\/wp-json\/wp\/v2\/product_cat?post=11659"},{"taxonomy":"product_tag","embeddable":true,"href":"https:\/\/donbaraton.es\/en\/wp-json\/wp\/v2\/product_tag?post=11659"}],"curies":[{"name":"wp","href":"https:\/\/api.w.org\/{rel}","templated":true}]}}