{"id":12160,"date":"2021-04-08T19:21:55","date_gmt":"2018-11-08T10:30:55","guid":{"rendered":"https:\/\/donbaraton.es\/producto\/uncategorized\/3-seater-sofa-sliding-seats-reclining-backrests-toledo\/"},"modified":"2021-04-09T19:59:26","modified_gmt":"2021-04-09T17:59:26","slug":"3-seater-sofa-sliding-seats-reclining-backrests-toledo","status":"publish","type":"product","link":"https:\/\/donbaraton.es\/en\/p\/3-seater-sofa-sliding-seats-reclining-backrests-toledo\/","title":{"rendered":"3 Seater Sofa with Sliding Seats, Reclining Backrests, 2 Poufs &#8211; Toledo"},"content":{"rendered":"<p><strong>Three seater sofa with sliding seats, reclining backrests and 2 Poufs &#8211; Toledo.<\/strong><\/p>\n<p>The depth of the seats can be adjusted to suit people of different heights. The reclining backrests offer maximum comfort and a comfortable position for every person sitting on the sofa.<\/p>\n<p>Two small poufs that can be hidden inside the sofa are included in the price.\u00a0 \u00a0<\/p>\n<p>With the length of just a little more that 2 meters this sofa is suitable for both small and large living rooms as part of a sofa set (take a look at our <a href=\"https:\/\/donbaraton.es\/en\/p\/sofa-set-3-2-sliding-seats-reclining-backrests-toledo\/\">3+2 sofa set with sliding seats and reclining backrests and four poufs<\/a>). There&#8217;s also a smaller variation of the sofa available, the <a href=\"https:\/\/donbaraton.es\/en\/p\/2-seater-sofa-sliding-seats-reclining-backrests-toledo\/\">Two-Seater Toledo Sofa with Two Poufs<\/a>.<\/p>\n<p><strong>Specifications.<\/strong> Solid wood frame reinforced by double acrylic layer. Painted wooden legs. Comfortable seats filled with high resilience foam covered by fibre. Seats supported by crossed belts for longer durability. Upholstered in washable microfibre fabric with cotton.<\/p>\n<p>Available in<strong> four colours<\/strong> &#8211; grey, dark brown, beige and light grey.<\/p>\n<p><strong>Measurements:<\/strong> length 206 cm, height 99 cm, depth 89 cm. <strong>Poufs:<\/strong> 35 x 30 cm, height 36 cm<\/p>\n<p><strong>Additional measurements:\u00a0<\/strong>depth of the sofa with the sliding seats out 123 cm. Height of the seat from the floor 45 cm. Depth of the seats 50 cm. Depth of the seats pulled-out 85 cm. Height of the backrest 73 cm.\u00a0\u00a0<\/p>\n","protected":false},"excerpt":{"rendered":"<ul>\n<li>Sliding seats and reclining backrests<\/li>\n<li>Wooden frame<\/li>\n<li>Wooden legs<\/li>\n<li>Seats filled with high resilience foam, supported by crossed belts<\/li>\n<li>Washable microfibre fabric with cotton<\/li>\n<li>2 poufs included<\/li>\n<li>3 colours to choose from<\/li>\n<\/ul>\n<p><strong>Measurements:<\/strong> length 206 cm, height 99 cm, depth 89 cm<\/p>\n","protected":false},"featured_media":31897,"comment_status":"open","ping_status":"closed","template":"","meta":{"_et_pb_use_builder":"","_et_pb_old_content":"","_et_gb_content_width":""},"product_brand":[],"product_cat":[35],"product_tag":[],"class_list":{"0":"post-12160","1":"product","2":"type-product","3":"status-publish","4":"has-post-thumbnail","6":"product_cat-sofas-en","7":"product_shipping_class-articulos-pesados","8":"pa_largo-sofas-201-250-cm-en","9":"pa_material-fabric","10":"pa_plazas-3-seater-sofas","12":"first","13":"outofstock","14":"sale","15":"taxable","16":"shipping-taxable","17":"purchasable","18":"product-type-variable"},"yoast_head":"<!-- This site is optimized with the Yoast SEO plugin v27.2 - https:\/\/yoast.com\/product\/yoast-seo-wordpress\/ -->\n<title>3 Seater Sofa with Sliding Seats, Reclining Backrests, 2 Poufs - Toledo - Don Baraton: tienda de sof\u00e1s, muebles y colchones<\/title>\n<meta name=\"robots\" content=\"index, follow, max-snippet:-1, max-image-preview:large, max-video-preview:-1\" \/>\n<link rel=\"canonical\" href=\"https:\/\/donbaraton.es\/en\/p\/3-seater-sofa-sliding-seats-reclining-backrests-toledo\/\" \/>\n<meta property=\"og:locale\" content=\"en_GB\" \/>\n<meta property=\"og:type\" content=\"article\" \/>\n<meta property=\"og:title\" content=\"3 Seater Sofa with Sliding Seats, Reclining Backrests, 2 Poufs - Toledo - Don Baraton: tienda de sof\u00e1s, muebles y colchones\" \/>\n<meta property=\"og:description\" content=\"Sliding seats and reclining backrests Wooden frame Wooden legs Seats filled with high resilience foam, supported by crossed belts Washable microfibre fabric with cotton 2 poufs included 3 colours to choose from  Measurements: length 206 cm, height 99 cm, depth 89 cm\" \/>\n<meta property=\"og:url\" content=\"https:\/\/donbaraton.es\/en\/p\/3-seater-sofa-sliding-seats-reclining-backrests-toledo\/\" \/>\n<meta property=\"og:site_name\" content=\"Don Baraton: tienda de sof\u00e1s, muebles y colchones\" \/>\n<meta property=\"article:publisher\" content=\"https:\/\/www.facebook.com\/donbaraton.es\" \/>\n<meta property=\"article:modified_time\" content=\"2021-04-09T17:59:26+00:00\" \/>\n<meta property=\"og:image\" content=\"https:\/\/i1.wp.com\/donbaraton.es\/wp-content\/uploads\/2021\/04\/Sofa-3-plazas-con-asientos-deslizantes-respaldos-reclinables-2-pufs-Toledo.-Tela-antimanchas-gris-claro.jpg?fit=1000%2C750&ssl=1\" \/>\n\t<meta property=\"og:image:width\" content=\"1000\" \/>\n\t<meta property=\"og:image:height\" content=\"750\" \/>\n\t<meta property=\"og:image:type\" content=\"image\/jpeg\" \/>\n<meta name=\"twitter:card\" content=\"summary_large_image\" \/>\n<meta name=\"twitter:site\" content=\"@don_baraton\" \/>\n<meta name=\"twitter:label1\" content=\"Estimated reading time\" \/>\n\t<meta name=\"twitter:data1\" content=\"1 minute\" \/>\n<script type=\"application\/ld+json\" class=\"yoast-schema-graph\">{\"@context\":\"https:\/\/schema.org\",\"@graph\":[{\"@type\":\"WebPage\",\"@id\":\"https:\/\/donbaraton.es\/en\/p\/3-seater-sofa-sliding-seats-reclining-backrests-toledo\/\",\"url\":\"https:\/\/donbaraton.es\/en\/p\/3-seater-sofa-sliding-seats-reclining-backrests-toledo\/\",\"name\":\"3 Seater Sofa with Sliding Seats, Reclining Backrests, 2 Poufs - Toledo - Don Baraton: tienda de sof\u00e1s, muebles y colchones\",\"isPartOf\":{\"@id\":\"https:\/\/donbaraton.es\/#website\"},\"primaryImageOfPage\":{\"@id\":\"https:\/\/donbaraton.es\/en\/p\/3-seater-sofa-sliding-seats-reclining-backrests-toledo\/#primaryimage\"},\"image\":{\"@id\":\"https:\/\/donbaraton.es\/en\/p\/3-seater-sofa-sliding-seats-reclining-backrests-toledo\/#primaryimage\"},\"thumbnailUrl\":\"https:\/\/donbaraton.es\/wp-content\/uploads\/2021\/04\/Sofa-3-plazas-con-asientos-deslizantes-respaldos-reclinables-2-pufs-Toledo.-Tela-antimanchas-gris-claro.jpg\",\"datePublished\":\"2018-11-08T10:30:55+00:00\",\"dateModified\":\"2021-04-09T17:59:26+00:00\",\"breadcrumb\":{\"@id\":\"https:\/\/donbaraton.es\/en\/p\/3-seater-sofa-sliding-seats-reclining-backrests-toledo\/#breadcrumb\"},\"inLanguage\":\"en-GB\",\"potentialAction\":[{\"@type\":\"ReadAction\",\"target\":[\"https:\/\/donbaraton.es\/en\/p\/3-seater-sofa-sliding-seats-reclining-backrests-toledo\/\"]}]},{\"@type\":\"ImageObject\",\"inLanguage\":\"en-GB\",\"@id\":\"https:\/\/donbaraton.es\/en\/p\/3-seater-sofa-sliding-seats-reclining-backrests-toledo\/#primaryimage\",\"url\":\"https:\/\/donbaraton.es\/wp-content\/uploads\/2021\/04\/Sofa-3-plazas-con-asientos-deslizantes-respaldos-reclinables-2-pufs-Toledo.-Tela-antimanchas-gris-claro.jpg\",\"contentUrl\":\"https:\/\/donbaraton.es\/wp-content\/uploads\/2021\/04\/Sofa-3-plazas-con-asientos-deslizantes-respaldos-reclinables-2-pufs-Toledo.-Tela-antimanchas-gris-claro.jpg\",\"width\":1000,\"height\":750,\"caption\":\"3 seater sofa with sliding seats, reclining backrests, 2 poufs - Toledo. Light grey fabric\"},{\"@type\":\"BreadcrumbList\",\"@id\":\"https:\/\/donbaraton.es\/en\/p\/3-seater-sofa-sliding-seats-reclining-backrests-toledo\/#breadcrumb\",\"itemListElement\":[{\"@type\":\"ListItem\",\"position\":1,\"name\":\"Portada\",\"item\":\"https:\/\/donbaraton.es\/en\/\"},{\"@type\":\"ListItem\",\"position\":2,\"name\":\"Online Shop\",\"item\":\"https:\/\/donbaraton.es\/en\/shop\/\"},{\"@type\":\"ListItem\",\"position\":3,\"name\":\"3 Seater Sofa with Sliding Seats, Reclining Backrests, 2 Poufs &#8211; Toledo\"}]},{\"@type\":\"WebSite\",\"@id\":\"https:\/\/donbaraton.es\/#website\",\"url\":\"https:\/\/donbaraton.es\/\",\"name\":\"Don Baraton: tienda de sof\u00e1s, muebles y colchones\",\"description\":\"Sofas baratos desde el almac\u00e9n en Almorad\u00ed, Alicante\",\"publisher\":{\"@id\":\"https:\/\/donbaraton.es\/#organization\"},\"potentialAction\":[{\"@type\":\"SearchAction\",\"target\":{\"@type\":\"EntryPoint\",\"urlTemplate\":\"https:\/\/donbaraton.es\/?s={search_term_string}\"},\"query-input\":{\"@type\":\"PropertyValueSpecification\",\"valueRequired\":true,\"valueName\":\"search_term_string\"}}],\"inLanguage\":\"en-GB\"},{\"@type\":\"Organization\",\"@id\":\"https:\/\/donbaraton.es\/#organization\",\"name\":\"Don Baraton\",\"url\":\"https:\/\/donbaraton.es\/\",\"logo\":{\"@type\":\"ImageObject\",\"inLanguage\":\"en-GB\",\"@id\":\"https:\/\/donbaraton.es\/#\/schema\/logo\/image\/\",\"url\":\"https:\/\/i0.wp.com\/donbaraton.es\/wp-content\/uploads\/2016\/11\/logo_don_baraton.png?fit=228%2C110&ssl=1\",\"contentUrl\":\"https:\/\/i0.wp.com\/donbaraton.es\/wp-content\/uploads\/2016\/11\/logo_don_baraton.png?fit=228%2C110&ssl=1\",\"width\":228,\"height\":110,\"caption\":\"Don Baraton\"},\"image\":{\"@id\":\"https:\/\/donbaraton.es\/#\/schema\/logo\/image\/\"},\"sameAs\":[\"https:\/\/www.facebook.com\/donbaraton.es\",\"https:\/\/x.com\/don_baraton\",\"https:\/\/www.instagram.com\/donbaraton.es\",\"https:\/\/www.linkedin.com\/company\/donbaraton\/\",\"https:\/\/es.pinterest.com\/donbaraton\/\",\"https:\/\/www.youtube.com\/channel\/UCL02HOwx-F759Jq5MedAZfQ\"]}]}<\/script>\n<!-- \/ Yoast SEO plugin. -->","yoast_head_json":{"title":"3 Seater Sofa with Sliding Seats, Reclining Backrests, 2 Poufs - Toledo - Don Baraton: tienda de sof\u00e1s, muebles y colchones","robots":{"index":"index","follow":"follow","max-snippet":"max-snippet:-1","max-image-preview":"max-image-preview:large","max-video-preview":"max-video-preview:-1"},"canonical":"https:\/\/donbaraton.es\/en\/p\/3-seater-sofa-sliding-seats-reclining-backrests-toledo\/","og_locale":"en_GB","og_type":"article","og_title":"3 Seater Sofa with Sliding Seats, Reclining Backrests, 2 Poufs - Toledo - Don Baraton: tienda de sof\u00e1s, muebles y colchones","og_description":"Sliding seats and reclining backrests Wooden frame Wooden legs Seats filled with high resilience foam, supported by crossed belts Washable microfibre fabric with cotton 2 poufs included 3 colours to choose from  Measurements: length 206 cm, height 99 cm, depth 89 cm","og_url":"https:\/\/donbaraton.es\/en\/p\/3-seater-sofa-sliding-seats-reclining-backrests-toledo\/","og_site_name":"Don Baraton: tienda de sof\u00e1s, muebles y colchones","article_publisher":"https:\/\/www.facebook.com\/donbaraton.es","article_modified_time":"2021-04-09T17:59:26+00:00","og_image":[{"width":1000,"height":750,"url":"https:\/\/i1.wp.com\/donbaraton.es\/wp-content\/uploads\/2021\/04\/Sofa-3-plazas-con-asientos-deslizantes-respaldos-reclinables-2-pufs-Toledo.-Tela-antimanchas-gris-claro.jpg?fit=1000%2C750&ssl=1","type":"image\/jpeg"}],"twitter_card":"summary_large_image","twitter_site":"@don_baraton","twitter_misc":{"Estimated reading time":"1 minute"},"schema":{"@context":"https:\/\/schema.org","@graph":[{"@type":"WebPage","@id":"https:\/\/donbaraton.es\/en\/p\/3-seater-sofa-sliding-seats-reclining-backrests-toledo\/","url":"https:\/\/donbaraton.es\/en\/p\/3-seater-sofa-sliding-seats-reclining-backrests-toledo\/","name":"3 Seater Sofa with Sliding Seats, Reclining Backrests, 2 Poufs - Toledo - Don Baraton: tienda de sof\u00e1s, muebles y colchones","isPartOf":{"@id":"https:\/\/donbaraton.es\/#website"},"primaryImageOfPage":{"@id":"https:\/\/donbaraton.es\/en\/p\/3-seater-sofa-sliding-seats-reclining-backrests-toledo\/#primaryimage"},"image":{"@id":"https:\/\/donbaraton.es\/en\/p\/3-seater-sofa-sliding-seats-reclining-backrests-toledo\/#primaryimage"},"thumbnailUrl":"https:\/\/donbaraton.es\/wp-content\/uploads\/2021\/04\/Sofa-3-plazas-con-asientos-deslizantes-respaldos-reclinables-2-pufs-Toledo.-Tela-antimanchas-gris-claro.jpg","datePublished":"2018-11-08T10:30:55+00:00","dateModified":"2021-04-09T17:59:26+00:00","breadcrumb":{"@id":"https:\/\/donbaraton.es\/en\/p\/3-seater-sofa-sliding-seats-reclining-backrests-toledo\/#breadcrumb"},"inLanguage":"en-GB","potentialAction":[{"@type":"ReadAction","target":["https:\/\/donbaraton.es\/en\/p\/3-seater-sofa-sliding-seats-reclining-backrests-toledo\/"]}]},{"@type":"ImageObject","inLanguage":"en-GB","@id":"https:\/\/donbaraton.es\/en\/p\/3-seater-sofa-sliding-seats-reclining-backrests-toledo\/#primaryimage","url":"https:\/\/donbaraton.es\/wp-content\/uploads\/2021\/04\/Sofa-3-plazas-con-asientos-deslizantes-respaldos-reclinables-2-pufs-Toledo.-Tela-antimanchas-gris-claro.jpg","contentUrl":"https:\/\/donbaraton.es\/wp-content\/uploads\/2021\/04\/Sofa-3-plazas-con-asientos-deslizantes-respaldos-reclinables-2-pufs-Toledo.-Tela-antimanchas-gris-claro.jpg","width":1000,"height":750,"caption":"3 seater sofa with sliding seats, reclining backrests, 2 poufs - Toledo. Light grey fabric"},{"@type":"BreadcrumbList","@id":"https:\/\/donbaraton.es\/en\/p\/3-seater-sofa-sliding-seats-reclining-backrests-toledo\/#breadcrumb","itemListElement":[{"@type":"ListItem","position":1,"name":"Portada","item":"https:\/\/donbaraton.es\/en\/"},{"@type":"ListItem","position":2,"name":"Online Shop","item":"https:\/\/donbaraton.es\/en\/shop\/"},{"@type":"ListItem","position":3,"name":"3 Seater Sofa with Sliding Seats, Reclining Backrests, 2 Poufs &#8211; Toledo"}]},{"@type":"WebSite","@id":"https:\/\/donbaraton.es\/#website","url":"https:\/\/donbaraton.es\/","name":"Don Baraton: tienda de sof\u00e1s, muebles y colchones","description":"Sofas baratos desde el almac\u00e9n en Almorad\u00ed, Alicante","publisher":{"@id":"https:\/\/donbaraton.es\/#organization"},"potentialAction":[{"@type":"SearchAction","target":{"@type":"EntryPoint","urlTemplate":"https:\/\/donbaraton.es\/?s={search_term_string}"},"query-input":{"@type":"PropertyValueSpecification","valueRequired":true,"valueName":"search_term_string"}}],"inLanguage":"en-GB"},{"@type":"Organization","@id":"https:\/\/donbaraton.es\/#organization","name":"Don Baraton","url":"https:\/\/donbaraton.es\/","logo":{"@type":"ImageObject","inLanguage":"en-GB","@id":"https:\/\/donbaraton.es\/#\/schema\/logo\/image\/","url":"https:\/\/i0.wp.com\/donbaraton.es\/wp-content\/uploads\/2016\/11\/logo_don_baraton.png?fit=228%2C110&ssl=1","contentUrl":"https:\/\/i0.wp.com\/donbaraton.es\/wp-content\/uploads\/2016\/11\/logo_don_baraton.png?fit=228%2C110&ssl=1","width":228,"height":110,"caption":"Don Baraton"},"image":{"@id":"https:\/\/donbaraton.es\/#\/schema\/logo\/image\/"},"sameAs":["https:\/\/www.facebook.com\/donbaraton.es","https:\/\/x.com\/don_baraton","https:\/\/www.instagram.com\/donbaraton.es","https:\/\/www.linkedin.com\/company\/donbaraton\/","https:\/\/es.pinterest.com\/donbaraton\/","https:\/\/www.youtube.com\/channel\/UCL02HOwx-F759Jq5MedAZfQ"]}]}},"_links":{"self":[{"href":"https:\/\/donbaraton.es\/en\/wp-json\/wp\/v2\/product\/12160","targetHints":{"allow":["GET"]}}],"collection":[{"href":"https:\/\/donbaraton.es\/en\/wp-json\/wp\/v2\/product"}],"about":[{"href":"https:\/\/donbaraton.es\/en\/wp-json\/wp\/v2\/types\/product"}],"replies":[{"embeddable":true,"href":"https:\/\/donbaraton.es\/en\/wp-json\/wp\/v2\/comments?post=12160"}],"wp:featuredmedia":[{"embeddable":true,"href":"https:\/\/donbaraton.es\/en\/wp-json\/wp\/v2\/media\/31897"}],"wp:attachment":[{"href":"https:\/\/donbaraton.es\/en\/wp-json\/wp\/v2\/media?parent=12160"}],"wp:term":[{"taxonomy":"product_brand","embeddable":true,"href":"https:\/\/donbaraton.es\/en\/wp-json\/wp\/v2\/product_brand?post=12160"},{"taxonomy":"product_cat","embeddable":true,"href":"https:\/\/donbaraton.es\/en\/wp-json\/wp\/v2\/product_cat?post=12160"},{"taxonomy":"product_tag","embeddable":true,"href":"https:\/\/donbaraton.es\/en\/wp-json\/wp\/v2\/product_tag?post=12160"}],"curies":[{"name":"wp","href":"https:\/\/api.w.org\/{rel}","templated":true}]}}