{"id":12219,"date":"2021-01-05T02:56:14","date_gmt":"2018-11-14T22:43:14","guid":{"rendered":"https:\/\/donbaraton.es\/producto\/uncategorized\/living-room-set-3-2-1-two-three-seater-recliner-sofas-armchair-barcelona\/"},"modified":"2021-05-14T18:05:34","modified_gmt":"2021-05-14T16:05:34","slug":"living-room-set-3-2-1-two-three-seater-recliner-sofas-armchair-barcelona","status":"publish","type":"product","link":"https:\/\/donbaraton.es\/en\/p\/living-room-set-3-2-1-two-three-seater-recliner-sofas-armchair-barcelona\/","title":{"rendered":"Living Room Set 3+2+1: Two-seater Recliner, Three-seater Recliner and Armchair &#8211; Barcelona"},"content":{"rendered":"<p><strong>Living room set: two-seater reclining sofa, three-seater reclining sofa and a reclining armchair &#8211; Barcelona.<\/strong><\/p>\n<p><strong>The Barcelona range video:<\/strong> <iframe loading=\"lazy\" src=\"https:\/\/www.youtube.com\/embed\/W1kFmrZ0Vhw\" width=\"560\" height=\"315\" frameborder=\"0\" allowfullscreen=\"allowfullscreen\"><\/iframe> A set of three modernly designed comfortable pieces of furniture for your living room in Spain that offers enough space for the whole family and guests (six people, total).<\/p>\n<p>The measurements of the three pieces allow to put each of them in a place where they fit best. A flexible option for large or medium living rooms. All seats of all pieces, except the middle seat of the three-seat sofa, have elevating footrests and reclining backrests providing the maximum comfort.<\/p>\n<p><strong>Specifications.<\/strong> Manual reclining mechanisms. Durable solid wood frames. Upholstered in stain-resistant high quality fabric. Soft comfy seats with pocketed springs. Living room set: 2-seater reclining sofa, 3-seater reclining sofa and a reclining armchair &#8211; Barcelona <strong>is available<\/strong> in three colours &#8211; <strong>beige<\/strong>, <strong>brown<\/strong> (&#8220;chocolate&#8221;) and <strong>grey<\/strong> (&#8220;marengo&#8221;).<\/p>\n<p><strong>Dimensions.<\/strong> Three-seater sofa &#8211; length 207 cm, depth 97 cm, height 101 cm. Two-seater sofa &#8211; length 152 cm, depth 97 cm, height 101 cm. Armchair &#8211; width 99 cm, depth 97 cm, height 101 cm. Other variations of this model are available. Any piece of the set can also be purchased separately:<\/p>\n<ul>\n<li>Armchair recliner<\/li>\n<li>2-seater recliner<\/li>\n<li>3-seater recliner<\/li>\n<li>3+2 living room set (3-seater recliner and 2-seater recliner)<\/li>\n<li><a href=\"\/?p=12319\">3+1+1 living room set (a 3-seater recliner and two reclining armchairs)<\/a><\/li>\n<\/ul>\n<p><strong>A great choice of fantastic reclining sofas and armchairs to suit a living room of any size and proportions!<\/strong><\/p>\n","protected":false},"excerpt":{"rendered":"<ul>\n<li>Manual reclining mechanisms<\/li>\n<li>Wooden frames<\/li>\n<li>Stain-resistant fabric<\/li>\n<li>Pocketed springs<\/li>\n<\/ul>\n<p><strong>Scroll down for full details<\/strong><\/p>\n","protected":false},"featured_media":11826,"comment_status":"open","ping_status":"closed","template":"","meta":{"_et_pb_use_builder":"","_et_pb_old_content":"","_et_gb_content_width":""},"product_brand":[],"product_cat":[167,35],"product_tag":[],"class_list":{"0":"post-12219","1":"product","2":"type-product","3":"status-publish","4":"has-post-thumbnail","6":"product_cat-sofa-sets","7":"product_cat-sofas-en","8":"product_shipping_class-articulos-pesados","9":"pa_largo-sofas-301-cm-plus","10":"pa_material-fabric","11":"pa_plazas-large-sofas","13":"first","14":"outofstock","15":"sale","16":"taxable","17":"shipping-taxable","18":"purchasable","19":"product-type-variable"},"yoast_head":"<!-- This site is optimized with the Yoast SEO plugin v27.2 - https:\/\/yoast.com\/product\/yoast-seo-wordpress\/ -->\n<title>Living Room Set 3+2+1: Two-seater Recliner, Three-seater Recliner and Armchair - Barcelona - Don Baraton: tienda de sof\u00e1s, muebles y colchones<\/title>\n<meta name=\"robots\" content=\"index, follow, max-snippet:-1, max-image-preview:large, max-video-preview:-1\" \/>\n<link rel=\"canonical\" href=\"https:\/\/donbaraton.es\/en\/p\/living-room-set-3-2-1-two-three-seater-recliner-sofas-armchair-barcelona\/\" \/>\n<meta property=\"og:locale\" content=\"en_GB\" \/>\n<meta property=\"og:type\" content=\"article\" \/>\n<meta property=\"og:title\" content=\"Living Room Set 3+2+1: Two-seater Recliner, Three-seater Recliner and Armchair - Barcelona - Don Baraton: tienda de sof\u00e1s, muebles y colchones\" \/>\n<meta property=\"og:description\" content=\"Manual reclining mechanisms Wooden frames Stain-resistant fabric Pocketed springs  Scroll down for full details\" \/>\n<meta property=\"og:url\" content=\"https:\/\/donbaraton.es\/en\/p\/living-room-set-3-2-1-two-three-seater-recliner-sofas-armchair-barcelona\/\" \/>\n<meta property=\"og:site_name\" content=\"Don Baraton: tienda de sof\u00e1s, muebles y colchones\" \/>\n<meta property=\"article:publisher\" content=\"https:\/\/www.facebook.com\/donbaraton.es\" \/>\n<meta property=\"article:modified_time\" content=\"2021-05-14T16:05:34+00:00\" \/>\n<meta property=\"og:image\" content=\"https:\/\/i2.wp.com\/donbaraton.es\/wp-content\/uploads\/2018\/11\/Conjunto-321-de-dos-sof\u00e1s-y-un-sill\u00f3n-relax.-Tela-antimancha-gris-Barcelona.jpg?fit=1000%2C747&ssl=1\" \/>\n\t<meta property=\"og:image:width\" content=\"1000\" \/>\n\t<meta property=\"og:image:height\" content=\"747\" \/>\n\t<meta property=\"og:image:type\" content=\"image\/jpeg\" \/>\n<meta name=\"twitter:card\" content=\"summary_large_image\" \/>\n<meta name=\"twitter:site\" content=\"@don_baraton\" \/>\n<meta name=\"twitter:label1\" content=\"Estimated reading time\" \/>\n\t<meta name=\"twitter:data1\" content=\"1 minute\" \/>\n<script type=\"application\/ld+json\" class=\"yoast-schema-graph\">{\"@context\":\"https:\/\/schema.org\",\"@graph\":[{\"@type\":\"WebPage\",\"@id\":\"https:\/\/donbaraton.es\/en\/p\/living-room-set-3-2-1-two-three-seater-recliner-sofas-armchair-barcelona\/\",\"url\":\"https:\/\/donbaraton.es\/en\/p\/living-room-set-3-2-1-two-three-seater-recliner-sofas-armchair-barcelona\/\",\"name\":\"Living Room Set 3+2+1: Two-seater Recliner, Three-seater Recliner and Armchair - Barcelona - Don Baraton: tienda de sof\u00e1s, muebles y colchones\",\"isPartOf\":{\"@id\":\"https:\/\/donbaraton.es\/#website\"},\"primaryImageOfPage\":{\"@id\":\"https:\/\/donbaraton.es\/en\/p\/living-room-set-3-2-1-two-three-seater-recliner-sofas-armchair-barcelona\/#primaryimage\"},\"image\":{\"@id\":\"https:\/\/donbaraton.es\/en\/p\/living-room-set-3-2-1-two-three-seater-recliner-sofas-armchair-barcelona\/#primaryimage\"},\"thumbnailUrl\":\"https:\/\/donbaraton.es\/wp-content\/uploads\/2018\/11\/Conjunto-321-de-dos-sof\u00e1s-y-un-sill\u00f3n-relax.-Tela-antimancha-gris-Barcelona.jpg\",\"datePublished\":\"2018-11-14T22:43:14+00:00\",\"dateModified\":\"2021-05-14T16:05:34+00:00\",\"breadcrumb\":{\"@id\":\"https:\/\/donbaraton.es\/en\/p\/living-room-set-3-2-1-two-three-seater-recliner-sofas-armchair-barcelona\/#breadcrumb\"},\"inLanguage\":\"en-GB\",\"potentialAction\":[{\"@type\":\"ReadAction\",\"target\":[\"https:\/\/donbaraton.es\/en\/p\/living-room-set-3-2-1-two-three-seater-recliner-sofas-armchair-barcelona\/\"]}]},{\"@type\":\"ImageObject\",\"inLanguage\":\"en-GB\",\"@id\":\"https:\/\/donbaraton.es\/en\/p\/living-room-set-3-2-1-two-three-seater-recliner-sofas-armchair-barcelona\/#primaryimage\",\"url\":\"https:\/\/donbaraton.es\/wp-content\/uploads\/2018\/11\/Conjunto-321-de-dos-sof\u00e1s-y-un-sill\u00f3n-relax.-Tela-antimancha-gris-Barcelona.jpg\",\"contentUrl\":\"https:\/\/donbaraton.es\/wp-content\/uploads\/2018\/11\/Conjunto-321-de-dos-sof\u00e1s-y-un-sill\u00f3n-relax.-Tela-antimancha-gris-Barcelona.jpg\",\"width\":1000,\"height\":747,\"caption\":\"Living room set 3+2+1: two-seater recliner, three-seater recliner and armchair - Barcelona. Grey fabric Jade\"},{\"@type\":\"BreadcrumbList\",\"@id\":\"https:\/\/donbaraton.es\/en\/p\/living-room-set-3-2-1-two-three-seater-recliner-sofas-armchair-barcelona\/#breadcrumb\",\"itemListElement\":[{\"@type\":\"ListItem\",\"position\":1,\"name\":\"Portada\",\"item\":\"https:\/\/donbaraton.es\/en\/\"},{\"@type\":\"ListItem\",\"position\":2,\"name\":\"Online Shop\",\"item\":\"https:\/\/donbaraton.es\/en\/shop\/\"},{\"@type\":\"ListItem\",\"position\":3,\"name\":\"Living Room Set 3+2+1: Two-seater Recliner, Three-seater Recliner and Armchair &#8211; Barcelona\"}]},{\"@type\":\"WebSite\",\"@id\":\"https:\/\/donbaraton.es\/#website\",\"url\":\"https:\/\/donbaraton.es\/\",\"name\":\"Don Baraton: tienda de sof\u00e1s, muebles y colchones\",\"description\":\"Sofas baratos desde el almac\u00e9n en Almorad\u00ed, Alicante\",\"publisher\":{\"@id\":\"https:\/\/donbaraton.es\/#organization\"},\"potentialAction\":[{\"@type\":\"SearchAction\",\"target\":{\"@type\":\"EntryPoint\",\"urlTemplate\":\"https:\/\/donbaraton.es\/?s={search_term_string}\"},\"query-input\":{\"@type\":\"PropertyValueSpecification\",\"valueRequired\":true,\"valueName\":\"search_term_string\"}}],\"inLanguage\":\"en-GB\"},{\"@type\":\"Organization\",\"@id\":\"https:\/\/donbaraton.es\/#organization\",\"name\":\"Don Baraton\",\"url\":\"https:\/\/donbaraton.es\/\",\"logo\":{\"@type\":\"ImageObject\",\"inLanguage\":\"en-GB\",\"@id\":\"https:\/\/donbaraton.es\/#\/schema\/logo\/image\/\",\"url\":\"https:\/\/i0.wp.com\/donbaraton.es\/wp-content\/uploads\/2016\/11\/logo_don_baraton.png?fit=228%2C110&ssl=1\",\"contentUrl\":\"https:\/\/i0.wp.com\/donbaraton.es\/wp-content\/uploads\/2016\/11\/logo_don_baraton.png?fit=228%2C110&ssl=1\",\"width\":228,\"height\":110,\"caption\":\"Don Baraton\"},\"image\":{\"@id\":\"https:\/\/donbaraton.es\/#\/schema\/logo\/image\/\"},\"sameAs\":[\"https:\/\/www.facebook.com\/donbaraton.es\",\"https:\/\/x.com\/don_baraton\",\"https:\/\/www.instagram.com\/donbaraton.es\",\"https:\/\/www.linkedin.com\/company\/donbaraton\/\",\"https:\/\/es.pinterest.com\/donbaraton\/\",\"https:\/\/www.youtube.com\/channel\/UCL02HOwx-F759Jq5MedAZfQ\"]}]}<\/script>\n<!-- \/ Yoast SEO plugin. -->","yoast_head_json":{"title":"Living Room Set 3+2+1: Two-seater Recliner, Three-seater Recliner and Armchair - Barcelona - Don Baraton: tienda de sof\u00e1s, muebles y colchones","robots":{"index":"index","follow":"follow","max-snippet":"max-snippet:-1","max-image-preview":"max-image-preview:large","max-video-preview":"max-video-preview:-1"},"canonical":"https:\/\/donbaraton.es\/en\/p\/living-room-set-3-2-1-two-three-seater-recliner-sofas-armchair-barcelona\/","og_locale":"en_GB","og_type":"article","og_title":"Living Room Set 3+2+1: Two-seater Recliner, Three-seater Recliner and Armchair - Barcelona - Don Baraton: tienda de sof\u00e1s, muebles y colchones","og_description":"Manual reclining mechanisms Wooden frames Stain-resistant fabric Pocketed springs  Scroll down for full details","og_url":"https:\/\/donbaraton.es\/en\/p\/living-room-set-3-2-1-two-three-seater-recliner-sofas-armchair-barcelona\/","og_site_name":"Don Baraton: tienda de sof\u00e1s, muebles y colchones","article_publisher":"https:\/\/www.facebook.com\/donbaraton.es","article_modified_time":"2021-05-14T16:05:34+00:00","og_image":[{"width":1000,"height":747,"url":"https:\/\/i2.wp.com\/donbaraton.es\/wp-content\/uploads\/2018\/11\/Conjunto-321-de-dos-sof\u00e1s-y-un-sill\u00f3n-relax.-Tela-antimancha-gris-Barcelona.jpg?fit=1000%2C747&ssl=1","type":"image\/jpeg"}],"twitter_card":"summary_large_image","twitter_site":"@don_baraton","twitter_misc":{"Estimated reading time":"1 minute"},"schema":{"@context":"https:\/\/schema.org","@graph":[{"@type":"WebPage","@id":"https:\/\/donbaraton.es\/en\/p\/living-room-set-3-2-1-two-three-seater-recliner-sofas-armchair-barcelona\/","url":"https:\/\/donbaraton.es\/en\/p\/living-room-set-3-2-1-two-three-seater-recliner-sofas-armchair-barcelona\/","name":"Living Room Set 3+2+1: Two-seater Recliner, Three-seater Recliner and Armchair - Barcelona - Don Baraton: tienda de sof\u00e1s, muebles y colchones","isPartOf":{"@id":"https:\/\/donbaraton.es\/#website"},"primaryImageOfPage":{"@id":"https:\/\/donbaraton.es\/en\/p\/living-room-set-3-2-1-two-three-seater-recliner-sofas-armchair-barcelona\/#primaryimage"},"image":{"@id":"https:\/\/donbaraton.es\/en\/p\/living-room-set-3-2-1-two-three-seater-recliner-sofas-armchair-barcelona\/#primaryimage"},"thumbnailUrl":"https:\/\/donbaraton.es\/wp-content\/uploads\/2018\/11\/Conjunto-321-de-dos-sof\u00e1s-y-un-sill\u00f3n-relax.-Tela-antimancha-gris-Barcelona.jpg","datePublished":"2018-11-14T22:43:14+00:00","dateModified":"2021-05-14T16:05:34+00:00","breadcrumb":{"@id":"https:\/\/donbaraton.es\/en\/p\/living-room-set-3-2-1-two-three-seater-recliner-sofas-armchair-barcelona\/#breadcrumb"},"inLanguage":"en-GB","potentialAction":[{"@type":"ReadAction","target":["https:\/\/donbaraton.es\/en\/p\/living-room-set-3-2-1-two-three-seater-recliner-sofas-armchair-barcelona\/"]}]},{"@type":"ImageObject","inLanguage":"en-GB","@id":"https:\/\/donbaraton.es\/en\/p\/living-room-set-3-2-1-two-three-seater-recliner-sofas-armchair-barcelona\/#primaryimage","url":"https:\/\/donbaraton.es\/wp-content\/uploads\/2018\/11\/Conjunto-321-de-dos-sof\u00e1s-y-un-sill\u00f3n-relax.-Tela-antimancha-gris-Barcelona.jpg","contentUrl":"https:\/\/donbaraton.es\/wp-content\/uploads\/2018\/11\/Conjunto-321-de-dos-sof\u00e1s-y-un-sill\u00f3n-relax.-Tela-antimancha-gris-Barcelona.jpg","width":1000,"height":747,"caption":"Living room set 3+2+1: two-seater recliner, three-seater recliner and armchair - Barcelona. Grey fabric Jade"},{"@type":"BreadcrumbList","@id":"https:\/\/donbaraton.es\/en\/p\/living-room-set-3-2-1-two-three-seater-recliner-sofas-armchair-barcelona\/#breadcrumb","itemListElement":[{"@type":"ListItem","position":1,"name":"Portada","item":"https:\/\/donbaraton.es\/en\/"},{"@type":"ListItem","position":2,"name":"Online Shop","item":"https:\/\/donbaraton.es\/en\/shop\/"},{"@type":"ListItem","position":3,"name":"Living Room Set 3+2+1: Two-seater Recliner, Three-seater Recliner and Armchair &#8211; Barcelona"}]},{"@type":"WebSite","@id":"https:\/\/donbaraton.es\/#website","url":"https:\/\/donbaraton.es\/","name":"Don Baraton: tienda de sof\u00e1s, muebles y colchones","description":"Sofas baratos desde el almac\u00e9n en Almorad\u00ed, Alicante","publisher":{"@id":"https:\/\/donbaraton.es\/#organization"},"potentialAction":[{"@type":"SearchAction","target":{"@type":"EntryPoint","urlTemplate":"https:\/\/donbaraton.es\/?s={search_term_string}"},"query-input":{"@type":"PropertyValueSpecification","valueRequired":true,"valueName":"search_term_string"}}],"inLanguage":"en-GB"},{"@type":"Organization","@id":"https:\/\/donbaraton.es\/#organization","name":"Don Baraton","url":"https:\/\/donbaraton.es\/","logo":{"@type":"ImageObject","inLanguage":"en-GB","@id":"https:\/\/donbaraton.es\/#\/schema\/logo\/image\/","url":"https:\/\/i0.wp.com\/donbaraton.es\/wp-content\/uploads\/2016\/11\/logo_don_baraton.png?fit=228%2C110&ssl=1","contentUrl":"https:\/\/i0.wp.com\/donbaraton.es\/wp-content\/uploads\/2016\/11\/logo_don_baraton.png?fit=228%2C110&ssl=1","width":228,"height":110,"caption":"Don Baraton"},"image":{"@id":"https:\/\/donbaraton.es\/#\/schema\/logo\/image\/"},"sameAs":["https:\/\/www.facebook.com\/donbaraton.es","https:\/\/x.com\/don_baraton","https:\/\/www.instagram.com\/donbaraton.es","https:\/\/www.linkedin.com\/company\/donbaraton\/","https:\/\/es.pinterest.com\/donbaraton\/","https:\/\/www.youtube.com\/channel\/UCL02HOwx-F759Jq5MedAZfQ"]}]}},"_links":{"self":[{"href":"https:\/\/donbaraton.es\/en\/wp-json\/wp\/v2\/product\/12219","targetHints":{"allow":["GET"]}}],"collection":[{"href":"https:\/\/donbaraton.es\/en\/wp-json\/wp\/v2\/product"}],"about":[{"href":"https:\/\/donbaraton.es\/en\/wp-json\/wp\/v2\/types\/product"}],"replies":[{"embeddable":true,"href":"https:\/\/donbaraton.es\/en\/wp-json\/wp\/v2\/comments?post=12219"}],"wp:featuredmedia":[{"embeddable":true,"href":"https:\/\/donbaraton.es\/en\/wp-json\/wp\/v2\/media\/11826"}],"wp:attachment":[{"href":"https:\/\/donbaraton.es\/en\/wp-json\/wp\/v2\/media?parent=12219"}],"wp:term":[{"taxonomy":"product_brand","embeddable":true,"href":"https:\/\/donbaraton.es\/en\/wp-json\/wp\/v2\/product_brand?post=12219"},{"taxonomy":"product_cat","embeddable":true,"href":"https:\/\/donbaraton.es\/en\/wp-json\/wp\/v2\/product_cat?post=12219"},{"taxonomy":"product_tag","embeddable":true,"href":"https:\/\/donbaraton.es\/en\/wp-json\/wp\/v2\/product_tag?post=12219"}],"curies":[{"name":"wp","href":"https:\/\/api.w.org\/{rel}","templated":true}]}}