{"id":12243,"date":"2021-11-27T06:00:54","date_gmt":"2018-11-22T01:39:54","guid":{"rendered":"https:\/\/donbaraton.es\/producto\/uncategorized\/scandinavian-design-sofa-bed-storage-halmstad\/"},"modified":"2022-07-22T21:21:46","modified_gmt":"2022-07-22T19:21:46","slug":"scandinavian-design-sofa-bed-storage-halmstad","status":"publish","type":"product","link":"https:\/\/donbaraton.es\/en\/p\/scandinavian-design-sofa-bed-storage-halmstad\/","title":{"rendered":"Scandinavian Design Sofa Bed with Storage &#8211; Halmstad"},"content":{"rendered":"<p><strong>Sofa Bed with Storage &#8211; Halmstad<\/strong><\/p>\n<p>With its Scandinavian design, microfiber fabric upholstery, storage and bed the Halmsted sofa is a practical and elegant option for any modern living room. Spacious and very comfy bed provides enough space for two people. The bed opening mechanism with springs is easy to use and\u00a0works\u00a0 without much effort. The sofa is upholstered in stain-resistant microfiber fabric which is durable, easy to clean and very soft to touch.<\/p>\n<p><strong>Specifications.<\/strong> Solid wood and chipboard base. Thick upholstery fabric of 435 g\/m2. Storage under the seat. Seats with <em>bonell<\/em> springs. Wooden legs. Removable and washable covers of the cushions. Decorative buttons on the sets and backrest. Narrow armrests. Two cylinder-shaped side cushions.<\/p>\n<p><strong>Dimensions:<\/strong>\u00a0length 216 cm, height 74 cm, depth 100 cm. <strong>Bed dimensions:<\/strong>\u00a0190 x 155 cm Also check out a little bit smaller nordic design sofa here.<\/p>\n","protected":false},"excerpt":{"rendered":"<ul>\n<li>Scandinavian design<\/li>\n<li>Bed size: 155 x 190 cm<\/li>\n<li>Microfiber fabric upholstery<\/li>\n<li>\u00a02 side cushions and 2 backrest cushions<\/li>\n<li>Narrow armrests<\/li>\n<li>Wooden legs<\/li>\n<\/ul>\n<p><strong>Dimensions:<\/strong>\u00a0length 216 cm, height 74 cm, depth 100 cm<\/p>\n","protected":false},"featured_media":29349,"comment_status":"open","ping_status":"closed","template":"","meta":{"_et_pb_use_builder":"","_et_pb_old_content":"","_et_gb_content_width":""},"product_brand":[],"product_cat":[41,35],"product_tag":[],"class_list":{"0":"post-12243","1":"product","2":"type-product","3":"status-publish","4":"has-post-thumbnail","6":"product_cat-sofa-beds","7":"product_cat-sofas-en","8":"product_shipping_class-articulos-pesados","9":"pa_largo-sofas-201-250-cm-en","10":"pa_material-fabric","11":"pa_plazas-3-seater-sofas","13":"first","14":"instock","15":"sale","16":"taxable","17":"shipping-taxable","18":"purchasable","19":"product-type-variable"},"yoast_head":"<!-- This site is optimized with the Yoast SEO plugin v27.2 - https:\/\/yoast.com\/product\/yoast-seo-wordpress\/ -->\n<title>Scandinavian Design Sofa Bed with Storage - Halmstad - Don Baraton: tienda de sof\u00e1s, muebles y colchones<\/title>\n<meta name=\"robots\" content=\"index, follow, max-snippet:-1, max-image-preview:large, max-video-preview:-1\" \/>\n<link rel=\"canonical\" href=\"https:\/\/donbaraton.es\/en\/p\/scandinavian-design-sofa-bed-storage-halmstad\/\" \/>\n<meta property=\"og:locale\" content=\"en_GB\" \/>\n<meta property=\"og:type\" content=\"article\" \/>\n<meta property=\"og:title\" content=\"Scandinavian Design Sofa Bed with Storage - Halmstad - Don Baraton: tienda de sof\u00e1s, muebles y colchones\" \/>\n<meta property=\"og:description\" content=\"Scandinavian design Bed size: 155 x 190 cm Microfiber fabric upholstery \u00a02 side cushions and 2 backrest cushions Narrow armrests Wooden legs  Dimensions:\u00a0length 216 cm, height 74 cm, depth 100 cm\" \/>\n<meta property=\"og:url\" content=\"https:\/\/donbaraton.es\/en\/p\/scandinavian-design-sofa-bed-storage-halmstad\/\" \/>\n<meta property=\"og:site_name\" content=\"Don Baraton: tienda de sof\u00e1s, muebles y colchones\" \/>\n<meta property=\"article:publisher\" content=\"https:\/\/www.facebook.com\/donbaraton.es\" \/>\n<meta property=\"article:modified_time\" content=\"2022-07-22T19:21:46+00:00\" \/>\n<meta property=\"og:image\" content=\"https:\/\/i0.wp.com\/donbaraton.es\/wp-content\/uploads\/2019\/09\/Sofa-cama-escandinavo-3-plazas.-Tela-microfibra-gris-oscuro-Halmstad.jpg?fit=1000%2C750&ssl=1\" \/>\n\t<meta property=\"og:image:width\" content=\"1000\" \/>\n\t<meta property=\"og:image:height\" content=\"750\" \/>\n\t<meta property=\"og:image:type\" content=\"image\/jpeg\" \/>\n<meta name=\"twitter:card\" content=\"summary_large_image\" \/>\n<meta name=\"twitter:site\" content=\"@don_baraton\" \/>\n<meta name=\"twitter:label1\" content=\"Estimated reading time\" \/>\n\t<meta name=\"twitter:data1\" content=\"1 minute\" \/>\n<script type=\"application\/ld+json\" class=\"yoast-schema-graph\">{\"@context\":\"https:\/\/schema.org\",\"@graph\":[{\"@type\":\"WebPage\",\"@id\":\"https:\/\/donbaraton.es\/en\/p\/scandinavian-design-sofa-bed-storage-halmstad\/\",\"url\":\"https:\/\/donbaraton.es\/en\/p\/scandinavian-design-sofa-bed-storage-halmstad\/\",\"name\":\"Scandinavian Design Sofa Bed with Storage - Halmstad - Don Baraton: tienda de sof\u00e1s, muebles y colchones\",\"isPartOf\":{\"@id\":\"https:\/\/donbaraton.es\/#website\"},\"primaryImageOfPage\":{\"@id\":\"https:\/\/donbaraton.es\/en\/p\/scandinavian-design-sofa-bed-storage-halmstad\/#primaryimage\"},\"image\":{\"@id\":\"https:\/\/donbaraton.es\/en\/p\/scandinavian-design-sofa-bed-storage-halmstad\/#primaryimage\"},\"thumbnailUrl\":\"https:\/\/donbaraton.es\/wp-content\/uploads\/2019\/09\/Sofa-cama-escandinavo-3-plazas.-Tela-microfibra-marron-Halmstad.jpg\",\"datePublished\":\"2018-11-22T01:39:54+00:00\",\"dateModified\":\"2022-07-22T19:21:46+00:00\",\"breadcrumb\":{\"@id\":\"https:\/\/donbaraton.es\/en\/p\/scandinavian-design-sofa-bed-storage-halmstad\/#breadcrumb\"},\"inLanguage\":\"en-GB\",\"potentialAction\":[{\"@type\":\"ReadAction\",\"target\":[\"https:\/\/donbaraton.es\/en\/p\/scandinavian-design-sofa-bed-storage-halmstad\/\"]}]},{\"@type\":\"ImageObject\",\"inLanguage\":\"en-GB\",\"@id\":\"https:\/\/donbaraton.es\/en\/p\/scandinavian-design-sofa-bed-storage-halmstad\/#primaryimage\",\"url\":\"https:\/\/donbaraton.es\/wp-content\/uploads\/2019\/09\/Sofa-cama-escandinavo-3-plazas.-Tela-microfibra-marron-Halmstad.jpg\",\"contentUrl\":\"https:\/\/donbaraton.es\/wp-content\/uploads\/2019\/09\/Sofa-cama-escandinavo-3-plazas.-Tela-microfibra-marron-Halmstad.jpg\",\"width\":1000,\"height\":750,\"caption\":\"Scandinavian Design Sofa Bed with Storage - Halmstad. Brown Fabric\"},{\"@type\":\"BreadcrumbList\",\"@id\":\"https:\/\/donbaraton.es\/en\/p\/scandinavian-design-sofa-bed-storage-halmstad\/#breadcrumb\",\"itemListElement\":[{\"@type\":\"ListItem\",\"position\":1,\"name\":\"Portada\",\"item\":\"https:\/\/donbaraton.es\/en\/\"},{\"@type\":\"ListItem\",\"position\":2,\"name\":\"Online Shop\",\"item\":\"https:\/\/donbaraton.es\/en\/shop\/\"},{\"@type\":\"ListItem\",\"position\":3,\"name\":\"Scandinavian Design Sofa Bed with Storage &#8211; Halmstad\"}]},{\"@type\":\"WebSite\",\"@id\":\"https:\/\/donbaraton.es\/#website\",\"url\":\"https:\/\/donbaraton.es\/\",\"name\":\"Don Baraton: tienda de sof\u00e1s, muebles y colchones\",\"description\":\"Sofas baratos desde el almac\u00e9n en Almorad\u00ed, Alicante\",\"publisher\":{\"@id\":\"https:\/\/donbaraton.es\/#organization\"},\"potentialAction\":[{\"@type\":\"SearchAction\",\"target\":{\"@type\":\"EntryPoint\",\"urlTemplate\":\"https:\/\/donbaraton.es\/?s={search_term_string}\"},\"query-input\":{\"@type\":\"PropertyValueSpecification\",\"valueRequired\":true,\"valueName\":\"search_term_string\"}}],\"inLanguage\":\"en-GB\"},{\"@type\":\"Organization\",\"@id\":\"https:\/\/donbaraton.es\/#organization\",\"name\":\"Don Baraton\",\"url\":\"https:\/\/donbaraton.es\/\",\"logo\":{\"@type\":\"ImageObject\",\"inLanguage\":\"en-GB\",\"@id\":\"https:\/\/donbaraton.es\/#\/schema\/logo\/image\/\",\"url\":\"https:\/\/i0.wp.com\/donbaraton.es\/wp-content\/uploads\/2016\/11\/logo_don_baraton.png?fit=228%2C110&ssl=1\",\"contentUrl\":\"https:\/\/i0.wp.com\/donbaraton.es\/wp-content\/uploads\/2016\/11\/logo_don_baraton.png?fit=228%2C110&ssl=1\",\"width\":228,\"height\":110,\"caption\":\"Don Baraton\"},\"image\":{\"@id\":\"https:\/\/donbaraton.es\/#\/schema\/logo\/image\/\"},\"sameAs\":[\"https:\/\/www.facebook.com\/donbaraton.es\",\"https:\/\/x.com\/don_baraton\",\"https:\/\/www.instagram.com\/donbaraton.es\",\"https:\/\/www.linkedin.com\/company\/donbaraton\/\",\"https:\/\/es.pinterest.com\/donbaraton\/\",\"https:\/\/www.youtube.com\/channel\/UCL02HOwx-F759Jq5MedAZfQ\"]}]}<\/script>\n<!-- \/ Yoast SEO plugin. -->","yoast_head_json":{"title":"Scandinavian Design Sofa Bed with Storage - Halmstad - Don Baraton: tienda de sof\u00e1s, muebles y colchones","robots":{"index":"index","follow":"follow","max-snippet":"max-snippet:-1","max-image-preview":"max-image-preview:large","max-video-preview":"max-video-preview:-1"},"canonical":"https:\/\/donbaraton.es\/en\/p\/scandinavian-design-sofa-bed-storage-halmstad\/","og_locale":"en_GB","og_type":"article","og_title":"Scandinavian Design Sofa Bed with Storage - Halmstad - Don Baraton: tienda de sof\u00e1s, muebles y colchones","og_description":"Scandinavian design Bed size: 155 x 190 cm Microfiber fabric upholstery \u00a02 side cushions and 2 backrest cushions Narrow armrests Wooden legs  Dimensions:\u00a0length 216 cm, height 74 cm, depth 100 cm","og_url":"https:\/\/donbaraton.es\/en\/p\/scandinavian-design-sofa-bed-storage-halmstad\/","og_site_name":"Don Baraton: tienda de sof\u00e1s, muebles y colchones","article_publisher":"https:\/\/www.facebook.com\/donbaraton.es","article_modified_time":"2022-07-22T19:21:46+00:00","og_image":[{"width":1000,"height":750,"url":"https:\/\/i0.wp.com\/donbaraton.es\/wp-content\/uploads\/2019\/09\/Sofa-cama-escandinavo-3-plazas.-Tela-microfibra-gris-oscuro-Halmstad.jpg?fit=1000%2C750&ssl=1","type":"image\/jpeg"}],"twitter_card":"summary_large_image","twitter_site":"@don_baraton","twitter_misc":{"Estimated reading time":"1 minute"},"schema":{"@context":"https:\/\/schema.org","@graph":[{"@type":"WebPage","@id":"https:\/\/donbaraton.es\/en\/p\/scandinavian-design-sofa-bed-storage-halmstad\/","url":"https:\/\/donbaraton.es\/en\/p\/scandinavian-design-sofa-bed-storage-halmstad\/","name":"Scandinavian Design Sofa Bed with Storage - Halmstad - Don Baraton: tienda de sof\u00e1s, muebles y colchones","isPartOf":{"@id":"https:\/\/donbaraton.es\/#website"},"primaryImageOfPage":{"@id":"https:\/\/donbaraton.es\/en\/p\/scandinavian-design-sofa-bed-storage-halmstad\/#primaryimage"},"image":{"@id":"https:\/\/donbaraton.es\/en\/p\/scandinavian-design-sofa-bed-storage-halmstad\/#primaryimage"},"thumbnailUrl":"https:\/\/donbaraton.es\/wp-content\/uploads\/2019\/09\/Sofa-cama-escandinavo-3-plazas.-Tela-microfibra-marron-Halmstad.jpg","datePublished":"2018-11-22T01:39:54+00:00","dateModified":"2022-07-22T19:21:46+00:00","breadcrumb":{"@id":"https:\/\/donbaraton.es\/en\/p\/scandinavian-design-sofa-bed-storage-halmstad\/#breadcrumb"},"inLanguage":"en-GB","potentialAction":[{"@type":"ReadAction","target":["https:\/\/donbaraton.es\/en\/p\/scandinavian-design-sofa-bed-storage-halmstad\/"]}]},{"@type":"ImageObject","inLanguage":"en-GB","@id":"https:\/\/donbaraton.es\/en\/p\/scandinavian-design-sofa-bed-storage-halmstad\/#primaryimage","url":"https:\/\/donbaraton.es\/wp-content\/uploads\/2019\/09\/Sofa-cama-escandinavo-3-plazas.-Tela-microfibra-marron-Halmstad.jpg","contentUrl":"https:\/\/donbaraton.es\/wp-content\/uploads\/2019\/09\/Sofa-cama-escandinavo-3-plazas.-Tela-microfibra-marron-Halmstad.jpg","width":1000,"height":750,"caption":"Scandinavian Design Sofa Bed with Storage - Halmstad. Brown Fabric"},{"@type":"BreadcrumbList","@id":"https:\/\/donbaraton.es\/en\/p\/scandinavian-design-sofa-bed-storage-halmstad\/#breadcrumb","itemListElement":[{"@type":"ListItem","position":1,"name":"Portada","item":"https:\/\/donbaraton.es\/en\/"},{"@type":"ListItem","position":2,"name":"Online Shop","item":"https:\/\/donbaraton.es\/en\/shop\/"},{"@type":"ListItem","position":3,"name":"Scandinavian Design Sofa Bed with Storage &#8211; Halmstad"}]},{"@type":"WebSite","@id":"https:\/\/donbaraton.es\/#website","url":"https:\/\/donbaraton.es\/","name":"Don Baraton: tienda de sof\u00e1s, muebles y colchones","description":"Sofas baratos desde el almac\u00e9n en Almorad\u00ed, Alicante","publisher":{"@id":"https:\/\/donbaraton.es\/#organization"},"potentialAction":[{"@type":"SearchAction","target":{"@type":"EntryPoint","urlTemplate":"https:\/\/donbaraton.es\/?s={search_term_string}"},"query-input":{"@type":"PropertyValueSpecification","valueRequired":true,"valueName":"search_term_string"}}],"inLanguage":"en-GB"},{"@type":"Organization","@id":"https:\/\/donbaraton.es\/#organization","name":"Don Baraton","url":"https:\/\/donbaraton.es\/","logo":{"@type":"ImageObject","inLanguage":"en-GB","@id":"https:\/\/donbaraton.es\/#\/schema\/logo\/image\/","url":"https:\/\/i0.wp.com\/donbaraton.es\/wp-content\/uploads\/2016\/11\/logo_don_baraton.png?fit=228%2C110&ssl=1","contentUrl":"https:\/\/i0.wp.com\/donbaraton.es\/wp-content\/uploads\/2016\/11\/logo_don_baraton.png?fit=228%2C110&ssl=1","width":228,"height":110,"caption":"Don Baraton"},"image":{"@id":"https:\/\/donbaraton.es\/#\/schema\/logo\/image\/"},"sameAs":["https:\/\/www.facebook.com\/donbaraton.es","https:\/\/x.com\/don_baraton","https:\/\/www.instagram.com\/donbaraton.es","https:\/\/www.linkedin.com\/company\/donbaraton\/","https:\/\/es.pinterest.com\/donbaraton\/","https:\/\/www.youtube.com\/channel\/UCL02HOwx-F759Jq5MedAZfQ"]}]}},"_links":{"self":[{"href":"https:\/\/donbaraton.es\/en\/wp-json\/wp\/v2\/product\/12243","targetHints":{"allow":["GET"]}}],"collection":[{"href":"https:\/\/donbaraton.es\/en\/wp-json\/wp\/v2\/product"}],"about":[{"href":"https:\/\/donbaraton.es\/en\/wp-json\/wp\/v2\/types\/product"}],"replies":[{"embeddable":true,"href":"https:\/\/donbaraton.es\/en\/wp-json\/wp\/v2\/comments?post=12243"}],"wp:featuredmedia":[{"embeddable":true,"href":"https:\/\/donbaraton.es\/en\/wp-json\/wp\/v2\/media\/29349"}],"wp:attachment":[{"href":"https:\/\/donbaraton.es\/en\/wp-json\/wp\/v2\/media?parent=12243"}],"wp:term":[{"taxonomy":"product_brand","embeddable":true,"href":"https:\/\/donbaraton.es\/en\/wp-json\/wp\/v2\/product_brand?post=12243"},{"taxonomy":"product_cat","embeddable":true,"href":"https:\/\/donbaraton.es\/en\/wp-json\/wp\/v2\/product_cat?post=12243"},{"taxonomy":"product_tag","embeddable":true,"href":"https:\/\/donbaraton.es\/en\/wp-json\/wp\/v2\/product_tag?post=12243"}],"curies":[{"name":"wp","href":"https:\/\/api.w.org\/{rel}","templated":true}]}}