{"id":12256,"date":"2019-06-17T19:40:37","date_gmt":"2018-11-22T10:19:37","guid":{"rendered":"https:\/\/donbaraton.es\/producto\/uncategorized\/sofa-bed-fabric-synthetic-leather-tarancon\/"},"modified":"2019-08-23T13:41:08","modified_gmt":"2019-08-23T11:41:08","slug":"sofa-bed-fabric-synthetic-leather-tarancon","status":"publish","type":"product","link":"https:\/\/donbaraton.es\/en\/p\/sofa-bed-fabric-synthetic-leather-tarancon\/","title":{"rendered":"Sofa Bed Upholstered in Fabric and Synthetic Leather &#8211; Taranc\u00f3n"},"content":{"rendered":"<p>Three seater sofa bed upholstered in fabric on the seat and backrest and synthetic leather on the armrests and base. Outstanding design with inclined armrests. The seat and and the backrest are upholstered in fabric for maximum comfort. The armrests and the base, parts for the sofas that need frequent cleaning,\u00a0are upholstered in\u00a0synthetic leather for easy and fast cleaning.<\/p>\n<p><strong>Specifications.<\/strong> Storage under the seat. Seat with <em>bonell<\/em> springs. Solid wood and chipboard frame. Foam and silicon filling of the backrest. Bed opening support mechanisms.<\/p>\n<p><strong>Dimensions:<\/strong> length 237 cm, height 95 cm, depth 93 cm. <strong>Dimensions of the bed:<\/strong> 125 x 183 cm. <strong>Weight:<\/strong> 102 kg<\/p>\n","protected":false},"excerpt":{"rendered":"<ul>\n<li>Bed 125 x 183 cm<\/li>\n<li>Upholstered in fabric (seat and backrest) and faux leather (armrests and base)<\/li>\n<li>Storage under the seat<\/li>\n<li>Seat with <em>bonell<\/em> spings<\/li>\n<li>Outstanding design<\/li>\n<\/ul>\n<p><strong>Dimensions:<\/strong> length 237 cm, height 95 cm, depth 93 cm<\/p>\n","protected":false},"featured_media":12075,"comment_status":"open","ping_status":"closed","template":"","meta":{"_et_pb_use_builder":"","_et_pb_old_content":"","_et_gb_content_width":""},"product_brand":[],"product_cat":[41,35],"product_tag":[],"class_list":{"0":"post-12256","1":"product","2":"type-product","3":"status-publish","4":"has-post-thumbnail","6":"product_cat-sofa-beds","7":"product_cat-sofas-en","8":"product_shipping_class-articulos-pesados","9":"pa_largo-sofas-201-250-cm-en","10":"pa_material-fabric","11":"pa_material-faux-leather","12":"pa_plazas-3-seater-sofas","14":"first","15":"outofstock","16":"sale","17":"taxable","18":"shipping-taxable","19":"purchasable","20":"product-type-variable"},"yoast_head":"<!-- This site is optimized with the Yoast SEO plugin v27.2 - https:\/\/yoast.com\/product\/yoast-seo-wordpress\/ -->\n<title>Sofa Bed Upholstered in Fabric and Synthetic Leather - Taranc\u00f3n - Don Baraton: tienda de sof\u00e1s, muebles y colchones<\/title>\n<meta name=\"robots\" content=\"index, follow, max-snippet:-1, max-image-preview:large, max-video-preview:-1\" \/>\n<link rel=\"canonical\" href=\"https:\/\/donbaraton.es\/en\/p\/sofa-bed-fabric-synthetic-leather-tarancon\/\" \/>\n<meta property=\"og:locale\" content=\"en_GB\" \/>\n<meta property=\"og:type\" content=\"article\" \/>\n<meta property=\"og:title\" content=\"Sofa Bed Upholstered in Fabric and Synthetic Leather - Taranc\u00f3n - Don Baraton: tienda de sof\u00e1s, muebles y colchones\" \/>\n<meta property=\"og:description\" content=\"Bed 125 x 183 cm  Upholstered in fabric (seat and backrest) and faux leather (armrests and base)  Storage under the seat  Seat with bonell spings  Outstanding design  Dimensions: length 237 cm, height 95 cm, depth 93 cm\" \/>\n<meta property=\"og:url\" content=\"https:\/\/donbaraton.es\/en\/p\/sofa-bed-fabric-synthetic-leather-tarancon\/\" \/>\n<meta property=\"og:site_name\" content=\"Don Baraton: tienda de sof\u00e1s, muebles y colchones\" \/>\n<meta property=\"article:publisher\" content=\"https:\/\/www.facebook.com\/donbaraton.es\" \/>\n<meta property=\"article:modified_time\" content=\"2019-08-23T11:41:08+00:00\" \/>\n<meta property=\"og:image\" content=\"https:\/\/i0.wp.com\/donbaraton.es\/wp-content\/uploads\/2018\/11\/Sof\u00e1-cama-tapizado-en-tela-y-piel-sint\u00e9tica-Taranc\u00f3n.-Tela-caf\u00e9-marr\u00f3n-piel-sint\u00e9tica-beige.jpg?fit=1000%2C685&ssl=1\" \/>\n\t<meta property=\"og:image:width\" content=\"1000\" \/>\n\t<meta property=\"og:image:height\" content=\"685\" \/>\n\t<meta property=\"og:image:type\" content=\"image\/jpeg\" \/>\n<meta name=\"twitter:card\" content=\"summary_large_image\" \/>\n<meta name=\"twitter:site\" content=\"@don_baraton\" \/>\n<meta name=\"twitter:label1\" content=\"Estimated reading time\" \/>\n\t<meta name=\"twitter:data1\" content=\"1 minute\" \/>\n<script type=\"application\/ld+json\" class=\"yoast-schema-graph\">{\"@context\":\"https:\/\/schema.org\",\"@graph\":[{\"@type\":\"WebPage\",\"@id\":\"https:\/\/donbaraton.es\/en\/p\/sofa-bed-fabric-synthetic-leather-tarancon\/\",\"url\":\"https:\/\/donbaraton.es\/en\/p\/sofa-bed-fabric-synthetic-leather-tarancon\/\",\"name\":\"Sofa Bed Upholstered in Fabric and Synthetic Leather - Taranc\u00f3n - Don Baraton: tienda de sof\u00e1s, muebles y colchones\",\"isPartOf\":{\"@id\":\"https:\/\/donbaraton.es\/#website\"},\"primaryImageOfPage\":{\"@id\":\"https:\/\/donbaraton.es\/en\/p\/sofa-bed-fabric-synthetic-leather-tarancon\/#primaryimage\"},\"image\":{\"@id\":\"https:\/\/donbaraton.es\/en\/p\/sofa-bed-fabric-synthetic-leather-tarancon\/#primaryimage\"},\"thumbnailUrl\":\"https:\/\/donbaraton.es\/wp-content\/uploads\/2018\/11\/Sof\u00e1-cama-tapizado-en-tela-y-piel-sint\u00e9tica-Taranc\u00f3n.-Tela-caf\u00e9-marr\u00f3n-piel-sint\u00e9tica-beige.jpg\",\"datePublished\":\"2018-11-22T10:19:37+00:00\",\"dateModified\":\"2019-08-23T11:41:08+00:00\",\"breadcrumb\":{\"@id\":\"https:\/\/donbaraton.es\/en\/p\/sofa-bed-fabric-synthetic-leather-tarancon\/#breadcrumb\"},\"inLanguage\":\"en-GB\",\"potentialAction\":[{\"@type\":\"ReadAction\",\"target\":[\"https:\/\/donbaraton.es\/en\/p\/sofa-bed-fabric-synthetic-leather-tarancon\/\"]}]},{\"@type\":\"ImageObject\",\"inLanguage\":\"en-GB\",\"@id\":\"https:\/\/donbaraton.es\/en\/p\/sofa-bed-fabric-synthetic-leather-tarancon\/#primaryimage\",\"url\":\"https:\/\/donbaraton.es\/wp-content\/uploads\/2018\/11\/Sof\u00e1-cama-tapizado-en-tela-y-piel-sint\u00e9tica-Taranc\u00f3n.-Tela-caf\u00e9-marr\u00f3n-piel-sint\u00e9tica-beige.jpg\",\"contentUrl\":\"https:\/\/donbaraton.es\/wp-content\/uploads\/2018\/11\/Sof\u00e1-cama-tapizado-en-tela-y-piel-sint\u00e9tica-Taranc\u00f3n.-Tela-caf\u00e9-marr\u00f3n-piel-sint\u00e9tica-beige.jpg\",\"width\":1000,\"height\":685,\"caption\":\"Sofa Bed - Taranc\u00f3n. Brown (\\\"Coffee\\\") Fabric and Beige Synthetic Leather\"},{\"@type\":\"BreadcrumbList\",\"@id\":\"https:\/\/donbaraton.es\/en\/p\/sofa-bed-fabric-synthetic-leather-tarancon\/#breadcrumb\",\"itemListElement\":[{\"@type\":\"ListItem\",\"position\":1,\"name\":\"Portada\",\"item\":\"https:\/\/donbaraton.es\/en\/\"},{\"@type\":\"ListItem\",\"position\":2,\"name\":\"Online Shop\",\"item\":\"https:\/\/donbaraton.es\/en\/shop\/\"},{\"@type\":\"ListItem\",\"position\":3,\"name\":\"Sofa Bed Upholstered in Fabric and Synthetic Leather &#8211; Taranc\u00f3n\"}]},{\"@type\":\"WebSite\",\"@id\":\"https:\/\/donbaraton.es\/#website\",\"url\":\"https:\/\/donbaraton.es\/\",\"name\":\"Don Baraton: tienda de sof\u00e1s, muebles y colchones\",\"description\":\"Sofas baratos desde el almac\u00e9n en Almorad\u00ed, Alicante\",\"publisher\":{\"@id\":\"https:\/\/donbaraton.es\/#organization\"},\"potentialAction\":[{\"@type\":\"SearchAction\",\"target\":{\"@type\":\"EntryPoint\",\"urlTemplate\":\"https:\/\/donbaraton.es\/?s={search_term_string}\"},\"query-input\":{\"@type\":\"PropertyValueSpecification\",\"valueRequired\":true,\"valueName\":\"search_term_string\"}}],\"inLanguage\":\"en-GB\"},{\"@type\":\"Organization\",\"@id\":\"https:\/\/donbaraton.es\/#organization\",\"name\":\"Don Baraton\",\"url\":\"https:\/\/donbaraton.es\/\",\"logo\":{\"@type\":\"ImageObject\",\"inLanguage\":\"en-GB\",\"@id\":\"https:\/\/donbaraton.es\/#\/schema\/logo\/image\/\",\"url\":\"https:\/\/i0.wp.com\/donbaraton.es\/wp-content\/uploads\/2016\/11\/logo_don_baraton.png?fit=228%2C110&ssl=1\",\"contentUrl\":\"https:\/\/i0.wp.com\/donbaraton.es\/wp-content\/uploads\/2016\/11\/logo_don_baraton.png?fit=228%2C110&ssl=1\",\"width\":228,\"height\":110,\"caption\":\"Don Baraton\"},\"image\":{\"@id\":\"https:\/\/donbaraton.es\/#\/schema\/logo\/image\/\"},\"sameAs\":[\"https:\/\/www.facebook.com\/donbaraton.es\",\"https:\/\/x.com\/don_baraton\",\"https:\/\/www.instagram.com\/donbaraton.es\",\"https:\/\/www.linkedin.com\/company\/donbaraton\/\",\"https:\/\/es.pinterest.com\/donbaraton\/\",\"https:\/\/www.youtube.com\/channel\/UCL02HOwx-F759Jq5MedAZfQ\"]}]}<\/script>\n<!-- \/ Yoast SEO plugin. -->","yoast_head_json":{"title":"Sofa Bed Upholstered in Fabric and Synthetic Leather - Taranc\u00f3n - Don Baraton: tienda de sof\u00e1s, muebles y colchones","robots":{"index":"index","follow":"follow","max-snippet":"max-snippet:-1","max-image-preview":"max-image-preview:large","max-video-preview":"max-video-preview:-1"},"canonical":"https:\/\/donbaraton.es\/en\/p\/sofa-bed-fabric-synthetic-leather-tarancon\/","og_locale":"en_GB","og_type":"article","og_title":"Sofa Bed Upholstered in Fabric and Synthetic Leather - Taranc\u00f3n - Don Baraton: tienda de sof\u00e1s, muebles y colchones","og_description":"Bed 125 x 183 cm  Upholstered in fabric (seat and backrest) and faux leather (armrests and base)  Storage under the seat  Seat with bonell spings  Outstanding design  Dimensions: length 237 cm, height 95 cm, depth 93 cm","og_url":"https:\/\/donbaraton.es\/en\/p\/sofa-bed-fabric-synthetic-leather-tarancon\/","og_site_name":"Don Baraton: tienda de sof\u00e1s, muebles y colchones","article_publisher":"https:\/\/www.facebook.com\/donbaraton.es","article_modified_time":"2019-08-23T11:41:08+00:00","og_image":[{"width":1000,"height":685,"url":"https:\/\/i0.wp.com\/donbaraton.es\/wp-content\/uploads\/2018\/11\/Sof\u00e1-cama-tapizado-en-tela-y-piel-sint\u00e9tica-Taranc\u00f3n.-Tela-caf\u00e9-marr\u00f3n-piel-sint\u00e9tica-beige.jpg?fit=1000%2C685&ssl=1","type":"image\/jpeg"}],"twitter_card":"summary_large_image","twitter_site":"@don_baraton","twitter_misc":{"Estimated reading time":"1 minute"},"schema":{"@context":"https:\/\/schema.org","@graph":[{"@type":"WebPage","@id":"https:\/\/donbaraton.es\/en\/p\/sofa-bed-fabric-synthetic-leather-tarancon\/","url":"https:\/\/donbaraton.es\/en\/p\/sofa-bed-fabric-synthetic-leather-tarancon\/","name":"Sofa Bed Upholstered in Fabric and Synthetic Leather - Taranc\u00f3n - Don Baraton: tienda de sof\u00e1s, muebles y colchones","isPartOf":{"@id":"https:\/\/donbaraton.es\/#website"},"primaryImageOfPage":{"@id":"https:\/\/donbaraton.es\/en\/p\/sofa-bed-fabric-synthetic-leather-tarancon\/#primaryimage"},"image":{"@id":"https:\/\/donbaraton.es\/en\/p\/sofa-bed-fabric-synthetic-leather-tarancon\/#primaryimage"},"thumbnailUrl":"https:\/\/donbaraton.es\/wp-content\/uploads\/2018\/11\/Sof\u00e1-cama-tapizado-en-tela-y-piel-sint\u00e9tica-Taranc\u00f3n.-Tela-caf\u00e9-marr\u00f3n-piel-sint\u00e9tica-beige.jpg","datePublished":"2018-11-22T10:19:37+00:00","dateModified":"2019-08-23T11:41:08+00:00","breadcrumb":{"@id":"https:\/\/donbaraton.es\/en\/p\/sofa-bed-fabric-synthetic-leather-tarancon\/#breadcrumb"},"inLanguage":"en-GB","potentialAction":[{"@type":"ReadAction","target":["https:\/\/donbaraton.es\/en\/p\/sofa-bed-fabric-synthetic-leather-tarancon\/"]}]},{"@type":"ImageObject","inLanguage":"en-GB","@id":"https:\/\/donbaraton.es\/en\/p\/sofa-bed-fabric-synthetic-leather-tarancon\/#primaryimage","url":"https:\/\/donbaraton.es\/wp-content\/uploads\/2018\/11\/Sof\u00e1-cama-tapizado-en-tela-y-piel-sint\u00e9tica-Taranc\u00f3n.-Tela-caf\u00e9-marr\u00f3n-piel-sint\u00e9tica-beige.jpg","contentUrl":"https:\/\/donbaraton.es\/wp-content\/uploads\/2018\/11\/Sof\u00e1-cama-tapizado-en-tela-y-piel-sint\u00e9tica-Taranc\u00f3n.-Tela-caf\u00e9-marr\u00f3n-piel-sint\u00e9tica-beige.jpg","width":1000,"height":685,"caption":"Sofa Bed - Taranc\u00f3n. Brown (\"Coffee\") Fabric and Beige Synthetic Leather"},{"@type":"BreadcrumbList","@id":"https:\/\/donbaraton.es\/en\/p\/sofa-bed-fabric-synthetic-leather-tarancon\/#breadcrumb","itemListElement":[{"@type":"ListItem","position":1,"name":"Portada","item":"https:\/\/donbaraton.es\/en\/"},{"@type":"ListItem","position":2,"name":"Online Shop","item":"https:\/\/donbaraton.es\/en\/shop\/"},{"@type":"ListItem","position":3,"name":"Sofa Bed Upholstered in Fabric and Synthetic Leather &#8211; Taranc\u00f3n"}]},{"@type":"WebSite","@id":"https:\/\/donbaraton.es\/#website","url":"https:\/\/donbaraton.es\/","name":"Don Baraton: tienda de sof\u00e1s, muebles y colchones","description":"Sofas baratos desde el almac\u00e9n en Almorad\u00ed, Alicante","publisher":{"@id":"https:\/\/donbaraton.es\/#organization"},"potentialAction":[{"@type":"SearchAction","target":{"@type":"EntryPoint","urlTemplate":"https:\/\/donbaraton.es\/?s={search_term_string}"},"query-input":{"@type":"PropertyValueSpecification","valueRequired":true,"valueName":"search_term_string"}}],"inLanguage":"en-GB"},{"@type":"Organization","@id":"https:\/\/donbaraton.es\/#organization","name":"Don Baraton","url":"https:\/\/donbaraton.es\/","logo":{"@type":"ImageObject","inLanguage":"en-GB","@id":"https:\/\/donbaraton.es\/#\/schema\/logo\/image\/","url":"https:\/\/i0.wp.com\/donbaraton.es\/wp-content\/uploads\/2016\/11\/logo_don_baraton.png?fit=228%2C110&ssl=1","contentUrl":"https:\/\/i0.wp.com\/donbaraton.es\/wp-content\/uploads\/2016\/11\/logo_don_baraton.png?fit=228%2C110&ssl=1","width":228,"height":110,"caption":"Don Baraton"},"image":{"@id":"https:\/\/donbaraton.es\/#\/schema\/logo\/image\/"},"sameAs":["https:\/\/www.facebook.com\/donbaraton.es","https:\/\/x.com\/don_baraton","https:\/\/www.instagram.com\/donbaraton.es","https:\/\/www.linkedin.com\/company\/donbaraton\/","https:\/\/es.pinterest.com\/donbaraton\/","https:\/\/www.youtube.com\/channel\/UCL02HOwx-F759Jq5MedAZfQ"]}]}},"_links":{"self":[{"href":"https:\/\/donbaraton.es\/en\/wp-json\/wp\/v2\/product\/12256","targetHints":{"allow":["GET"]}}],"collection":[{"href":"https:\/\/donbaraton.es\/en\/wp-json\/wp\/v2\/product"}],"about":[{"href":"https:\/\/donbaraton.es\/en\/wp-json\/wp\/v2\/types\/product"}],"replies":[{"embeddable":true,"href":"https:\/\/donbaraton.es\/en\/wp-json\/wp\/v2\/comments?post=12256"}],"wp:featuredmedia":[{"embeddable":true,"href":"https:\/\/donbaraton.es\/en\/wp-json\/wp\/v2\/media\/12075"}],"wp:attachment":[{"href":"https:\/\/donbaraton.es\/en\/wp-json\/wp\/v2\/media?parent=12256"}],"wp:term":[{"taxonomy":"product_brand","embeddable":true,"href":"https:\/\/donbaraton.es\/en\/wp-json\/wp\/v2\/product_brand?post=12256"},{"taxonomy":"product_cat","embeddable":true,"href":"https:\/\/donbaraton.es\/en\/wp-json\/wp\/v2\/product_cat?post=12256"},{"taxonomy":"product_tag","embeddable":true,"href":"https:\/\/donbaraton.es\/en\/wp-json\/wp\/v2\/product_tag?post=12256"}],"curies":[{"name":"wp","href":"https:\/\/api.w.org\/{rel}","templated":true}]}}