{"id":12262,"date":"2018-11-22T11:21:18","date_gmt":"2018-11-22T10:21:18","guid":{"rendered":"https:\/\/donbaraton.es\/producto\/uncategorized\/armchair-bed-single-almansa\/"},"modified":"2019-10-22T12:43:35","modified_gmt":"2019-10-22T10:43:35","slug":"armchair-bed-single-almansa","status":"publish","type":"product","link":"https:\/\/donbaraton.es\/en\/p\/armchair-bed-single-almansa\/","title":{"rendered":"Armchair Bed (Single Bed) &#8211; Almansa"},"content":{"rendered":"<p>Armchair that easily convert into a single bed. Minimalist bicolor design with decorative buttons on the backrest. Available in different combinations of grey and brown colours (use the menu to choose the colour in stock).<\/p>\n<p>The Almansa chair bed is a practical and elegant option for small rooms. The chair can be easily and quickly converted into a bed for one person.<\/p>\n<p>The seat and the backrest of the armchair are filled with high resilience foam. The seat has <em>bonnell<\/em> metal springs inside for a comfy seating and the long product life without losing its shape.<\/p>\n<p><strong>Specifications.<\/strong> Storage under to seat to save more space. Wood and chipboard frame.<\/p>\n<p><strong>Dimensions:<\/strong>\u00a0width 104 cm, depth 104 cm, height 92 cm. <strong>Dimensions of the bed:<\/strong>\u00a0190 x 81 cm.\u00a0<strong>Weight:<\/strong>\u00a068 kg<\/p>\n","protected":false},"excerpt":{"rendered":"<ul>\n<li>Bed 190 x 81 cm<\/li>\n<li>Minimalist design<\/li>\n<li>Seat with <em>bonnell<\/em> springs<\/li>\n<\/ul>\n<p><strong>Dimensions:<\/strong>\u00a0width 104 cm, depth 104 cm, height 92 cm<\/p>\n","protected":false},"featured_media":11964,"comment_status":"open","ping_status":"closed","template":"","meta":{"_et_pb_use_builder":"","_et_pb_old_content":"","_et_gb_content_width":""},"product_brand":[],"product_cat":[39,41],"product_tag":[],"class_list":{"0":"post-12262","1":"product","2":"type-product","3":"status-publish","4":"has-post-thumbnail","6":"product_cat-armchairs","7":"product_cat-sofa-beds","8":"product_shipping_class-articulos-pesados","9":"pa_largo-sofas-200-cm-less","10":"pa_material-fabric","12":"first","13":"outofstock","14":"taxable","15":"shipping-taxable","16":"product-type-variable"},"yoast_head":"<!-- This site is optimized with the Yoast SEO plugin v27.2 - https:\/\/yoast.com\/product\/yoast-seo-wordpress\/ -->\n<title>Armchair Bed (Single Bed) - Almansa - Don Baraton: tienda de sof\u00e1s, muebles y colchones<\/title>\n<meta name=\"robots\" content=\"index, follow, max-snippet:-1, max-image-preview:large, max-video-preview:-1\" \/>\n<link rel=\"canonical\" href=\"https:\/\/donbaraton.es\/en\/p\/armchair-bed-single-almansa\/\" \/>\n<meta property=\"og:locale\" content=\"en_GB\" \/>\n<meta property=\"og:type\" content=\"article\" \/>\n<meta property=\"og:title\" content=\"Armchair Bed (Single Bed) - Almansa - Don Baraton: tienda de sof\u00e1s, muebles y colchones\" \/>\n<meta property=\"og:description\" content=\"Bed 190 x 81 cm  Minimalist design  Seat with bonnell springs  Dimensions:\u00a0width 104 cm, depth 104 cm, height 92 cm\" \/>\n<meta property=\"og:url\" content=\"https:\/\/donbaraton.es\/en\/p\/armchair-bed-single-almansa\/\" \/>\n<meta property=\"og:site_name\" content=\"Don Baraton: tienda de sof\u00e1s, muebles y colchones\" \/>\n<meta property=\"article:publisher\" content=\"https:\/\/www.facebook.com\/donbaraton.es\" \/>\n<meta property=\"article:modified_time\" content=\"2019-10-22T10:43:35+00:00\" \/>\n<meta property=\"og:image\" content=\"https:\/\/i2.wp.com\/donbaraton.es\/wp-content\/uploads\/2018\/11\/Sill\u00f3n-cama-individual-1-plaza-Almansa.-Asiento-gris-oscuro-brazos-gris-claro.-N8.jpg?fit=1000%2C767&ssl=1\" \/>\n\t<meta property=\"og:image:width\" content=\"1000\" \/>\n\t<meta property=\"og:image:height\" content=\"767\" \/>\n\t<meta property=\"og:image:type\" content=\"image\/jpeg\" \/>\n<meta name=\"twitter:card\" content=\"summary_large_image\" \/>\n<meta name=\"twitter:site\" content=\"@don_baraton\" \/>\n<meta name=\"twitter:label1\" content=\"Estimated reading time\" \/>\n\t<meta name=\"twitter:data1\" content=\"1 minute\" \/>\n<script type=\"application\/ld+json\" class=\"yoast-schema-graph\">{\"@context\":\"https:\/\/schema.org\",\"@graph\":[{\"@type\":\"WebPage\",\"@id\":\"https:\/\/donbaraton.es\/en\/p\/armchair-bed-single-almansa\/\",\"url\":\"https:\/\/donbaraton.es\/en\/p\/armchair-bed-single-almansa\/\",\"name\":\"Armchair Bed (Single Bed) - Almansa - Don Baraton: tienda de sof\u00e1s, muebles y colchones\",\"isPartOf\":{\"@id\":\"https:\/\/donbaraton.es\/#website\"},\"primaryImageOfPage\":{\"@id\":\"https:\/\/donbaraton.es\/en\/p\/armchair-bed-single-almansa\/#primaryimage\"},\"image\":{\"@id\":\"https:\/\/donbaraton.es\/en\/p\/armchair-bed-single-almansa\/#primaryimage\"},\"thumbnailUrl\":\"https:\/\/donbaraton.es\/wp-content\/uploads\/2018\/11\/Sill\u00f3n-cama-individual-1-plaza-Almansa.-Asiento-gris-oscuro-brazos-gris-claro.-N8.jpg\",\"datePublished\":\"2018-11-22T10:21:18+00:00\",\"dateModified\":\"2019-10-22T10:43:35+00:00\",\"breadcrumb\":{\"@id\":\"https:\/\/donbaraton.es\/en\/p\/armchair-bed-single-almansa\/#breadcrumb\"},\"inLanguage\":\"en-GB\",\"potentialAction\":[{\"@type\":\"ReadAction\",\"target\":[\"https:\/\/donbaraton.es\/en\/p\/armchair-bed-single-almansa\/\"]}]},{\"@type\":\"ImageObject\",\"inLanguage\":\"en-GB\",\"@id\":\"https:\/\/donbaraton.es\/en\/p\/armchair-bed-single-almansa\/#primaryimage\",\"url\":\"https:\/\/donbaraton.es\/wp-content\/uploads\/2018\/11\/Sill\u00f3n-cama-individual-1-plaza-Almansa.-Asiento-gris-oscuro-brazos-gris-claro.-N8.jpg\",\"contentUrl\":\"https:\/\/donbaraton.es\/wp-content\/uploads\/2018\/11\/Sill\u00f3n-cama-individual-1-plaza-Almansa.-Asiento-gris-oscuro-brazos-gris-claro.-N8.jpg\",\"width\":1000,\"height\":767,\"caption\":\"Armchair Bed (Single Bed) - Almansa. Dark Grey Seat, Light Grey Armrests. N8\"},{\"@type\":\"BreadcrumbList\",\"@id\":\"https:\/\/donbaraton.es\/en\/p\/armchair-bed-single-almansa\/#breadcrumb\",\"itemListElement\":[{\"@type\":\"ListItem\",\"position\":1,\"name\":\"Portada\",\"item\":\"https:\/\/donbaraton.es\/en\/\"},{\"@type\":\"ListItem\",\"position\":2,\"name\":\"Online Shop\",\"item\":\"https:\/\/donbaraton.es\/en\/shop\/\"},{\"@type\":\"ListItem\",\"position\":3,\"name\":\"Armchair Bed (Single Bed) &#8211; Almansa\"}]},{\"@type\":\"WebSite\",\"@id\":\"https:\/\/donbaraton.es\/#website\",\"url\":\"https:\/\/donbaraton.es\/\",\"name\":\"Don Baraton: tienda de sof\u00e1s, muebles y colchones\",\"description\":\"Sofas baratos desde el almac\u00e9n en Almorad\u00ed, Alicante\",\"publisher\":{\"@id\":\"https:\/\/donbaraton.es\/#organization\"},\"potentialAction\":[{\"@type\":\"SearchAction\",\"target\":{\"@type\":\"EntryPoint\",\"urlTemplate\":\"https:\/\/donbaraton.es\/?s={search_term_string}\"},\"query-input\":{\"@type\":\"PropertyValueSpecification\",\"valueRequired\":true,\"valueName\":\"search_term_string\"}}],\"inLanguage\":\"en-GB\"},{\"@type\":\"Organization\",\"@id\":\"https:\/\/donbaraton.es\/#organization\",\"name\":\"Don Baraton\",\"url\":\"https:\/\/donbaraton.es\/\",\"logo\":{\"@type\":\"ImageObject\",\"inLanguage\":\"en-GB\",\"@id\":\"https:\/\/donbaraton.es\/#\/schema\/logo\/image\/\",\"url\":\"https:\/\/i0.wp.com\/donbaraton.es\/wp-content\/uploads\/2016\/11\/logo_don_baraton.png?fit=228%2C110&ssl=1\",\"contentUrl\":\"https:\/\/i0.wp.com\/donbaraton.es\/wp-content\/uploads\/2016\/11\/logo_don_baraton.png?fit=228%2C110&ssl=1\",\"width\":228,\"height\":110,\"caption\":\"Don Baraton\"},\"image\":{\"@id\":\"https:\/\/donbaraton.es\/#\/schema\/logo\/image\/\"},\"sameAs\":[\"https:\/\/www.facebook.com\/donbaraton.es\",\"https:\/\/x.com\/don_baraton\",\"https:\/\/www.instagram.com\/donbaraton.es\",\"https:\/\/www.linkedin.com\/company\/donbaraton\/\",\"https:\/\/es.pinterest.com\/donbaraton\/\",\"https:\/\/www.youtube.com\/channel\/UCL02HOwx-F759Jq5MedAZfQ\"]}]}<\/script>\n<!-- \/ Yoast SEO plugin. -->","yoast_head_json":{"title":"Armchair Bed (Single Bed) - Almansa - Don Baraton: tienda de sof\u00e1s, muebles y colchones","robots":{"index":"index","follow":"follow","max-snippet":"max-snippet:-1","max-image-preview":"max-image-preview:large","max-video-preview":"max-video-preview:-1"},"canonical":"https:\/\/donbaraton.es\/en\/p\/armchair-bed-single-almansa\/","og_locale":"en_GB","og_type":"article","og_title":"Armchair Bed (Single Bed) - Almansa - Don Baraton: tienda de sof\u00e1s, muebles y colchones","og_description":"Bed 190 x 81 cm  Minimalist design  Seat with bonnell springs  Dimensions:\u00a0width 104 cm, depth 104 cm, height 92 cm","og_url":"https:\/\/donbaraton.es\/en\/p\/armchair-bed-single-almansa\/","og_site_name":"Don Baraton: tienda de sof\u00e1s, muebles y colchones","article_publisher":"https:\/\/www.facebook.com\/donbaraton.es","article_modified_time":"2019-10-22T10:43:35+00:00","og_image":[{"width":1000,"height":767,"url":"https:\/\/i2.wp.com\/donbaraton.es\/wp-content\/uploads\/2018\/11\/Sill\u00f3n-cama-individual-1-plaza-Almansa.-Asiento-gris-oscuro-brazos-gris-claro.-N8.jpg?fit=1000%2C767&ssl=1","type":"image\/jpeg"}],"twitter_card":"summary_large_image","twitter_site":"@don_baraton","twitter_misc":{"Estimated reading time":"1 minute"},"schema":{"@context":"https:\/\/schema.org","@graph":[{"@type":"WebPage","@id":"https:\/\/donbaraton.es\/en\/p\/armchair-bed-single-almansa\/","url":"https:\/\/donbaraton.es\/en\/p\/armchair-bed-single-almansa\/","name":"Armchair Bed (Single Bed) - Almansa - Don Baraton: tienda de sof\u00e1s, muebles y colchones","isPartOf":{"@id":"https:\/\/donbaraton.es\/#website"},"primaryImageOfPage":{"@id":"https:\/\/donbaraton.es\/en\/p\/armchair-bed-single-almansa\/#primaryimage"},"image":{"@id":"https:\/\/donbaraton.es\/en\/p\/armchair-bed-single-almansa\/#primaryimage"},"thumbnailUrl":"https:\/\/donbaraton.es\/wp-content\/uploads\/2018\/11\/Sill\u00f3n-cama-individual-1-plaza-Almansa.-Asiento-gris-oscuro-brazos-gris-claro.-N8.jpg","datePublished":"2018-11-22T10:21:18+00:00","dateModified":"2019-10-22T10:43:35+00:00","breadcrumb":{"@id":"https:\/\/donbaraton.es\/en\/p\/armchair-bed-single-almansa\/#breadcrumb"},"inLanguage":"en-GB","potentialAction":[{"@type":"ReadAction","target":["https:\/\/donbaraton.es\/en\/p\/armchair-bed-single-almansa\/"]}]},{"@type":"ImageObject","inLanguage":"en-GB","@id":"https:\/\/donbaraton.es\/en\/p\/armchair-bed-single-almansa\/#primaryimage","url":"https:\/\/donbaraton.es\/wp-content\/uploads\/2018\/11\/Sill\u00f3n-cama-individual-1-plaza-Almansa.-Asiento-gris-oscuro-brazos-gris-claro.-N8.jpg","contentUrl":"https:\/\/donbaraton.es\/wp-content\/uploads\/2018\/11\/Sill\u00f3n-cama-individual-1-plaza-Almansa.-Asiento-gris-oscuro-brazos-gris-claro.-N8.jpg","width":1000,"height":767,"caption":"Armchair Bed (Single Bed) - Almansa. Dark Grey Seat, Light Grey Armrests. N8"},{"@type":"BreadcrumbList","@id":"https:\/\/donbaraton.es\/en\/p\/armchair-bed-single-almansa\/#breadcrumb","itemListElement":[{"@type":"ListItem","position":1,"name":"Portada","item":"https:\/\/donbaraton.es\/en\/"},{"@type":"ListItem","position":2,"name":"Online Shop","item":"https:\/\/donbaraton.es\/en\/shop\/"},{"@type":"ListItem","position":3,"name":"Armchair Bed (Single Bed) &#8211; Almansa"}]},{"@type":"WebSite","@id":"https:\/\/donbaraton.es\/#website","url":"https:\/\/donbaraton.es\/","name":"Don Baraton: tienda de sof\u00e1s, muebles y colchones","description":"Sofas baratos desde el almac\u00e9n en Almorad\u00ed, Alicante","publisher":{"@id":"https:\/\/donbaraton.es\/#organization"},"potentialAction":[{"@type":"SearchAction","target":{"@type":"EntryPoint","urlTemplate":"https:\/\/donbaraton.es\/?s={search_term_string}"},"query-input":{"@type":"PropertyValueSpecification","valueRequired":true,"valueName":"search_term_string"}}],"inLanguage":"en-GB"},{"@type":"Organization","@id":"https:\/\/donbaraton.es\/#organization","name":"Don Baraton","url":"https:\/\/donbaraton.es\/","logo":{"@type":"ImageObject","inLanguage":"en-GB","@id":"https:\/\/donbaraton.es\/#\/schema\/logo\/image\/","url":"https:\/\/i0.wp.com\/donbaraton.es\/wp-content\/uploads\/2016\/11\/logo_don_baraton.png?fit=228%2C110&ssl=1","contentUrl":"https:\/\/i0.wp.com\/donbaraton.es\/wp-content\/uploads\/2016\/11\/logo_don_baraton.png?fit=228%2C110&ssl=1","width":228,"height":110,"caption":"Don Baraton"},"image":{"@id":"https:\/\/donbaraton.es\/#\/schema\/logo\/image\/"},"sameAs":["https:\/\/www.facebook.com\/donbaraton.es","https:\/\/x.com\/don_baraton","https:\/\/www.instagram.com\/donbaraton.es","https:\/\/www.linkedin.com\/company\/donbaraton\/","https:\/\/es.pinterest.com\/donbaraton\/","https:\/\/www.youtube.com\/channel\/UCL02HOwx-F759Jq5MedAZfQ"]}]}},"_links":{"self":[{"href":"https:\/\/donbaraton.es\/en\/wp-json\/wp\/v2\/product\/12262","targetHints":{"allow":["GET"]}}],"collection":[{"href":"https:\/\/donbaraton.es\/en\/wp-json\/wp\/v2\/product"}],"about":[{"href":"https:\/\/donbaraton.es\/en\/wp-json\/wp\/v2\/types\/product"}],"replies":[{"embeddable":true,"href":"https:\/\/donbaraton.es\/en\/wp-json\/wp\/v2\/comments?post=12262"}],"wp:featuredmedia":[{"embeddable":true,"href":"https:\/\/donbaraton.es\/en\/wp-json\/wp\/v2\/media\/11964"}],"wp:attachment":[{"href":"https:\/\/donbaraton.es\/en\/wp-json\/wp\/v2\/media?parent=12262"}],"wp:term":[{"taxonomy":"product_brand","embeddable":true,"href":"https:\/\/donbaraton.es\/en\/wp-json\/wp\/v2\/product_brand?post=12262"},{"taxonomy":"product_cat","embeddable":true,"href":"https:\/\/donbaraton.es\/en\/wp-json\/wp\/v2\/product_cat?post=12262"},{"taxonomy":"product_tag","embeddable":true,"href":"https:\/\/donbaraton.es\/en\/wp-json\/wp\/v2\/product_tag?post=12262"}],"curies":[{"name":"wp","href":"https:\/\/api.w.org\/{rel}","templated":true}]}}