{"id":12354,"date":"2019-07-16T16:00:08","date_gmt":"2018-11-22T10:37:08","guid":{"rendered":"https:\/\/donbaraton.es\/producto\/uncategorized\/click-clack-sofa-bed-narrow-armrests-jumilia\/"},"modified":"2026-03-04T04:28:09","modified_gmt":"2026-03-04T03:28:09","slug":"click-clack-sofa-bed-narrow-armrests-jumilia","status":"publish","type":"product","link":"https:\/\/donbaraton.es\/en\/p\/click-clack-sofa-bed-narrow-armrests-jumilia\/","title":{"rendered":"Click Clack Sofa Bed with Narrow Armrests &#8211; Jumilia"},"content":{"rendered":"<p>Sofa with click clack bed and narrow armrests &#8211; Jumilia. This click clack sofa is an inexpensive option suitable even for a small size room. The easy to use bed mechanism will convert the sofa into bed in 2 seconds!<\/p>\n<p>The narrow armrests give the sofa a nice look and help save some additional space in the room.<\/p>\n<p><strong>Specifications.<\/strong> Wood and chipboard frame. Storage under the seat. Comfortable bonnell springs\u00a0seat filled with foam. &#8220;Click clack&#8221; opening support mechanism with springs. Backrest with decorative buttons. Grey or brown upholstery fabric.<\/p>\n<p><strong>Dimensions:<\/strong> length 202 cm, depth 90 cm, height 56 cm. <strong>Dimensions of the bed:<\/strong> 182 x 120 cm. <strong>Weight:<\/strong> 66 kg<\/p>\n","protected":false},"excerpt":{"rendered":"<ul>\n<li>Click clack bed 182 x 120 cm<\/li>\n<li>Narrow armrests<\/li>\n<li>Under seat storage<\/li>\n<li><em>Bonnell<\/em> seat springs<\/li>\n<\/ul>\n<p><strong>Dimensions:<\/strong> length 202 cm, depth 90 cm, height 56 cm<\/p>\n","protected":false},"featured_media":11983,"comment_status":"open","ping_status":"closed","template":"","meta":{"_et_pb_use_builder":"","_et_pb_old_content":"","_et_gb_content_width":""},"product_brand":[],"product_cat":[41,35],"product_tag":[],"class_list":{"0":"post-12354","1":"product","2":"type-product","3":"status-publish","4":"has-post-thumbnail","6":"product_cat-sofa-beds","7":"product_cat-sofas-en","8":"product_shipping_class-articulos-pesados","9":"pa_largo-sofas-201-250-cm-en","10":"pa_material-fabric","11":"pa_muelles-bonnell-springs","12":"pa_plazas-2-seater-sofas","14":"first","15":"outofstock","16":"sale","17":"taxable","18":"shipping-taxable","19":"purchasable","20":"product-type-variable"},"yoast_head":"<!-- This site is optimized with the Yoast SEO plugin v27.2 - https:\/\/yoast.com\/product\/yoast-seo-wordpress\/ -->\n<title>Click Clack Sofa Bed with Narrow Armrests - Jumilia - Don Baraton: tienda de sof\u00e1s, muebles y colchones<\/title>\n<meta name=\"robots\" content=\"index, follow, max-snippet:-1, max-image-preview:large, max-video-preview:-1\" \/>\n<link rel=\"canonical\" href=\"https:\/\/donbaraton.es\/en\/p\/click-clack-sofa-bed-narrow-armrests-jumilia\/\" \/>\n<meta property=\"og:locale\" content=\"en_GB\" \/>\n<meta property=\"og:type\" content=\"article\" \/>\n<meta property=\"og:title\" content=\"Click Clack Sofa Bed with Narrow Armrests - Jumilia - Don Baraton: tienda de sof\u00e1s, muebles y colchones\" \/>\n<meta property=\"og:description\" content=\"Click clack bed 182 x 120 cm  Narrow armrests  Under seat storage  Bonnell seat springs  Dimensions: length 202 cm, depth 90 cm, height 56 cm\" \/>\n<meta property=\"og:url\" content=\"https:\/\/donbaraton.es\/en\/p\/click-clack-sofa-bed-narrow-armrests-jumilia\/\" \/>\n<meta property=\"og:site_name\" content=\"Don Baraton: tienda de sof\u00e1s, muebles y colchones\" \/>\n<meta property=\"article:publisher\" content=\"https:\/\/www.facebook.com\/donbaraton.es\" \/>\n<meta property=\"article:modified_time\" content=\"2026-03-04T03:28:09+00:00\" \/>\n<meta property=\"og:image\" content=\"https:\/\/i0.wp.com\/donbaraton.es\/wp-content\/uploads\/2018\/11\/Sof\u00e1-cama-clic-clac-Jumilia.-Asiento-y-respaldo-tela-gris-claro-brazos-tela-gris-oscuro.jpg?fit=1000%2C750&ssl=1\" \/>\n\t<meta property=\"og:image:width\" content=\"1000\" \/>\n\t<meta property=\"og:image:height\" content=\"750\" \/>\n\t<meta property=\"og:image:type\" content=\"image\/jpeg\" \/>\n<meta name=\"twitter:card\" content=\"summary_large_image\" \/>\n<meta name=\"twitter:site\" content=\"@don_baraton\" \/>\n<meta name=\"twitter:label1\" content=\"Estimated reading time\" \/>\n\t<meta name=\"twitter:data1\" content=\"1 minute\" \/>\n<script type=\"application\/ld+json\" class=\"yoast-schema-graph\">{\"@context\":\"https:\/\/schema.org\",\"@graph\":[{\"@type\":\"WebPage\",\"@id\":\"https:\/\/donbaraton.es\/en\/p\/click-clack-sofa-bed-narrow-armrests-jumilia\/\",\"url\":\"https:\/\/donbaraton.es\/en\/p\/click-clack-sofa-bed-narrow-armrests-jumilia\/\",\"name\":\"Click Clack Sofa Bed with Narrow Armrests - Jumilia - Don Baraton: tienda de sof\u00e1s, muebles y colchones\",\"isPartOf\":{\"@id\":\"https:\/\/donbaraton.es\/#website\"},\"primaryImageOfPage\":{\"@id\":\"https:\/\/donbaraton.es\/en\/p\/click-clack-sofa-bed-narrow-armrests-jumilia\/#primaryimage\"},\"image\":{\"@id\":\"https:\/\/donbaraton.es\/en\/p\/click-clack-sofa-bed-narrow-armrests-jumilia\/#primaryimage\"},\"thumbnailUrl\":\"https:\/\/donbaraton.es\/wp-content\/uploads\/2018\/11\/Sof\u00e1-cama-clic-clac-Jumilia.-Asiento-y-respaldo-tela-gris-claro-brazos-tela-gris-oscuro.jpg\",\"datePublished\":\"2018-11-22T10:37:08+00:00\",\"dateModified\":\"2026-03-04T03:28:09+00:00\",\"breadcrumb\":{\"@id\":\"https:\/\/donbaraton.es\/en\/p\/click-clack-sofa-bed-narrow-armrests-jumilia\/#breadcrumb\"},\"inLanguage\":\"en-GB\",\"potentialAction\":[{\"@type\":\"ReadAction\",\"target\":[\"https:\/\/donbaraton.es\/en\/p\/click-clack-sofa-bed-narrow-armrests-jumilia\/\"]}]},{\"@type\":\"ImageObject\",\"inLanguage\":\"en-GB\",\"@id\":\"https:\/\/donbaraton.es\/en\/p\/click-clack-sofa-bed-narrow-armrests-jumilia\/#primaryimage\",\"url\":\"https:\/\/donbaraton.es\/wp-content\/uploads\/2018\/11\/Sof\u00e1-cama-clic-clac-Jumilia.-Asiento-y-respaldo-tela-gris-claro-brazos-tela-gris-oscuro.jpg\",\"contentUrl\":\"https:\/\/donbaraton.es\/wp-content\/uploads\/2018\/11\/Sof\u00e1-cama-clic-clac-Jumilia.-Asiento-y-respaldo-tela-gris-claro-brazos-tela-gris-oscuro.jpg\",\"width\":1000,\"height\":750,\"caption\":\"Click Clack Sofa Bed with Narrow Armrests - Jumilia. Seat and Backrest in Light Grey Fabric, Armrests and Base in Dark Grey Fabric\"},{\"@type\":\"BreadcrumbList\",\"@id\":\"https:\/\/donbaraton.es\/en\/p\/click-clack-sofa-bed-narrow-armrests-jumilia\/#breadcrumb\",\"itemListElement\":[{\"@type\":\"ListItem\",\"position\":1,\"name\":\"Portada\",\"item\":\"https:\/\/donbaraton.es\/en\/\"},{\"@type\":\"ListItem\",\"position\":2,\"name\":\"Online Shop\",\"item\":\"https:\/\/donbaraton.es\/en\/shop\/\"},{\"@type\":\"ListItem\",\"position\":3,\"name\":\"Click Clack Sofa Bed with Narrow Armrests &#8211; Jumilia\"}]},{\"@type\":\"WebSite\",\"@id\":\"https:\/\/donbaraton.es\/#website\",\"url\":\"https:\/\/donbaraton.es\/\",\"name\":\"Don Baraton: tienda de sof\u00e1s, muebles y colchones\",\"description\":\"Sofas baratos desde el almac\u00e9n en Almorad\u00ed, Alicante\",\"publisher\":{\"@id\":\"https:\/\/donbaraton.es\/#organization\"},\"potentialAction\":[{\"@type\":\"SearchAction\",\"target\":{\"@type\":\"EntryPoint\",\"urlTemplate\":\"https:\/\/donbaraton.es\/?s={search_term_string}\"},\"query-input\":{\"@type\":\"PropertyValueSpecification\",\"valueRequired\":true,\"valueName\":\"search_term_string\"}}],\"inLanguage\":\"en-GB\"},{\"@type\":\"Organization\",\"@id\":\"https:\/\/donbaraton.es\/#organization\",\"name\":\"Don Baraton\",\"url\":\"https:\/\/donbaraton.es\/\",\"logo\":{\"@type\":\"ImageObject\",\"inLanguage\":\"en-GB\",\"@id\":\"https:\/\/donbaraton.es\/#\/schema\/logo\/image\/\",\"url\":\"https:\/\/i0.wp.com\/donbaraton.es\/wp-content\/uploads\/2016\/11\/logo_don_baraton.png?fit=228%2C110&ssl=1\",\"contentUrl\":\"https:\/\/i0.wp.com\/donbaraton.es\/wp-content\/uploads\/2016\/11\/logo_don_baraton.png?fit=228%2C110&ssl=1\",\"width\":228,\"height\":110,\"caption\":\"Don Baraton\"},\"image\":{\"@id\":\"https:\/\/donbaraton.es\/#\/schema\/logo\/image\/\"},\"sameAs\":[\"https:\/\/www.facebook.com\/donbaraton.es\",\"https:\/\/x.com\/don_baraton\",\"https:\/\/www.instagram.com\/donbaraton.es\",\"https:\/\/www.linkedin.com\/company\/donbaraton\/\",\"https:\/\/es.pinterest.com\/donbaraton\/\",\"https:\/\/www.youtube.com\/channel\/UCL02HOwx-F759Jq5MedAZfQ\"]}]}<\/script>\n<!-- \/ Yoast SEO plugin. -->","yoast_head_json":{"title":"Click Clack Sofa Bed with Narrow Armrests - Jumilia - Don Baraton: tienda de sof\u00e1s, muebles y colchones","robots":{"index":"index","follow":"follow","max-snippet":"max-snippet:-1","max-image-preview":"max-image-preview:large","max-video-preview":"max-video-preview:-1"},"canonical":"https:\/\/donbaraton.es\/en\/p\/click-clack-sofa-bed-narrow-armrests-jumilia\/","og_locale":"en_GB","og_type":"article","og_title":"Click Clack Sofa Bed with Narrow Armrests - Jumilia - Don Baraton: tienda de sof\u00e1s, muebles y colchones","og_description":"Click clack bed 182 x 120 cm  Narrow armrests  Under seat storage  Bonnell seat springs  Dimensions: length 202 cm, depth 90 cm, height 56 cm","og_url":"https:\/\/donbaraton.es\/en\/p\/click-clack-sofa-bed-narrow-armrests-jumilia\/","og_site_name":"Don Baraton: tienda de sof\u00e1s, muebles y colchones","article_publisher":"https:\/\/www.facebook.com\/donbaraton.es","article_modified_time":"2026-03-04T03:28:09+00:00","og_image":[{"width":1000,"height":750,"url":"https:\/\/i0.wp.com\/donbaraton.es\/wp-content\/uploads\/2018\/11\/Sof\u00e1-cama-clic-clac-Jumilia.-Asiento-y-respaldo-tela-gris-claro-brazos-tela-gris-oscuro.jpg?fit=1000%2C750&ssl=1","type":"image\/jpeg"}],"twitter_card":"summary_large_image","twitter_site":"@don_baraton","twitter_misc":{"Estimated reading time":"1 minute"},"schema":{"@context":"https:\/\/schema.org","@graph":[{"@type":"WebPage","@id":"https:\/\/donbaraton.es\/en\/p\/click-clack-sofa-bed-narrow-armrests-jumilia\/","url":"https:\/\/donbaraton.es\/en\/p\/click-clack-sofa-bed-narrow-armrests-jumilia\/","name":"Click Clack Sofa Bed with Narrow Armrests - Jumilia - Don Baraton: tienda de sof\u00e1s, muebles y colchones","isPartOf":{"@id":"https:\/\/donbaraton.es\/#website"},"primaryImageOfPage":{"@id":"https:\/\/donbaraton.es\/en\/p\/click-clack-sofa-bed-narrow-armrests-jumilia\/#primaryimage"},"image":{"@id":"https:\/\/donbaraton.es\/en\/p\/click-clack-sofa-bed-narrow-armrests-jumilia\/#primaryimage"},"thumbnailUrl":"https:\/\/donbaraton.es\/wp-content\/uploads\/2018\/11\/Sof\u00e1-cama-clic-clac-Jumilia.-Asiento-y-respaldo-tela-gris-claro-brazos-tela-gris-oscuro.jpg","datePublished":"2018-11-22T10:37:08+00:00","dateModified":"2026-03-04T03:28:09+00:00","breadcrumb":{"@id":"https:\/\/donbaraton.es\/en\/p\/click-clack-sofa-bed-narrow-armrests-jumilia\/#breadcrumb"},"inLanguage":"en-GB","potentialAction":[{"@type":"ReadAction","target":["https:\/\/donbaraton.es\/en\/p\/click-clack-sofa-bed-narrow-armrests-jumilia\/"]}]},{"@type":"ImageObject","inLanguage":"en-GB","@id":"https:\/\/donbaraton.es\/en\/p\/click-clack-sofa-bed-narrow-armrests-jumilia\/#primaryimage","url":"https:\/\/donbaraton.es\/wp-content\/uploads\/2018\/11\/Sof\u00e1-cama-clic-clac-Jumilia.-Asiento-y-respaldo-tela-gris-claro-brazos-tela-gris-oscuro.jpg","contentUrl":"https:\/\/donbaraton.es\/wp-content\/uploads\/2018\/11\/Sof\u00e1-cama-clic-clac-Jumilia.-Asiento-y-respaldo-tela-gris-claro-brazos-tela-gris-oscuro.jpg","width":1000,"height":750,"caption":"Click Clack Sofa Bed with Narrow Armrests - Jumilia. Seat and Backrest in Light Grey Fabric, Armrests and Base in Dark Grey Fabric"},{"@type":"BreadcrumbList","@id":"https:\/\/donbaraton.es\/en\/p\/click-clack-sofa-bed-narrow-armrests-jumilia\/#breadcrumb","itemListElement":[{"@type":"ListItem","position":1,"name":"Portada","item":"https:\/\/donbaraton.es\/en\/"},{"@type":"ListItem","position":2,"name":"Online Shop","item":"https:\/\/donbaraton.es\/en\/shop\/"},{"@type":"ListItem","position":3,"name":"Click Clack Sofa Bed with Narrow Armrests &#8211; Jumilia"}]},{"@type":"WebSite","@id":"https:\/\/donbaraton.es\/#website","url":"https:\/\/donbaraton.es\/","name":"Don Baraton: tienda de sof\u00e1s, muebles y colchones","description":"Sofas baratos desde el almac\u00e9n en Almorad\u00ed, Alicante","publisher":{"@id":"https:\/\/donbaraton.es\/#organization"},"potentialAction":[{"@type":"SearchAction","target":{"@type":"EntryPoint","urlTemplate":"https:\/\/donbaraton.es\/?s={search_term_string}"},"query-input":{"@type":"PropertyValueSpecification","valueRequired":true,"valueName":"search_term_string"}}],"inLanguage":"en-GB"},{"@type":"Organization","@id":"https:\/\/donbaraton.es\/#organization","name":"Don Baraton","url":"https:\/\/donbaraton.es\/","logo":{"@type":"ImageObject","inLanguage":"en-GB","@id":"https:\/\/donbaraton.es\/#\/schema\/logo\/image\/","url":"https:\/\/i0.wp.com\/donbaraton.es\/wp-content\/uploads\/2016\/11\/logo_don_baraton.png?fit=228%2C110&ssl=1","contentUrl":"https:\/\/i0.wp.com\/donbaraton.es\/wp-content\/uploads\/2016\/11\/logo_don_baraton.png?fit=228%2C110&ssl=1","width":228,"height":110,"caption":"Don Baraton"},"image":{"@id":"https:\/\/donbaraton.es\/#\/schema\/logo\/image\/"},"sameAs":["https:\/\/www.facebook.com\/donbaraton.es","https:\/\/x.com\/don_baraton","https:\/\/www.instagram.com\/donbaraton.es","https:\/\/www.linkedin.com\/company\/donbaraton\/","https:\/\/es.pinterest.com\/donbaraton\/","https:\/\/www.youtube.com\/channel\/UCL02HOwx-F759Jq5MedAZfQ"]}]}},"_links":{"self":[{"href":"https:\/\/donbaraton.es\/en\/wp-json\/wp\/v2\/product\/12354","targetHints":{"allow":["GET"]}}],"collection":[{"href":"https:\/\/donbaraton.es\/en\/wp-json\/wp\/v2\/product"}],"about":[{"href":"https:\/\/donbaraton.es\/en\/wp-json\/wp\/v2\/types\/product"}],"replies":[{"embeddable":true,"href":"https:\/\/donbaraton.es\/en\/wp-json\/wp\/v2\/comments?post=12354"}],"wp:featuredmedia":[{"embeddable":true,"href":"https:\/\/donbaraton.es\/en\/wp-json\/wp\/v2\/media\/11983"}],"wp:attachment":[{"href":"https:\/\/donbaraton.es\/en\/wp-json\/wp\/v2\/media?parent=12354"}],"wp:term":[{"taxonomy":"product_brand","embeddable":true,"href":"https:\/\/donbaraton.es\/en\/wp-json\/wp\/v2\/product_brand?post=12354"},{"taxonomy":"product_cat","embeddable":true,"href":"https:\/\/donbaraton.es\/en\/wp-json\/wp\/v2\/product_cat?post=12354"},{"taxonomy":"product_tag","embeddable":true,"href":"https:\/\/donbaraton.es\/en\/wp-json\/wp\/v2\/product_tag?post=12354"}],"curies":[{"name":"wp","href":"https:\/\/api.w.org\/{rel}","templated":true}]}}