{"id":12365,"date":"2018-11-22T11:41:09","date_gmt":"2018-11-22T10:41:09","guid":{"rendered":"https:\/\/donbaraton.es\/producto\/uncategorized\/two-seater-sofa-bed-without-armrests-requena\/"},"modified":"2026-04-10T19:36:59","modified_gmt":"2026-04-10T17:36:59","slug":"two-seater-sofa-bed-without-armrests-requena","status":"publish","type":"product","link":"https:\/\/donbaraton.es\/en\/p\/two-seater-sofa-bed-without-armrests-requena\/","title":{"rendered":"Two-seater Sofa Bed Without Armrests &#8211; Requena"},"content":{"rendered":"<p>Two-seater sofa bed without armrests &#8211; Requena. A compact sized sofa that can be put in practically any room, even a very small one!<\/p>\n<p>Despite its small size the sofa converts into a quite spacious double bed. The sofa bed opening mechanism allows an easy and quick unfolding.<\/p>\n<p>The under seat storage for bedding and other items will save even more space.<\/p>\n<p><strong>Specifications. <\/strong>Wood and chipboard frame. Comfortable foam-filled seat. Grey or brown fabrics to choose from. Foam thickness of 10 \u0441\u043c. Buttoned backrest. High backrest and seat. Chrome legs.<\/p>\n<p><strong>Dimensions:<\/strong> length 140 cm, height 96 \u0441\u043c, depth 82 \u0441\u043c. <strong>Dimensions of the bed:<\/strong> 208 x 140 \u0441\u043c. <strong>Seat:<\/strong> height 51 \u0441\u043c, depth 57 cm. Height of the backrest &#8211; 51 \u0441\u043c. <strong>Weight<\/strong> &#8211; 77 kg<\/p>\n","protected":false},"excerpt":{"rendered":"<ul>\n<li>Compact size<\/li>\n<li>Bed 208 x 140 cm<\/li>\n<li>Storage under the seat<\/li>\n<\/ul>\n<p><strong>Dimensions:<\/strong> length 140 cm, height 96 cm, depth 82 cm<\/p>\n","protected":false},"featured_media":11935,"comment_status":"open","ping_status":"closed","template":"","meta":{"_et_pb_use_builder":"","_et_pb_old_content":"","_et_gb_content_width":""},"product_brand":[],"product_cat":[41,35],"product_tag":[],"class_list":{"0":"post-12365","1":"product","2":"type-product","3":"status-publish","4":"has-post-thumbnail","6":"product_cat-sofa-beds","7":"product_cat-sofas-en","8":"product_shipping_class-articulos-pesados","9":"pa_largo-sofas-200-cm-less","10":"pa_material-fabric","11":"pa_plazas-2-seater-sofas","13":"first","14":"outofstock","15":"taxable","16":"shipping-taxable","17":"product-type-variable"},"yoast_head":"<!-- This site is optimized with the Yoast SEO plugin v27.2 - https:\/\/yoast.com\/product\/yoast-seo-wordpress\/ -->\n<title>Two-seater Sofa Bed Without Armrests - Requena - Don Baraton: tienda de sof\u00e1s, muebles y colchones<\/title>\n<meta name=\"robots\" content=\"index, follow, max-snippet:-1, max-image-preview:large, max-video-preview:-1\" \/>\n<link rel=\"canonical\" href=\"https:\/\/donbaraton.es\/en\/p\/two-seater-sofa-bed-without-armrests-requena\/\" \/>\n<meta property=\"og:locale\" content=\"en_GB\" \/>\n<meta property=\"og:type\" content=\"article\" \/>\n<meta property=\"og:title\" content=\"Two-seater Sofa Bed Without Armrests - Requena - Don Baraton: tienda de sof\u00e1s, muebles y colchones\" \/>\n<meta property=\"og:description\" content=\"Compact size  Bed 208 x 140 cm  Storage under the seat  Dimensions: length 140 cm, height 96 cm, depth 82 cm\" \/>\n<meta property=\"og:url\" content=\"https:\/\/donbaraton.es\/en\/p\/two-seater-sofa-bed-without-armrests-requena\/\" \/>\n<meta property=\"og:site_name\" content=\"Don Baraton: tienda de sof\u00e1s, muebles y colchones\" \/>\n<meta property=\"article:publisher\" content=\"https:\/\/www.facebook.com\/donbaraton.es\" \/>\n<meta property=\"article:modified_time\" content=\"2026-04-10T17:36:59+00:00\" \/>\n<meta property=\"og:image\" content=\"https:\/\/i1.wp.com\/donbaraton.es\/wp-content\/uploads\/2018\/11\/Sof\u00e1-2-plazas-sin-brazos-cama-Requena.-Asiento-respaldo-tela-marr\u00f3n-claro.-Base-tela-marr\u00f3n-oscuro.jpg?fit=1000%2C824&ssl=1\" \/>\n\t<meta property=\"og:image:width\" content=\"1000\" \/>\n\t<meta property=\"og:image:height\" content=\"824\" \/>\n\t<meta property=\"og:image:type\" content=\"image\/jpeg\" \/>\n<meta name=\"twitter:card\" content=\"summary_large_image\" \/>\n<meta name=\"twitter:site\" content=\"@don_baraton\" \/>\n<meta name=\"twitter:label1\" content=\"Estimated reading time\" \/>\n\t<meta name=\"twitter:data1\" content=\"1 minute\" \/>\n<script type=\"application\/ld+json\" class=\"yoast-schema-graph\">{\"@context\":\"https:\/\/schema.org\",\"@graph\":[{\"@type\":\"WebPage\",\"@id\":\"https:\/\/donbaraton.es\/en\/p\/two-seater-sofa-bed-without-armrests-requena\/\",\"url\":\"https:\/\/donbaraton.es\/en\/p\/two-seater-sofa-bed-without-armrests-requena\/\",\"name\":\"Two-seater Sofa Bed Without Armrests - Requena - Don Baraton: tienda de sof\u00e1s, muebles y colchones\",\"isPartOf\":{\"@id\":\"https:\/\/donbaraton.es\/#website\"},\"primaryImageOfPage\":{\"@id\":\"https:\/\/donbaraton.es\/en\/p\/two-seater-sofa-bed-without-armrests-requena\/#primaryimage\"},\"image\":{\"@id\":\"https:\/\/donbaraton.es\/en\/p\/two-seater-sofa-bed-without-armrests-requena\/#primaryimage\"},\"thumbnailUrl\":\"https:\/\/donbaraton.es\/wp-content\/uploads\/2018\/11\/Sof\u00e1-2-plazas-sin-brazos-cama-Requena.-Asiento-respaldo-tela-marr\u00f3n-claro.-Base-tela-marr\u00f3n-oscuro.jpg\",\"datePublished\":\"2018-11-22T10:41:09+00:00\",\"dateModified\":\"2026-04-10T17:36:59+00:00\",\"breadcrumb\":{\"@id\":\"https:\/\/donbaraton.es\/en\/p\/two-seater-sofa-bed-without-armrests-requena\/#breadcrumb\"},\"inLanguage\":\"en-GB\",\"potentialAction\":[{\"@type\":\"ReadAction\",\"target\":[\"https:\/\/donbaraton.es\/en\/p\/two-seater-sofa-bed-without-armrests-requena\/\"]}]},{\"@type\":\"ImageObject\",\"inLanguage\":\"en-GB\",\"@id\":\"https:\/\/donbaraton.es\/en\/p\/two-seater-sofa-bed-without-armrests-requena\/#primaryimage\",\"url\":\"https:\/\/donbaraton.es\/wp-content\/uploads\/2018\/11\/Sof\u00e1-2-plazas-sin-brazos-cama-Requena.-Asiento-respaldo-tela-marr\u00f3n-claro.-Base-tela-marr\u00f3n-oscuro.jpg\",\"contentUrl\":\"https:\/\/donbaraton.es\/wp-content\/uploads\/2018\/11\/Sof\u00e1-2-plazas-sin-brazos-cama-Requena.-Asiento-respaldo-tela-marr\u00f3n-claro.-Base-tela-marr\u00f3n-oscuro.jpg\",\"width\":1000,\"height\":824,\"caption\":\"Two-seater Sofa Bed Without Armrests - Requena. Seat and Backrest in Light Brown Fabric, Base in Dark Brown Fabric\"},{\"@type\":\"BreadcrumbList\",\"@id\":\"https:\/\/donbaraton.es\/en\/p\/two-seater-sofa-bed-without-armrests-requena\/#breadcrumb\",\"itemListElement\":[{\"@type\":\"ListItem\",\"position\":1,\"name\":\"Portada\",\"item\":\"https:\/\/donbaraton.es\/en\/\"},{\"@type\":\"ListItem\",\"position\":2,\"name\":\"Online Shop\",\"item\":\"https:\/\/donbaraton.es\/en\/shop\/\"},{\"@type\":\"ListItem\",\"position\":3,\"name\":\"Two-seater Sofa Bed Without Armrests &#8211; Requena\"}]},{\"@type\":\"WebSite\",\"@id\":\"https:\/\/donbaraton.es\/#website\",\"url\":\"https:\/\/donbaraton.es\/\",\"name\":\"Don Baraton: tienda de sof\u00e1s, muebles y colchones\",\"description\":\"Sofas baratos desde el almac\u00e9n en Almorad\u00ed, Alicante\",\"publisher\":{\"@id\":\"https:\/\/donbaraton.es\/#organization\"},\"potentialAction\":[{\"@type\":\"SearchAction\",\"target\":{\"@type\":\"EntryPoint\",\"urlTemplate\":\"https:\/\/donbaraton.es\/?s={search_term_string}\"},\"query-input\":{\"@type\":\"PropertyValueSpecification\",\"valueRequired\":true,\"valueName\":\"search_term_string\"}}],\"inLanguage\":\"en-GB\"},{\"@type\":\"Organization\",\"@id\":\"https:\/\/donbaraton.es\/#organization\",\"name\":\"Don Baraton\",\"url\":\"https:\/\/donbaraton.es\/\",\"logo\":{\"@type\":\"ImageObject\",\"inLanguage\":\"en-GB\",\"@id\":\"https:\/\/donbaraton.es\/#\/schema\/logo\/image\/\",\"url\":\"https:\/\/i0.wp.com\/donbaraton.es\/wp-content\/uploads\/2016\/11\/logo_don_baraton.png?fit=228%2C110&ssl=1\",\"contentUrl\":\"https:\/\/i0.wp.com\/donbaraton.es\/wp-content\/uploads\/2016\/11\/logo_don_baraton.png?fit=228%2C110&ssl=1\",\"width\":228,\"height\":110,\"caption\":\"Don Baraton\"},\"image\":{\"@id\":\"https:\/\/donbaraton.es\/#\/schema\/logo\/image\/\"},\"sameAs\":[\"https:\/\/www.facebook.com\/donbaraton.es\",\"https:\/\/x.com\/don_baraton\",\"https:\/\/www.instagram.com\/donbaraton.es\",\"https:\/\/www.linkedin.com\/company\/donbaraton\/\",\"https:\/\/es.pinterest.com\/donbaraton\/\",\"https:\/\/www.youtube.com\/channel\/UCL02HOwx-F759Jq5MedAZfQ\"]}]}<\/script>\n<!-- \/ Yoast SEO plugin. -->","yoast_head_json":{"title":"Two-seater Sofa Bed Without Armrests - Requena - Don Baraton: tienda de sof\u00e1s, muebles y colchones","robots":{"index":"index","follow":"follow","max-snippet":"max-snippet:-1","max-image-preview":"max-image-preview:large","max-video-preview":"max-video-preview:-1"},"canonical":"https:\/\/donbaraton.es\/en\/p\/two-seater-sofa-bed-without-armrests-requena\/","og_locale":"en_GB","og_type":"article","og_title":"Two-seater Sofa Bed Without Armrests - Requena - Don Baraton: tienda de sof\u00e1s, muebles y colchones","og_description":"Compact size  Bed 208 x 140 cm  Storage under the seat  Dimensions: length 140 cm, height 96 cm, depth 82 cm","og_url":"https:\/\/donbaraton.es\/en\/p\/two-seater-sofa-bed-without-armrests-requena\/","og_site_name":"Don Baraton: tienda de sof\u00e1s, muebles y colchones","article_publisher":"https:\/\/www.facebook.com\/donbaraton.es","article_modified_time":"2026-04-10T17:36:59+00:00","og_image":[{"width":1000,"height":824,"url":"https:\/\/i1.wp.com\/donbaraton.es\/wp-content\/uploads\/2018\/11\/Sof\u00e1-2-plazas-sin-brazos-cama-Requena.-Asiento-respaldo-tela-marr\u00f3n-claro.-Base-tela-marr\u00f3n-oscuro.jpg?fit=1000%2C824&ssl=1","type":"image\/jpeg"}],"twitter_card":"summary_large_image","twitter_site":"@don_baraton","twitter_misc":{"Estimated reading time":"1 minute"},"schema":{"@context":"https:\/\/schema.org","@graph":[{"@type":"WebPage","@id":"https:\/\/donbaraton.es\/en\/p\/two-seater-sofa-bed-without-armrests-requena\/","url":"https:\/\/donbaraton.es\/en\/p\/two-seater-sofa-bed-without-armrests-requena\/","name":"Two-seater Sofa Bed Without Armrests - Requena - Don Baraton: tienda de sof\u00e1s, muebles y colchones","isPartOf":{"@id":"https:\/\/donbaraton.es\/#website"},"primaryImageOfPage":{"@id":"https:\/\/donbaraton.es\/en\/p\/two-seater-sofa-bed-without-armrests-requena\/#primaryimage"},"image":{"@id":"https:\/\/donbaraton.es\/en\/p\/two-seater-sofa-bed-without-armrests-requena\/#primaryimage"},"thumbnailUrl":"https:\/\/donbaraton.es\/wp-content\/uploads\/2018\/11\/Sof\u00e1-2-plazas-sin-brazos-cama-Requena.-Asiento-respaldo-tela-marr\u00f3n-claro.-Base-tela-marr\u00f3n-oscuro.jpg","datePublished":"2018-11-22T10:41:09+00:00","dateModified":"2026-04-10T17:36:59+00:00","breadcrumb":{"@id":"https:\/\/donbaraton.es\/en\/p\/two-seater-sofa-bed-without-armrests-requena\/#breadcrumb"},"inLanguage":"en-GB","potentialAction":[{"@type":"ReadAction","target":["https:\/\/donbaraton.es\/en\/p\/two-seater-sofa-bed-without-armrests-requena\/"]}]},{"@type":"ImageObject","inLanguage":"en-GB","@id":"https:\/\/donbaraton.es\/en\/p\/two-seater-sofa-bed-without-armrests-requena\/#primaryimage","url":"https:\/\/donbaraton.es\/wp-content\/uploads\/2018\/11\/Sof\u00e1-2-plazas-sin-brazos-cama-Requena.-Asiento-respaldo-tela-marr\u00f3n-claro.-Base-tela-marr\u00f3n-oscuro.jpg","contentUrl":"https:\/\/donbaraton.es\/wp-content\/uploads\/2018\/11\/Sof\u00e1-2-plazas-sin-brazos-cama-Requena.-Asiento-respaldo-tela-marr\u00f3n-claro.-Base-tela-marr\u00f3n-oscuro.jpg","width":1000,"height":824,"caption":"Two-seater Sofa Bed Without Armrests - Requena. Seat and Backrest in Light Brown Fabric, Base in Dark Brown Fabric"},{"@type":"BreadcrumbList","@id":"https:\/\/donbaraton.es\/en\/p\/two-seater-sofa-bed-without-armrests-requena\/#breadcrumb","itemListElement":[{"@type":"ListItem","position":1,"name":"Portada","item":"https:\/\/donbaraton.es\/en\/"},{"@type":"ListItem","position":2,"name":"Online Shop","item":"https:\/\/donbaraton.es\/en\/shop\/"},{"@type":"ListItem","position":3,"name":"Two-seater Sofa Bed Without Armrests &#8211; Requena"}]},{"@type":"WebSite","@id":"https:\/\/donbaraton.es\/#website","url":"https:\/\/donbaraton.es\/","name":"Don Baraton: tienda de sof\u00e1s, muebles y colchones","description":"Sofas baratos desde el almac\u00e9n en Almorad\u00ed, Alicante","publisher":{"@id":"https:\/\/donbaraton.es\/#organization"},"potentialAction":[{"@type":"SearchAction","target":{"@type":"EntryPoint","urlTemplate":"https:\/\/donbaraton.es\/?s={search_term_string}"},"query-input":{"@type":"PropertyValueSpecification","valueRequired":true,"valueName":"search_term_string"}}],"inLanguage":"en-GB"},{"@type":"Organization","@id":"https:\/\/donbaraton.es\/#organization","name":"Don Baraton","url":"https:\/\/donbaraton.es\/","logo":{"@type":"ImageObject","inLanguage":"en-GB","@id":"https:\/\/donbaraton.es\/#\/schema\/logo\/image\/","url":"https:\/\/i0.wp.com\/donbaraton.es\/wp-content\/uploads\/2016\/11\/logo_don_baraton.png?fit=228%2C110&ssl=1","contentUrl":"https:\/\/i0.wp.com\/donbaraton.es\/wp-content\/uploads\/2016\/11\/logo_don_baraton.png?fit=228%2C110&ssl=1","width":228,"height":110,"caption":"Don Baraton"},"image":{"@id":"https:\/\/donbaraton.es\/#\/schema\/logo\/image\/"},"sameAs":["https:\/\/www.facebook.com\/donbaraton.es","https:\/\/x.com\/don_baraton","https:\/\/www.instagram.com\/donbaraton.es","https:\/\/www.linkedin.com\/company\/donbaraton\/","https:\/\/es.pinterest.com\/donbaraton\/","https:\/\/www.youtube.com\/channel\/UCL02HOwx-F759Jq5MedAZfQ"]}]}},"_links":{"self":[{"href":"https:\/\/donbaraton.es\/en\/wp-json\/wp\/v2\/product\/12365","targetHints":{"allow":["GET"]}}],"collection":[{"href":"https:\/\/donbaraton.es\/en\/wp-json\/wp\/v2\/product"}],"about":[{"href":"https:\/\/donbaraton.es\/en\/wp-json\/wp\/v2\/types\/product"}],"replies":[{"embeddable":true,"href":"https:\/\/donbaraton.es\/en\/wp-json\/wp\/v2\/comments?post=12365"}],"wp:featuredmedia":[{"embeddable":true,"href":"https:\/\/donbaraton.es\/en\/wp-json\/wp\/v2\/media\/11935"}],"wp:attachment":[{"href":"https:\/\/donbaraton.es\/en\/wp-json\/wp\/v2\/media?parent=12365"}],"wp:term":[{"taxonomy":"product_brand","embeddable":true,"href":"https:\/\/donbaraton.es\/en\/wp-json\/wp\/v2\/product_brand?post=12365"},{"taxonomy":"product_cat","embeddable":true,"href":"https:\/\/donbaraton.es\/en\/wp-json\/wp\/v2\/product_cat?post=12365"},{"taxonomy":"product_tag","embeddable":true,"href":"https:\/\/donbaraton.es\/en\/wp-json\/wp\/v2\/product_tag?post=12365"}],"curies":[{"name":"wp","href":"https:\/\/api.w.org\/{rel}","templated":true}]}}