{"id":12375,"date":"2018-11-22T18:04:37","date_gmt":"2018-11-22T17:04:37","guid":{"rendered":"https:\/\/donbaraton.es\/producto\/uncategorized\/straight-three-seater-sofa-bed-almagro\/"},"modified":"2019-08-29T14:48:15","modified_gmt":"2019-08-29T12:48:15","slug":"straight-three-seater-sofa-bed-almagro","status":"publish","type":"product","link":"https:\/\/donbaraton.es\/en\/p\/straight-three-seater-sofa-bed-almagro\/","title":{"rendered":"Straight Three-seater Sofa Bed &#8211; Almagro"},"content":{"rendered":"<p>Straight three-seater sofa bed &#8211; Almagro. High quality sofa without chaise longue upholstered in fabric (brown\/beige variation) and fabric and artificial leather (grey\/black variation).<\/p>\n<p><strong>Specifications.<\/strong> Wood and chipborad frame. Click clack folding mechanism with springs. Storage under the seat. Comfortable foam-filled seat with bonnell springs. Two side cushions included. Medium size.<\/p>\n<p><strong>Dimensions:<\/strong> length 214 cm, height 95 cm, depth 88 cm. <strong>Dimensions of the bed:<\/strong>\u00a0 125 x 183 cm. <strong>Weight:<\/strong> 105 kg<\/p>\n","protected":false},"excerpt":{"rendered":"<ul>\n<li>Click clack opening bed 125 x 183 cm<\/li>\n<li>Storage under the seat<\/li>\n<li>2 cushions included<\/li>\n<li><em>Bonnell<\/em> springs<\/li>\n<\/ul>\n<p><strong>Dimensions:<\/strong> length 214 cm, height 95 cm, depth 88 cm<\/p>\n","protected":false},"featured_media":12141,"comment_status":"open","ping_status":"closed","template":"","meta":{"_et_pb_use_builder":"","_et_pb_old_content":"","_et_gb_content_width":""},"product_brand":[],"product_cat":[41,35],"product_tag":[],"class_list":{"0":"post-12375","1":"product","2":"type-product","3":"status-publish","4":"has-post-thumbnail","6":"product_cat-sofa-beds","7":"product_cat-sofas-en","8":"product_shipping_class-articulos-pesados","9":"pa_largo-sofas-201-250-cm-en","10":"pa_material-fabric","11":"pa_material-faux-leather","12":"pa_plazas-3-seater-sofas","14":"first","15":"outofstock","16":"taxable","17":"shipping-taxable","18":"product-type-variable"},"yoast_head":"<!-- This site is optimized with the Yoast SEO plugin v27.2 - https:\/\/yoast.com\/product\/yoast-seo-wordpress\/ -->\n<title>Straight Three-seater Sofa Bed - Almagro - Don Baraton: tienda de sof\u00e1s, muebles y colchones<\/title>\n<meta name=\"robots\" content=\"index, follow, max-snippet:-1, max-image-preview:large, max-video-preview:-1\" \/>\n<link rel=\"canonical\" href=\"https:\/\/donbaraton.es\/en\/p\/straight-three-seater-sofa-bed-almagro\/\" \/>\n<meta property=\"og:locale\" content=\"en_GB\" \/>\n<meta property=\"og:type\" content=\"article\" \/>\n<meta property=\"og:title\" content=\"Straight Three-seater Sofa Bed - Almagro - Don Baraton: tienda de sof\u00e1s, muebles y colchones\" \/>\n<meta property=\"og:description\" content=\"Click clack opening bed 125 x 183 cm  Storage under the seat  2 cushions included  Bonnell springs  Dimensions: length 214 cm, height 95 cm, depth 88 cm\" \/>\n<meta property=\"og:url\" content=\"https:\/\/donbaraton.es\/en\/p\/straight-three-seater-sofa-bed-almagro\/\" \/>\n<meta property=\"og:site_name\" content=\"Don Baraton: tienda de sof\u00e1s, muebles y colchones\" \/>\n<meta property=\"article:publisher\" content=\"https:\/\/www.facebook.com\/donbaraton.es\" \/>\n<meta property=\"article:modified_time\" content=\"2019-08-29T12:48:15+00:00\" \/>\n<meta property=\"og:image\" content=\"https:\/\/i0.wp.com\/donbaraton.es\/wp-content\/uploads\/2018\/11\/Sof\u00e1-cama-recto-3-plazas-Almagro.-Tela-marr\u00f3n-brazos-y-base-y-beige-respaldo-y-cojines.jpg?fit=1000%2C666&ssl=1\" \/>\n\t<meta property=\"og:image:width\" content=\"1000\" \/>\n\t<meta property=\"og:image:height\" content=\"666\" \/>\n\t<meta property=\"og:image:type\" content=\"image\/jpeg\" \/>\n<meta name=\"twitter:card\" content=\"summary_large_image\" \/>\n<meta name=\"twitter:site\" content=\"@don_baraton\" \/>\n<script type=\"application\/ld+json\" class=\"yoast-schema-graph\">{\"@context\":\"https:\/\/schema.org\",\"@graph\":[{\"@type\":\"WebPage\",\"@id\":\"https:\/\/donbaraton.es\/en\/p\/straight-three-seater-sofa-bed-almagro\/\",\"url\":\"https:\/\/donbaraton.es\/en\/p\/straight-three-seater-sofa-bed-almagro\/\",\"name\":\"Straight Three-seater Sofa Bed - Almagro - Don Baraton: tienda de sof\u00e1s, muebles y colchones\",\"isPartOf\":{\"@id\":\"https:\/\/donbaraton.es\/#website\"},\"primaryImageOfPage\":{\"@id\":\"https:\/\/donbaraton.es\/en\/p\/straight-three-seater-sofa-bed-almagro\/#primaryimage\"},\"image\":{\"@id\":\"https:\/\/donbaraton.es\/en\/p\/straight-three-seater-sofa-bed-almagro\/#primaryimage\"},\"thumbnailUrl\":\"https:\/\/donbaraton.es\/wp-content\/uploads\/2018\/11\/Sof\u00e1-cama-recto-3-plazas-Almagro.-Tela-marr\u00f3n-brazos-y-base-y-beige-respaldo-y-cojines.jpg\",\"datePublished\":\"2018-11-22T17:04:37+00:00\",\"dateModified\":\"2019-08-29T12:48:15+00:00\",\"breadcrumb\":{\"@id\":\"https:\/\/donbaraton.es\/en\/p\/straight-three-seater-sofa-bed-almagro\/#breadcrumb\"},\"inLanguage\":\"en-GB\",\"potentialAction\":[{\"@type\":\"ReadAction\",\"target\":[\"https:\/\/donbaraton.es\/en\/p\/straight-three-seater-sofa-bed-almagro\/\"]}]},{\"@type\":\"ImageObject\",\"inLanguage\":\"en-GB\",\"@id\":\"https:\/\/donbaraton.es\/en\/p\/straight-three-seater-sofa-bed-almagro\/#primaryimage\",\"url\":\"https:\/\/donbaraton.es\/wp-content\/uploads\/2018\/11\/Sof\u00e1-cama-recto-3-plazas-Almagro.-Tela-marr\u00f3n-brazos-y-base-y-beige-respaldo-y-cojines.jpg\",\"contentUrl\":\"https:\/\/donbaraton.es\/wp-content\/uploads\/2018\/11\/Sof\u00e1-cama-recto-3-plazas-Almagro.-Tela-marr\u00f3n-brazos-y-base-y-beige-respaldo-y-cojines.jpg\",\"width\":1000,\"height\":666,\"caption\":\"Straight Three-seater Sofa Bed - Almagro. Armrests in Brown Fabric, Seat in Beige Fabric\"},{\"@type\":\"BreadcrumbList\",\"@id\":\"https:\/\/donbaraton.es\/en\/p\/straight-three-seater-sofa-bed-almagro\/#breadcrumb\",\"itemListElement\":[{\"@type\":\"ListItem\",\"position\":1,\"name\":\"Portada\",\"item\":\"https:\/\/donbaraton.es\/en\/\"},{\"@type\":\"ListItem\",\"position\":2,\"name\":\"Online Shop\",\"item\":\"https:\/\/donbaraton.es\/en\/shop\/\"},{\"@type\":\"ListItem\",\"position\":3,\"name\":\"Straight Three-seater Sofa Bed &#8211; Almagro\"}]},{\"@type\":\"WebSite\",\"@id\":\"https:\/\/donbaraton.es\/#website\",\"url\":\"https:\/\/donbaraton.es\/\",\"name\":\"Don Baraton: tienda de sof\u00e1s, muebles y colchones\",\"description\":\"Sofas baratos desde el almac\u00e9n en Almorad\u00ed, Alicante\",\"publisher\":{\"@id\":\"https:\/\/donbaraton.es\/#organization\"},\"potentialAction\":[{\"@type\":\"SearchAction\",\"target\":{\"@type\":\"EntryPoint\",\"urlTemplate\":\"https:\/\/donbaraton.es\/?s={search_term_string}\"},\"query-input\":{\"@type\":\"PropertyValueSpecification\",\"valueRequired\":true,\"valueName\":\"search_term_string\"}}],\"inLanguage\":\"en-GB\"},{\"@type\":\"Organization\",\"@id\":\"https:\/\/donbaraton.es\/#organization\",\"name\":\"Don Baraton\",\"url\":\"https:\/\/donbaraton.es\/\",\"logo\":{\"@type\":\"ImageObject\",\"inLanguage\":\"en-GB\",\"@id\":\"https:\/\/donbaraton.es\/#\/schema\/logo\/image\/\",\"url\":\"https:\/\/i0.wp.com\/donbaraton.es\/wp-content\/uploads\/2016\/11\/logo_don_baraton.png?fit=228%2C110&ssl=1\",\"contentUrl\":\"https:\/\/i0.wp.com\/donbaraton.es\/wp-content\/uploads\/2016\/11\/logo_don_baraton.png?fit=228%2C110&ssl=1\",\"width\":228,\"height\":110,\"caption\":\"Don Baraton\"},\"image\":{\"@id\":\"https:\/\/donbaraton.es\/#\/schema\/logo\/image\/\"},\"sameAs\":[\"https:\/\/www.facebook.com\/donbaraton.es\",\"https:\/\/x.com\/don_baraton\",\"https:\/\/www.instagram.com\/donbaraton.es\",\"https:\/\/www.linkedin.com\/company\/donbaraton\/\",\"https:\/\/es.pinterest.com\/donbaraton\/\",\"https:\/\/www.youtube.com\/channel\/UCL02HOwx-F759Jq5MedAZfQ\"]}]}<\/script>\n<!-- \/ Yoast SEO plugin. -->","yoast_head_json":{"title":"Straight Three-seater Sofa Bed - Almagro - Don Baraton: tienda de sof\u00e1s, muebles y colchones","robots":{"index":"index","follow":"follow","max-snippet":"max-snippet:-1","max-image-preview":"max-image-preview:large","max-video-preview":"max-video-preview:-1"},"canonical":"https:\/\/donbaraton.es\/en\/p\/straight-three-seater-sofa-bed-almagro\/","og_locale":"en_GB","og_type":"article","og_title":"Straight Three-seater Sofa Bed - Almagro - Don Baraton: tienda de sof\u00e1s, muebles y colchones","og_description":"Click clack opening bed 125 x 183 cm  Storage under the seat  2 cushions included  Bonnell springs  Dimensions: length 214 cm, height 95 cm, depth 88 cm","og_url":"https:\/\/donbaraton.es\/en\/p\/straight-three-seater-sofa-bed-almagro\/","og_site_name":"Don Baraton: tienda de sof\u00e1s, muebles y colchones","article_publisher":"https:\/\/www.facebook.com\/donbaraton.es","article_modified_time":"2019-08-29T12:48:15+00:00","og_image":[{"width":1000,"height":666,"url":"https:\/\/i0.wp.com\/donbaraton.es\/wp-content\/uploads\/2018\/11\/Sof\u00e1-cama-recto-3-plazas-Almagro.-Tela-marr\u00f3n-brazos-y-base-y-beige-respaldo-y-cojines.jpg?fit=1000%2C666&ssl=1","type":"image\/jpeg"}],"twitter_card":"summary_large_image","twitter_site":"@don_baraton","schema":{"@context":"https:\/\/schema.org","@graph":[{"@type":"WebPage","@id":"https:\/\/donbaraton.es\/en\/p\/straight-three-seater-sofa-bed-almagro\/","url":"https:\/\/donbaraton.es\/en\/p\/straight-three-seater-sofa-bed-almagro\/","name":"Straight Three-seater Sofa Bed - Almagro - Don Baraton: tienda de sof\u00e1s, muebles y colchones","isPartOf":{"@id":"https:\/\/donbaraton.es\/#website"},"primaryImageOfPage":{"@id":"https:\/\/donbaraton.es\/en\/p\/straight-three-seater-sofa-bed-almagro\/#primaryimage"},"image":{"@id":"https:\/\/donbaraton.es\/en\/p\/straight-three-seater-sofa-bed-almagro\/#primaryimage"},"thumbnailUrl":"https:\/\/donbaraton.es\/wp-content\/uploads\/2018\/11\/Sof\u00e1-cama-recto-3-plazas-Almagro.-Tela-marr\u00f3n-brazos-y-base-y-beige-respaldo-y-cojines.jpg","datePublished":"2018-11-22T17:04:37+00:00","dateModified":"2019-08-29T12:48:15+00:00","breadcrumb":{"@id":"https:\/\/donbaraton.es\/en\/p\/straight-three-seater-sofa-bed-almagro\/#breadcrumb"},"inLanguage":"en-GB","potentialAction":[{"@type":"ReadAction","target":["https:\/\/donbaraton.es\/en\/p\/straight-three-seater-sofa-bed-almagro\/"]}]},{"@type":"ImageObject","inLanguage":"en-GB","@id":"https:\/\/donbaraton.es\/en\/p\/straight-three-seater-sofa-bed-almagro\/#primaryimage","url":"https:\/\/donbaraton.es\/wp-content\/uploads\/2018\/11\/Sof\u00e1-cama-recto-3-plazas-Almagro.-Tela-marr\u00f3n-brazos-y-base-y-beige-respaldo-y-cojines.jpg","contentUrl":"https:\/\/donbaraton.es\/wp-content\/uploads\/2018\/11\/Sof\u00e1-cama-recto-3-plazas-Almagro.-Tela-marr\u00f3n-brazos-y-base-y-beige-respaldo-y-cojines.jpg","width":1000,"height":666,"caption":"Straight Three-seater Sofa Bed - Almagro. Armrests in Brown Fabric, Seat in Beige Fabric"},{"@type":"BreadcrumbList","@id":"https:\/\/donbaraton.es\/en\/p\/straight-three-seater-sofa-bed-almagro\/#breadcrumb","itemListElement":[{"@type":"ListItem","position":1,"name":"Portada","item":"https:\/\/donbaraton.es\/en\/"},{"@type":"ListItem","position":2,"name":"Online Shop","item":"https:\/\/donbaraton.es\/en\/shop\/"},{"@type":"ListItem","position":3,"name":"Straight Three-seater Sofa Bed &#8211; Almagro"}]},{"@type":"WebSite","@id":"https:\/\/donbaraton.es\/#website","url":"https:\/\/donbaraton.es\/","name":"Don Baraton: tienda de sof\u00e1s, muebles y colchones","description":"Sofas baratos desde el almac\u00e9n en Almorad\u00ed, Alicante","publisher":{"@id":"https:\/\/donbaraton.es\/#organization"},"potentialAction":[{"@type":"SearchAction","target":{"@type":"EntryPoint","urlTemplate":"https:\/\/donbaraton.es\/?s={search_term_string}"},"query-input":{"@type":"PropertyValueSpecification","valueRequired":true,"valueName":"search_term_string"}}],"inLanguage":"en-GB"},{"@type":"Organization","@id":"https:\/\/donbaraton.es\/#organization","name":"Don Baraton","url":"https:\/\/donbaraton.es\/","logo":{"@type":"ImageObject","inLanguage":"en-GB","@id":"https:\/\/donbaraton.es\/#\/schema\/logo\/image\/","url":"https:\/\/i0.wp.com\/donbaraton.es\/wp-content\/uploads\/2016\/11\/logo_don_baraton.png?fit=228%2C110&ssl=1","contentUrl":"https:\/\/i0.wp.com\/donbaraton.es\/wp-content\/uploads\/2016\/11\/logo_don_baraton.png?fit=228%2C110&ssl=1","width":228,"height":110,"caption":"Don Baraton"},"image":{"@id":"https:\/\/donbaraton.es\/#\/schema\/logo\/image\/"},"sameAs":["https:\/\/www.facebook.com\/donbaraton.es","https:\/\/x.com\/don_baraton","https:\/\/www.instagram.com\/donbaraton.es","https:\/\/www.linkedin.com\/company\/donbaraton\/","https:\/\/es.pinterest.com\/donbaraton\/","https:\/\/www.youtube.com\/channel\/UCL02HOwx-F759Jq5MedAZfQ"]}]}},"_links":{"self":[{"href":"https:\/\/donbaraton.es\/en\/wp-json\/wp\/v2\/product\/12375","targetHints":{"allow":["GET"]}}],"collection":[{"href":"https:\/\/donbaraton.es\/en\/wp-json\/wp\/v2\/product"}],"about":[{"href":"https:\/\/donbaraton.es\/en\/wp-json\/wp\/v2\/types\/product"}],"replies":[{"embeddable":true,"href":"https:\/\/donbaraton.es\/en\/wp-json\/wp\/v2\/comments?post=12375"}],"wp:featuredmedia":[{"embeddable":true,"href":"https:\/\/donbaraton.es\/en\/wp-json\/wp\/v2\/media\/12141"}],"wp:attachment":[{"href":"https:\/\/donbaraton.es\/en\/wp-json\/wp\/v2\/media?parent=12375"}],"wp:term":[{"taxonomy":"product_brand","embeddable":true,"href":"https:\/\/donbaraton.es\/en\/wp-json\/wp\/v2\/product_brand?post=12375"},{"taxonomy":"product_cat","embeddable":true,"href":"https:\/\/donbaraton.es\/en\/wp-json\/wp\/v2\/product_cat?post=12375"},{"taxonomy":"product_tag","embeddable":true,"href":"https:\/\/donbaraton.es\/en\/wp-json\/wp\/v2\/product_tag?post=12375"}],"curies":[{"name":"wp","href":"https:\/\/api.w.org\/{rel}","templated":true}]}}