{"id":12766,"date":"2018-11-10T17:16:11","date_gmt":"2018-11-10T16:16:11","guid":{"rendered":"https:\/\/donbaraton.es\/producto\/uncategorized\/chair-upholstered-microfiber-fabric-novelda\/"},"modified":"2024-10-04T15:59:42","modified_gmt":"2024-10-04T13:59:42","slug":"chair-upholstered-microfiber-fabric-novelda","status":"publish","type":"product","link":"https:\/\/donbaraton.es\/en\/p\/chair-upholstered-microfiber-fabric-novelda\/","title":{"rendered":"Chair Upholstered in Microfiber Fabric &#8211; Novelda"},"content":{"rendered":"<p><strong>Chair upholstered in microfiber fabric &#8211; Novelda.<\/strong> T<\/p>\n<p>here&#8217;s a table matching these chairs: <a href=\"https:\/\/donbaraton.es\/en\/p\/dining-table-with-hard-tempered-glass-top-novelda\/\">Dining Table with Hard Tempered Glass Top 140 x 80 cm\u00a0<\/a> Grey seat and backrest. White or black legs to choose from. Ergonomic backrest. Painted metal legs. Sold by unit or by packs of 4 or 6 chairs.<\/p>\n<p><strong>Dimensions:<\/strong> height 98 cm, depth 41 cm, width 52 cm. Seat height 44 cm<\/p>\n<p><strong>Assembly service not included<\/strong><\/p>\n","protected":false},"excerpt":{"rendered":"<ul>\n<li>Upholstered in grey microfiber fabric<\/li>\n<li>White or black legs to choose from<\/li>\n<li>Ergonomic backrest<\/li>\n<li>Painted metal legs<\/li>\n<\/ul>\n<p>Sold by unit or by packs of 4 or 6 chairs.\u00a0<strong>Dimensions:<\/strong>\u00a0height 98 cm, depth 41 cm, width 52 cm<\/p>\n","protected":false},"featured_media":11727,"comment_status":"open","ping_status":"closed","template":"","meta":{"_et_pb_use_builder":"","_et_pb_old_content":"","_et_gb_content_width":""},"product_brand":[],"product_cat":[233],"product_tag":[],"class_list":{"0":"post-12766","1":"product","2":"type-product","3":"status-publish","4":"has-post-thumbnail","6":"product_cat-chairs","7":"product_shipping_class-3-20-kg-hasta-10-dias","9":"first","10":"outofstock","11":"taxable","12":"shipping-taxable","13":"product-type-variable"},"yoast_head":"<!-- This site is optimized with the Yoast SEO plugin v27.2 - https:\/\/yoast.com\/product\/yoast-seo-wordpress\/ -->\n<title>Chair Upholstered in Microfiber Fabric - Novelda - Don Baraton: tienda de sof\u00e1s, muebles y colchones<\/title>\n<meta name=\"robots\" content=\"index, follow, max-snippet:-1, max-image-preview:large, max-video-preview:-1\" \/>\n<link rel=\"canonical\" href=\"https:\/\/donbaraton.es\/en\/p\/chair-upholstered-microfiber-fabric-novelda\/\" \/>\n<meta property=\"og:locale\" content=\"en_GB\" \/>\n<meta property=\"og:type\" content=\"article\" \/>\n<meta property=\"og:title\" content=\"Chair Upholstered in Microfiber Fabric - Novelda - Don Baraton: tienda de sof\u00e1s, muebles y colchones\" \/>\n<meta property=\"og:description\" content=\"Upholstered in grey microfiber fabric  White or black legs to choose from  Ergonomic backrest  Painted metal legs  Sold by unit or by packs of 4 or 6 chairs.\u00a0Dimensions:\u00a0height 98 cm, depth 41 cm, width 52 cm\" \/>\n<meta property=\"og:url\" content=\"https:\/\/donbaraton.es\/en\/p\/chair-upholstered-microfiber-fabric-novelda\/\" \/>\n<meta property=\"og:site_name\" content=\"Don Baraton: tienda de sof\u00e1s, muebles y colchones\" \/>\n<meta property=\"article:publisher\" content=\"https:\/\/www.facebook.com\/donbaraton.es\" \/>\n<meta property=\"article:modified_time\" content=\"2024-10-04T13:59:42+00:00\" \/>\n<meta property=\"og:image\" content=\"https:\/\/i2.wp.com\/donbaraton.es\/wp-content\/uploads\/2018\/11\/Silla-tela-antimancha-gris-marengo-patas-blancas-Novelda.jpg?fit=1000%2C1000&ssl=1\" \/>\n\t<meta property=\"og:image:width\" content=\"1000\" \/>\n\t<meta property=\"og:image:height\" content=\"1000\" \/>\n\t<meta property=\"og:image:type\" content=\"image\/jpeg\" \/>\n<meta name=\"twitter:card\" content=\"summary_large_image\" \/>\n<meta name=\"twitter:site\" content=\"@don_baraton\" \/>\n<script type=\"application\/ld+json\" class=\"yoast-schema-graph\">{\"@context\":\"https:\/\/schema.org\",\"@graph\":[{\"@type\":\"WebPage\",\"@id\":\"https:\/\/donbaraton.es\/en\/p\/chair-upholstered-microfiber-fabric-novelda\/\",\"url\":\"https:\/\/donbaraton.es\/en\/p\/chair-upholstered-microfiber-fabric-novelda\/\",\"name\":\"Chair Upholstered in Microfiber Fabric - Novelda - Don Baraton: tienda de sof\u00e1s, muebles y colchones\",\"isPartOf\":{\"@id\":\"https:\/\/donbaraton.es\/#website\"},\"primaryImageOfPage\":{\"@id\":\"https:\/\/donbaraton.es\/en\/p\/chair-upholstered-microfiber-fabric-novelda\/#primaryimage\"},\"image\":{\"@id\":\"https:\/\/donbaraton.es\/en\/p\/chair-upholstered-microfiber-fabric-novelda\/#primaryimage\"},\"thumbnailUrl\":\"https:\/\/donbaraton.es\/wp-content\/uploads\/2018\/11\/Silla-tela-antimancha-gris-marengo-patas-blancas-Novelda.jpg\",\"datePublished\":\"2018-11-10T16:16:11+00:00\",\"dateModified\":\"2024-10-04T13:59:42+00:00\",\"breadcrumb\":{\"@id\":\"https:\/\/donbaraton.es\/en\/p\/chair-upholstered-microfiber-fabric-novelda\/#breadcrumb\"},\"inLanguage\":\"en-GB\",\"potentialAction\":[{\"@type\":\"ReadAction\",\"target\":[\"https:\/\/donbaraton.es\/en\/p\/chair-upholstered-microfiber-fabric-novelda\/\"]}]},{\"@type\":\"ImageObject\",\"inLanguage\":\"en-GB\",\"@id\":\"https:\/\/donbaraton.es\/en\/p\/chair-upholstered-microfiber-fabric-novelda\/#primaryimage\",\"url\":\"https:\/\/donbaraton.es\/wp-content\/uploads\/2018\/11\/Silla-tela-antimancha-gris-marengo-patas-blancas-Novelda.jpg\",\"contentUrl\":\"https:\/\/donbaraton.es\/wp-content\/uploads\/2018\/11\/Silla-tela-antimancha-gris-marengo-patas-blancas-Novelda.jpg\",\"width\":1000,\"height\":1000,\"caption\":\"Chair Upholstered in Grey Microfiber Fabric, White Legs - Novelda\"},{\"@type\":\"BreadcrumbList\",\"@id\":\"https:\/\/donbaraton.es\/en\/p\/chair-upholstered-microfiber-fabric-novelda\/#breadcrumb\",\"itemListElement\":[{\"@type\":\"ListItem\",\"position\":1,\"name\":\"Portada\",\"item\":\"https:\/\/donbaraton.es\/en\/\"},{\"@type\":\"ListItem\",\"position\":2,\"name\":\"Online Shop\",\"item\":\"https:\/\/donbaraton.es\/en\/shop\/\"},{\"@type\":\"ListItem\",\"position\":3,\"name\":\"Chair Upholstered in Microfiber Fabric &#8211; Novelda\"}]},{\"@type\":\"WebSite\",\"@id\":\"https:\/\/donbaraton.es\/#website\",\"url\":\"https:\/\/donbaraton.es\/\",\"name\":\"Don Baraton: tienda de sof\u00e1s, muebles y colchones\",\"description\":\"Sofas baratos desde el almac\u00e9n en Almorad\u00ed, Alicante\",\"publisher\":{\"@id\":\"https:\/\/donbaraton.es\/#organization\"},\"potentialAction\":[{\"@type\":\"SearchAction\",\"target\":{\"@type\":\"EntryPoint\",\"urlTemplate\":\"https:\/\/donbaraton.es\/?s={search_term_string}\"},\"query-input\":{\"@type\":\"PropertyValueSpecification\",\"valueRequired\":true,\"valueName\":\"search_term_string\"}}],\"inLanguage\":\"en-GB\"},{\"@type\":\"Organization\",\"@id\":\"https:\/\/donbaraton.es\/#organization\",\"name\":\"Don Baraton\",\"url\":\"https:\/\/donbaraton.es\/\",\"logo\":{\"@type\":\"ImageObject\",\"inLanguage\":\"en-GB\",\"@id\":\"https:\/\/donbaraton.es\/#\/schema\/logo\/image\/\",\"url\":\"https:\/\/i0.wp.com\/donbaraton.es\/wp-content\/uploads\/2016\/11\/logo_don_baraton.png?fit=228%2C110&ssl=1\",\"contentUrl\":\"https:\/\/i0.wp.com\/donbaraton.es\/wp-content\/uploads\/2016\/11\/logo_don_baraton.png?fit=228%2C110&ssl=1\",\"width\":228,\"height\":110,\"caption\":\"Don Baraton\"},\"image\":{\"@id\":\"https:\/\/donbaraton.es\/#\/schema\/logo\/image\/\"},\"sameAs\":[\"https:\/\/www.facebook.com\/donbaraton.es\",\"https:\/\/x.com\/don_baraton\",\"https:\/\/www.instagram.com\/donbaraton.es\",\"https:\/\/www.linkedin.com\/company\/donbaraton\/\",\"https:\/\/es.pinterest.com\/donbaraton\/\",\"https:\/\/www.youtube.com\/channel\/UCL02HOwx-F759Jq5MedAZfQ\"]}]}<\/script>\n<!-- \/ Yoast SEO plugin. -->","yoast_head_json":{"title":"Chair Upholstered in Microfiber Fabric - Novelda - Don Baraton: tienda de sof\u00e1s, muebles y colchones","robots":{"index":"index","follow":"follow","max-snippet":"max-snippet:-1","max-image-preview":"max-image-preview:large","max-video-preview":"max-video-preview:-1"},"canonical":"https:\/\/donbaraton.es\/en\/p\/chair-upholstered-microfiber-fabric-novelda\/","og_locale":"en_GB","og_type":"article","og_title":"Chair Upholstered in Microfiber Fabric - Novelda - Don Baraton: tienda de sof\u00e1s, muebles y colchones","og_description":"Upholstered in grey microfiber fabric  White or black legs to choose from  Ergonomic backrest  Painted metal legs  Sold by unit or by packs of 4 or 6 chairs.\u00a0Dimensions:\u00a0height 98 cm, depth 41 cm, width 52 cm","og_url":"https:\/\/donbaraton.es\/en\/p\/chair-upholstered-microfiber-fabric-novelda\/","og_site_name":"Don Baraton: tienda de sof\u00e1s, muebles y colchones","article_publisher":"https:\/\/www.facebook.com\/donbaraton.es","article_modified_time":"2024-10-04T13:59:42+00:00","og_image":[{"width":1000,"height":1000,"url":"https:\/\/i2.wp.com\/donbaraton.es\/wp-content\/uploads\/2018\/11\/Silla-tela-antimancha-gris-marengo-patas-blancas-Novelda.jpg?fit=1000%2C1000&ssl=1","type":"image\/jpeg"}],"twitter_card":"summary_large_image","twitter_site":"@don_baraton","schema":{"@context":"https:\/\/schema.org","@graph":[{"@type":"WebPage","@id":"https:\/\/donbaraton.es\/en\/p\/chair-upholstered-microfiber-fabric-novelda\/","url":"https:\/\/donbaraton.es\/en\/p\/chair-upholstered-microfiber-fabric-novelda\/","name":"Chair Upholstered in Microfiber Fabric - Novelda - Don Baraton: tienda de sof\u00e1s, muebles y colchones","isPartOf":{"@id":"https:\/\/donbaraton.es\/#website"},"primaryImageOfPage":{"@id":"https:\/\/donbaraton.es\/en\/p\/chair-upholstered-microfiber-fabric-novelda\/#primaryimage"},"image":{"@id":"https:\/\/donbaraton.es\/en\/p\/chair-upholstered-microfiber-fabric-novelda\/#primaryimage"},"thumbnailUrl":"https:\/\/donbaraton.es\/wp-content\/uploads\/2018\/11\/Silla-tela-antimancha-gris-marengo-patas-blancas-Novelda.jpg","datePublished":"2018-11-10T16:16:11+00:00","dateModified":"2024-10-04T13:59:42+00:00","breadcrumb":{"@id":"https:\/\/donbaraton.es\/en\/p\/chair-upholstered-microfiber-fabric-novelda\/#breadcrumb"},"inLanguage":"en-GB","potentialAction":[{"@type":"ReadAction","target":["https:\/\/donbaraton.es\/en\/p\/chair-upholstered-microfiber-fabric-novelda\/"]}]},{"@type":"ImageObject","inLanguage":"en-GB","@id":"https:\/\/donbaraton.es\/en\/p\/chair-upholstered-microfiber-fabric-novelda\/#primaryimage","url":"https:\/\/donbaraton.es\/wp-content\/uploads\/2018\/11\/Silla-tela-antimancha-gris-marengo-patas-blancas-Novelda.jpg","contentUrl":"https:\/\/donbaraton.es\/wp-content\/uploads\/2018\/11\/Silla-tela-antimancha-gris-marengo-patas-blancas-Novelda.jpg","width":1000,"height":1000,"caption":"Chair Upholstered in Grey Microfiber Fabric, White Legs - Novelda"},{"@type":"BreadcrumbList","@id":"https:\/\/donbaraton.es\/en\/p\/chair-upholstered-microfiber-fabric-novelda\/#breadcrumb","itemListElement":[{"@type":"ListItem","position":1,"name":"Portada","item":"https:\/\/donbaraton.es\/en\/"},{"@type":"ListItem","position":2,"name":"Online Shop","item":"https:\/\/donbaraton.es\/en\/shop\/"},{"@type":"ListItem","position":3,"name":"Chair Upholstered in Microfiber Fabric &#8211; Novelda"}]},{"@type":"WebSite","@id":"https:\/\/donbaraton.es\/#website","url":"https:\/\/donbaraton.es\/","name":"Don Baraton: tienda de sof\u00e1s, muebles y colchones","description":"Sofas baratos desde el almac\u00e9n en Almorad\u00ed, Alicante","publisher":{"@id":"https:\/\/donbaraton.es\/#organization"},"potentialAction":[{"@type":"SearchAction","target":{"@type":"EntryPoint","urlTemplate":"https:\/\/donbaraton.es\/?s={search_term_string}"},"query-input":{"@type":"PropertyValueSpecification","valueRequired":true,"valueName":"search_term_string"}}],"inLanguage":"en-GB"},{"@type":"Organization","@id":"https:\/\/donbaraton.es\/#organization","name":"Don Baraton","url":"https:\/\/donbaraton.es\/","logo":{"@type":"ImageObject","inLanguage":"en-GB","@id":"https:\/\/donbaraton.es\/#\/schema\/logo\/image\/","url":"https:\/\/i0.wp.com\/donbaraton.es\/wp-content\/uploads\/2016\/11\/logo_don_baraton.png?fit=228%2C110&ssl=1","contentUrl":"https:\/\/i0.wp.com\/donbaraton.es\/wp-content\/uploads\/2016\/11\/logo_don_baraton.png?fit=228%2C110&ssl=1","width":228,"height":110,"caption":"Don Baraton"},"image":{"@id":"https:\/\/donbaraton.es\/#\/schema\/logo\/image\/"},"sameAs":["https:\/\/www.facebook.com\/donbaraton.es","https:\/\/x.com\/don_baraton","https:\/\/www.instagram.com\/donbaraton.es","https:\/\/www.linkedin.com\/company\/donbaraton\/","https:\/\/es.pinterest.com\/donbaraton\/","https:\/\/www.youtube.com\/channel\/UCL02HOwx-F759Jq5MedAZfQ"]}]}},"_links":{"self":[{"href":"https:\/\/donbaraton.es\/en\/wp-json\/wp\/v2\/product\/12766","targetHints":{"allow":["GET"]}}],"collection":[{"href":"https:\/\/donbaraton.es\/en\/wp-json\/wp\/v2\/product"}],"about":[{"href":"https:\/\/donbaraton.es\/en\/wp-json\/wp\/v2\/types\/product"}],"replies":[{"embeddable":true,"href":"https:\/\/donbaraton.es\/en\/wp-json\/wp\/v2\/comments?post=12766"}],"wp:featuredmedia":[{"embeddable":true,"href":"https:\/\/donbaraton.es\/en\/wp-json\/wp\/v2\/media\/11727"}],"wp:attachment":[{"href":"https:\/\/donbaraton.es\/en\/wp-json\/wp\/v2\/media?parent=12766"}],"wp:term":[{"taxonomy":"product_brand","embeddable":true,"href":"https:\/\/donbaraton.es\/en\/wp-json\/wp\/v2\/product_brand?post=12766"},{"taxonomy":"product_cat","embeddable":true,"href":"https:\/\/donbaraton.es\/en\/wp-json\/wp\/v2\/product_cat?post=12766"},{"taxonomy":"product_tag","embeddable":true,"href":"https:\/\/donbaraton.es\/en\/wp-json\/wp\/v2\/product_tag?post=12766"}],"curies":[{"name":"wp","href":"https:\/\/api.w.org\/{rel}","templated":true}]}}