{"id":12792,"date":"2018-12-10T15:14:19","date_gmt":"2018-12-10T14:14:19","guid":{"rendered":"https:\/\/donbaraton.es\/producto\/uncategorized\/old-furniture-removal\/"},"modified":"2026-02-04T19:34:53","modified_gmt":"2026-02-04T18:34:53","slug":"old-furniture-removal","status":"publish","type":"product","link":"https:\/\/donbaraton.es\/en\/p\/old-furniture-removal\/","title":{"rendered":"Old Furniture Removal"},"content":{"rendered":"<p>Removal of old furniture service. We will take away your old sofa or other furniture items you don&#8217;t need anymore and bring it to a waste collection station in Spain.<\/p>\n<p><strong>It is prohibited to dispose of used furniture<\/strong> in public places in Spain and is considered a serious offence. Municipal codes impose penalties for leaving bulky items (including furniture) in street, in the garbage containers or in the areas around them.<\/p>\n<p><strong>The fines<\/strong> depend on the municipality and the size of the furniture item and can reach <strong>800\u20ac.<\/strong><\/p>\n<p>According to our experience the police would fine every person involved. <strong>If two persons are caught when leaving a sofa near the garbage container, both will be fined &#8211; 800\u20ac x 2 = 1600\u20ac<\/strong> (real story told by an acquaintance of ours).\u00a0 It&#8217;s cheaper to dispose of used furniture solo!<\/p>\n<p>There are legal ways of old furniture disposal &#8211; bring it to the local waste collection station yourself (you&#8217;ll need a van).<\/p>\n<p>Some local authorities offer a free collection of old furniture. You would need to move the item downstairs yourself. Also it can be be difficult to have the sofa delivered and the old one removed at the same time.<\/p>\n<p><strong>With our removal service the problem can be solved easily!<\/strong><\/p>\n<p><em>We don&#8217;t offer free old furniture removal service.<\/em><\/p>\n<p>* This service is only available for customers buying a new sofa from Don Baraton and only in the mainland Spain<\/p>\n<p>** In the buildings without elevators the rate includes removal from the ground, 1st, 2nd, 3rd and 4th floors. An additional fee of \u20ac5 will apply to every subsequent floor<\/p>\n","protected":false},"excerpt":{"rendered":"<p>Our old furniture removal service includes:<\/p>\n<ul>\n<li>Moving the furniture from your property outside<\/li>\n<li>Delivering the old furniture to the waste collecting station<\/li>\n<li>Waste disposal fees<\/li>\n<\/ul>\n<p>The price depends on the weight of the item, please choose an option below:<\/p>\n<p><em><strong>Service offered only to customers buying new furniture from us, please read full details below<\/strong><\/em><\/p>\n<p>&nbsp;<\/p>\n","protected":false},"featured_media":12790,"comment_status":"open","ping_status":"closed","template":"","meta":{"_et_pb_use_builder":"","_et_pb_old_content":"","_et_gb_content_width":""},"product_brand":[],"product_cat":[188],"product_tag":[],"class_list":{"0":"post-12792","1":"product","2":"type-product","3":"status-publish","4":"has-post-thumbnail","6":"product_cat-services","8":"first","9":"instock","10":"taxable","11":"shipping-taxable","12":"purchasable","13":"product-type-variable"},"yoast_head":"<!-- This site is optimized with the Yoast SEO plugin v27.2 - https:\/\/yoast.com\/product\/yoast-seo-wordpress\/ -->\n<title>Old Furniture Removal - Don Baraton: tienda de sof\u00e1s, muebles y colchones<\/title>\n<meta name=\"robots\" content=\"index, follow, max-snippet:-1, max-image-preview:large, max-video-preview:-1\" \/>\n<link rel=\"canonical\" href=\"https:\/\/donbaraton.es\/en\/p\/old-furniture-removal\/\" \/>\n<meta property=\"og:locale\" content=\"en_GB\" \/>\n<meta property=\"og:type\" content=\"article\" \/>\n<meta property=\"og:title\" content=\"Old Furniture Removal - Don Baraton: tienda de sof\u00e1s, muebles y colchones\" \/>\n<meta property=\"og:description\" content=\"Our old furniture removal service includes:   Moving the furniture from your property outside  Delivering the old furniture to the waste collecting station  Waste disposal fees  The price depends on the weight of the item, please choose an option below:  Service offered only to customers buying new furniture from us, please read full details below  &nbsp;\" \/>\n<meta property=\"og:url\" content=\"https:\/\/donbaraton.es\/en\/p\/old-furniture-removal\/\" \/>\n<meta property=\"og:site_name\" content=\"Don Baraton: tienda de sof\u00e1s, muebles y colchones\" \/>\n<meta property=\"article:publisher\" content=\"https:\/\/www.facebook.com\/donbaraton.es\" \/>\n<meta property=\"article:modified_time\" content=\"2026-02-04T18:34:53+00:00\" \/>\n<meta property=\"og:image\" content=\"https:\/\/donbaraton.es\/wp-content\/uploads\/2018\/12\/Retirada-de-muebles-viejos-y-sof\u00e1s-viejos-1.jpg\" \/>\n\t<meta property=\"og:image:width\" content=\"600\" \/>\n\t<meta property=\"og:image:height\" content=\"600\" \/>\n\t<meta property=\"og:image:type\" content=\"image\/jpeg\" \/>\n<meta name=\"twitter:card\" content=\"summary_large_image\" \/>\n<meta name=\"twitter:site\" content=\"@don_baraton\" \/>\n<meta name=\"twitter:label1\" content=\"Estimated reading time\" \/>\n\t<meta name=\"twitter:data1\" content=\"2 minutes\" \/>\n<script type=\"application\/ld+json\" class=\"yoast-schema-graph\">{\"@context\":\"https:\/\/schema.org\",\"@graph\":[{\"@type\":\"WebPage\",\"@id\":\"https:\/\/donbaraton.es\/en\/p\/old-furniture-removal\/\",\"url\":\"https:\/\/donbaraton.es\/en\/p\/old-furniture-removal\/\",\"name\":\"Old Furniture Removal - Don Baraton: tienda de sof\u00e1s, muebles y colchones\",\"isPartOf\":{\"@id\":\"https:\/\/donbaraton.es\/#website\"},\"primaryImageOfPage\":{\"@id\":\"https:\/\/donbaraton.es\/en\/p\/old-furniture-removal\/#primaryimage\"},\"image\":{\"@id\":\"https:\/\/donbaraton.es\/en\/p\/old-furniture-removal\/#primaryimage\"},\"thumbnailUrl\":\"https:\/\/donbaraton.es\/wp-content\/uploads\/2018\/12\/Retirada-de-muebles-viejos-y-sof\u00e1s-viejos-1.jpg\",\"datePublished\":\"2018-12-10T14:14:19+00:00\",\"dateModified\":\"2026-02-04T18:34:53+00:00\",\"breadcrumb\":{\"@id\":\"https:\/\/donbaraton.es\/en\/p\/old-furniture-removal\/#breadcrumb\"},\"inLanguage\":\"en-GB\",\"potentialAction\":[{\"@type\":\"ReadAction\",\"target\":[\"https:\/\/donbaraton.es\/en\/p\/old-furniture-removal\/\"]}]},{\"@type\":\"ImageObject\",\"inLanguage\":\"en-GB\",\"@id\":\"https:\/\/donbaraton.es\/en\/p\/old-furniture-removal\/#primaryimage\",\"url\":\"https:\/\/donbaraton.es\/wp-content\/uploads\/2018\/12\/Retirada-de-muebles-viejos-y-sof\u00e1s-viejos-1.jpg\",\"contentUrl\":\"https:\/\/donbaraton.es\/wp-content\/uploads\/2018\/12\/Retirada-de-muebles-viejos-y-sof\u00e1s-viejos-1.jpg\",\"width\":600,\"height\":600,\"caption\":\"Old Furniture Removal\"},{\"@type\":\"BreadcrumbList\",\"@id\":\"https:\/\/donbaraton.es\/en\/p\/old-furniture-removal\/#breadcrumb\",\"itemListElement\":[{\"@type\":\"ListItem\",\"position\":1,\"name\":\"Portada\",\"item\":\"https:\/\/donbaraton.es\/en\/\"},{\"@type\":\"ListItem\",\"position\":2,\"name\":\"Online Shop\",\"item\":\"https:\/\/donbaraton.es\/en\/shop\/\"},{\"@type\":\"ListItem\",\"position\":3,\"name\":\"Old Furniture Removal\"}]},{\"@type\":\"WebSite\",\"@id\":\"https:\/\/donbaraton.es\/#website\",\"url\":\"https:\/\/donbaraton.es\/\",\"name\":\"Don Baraton: tienda de sof\u00e1s, muebles y colchones\",\"description\":\"Sofas baratos desde el almac\u00e9n en Almorad\u00ed, Alicante\",\"publisher\":{\"@id\":\"https:\/\/donbaraton.es\/#organization\"},\"potentialAction\":[{\"@type\":\"SearchAction\",\"target\":{\"@type\":\"EntryPoint\",\"urlTemplate\":\"https:\/\/donbaraton.es\/?s={search_term_string}\"},\"query-input\":{\"@type\":\"PropertyValueSpecification\",\"valueRequired\":true,\"valueName\":\"search_term_string\"}}],\"inLanguage\":\"en-GB\"},{\"@type\":\"Organization\",\"@id\":\"https:\/\/donbaraton.es\/#organization\",\"name\":\"Don Baraton\",\"url\":\"https:\/\/donbaraton.es\/\",\"logo\":{\"@type\":\"ImageObject\",\"inLanguage\":\"en-GB\",\"@id\":\"https:\/\/donbaraton.es\/#\/schema\/logo\/image\/\",\"url\":\"https:\/\/i0.wp.com\/donbaraton.es\/wp-content\/uploads\/2016\/11\/logo_don_baraton.png?fit=228%2C110&ssl=1\",\"contentUrl\":\"https:\/\/i0.wp.com\/donbaraton.es\/wp-content\/uploads\/2016\/11\/logo_don_baraton.png?fit=228%2C110&ssl=1\",\"width\":228,\"height\":110,\"caption\":\"Don Baraton\"},\"image\":{\"@id\":\"https:\/\/donbaraton.es\/#\/schema\/logo\/image\/\"},\"sameAs\":[\"https:\/\/www.facebook.com\/donbaraton.es\",\"https:\/\/x.com\/don_baraton\",\"https:\/\/www.instagram.com\/donbaraton.es\",\"https:\/\/www.linkedin.com\/company\/donbaraton\/\",\"https:\/\/es.pinterest.com\/donbaraton\/\",\"https:\/\/www.youtube.com\/channel\/UCL02HOwx-F759Jq5MedAZfQ\"]}]}<\/script>\n<!-- \/ Yoast SEO plugin. -->","yoast_head_json":{"title":"Old Furniture Removal - Don Baraton: tienda de sof\u00e1s, muebles y colchones","robots":{"index":"index","follow":"follow","max-snippet":"max-snippet:-1","max-image-preview":"max-image-preview:large","max-video-preview":"max-video-preview:-1"},"canonical":"https:\/\/donbaraton.es\/en\/p\/old-furniture-removal\/","og_locale":"en_GB","og_type":"article","og_title":"Old Furniture Removal - Don Baraton: tienda de sof\u00e1s, muebles y colchones","og_description":"Our old furniture removal service includes:   Moving the furniture from your property outside  Delivering the old furniture to the waste collecting station  Waste disposal fees  The price depends on the weight of the item, please choose an option below:  Service offered only to customers buying new furniture from us, please read full details below  &nbsp;","og_url":"https:\/\/donbaraton.es\/en\/p\/old-furniture-removal\/","og_site_name":"Don Baraton: tienda de sof\u00e1s, muebles y colchones","article_publisher":"https:\/\/www.facebook.com\/donbaraton.es","article_modified_time":"2026-02-04T18:34:53+00:00","og_image":[{"width":600,"height":600,"url":"https:\/\/donbaraton.es\/wp-content\/uploads\/2018\/12\/Retirada-de-muebles-viejos-y-sof\u00e1s-viejos-1.jpg","type":"image\/jpeg"}],"twitter_card":"summary_large_image","twitter_site":"@don_baraton","twitter_misc":{"Estimated reading time":"2 minutes"},"schema":{"@context":"https:\/\/schema.org","@graph":[{"@type":"WebPage","@id":"https:\/\/donbaraton.es\/en\/p\/old-furniture-removal\/","url":"https:\/\/donbaraton.es\/en\/p\/old-furniture-removal\/","name":"Old Furniture Removal - Don Baraton: tienda de sof\u00e1s, muebles y colchones","isPartOf":{"@id":"https:\/\/donbaraton.es\/#website"},"primaryImageOfPage":{"@id":"https:\/\/donbaraton.es\/en\/p\/old-furniture-removal\/#primaryimage"},"image":{"@id":"https:\/\/donbaraton.es\/en\/p\/old-furniture-removal\/#primaryimage"},"thumbnailUrl":"https:\/\/donbaraton.es\/wp-content\/uploads\/2018\/12\/Retirada-de-muebles-viejos-y-sof\u00e1s-viejos-1.jpg","datePublished":"2018-12-10T14:14:19+00:00","dateModified":"2026-02-04T18:34:53+00:00","breadcrumb":{"@id":"https:\/\/donbaraton.es\/en\/p\/old-furniture-removal\/#breadcrumb"},"inLanguage":"en-GB","potentialAction":[{"@type":"ReadAction","target":["https:\/\/donbaraton.es\/en\/p\/old-furniture-removal\/"]}]},{"@type":"ImageObject","inLanguage":"en-GB","@id":"https:\/\/donbaraton.es\/en\/p\/old-furniture-removal\/#primaryimage","url":"https:\/\/donbaraton.es\/wp-content\/uploads\/2018\/12\/Retirada-de-muebles-viejos-y-sof\u00e1s-viejos-1.jpg","contentUrl":"https:\/\/donbaraton.es\/wp-content\/uploads\/2018\/12\/Retirada-de-muebles-viejos-y-sof\u00e1s-viejos-1.jpg","width":600,"height":600,"caption":"Old Furniture Removal"},{"@type":"BreadcrumbList","@id":"https:\/\/donbaraton.es\/en\/p\/old-furniture-removal\/#breadcrumb","itemListElement":[{"@type":"ListItem","position":1,"name":"Portada","item":"https:\/\/donbaraton.es\/en\/"},{"@type":"ListItem","position":2,"name":"Online Shop","item":"https:\/\/donbaraton.es\/en\/shop\/"},{"@type":"ListItem","position":3,"name":"Old Furniture Removal"}]},{"@type":"WebSite","@id":"https:\/\/donbaraton.es\/#website","url":"https:\/\/donbaraton.es\/","name":"Don Baraton: tienda de sof\u00e1s, muebles y colchones","description":"Sofas baratos desde el almac\u00e9n en Almorad\u00ed, Alicante","publisher":{"@id":"https:\/\/donbaraton.es\/#organization"},"potentialAction":[{"@type":"SearchAction","target":{"@type":"EntryPoint","urlTemplate":"https:\/\/donbaraton.es\/?s={search_term_string}"},"query-input":{"@type":"PropertyValueSpecification","valueRequired":true,"valueName":"search_term_string"}}],"inLanguage":"en-GB"},{"@type":"Organization","@id":"https:\/\/donbaraton.es\/#organization","name":"Don Baraton","url":"https:\/\/donbaraton.es\/","logo":{"@type":"ImageObject","inLanguage":"en-GB","@id":"https:\/\/donbaraton.es\/#\/schema\/logo\/image\/","url":"https:\/\/i0.wp.com\/donbaraton.es\/wp-content\/uploads\/2016\/11\/logo_don_baraton.png?fit=228%2C110&ssl=1","contentUrl":"https:\/\/i0.wp.com\/donbaraton.es\/wp-content\/uploads\/2016\/11\/logo_don_baraton.png?fit=228%2C110&ssl=1","width":228,"height":110,"caption":"Don Baraton"},"image":{"@id":"https:\/\/donbaraton.es\/#\/schema\/logo\/image\/"},"sameAs":["https:\/\/www.facebook.com\/donbaraton.es","https:\/\/x.com\/don_baraton","https:\/\/www.instagram.com\/donbaraton.es","https:\/\/www.linkedin.com\/company\/donbaraton\/","https:\/\/es.pinterest.com\/donbaraton\/","https:\/\/www.youtube.com\/channel\/UCL02HOwx-F759Jq5MedAZfQ"]}]}},"_links":{"self":[{"href":"https:\/\/donbaraton.es\/en\/wp-json\/wp\/v2\/product\/12792","targetHints":{"allow":["GET"]}}],"collection":[{"href":"https:\/\/donbaraton.es\/en\/wp-json\/wp\/v2\/product"}],"about":[{"href":"https:\/\/donbaraton.es\/en\/wp-json\/wp\/v2\/types\/product"}],"replies":[{"embeddable":true,"href":"https:\/\/donbaraton.es\/en\/wp-json\/wp\/v2\/comments?post=12792"}],"wp:featuredmedia":[{"embeddable":true,"href":"https:\/\/donbaraton.es\/en\/wp-json\/wp\/v2\/media\/12790"}],"wp:attachment":[{"href":"https:\/\/donbaraton.es\/en\/wp-json\/wp\/v2\/media?parent=12792"}],"wp:term":[{"taxonomy":"product_brand","embeddable":true,"href":"https:\/\/donbaraton.es\/en\/wp-json\/wp\/v2\/product_brand?post=12792"},{"taxonomy":"product_cat","embeddable":true,"href":"https:\/\/donbaraton.es\/en\/wp-json\/wp\/v2\/product_cat?post=12792"},{"taxonomy":"product_tag","embeddable":true,"href":"https:\/\/donbaraton.es\/en\/wp-json\/wp\/v2\/product_tag?post=12792"}],"curies":[{"name":"wp","href":"https:\/\/api.w.org\/{rel}","templated":true}]}}