{"id":13362,"date":"2018-12-22T00:36:24","date_gmt":"2018-12-21T23:36:24","guid":{"rendered":"https:\/\/donbaraton.es\/producto\/uncategorized\/upholstered-bed-base-metal-support-bars-bazio\/"},"modified":"2022-12-16T10:16:48","modified_gmt":"2022-12-16T09:16:48","slug":"upholstered-bed-base-metal-support-bars-bazio","status":"publish","type":"product","link":"https:\/\/donbaraton.es\/en\/p\/upholstered-bed-base-metal-support-bars-bazio\/","title":{"rendered":"Upholstered Bed Base with Metal Support Bars &#8211; Bazio"},"content":{"rendered":"<p>The Bazio bed base is a simple and affordable way to have a bed. Durable steel frame reinforced with steel bars provides firmness and stability. The base will last for long time without noises or deformations. The bars of 4&#215;3 cm are thicker than those of most other models available on the market.<\/p>\n<p>Flat cover provides support to any type of mattress. Perforated chipboard facilitates better ventilation.<\/p>\n<p>Strong steel legs with plastic (an option) with plastic soles to protect for wooden and laminated floors.<\/p>\n<p>The model is available in beige, grey, white and brown (chocolate) colours and the following sizes: <strong>90 x 190<\/strong> <strong>cm<\/strong> (single bed base), <strong>105 x 190 cm<\/strong> (wide single bed base), <strong>135 x 190 cm<\/strong> (double bed base) and <strong>150 x 190 cm<\/strong> (wide double bed base).<\/p>\n<p>The 90 cm and 105 cm wide bed bases are available for purchase <strong>without legs<\/strong> or with <strong>four legs <\/strong>included.\u00a0The 135 cm and 150 cm wide bed bases are available <strong>without legs<\/strong> or with <strong>four six legs\u00a0included.<\/strong><\/p>\n<p>If you would like to change the standard number of legs (for example, have 6 legs instead of 4 legs on a 90 x 190 base) you can buy the base without legs and then by the legs separately on our website. The Bazio base is comes with holes for a maximum of 7 legs.<\/p>\n<p>Height with legs &#8211; 30 cm.<\/p>\n","protected":false},"excerpt":{"rendered":"<ul>\n<li>Sizes: 90 x 190 cm, 105 x 190 cm, 135 x 190 cm, 150 x 190 cm<\/li>\n<li>Durable and stable steel frame<\/li>\n<li>Reinforced with 5 steel bars (4 x 3 cm)<\/li>\n<li>Breathable 3D fabric and rubber<\/li>\n<li>Perforated chipboard for better ventilation<\/li>\n<\/ul>\n<p>Various sizes and colours (please choose an option below)<\/p>\n","protected":false},"featured_media":13029,"comment_status":"open","ping_status":"closed","template":"","meta":{"_et_pb_use_builder":"","_et_pb_old_content":"","_et_gb_content_width":""},"product_brand":[],"product_cat":[132],"product_tag":[],"class_list":{"0":"post-13362","1":"product","2":"type-product","3":"status-publish","4":"has-post-thumbnail","6":"product_cat-beds","7":"product_shipping_class-articulos-pesado-manufacturing-up-to-10-days","9":"first","10":"onbackorder","11":"sale","12":"taxable","13":"shipping-taxable","14":"purchasable","15":"product-type-variable"},"yoast_head":"<!-- This site is optimized with the Yoast SEO plugin v27.2 - https:\/\/yoast.com\/product\/yoast-seo-wordpress\/ -->\n<title>Upholstered Bed Base with Metal Support Bars - Bazio - Don Baraton: tienda de sof\u00e1s, muebles y colchones<\/title>\n<meta name=\"robots\" content=\"index, follow, max-snippet:-1, max-image-preview:large, max-video-preview:-1\" \/>\n<link rel=\"canonical\" href=\"https:\/\/donbaraton.es\/en\/p\/upholstered-bed-base-metal-support-bars-bazio\/\" \/>\n<meta property=\"og:locale\" content=\"en_GB\" \/>\n<meta property=\"og:type\" content=\"article\" \/>\n<meta property=\"og:title\" content=\"Upholstered Bed Base with Metal Support Bars - Bazio - Don Baraton: tienda de sof\u00e1s, muebles y colchones\" \/>\n<meta property=\"og:description\" content=\"Sizes: 90 x 190 cm, 105 x 190 cm, 135 x 190 cm, 150 x 190 cm  Durable and stable steel frame  Reinforced with 5 steel bars (4 x 3 cm)  Breathable 3D fabric and rubber  Perforated chipboard for better ventilation  Various sizes and colours (please choose an option below)\" \/>\n<meta property=\"og:url\" content=\"https:\/\/donbaraton.es\/en\/p\/upholstered-bed-base-metal-support-bars-bazio\/\" \/>\n<meta property=\"og:site_name\" content=\"Don Baraton: tienda de sof\u00e1s, muebles y colchones\" \/>\n<meta property=\"article:publisher\" content=\"https:\/\/www.facebook.com\/donbaraton.es\" \/>\n<meta property=\"article:modified_time\" content=\"2022-12-16T09:16:48+00:00\" \/>\n<meta property=\"og:image\" content=\"https:\/\/i0.wp.com\/donbaraton.es\/wp-content\/uploads\/2018\/12\/Base-tapizada-150-x-190-cm-color-beige-con-6-patas-Bazio.jpg?fit=1000%2C1000&ssl=1\" \/>\n\t<meta property=\"og:image:width\" content=\"1000\" \/>\n\t<meta property=\"og:image:height\" content=\"1000\" \/>\n\t<meta property=\"og:image:type\" content=\"image\/jpeg\" \/>\n<meta name=\"twitter:card\" content=\"summary_large_image\" \/>\n<meta name=\"twitter:site\" content=\"@don_baraton\" \/>\n<meta name=\"twitter:label1\" content=\"Estimated reading time\" \/>\n\t<meta name=\"twitter:data1\" content=\"1 minute\" \/>\n<script type=\"application\/ld+json\" class=\"yoast-schema-graph\">{\"@context\":\"https:\/\/schema.org\",\"@graph\":[{\"@type\":\"WebPage\",\"@id\":\"https:\/\/donbaraton.es\/en\/p\/upholstered-bed-base-metal-support-bars-bazio\/\",\"url\":\"https:\/\/donbaraton.es\/en\/p\/upholstered-bed-base-metal-support-bars-bazio\/\",\"name\":\"Upholstered Bed Base with Metal Support Bars - Bazio - Don Baraton: tienda de sof\u00e1s, muebles y colchones\",\"isPartOf\":{\"@id\":\"https:\/\/donbaraton.es\/#website\"},\"primaryImageOfPage\":{\"@id\":\"https:\/\/donbaraton.es\/en\/p\/upholstered-bed-base-metal-support-bars-bazio\/#primaryimage\"},\"image\":{\"@id\":\"https:\/\/donbaraton.es\/en\/p\/upholstered-bed-base-metal-support-bars-bazio\/#primaryimage\"},\"thumbnailUrl\":\"https:\/\/donbaraton.es\/wp-content\/uploads\/2018\/12\/Base-tapizada-150-x-190-cm-color-beige-con-6-patas-Bazio.jpg\",\"datePublished\":\"2018-12-21T23:36:24+00:00\",\"dateModified\":\"2022-12-16T09:16:48+00:00\",\"breadcrumb\":{\"@id\":\"https:\/\/donbaraton.es\/en\/p\/upholstered-bed-base-metal-support-bars-bazio\/#breadcrumb\"},\"inLanguage\":\"en-GB\",\"potentialAction\":[{\"@type\":\"ReadAction\",\"target\":[\"https:\/\/donbaraton.es\/en\/p\/upholstered-bed-base-metal-support-bars-bazio\/\"]}]},{\"@type\":\"ImageObject\",\"inLanguage\":\"en-GB\",\"@id\":\"https:\/\/donbaraton.es\/en\/p\/upholstered-bed-base-metal-support-bars-bazio\/#primaryimage\",\"url\":\"https:\/\/donbaraton.es\/wp-content\/uploads\/2018\/12\/Base-tapizada-150-x-190-cm-color-beige-con-6-patas-Bazio.jpg\",\"contentUrl\":\"https:\/\/donbaraton.es\/wp-content\/uploads\/2018\/12\/Base-tapizada-150-x-190-cm-color-beige-con-6-patas-Bazio.jpg\",\"width\":1000,\"height\":1000,\"caption\":\"Upholstered bed base 150 x 190 cm, beige fabric, with 6 legs - Bazio\"},{\"@type\":\"BreadcrumbList\",\"@id\":\"https:\/\/donbaraton.es\/en\/p\/upholstered-bed-base-metal-support-bars-bazio\/#breadcrumb\",\"itemListElement\":[{\"@type\":\"ListItem\",\"position\":1,\"name\":\"Portada\",\"item\":\"https:\/\/donbaraton.es\/en\/\"},{\"@type\":\"ListItem\",\"position\":2,\"name\":\"Online Shop\",\"item\":\"https:\/\/donbaraton.es\/en\/shop\/\"},{\"@type\":\"ListItem\",\"position\":3,\"name\":\"Upholstered Bed Base with Metal Support Bars &#8211; Bazio\"}]},{\"@type\":\"WebSite\",\"@id\":\"https:\/\/donbaraton.es\/#website\",\"url\":\"https:\/\/donbaraton.es\/\",\"name\":\"Don Baraton: tienda de sof\u00e1s, muebles y colchones\",\"description\":\"Sofas baratos desde el almac\u00e9n en Almorad\u00ed, Alicante\",\"publisher\":{\"@id\":\"https:\/\/donbaraton.es\/#organization\"},\"potentialAction\":[{\"@type\":\"SearchAction\",\"target\":{\"@type\":\"EntryPoint\",\"urlTemplate\":\"https:\/\/donbaraton.es\/?s={search_term_string}\"},\"query-input\":{\"@type\":\"PropertyValueSpecification\",\"valueRequired\":true,\"valueName\":\"search_term_string\"}}],\"inLanguage\":\"en-GB\"},{\"@type\":\"Organization\",\"@id\":\"https:\/\/donbaraton.es\/#organization\",\"name\":\"Don Baraton\",\"url\":\"https:\/\/donbaraton.es\/\",\"logo\":{\"@type\":\"ImageObject\",\"inLanguage\":\"en-GB\",\"@id\":\"https:\/\/donbaraton.es\/#\/schema\/logo\/image\/\",\"url\":\"https:\/\/i0.wp.com\/donbaraton.es\/wp-content\/uploads\/2016\/11\/logo_don_baraton.png?fit=228%2C110&ssl=1\",\"contentUrl\":\"https:\/\/i0.wp.com\/donbaraton.es\/wp-content\/uploads\/2016\/11\/logo_don_baraton.png?fit=228%2C110&ssl=1\",\"width\":228,\"height\":110,\"caption\":\"Don Baraton\"},\"image\":{\"@id\":\"https:\/\/donbaraton.es\/#\/schema\/logo\/image\/\"},\"sameAs\":[\"https:\/\/www.facebook.com\/donbaraton.es\",\"https:\/\/x.com\/don_baraton\",\"https:\/\/www.instagram.com\/donbaraton.es\",\"https:\/\/www.linkedin.com\/company\/donbaraton\/\",\"https:\/\/es.pinterest.com\/donbaraton\/\",\"https:\/\/www.youtube.com\/channel\/UCL02HOwx-F759Jq5MedAZfQ\"]}]}<\/script>\n<!-- \/ Yoast SEO plugin. -->","yoast_head_json":{"title":"Upholstered Bed Base with Metal Support Bars - Bazio - Don Baraton: tienda de sof\u00e1s, muebles y colchones","robots":{"index":"index","follow":"follow","max-snippet":"max-snippet:-1","max-image-preview":"max-image-preview:large","max-video-preview":"max-video-preview:-1"},"canonical":"https:\/\/donbaraton.es\/en\/p\/upholstered-bed-base-metal-support-bars-bazio\/","og_locale":"en_GB","og_type":"article","og_title":"Upholstered Bed Base with Metal Support Bars - Bazio - Don Baraton: tienda de sof\u00e1s, muebles y colchones","og_description":"Sizes: 90 x 190 cm, 105 x 190 cm, 135 x 190 cm, 150 x 190 cm  Durable and stable steel frame  Reinforced with 5 steel bars (4 x 3 cm)  Breathable 3D fabric and rubber  Perforated chipboard for better ventilation  Various sizes and colours (please choose an option below)","og_url":"https:\/\/donbaraton.es\/en\/p\/upholstered-bed-base-metal-support-bars-bazio\/","og_site_name":"Don Baraton: tienda de sof\u00e1s, muebles y colchones","article_publisher":"https:\/\/www.facebook.com\/donbaraton.es","article_modified_time":"2022-12-16T09:16:48+00:00","og_image":[{"width":1000,"height":1000,"url":"https:\/\/i0.wp.com\/donbaraton.es\/wp-content\/uploads\/2018\/12\/Base-tapizada-150-x-190-cm-color-beige-con-6-patas-Bazio.jpg?fit=1000%2C1000&ssl=1","type":"image\/jpeg"}],"twitter_card":"summary_large_image","twitter_site":"@don_baraton","twitter_misc":{"Estimated reading time":"1 minute"},"schema":{"@context":"https:\/\/schema.org","@graph":[{"@type":"WebPage","@id":"https:\/\/donbaraton.es\/en\/p\/upholstered-bed-base-metal-support-bars-bazio\/","url":"https:\/\/donbaraton.es\/en\/p\/upholstered-bed-base-metal-support-bars-bazio\/","name":"Upholstered Bed Base with Metal Support Bars - Bazio - Don Baraton: tienda de sof\u00e1s, muebles y colchones","isPartOf":{"@id":"https:\/\/donbaraton.es\/#website"},"primaryImageOfPage":{"@id":"https:\/\/donbaraton.es\/en\/p\/upholstered-bed-base-metal-support-bars-bazio\/#primaryimage"},"image":{"@id":"https:\/\/donbaraton.es\/en\/p\/upholstered-bed-base-metal-support-bars-bazio\/#primaryimage"},"thumbnailUrl":"https:\/\/donbaraton.es\/wp-content\/uploads\/2018\/12\/Base-tapizada-150-x-190-cm-color-beige-con-6-patas-Bazio.jpg","datePublished":"2018-12-21T23:36:24+00:00","dateModified":"2022-12-16T09:16:48+00:00","breadcrumb":{"@id":"https:\/\/donbaraton.es\/en\/p\/upholstered-bed-base-metal-support-bars-bazio\/#breadcrumb"},"inLanguage":"en-GB","potentialAction":[{"@type":"ReadAction","target":["https:\/\/donbaraton.es\/en\/p\/upholstered-bed-base-metal-support-bars-bazio\/"]}]},{"@type":"ImageObject","inLanguage":"en-GB","@id":"https:\/\/donbaraton.es\/en\/p\/upholstered-bed-base-metal-support-bars-bazio\/#primaryimage","url":"https:\/\/donbaraton.es\/wp-content\/uploads\/2018\/12\/Base-tapizada-150-x-190-cm-color-beige-con-6-patas-Bazio.jpg","contentUrl":"https:\/\/donbaraton.es\/wp-content\/uploads\/2018\/12\/Base-tapizada-150-x-190-cm-color-beige-con-6-patas-Bazio.jpg","width":1000,"height":1000,"caption":"Upholstered bed base 150 x 190 cm, beige fabric, with 6 legs - Bazio"},{"@type":"BreadcrumbList","@id":"https:\/\/donbaraton.es\/en\/p\/upholstered-bed-base-metal-support-bars-bazio\/#breadcrumb","itemListElement":[{"@type":"ListItem","position":1,"name":"Portada","item":"https:\/\/donbaraton.es\/en\/"},{"@type":"ListItem","position":2,"name":"Online Shop","item":"https:\/\/donbaraton.es\/en\/shop\/"},{"@type":"ListItem","position":3,"name":"Upholstered Bed Base with Metal Support Bars &#8211; Bazio"}]},{"@type":"WebSite","@id":"https:\/\/donbaraton.es\/#website","url":"https:\/\/donbaraton.es\/","name":"Don Baraton: tienda de sof\u00e1s, muebles y colchones","description":"Sofas baratos desde el almac\u00e9n en Almorad\u00ed, Alicante","publisher":{"@id":"https:\/\/donbaraton.es\/#organization"},"potentialAction":[{"@type":"SearchAction","target":{"@type":"EntryPoint","urlTemplate":"https:\/\/donbaraton.es\/?s={search_term_string}"},"query-input":{"@type":"PropertyValueSpecification","valueRequired":true,"valueName":"search_term_string"}}],"inLanguage":"en-GB"},{"@type":"Organization","@id":"https:\/\/donbaraton.es\/#organization","name":"Don Baraton","url":"https:\/\/donbaraton.es\/","logo":{"@type":"ImageObject","inLanguage":"en-GB","@id":"https:\/\/donbaraton.es\/#\/schema\/logo\/image\/","url":"https:\/\/i0.wp.com\/donbaraton.es\/wp-content\/uploads\/2016\/11\/logo_don_baraton.png?fit=228%2C110&ssl=1","contentUrl":"https:\/\/i0.wp.com\/donbaraton.es\/wp-content\/uploads\/2016\/11\/logo_don_baraton.png?fit=228%2C110&ssl=1","width":228,"height":110,"caption":"Don Baraton"},"image":{"@id":"https:\/\/donbaraton.es\/#\/schema\/logo\/image\/"},"sameAs":["https:\/\/www.facebook.com\/donbaraton.es","https:\/\/x.com\/don_baraton","https:\/\/www.instagram.com\/donbaraton.es","https:\/\/www.linkedin.com\/company\/donbaraton\/","https:\/\/es.pinterest.com\/donbaraton\/","https:\/\/www.youtube.com\/channel\/UCL02HOwx-F759Jq5MedAZfQ"]}]}},"_links":{"self":[{"href":"https:\/\/donbaraton.es\/en\/wp-json\/wp\/v2\/product\/13362","targetHints":{"allow":["GET"]}}],"collection":[{"href":"https:\/\/donbaraton.es\/en\/wp-json\/wp\/v2\/product"}],"about":[{"href":"https:\/\/donbaraton.es\/en\/wp-json\/wp\/v2\/types\/product"}],"replies":[{"embeddable":true,"href":"https:\/\/donbaraton.es\/en\/wp-json\/wp\/v2\/comments?post=13362"}],"wp:featuredmedia":[{"embeddable":true,"href":"https:\/\/donbaraton.es\/en\/wp-json\/wp\/v2\/media\/13029"}],"wp:attachment":[{"href":"https:\/\/donbaraton.es\/en\/wp-json\/wp\/v2\/media?parent=13362"}],"wp:term":[{"taxonomy":"product_brand","embeddable":true,"href":"https:\/\/donbaraton.es\/en\/wp-json\/wp\/v2\/product_brand?post=13362"},{"taxonomy":"product_cat","embeddable":true,"href":"https:\/\/donbaraton.es\/en\/wp-json\/wp\/v2\/product_cat?post=13362"},{"taxonomy":"product_tag","embeddable":true,"href":"https:\/\/donbaraton.es\/en\/wp-json\/wp\/v2\/product_tag?post=13362"}],"curies":[{"name":"wp","href":"https:\/\/api.w.org\/{rel}","templated":true}]}}