{"id":13450,"date":"2019-01-15T20:15:55","date_gmt":"2019-01-15T19:15:55","guid":{"rendered":"https:\/\/donbaraton.es\/producto\/uncategorized\/chaise-longue-sofa-bed-sliding-seats-alicante\/"},"modified":"2023-12-27T23:42:03","modified_gmt":"2023-12-27T22:42:03","slug":"chaise-longue-sofa-bed-sliding-seats-alicante","status":"publish","type":"product","link":"https:\/\/donbaraton.es\/en\/p\/chaise-longue-sofa-bed-sliding-seats-alicante\/","title":{"rendered":"Chaise Longue Sofa Bed with Sliding Seats &#8211; Alicante"},"content":{"rendered":"<p>Chaise longue sofa bed &#8211; Alicante. A comfy spacious sofa with adjustable seats that form a\u00a0bed when they are fully pulled-out.<\/p>\n<p>The sofa is upholstered in soft to touch stain-resistant fabric Melissa. The models is available in three colours &#8211; brown (&#8220;trufa&#8221;), beige (&#8220;camel&#8221;) and grey.<\/p>\n<p><strong>Dimensions:<\/strong> length 290 cm, length of the chaise longue 156 cm, height with headrests up &#8211; 100 cm, depth (without chaise) &#8211; 108 cm. <strong>Dimensions of the bed<\/strong> (with the seats pulled-out) &#8211; 242 x 100 cm.<\/p>\n<p>The frame of the sofa is made of pine wood and chipboard covered with polyurethane\u00a0foam.<\/p>\n<p>The seats are supported by elastic bands.<\/p>\n<p>Opening mechanism of the seats is made of painted steel. Steel mechanisms of the reclining backrests are hidden from view not visible.<\/p>\n<p>Comfortable <strong>seats<\/strong> with cushions made of polyester covered foam. The foam density is 28 kg.<\/p>\n<p>The <strong>backrest<\/strong> cushions of the sofa are filled with foam and\u00a0silicone hollow fiber.<\/p>\n<p>All <strong>covers of the sofa are removable and washable<\/strong> &#8211; on the seat, the backrest and the armrests.<\/p>\n<p><strong>Covers&#8217; washing instructions.<\/strong> Hand wash at\u00a040<b>\u00b0<\/b>C. Do not iron. Do not bleach. Do not use dryer machine. Do not dry clean.<\/p>\n<p><strong>Packed<\/strong> in bubble wrap and cardboard cartons (two cartons).<\/p>\n","protected":false},"excerpt":{"rendered":"<p><span style=\"color: #000000;\"><strong>Model discontinued. Please check:<\/strong><\/span> <a href=\"https:\/\/donbaraton.es\/en\/p\/chaise-longue-sofa-bed-sliding-seats-reclining-backrest-storage-marbella\/\"><strong>Chaise Longue Sofa Bed With Sliding Seats, Reclining Backrest, Storage \u2013 Marbella<\/strong><\/a><\/p>\n<ul>\n<li>Adjustable seats that form a 242 x 100 cm bed<\/li>\n<li>Upholstered in stain-resistant fabric<\/li>\n<li>Reclining backrests<\/li>\n<li>Removable and washable covers<\/li>\n<\/ul>\n<p><strong>Dimensions:<\/strong> length &#8211; 290 cm, length of the chaise longue &#8211; 156 cm, height &#8211; 100 cm, depth &#8211; 108 cm<\/p>\n","protected":false},"featured_media":13319,"comment_status":"open","ping_status":"closed","template":"","meta":{"_et_pb_use_builder":"","_et_pb_old_content":"","_et_gb_content_width":""},"product_brand":[],"product_cat":[43,45,41,35],"product_tag":[],"class_list":{"0":"post-13450","1":"product","2":"type-product","3":"status-publish","4":"has-post-thumbnail","6":"product_cat-sofa-beds-chaise-longue","7":"product_cat-chaise-longue-sofas","8":"product_cat-sofa-beds","9":"product_cat-sofas-en","10":"product_shipping_class-mas-de-20-kg-fabricacion-hasta-43-dias","11":"pa_lado-left","12":"pa_lado-right","13":"pa_largo-sofas-251-300-cm-en","14":"pa_material-fabric","15":"pa_plazas-3-seater-sofas","16":"pa_plazas-4-seater-sofas","18":"first","19":"outofstock","20":"taxable","21":"shipping-taxable","22":"product-type-variable"},"yoast_head":"<!-- This site is optimized with the Yoast SEO plugin v27.2 - https:\/\/yoast.com\/product\/yoast-seo-wordpress\/ -->\n<title>Chaise Longue Sofa Bed with Sliding Seats - Alicante - Don Baraton: tienda de sof\u00e1s, muebles y colchones<\/title>\n<meta name=\"robots\" content=\"index, follow, max-snippet:-1, max-image-preview:large, max-video-preview:-1\" \/>\n<link rel=\"canonical\" href=\"https:\/\/donbaraton.es\/en\/p\/chaise-longue-sofa-bed-sliding-seats-alicante\/\" \/>\n<meta property=\"og:locale\" content=\"en_GB\" \/>\n<meta property=\"og:type\" content=\"article\" \/>\n<meta property=\"og:title\" content=\"Chaise Longue Sofa Bed with Sliding Seats - Alicante - Don Baraton: tienda de sof\u00e1s, muebles y colchones\" \/>\n<meta property=\"og:description\" content=\"Model discontinued. Please check: Chaise Longue Sofa Bed With Sliding Seats, Reclining Backrest, Storage \u2013 Marbella   Adjustable seats that form a 242 x 100 cm bed  Upholstered in stain-resistant fabric  Reclining backrests  Removable and washable covers  Dimensions: length - 290 cm, length of the chaise longue - 156 cm, height - 100 cm, depth - 108 cm\" \/>\n<meta property=\"og:url\" content=\"https:\/\/donbaraton.es\/en\/p\/chaise-longue-sofa-bed-sliding-seats-alicante\/\" \/>\n<meta property=\"og:site_name\" content=\"Don Baraton: tienda de sof\u00e1s, muebles y colchones\" \/>\n<meta property=\"article:publisher\" content=\"https:\/\/www.facebook.com\/donbaraton.es\" \/>\n<meta property=\"article:modified_time\" content=\"2023-12-27T22:42:03+00:00\" \/>\n<meta property=\"og:image\" content=\"https:\/\/i0.wp.com\/donbaraton.es\/wp-content\/uploads\/2019\/01\/Sof\u00e1-cama-con-asientos-deslizantes-color-gris.-Chaise-longue-lado-derecho-Alicante.jpg?fit=1000%2C1000&ssl=1\" \/>\n\t<meta property=\"og:image:width\" content=\"1000\" \/>\n\t<meta property=\"og:image:height\" content=\"1000\" \/>\n\t<meta property=\"og:image:type\" content=\"image\/jpeg\" \/>\n<meta name=\"twitter:card\" content=\"summary_large_image\" \/>\n<meta name=\"twitter:site\" content=\"@don_baraton\" \/>\n<meta name=\"twitter:label1\" content=\"Estimated reading time\" \/>\n\t<meta name=\"twitter:data1\" content=\"1 minute\" \/>\n<script type=\"application\/ld+json\" class=\"yoast-schema-graph\">{\"@context\":\"https:\/\/schema.org\",\"@graph\":[{\"@type\":\"WebPage\",\"@id\":\"https:\/\/donbaraton.es\/en\/p\/chaise-longue-sofa-bed-sliding-seats-alicante\/\",\"url\":\"https:\/\/donbaraton.es\/en\/p\/chaise-longue-sofa-bed-sliding-seats-alicante\/\",\"name\":\"Chaise Longue Sofa Bed with Sliding Seats - Alicante - Don Baraton: tienda de sof\u00e1s, muebles y colchones\",\"isPartOf\":{\"@id\":\"https:\/\/donbaraton.es\/#website\"},\"primaryImageOfPage\":{\"@id\":\"https:\/\/donbaraton.es\/en\/p\/chaise-longue-sofa-bed-sliding-seats-alicante\/#primaryimage\"},\"image\":{\"@id\":\"https:\/\/donbaraton.es\/en\/p\/chaise-longue-sofa-bed-sliding-seats-alicante\/#primaryimage\"},\"thumbnailUrl\":\"https:\/\/donbaraton.es\/wp-content\/uploads\/2019\/01\/Sof\u00e1-cama-con-asientos-deslizantes-color-gris.-Chaise-longue-lado-derecho-Alicante.jpg\",\"datePublished\":\"2019-01-15T19:15:55+00:00\",\"dateModified\":\"2023-12-27T22:42:03+00:00\",\"breadcrumb\":{\"@id\":\"https:\/\/donbaraton.es\/en\/p\/chaise-longue-sofa-bed-sliding-seats-alicante\/#breadcrumb\"},\"inLanguage\":\"en-GB\",\"potentialAction\":[{\"@type\":\"ReadAction\",\"target\":[\"https:\/\/donbaraton.es\/en\/p\/chaise-longue-sofa-bed-sliding-seats-alicante\/\"]}]},{\"@type\":\"ImageObject\",\"inLanguage\":\"en-GB\",\"@id\":\"https:\/\/donbaraton.es\/en\/p\/chaise-longue-sofa-bed-sliding-seats-alicante\/#primaryimage\",\"url\":\"https:\/\/donbaraton.es\/wp-content\/uploads\/2019\/01\/Sof\u00e1-cama-con-asientos-deslizantes-color-gris.-Chaise-longue-lado-derecho-Alicante.jpg\",\"contentUrl\":\"https:\/\/donbaraton.es\/wp-content\/uploads\/2019\/01\/Sof\u00e1-cama-con-asientos-deslizantes-color-gris.-Chaise-longue-lado-derecho-Alicante.jpg\",\"width\":1000,\"height\":1000,\"caption\":\"Chaise Longue Sofa Bed with Sliding Seats - Alicante. Right Hand Chaise. Grey Fabric\"},{\"@type\":\"BreadcrumbList\",\"@id\":\"https:\/\/donbaraton.es\/en\/p\/chaise-longue-sofa-bed-sliding-seats-alicante\/#breadcrumb\",\"itemListElement\":[{\"@type\":\"ListItem\",\"position\":1,\"name\":\"Portada\",\"item\":\"https:\/\/donbaraton.es\/en\/\"},{\"@type\":\"ListItem\",\"position\":2,\"name\":\"Online Shop\",\"item\":\"https:\/\/donbaraton.es\/en\/shop\/\"},{\"@type\":\"ListItem\",\"position\":3,\"name\":\"Chaise Longue Sofa Bed with Sliding Seats &#8211; Alicante\"}]},{\"@type\":\"WebSite\",\"@id\":\"https:\/\/donbaraton.es\/#website\",\"url\":\"https:\/\/donbaraton.es\/\",\"name\":\"Don Baraton: tienda de sof\u00e1s, muebles y colchones\",\"description\":\"Sofas baratos desde el almac\u00e9n en Almorad\u00ed, Alicante\",\"publisher\":{\"@id\":\"https:\/\/donbaraton.es\/#organization\"},\"potentialAction\":[{\"@type\":\"SearchAction\",\"target\":{\"@type\":\"EntryPoint\",\"urlTemplate\":\"https:\/\/donbaraton.es\/?s={search_term_string}\"},\"query-input\":{\"@type\":\"PropertyValueSpecification\",\"valueRequired\":true,\"valueName\":\"search_term_string\"}}],\"inLanguage\":\"en-GB\"},{\"@type\":\"Organization\",\"@id\":\"https:\/\/donbaraton.es\/#organization\",\"name\":\"Don Baraton\",\"url\":\"https:\/\/donbaraton.es\/\",\"logo\":{\"@type\":\"ImageObject\",\"inLanguage\":\"en-GB\",\"@id\":\"https:\/\/donbaraton.es\/#\/schema\/logo\/image\/\",\"url\":\"https:\/\/i0.wp.com\/donbaraton.es\/wp-content\/uploads\/2016\/11\/logo_don_baraton.png?fit=228%2C110&ssl=1\",\"contentUrl\":\"https:\/\/i0.wp.com\/donbaraton.es\/wp-content\/uploads\/2016\/11\/logo_don_baraton.png?fit=228%2C110&ssl=1\",\"width\":228,\"height\":110,\"caption\":\"Don Baraton\"},\"image\":{\"@id\":\"https:\/\/donbaraton.es\/#\/schema\/logo\/image\/\"},\"sameAs\":[\"https:\/\/www.facebook.com\/donbaraton.es\",\"https:\/\/x.com\/don_baraton\",\"https:\/\/www.instagram.com\/donbaraton.es\",\"https:\/\/www.linkedin.com\/company\/donbaraton\/\",\"https:\/\/es.pinterest.com\/donbaraton\/\",\"https:\/\/www.youtube.com\/channel\/UCL02HOwx-F759Jq5MedAZfQ\"]}]}<\/script>\n<!-- \/ Yoast SEO plugin. -->","yoast_head_json":{"title":"Chaise Longue Sofa Bed with Sliding Seats - Alicante - Don Baraton: tienda de sof\u00e1s, muebles y colchones","robots":{"index":"index","follow":"follow","max-snippet":"max-snippet:-1","max-image-preview":"max-image-preview:large","max-video-preview":"max-video-preview:-1"},"canonical":"https:\/\/donbaraton.es\/en\/p\/chaise-longue-sofa-bed-sliding-seats-alicante\/","og_locale":"en_GB","og_type":"article","og_title":"Chaise Longue Sofa Bed with Sliding Seats - Alicante - Don Baraton: tienda de sof\u00e1s, muebles y colchones","og_description":"Model discontinued. Please check: Chaise Longue Sofa Bed With Sliding Seats, Reclining Backrest, Storage \u2013 Marbella   Adjustable seats that form a 242 x 100 cm bed  Upholstered in stain-resistant fabric  Reclining backrests  Removable and washable covers  Dimensions: length - 290 cm, length of the chaise longue - 156 cm, height - 100 cm, depth - 108 cm","og_url":"https:\/\/donbaraton.es\/en\/p\/chaise-longue-sofa-bed-sliding-seats-alicante\/","og_site_name":"Don Baraton: tienda de sof\u00e1s, muebles y colchones","article_publisher":"https:\/\/www.facebook.com\/donbaraton.es","article_modified_time":"2023-12-27T22:42:03+00:00","og_image":[{"width":1000,"height":1000,"url":"https:\/\/i0.wp.com\/donbaraton.es\/wp-content\/uploads\/2019\/01\/Sof\u00e1-cama-con-asientos-deslizantes-color-gris.-Chaise-longue-lado-derecho-Alicante.jpg?fit=1000%2C1000&ssl=1","type":"image\/jpeg"}],"twitter_card":"summary_large_image","twitter_site":"@don_baraton","twitter_misc":{"Estimated reading time":"1 minute"},"schema":{"@context":"https:\/\/schema.org","@graph":[{"@type":"WebPage","@id":"https:\/\/donbaraton.es\/en\/p\/chaise-longue-sofa-bed-sliding-seats-alicante\/","url":"https:\/\/donbaraton.es\/en\/p\/chaise-longue-sofa-bed-sliding-seats-alicante\/","name":"Chaise Longue Sofa Bed with Sliding Seats - Alicante - Don Baraton: tienda de sof\u00e1s, muebles y colchones","isPartOf":{"@id":"https:\/\/donbaraton.es\/#website"},"primaryImageOfPage":{"@id":"https:\/\/donbaraton.es\/en\/p\/chaise-longue-sofa-bed-sliding-seats-alicante\/#primaryimage"},"image":{"@id":"https:\/\/donbaraton.es\/en\/p\/chaise-longue-sofa-bed-sliding-seats-alicante\/#primaryimage"},"thumbnailUrl":"https:\/\/donbaraton.es\/wp-content\/uploads\/2019\/01\/Sof\u00e1-cama-con-asientos-deslizantes-color-gris.-Chaise-longue-lado-derecho-Alicante.jpg","datePublished":"2019-01-15T19:15:55+00:00","dateModified":"2023-12-27T22:42:03+00:00","breadcrumb":{"@id":"https:\/\/donbaraton.es\/en\/p\/chaise-longue-sofa-bed-sliding-seats-alicante\/#breadcrumb"},"inLanguage":"en-GB","potentialAction":[{"@type":"ReadAction","target":["https:\/\/donbaraton.es\/en\/p\/chaise-longue-sofa-bed-sliding-seats-alicante\/"]}]},{"@type":"ImageObject","inLanguage":"en-GB","@id":"https:\/\/donbaraton.es\/en\/p\/chaise-longue-sofa-bed-sliding-seats-alicante\/#primaryimage","url":"https:\/\/donbaraton.es\/wp-content\/uploads\/2019\/01\/Sof\u00e1-cama-con-asientos-deslizantes-color-gris.-Chaise-longue-lado-derecho-Alicante.jpg","contentUrl":"https:\/\/donbaraton.es\/wp-content\/uploads\/2019\/01\/Sof\u00e1-cama-con-asientos-deslizantes-color-gris.-Chaise-longue-lado-derecho-Alicante.jpg","width":1000,"height":1000,"caption":"Chaise Longue Sofa Bed with Sliding Seats - Alicante. Right Hand Chaise. Grey Fabric"},{"@type":"BreadcrumbList","@id":"https:\/\/donbaraton.es\/en\/p\/chaise-longue-sofa-bed-sliding-seats-alicante\/#breadcrumb","itemListElement":[{"@type":"ListItem","position":1,"name":"Portada","item":"https:\/\/donbaraton.es\/en\/"},{"@type":"ListItem","position":2,"name":"Online Shop","item":"https:\/\/donbaraton.es\/en\/shop\/"},{"@type":"ListItem","position":3,"name":"Chaise Longue Sofa Bed with Sliding Seats &#8211; Alicante"}]},{"@type":"WebSite","@id":"https:\/\/donbaraton.es\/#website","url":"https:\/\/donbaraton.es\/","name":"Don Baraton: tienda de sof\u00e1s, muebles y colchones","description":"Sofas baratos desde el almac\u00e9n en Almorad\u00ed, Alicante","publisher":{"@id":"https:\/\/donbaraton.es\/#organization"},"potentialAction":[{"@type":"SearchAction","target":{"@type":"EntryPoint","urlTemplate":"https:\/\/donbaraton.es\/?s={search_term_string}"},"query-input":{"@type":"PropertyValueSpecification","valueRequired":true,"valueName":"search_term_string"}}],"inLanguage":"en-GB"},{"@type":"Organization","@id":"https:\/\/donbaraton.es\/#organization","name":"Don Baraton","url":"https:\/\/donbaraton.es\/","logo":{"@type":"ImageObject","inLanguage":"en-GB","@id":"https:\/\/donbaraton.es\/#\/schema\/logo\/image\/","url":"https:\/\/i0.wp.com\/donbaraton.es\/wp-content\/uploads\/2016\/11\/logo_don_baraton.png?fit=228%2C110&ssl=1","contentUrl":"https:\/\/i0.wp.com\/donbaraton.es\/wp-content\/uploads\/2016\/11\/logo_don_baraton.png?fit=228%2C110&ssl=1","width":228,"height":110,"caption":"Don Baraton"},"image":{"@id":"https:\/\/donbaraton.es\/#\/schema\/logo\/image\/"},"sameAs":["https:\/\/www.facebook.com\/donbaraton.es","https:\/\/x.com\/don_baraton","https:\/\/www.instagram.com\/donbaraton.es","https:\/\/www.linkedin.com\/company\/donbaraton\/","https:\/\/es.pinterest.com\/donbaraton\/","https:\/\/www.youtube.com\/channel\/UCL02HOwx-F759Jq5MedAZfQ"]}]}},"_links":{"self":[{"href":"https:\/\/donbaraton.es\/en\/wp-json\/wp\/v2\/product\/13450","targetHints":{"allow":["GET"]}}],"collection":[{"href":"https:\/\/donbaraton.es\/en\/wp-json\/wp\/v2\/product"}],"about":[{"href":"https:\/\/donbaraton.es\/en\/wp-json\/wp\/v2\/types\/product"}],"replies":[{"embeddable":true,"href":"https:\/\/donbaraton.es\/en\/wp-json\/wp\/v2\/comments?post=13450"}],"wp:featuredmedia":[{"embeddable":true,"href":"https:\/\/donbaraton.es\/en\/wp-json\/wp\/v2\/media\/13319"}],"wp:attachment":[{"href":"https:\/\/donbaraton.es\/en\/wp-json\/wp\/v2\/media?parent=13450"}],"wp:term":[{"taxonomy":"product_brand","embeddable":true,"href":"https:\/\/donbaraton.es\/en\/wp-json\/wp\/v2\/product_brand?post=13450"},{"taxonomy":"product_cat","embeddable":true,"href":"https:\/\/donbaraton.es\/en\/wp-json\/wp\/v2\/product_cat?post=13450"},{"taxonomy":"product_tag","embeddable":true,"href":"https:\/\/donbaraton.es\/en\/wp-json\/wp\/v2\/product_tag?post=13450"}],"curies":[{"name":"wp","href":"https:\/\/api.w.org\/{rel}","templated":true}]}}