{"id":13896,"date":"2019-08-25T01:45:57","date_gmt":"2019-02-09T13:21:57","guid":{"rendered":"https:\/\/donbaraton.es\/?post_type=product&#038;p=13896"},"modified":"2024-11-10T04:49:54","modified_gmt":"2024-11-10T03:49:54","slug":"chaise-longue-sofa-with-high-backrest-reclining-headrests-bed-and-storage","status":"publish","type":"product","link":"https:\/\/donbaraton.es\/en\/p\/chaise-longue-sofa-with-high-backrest-reclining-headrests-bed-and-storage\/","title":{"rendered":"Chaise Longue Sofa with High Backrest, Reclining Headrests, Bed and Storage &#8211; Windzor"},"content":{"rendered":"<p><strong>Chaise longue sofa with high backrest, reclining headrests, pull-out bed and storage &#8211; Windzor.<\/strong><\/p>\n<p><strong>Comfortable backrests<\/strong>,\u00a0suitable for people of any height.<\/p>\n<p><strong>Reclining adjustable headrests<\/strong>\u00a0(4 positions) for maximum comfort and optimal seating position.<\/p>\n<p>Comfy and soft\u00a0<strong>seats<\/strong>\u00a0with wave springs.<\/p>\n<p>Spacious\u00a0<strong>pull-out bed<\/strong>\u00a0with \u201cdolphin\u201d\u00a0opening mechanism.<\/p>\n<p><strong>Storage<\/strong>\u00a0under the chaise longue.<\/p>\n<p><strong>Upholstered outer backrest<\/strong>\u00a0(suitable for the center of the living room).<\/p>\n<p><strong>The sofa is available in two fabrics:<\/strong><\/p>\n<p>\u2013 Plush Alfa 19, a very soft to touch and durable fabric that will last for years. Weight 435 g \/ m2, 40,000 abrasive cycles<\/p>\n<p>\u2013 Inari 94 fabric, one of the most durable fabric on the market, 49,000 abrasive cycles, weight 260 g \/ m2. Perfect if you have pets<\/p>\n<p>This model is also available in U shape:\u00a0<a href=\"https:\/\/donbaraton.es\/en\/producto\/sofas-en\/u-shaped-sofa-pull-out-bed-reclining-headrests-toronto\/\"><strong>U-shaped Sofa with Pull-out Bed and Reclining Headrests.<\/strong><\/a><\/p>\n<p><strong>Dimensions:<\/strong> length 258 cm, length of the chaise longue 164 cm, height with headrests up &#8211; 102 cm, with headrests down &#8211; 86 cm. <strong>Dimensions of the bed:<\/strong> 197 x 126 cm<\/p>\n<p><strong>Transportation volume:<\/strong>\u00a0Package 1: 204 x 91 x 87 cm (57 kg). Package 2: 156 x 83 x 95 cm (53 kg). <strong>Volume:<\/strong> 2.85 cm3.\u00a0<strong>Weight:<\/strong>\u00a0110 kg.<\/p>\n","protected":false},"excerpt":{"rendered":"<ul>\n<li>Pull-out bed 126 x 197 cm<\/li>\n<li>Comfortable backrest with reclining headrests<\/li>\n<li>Modern design<\/li>\n<li>Storage under the chaise longue<\/li>\n<li>Wave springs<\/li>\n<\/ul>\n<p><strong>Dimensions:<\/strong> length 258 cm, chaise longue 164 cm, height 86-102<\/p>\n","protected":false},"featured_media":14027,"comment_status":"open","ping_status":"closed","template":"","meta":{"_et_pb_use_builder":"","_et_pb_old_content":"","_et_gb_content_width":""},"product_brand":[],"product_cat":[43,45,41,35],"product_tag":[],"class_list":{"0":"post-13896","1":"product","2":"type-product","3":"status-publish","4":"has-post-thumbnail","6":"product_cat-sofa-beds-chaise-longue","7":"product_cat-chaise-longue-sofas","8":"product_cat-sofa-beds","9":"product_cat-sofas-en","10":"product_shipping_class-mas-de-20-kg-fabricacion-hasta-43-dias","11":"pa_lado-left","12":"pa_lado-right","13":"pa_largo-sofas-251-300-cm-en","14":"pa_material-fabric","15":"pa_muelles-sinuous-springs","16":"pa_plazas-3-seater-sofas","17":"pa_plazas-4-seater-sofas","19":"first","20":"outofstock","21":"sale","22":"taxable","23":"shipping-taxable","24":"purchasable","25":"product-type-variable"},"yoast_head":"<!-- This site is optimized with the Yoast SEO plugin v27.2 - https:\/\/yoast.com\/product\/yoast-seo-wordpress\/ -->\n<title>Chaise Longue Sofa with High Backrest, Reclining Headrests, Bed and Storage - Windzor - Don Baraton: tienda de sof\u00e1s, muebles y colchones<\/title>\n<meta name=\"robots\" content=\"index, follow, max-snippet:-1, max-image-preview:large, max-video-preview:-1\" \/>\n<link rel=\"canonical\" href=\"https:\/\/donbaraton.es\/en\/p\/chaise-longue-sofa-with-high-backrest-reclining-headrests-bed-and-storage\/\" \/>\n<meta property=\"og:locale\" content=\"en_GB\" \/>\n<meta property=\"og:type\" content=\"article\" \/>\n<meta property=\"og:title\" content=\"Chaise Longue Sofa with High Backrest, Reclining Headrests, Bed and Storage - Windzor - Don Baraton: tienda de sof\u00e1s, muebles y colchones\" \/>\n<meta property=\"og:description\" content=\"Pull-out bed 126 x 197 cm  Comfortable backrest with reclining headrests  Modern design  Storage under the chaise longue  Wave springs  Dimensions: length 258 cm, chaise longue 164 cm, height 86-102\" \/>\n<meta property=\"og:url\" content=\"https:\/\/donbaraton.es\/en\/p\/chaise-longue-sofa-with-high-backrest-reclining-headrests-bed-and-storage\/\" \/>\n<meta property=\"og:site_name\" content=\"Don Baraton: tienda de sof\u00e1s, muebles y colchones\" \/>\n<meta property=\"article:publisher\" content=\"https:\/\/www.facebook.com\/donbaraton.es\" \/>\n<meta property=\"article:modified_time\" content=\"2024-11-10T03:49:54+00:00\" \/>\n<meta property=\"og:image\" content=\"https:\/\/donbaraton.es\/wp-content\/uploads\/2019\/02\/Sof\u00e1-chaise-longue-cama-alto-respaldo-con-reposacabezas-reclinables.-Chaise-longue-lado-izquierdo.-Tela-gris-Inari-94-\u2013-Windzor.jpg\" \/>\n\t<meta property=\"og:image:width\" content=\"1000\" \/>\n\t<meta property=\"og:image:height\" content=\"666\" \/>\n\t<meta property=\"og:image:type\" content=\"image\/jpeg\" \/>\n<meta name=\"twitter:card\" content=\"summary_large_image\" \/>\n<meta name=\"twitter:site\" content=\"@don_baraton\" \/>\n<meta name=\"twitter:label1\" content=\"Estimated reading time\" \/>\n\t<meta name=\"twitter:data1\" content=\"1 minute\" \/>\n<script type=\"application\/ld+json\" class=\"yoast-schema-graph\">{\"@context\":\"https:\/\/schema.org\",\"@graph\":[{\"@type\":\"WebPage\",\"@id\":\"https:\/\/donbaraton.es\/en\/p\/chaise-longue-sofa-with-high-backrest-reclining-headrests-bed-and-storage\/\",\"url\":\"https:\/\/donbaraton.es\/en\/p\/chaise-longue-sofa-with-high-backrest-reclining-headrests-bed-and-storage\/\",\"name\":\"Chaise Longue Sofa with High Backrest, Reclining Headrests, Bed and Storage - Windzor - Don Baraton: tienda de sof\u00e1s, muebles y colchones\",\"isPartOf\":{\"@id\":\"https:\/\/donbaraton.es\/#website\"},\"primaryImageOfPage\":{\"@id\":\"https:\/\/donbaraton.es\/en\/p\/chaise-longue-sofa-with-high-backrest-reclining-headrests-bed-and-storage\/#primaryimage\"},\"image\":{\"@id\":\"https:\/\/donbaraton.es\/en\/p\/chaise-longue-sofa-with-high-backrest-reclining-headrests-bed-and-storage\/#primaryimage\"},\"thumbnailUrl\":\"https:\/\/donbaraton.es\/wp-content\/uploads\/2019\/02\/Sof\u00e1-chaise-longue-cama-alto-respaldo-con-reposacabezas-reclinables.-Chaise-longue-lado-derecho.-Tela-gris-Inari-94-\u2013-Windzor.jpg\",\"datePublished\":\"2019-02-09T13:21:57+00:00\",\"dateModified\":\"2024-11-10T03:49:54+00:00\",\"breadcrumb\":{\"@id\":\"https:\/\/donbaraton.es\/en\/p\/chaise-longue-sofa-with-high-backrest-reclining-headrests-bed-and-storage\/#breadcrumb\"},\"inLanguage\":\"en-GB\",\"potentialAction\":[{\"@type\":\"ReadAction\",\"target\":[\"https:\/\/donbaraton.es\/en\/p\/chaise-longue-sofa-with-high-backrest-reclining-headrests-bed-and-storage\/\"]}]},{\"@type\":\"ImageObject\",\"inLanguage\":\"en-GB\",\"@id\":\"https:\/\/donbaraton.es\/en\/p\/chaise-longue-sofa-with-high-backrest-reclining-headrests-bed-and-storage\/#primaryimage\",\"url\":\"https:\/\/donbaraton.es\/wp-content\/uploads\/2019\/02\/Sof\u00e1-chaise-longue-cama-alto-respaldo-con-reposacabezas-reclinables.-Chaise-longue-lado-derecho.-Tela-gris-Inari-94-\u2013-Windzor.jpg\",\"contentUrl\":\"https:\/\/donbaraton.es\/wp-content\/uploads\/2019\/02\/Sof\u00e1-chaise-longue-cama-alto-respaldo-con-reposacabezas-reclinables.-Chaise-longue-lado-derecho.-Tela-gris-Inari-94-\u2013-Windzor.jpg\",\"width\":1000,\"height\":666,\"caption\":\"Chaise Longue Sofa with High Backrest, Reclining Headrests, Bed and Storage - Windzor. Right Corner, Grey Inari 94 Fabric\"},{\"@type\":\"BreadcrumbList\",\"@id\":\"https:\/\/donbaraton.es\/en\/p\/chaise-longue-sofa-with-high-backrest-reclining-headrests-bed-and-storage\/#breadcrumb\",\"itemListElement\":[{\"@type\":\"ListItem\",\"position\":1,\"name\":\"Portada\",\"item\":\"https:\/\/donbaraton.es\/en\/\"},{\"@type\":\"ListItem\",\"position\":2,\"name\":\"Online Shop\",\"item\":\"https:\/\/donbaraton.es\/en\/shop\/\"},{\"@type\":\"ListItem\",\"position\":3,\"name\":\"Chaise Longue Sofa with High Backrest, Reclining Headrests, Bed and Storage &#8211; Windzor\"}]},{\"@type\":\"WebSite\",\"@id\":\"https:\/\/donbaraton.es\/#website\",\"url\":\"https:\/\/donbaraton.es\/\",\"name\":\"Don Baraton: tienda de sof\u00e1s, muebles y colchones\",\"description\":\"Sofas baratos desde el almac\u00e9n en Almorad\u00ed, Alicante\",\"publisher\":{\"@id\":\"https:\/\/donbaraton.es\/#organization\"},\"potentialAction\":[{\"@type\":\"SearchAction\",\"target\":{\"@type\":\"EntryPoint\",\"urlTemplate\":\"https:\/\/donbaraton.es\/?s={search_term_string}\"},\"query-input\":{\"@type\":\"PropertyValueSpecification\",\"valueRequired\":true,\"valueName\":\"search_term_string\"}}],\"inLanguage\":\"en-GB\"},{\"@type\":\"Organization\",\"@id\":\"https:\/\/donbaraton.es\/#organization\",\"name\":\"Don Baraton\",\"url\":\"https:\/\/donbaraton.es\/\",\"logo\":{\"@type\":\"ImageObject\",\"inLanguage\":\"en-GB\",\"@id\":\"https:\/\/donbaraton.es\/#\/schema\/logo\/image\/\",\"url\":\"https:\/\/i0.wp.com\/donbaraton.es\/wp-content\/uploads\/2016\/11\/logo_don_baraton.png?fit=228%2C110&ssl=1\",\"contentUrl\":\"https:\/\/i0.wp.com\/donbaraton.es\/wp-content\/uploads\/2016\/11\/logo_don_baraton.png?fit=228%2C110&ssl=1\",\"width\":228,\"height\":110,\"caption\":\"Don Baraton\"},\"image\":{\"@id\":\"https:\/\/donbaraton.es\/#\/schema\/logo\/image\/\"},\"sameAs\":[\"https:\/\/www.facebook.com\/donbaraton.es\",\"https:\/\/x.com\/don_baraton\",\"https:\/\/www.instagram.com\/donbaraton.es\",\"https:\/\/www.linkedin.com\/company\/donbaraton\/\",\"https:\/\/es.pinterest.com\/donbaraton\/\",\"https:\/\/www.youtube.com\/channel\/UCL02HOwx-F759Jq5MedAZfQ\"]}]}<\/script>\n<!-- \/ Yoast SEO plugin. -->","yoast_head_json":{"title":"Chaise Longue Sofa with High Backrest, Reclining Headrests, Bed and Storage - Windzor - Don Baraton: tienda de sof\u00e1s, muebles y colchones","robots":{"index":"index","follow":"follow","max-snippet":"max-snippet:-1","max-image-preview":"max-image-preview:large","max-video-preview":"max-video-preview:-1"},"canonical":"https:\/\/donbaraton.es\/en\/p\/chaise-longue-sofa-with-high-backrest-reclining-headrests-bed-and-storage\/","og_locale":"en_GB","og_type":"article","og_title":"Chaise Longue Sofa with High Backrest, Reclining Headrests, Bed and Storage - Windzor - Don Baraton: tienda de sof\u00e1s, muebles y colchones","og_description":"Pull-out bed 126 x 197 cm  Comfortable backrest with reclining headrests  Modern design  Storage under the chaise longue  Wave springs  Dimensions: length 258 cm, chaise longue 164 cm, height 86-102","og_url":"https:\/\/donbaraton.es\/en\/p\/chaise-longue-sofa-with-high-backrest-reclining-headrests-bed-and-storage\/","og_site_name":"Don Baraton: tienda de sof\u00e1s, muebles y colchones","article_publisher":"https:\/\/www.facebook.com\/donbaraton.es","article_modified_time":"2024-11-10T03:49:54+00:00","og_image":[{"width":1000,"height":666,"url":"https:\/\/donbaraton.es\/wp-content\/uploads\/2019\/02\/Sof\u00e1-chaise-longue-cama-alto-respaldo-con-reposacabezas-reclinables.-Chaise-longue-lado-izquierdo.-Tela-gris-Inari-94-\u2013-Windzor.jpg","type":"image\/jpeg"}],"twitter_card":"summary_large_image","twitter_site":"@don_baraton","twitter_misc":{"Estimated reading time":"1 minute"},"schema":{"@context":"https:\/\/schema.org","@graph":[{"@type":"WebPage","@id":"https:\/\/donbaraton.es\/en\/p\/chaise-longue-sofa-with-high-backrest-reclining-headrests-bed-and-storage\/","url":"https:\/\/donbaraton.es\/en\/p\/chaise-longue-sofa-with-high-backrest-reclining-headrests-bed-and-storage\/","name":"Chaise Longue Sofa with High Backrest, Reclining Headrests, Bed and Storage - Windzor - Don Baraton: tienda de sof\u00e1s, muebles y colchones","isPartOf":{"@id":"https:\/\/donbaraton.es\/#website"},"primaryImageOfPage":{"@id":"https:\/\/donbaraton.es\/en\/p\/chaise-longue-sofa-with-high-backrest-reclining-headrests-bed-and-storage\/#primaryimage"},"image":{"@id":"https:\/\/donbaraton.es\/en\/p\/chaise-longue-sofa-with-high-backrest-reclining-headrests-bed-and-storage\/#primaryimage"},"thumbnailUrl":"https:\/\/donbaraton.es\/wp-content\/uploads\/2019\/02\/Sof\u00e1-chaise-longue-cama-alto-respaldo-con-reposacabezas-reclinables.-Chaise-longue-lado-derecho.-Tela-gris-Inari-94-\u2013-Windzor.jpg","datePublished":"2019-02-09T13:21:57+00:00","dateModified":"2024-11-10T03:49:54+00:00","breadcrumb":{"@id":"https:\/\/donbaraton.es\/en\/p\/chaise-longue-sofa-with-high-backrest-reclining-headrests-bed-and-storage\/#breadcrumb"},"inLanguage":"en-GB","potentialAction":[{"@type":"ReadAction","target":["https:\/\/donbaraton.es\/en\/p\/chaise-longue-sofa-with-high-backrest-reclining-headrests-bed-and-storage\/"]}]},{"@type":"ImageObject","inLanguage":"en-GB","@id":"https:\/\/donbaraton.es\/en\/p\/chaise-longue-sofa-with-high-backrest-reclining-headrests-bed-and-storage\/#primaryimage","url":"https:\/\/donbaraton.es\/wp-content\/uploads\/2019\/02\/Sof\u00e1-chaise-longue-cama-alto-respaldo-con-reposacabezas-reclinables.-Chaise-longue-lado-derecho.-Tela-gris-Inari-94-\u2013-Windzor.jpg","contentUrl":"https:\/\/donbaraton.es\/wp-content\/uploads\/2019\/02\/Sof\u00e1-chaise-longue-cama-alto-respaldo-con-reposacabezas-reclinables.-Chaise-longue-lado-derecho.-Tela-gris-Inari-94-\u2013-Windzor.jpg","width":1000,"height":666,"caption":"Chaise Longue Sofa with High Backrest, Reclining Headrests, Bed and Storage - Windzor. Right Corner, Grey Inari 94 Fabric"},{"@type":"BreadcrumbList","@id":"https:\/\/donbaraton.es\/en\/p\/chaise-longue-sofa-with-high-backrest-reclining-headrests-bed-and-storage\/#breadcrumb","itemListElement":[{"@type":"ListItem","position":1,"name":"Portada","item":"https:\/\/donbaraton.es\/en\/"},{"@type":"ListItem","position":2,"name":"Online Shop","item":"https:\/\/donbaraton.es\/en\/shop\/"},{"@type":"ListItem","position":3,"name":"Chaise Longue Sofa with High Backrest, Reclining Headrests, Bed and Storage &#8211; Windzor"}]},{"@type":"WebSite","@id":"https:\/\/donbaraton.es\/#website","url":"https:\/\/donbaraton.es\/","name":"Don Baraton: tienda de sof\u00e1s, muebles y colchones","description":"Sofas baratos desde el almac\u00e9n en Almorad\u00ed, Alicante","publisher":{"@id":"https:\/\/donbaraton.es\/#organization"},"potentialAction":[{"@type":"SearchAction","target":{"@type":"EntryPoint","urlTemplate":"https:\/\/donbaraton.es\/?s={search_term_string}"},"query-input":{"@type":"PropertyValueSpecification","valueRequired":true,"valueName":"search_term_string"}}],"inLanguage":"en-GB"},{"@type":"Organization","@id":"https:\/\/donbaraton.es\/#organization","name":"Don Baraton","url":"https:\/\/donbaraton.es\/","logo":{"@type":"ImageObject","inLanguage":"en-GB","@id":"https:\/\/donbaraton.es\/#\/schema\/logo\/image\/","url":"https:\/\/i0.wp.com\/donbaraton.es\/wp-content\/uploads\/2016\/11\/logo_don_baraton.png?fit=228%2C110&ssl=1","contentUrl":"https:\/\/i0.wp.com\/donbaraton.es\/wp-content\/uploads\/2016\/11\/logo_don_baraton.png?fit=228%2C110&ssl=1","width":228,"height":110,"caption":"Don Baraton"},"image":{"@id":"https:\/\/donbaraton.es\/#\/schema\/logo\/image\/"},"sameAs":["https:\/\/www.facebook.com\/donbaraton.es","https:\/\/x.com\/don_baraton","https:\/\/www.instagram.com\/donbaraton.es","https:\/\/www.linkedin.com\/company\/donbaraton\/","https:\/\/es.pinterest.com\/donbaraton\/","https:\/\/www.youtube.com\/channel\/UCL02HOwx-F759Jq5MedAZfQ"]}]}},"_links":{"self":[{"href":"https:\/\/donbaraton.es\/en\/wp-json\/wp\/v2\/product\/13896","targetHints":{"allow":["GET"]}}],"collection":[{"href":"https:\/\/donbaraton.es\/en\/wp-json\/wp\/v2\/product"}],"about":[{"href":"https:\/\/donbaraton.es\/en\/wp-json\/wp\/v2\/types\/product"}],"replies":[{"embeddable":true,"href":"https:\/\/donbaraton.es\/en\/wp-json\/wp\/v2\/comments?post=13896"}],"wp:featuredmedia":[{"embeddable":true,"href":"https:\/\/donbaraton.es\/en\/wp-json\/wp\/v2\/media\/14027"}],"wp:attachment":[{"href":"https:\/\/donbaraton.es\/en\/wp-json\/wp\/v2\/media?parent=13896"}],"wp:term":[{"taxonomy":"product_brand","embeddable":true,"href":"https:\/\/donbaraton.es\/en\/wp-json\/wp\/v2\/product_brand?post=13896"},{"taxonomy":"product_cat","embeddable":true,"href":"https:\/\/donbaraton.es\/en\/wp-json\/wp\/v2\/product_cat?post=13896"},{"taxonomy":"product_tag","embeddable":true,"href":"https:\/\/donbaraton.es\/en\/wp-json\/wp\/v2\/product_tag?post=13896"}],"curies":[{"name":"wp","href":"https:\/\/api.w.org\/{rel}","templated":true}]}}