{"id":13979,"date":"2019-02-08T13:28:11","date_gmt":"2019-02-08T12:28:11","guid":{"rendered":"https:\/\/donbaraton.es\/producto\/uncategorized\/small-u-shaped-sofa-bed-chaise-longue-storages-bora\/"},"modified":"2020-12-24T16:00:26","modified_gmt":"2020-12-24T15:00:26","slug":"small-u-shaped-sofa-bed-chaise-longue-storages-bora","status":"publish","type":"product","link":"https:\/\/donbaraton.es\/en\/p\/small-u-shaped-sofa-bed-chaise-longue-storages-bora\/","title":{"rendered":"Small U-shaped Sofa with Bed, 2 Chaise Longues, 3 Storages &#8211; Bora"},"content":{"rendered":"<p><strong>Small u-shaped sofa with bed, two chaise longues and three\u00a0 storage compartments &#8211; Bora.\u00a0<\/strong><\/p>\n<p>A\u00a0sofa shape in great demand that offers comfortable chaise seats for two people at the same time. This model is popular because of its relatively small size. With a <strong>length of 288 cm<\/strong> (quite unusual for a u-shaped sofa, the majority of them have a length of at least 3 meters), this sofa is great for smaller living rooms where it is not possible to put a larger U-shaped sofa. <strong>The armrests<\/strong> of this model are narrow to allow a larger and not take a too much space in the room. <strong>The depth<\/strong> (or the length of the chaise longues)\u00a0of the sofa (144 cm) allows to install it in a small living room and have enough space for other things, without cluttering up your room. The sofa easily transforms into a <strong>comfy and spacious bed<\/strong>. You only need to pull the seat in the middle and put down the backrest. The sofa is upholstered in durable grey <strong>synthetic fabric<\/strong> Inari (seats and cushions) and white <strong>faux leather<\/strong> (the lower part of the sofa). <strong>Three storage compartments,<\/strong>\u00a0one under the seat in the middle and two under the chaise longues, will offer some additional room to store bedding and clothing items. <strong>Eight cushions<\/strong> are included into the price. <span style=\"color: #339966;\"><strong>You you are looking for a U-shaped sofa and have limited space &#8211; this is a model for you!<\/strong><\/span><\/p>\n<p><strong>Dimensions:<\/strong> length 288 cm, depth (length of the chaise longue) 144 cm, height 90 cm. <strong>Dimensions of the unfolded bed:<\/strong> 142 x 267 cm If you have <strong>more space<\/strong> for a sofa, check out a larger model here:\u00a0<a href=\"https:\/\/donbaraton.es\/en\/p\/u-shaped-sofa-chaise-longue-pull-out-bed-milan\/\"><strong>U-shaped sofa with chaise longue and pull-out bed<\/strong><\/a><\/p>\n","protected":false},"excerpt":{"rendered":"<ul>\n<li>Compact u-shaped sofa<\/li>\n<li>2 chaise longues<\/li>\n<li>3 storage compartments<\/li>\n<li>Bed 142 x 267 cm<\/li>\n<\/ul>\n<p><strong>Dimensions:<\/strong> length 288 cm, chaise longue 144 cm, height 90 cm<\/p>\n","protected":false},"featured_media":13955,"comment_status":"open","ping_status":"closed","template":"","meta":{"_et_pb_use_builder":"","_et_pb_old_content":"","_et_gb_content_width":""},"product_brand":[],"product_cat":[43,45,108,41,35],"product_tag":[],"class_list":{"0":"post-13979","1":"product","2":"type-product","3":"status-publish","4":"has-post-thumbnail","6":"product_cat-sofa-beds-chaise-longue","7":"product_cat-chaise-longue-sofas","8":"product_cat-corner-sofas","9":"product_cat-sofa-beds","10":"product_cat-sofas-en","11":"product_shipping_class-articulos-pesados","12":"pa_lado-left","13":"pa_lado-reversible-chaise","14":"pa_lado-right","15":"pa_largo-sofas-251-300-cm-en","16":"pa_material-fabric","17":"pa_plazas-3-seater-sofas","18":"pa_plazas-4-seater-sofas","19":"pa_plazas-large-sofas","21":"first","22":"outofstock","23":"sale","24":"taxable","25":"shipping-taxable","26":"purchasable","27":"product-type-variable"},"yoast_head":"<!-- This site is optimized with the Yoast SEO plugin v27.5 - https:\/\/yoast.com\/product\/yoast-seo-wordpress\/ -->\n<title>Small U-shaped Sofa with Bed, 2 Chaise Longues, 3 Storages - Bora - Don Baraton: tienda de sof\u00e1s, muebles y colchones<\/title>\n<meta name=\"robots\" content=\"index, follow, max-snippet:-1, max-image-preview:large, max-video-preview:-1\" \/>\n<link rel=\"canonical\" href=\"https:\/\/donbaraton.es\/en\/p\/small-u-shaped-sofa-bed-chaise-longue-storages-bora\/\" \/>\n<meta property=\"og:locale\" content=\"en_GB\" \/>\n<meta property=\"og:type\" content=\"article\" \/>\n<meta property=\"og:title\" content=\"Small U-shaped Sofa with Bed, 2 Chaise Longues, 3 Storages - Bora - Don Baraton: tienda de sof\u00e1s, muebles y colchones\" \/>\n<meta property=\"og:description\" content=\"Compact u-shaped sofa  2 chaise longues  3 storage compartments  Bed 142 x 267 cm  Dimensions: length 288 cm, chaise longue 144 cm, height 90 cm\" \/>\n<meta property=\"og:url\" content=\"https:\/\/donbaraton.es\/en\/p\/small-u-shaped-sofa-bed-chaise-longue-storages-bora\/\" \/>\n<meta property=\"og:site_name\" content=\"Don Baraton: tienda de sof\u00e1s, muebles y colchones\" \/>\n<meta property=\"article:publisher\" content=\"https:\/\/www.facebook.com\/donbaraton.es\" \/>\n<meta property=\"article:modified_time\" content=\"2020-12-24T15:00:26+00:00\" \/>\n<meta property=\"og:image\" content=\"https:\/\/i1.wp.com\/donbaraton.es\/wp-content\/uploads\/2019\/02\/Sof\u00e1-en-forma-de-U-peque\u00f1o-con-cama-2-chaise-longues-y-3-arcones.-Tela-gris-polipiel-blanca-Bora.jpg?fit=1000%2C644&ssl=1\" \/>\n\t<meta property=\"og:image:width\" content=\"1000\" \/>\n\t<meta property=\"og:image:height\" content=\"644\" \/>\n\t<meta property=\"og:image:type\" content=\"image\/jpeg\" \/>\n<meta name=\"twitter:card\" content=\"summary_large_image\" \/>\n<meta name=\"twitter:site\" content=\"@don_baraton\" \/>\n<meta name=\"twitter:label1\" content=\"Estimated reading time\" \/>\n\t<meta name=\"twitter:data1\" content=\"1 minute\" \/>\n<script type=\"application\/ld+json\" class=\"yoast-schema-graph\">{\"@context\":\"https:\\\/\\\/schema.org\",\"@graph\":[{\"@type\":\"WebPage\",\"@id\":\"https:\\\/\\\/donbaraton.es\\\/en\\\/p\\\/small-u-shaped-sofa-bed-chaise-longue-storages-bora\\\/\",\"url\":\"https:\\\/\\\/donbaraton.es\\\/en\\\/p\\\/small-u-shaped-sofa-bed-chaise-longue-storages-bora\\\/\",\"name\":\"Small U-shaped Sofa with Bed, 2 Chaise Longues, 3 Storages - Bora - Don Baraton: tienda de sof\u00e1s, muebles y colchones\",\"isPartOf\":{\"@id\":\"https:\\\/\\\/donbaraton.es\\\/#website\"},\"primaryImageOfPage\":{\"@id\":\"https:\\\/\\\/donbaraton.es\\\/en\\\/p\\\/small-u-shaped-sofa-bed-chaise-longue-storages-bora\\\/#primaryimage\"},\"image\":{\"@id\":\"https:\\\/\\\/donbaraton.es\\\/en\\\/p\\\/small-u-shaped-sofa-bed-chaise-longue-storages-bora\\\/#primaryimage\"},\"thumbnailUrl\":\"https:\\\/\\\/donbaraton.es\\\/wp-content\\\/uploads\\\/2019\\\/02\\\/Sof\u00e1-en-forma-de-U-peque\u00f1o-con-cama-2-chaise-longues-y-3-arcones.-Tela-gris-polipiel-blanca-Bora.jpg\",\"datePublished\":\"2019-02-08T12:28:11+00:00\",\"dateModified\":\"2020-12-24T15:00:26+00:00\",\"breadcrumb\":{\"@id\":\"https:\\\/\\\/donbaraton.es\\\/en\\\/p\\\/small-u-shaped-sofa-bed-chaise-longue-storages-bora\\\/#breadcrumb\"},\"inLanguage\":\"en-GB\",\"potentialAction\":[{\"@type\":\"ReadAction\",\"target\":[\"https:\\\/\\\/donbaraton.es\\\/en\\\/p\\\/small-u-shaped-sofa-bed-chaise-longue-storages-bora\\\/\"]}]},{\"@type\":\"ImageObject\",\"inLanguage\":\"en-GB\",\"@id\":\"https:\\\/\\\/donbaraton.es\\\/en\\\/p\\\/small-u-shaped-sofa-bed-chaise-longue-storages-bora\\\/#primaryimage\",\"url\":\"https:\\\/\\\/donbaraton.es\\\/wp-content\\\/uploads\\\/2019\\\/02\\\/Sof\u00e1-en-forma-de-U-peque\u00f1o-con-cama-2-chaise-longues-y-3-arcones.-Tela-gris-polipiel-blanca-Bora.jpg\",\"contentUrl\":\"https:\\\/\\\/donbaraton.es\\\/wp-content\\\/uploads\\\/2019\\\/02\\\/Sof\u00e1-en-forma-de-U-peque\u00f1o-con-cama-2-chaise-longues-y-3-arcones.-Tela-gris-polipiel-blanca-Bora.jpg\",\"width\":1000,\"height\":644,\"caption\":\"Small U-shaped Sofa with Bed, 2 Chaise Longues, 3 Storages - Bora. Grey fabric, white faux leather\"},{\"@type\":\"BreadcrumbList\",\"@id\":\"https:\\\/\\\/donbaraton.es\\\/en\\\/p\\\/small-u-shaped-sofa-bed-chaise-longue-storages-bora\\\/#breadcrumb\",\"itemListElement\":[{\"@type\":\"ListItem\",\"position\":1,\"name\":\"Portada\",\"item\":\"https:\\\/\\\/donbaraton.es\\\/en\\\/\"},{\"@type\":\"ListItem\",\"position\":2,\"name\":\"Online Shop\",\"item\":\"https:\\\/\\\/donbaraton.es\\\/en\\\/shop\\\/\"},{\"@type\":\"ListItem\",\"position\":3,\"name\":\"Small U-shaped Sofa with Bed, 2 Chaise Longues, 3 Storages &#8211; Bora\"}]},{\"@type\":\"WebSite\",\"@id\":\"https:\\\/\\\/donbaraton.es\\\/#website\",\"url\":\"https:\\\/\\\/donbaraton.es\\\/\",\"name\":\"Don Baraton: tienda de sof\u00e1s, muebles y colchones\",\"description\":\"Sofas baratos desde el almac\u00e9n en Almorad\u00ed, Alicante\",\"publisher\":{\"@id\":\"https:\\\/\\\/donbaraton.es\\\/#organization\"},\"potentialAction\":[{\"@type\":\"SearchAction\",\"target\":{\"@type\":\"EntryPoint\",\"urlTemplate\":\"https:\\\/\\\/donbaraton.es\\\/?s={search_term_string}\"},\"query-input\":{\"@type\":\"PropertyValueSpecification\",\"valueRequired\":true,\"valueName\":\"search_term_string\"}}],\"inLanguage\":\"en-GB\"},{\"@type\":\"Organization\",\"@id\":\"https:\\\/\\\/donbaraton.es\\\/#organization\",\"name\":\"Don Baraton\",\"url\":\"https:\\\/\\\/donbaraton.es\\\/\",\"logo\":{\"@type\":\"ImageObject\",\"inLanguage\":\"en-GB\",\"@id\":\"https:\\\/\\\/donbaraton.es\\\/#\\\/schema\\\/logo\\\/image\\\/\",\"url\":\"https:\\\/\\\/i0.wp.com\\\/donbaraton.es\\\/wp-content\\\/uploads\\\/2016\\\/11\\\/logo_don_baraton.png?fit=228%2C110&ssl=1\",\"contentUrl\":\"https:\\\/\\\/i0.wp.com\\\/donbaraton.es\\\/wp-content\\\/uploads\\\/2016\\\/11\\\/logo_don_baraton.png?fit=228%2C110&ssl=1\",\"width\":228,\"height\":110,\"caption\":\"Don Baraton\"},\"image\":{\"@id\":\"https:\\\/\\\/donbaraton.es\\\/#\\\/schema\\\/logo\\\/image\\\/\"},\"sameAs\":[\"https:\\\/\\\/www.facebook.com\\\/donbaraton.es\",\"https:\\\/\\\/x.com\\\/don_baraton\",\"https:\\\/\\\/www.instagram.com\\\/donbaraton.es\",\"https:\\\/\\\/www.linkedin.com\\\/company\\\/donbaraton\\\/\",\"https:\\\/\\\/es.pinterest.com\\\/donbaraton\\\/\",\"https:\\\/\\\/www.youtube.com\\\/channel\\\/UCL02HOwx-F759Jq5MedAZfQ\"]}]}<\/script>\n<!-- \/ Yoast SEO plugin. -->","yoast_head_json":{"title":"Small U-shaped Sofa with Bed, 2 Chaise Longues, 3 Storages - Bora - Don Baraton: tienda de sof\u00e1s, muebles y colchones","robots":{"index":"index","follow":"follow","max-snippet":"max-snippet:-1","max-image-preview":"max-image-preview:large","max-video-preview":"max-video-preview:-1"},"canonical":"https:\/\/donbaraton.es\/en\/p\/small-u-shaped-sofa-bed-chaise-longue-storages-bora\/","og_locale":"en_GB","og_type":"article","og_title":"Small U-shaped Sofa with Bed, 2 Chaise Longues, 3 Storages - Bora - Don Baraton: tienda de sof\u00e1s, muebles y colchones","og_description":"Compact u-shaped sofa  2 chaise longues  3 storage compartments  Bed 142 x 267 cm  Dimensions: length 288 cm, chaise longue 144 cm, height 90 cm","og_url":"https:\/\/donbaraton.es\/en\/p\/small-u-shaped-sofa-bed-chaise-longue-storages-bora\/","og_site_name":"Don Baraton: tienda de sof\u00e1s, muebles y colchones","article_publisher":"https:\/\/www.facebook.com\/donbaraton.es","article_modified_time":"2020-12-24T15:00:26+00:00","og_image":[{"width":1000,"height":644,"url":"https:\/\/i1.wp.com\/donbaraton.es\/wp-content\/uploads\/2019\/02\/Sof\u00e1-en-forma-de-U-peque\u00f1o-con-cama-2-chaise-longues-y-3-arcones.-Tela-gris-polipiel-blanca-Bora.jpg?fit=1000%2C644&ssl=1","type":"image\/jpeg"}],"twitter_card":"summary_large_image","twitter_site":"@don_baraton","twitter_misc":{"Estimated reading time":"1 minute"},"schema":{"@context":"https:\/\/schema.org","@graph":[{"@type":"WebPage","@id":"https:\/\/donbaraton.es\/en\/p\/small-u-shaped-sofa-bed-chaise-longue-storages-bora\/","url":"https:\/\/donbaraton.es\/en\/p\/small-u-shaped-sofa-bed-chaise-longue-storages-bora\/","name":"Small U-shaped Sofa with Bed, 2 Chaise Longues, 3 Storages - Bora - Don Baraton: tienda de sof\u00e1s, muebles y colchones","isPartOf":{"@id":"https:\/\/donbaraton.es\/#website"},"primaryImageOfPage":{"@id":"https:\/\/donbaraton.es\/en\/p\/small-u-shaped-sofa-bed-chaise-longue-storages-bora\/#primaryimage"},"image":{"@id":"https:\/\/donbaraton.es\/en\/p\/small-u-shaped-sofa-bed-chaise-longue-storages-bora\/#primaryimage"},"thumbnailUrl":"https:\/\/donbaraton.es\/wp-content\/uploads\/2019\/02\/Sof\u00e1-en-forma-de-U-peque\u00f1o-con-cama-2-chaise-longues-y-3-arcones.-Tela-gris-polipiel-blanca-Bora.jpg","datePublished":"2019-02-08T12:28:11+00:00","dateModified":"2020-12-24T15:00:26+00:00","breadcrumb":{"@id":"https:\/\/donbaraton.es\/en\/p\/small-u-shaped-sofa-bed-chaise-longue-storages-bora\/#breadcrumb"},"inLanguage":"en-GB","potentialAction":[{"@type":"ReadAction","target":["https:\/\/donbaraton.es\/en\/p\/small-u-shaped-sofa-bed-chaise-longue-storages-bora\/"]}]},{"@type":"ImageObject","inLanguage":"en-GB","@id":"https:\/\/donbaraton.es\/en\/p\/small-u-shaped-sofa-bed-chaise-longue-storages-bora\/#primaryimage","url":"https:\/\/donbaraton.es\/wp-content\/uploads\/2019\/02\/Sof\u00e1-en-forma-de-U-peque\u00f1o-con-cama-2-chaise-longues-y-3-arcones.-Tela-gris-polipiel-blanca-Bora.jpg","contentUrl":"https:\/\/donbaraton.es\/wp-content\/uploads\/2019\/02\/Sof\u00e1-en-forma-de-U-peque\u00f1o-con-cama-2-chaise-longues-y-3-arcones.-Tela-gris-polipiel-blanca-Bora.jpg","width":1000,"height":644,"caption":"Small U-shaped Sofa with Bed, 2 Chaise Longues, 3 Storages - Bora. Grey fabric, white faux leather"},{"@type":"BreadcrumbList","@id":"https:\/\/donbaraton.es\/en\/p\/small-u-shaped-sofa-bed-chaise-longue-storages-bora\/#breadcrumb","itemListElement":[{"@type":"ListItem","position":1,"name":"Portada","item":"https:\/\/donbaraton.es\/en\/"},{"@type":"ListItem","position":2,"name":"Online Shop","item":"https:\/\/donbaraton.es\/en\/shop\/"},{"@type":"ListItem","position":3,"name":"Small U-shaped Sofa with Bed, 2 Chaise Longues, 3 Storages &#8211; Bora"}]},{"@type":"WebSite","@id":"https:\/\/donbaraton.es\/#website","url":"https:\/\/donbaraton.es\/","name":"Don Baraton: tienda de sof\u00e1s, muebles y colchones","description":"Sofas baratos desde el almac\u00e9n en Almorad\u00ed, Alicante","publisher":{"@id":"https:\/\/donbaraton.es\/#organization"},"potentialAction":[{"@type":"SearchAction","target":{"@type":"EntryPoint","urlTemplate":"https:\/\/donbaraton.es\/?s={search_term_string}"},"query-input":{"@type":"PropertyValueSpecification","valueRequired":true,"valueName":"search_term_string"}}],"inLanguage":"en-GB"},{"@type":"Organization","@id":"https:\/\/donbaraton.es\/#organization","name":"Don Baraton","url":"https:\/\/donbaraton.es\/","logo":{"@type":"ImageObject","inLanguage":"en-GB","@id":"https:\/\/donbaraton.es\/#\/schema\/logo\/image\/","url":"https:\/\/i0.wp.com\/donbaraton.es\/wp-content\/uploads\/2016\/11\/logo_don_baraton.png?fit=228%2C110&ssl=1","contentUrl":"https:\/\/i0.wp.com\/donbaraton.es\/wp-content\/uploads\/2016\/11\/logo_don_baraton.png?fit=228%2C110&ssl=1","width":228,"height":110,"caption":"Don Baraton"},"image":{"@id":"https:\/\/donbaraton.es\/#\/schema\/logo\/image\/"},"sameAs":["https:\/\/www.facebook.com\/donbaraton.es","https:\/\/x.com\/don_baraton","https:\/\/www.instagram.com\/donbaraton.es","https:\/\/www.linkedin.com\/company\/donbaraton\/","https:\/\/es.pinterest.com\/donbaraton\/","https:\/\/www.youtube.com\/channel\/UCL02HOwx-F759Jq5MedAZfQ"]}]}},"_links":{"self":[{"href":"https:\/\/donbaraton.es\/en\/wp-json\/wp\/v2\/product\/13979","targetHints":{"allow":["GET"]}}],"collection":[{"href":"https:\/\/donbaraton.es\/en\/wp-json\/wp\/v2\/product"}],"about":[{"href":"https:\/\/donbaraton.es\/en\/wp-json\/wp\/v2\/types\/product"}],"replies":[{"embeddable":true,"href":"https:\/\/donbaraton.es\/en\/wp-json\/wp\/v2\/comments?post=13979"}],"wp:featuredmedia":[{"embeddable":true,"href":"https:\/\/donbaraton.es\/en\/wp-json\/wp\/v2\/media\/13955"}],"wp:attachment":[{"href":"https:\/\/donbaraton.es\/en\/wp-json\/wp\/v2\/media?parent=13979"}],"wp:term":[{"taxonomy":"product_brand","embeddable":true,"href":"https:\/\/donbaraton.es\/en\/wp-json\/wp\/v2\/product_brand?post=13979"},{"taxonomy":"product_cat","embeddable":true,"href":"https:\/\/donbaraton.es\/en\/wp-json\/wp\/v2\/product_cat?post=13979"},{"taxonomy":"product_tag","embeddable":true,"href":"https:\/\/donbaraton.es\/en\/wp-json\/wp\/v2\/product_tag?post=13979"}],"curies":[{"name":"wp","href":"https:\/\/api.w.org\/{rel}","templated":true}]}}