{"id":14530,"date":"2019-02-18T17:30:16","date_gmt":"2019-02-18T16:30:16","guid":{"rendered":"https:\/\/donbaraton.es\/producto\/uncategorized\/lift-up-coffee-table-shelf-ayora\/"},"modified":"2024-03-13T14:08:56","modified_gmt":"2024-03-13T13:08:56","slug":"lift-up-coffee-table-shelf-ayora","status":"publish","type":"product","link":"https:\/\/donbaraton.es\/en\/p\/lift-up-coffee-table-shelf-ayora\/","title":{"rendered":"Lift up Coffee Table with Shelf Underneath \u2013 Ayora"},"content":{"rendered":"<p><strong>Lift top coffee table with shelf underneath \u2013 Ayora<\/strong><\/p>\n<p>Rectangular low table ideal for your living room. This model offers diversity and advantage over other simpler ones. Not only is it the ideal complement to the sofa, but it also has added value by allowing you to keep what you want in it. Its lifting system will allow you to use it as a dining table without interrupting those moments in family that we like so much. When its top is raised, you find yourself with greater usability and comfort. For example, you will have one more space where you can place what you want, or assign it for a specific use at a specific time. When unfolding the lid of the table, it is uncovered an ideal compartment to store what you want, such as snacks, remote control, cutlery. You can also leave the lid open and use it as a dining table. Its fine finish allows it to be that perfect element in any environment, whether it is your living room, office or dining room. It also has a waterproof surface, protecting the table against unpredictable spills. And thanks to its minimalist appearance and perfect size, it can be located out in small spaces. Made of high-durability wood, which protects it from high impacts. It also includes glass insert that gives the neat touch to this model. It is a table of easy and fast assembly. <strong>You can choose between two available colors:<\/strong><\/p>\n<ul>\n<li>White<\/li>\n<li>Brown<\/li>\n<\/ul>\n<p>Maximize the space. Do not hesitate to acquire what was needed in your house, a coffee table that is worth two.<\/p>\n<p><strong>Assembly:<\/strong> Price does not include assembly. The box includes its instructions, you can assemble it yourself or use our assembly service (not available for all destinations).<\/p>\n<p><strong>Measurements:<\/strong> length 90 cm, width 50 cm, height (with lowered layer) 45.3 cm.<\/p>\n<p><strong>Packaging:<\/strong> cardboard box 100 cm x 53 cm x 9 cm<\/p>\n","protected":false},"excerpt":{"rendered":"<ul>\n<li>Modern center cable with lifting top<\/li>\n<li>Multiple uses<\/li>\n<li>Available in 2 colors<\/li>\n<li>Storage under the top<\/li>\n<li>Waterproof, durable<\/li>\n<\/ul>\n<p><strong>Dimensions:<\/strong> length 90 cm, width 50 cm, height (with top down) 45.3 cm<\/p>\n","protected":false},"featured_media":14255,"comment_status":"open","ping_status":"closed","template":"","meta":{"_et_pb_use_builder":"","_et_pb_old_content":"","_et_gb_content_width":""},"product_brand":[],"product_cat":[71,276],"product_tag":[],"class_list":{"0":"post-14530","1":"product","2":"type-product","3":"status-publish","4":"has-post-thumbnail","6":"product_cat-furniture","7":"product_cat-tables","8":"product_shipping_class-3-20-kg-hasta-10-dias","9":"pa_material-wood","11":"first","12":"onbackorder","13":"sale","14":"taxable","15":"shipping-taxable","16":"purchasable","17":"product-type-variable"},"yoast_head":"<!-- This site is optimized with the Yoast SEO plugin v27.2 - https:\/\/yoast.com\/product\/yoast-seo-wordpress\/ -->\n<title>Lift up Coffee Table with Shelf Underneath \u2013 Ayora - Don Baraton: tienda de sof\u00e1s, muebles y colchones<\/title>\n<meta name=\"robots\" content=\"index, follow, max-snippet:-1, max-image-preview:large, max-video-preview:-1\" \/>\n<link rel=\"canonical\" href=\"https:\/\/donbaraton.es\/en\/p\/lift-up-coffee-table-shelf-ayora\/\" \/>\n<meta property=\"og:locale\" content=\"en_GB\" \/>\n<meta property=\"og:type\" content=\"article\" \/>\n<meta property=\"og:title\" content=\"Lift up Coffee Table with Shelf Underneath \u2013 Ayora - Don Baraton: tienda de sof\u00e1s, muebles y colchones\" \/>\n<meta property=\"og:description\" content=\"Modern center cable with lifting top Multiple uses Available in 2 colors Storage under the top Waterproof, durable  Dimensions: length 90 cm, width 50 cm, height (with top down) 45.3 cm\" \/>\n<meta property=\"og:url\" content=\"https:\/\/donbaraton.es\/en\/p\/lift-up-coffee-table-shelf-ayora\/\" \/>\n<meta property=\"og:site_name\" content=\"Don Baraton: tienda de sof\u00e1s, muebles y colchones\" \/>\n<meta property=\"article:publisher\" content=\"https:\/\/www.facebook.com\/donbaraton.es\" \/>\n<meta property=\"article:modified_time\" content=\"2024-03-13T13:08:56+00:00\" \/>\n<meta property=\"og:image\" content=\"https:\/\/i1.wp.com\/donbaraton.es\/wp-content\/uploads\/2019\/02\/Mesa-de-centro-elevable-marr\u00f3n-con-estanteria-debajo-Ayora.jpg?fit=800%2C662&ssl=1\" \/>\n\t<meta property=\"og:image:width\" content=\"800\" \/>\n\t<meta property=\"og:image:height\" content=\"662\" \/>\n\t<meta property=\"og:image:type\" content=\"image\/jpeg\" \/>\n<meta name=\"twitter:card\" content=\"summary_large_image\" \/>\n<meta name=\"twitter:site\" content=\"@don_baraton\" \/>\n<meta name=\"twitter:label1\" content=\"Estimated reading time\" \/>\n\t<meta name=\"twitter:data1\" content=\"2 minutes\" \/>\n<script type=\"application\/ld+json\" class=\"yoast-schema-graph\">{\"@context\":\"https:\/\/schema.org\",\"@graph\":[{\"@type\":\"WebPage\",\"@id\":\"https:\/\/donbaraton.es\/en\/p\/lift-up-coffee-table-shelf-ayora\/\",\"url\":\"https:\/\/donbaraton.es\/en\/p\/lift-up-coffee-table-shelf-ayora\/\",\"name\":\"Lift up Coffee Table with Shelf Underneath \u2013 Ayora - Don Baraton: tienda de sof\u00e1s, muebles y colchones\",\"isPartOf\":{\"@id\":\"https:\/\/donbaraton.es\/#website\"},\"primaryImageOfPage\":{\"@id\":\"https:\/\/donbaraton.es\/en\/p\/lift-up-coffee-table-shelf-ayora\/#primaryimage\"},\"image\":{\"@id\":\"https:\/\/donbaraton.es\/en\/p\/lift-up-coffee-table-shelf-ayora\/#primaryimage\"},\"thumbnailUrl\":\"https:\/\/donbaraton.es\/wp-content\/uploads\/2019\/02\/Mesa-de-centro-elevable-marr\u00f3n-con-estanteria-debajo-Ayora.jpg\",\"datePublished\":\"2019-02-18T16:30:16+00:00\",\"dateModified\":\"2024-03-13T13:08:56+00:00\",\"breadcrumb\":{\"@id\":\"https:\/\/donbaraton.es\/en\/p\/lift-up-coffee-table-shelf-ayora\/#breadcrumb\"},\"inLanguage\":\"en-GB\",\"potentialAction\":[{\"@type\":\"ReadAction\",\"target\":[\"https:\/\/donbaraton.es\/en\/p\/lift-up-coffee-table-shelf-ayora\/\"]}]},{\"@type\":\"ImageObject\",\"inLanguage\":\"en-GB\",\"@id\":\"https:\/\/donbaraton.es\/en\/p\/lift-up-coffee-table-shelf-ayora\/#primaryimage\",\"url\":\"https:\/\/donbaraton.es\/wp-content\/uploads\/2019\/02\/Mesa-de-centro-elevable-marr\u00f3n-con-estanteria-debajo-Ayora.jpg\",\"contentUrl\":\"https:\/\/donbaraton.es\/wp-content\/uploads\/2019\/02\/Mesa-de-centro-elevable-marr\u00f3n-con-estanteria-debajo-Ayora.jpg\",\"width\":800,\"height\":662,\"caption\":\"Brown Lift up Coffee Table with Shelf Underneath \u2013 Ayora\"},{\"@type\":\"BreadcrumbList\",\"@id\":\"https:\/\/donbaraton.es\/en\/p\/lift-up-coffee-table-shelf-ayora\/#breadcrumb\",\"itemListElement\":[{\"@type\":\"ListItem\",\"position\":1,\"name\":\"Portada\",\"item\":\"https:\/\/donbaraton.es\/en\/\"},{\"@type\":\"ListItem\",\"position\":2,\"name\":\"Online Shop\",\"item\":\"https:\/\/donbaraton.es\/en\/shop\/\"},{\"@type\":\"ListItem\",\"position\":3,\"name\":\"Lift up Coffee Table with Shelf Underneath \u2013 Ayora\"}]},{\"@type\":\"WebSite\",\"@id\":\"https:\/\/donbaraton.es\/#website\",\"url\":\"https:\/\/donbaraton.es\/\",\"name\":\"Don Baraton: tienda de sof\u00e1s, muebles y colchones\",\"description\":\"Sofas baratos desde el almac\u00e9n en Almorad\u00ed, Alicante\",\"publisher\":{\"@id\":\"https:\/\/donbaraton.es\/#organization\"},\"potentialAction\":[{\"@type\":\"SearchAction\",\"target\":{\"@type\":\"EntryPoint\",\"urlTemplate\":\"https:\/\/donbaraton.es\/?s={search_term_string}\"},\"query-input\":{\"@type\":\"PropertyValueSpecification\",\"valueRequired\":true,\"valueName\":\"search_term_string\"}}],\"inLanguage\":\"en-GB\"},{\"@type\":\"Organization\",\"@id\":\"https:\/\/donbaraton.es\/#organization\",\"name\":\"Don Baraton\",\"url\":\"https:\/\/donbaraton.es\/\",\"logo\":{\"@type\":\"ImageObject\",\"inLanguage\":\"en-GB\",\"@id\":\"https:\/\/donbaraton.es\/#\/schema\/logo\/image\/\",\"url\":\"https:\/\/i0.wp.com\/donbaraton.es\/wp-content\/uploads\/2016\/11\/logo_don_baraton.png?fit=228%2C110&ssl=1\",\"contentUrl\":\"https:\/\/i0.wp.com\/donbaraton.es\/wp-content\/uploads\/2016\/11\/logo_don_baraton.png?fit=228%2C110&ssl=1\",\"width\":228,\"height\":110,\"caption\":\"Don Baraton\"},\"image\":{\"@id\":\"https:\/\/donbaraton.es\/#\/schema\/logo\/image\/\"},\"sameAs\":[\"https:\/\/www.facebook.com\/donbaraton.es\",\"https:\/\/x.com\/don_baraton\",\"https:\/\/www.instagram.com\/donbaraton.es\",\"https:\/\/www.linkedin.com\/company\/donbaraton\/\",\"https:\/\/es.pinterest.com\/donbaraton\/\",\"https:\/\/www.youtube.com\/channel\/UCL02HOwx-F759Jq5MedAZfQ\"]}]}<\/script>\n<!-- \/ Yoast SEO plugin. -->","yoast_head_json":{"title":"Lift up Coffee Table with Shelf Underneath \u2013 Ayora - Don Baraton: tienda de sof\u00e1s, muebles y colchones","robots":{"index":"index","follow":"follow","max-snippet":"max-snippet:-1","max-image-preview":"max-image-preview:large","max-video-preview":"max-video-preview:-1"},"canonical":"https:\/\/donbaraton.es\/en\/p\/lift-up-coffee-table-shelf-ayora\/","og_locale":"en_GB","og_type":"article","og_title":"Lift up Coffee Table with Shelf Underneath \u2013 Ayora - Don Baraton: tienda de sof\u00e1s, muebles y colchones","og_description":"Modern center cable with lifting top Multiple uses Available in 2 colors Storage under the top Waterproof, durable  Dimensions: length 90 cm, width 50 cm, height (with top down) 45.3 cm","og_url":"https:\/\/donbaraton.es\/en\/p\/lift-up-coffee-table-shelf-ayora\/","og_site_name":"Don Baraton: tienda de sof\u00e1s, muebles y colchones","article_publisher":"https:\/\/www.facebook.com\/donbaraton.es","article_modified_time":"2024-03-13T13:08:56+00:00","og_image":[{"width":800,"height":662,"url":"https:\/\/i1.wp.com\/donbaraton.es\/wp-content\/uploads\/2019\/02\/Mesa-de-centro-elevable-marr\u00f3n-con-estanteria-debajo-Ayora.jpg?fit=800%2C662&ssl=1","type":"image\/jpeg"}],"twitter_card":"summary_large_image","twitter_site":"@don_baraton","twitter_misc":{"Estimated reading time":"2 minutes"},"schema":{"@context":"https:\/\/schema.org","@graph":[{"@type":"WebPage","@id":"https:\/\/donbaraton.es\/en\/p\/lift-up-coffee-table-shelf-ayora\/","url":"https:\/\/donbaraton.es\/en\/p\/lift-up-coffee-table-shelf-ayora\/","name":"Lift up Coffee Table with Shelf Underneath \u2013 Ayora - Don Baraton: tienda de sof\u00e1s, muebles y colchones","isPartOf":{"@id":"https:\/\/donbaraton.es\/#website"},"primaryImageOfPage":{"@id":"https:\/\/donbaraton.es\/en\/p\/lift-up-coffee-table-shelf-ayora\/#primaryimage"},"image":{"@id":"https:\/\/donbaraton.es\/en\/p\/lift-up-coffee-table-shelf-ayora\/#primaryimage"},"thumbnailUrl":"https:\/\/donbaraton.es\/wp-content\/uploads\/2019\/02\/Mesa-de-centro-elevable-marr\u00f3n-con-estanteria-debajo-Ayora.jpg","datePublished":"2019-02-18T16:30:16+00:00","dateModified":"2024-03-13T13:08:56+00:00","breadcrumb":{"@id":"https:\/\/donbaraton.es\/en\/p\/lift-up-coffee-table-shelf-ayora\/#breadcrumb"},"inLanguage":"en-GB","potentialAction":[{"@type":"ReadAction","target":["https:\/\/donbaraton.es\/en\/p\/lift-up-coffee-table-shelf-ayora\/"]}]},{"@type":"ImageObject","inLanguage":"en-GB","@id":"https:\/\/donbaraton.es\/en\/p\/lift-up-coffee-table-shelf-ayora\/#primaryimage","url":"https:\/\/donbaraton.es\/wp-content\/uploads\/2019\/02\/Mesa-de-centro-elevable-marr\u00f3n-con-estanteria-debajo-Ayora.jpg","contentUrl":"https:\/\/donbaraton.es\/wp-content\/uploads\/2019\/02\/Mesa-de-centro-elevable-marr\u00f3n-con-estanteria-debajo-Ayora.jpg","width":800,"height":662,"caption":"Brown Lift up Coffee Table with Shelf Underneath \u2013 Ayora"},{"@type":"BreadcrumbList","@id":"https:\/\/donbaraton.es\/en\/p\/lift-up-coffee-table-shelf-ayora\/#breadcrumb","itemListElement":[{"@type":"ListItem","position":1,"name":"Portada","item":"https:\/\/donbaraton.es\/en\/"},{"@type":"ListItem","position":2,"name":"Online Shop","item":"https:\/\/donbaraton.es\/en\/shop\/"},{"@type":"ListItem","position":3,"name":"Lift up Coffee Table with Shelf Underneath \u2013 Ayora"}]},{"@type":"WebSite","@id":"https:\/\/donbaraton.es\/#website","url":"https:\/\/donbaraton.es\/","name":"Don Baraton: tienda de sof\u00e1s, muebles y colchones","description":"Sofas baratos desde el almac\u00e9n en Almorad\u00ed, Alicante","publisher":{"@id":"https:\/\/donbaraton.es\/#organization"},"potentialAction":[{"@type":"SearchAction","target":{"@type":"EntryPoint","urlTemplate":"https:\/\/donbaraton.es\/?s={search_term_string}"},"query-input":{"@type":"PropertyValueSpecification","valueRequired":true,"valueName":"search_term_string"}}],"inLanguage":"en-GB"},{"@type":"Organization","@id":"https:\/\/donbaraton.es\/#organization","name":"Don Baraton","url":"https:\/\/donbaraton.es\/","logo":{"@type":"ImageObject","inLanguage":"en-GB","@id":"https:\/\/donbaraton.es\/#\/schema\/logo\/image\/","url":"https:\/\/i0.wp.com\/donbaraton.es\/wp-content\/uploads\/2016\/11\/logo_don_baraton.png?fit=228%2C110&ssl=1","contentUrl":"https:\/\/i0.wp.com\/donbaraton.es\/wp-content\/uploads\/2016\/11\/logo_don_baraton.png?fit=228%2C110&ssl=1","width":228,"height":110,"caption":"Don Baraton"},"image":{"@id":"https:\/\/donbaraton.es\/#\/schema\/logo\/image\/"},"sameAs":["https:\/\/www.facebook.com\/donbaraton.es","https:\/\/x.com\/don_baraton","https:\/\/www.instagram.com\/donbaraton.es","https:\/\/www.linkedin.com\/company\/donbaraton\/","https:\/\/es.pinterest.com\/donbaraton\/","https:\/\/www.youtube.com\/channel\/UCL02HOwx-F759Jq5MedAZfQ"]}]}},"_links":{"self":[{"href":"https:\/\/donbaraton.es\/en\/wp-json\/wp\/v2\/product\/14530","targetHints":{"allow":["GET"]}}],"collection":[{"href":"https:\/\/donbaraton.es\/en\/wp-json\/wp\/v2\/product"}],"about":[{"href":"https:\/\/donbaraton.es\/en\/wp-json\/wp\/v2\/types\/product"}],"replies":[{"embeddable":true,"href":"https:\/\/donbaraton.es\/en\/wp-json\/wp\/v2\/comments?post=14530"}],"wp:featuredmedia":[{"embeddable":true,"href":"https:\/\/donbaraton.es\/en\/wp-json\/wp\/v2\/media\/14255"}],"wp:attachment":[{"href":"https:\/\/donbaraton.es\/en\/wp-json\/wp\/v2\/media?parent=14530"}],"wp:term":[{"taxonomy":"product_brand","embeddable":true,"href":"https:\/\/donbaraton.es\/en\/wp-json\/wp\/v2\/product_brand?post=14530"},{"taxonomy":"product_cat","embeddable":true,"href":"https:\/\/donbaraton.es\/en\/wp-json\/wp\/v2\/product_cat?post=14530"},{"taxonomy":"product_tag","embeddable":true,"href":"https:\/\/donbaraton.es\/en\/wp-json\/wp\/v2\/product_tag?post=14530"}],"curies":[{"name":"wp","href":"https:\/\/api.w.org\/{rel}","templated":true}]}}