{"id":14533,"date":"2019-02-19T22:40:33","date_gmt":"2019-02-19T21:40:33","guid":{"rendered":"https:\/\/donbaraton.es\/producto\/uncategorized\/bed-with-pull-out-trundle-rimini\/"},"modified":"2020-01-13T01:21:13","modified_gmt":"2020-01-13T00:21:13","slug":"bed-with-pull-out-trundle-rimini","status":"publish","type":"product","link":"https:\/\/donbaraton.es\/en\/p\/bed-with-pull-out-trundle-rimini\/","title":{"rendered":"Bed with Pull out Trundle &#8211; Rimini"},"content":{"rendered":"<p><strong>Bed with pull out trundle for additional bed &#8211; Rimini<\/strong><\/p>\n<p>Ideal element for a simple and practical room. This bed is made in a modern design, simple and robust, ideal for children&#8217;s room. It can be located at any point of the bedroom for its neat finishes and combined colours.<\/p>\n<p>The <strong>main bed<\/strong> (the upper level) needs a <strong>90 x 190 cm slatted base (without legs)<\/strong>, which can be ordered <strong><a href=\"https:\/\/donbaraton.es\/en\/p\/slatted-bed-base-laminor\/\">here<\/a><\/strong> and a <strong>90 x 190 cm mattress<\/strong> (please choose it <a href=\"https:\/\/donbaraton.es\/en\/cat\/mattresses\/\"><strong>here<\/strong>)<\/a>.<\/p>\n<p>The slatted pull-out base 90 x 190 cm for the <strong>lower bed<\/strong> can be ordered <a href=\"https:\/\/donbaraton.es\/en\/p\/pull-out-slatted-base-wheels-trundle-beds-90-190-laminor\/\"><strong>here<\/strong><\/a>.<\/p>\n<p>You can install a folding slatted base in the lower compartment or use it to store\u00a0bedding, shoes or other items.<\/p>\n<p>The bed is made of high quality melamine material and metal fittings, making it solid, durable and safe especially for children.<\/p>\n<p>The colour of the base is Cambria, an oak tone, with a smooth white front. The handle is grey. Modern and elegant color for youthful bedrooms that escape the traditional color.<\/p>\n<p>The best option to have two beds of 90x190cm in an economical way. Definitely a good opportunity if you have limited space. It stands out for its excellent quality-price ratio, that is why this bed is very popular in tourist areas.<\/p>\n<p><strong>Measurements:<\/strong> height 58 cm, length 198.4 cm, width 98 cm<\/p>\n<p><strong>Volume (without bed bases):<\/strong> 0,08 m\u00b3 &#8211; 3 packages<\/p>\n<p><strong>Weight:<\/strong> 35 kg<\/p>\n<p>Does not include mattresses and slatted bed bases.<\/p>\n<p>Assembly service not included.<\/p>\n","protected":false},"excerpt":{"rendered":"<ul>\n<li>Single bed<\/li>\n<li>Lower compartment can be transformed into an additional bed<\/li>\n<li>High quality melamine and metal fittings<\/li>\n<li>Does not include mattresses and slatted bed bases (sold separately)<\/li>\n<li>Cambria colour in oak tone<\/li>\n<li>Matching other furniture of the Rimini series<\/li>\n<\/ul>\n<p><strong>Dimensions: <\/strong>height 58 cm, length 198.4 cm, width 98 cm<\/p>\n","protected":false},"featured_media":14304,"comment_status":"open","ping_status":"closed","template":"","meta":{"_et_pb_use_builder":"","_et_pb_old_content":"","_et_gb_content_width":""},"product_brand":[],"product_cat":[132],"product_tag":[],"class_list":{"0":"post-14533","1":"product","2":"type-product","3":"status-publish","4":"has-post-thumbnail","6":"product_cat-beds","7":"product_shipping_class-mas-de-20-kg-fabricacion-hasta-43-dias","8":"pa_material-wood","10":"first","11":"outofstock","12":"sale","13":"taxable","14":"shipping-taxable","15":"purchasable","16":"product-type-simple"},"yoast_head":"<!-- This site is optimized with the Yoast SEO plugin v27.2 - https:\/\/yoast.com\/product\/yoast-seo-wordpress\/ -->\n<title>Bed with Pull out Trundle - Rimini - Don Baraton: tienda de sof\u00e1s, muebles y colchones<\/title>\n<meta name=\"robots\" content=\"index, follow, max-snippet:-1, max-image-preview:large, max-video-preview:-1\" \/>\n<link rel=\"canonical\" href=\"https:\/\/donbaraton.es\/en\/p\/bed-with-pull-out-trundle-rimini\/\" \/>\n<meta property=\"og:locale\" content=\"en_GB\" \/>\n<meta property=\"og:type\" content=\"article\" \/>\n<meta property=\"og:title\" content=\"Bed with Pull out Trundle - Rimini - Don Baraton: tienda de sof\u00e1s, muebles y colchones\" \/>\n<meta property=\"og:description\" content=\"Single bed  Lower compartment can be transformed into an additional bed  High quality melamine and metal fittings  Does not include mattresses and slatted bed bases (sold separately)  Cambria colour in oak tone  Matching other furniture of the Rimini series  Dimensions: height 58 cm, length 198.4 cm, width 98 cm\" \/>\n<meta property=\"og:url\" content=\"https:\/\/donbaraton.es\/en\/p\/bed-with-pull-out-trundle-rimini\/\" \/>\n<meta property=\"og:site_name\" content=\"Don Baraton: tienda de sof\u00e1s, muebles y colchones\" \/>\n<meta property=\"article:publisher\" content=\"https:\/\/www.facebook.com\/donbaraton.es\" \/>\n<meta property=\"article:modified_time\" content=\"2020-01-13T00:21:13+00:00\" \/>\n<meta property=\"og:image\" content=\"https:\/\/i1.wp.com\/donbaraton.es\/wp-content\/uploads\/2019\/02\/Cama-individual-con-compartimiento-para-cama-adicional-Rimini.jpg?fit=800%2C800&ssl=1\" \/>\n\t<meta property=\"og:image:width\" content=\"800\" \/>\n\t<meta property=\"og:image:height\" content=\"800\" \/>\n\t<meta property=\"og:image:type\" content=\"image\/jpeg\" \/>\n<meta name=\"twitter:card\" content=\"summary_large_image\" \/>\n<meta name=\"twitter:site\" content=\"@don_baraton\" \/>\n<meta name=\"twitter:label1\" content=\"Estimated reading time\" \/>\n\t<meta name=\"twitter:data1\" content=\"1 minute\" \/>\n<script type=\"application\/ld+json\" class=\"yoast-schema-graph\">{\"@context\":\"https:\/\/schema.org\",\"@graph\":[{\"@type\":\"WebPage\",\"@id\":\"https:\/\/donbaraton.es\/en\/p\/bed-with-pull-out-trundle-rimini\/\",\"url\":\"https:\/\/donbaraton.es\/en\/p\/bed-with-pull-out-trundle-rimini\/\",\"name\":\"Bed with Pull out Trundle - Rimini - Don Baraton: tienda de sof\u00e1s, muebles y colchones\",\"isPartOf\":{\"@id\":\"https:\/\/donbaraton.es\/#website\"},\"primaryImageOfPage\":{\"@id\":\"https:\/\/donbaraton.es\/en\/p\/bed-with-pull-out-trundle-rimini\/#primaryimage\"},\"image\":{\"@id\":\"https:\/\/donbaraton.es\/en\/p\/bed-with-pull-out-trundle-rimini\/#primaryimage\"},\"thumbnailUrl\":\"https:\/\/donbaraton.es\/wp-content\/uploads\/2019\/02\/Cama-individual-con-compartimiento-para-cama-adicional-Rimini.jpg\",\"datePublished\":\"2019-02-19T21:40:33+00:00\",\"dateModified\":\"2020-01-13T00:21:13+00:00\",\"breadcrumb\":{\"@id\":\"https:\/\/donbaraton.es\/en\/p\/bed-with-pull-out-trundle-rimini\/#breadcrumb\"},\"inLanguage\":\"en-GB\",\"potentialAction\":[{\"@type\":\"ReadAction\",\"target\":[\"https:\/\/donbaraton.es\/en\/p\/bed-with-pull-out-trundle-rimini\/\"]}]},{\"@type\":\"ImageObject\",\"inLanguage\":\"en-GB\",\"@id\":\"https:\/\/donbaraton.es\/en\/p\/bed-with-pull-out-trundle-rimini\/#primaryimage\",\"url\":\"https:\/\/donbaraton.es\/wp-content\/uploads\/2019\/02\/Cama-individual-con-compartimiento-para-cama-adicional-Rimini.jpg\",\"contentUrl\":\"https:\/\/donbaraton.es\/wp-content\/uploads\/2019\/02\/Cama-individual-con-compartimiento-para-cama-adicional-Rimini.jpg\",\"width\":800,\"height\":800,\"caption\":\"Bed with Pull out Trundle - Rimini\"},{\"@type\":\"BreadcrumbList\",\"@id\":\"https:\/\/donbaraton.es\/en\/p\/bed-with-pull-out-trundle-rimini\/#breadcrumb\",\"itemListElement\":[{\"@type\":\"ListItem\",\"position\":1,\"name\":\"Portada\",\"item\":\"https:\/\/donbaraton.es\/en\/\"},{\"@type\":\"ListItem\",\"position\":2,\"name\":\"Online Shop\",\"item\":\"https:\/\/donbaraton.es\/en\/shop\/\"},{\"@type\":\"ListItem\",\"position\":3,\"name\":\"Bed with Pull out Trundle &#8211; Rimini\"}]},{\"@type\":\"WebSite\",\"@id\":\"https:\/\/donbaraton.es\/#website\",\"url\":\"https:\/\/donbaraton.es\/\",\"name\":\"Don Baraton: tienda de sof\u00e1s, muebles y colchones\",\"description\":\"Sofas baratos desde el almac\u00e9n en Almorad\u00ed, Alicante\",\"publisher\":{\"@id\":\"https:\/\/donbaraton.es\/#organization\"},\"potentialAction\":[{\"@type\":\"SearchAction\",\"target\":{\"@type\":\"EntryPoint\",\"urlTemplate\":\"https:\/\/donbaraton.es\/?s={search_term_string}\"},\"query-input\":{\"@type\":\"PropertyValueSpecification\",\"valueRequired\":true,\"valueName\":\"search_term_string\"}}],\"inLanguage\":\"en-GB\"},{\"@type\":\"Organization\",\"@id\":\"https:\/\/donbaraton.es\/#organization\",\"name\":\"Don Baraton\",\"url\":\"https:\/\/donbaraton.es\/\",\"logo\":{\"@type\":\"ImageObject\",\"inLanguage\":\"en-GB\",\"@id\":\"https:\/\/donbaraton.es\/#\/schema\/logo\/image\/\",\"url\":\"https:\/\/i0.wp.com\/donbaraton.es\/wp-content\/uploads\/2016\/11\/logo_don_baraton.png?fit=228%2C110&ssl=1\",\"contentUrl\":\"https:\/\/i0.wp.com\/donbaraton.es\/wp-content\/uploads\/2016\/11\/logo_don_baraton.png?fit=228%2C110&ssl=1\",\"width\":228,\"height\":110,\"caption\":\"Don Baraton\"},\"image\":{\"@id\":\"https:\/\/donbaraton.es\/#\/schema\/logo\/image\/\"},\"sameAs\":[\"https:\/\/www.facebook.com\/donbaraton.es\",\"https:\/\/x.com\/don_baraton\",\"https:\/\/www.instagram.com\/donbaraton.es\",\"https:\/\/www.linkedin.com\/company\/donbaraton\/\",\"https:\/\/es.pinterest.com\/donbaraton\/\",\"https:\/\/www.youtube.com\/channel\/UCL02HOwx-F759Jq5MedAZfQ\"]}]}<\/script>\n<!-- \/ Yoast SEO plugin. -->","yoast_head_json":{"title":"Bed with Pull out Trundle - Rimini - Don Baraton: tienda de sof\u00e1s, muebles y colchones","robots":{"index":"index","follow":"follow","max-snippet":"max-snippet:-1","max-image-preview":"max-image-preview:large","max-video-preview":"max-video-preview:-1"},"canonical":"https:\/\/donbaraton.es\/en\/p\/bed-with-pull-out-trundle-rimini\/","og_locale":"en_GB","og_type":"article","og_title":"Bed with Pull out Trundle - Rimini - Don Baraton: tienda de sof\u00e1s, muebles y colchones","og_description":"Single bed  Lower compartment can be transformed into an additional bed  High quality melamine and metal fittings  Does not include mattresses and slatted bed bases (sold separately)  Cambria colour in oak tone  Matching other furniture of the Rimini series  Dimensions: height 58 cm, length 198.4 cm, width 98 cm","og_url":"https:\/\/donbaraton.es\/en\/p\/bed-with-pull-out-trundle-rimini\/","og_site_name":"Don Baraton: tienda de sof\u00e1s, muebles y colchones","article_publisher":"https:\/\/www.facebook.com\/donbaraton.es","article_modified_time":"2020-01-13T00:21:13+00:00","og_image":[{"width":800,"height":800,"url":"https:\/\/i1.wp.com\/donbaraton.es\/wp-content\/uploads\/2019\/02\/Cama-individual-con-compartimiento-para-cama-adicional-Rimini.jpg?fit=800%2C800&ssl=1","type":"image\/jpeg"}],"twitter_card":"summary_large_image","twitter_site":"@don_baraton","twitter_misc":{"Estimated reading time":"1 minute"},"schema":{"@context":"https:\/\/schema.org","@graph":[{"@type":"WebPage","@id":"https:\/\/donbaraton.es\/en\/p\/bed-with-pull-out-trundle-rimini\/","url":"https:\/\/donbaraton.es\/en\/p\/bed-with-pull-out-trundle-rimini\/","name":"Bed with Pull out Trundle - Rimini - Don Baraton: tienda de sof\u00e1s, muebles y colchones","isPartOf":{"@id":"https:\/\/donbaraton.es\/#website"},"primaryImageOfPage":{"@id":"https:\/\/donbaraton.es\/en\/p\/bed-with-pull-out-trundle-rimini\/#primaryimage"},"image":{"@id":"https:\/\/donbaraton.es\/en\/p\/bed-with-pull-out-trundle-rimini\/#primaryimage"},"thumbnailUrl":"https:\/\/donbaraton.es\/wp-content\/uploads\/2019\/02\/Cama-individual-con-compartimiento-para-cama-adicional-Rimini.jpg","datePublished":"2019-02-19T21:40:33+00:00","dateModified":"2020-01-13T00:21:13+00:00","breadcrumb":{"@id":"https:\/\/donbaraton.es\/en\/p\/bed-with-pull-out-trundle-rimini\/#breadcrumb"},"inLanguage":"en-GB","potentialAction":[{"@type":"ReadAction","target":["https:\/\/donbaraton.es\/en\/p\/bed-with-pull-out-trundle-rimini\/"]}]},{"@type":"ImageObject","inLanguage":"en-GB","@id":"https:\/\/donbaraton.es\/en\/p\/bed-with-pull-out-trundle-rimini\/#primaryimage","url":"https:\/\/donbaraton.es\/wp-content\/uploads\/2019\/02\/Cama-individual-con-compartimiento-para-cama-adicional-Rimini.jpg","contentUrl":"https:\/\/donbaraton.es\/wp-content\/uploads\/2019\/02\/Cama-individual-con-compartimiento-para-cama-adicional-Rimini.jpg","width":800,"height":800,"caption":"Bed with Pull out Trundle - Rimini"},{"@type":"BreadcrumbList","@id":"https:\/\/donbaraton.es\/en\/p\/bed-with-pull-out-trundle-rimini\/#breadcrumb","itemListElement":[{"@type":"ListItem","position":1,"name":"Portada","item":"https:\/\/donbaraton.es\/en\/"},{"@type":"ListItem","position":2,"name":"Online Shop","item":"https:\/\/donbaraton.es\/en\/shop\/"},{"@type":"ListItem","position":3,"name":"Bed with Pull out Trundle &#8211; Rimini"}]},{"@type":"WebSite","@id":"https:\/\/donbaraton.es\/#website","url":"https:\/\/donbaraton.es\/","name":"Don Baraton: tienda de sof\u00e1s, muebles y colchones","description":"Sofas baratos desde el almac\u00e9n en Almorad\u00ed, Alicante","publisher":{"@id":"https:\/\/donbaraton.es\/#organization"},"potentialAction":[{"@type":"SearchAction","target":{"@type":"EntryPoint","urlTemplate":"https:\/\/donbaraton.es\/?s={search_term_string}"},"query-input":{"@type":"PropertyValueSpecification","valueRequired":true,"valueName":"search_term_string"}}],"inLanguage":"en-GB"},{"@type":"Organization","@id":"https:\/\/donbaraton.es\/#organization","name":"Don Baraton","url":"https:\/\/donbaraton.es\/","logo":{"@type":"ImageObject","inLanguage":"en-GB","@id":"https:\/\/donbaraton.es\/#\/schema\/logo\/image\/","url":"https:\/\/i0.wp.com\/donbaraton.es\/wp-content\/uploads\/2016\/11\/logo_don_baraton.png?fit=228%2C110&ssl=1","contentUrl":"https:\/\/i0.wp.com\/donbaraton.es\/wp-content\/uploads\/2016\/11\/logo_don_baraton.png?fit=228%2C110&ssl=1","width":228,"height":110,"caption":"Don Baraton"},"image":{"@id":"https:\/\/donbaraton.es\/#\/schema\/logo\/image\/"},"sameAs":["https:\/\/www.facebook.com\/donbaraton.es","https:\/\/x.com\/don_baraton","https:\/\/www.instagram.com\/donbaraton.es","https:\/\/www.linkedin.com\/company\/donbaraton\/","https:\/\/es.pinterest.com\/donbaraton\/","https:\/\/www.youtube.com\/channel\/UCL02HOwx-F759Jq5MedAZfQ"]}]}},"_links":{"self":[{"href":"https:\/\/donbaraton.es\/en\/wp-json\/wp\/v2\/product\/14533","targetHints":{"allow":["GET"]}}],"collection":[{"href":"https:\/\/donbaraton.es\/en\/wp-json\/wp\/v2\/product"}],"about":[{"href":"https:\/\/donbaraton.es\/en\/wp-json\/wp\/v2\/types\/product"}],"replies":[{"embeddable":true,"href":"https:\/\/donbaraton.es\/en\/wp-json\/wp\/v2\/comments?post=14533"}],"wp:featuredmedia":[{"embeddable":true,"href":"https:\/\/donbaraton.es\/en\/wp-json\/wp\/v2\/media\/14304"}],"wp:attachment":[{"href":"https:\/\/donbaraton.es\/en\/wp-json\/wp\/v2\/media?parent=14533"}],"wp:term":[{"taxonomy":"product_brand","embeddable":true,"href":"https:\/\/donbaraton.es\/en\/wp-json\/wp\/v2\/product_brand?post=14533"},{"taxonomy":"product_cat","embeddable":true,"href":"https:\/\/donbaraton.es\/en\/wp-json\/wp\/v2\/product_cat?post=14533"},{"taxonomy":"product_tag","embeddable":true,"href":"https:\/\/donbaraton.es\/en\/wp-json\/wp\/v2\/product_tag?post=14533"}],"curies":[{"name":"wp","href":"https:\/\/api.w.org\/{rel}","templated":true}]}}