{"id":14540,"date":"2019-02-21T17:50:29","date_gmt":"2019-02-21T16:50:29","guid":{"rendered":"https:\/\/donbaraton.es\/producto\/uncategorized\/trundle-bed-with-drawers-rimini\/"},"modified":"2023-08-29T16:03:36","modified_gmt":"2023-08-29T14:03:36","slug":"trundle-bed-with-drawers-rimini","status":"publish","type":"product","link":"https:\/\/donbaraton.es\/en\/p\/trundle-bed-with-drawers-rimini\/","title":{"rendered":"Trundle Bed with Drawers \u2013 Rimini"},"content":{"rendered":"<p><strong>Trundle bed with drawers \u2013 Rimini<\/strong><\/p>\n<p>Fantastic compact bed which can be turned into two beds. This bed is a way to maximize the available space in the bedroom.<\/p>\n<p>It is a piece of furniture traditionally intended for children and youthful rooms. If your children have started to invite friends to sleep and have nowhere to receive them, this bed is the ideal solution for them to enjoy a more sociable stage to the fullest.<\/p>\n<p>The main sleeping space (the upper level) needs a <a href=\"\/?p=11235\">90&#215;190 cm bed base<\/a>, while the lower bed removable by wheels needs a 90 x 180 cm bed base. Attention &#8211; the base and mattress on the bed below are 10 cm shorter than those on the bed above.<\/p>\n<p>It has two drawers to increase the capacity of the bedroom where you can store bedding, shoes or any other item.<\/p>\n<p>Made of high quality robust melamine, a versatile material due to its wood fibers. It stands out because it does not curve, it does not swell, it is very resistant and solid, what everyone looks for children&#8217;s rooms.<\/p>\n<p>This model has metal fittings. Its tidy finishes are our seal of quality.<\/p>\n<p>The color of the base is Cambria, an oak tone, and the fronts are plain white. The handles are grey. Modern and elegant color for youthful bedrooms that escape the traditional color.<\/p>\n<p>Designed for children and young people who enjoy spending time in their room, we make a bed adapted to them with heart.<\/p>\n<p>An option that cannot be passed without having two single beds in an economical way.<\/p>\n<p><strong>Assembly service not included into the price<\/strong><\/p>\n<p><strong>Dimensions:<\/strong> length 198.4 cm, width 98 cm, height 72 cm<\/p>\n","protected":false},"excerpt":{"rendered":"<ul>\n<li>90 x 190 cm bed<\/li>\n<li>90 x 180 cm trundle bed<\/li>\n<li>2 lower drawers<\/li>\n<li>High quality melamine and metal fittings<\/li>\n<li>Mattresses and bed bases not included<\/li>\n<\/ul>\n<p><strong>Dimensions:<\/strong> length 198.4 cm, width 98 cm, height 72 cm<\/p>\n","protected":false},"featured_media":14316,"comment_status":"open","ping_status":"closed","template":"","meta":{"_et_pb_use_builder":"","_et_pb_old_content":"","_et_gb_content_width":""},"product_brand":[],"product_cat":[132],"product_tag":[],"class_list":{"0":"post-14540","1":"product","2":"type-product","3":"status-publish","4":"has-post-thumbnail","6":"product_cat-beds","7":"product_shipping_class-articulos-pesado-manufacturing-up-to-10-days","8":"pa_material-wood","10":"first","11":"onbackorder","12":"sale","13":"taxable","14":"shipping-taxable","15":"purchasable","16":"product-type-simple"},"yoast_head":"<!-- This site is optimized with the Yoast SEO plugin v27.5 - https:\/\/yoast.com\/product\/yoast-seo-wordpress\/ -->\n<title>Trundle Bed with Drawers \u2013 Rimini - Don Baraton: tienda de sof\u00e1s, muebles y colchones<\/title>\n<meta name=\"robots\" content=\"index, follow, max-snippet:-1, max-image-preview:large, max-video-preview:-1\" \/>\n<link rel=\"canonical\" href=\"https:\/\/donbaraton.es\/en\/p\/trundle-bed-with-drawers-rimini\/\" \/>\n<meta property=\"og:locale\" content=\"en_GB\" \/>\n<meta property=\"og:type\" content=\"article\" \/>\n<meta property=\"og:title\" content=\"Trundle Bed with Drawers \u2013 Rimini - Don Baraton: tienda de sof\u00e1s, muebles y colchones\" \/>\n<meta property=\"og:description\" content=\"90 x 190 cm bed  90 x 180 cm trundle bed  2 lower drawers  High quality melamine and metal fittings  Mattresses and bed bases not included  Dimensions: length 198.4 cm, width 98 cm, height 72 cm\" \/>\n<meta property=\"og:url\" content=\"https:\/\/donbaraton.es\/en\/p\/trundle-bed-with-drawers-rimini\/\" \/>\n<meta property=\"og:site_name\" content=\"Don Baraton: tienda de sof\u00e1s, muebles y colchones\" \/>\n<meta property=\"article:publisher\" content=\"https:\/\/www.facebook.com\/donbaraton.es\" \/>\n<meta property=\"article:modified_time\" content=\"2023-08-29T14:03:36+00:00\" \/>\n<meta property=\"og:image\" content=\"https:\/\/i1.wp.com\/donbaraton.es\/wp-content\/uploads\/2019\/02\/Cama-nido-doble-con-cajones-Rimini.jpg?fit=800%2C800&ssl=1\" \/>\n\t<meta property=\"og:image:width\" content=\"800\" \/>\n\t<meta property=\"og:image:height\" content=\"800\" \/>\n\t<meta property=\"og:image:type\" content=\"image\/jpeg\" \/>\n<meta name=\"twitter:card\" content=\"summary_large_image\" \/>\n<meta name=\"twitter:site\" content=\"@don_baraton\" \/>\n<meta name=\"twitter:label1\" content=\"Estimated reading time\" \/>\n\t<meta name=\"twitter:data1\" content=\"1 minute\" \/>\n<script type=\"application\/ld+json\" class=\"yoast-schema-graph\">{\"@context\":\"https:\\\/\\\/schema.org\",\"@graph\":[{\"@type\":\"WebPage\",\"@id\":\"https:\\\/\\\/donbaraton.es\\\/en\\\/p\\\/trundle-bed-with-drawers-rimini\\\/\",\"url\":\"https:\\\/\\\/donbaraton.es\\\/en\\\/p\\\/trundle-bed-with-drawers-rimini\\\/\",\"name\":\"Trundle Bed with Drawers \u2013 Rimini - Don Baraton: tienda de sof\u00e1s, muebles y colchones\",\"isPartOf\":{\"@id\":\"https:\\\/\\\/donbaraton.es\\\/#website\"},\"primaryImageOfPage\":{\"@id\":\"https:\\\/\\\/donbaraton.es\\\/en\\\/p\\\/trundle-bed-with-drawers-rimini\\\/#primaryimage\"},\"image\":{\"@id\":\"https:\\\/\\\/donbaraton.es\\\/en\\\/p\\\/trundle-bed-with-drawers-rimini\\\/#primaryimage\"},\"thumbnailUrl\":\"https:\\\/\\\/donbaraton.es\\\/wp-content\\\/uploads\\\/2019\\\/02\\\/Cama-nido-doble-con-cajones-Rimini.jpg\",\"datePublished\":\"2019-02-21T16:50:29+00:00\",\"dateModified\":\"2023-08-29T14:03:36+00:00\",\"breadcrumb\":{\"@id\":\"https:\\\/\\\/donbaraton.es\\\/en\\\/p\\\/trundle-bed-with-drawers-rimini\\\/#breadcrumb\"},\"inLanguage\":\"en-GB\",\"potentialAction\":[{\"@type\":\"ReadAction\",\"target\":[\"https:\\\/\\\/donbaraton.es\\\/en\\\/p\\\/trundle-bed-with-drawers-rimini\\\/\"]}]},{\"@type\":\"ImageObject\",\"inLanguage\":\"en-GB\",\"@id\":\"https:\\\/\\\/donbaraton.es\\\/en\\\/p\\\/trundle-bed-with-drawers-rimini\\\/#primaryimage\",\"url\":\"https:\\\/\\\/donbaraton.es\\\/wp-content\\\/uploads\\\/2019\\\/02\\\/Cama-nido-doble-con-cajones-Rimini.jpg\",\"contentUrl\":\"https:\\\/\\\/donbaraton.es\\\/wp-content\\\/uploads\\\/2019\\\/02\\\/Cama-nido-doble-con-cajones-Rimini.jpg\",\"width\":800,\"height\":800,\"caption\":\"Trundle Bed with Drawers \u2013 Rimini\"},{\"@type\":\"BreadcrumbList\",\"@id\":\"https:\\\/\\\/donbaraton.es\\\/en\\\/p\\\/trundle-bed-with-drawers-rimini\\\/#breadcrumb\",\"itemListElement\":[{\"@type\":\"ListItem\",\"position\":1,\"name\":\"Portada\",\"item\":\"https:\\\/\\\/donbaraton.es\\\/en\\\/\"},{\"@type\":\"ListItem\",\"position\":2,\"name\":\"Online Shop\",\"item\":\"https:\\\/\\\/donbaraton.es\\\/en\\\/shop\\\/\"},{\"@type\":\"ListItem\",\"position\":3,\"name\":\"Trundle Bed with Drawers \u2013 Rimini\"}]},{\"@type\":\"WebSite\",\"@id\":\"https:\\\/\\\/donbaraton.es\\\/#website\",\"url\":\"https:\\\/\\\/donbaraton.es\\\/\",\"name\":\"Don Baraton: tienda de sof\u00e1s, muebles y colchones\",\"description\":\"Sofas baratos desde el almac\u00e9n en Almorad\u00ed, Alicante\",\"publisher\":{\"@id\":\"https:\\\/\\\/donbaraton.es\\\/#organization\"},\"potentialAction\":[{\"@type\":\"SearchAction\",\"target\":{\"@type\":\"EntryPoint\",\"urlTemplate\":\"https:\\\/\\\/donbaraton.es\\\/?s={search_term_string}\"},\"query-input\":{\"@type\":\"PropertyValueSpecification\",\"valueRequired\":true,\"valueName\":\"search_term_string\"}}],\"inLanguage\":\"en-GB\"},{\"@type\":\"Organization\",\"@id\":\"https:\\\/\\\/donbaraton.es\\\/#organization\",\"name\":\"Don Baraton\",\"url\":\"https:\\\/\\\/donbaraton.es\\\/\",\"logo\":{\"@type\":\"ImageObject\",\"inLanguage\":\"en-GB\",\"@id\":\"https:\\\/\\\/donbaraton.es\\\/#\\\/schema\\\/logo\\\/image\\\/\",\"url\":\"https:\\\/\\\/i0.wp.com\\\/donbaraton.es\\\/wp-content\\\/uploads\\\/2016\\\/11\\\/logo_don_baraton.png?fit=228%2C110&ssl=1\",\"contentUrl\":\"https:\\\/\\\/i0.wp.com\\\/donbaraton.es\\\/wp-content\\\/uploads\\\/2016\\\/11\\\/logo_don_baraton.png?fit=228%2C110&ssl=1\",\"width\":228,\"height\":110,\"caption\":\"Don Baraton\"},\"image\":{\"@id\":\"https:\\\/\\\/donbaraton.es\\\/#\\\/schema\\\/logo\\\/image\\\/\"},\"sameAs\":[\"https:\\\/\\\/www.facebook.com\\\/donbaraton.es\",\"https:\\\/\\\/x.com\\\/don_baraton\",\"https:\\\/\\\/www.instagram.com\\\/donbaraton.es\",\"https:\\\/\\\/www.linkedin.com\\\/company\\\/donbaraton\\\/\",\"https:\\\/\\\/es.pinterest.com\\\/donbaraton\\\/\",\"https:\\\/\\\/www.youtube.com\\\/channel\\\/UCL02HOwx-F759Jq5MedAZfQ\"]}]}<\/script>\n<!-- \/ Yoast SEO plugin. -->","yoast_head_json":{"title":"Trundle Bed with Drawers \u2013 Rimini - Don Baraton: tienda de sof\u00e1s, muebles y colchones","robots":{"index":"index","follow":"follow","max-snippet":"max-snippet:-1","max-image-preview":"max-image-preview:large","max-video-preview":"max-video-preview:-1"},"canonical":"https:\/\/donbaraton.es\/en\/p\/trundle-bed-with-drawers-rimini\/","og_locale":"en_GB","og_type":"article","og_title":"Trundle Bed with Drawers \u2013 Rimini - Don Baraton: tienda de sof\u00e1s, muebles y colchones","og_description":"90 x 190 cm bed  90 x 180 cm trundle bed  2 lower drawers  High quality melamine and metal fittings  Mattresses and bed bases not included  Dimensions: length 198.4 cm, width 98 cm, height 72 cm","og_url":"https:\/\/donbaraton.es\/en\/p\/trundle-bed-with-drawers-rimini\/","og_site_name":"Don Baraton: tienda de sof\u00e1s, muebles y colchones","article_publisher":"https:\/\/www.facebook.com\/donbaraton.es","article_modified_time":"2023-08-29T14:03:36+00:00","og_image":[{"width":800,"height":800,"url":"https:\/\/i1.wp.com\/donbaraton.es\/wp-content\/uploads\/2019\/02\/Cama-nido-doble-con-cajones-Rimini.jpg?fit=800%2C800&ssl=1","type":"image\/jpeg"}],"twitter_card":"summary_large_image","twitter_site":"@don_baraton","twitter_misc":{"Estimated reading time":"1 minute"},"schema":{"@context":"https:\/\/schema.org","@graph":[{"@type":"WebPage","@id":"https:\/\/donbaraton.es\/en\/p\/trundle-bed-with-drawers-rimini\/","url":"https:\/\/donbaraton.es\/en\/p\/trundle-bed-with-drawers-rimini\/","name":"Trundle Bed with Drawers \u2013 Rimini - Don Baraton: tienda de sof\u00e1s, muebles y colchones","isPartOf":{"@id":"https:\/\/donbaraton.es\/#website"},"primaryImageOfPage":{"@id":"https:\/\/donbaraton.es\/en\/p\/trundle-bed-with-drawers-rimini\/#primaryimage"},"image":{"@id":"https:\/\/donbaraton.es\/en\/p\/trundle-bed-with-drawers-rimini\/#primaryimage"},"thumbnailUrl":"https:\/\/donbaraton.es\/wp-content\/uploads\/2019\/02\/Cama-nido-doble-con-cajones-Rimini.jpg","datePublished":"2019-02-21T16:50:29+00:00","dateModified":"2023-08-29T14:03:36+00:00","breadcrumb":{"@id":"https:\/\/donbaraton.es\/en\/p\/trundle-bed-with-drawers-rimini\/#breadcrumb"},"inLanguage":"en-GB","potentialAction":[{"@type":"ReadAction","target":["https:\/\/donbaraton.es\/en\/p\/trundle-bed-with-drawers-rimini\/"]}]},{"@type":"ImageObject","inLanguage":"en-GB","@id":"https:\/\/donbaraton.es\/en\/p\/trundle-bed-with-drawers-rimini\/#primaryimage","url":"https:\/\/donbaraton.es\/wp-content\/uploads\/2019\/02\/Cama-nido-doble-con-cajones-Rimini.jpg","contentUrl":"https:\/\/donbaraton.es\/wp-content\/uploads\/2019\/02\/Cama-nido-doble-con-cajones-Rimini.jpg","width":800,"height":800,"caption":"Trundle Bed with Drawers \u2013 Rimini"},{"@type":"BreadcrumbList","@id":"https:\/\/donbaraton.es\/en\/p\/trundle-bed-with-drawers-rimini\/#breadcrumb","itemListElement":[{"@type":"ListItem","position":1,"name":"Portada","item":"https:\/\/donbaraton.es\/en\/"},{"@type":"ListItem","position":2,"name":"Online Shop","item":"https:\/\/donbaraton.es\/en\/shop\/"},{"@type":"ListItem","position":3,"name":"Trundle Bed with Drawers \u2013 Rimini"}]},{"@type":"WebSite","@id":"https:\/\/donbaraton.es\/#website","url":"https:\/\/donbaraton.es\/","name":"Don Baraton: tienda de sof\u00e1s, muebles y colchones","description":"Sofas baratos desde el almac\u00e9n en Almorad\u00ed, Alicante","publisher":{"@id":"https:\/\/donbaraton.es\/#organization"},"potentialAction":[{"@type":"SearchAction","target":{"@type":"EntryPoint","urlTemplate":"https:\/\/donbaraton.es\/?s={search_term_string}"},"query-input":{"@type":"PropertyValueSpecification","valueRequired":true,"valueName":"search_term_string"}}],"inLanguage":"en-GB"},{"@type":"Organization","@id":"https:\/\/donbaraton.es\/#organization","name":"Don Baraton","url":"https:\/\/donbaraton.es\/","logo":{"@type":"ImageObject","inLanguage":"en-GB","@id":"https:\/\/donbaraton.es\/#\/schema\/logo\/image\/","url":"https:\/\/i0.wp.com\/donbaraton.es\/wp-content\/uploads\/2016\/11\/logo_don_baraton.png?fit=228%2C110&ssl=1","contentUrl":"https:\/\/i0.wp.com\/donbaraton.es\/wp-content\/uploads\/2016\/11\/logo_don_baraton.png?fit=228%2C110&ssl=1","width":228,"height":110,"caption":"Don Baraton"},"image":{"@id":"https:\/\/donbaraton.es\/#\/schema\/logo\/image\/"},"sameAs":["https:\/\/www.facebook.com\/donbaraton.es","https:\/\/x.com\/don_baraton","https:\/\/www.instagram.com\/donbaraton.es","https:\/\/www.linkedin.com\/company\/donbaraton\/","https:\/\/es.pinterest.com\/donbaraton\/","https:\/\/www.youtube.com\/channel\/UCL02HOwx-F759Jq5MedAZfQ"]}]}},"_links":{"self":[{"href":"https:\/\/donbaraton.es\/en\/wp-json\/wp\/v2\/product\/14540","targetHints":{"allow":["GET"]}}],"collection":[{"href":"https:\/\/donbaraton.es\/en\/wp-json\/wp\/v2\/product"}],"about":[{"href":"https:\/\/donbaraton.es\/en\/wp-json\/wp\/v2\/types\/product"}],"replies":[{"embeddable":true,"href":"https:\/\/donbaraton.es\/en\/wp-json\/wp\/v2\/comments?post=14540"}],"wp:featuredmedia":[{"embeddable":true,"href":"https:\/\/donbaraton.es\/en\/wp-json\/wp\/v2\/media\/14316"}],"wp:attachment":[{"href":"https:\/\/donbaraton.es\/en\/wp-json\/wp\/v2\/media?parent=14540"}],"wp:term":[{"taxonomy":"product_brand","embeddable":true,"href":"https:\/\/donbaraton.es\/en\/wp-json\/wp\/v2\/product_brand?post=14540"},{"taxonomy":"product_cat","embeddable":true,"href":"https:\/\/donbaraton.es\/en\/wp-json\/wp\/v2\/product_cat?post=14540"},{"taxonomy":"product_tag","embeddable":true,"href":"https:\/\/donbaraton.es\/en\/wp-json\/wp\/v2\/product_tag?post=14540"}],"curies":[{"name":"wp","href":"https:\/\/api.w.org\/{rel}","templated":true}]}}