{"id":14541,"date":"2019-02-25T15:49:12","date_gmt":"2019-02-25T14:49:12","guid":{"rendered":"https:\/\/donbaraton.es\/producto\/uncategorized\/sofa-bed-matching-armchair-scandinavian-style-karlstad\/"},"modified":"2022-10-16T13:40:19","modified_gmt":"2022-10-16T11:40:19","slug":"sofa-bed-matching-armchair-scandinavian-style-karlstad","status":"publish","type":"product","link":"https:\/\/donbaraton.es\/en\/p\/sofa-bed-matching-armchair-scandinavian-style-karlstad\/","title":{"rendered":"Sofa Bed and Matching Armchair in Scandinavian Style &#8211; Karlstad"},"content":{"rendered":"<p><strong>Sofa bed and matching armchair (3+1 set) in Scandinavian style &#8211; Karlstad.<\/strong><\/p>\n<p>A very comfortable set of matching sofa and armchair in modern design that offers enough space for the family and for the guests of the house (four people in total).<\/p>\n<p>The measurements of the elements of this set allow us to locate each of them where it suits us in a large or medium room.<\/p>\n<p>Scandinavian combination of soft textures with simple lines of design, give that touch away from the traditional.<\/p>\n<p>The sofa bed transforms into a large and comfortable bed.<\/p>\n<p>The sofa bed has a spacious storage under the seat.<\/p>\n<p>Thanks to the bonell springs of the seats, the sofa and the armchair offer the maximum comfort of rest both during the night and during the day. The comfortable opening system of the click-clack bed allows to better organize the space of the room.<\/p>\n<p>These springs have a wire thickness of 2.4 mm and a highly elastic T30 foam with a thickness of 3 cm, thanks to which the comfort and comfort of using the armchair and the sofa bed are maintained at a high level.<\/p>\n<p>Upholstered in synthetic Norn fabric, a pleasant touch upholstery fabric with a soft surface. Available in an elegant grey color.<\/p>\n<p>The sturdy wooden legs give the sofa and armchair a reliable and durable support. Being this our seal of quality.<\/p>\n<p>This versatile set of furniture is ideal to take advantage of the space available in small rooms or as an auxiliary furniture to accommodate guests at specific moments. Do not miss this opportunity to renew that space.<\/p>\n<p><strong>Weight of sofa bed:<\/strong> 66 kg<\/p>\n<p><strong>Armchair weight:<\/strong> 44 kg<\/p>\n","protected":false},"excerpt":{"rendered":"<ul>\n<li>Matching 3-seater sofa bed and armchair<\/li>\n<li>Very comfortable<\/li>\n<li>Padded armrests<\/li>\n<li>Bonell type seat springs<\/li>\n<li>Robust wooden legs<\/li>\n<\/ul>\n<p><strong>Dimensions.<\/strong>\u00a0<strong>Sofa:<\/strong> length 210 cm, height 90 cm, depth 94 cm. <strong>Bed:<\/strong>\u00a0119 cm x 180 cm.\u00a0<strong>Armchair: <\/strong>width 95 cm, height 95 cm, depth 88 cm<\/p>\n","protected":false},"featured_media":14364,"comment_status":"open","ping_status":"closed","template":"","meta":{"_et_pb_use_builder":"","_et_pb_old_content":"","_et_gb_content_width":""},"product_brand":[],"product_cat":[167,35],"product_tag":[],"class_list":{"0":"post-14541","1":"product","2":"type-product","3":"status-publish","4":"has-post-thumbnail","6":"product_cat-sofa-sets","7":"product_cat-sofas-en","8":"product_shipping_class-articulos-pesados","9":"pa_largo-sofas-201-250-cm-en","10":"pa_material-fabric","11":"pa_plazas-3-seater-sofas","12":"pa_plazas-4-seater-sofas","14":"first","15":"outofstock","16":"taxable","17":"shipping-taxable","18":"product-type-variable"},"yoast_head":"<!-- This site is optimized with the Yoast SEO plugin v27.2 - https:\/\/yoast.com\/product\/yoast-seo-wordpress\/ -->\n<title>Sofa Bed and Matching Armchair in Scandinavian Style - Karlstad - Don Baraton: tienda de sof\u00e1s, muebles y colchones<\/title>\n<meta name=\"robots\" content=\"index, follow, max-snippet:-1, max-image-preview:large, max-video-preview:-1\" \/>\n<link rel=\"canonical\" href=\"https:\/\/donbaraton.es\/en\/p\/sofa-bed-matching-armchair-scandinavian-style-karlstad\/\" \/>\n<meta property=\"og:locale\" content=\"en_GB\" \/>\n<meta property=\"og:type\" content=\"article\" \/>\n<meta property=\"og:title\" content=\"Sofa Bed and Matching Armchair in Scandinavian Style - Karlstad - Don Baraton: tienda de sof\u00e1s, muebles y colchones\" \/>\n<meta property=\"og:description\" content=\"Matching 3-seater sofa bed and armchair  Very comfortable  Padded armrests  Bonell type seat springs  Robust wooden legs  Dimensions.\u00a0Sofa: length 210 cm, height 90 cm, depth 94 cm. Bed:\u00a0119 cm x 180 cm.\u00a0Armchair: width 95 cm, height 95 cm, depth 88 cm\" \/>\n<meta property=\"og:url\" content=\"https:\/\/donbaraton.es\/en\/p\/sofa-bed-matching-armchair-scandinavian-style-karlstad\/\" \/>\n<meta property=\"og:site_name\" content=\"Don Baraton: tienda de sof\u00e1s, muebles y colchones\" \/>\n<meta property=\"article:publisher\" content=\"https:\/\/www.facebook.com\/donbaraton.es\" \/>\n<meta property=\"article:modified_time\" content=\"2022-10-16T11:40:19+00:00\" \/>\n<meta property=\"og:image\" content=\"https:\/\/i2.wp.com\/donbaraton.es\/wp-content\/uploads\/2019\/02\/Conjunto-de-un-sof\u00e1-cama-y-un-sill\u00f3n-31-Karlstad.jpg?fit=1000%2C666&ssl=1\" \/>\n\t<meta property=\"og:image:width\" content=\"1000\" \/>\n\t<meta property=\"og:image:height\" content=\"666\" \/>\n\t<meta property=\"og:image:type\" content=\"image\/jpeg\" \/>\n<meta name=\"twitter:card\" content=\"summary_large_image\" \/>\n<meta name=\"twitter:site\" content=\"@don_baraton\" \/>\n<meta name=\"twitter:label1\" content=\"Estimated reading time\" \/>\n\t<meta name=\"twitter:data1\" content=\"1 minute\" \/>\n<script type=\"application\/ld+json\" class=\"yoast-schema-graph\">{\"@context\":\"https:\/\/schema.org\",\"@graph\":[{\"@type\":\"WebPage\",\"@id\":\"https:\/\/donbaraton.es\/en\/p\/sofa-bed-matching-armchair-scandinavian-style-karlstad\/\",\"url\":\"https:\/\/donbaraton.es\/en\/p\/sofa-bed-matching-armchair-scandinavian-style-karlstad\/\",\"name\":\"Sofa Bed and Matching Armchair in Scandinavian Style - Karlstad - Don Baraton: tienda de sof\u00e1s, muebles y colchones\",\"isPartOf\":{\"@id\":\"https:\/\/donbaraton.es\/#website\"},\"primaryImageOfPage\":{\"@id\":\"https:\/\/donbaraton.es\/en\/p\/sofa-bed-matching-armchair-scandinavian-style-karlstad\/#primaryimage\"},\"image\":{\"@id\":\"https:\/\/donbaraton.es\/en\/p\/sofa-bed-matching-armchair-scandinavian-style-karlstad\/#primaryimage\"},\"thumbnailUrl\":\"https:\/\/donbaraton.es\/wp-content\/uploads\/2019\/02\/Conjunto-de-un-sof\u00e1-cama-y-un-sill\u00f3n-31-Karlstad.jpg\",\"datePublished\":\"2019-02-25T14:49:12+00:00\",\"dateModified\":\"2022-10-16T11:40:19+00:00\",\"breadcrumb\":{\"@id\":\"https:\/\/donbaraton.es\/en\/p\/sofa-bed-matching-armchair-scandinavian-style-karlstad\/#breadcrumb\"},\"inLanguage\":\"en-GB\",\"potentialAction\":[{\"@type\":\"ReadAction\",\"target\":[\"https:\/\/donbaraton.es\/en\/p\/sofa-bed-matching-armchair-scandinavian-style-karlstad\/\"]}]},{\"@type\":\"ImageObject\",\"inLanguage\":\"en-GB\",\"@id\":\"https:\/\/donbaraton.es\/en\/p\/sofa-bed-matching-armchair-scandinavian-style-karlstad\/#primaryimage\",\"url\":\"https:\/\/donbaraton.es\/wp-content\/uploads\/2019\/02\/Conjunto-de-un-sof\u00e1-cama-y-un-sill\u00f3n-31-Karlstad.jpg\",\"contentUrl\":\"https:\/\/donbaraton.es\/wp-content\/uploads\/2019\/02\/Conjunto-de-un-sof\u00e1-cama-y-un-sill\u00f3n-31-Karlstad.jpg\",\"width\":1000,\"height\":666,\"caption\":\"Sofa Bed and Matching Armchair in Scandinavian Style - Karlstad\"},{\"@type\":\"BreadcrumbList\",\"@id\":\"https:\/\/donbaraton.es\/en\/p\/sofa-bed-matching-armchair-scandinavian-style-karlstad\/#breadcrumb\",\"itemListElement\":[{\"@type\":\"ListItem\",\"position\":1,\"name\":\"Portada\",\"item\":\"https:\/\/donbaraton.es\/en\/\"},{\"@type\":\"ListItem\",\"position\":2,\"name\":\"Online Shop\",\"item\":\"https:\/\/donbaraton.es\/en\/shop\/\"},{\"@type\":\"ListItem\",\"position\":3,\"name\":\"Sofa Bed and Matching Armchair in Scandinavian Style &#8211; Karlstad\"}]},{\"@type\":\"WebSite\",\"@id\":\"https:\/\/donbaraton.es\/#website\",\"url\":\"https:\/\/donbaraton.es\/\",\"name\":\"Don Baraton: tienda de sof\u00e1s, muebles y colchones\",\"description\":\"Sofas baratos desde el almac\u00e9n en Almorad\u00ed, Alicante\",\"publisher\":{\"@id\":\"https:\/\/donbaraton.es\/#organization\"},\"potentialAction\":[{\"@type\":\"SearchAction\",\"target\":{\"@type\":\"EntryPoint\",\"urlTemplate\":\"https:\/\/donbaraton.es\/?s={search_term_string}\"},\"query-input\":{\"@type\":\"PropertyValueSpecification\",\"valueRequired\":true,\"valueName\":\"search_term_string\"}}],\"inLanguage\":\"en-GB\"},{\"@type\":\"Organization\",\"@id\":\"https:\/\/donbaraton.es\/#organization\",\"name\":\"Don Baraton\",\"url\":\"https:\/\/donbaraton.es\/\",\"logo\":{\"@type\":\"ImageObject\",\"inLanguage\":\"en-GB\",\"@id\":\"https:\/\/donbaraton.es\/#\/schema\/logo\/image\/\",\"url\":\"https:\/\/i0.wp.com\/donbaraton.es\/wp-content\/uploads\/2016\/11\/logo_don_baraton.png?fit=228%2C110&ssl=1\",\"contentUrl\":\"https:\/\/i0.wp.com\/donbaraton.es\/wp-content\/uploads\/2016\/11\/logo_don_baraton.png?fit=228%2C110&ssl=1\",\"width\":228,\"height\":110,\"caption\":\"Don Baraton\"},\"image\":{\"@id\":\"https:\/\/donbaraton.es\/#\/schema\/logo\/image\/\"},\"sameAs\":[\"https:\/\/www.facebook.com\/donbaraton.es\",\"https:\/\/x.com\/don_baraton\",\"https:\/\/www.instagram.com\/donbaraton.es\",\"https:\/\/www.linkedin.com\/company\/donbaraton\/\",\"https:\/\/es.pinterest.com\/donbaraton\/\",\"https:\/\/www.youtube.com\/channel\/UCL02HOwx-F759Jq5MedAZfQ\"]}]}<\/script>\n<!-- \/ Yoast SEO plugin. -->","yoast_head_json":{"title":"Sofa Bed and Matching Armchair in Scandinavian Style - Karlstad - Don Baraton: tienda de sof\u00e1s, muebles y colchones","robots":{"index":"index","follow":"follow","max-snippet":"max-snippet:-1","max-image-preview":"max-image-preview:large","max-video-preview":"max-video-preview:-1"},"canonical":"https:\/\/donbaraton.es\/en\/p\/sofa-bed-matching-armchair-scandinavian-style-karlstad\/","og_locale":"en_GB","og_type":"article","og_title":"Sofa Bed and Matching Armchair in Scandinavian Style - Karlstad - Don Baraton: tienda de sof\u00e1s, muebles y colchones","og_description":"Matching 3-seater sofa bed and armchair  Very comfortable  Padded armrests  Bonell type seat springs  Robust wooden legs  Dimensions.\u00a0Sofa: length 210 cm, height 90 cm, depth 94 cm. Bed:\u00a0119 cm x 180 cm.\u00a0Armchair: width 95 cm, height 95 cm, depth 88 cm","og_url":"https:\/\/donbaraton.es\/en\/p\/sofa-bed-matching-armchair-scandinavian-style-karlstad\/","og_site_name":"Don Baraton: tienda de sof\u00e1s, muebles y colchones","article_publisher":"https:\/\/www.facebook.com\/donbaraton.es","article_modified_time":"2022-10-16T11:40:19+00:00","og_image":[{"width":1000,"height":666,"url":"https:\/\/i2.wp.com\/donbaraton.es\/wp-content\/uploads\/2019\/02\/Conjunto-de-un-sof\u00e1-cama-y-un-sill\u00f3n-31-Karlstad.jpg?fit=1000%2C666&ssl=1","type":"image\/jpeg"}],"twitter_card":"summary_large_image","twitter_site":"@don_baraton","twitter_misc":{"Estimated reading time":"1 minute"},"schema":{"@context":"https:\/\/schema.org","@graph":[{"@type":"WebPage","@id":"https:\/\/donbaraton.es\/en\/p\/sofa-bed-matching-armchair-scandinavian-style-karlstad\/","url":"https:\/\/donbaraton.es\/en\/p\/sofa-bed-matching-armchair-scandinavian-style-karlstad\/","name":"Sofa Bed and Matching Armchair in Scandinavian Style - Karlstad - Don Baraton: tienda de sof\u00e1s, muebles y colchones","isPartOf":{"@id":"https:\/\/donbaraton.es\/#website"},"primaryImageOfPage":{"@id":"https:\/\/donbaraton.es\/en\/p\/sofa-bed-matching-armchair-scandinavian-style-karlstad\/#primaryimage"},"image":{"@id":"https:\/\/donbaraton.es\/en\/p\/sofa-bed-matching-armchair-scandinavian-style-karlstad\/#primaryimage"},"thumbnailUrl":"https:\/\/donbaraton.es\/wp-content\/uploads\/2019\/02\/Conjunto-de-un-sof\u00e1-cama-y-un-sill\u00f3n-31-Karlstad.jpg","datePublished":"2019-02-25T14:49:12+00:00","dateModified":"2022-10-16T11:40:19+00:00","breadcrumb":{"@id":"https:\/\/donbaraton.es\/en\/p\/sofa-bed-matching-armchair-scandinavian-style-karlstad\/#breadcrumb"},"inLanguage":"en-GB","potentialAction":[{"@type":"ReadAction","target":["https:\/\/donbaraton.es\/en\/p\/sofa-bed-matching-armchair-scandinavian-style-karlstad\/"]}]},{"@type":"ImageObject","inLanguage":"en-GB","@id":"https:\/\/donbaraton.es\/en\/p\/sofa-bed-matching-armchair-scandinavian-style-karlstad\/#primaryimage","url":"https:\/\/donbaraton.es\/wp-content\/uploads\/2019\/02\/Conjunto-de-un-sof\u00e1-cama-y-un-sill\u00f3n-31-Karlstad.jpg","contentUrl":"https:\/\/donbaraton.es\/wp-content\/uploads\/2019\/02\/Conjunto-de-un-sof\u00e1-cama-y-un-sill\u00f3n-31-Karlstad.jpg","width":1000,"height":666,"caption":"Sofa Bed and Matching Armchair in Scandinavian Style - Karlstad"},{"@type":"BreadcrumbList","@id":"https:\/\/donbaraton.es\/en\/p\/sofa-bed-matching-armchair-scandinavian-style-karlstad\/#breadcrumb","itemListElement":[{"@type":"ListItem","position":1,"name":"Portada","item":"https:\/\/donbaraton.es\/en\/"},{"@type":"ListItem","position":2,"name":"Online Shop","item":"https:\/\/donbaraton.es\/en\/shop\/"},{"@type":"ListItem","position":3,"name":"Sofa Bed and Matching Armchair in Scandinavian Style &#8211; Karlstad"}]},{"@type":"WebSite","@id":"https:\/\/donbaraton.es\/#website","url":"https:\/\/donbaraton.es\/","name":"Don Baraton: tienda de sof\u00e1s, muebles y colchones","description":"Sofas baratos desde el almac\u00e9n en Almorad\u00ed, Alicante","publisher":{"@id":"https:\/\/donbaraton.es\/#organization"},"potentialAction":[{"@type":"SearchAction","target":{"@type":"EntryPoint","urlTemplate":"https:\/\/donbaraton.es\/?s={search_term_string}"},"query-input":{"@type":"PropertyValueSpecification","valueRequired":true,"valueName":"search_term_string"}}],"inLanguage":"en-GB"},{"@type":"Organization","@id":"https:\/\/donbaraton.es\/#organization","name":"Don Baraton","url":"https:\/\/donbaraton.es\/","logo":{"@type":"ImageObject","inLanguage":"en-GB","@id":"https:\/\/donbaraton.es\/#\/schema\/logo\/image\/","url":"https:\/\/i0.wp.com\/donbaraton.es\/wp-content\/uploads\/2016\/11\/logo_don_baraton.png?fit=228%2C110&ssl=1","contentUrl":"https:\/\/i0.wp.com\/donbaraton.es\/wp-content\/uploads\/2016\/11\/logo_don_baraton.png?fit=228%2C110&ssl=1","width":228,"height":110,"caption":"Don Baraton"},"image":{"@id":"https:\/\/donbaraton.es\/#\/schema\/logo\/image\/"},"sameAs":["https:\/\/www.facebook.com\/donbaraton.es","https:\/\/x.com\/don_baraton","https:\/\/www.instagram.com\/donbaraton.es","https:\/\/www.linkedin.com\/company\/donbaraton\/","https:\/\/es.pinterest.com\/donbaraton\/","https:\/\/www.youtube.com\/channel\/UCL02HOwx-F759Jq5MedAZfQ"]}]}},"_links":{"self":[{"href":"https:\/\/donbaraton.es\/en\/wp-json\/wp\/v2\/product\/14541","targetHints":{"allow":["GET"]}}],"collection":[{"href":"https:\/\/donbaraton.es\/en\/wp-json\/wp\/v2\/product"}],"about":[{"href":"https:\/\/donbaraton.es\/en\/wp-json\/wp\/v2\/types\/product"}],"replies":[{"embeddable":true,"href":"https:\/\/donbaraton.es\/en\/wp-json\/wp\/v2\/comments?post=14541"}],"wp:featuredmedia":[{"embeddable":true,"href":"https:\/\/donbaraton.es\/en\/wp-json\/wp\/v2\/media\/14364"}],"wp:attachment":[{"href":"https:\/\/donbaraton.es\/en\/wp-json\/wp\/v2\/media?parent=14541"}],"wp:term":[{"taxonomy":"product_brand","embeddable":true,"href":"https:\/\/donbaraton.es\/en\/wp-json\/wp\/v2\/product_brand?post=14541"},{"taxonomy":"product_cat","embeddable":true,"href":"https:\/\/donbaraton.es\/en\/wp-json\/wp\/v2\/product_cat?post=14541"},{"taxonomy":"product_tag","embeddable":true,"href":"https:\/\/donbaraton.es\/en\/wp-json\/wp\/v2\/product_tag?post=14541"}],"curies":[{"name":"wp","href":"https:\/\/api.w.org\/{rel}","templated":true}]}}