{"id":14543,"date":"2019-02-26T22:29:23","date_gmt":"2019-02-26T21:29:23","guid":{"rendered":"https:\/\/donbaraton.es\/producto\/uncategorized\/scandinavian-style-sofa-bed-karlstad\/"},"modified":"2025-07-29T11:41:13","modified_gmt":"2025-07-29T09:41:13","slug":"scandinavian-style-sofa-bed-karlstad","status":"publish","type":"product","link":"https:\/\/donbaraton.es\/en\/p\/scandinavian-style-sofa-bed-karlstad\/","title":{"rendered":"Scandinavian Style Sofa Bed &#8211; Karlstad"},"content":{"rendered":"<p><strong>Scandinavian style click-clack sofa bed &#8211; Karlstad<\/strong><\/p>\n<p>The comfortable Karlstad sofa is a sofa made of wood and chipboard that can be unfolded or opened to form a bed. It is the perfect offer for the living room. Its simple, modern and minimalist form makes it a Scandinavian multipurpose model.<\/p>\n<p>The simplicity of the lines and the maximum comfort are the Scandinavian standard.<\/p>\n<p>It transforms into a large and comfortable bed. Thanks to its click-clack system, the bed is deployed in seconds. The backrest and seat are easily folding.<\/p>\n<p>This model has a large storage for bedding, you can save what you want there!<\/p>\n<p>Its refinements are impeccable, with its opening support mechanism give it the rigidity that deserves a good rest.<\/p>\n<p>Upholstered in synthetic Norn fabric, which has a pleasant texture to the touch with a soft surface. Available in grey colour.<\/p>\n<p>In the seat there are a bonell type springs with a wire thickness of 2.4 mm and a highly elastic 3 cm thick foam (density 30 kg\/m3). Ultra comfort that will make you not want to get up off the couch.<\/p>\n<p>The sturdy wooden legs give the sofa a reliable and durable support.<\/p>\n<p>It is a versatile piece of furniture that combines its function of seat during the day with that of bed during the night. It is used to take advantage of the space available in small rooms or as an additional bed to receive guests at specific moments. Do not miss this opportunity to renew that space.<\/p>\n<p><strong>Dimensions:<\/strong> length 210 cm, height 90 cm, depth 94 cm<\/p>\n<p><strong>Dimensions of the bed:<\/strong> 119 cm x 180 cm<\/p>\n<p><strong>Weight:<\/strong> 66 kg<\/p>\n<p>&nbsp;<\/p>\n","protected":false},"excerpt":{"rendered":"<ul>\n<li>Easily unfolds into 119 x 180 cm bed<\/li>\n<li>Storage under the seat<\/li>\n<li>Solid wood frame<\/li>\n<li>Wooden legs<\/li>\n<\/ul>\n<p><strong>Dimensions:<\/strong> length 210 cm, height 90 cm, depth 94 cm<\/p>\n","protected":false},"featured_media":14387,"comment_status":"open","ping_status":"closed","template":"","meta":{"_et_pb_use_builder":"","_et_pb_old_content":"","_et_gb_content_width":""},"product_brand":[],"product_cat":[41,35],"product_tag":[],"class_list":{"0":"post-14543","1":"product","2":"type-product","3":"status-publish","4":"has-post-thumbnail","6":"product_cat-sofa-beds","7":"product_cat-sofas-en","8":"product_shipping_class-articulos-pesados","9":"pa_largo-sofas-201-250-cm-en","10":"pa_material-fabric","11":"pa_plazas-3-seater-sofas","13":"first","14":"outofstock","15":"taxable","16":"shipping-taxable","17":"product-type-variable"},"yoast_head":"<!-- This site is optimized with the Yoast SEO plugin v27.2 - https:\/\/yoast.com\/product\/yoast-seo-wordpress\/ -->\n<title>Scandinavian Style Sofa Bed - Karlstad - Don Baraton: tienda de sof\u00e1s, muebles y colchones<\/title>\n<meta name=\"robots\" content=\"index, follow, max-snippet:-1, max-image-preview:large, max-video-preview:-1\" \/>\n<link rel=\"canonical\" href=\"https:\/\/donbaraton.es\/en\/p\/scandinavian-style-sofa-bed-karlstad\/\" \/>\n<meta property=\"og:locale\" content=\"en_GB\" \/>\n<meta property=\"og:type\" content=\"article\" \/>\n<meta property=\"og:title\" content=\"Scandinavian Style Sofa Bed - Karlstad - Don Baraton: tienda de sof\u00e1s, muebles y colchones\" \/>\n<meta property=\"og:description\" content=\"Easily unfolds into 119 x 180 cm bed  Storage under the seat  Solid wood frame  Wooden legs  Dimensions: length 210 cm, height 90 cm, depth 94 cm\" \/>\n<meta property=\"og:url\" content=\"https:\/\/donbaraton.es\/en\/p\/scandinavian-style-sofa-bed-karlstad\/\" \/>\n<meta property=\"og:site_name\" content=\"Don Baraton: tienda de sof\u00e1s, muebles y colchones\" \/>\n<meta property=\"article:publisher\" content=\"https:\/\/www.facebook.com\/donbaraton.es\" \/>\n<meta property=\"article:modified_time\" content=\"2025-07-29T09:41:13+00:00\" \/>\n<meta property=\"og:image\" content=\"https:\/\/i1.wp.com\/donbaraton.es\/wp-content\/uploads\/2019\/02\/Sof\u00e1-cama-estilo-escandinavo-Karlstad.jpg?fit=1000%2C666&ssl=1\" \/>\n\t<meta property=\"og:image:width\" content=\"1000\" \/>\n\t<meta property=\"og:image:height\" content=\"666\" \/>\n\t<meta property=\"og:image:type\" content=\"image\/jpeg\" \/>\n<meta name=\"twitter:card\" content=\"summary_large_image\" \/>\n<meta name=\"twitter:site\" content=\"@don_baraton\" \/>\n<meta name=\"twitter:label1\" content=\"Estimated reading time\" \/>\n\t<meta name=\"twitter:data1\" content=\"1 minute\" \/>\n<script type=\"application\/ld+json\" class=\"yoast-schema-graph\">{\"@context\":\"https:\/\/schema.org\",\"@graph\":[{\"@type\":\"WebPage\",\"@id\":\"https:\/\/donbaraton.es\/en\/p\/scandinavian-style-sofa-bed-karlstad\/\",\"url\":\"https:\/\/donbaraton.es\/en\/p\/scandinavian-style-sofa-bed-karlstad\/\",\"name\":\"Scandinavian Style Sofa Bed - Karlstad - Don Baraton: tienda de sof\u00e1s, muebles y colchones\",\"isPartOf\":{\"@id\":\"https:\/\/donbaraton.es\/#website\"},\"primaryImageOfPage\":{\"@id\":\"https:\/\/donbaraton.es\/en\/p\/scandinavian-style-sofa-bed-karlstad\/#primaryimage\"},\"image\":{\"@id\":\"https:\/\/donbaraton.es\/en\/p\/scandinavian-style-sofa-bed-karlstad\/#primaryimage\"},\"thumbnailUrl\":\"https:\/\/donbaraton.es\/wp-content\/uploads\/2019\/02\/Sof\u00e1-cama-estilo-escandinavo-Karlstad.jpg\",\"datePublished\":\"2019-02-26T21:29:23+00:00\",\"dateModified\":\"2025-07-29T09:41:13+00:00\",\"breadcrumb\":{\"@id\":\"https:\/\/donbaraton.es\/en\/p\/scandinavian-style-sofa-bed-karlstad\/#breadcrumb\"},\"inLanguage\":\"en-GB\",\"potentialAction\":[{\"@type\":\"ReadAction\",\"target\":[\"https:\/\/donbaraton.es\/en\/p\/scandinavian-style-sofa-bed-karlstad\/\"]}]},{\"@type\":\"ImageObject\",\"inLanguage\":\"en-GB\",\"@id\":\"https:\/\/donbaraton.es\/en\/p\/scandinavian-style-sofa-bed-karlstad\/#primaryimage\",\"url\":\"https:\/\/donbaraton.es\/wp-content\/uploads\/2019\/02\/Sof\u00e1-cama-estilo-escandinavo-Karlstad.jpg\",\"contentUrl\":\"https:\/\/donbaraton.es\/wp-content\/uploads\/2019\/02\/Sof\u00e1-cama-estilo-escandinavo-Karlstad.jpg\",\"width\":1000,\"height\":666,\"caption\":\"Sof\u00e1 cama estilo escandinavo - Karlstad\"},{\"@type\":\"BreadcrumbList\",\"@id\":\"https:\/\/donbaraton.es\/en\/p\/scandinavian-style-sofa-bed-karlstad\/#breadcrumb\",\"itemListElement\":[{\"@type\":\"ListItem\",\"position\":1,\"name\":\"Portada\",\"item\":\"https:\/\/donbaraton.es\/en\/\"},{\"@type\":\"ListItem\",\"position\":2,\"name\":\"Online Shop\",\"item\":\"https:\/\/donbaraton.es\/en\/shop\/\"},{\"@type\":\"ListItem\",\"position\":3,\"name\":\"Scandinavian Style Sofa Bed &#8211; Karlstad\"}]},{\"@type\":\"WebSite\",\"@id\":\"https:\/\/donbaraton.es\/#website\",\"url\":\"https:\/\/donbaraton.es\/\",\"name\":\"Don Baraton: tienda de sof\u00e1s, muebles y colchones\",\"description\":\"Sofas baratos desde el almac\u00e9n en Almorad\u00ed, Alicante\",\"publisher\":{\"@id\":\"https:\/\/donbaraton.es\/#organization\"},\"potentialAction\":[{\"@type\":\"SearchAction\",\"target\":{\"@type\":\"EntryPoint\",\"urlTemplate\":\"https:\/\/donbaraton.es\/?s={search_term_string}\"},\"query-input\":{\"@type\":\"PropertyValueSpecification\",\"valueRequired\":true,\"valueName\":\"search_term_string\"}}],\"inLanguage\":\"en-GB\"},{\"@type\":\"Organization\",\"@id\":\"https:\/\/donbaraton.es\/#organization\",\"name\":\"Don Baraton\",\"url\":\"https:\/\/donbaraton.es\/\",\"logo\":{\"@type\":\"ImageObject\",\"inLanguage\":\"en-GB\",\"@id\":\"https:\/\/donbaraton.es\/#\/schema\/logo\/image\/\",\"url\":\"https:\/\/i0.wp.com\/donbaraton.es\/wp-content\/uploads\/2016\/11\/logo_don_baraton.png?fit=228%2C110&ssl=1\",\"contentUrl\":\"https:\/\/i0.wp.com\/donbaraton.es\/wp-content\/uploads\/2016\/11\/logo_don_baraton.png?fit=228%2C110&ssl=1\",\"width\":228,\"height\":110,\"caption\":\"Don Baraton\"},\"image\":{\"@id\":\"https:\/\/donbaraton.es\/#\/schema\/logo\/image\/\"},\"sameAs\":[\"https:\/\/www.facebook.com\/donbaraton.es\",\"https:\/\/x.com\/don_baraton\",\"https:\/\/www.instagram.com\/donbaraton.es\",\"https:\/\/www.linkedin.com\/company\/donbaraton\/\",\"https:\/\/es.pinterest.com\/donbaraton\/\",\"https:\/\/www.youtube.com\/channel\/UCL02HOwx-F759Jq5MedAZfQ\"]}]}<\/script>\n<!-- \/ Yoast SEO plugin. -->","yoast_head_json":{"title":"Scandinavian Style Sofa Bed - Karlstad - Don Baraton: tienda de sof\u00e1s, muebles y colchones","robots":{"index":"index","follow":"follow","max-snippet":"max-snippet:-1","max-image-preview":"max-image-preview:large","max-video-preview":"max-video-preview:-1"},"canonical":"https:\/\/donbaraton.es\/en\/p\/scandinavian-style-sofa-bed-karlstad\/","og_locale":"en_GB","og_type":"article","og_title":"Scandinavian Style Sofa Bed - Karlstad - Don Baraton: tienda de sof\u00e1s, muebles y colchones","og_description":"Easily unfolds into 119 x 180 cm bed  Storage under the seat  Solid wood frame  Wooden legs  Dimensions: length 210 cm, height 90 cm, depth 94 cm","og_url":"https:\/\/donbaraton.es\/en\/p\/scandinavian-style-sofa-bed-karlstad\/","og_site_name":"Don Baraton: tienda de sof\u00e1s, muebles y colchones","article_publisher":"https:\/\/www.facebook.com\/donbaraton.es","article_modified_time":"2025-07-29T09:41:13+00:00","og_image":[{"width":1000,"height":666,"url":"https:\/\/i1.wp.com\/donbaraton.es\/wp-content\/uploads\/2019\/02\/Sof\u00e1-cama-estilo-escandinavo-Karlstad.jpg?fit=1000%2C666&ssl=1","type":"image\/jpeg"}],"twitter_card":"summary_large_image","twitter_site":"@don_baraton","twitter_misc":{"Estimated reading time":"1 minute"},"schema":{"@context":"https:\/\/schema.org","@graph":[{"@type":"WebPage","@id":"https:\/\/donbaraton.es\/en\/p\/scandinavian-style-sofa-bed-karlstad\/","url":"https:\/\/donbaraton.es\/en\/p\/scandinavian-style-sofa-bed-karlstad\/","name":"Scandinavian Style Sofa Bed - Karlstad - Don Baraton: tienda de sof\u00e1s, muebles y colchones","isPartOf":{"@id":"https:\/\/donbaraton.es\/#website"},"primaryImageOfPage":{"@id":"https:\/\/donbaraton.es\/en\/p\/scandinavian-style-sofa-bed-karlstad\/#primaryimage"},"image":{"@id":"https:\/\/donbaraton.es\/en\/p\/scandinavian-style-sofa-bed-karlstad\/#primaryimage"},"thumbnailUrl":"https:\/\/donbaraton.es\/wp-content\/uploads\/2019\/02\/Sof\u00e1-cama-estilo-escandinavo-Karlstad.jpg","datePublished":"2019-02-26T21:29:23+00:00","dateModified":"2025-07-29T09:41:13+00:00","breadcrumb":{"@id":"https:\/\/donbaraton.es\/en\/p\/scandinavian-style-sofa-bed-karlstad\/#breadcrumb"},"inLanguage":"en-GB","potentialAction":[{"@type":"ReadAction","target":["https:\/\/donbaraton.es\/en\/p\/scandinavian-style-sofa-bed-karlstad\/"]}]},{"@type":"ImageObject","inLanguage":"en-GB","@id":"https:\/\/donbaraton.es\/en\/p\/scandinavian-style-sofa-bed-karlstad\/#primaryimage","url":"https:\/\/donbaraton.es\/wp-content\/uploads\/2019\/02\/Sof\u00e1-cama-estilo-escandinavo-Karlstad.jpg","contentUrl":"https:\/\/donbaraton.es\/wp-content\/uploads\/2019\/02\/Sof\u00e1-cama-estilo-escandinavo-Karlstad.jpg","width":1000,"height":666,"caption":"Sof\u00e1 cama estilo escandinavo - Karlstad"},{"@type":"BreadcrumbList","@id":"https:\/\/donbaraton.es\/en\/p\/scandinavian-style-sofa-bed-karlstad\/#breadcrumb","itemListElement":[{"@type":"ListItem","position":1,"name":"Portada","item":"https:\/\/donbaraton.es\/en\/"},{"@type":"ListItem","position":2,"name":"Online Shop","item":"https:\/\/donbaraton.es\/en\/shop\/"},{"@type":"ListItem","position":3,"name":"Scandinavian Style Sofa Bed &#8211; Karlstad"}]},{"@type":"WebSite","@id":"https:\/\/donbaraton.es\/#website","url":"https:\/\/donbaraton.es\/","name":"Don Baraton: tienda de sof\u00e1s, muebles y colchones","description":"Sofas baratos desde el almac\u00e9n en Almorad\u00ed, Alicante","publisher":{"@id":"https:\/\/donbaraton.es\/#organization"},"potentialAction":[{"@type":"SearchAction","target":{"@type":"EntryPoint","urlTemplate":"https:\/\/donbaraton.es\/?s={search_term_string}"},"query-input":{"@type":"PropertyValueSpecification","valueRequired":true,"valueName":"search_term_string"}}],"inLanguage":"en-GB"},{"@type":"Organization","@id":"https:\/\/donbaraton.es\/#organization","name":"Don Baraton","url":"https:\/\/donbaraton.es\/","logo":{"@type":"ImageObject","inLanguage":"en-GB","@id":"https:\/\/donbaraton.es\/#\/schema\/logo\/image\/","url":"https:\/\/i0.wp.com\/donbaraton.es\/wp-content\/uploads\/2016\/11\/logo_don_baraton.png?fit=228%2C110&ssl=1","contentUrl":"https:\/\/i0.wp.com\/donbaraton.es\/wp-content\/uploads\/2016\/11\/logo_don_baraton.png?fit=228%2C110&ssl=1","width":228,"height":110,"caption":"Don Baraton"},"image":{"@id":"https:\/\/donbaraton.es\/#\/schema\/logo\/image\/"},"sameAs":["https:\/\/www.facebook.com\/donbaraton.es","https:\/\/x.com\/don_baraton","https:\/\/www.instagram.com\/donbaraton.es","https:\/\/www.linkedin.com\/company\/donbaraton\/","https:\/\/es.pinterest.com\/donbaraton\/","https:\/\/www.youtube.com\/channel\/UCL02HOwx-F759Jq5MedAZfQ"]}]}},"_links":{"self":[{"href":"https:\/\/donbaraton.es\/en\/wp-json\/wp\/v2\/product\/14543","targetHints":{"allow":["GET"]}}],"collection":[{"href":"https:\/\/donbaraton.es\/en\/wp-json\/wp\/v2\/product"}],"about":[{"href":"https:\/\/donbaraton.es\/en\/wp-json\/wp\/v2\/types\/product"}],"replies":[{"embeddable":true,"href":"https:\/\/donbaraton.es\/en\/wp-json\/wp\/v2\/comments?post=14543"}],"wp:featuredmedia":[{"embeddable":true,"href":"https:\/\/donbaraton.es\/en\/wp-json\/wp\/v2\/media\/14387"}],"wp:attachment":[{"href":"https:\/\/donbaraton.es\/en\/wp-json\/wp\/v2\/media?parent=14543"}],"wp:term":[{"taxonomy":"product_brand","embeddable":true,"href":"https:\/\/donbaraton.es\/en\/wp-json\/wp\/v2\/product_brand?post=14543"},{"taxonomy":"product_cat","embeddable":true,"href":"https:\/\/donbaraton.es\/en\/wp-json\/wp\/v2\/product_cat?post=14543"},{"taxonomy":"product_tag","embeddable":true,"href":"https:\/\/donbaraton.es\/en\/wp-json\/wp\/v2\/product_tag?post=14543"}],"curies":[{"name":"wp","href":"https:\/\/api.w.org\/{rel}","templated":true}]}}