{"id":14949,"date":"2021-10-22T02:26:40","date_gmt":"2019-03-01T11:26:40","guid":{"rendered":"https:\/\/donbaraton.es\/producto\/uncategorized\/sofa-bed-chaise-longue-storage-alpera\/"},"modified":"2021-10-03T13:36:34","modified_gmt":"2021-10-03T11:36:34","slug":"sofa-bed-chaise-longue-storage-alpera","status":"publish","type":"product","link":"https:\/\/donbaraton.es\/en\/p\/sofa-bed-chaise-longue-storage-alpera\/","title":{"rendered":"Sofa Bed with Chaise Longue and Storage &#8211; Alpera"},"content":{"rendered":"<p><strong>Sofa bed with chaise longue and storage &#8211; Alpera<\/strong><\/p>\n<p>A fantastic model made of high quality materials for the whole family. Solid wood and chipboard frame. Spacious storage for bedding and clothing items under the chaise longue. Very comfortable seats have bonnell and wave springs inside and are filled with high density foam. Seats are upholstered in easy to clean and durable fabric. The lower part and the armrests are upholstered in faux leather.<\/p>\n<p><strong>Available in the following colour styles:<\/strong><\/p>\n<ul>\n<li>Grey fabric and white faux leather<\/li>\n<li>Grey fabric and black faux leather<\/li>\n<li>Brown fabric with beige faux leather<\/li>\n<\/ul>\n<p>Both options will fit the design of most living rooms. <strong>Dimensions:<\/strong> length 250 cm, chaise longue 170 cm, height 97 cm. <strong>Dimensions of the bed:<\/strong> 124 x 196 cm <strong>Weight:<\/strong> 130 kg<\/p>\n","protected":false},"excerpt":{"rendered":"<ul>\n<li>Pull-out bed 124 x 196 cm<\/li>\n<li>Spacious storage under the chaise<\/li>\n<li>Armrests and the lower part upholstered in faux leather<\/li>\n<li>Chaise longue on the left or right (can be changed)<\/li>\n<\/ul>\n<p><strong>Dimensions:<\/strong> length 250 cm, chaise longue 170 cm, height 97 cm<\/p>\n","protected":false},"featured_media":14476,"comment_status":"open","ping_status":"closed","template":"","meta":{"_et_pb_use_builder":"","_et_pb_old_content":"","_et_gb_content_width":""},"product_brand":[],"product_cat":[43,45,41,35],"product_tag":[],"class_list":{"0":"post-14949","1":"product","2":"type-product","3":"status-publish","4":"has-post-thumbnail","6":"product_cat-sofa-beds-chaise-longue","7":"product_cat-chaise-longue-sofas","8":"product_cat-sofa-beds","9":"product_cat-sofas-en","10":"product_shipping_class-articulos-pesados","11":"pa_lado-left","12":"pa_lado-reversible-chaise","13":"pa_lado-right","14":"pa_largo-sofas-201-250-cm-en","15":"pa_material-fabric","16":"pa_material-faux-leather","17":"pa_plazas-3-seater-sofas","18":"pa_plazas-4-seater-sofas","20":"first","21":"outofstock","22":"taxable","23":"shipping-taxable","24":"product-type-variable"},"yoast_head":"<!-- This site is optimized with the Yoast SEO plugin v27.2 - https:\/\/yoast.com\/product\/yoast-seo-wordpress\/ -->\n<title>Sofa Bed with Chaise Longue and Storage - Alpera - Don Baraton: tienda de sof\u00e1s, muebles y colchones<\/title>\n<meta name=\"robots\" content=\"index, follow, max-snippet:-1, max-image-preview:large, max-video-preview:-1\" \/>\n<link rel=\"canonical\" href=\"https:\/\/donbaraton.es\/en\/p\/sofa-bed-chaise-longue-storage-alpera\/\" \/>\n<meta property=\"og:locale\" content=\"en_GB\" \/>\n<meta property=\"og:type\" content=\"article\" \/>\n<meta property=\"og:title\" content=\"Sofa Bed with Chaise Longue and Storage - Alpera - Don Baraton: tienda de sof\u00e1s, muebles y colchones\" \/>\n<meta property=\"og:description\" content=\"Pull-out bed 124 x 196 cm  Spacious storage under the chaise  Armrests and the lower part upholstered in faux leather  Chaise longue on the left or right (can be changed)  Dimensions: length 250 cm, chaise longue 170 cm, height 97 cm\" \/>\n<meta property=\"og:url\" content=\"https:\/\/donbaraton.es\/en\/p\/sofa-bed-chaise-longue-storage-alpera\/\" \/>\n<meta property=\"og:site_name\" content=\"Don Baraton: tienda de sof\u00e1s, muebles y colchones\" \/>\n<meta property=\"article:publisher\" content=\"https:\/\/www.facebook.com\/donbaraton.es\" \/>\n<meta property=\"article:modified_time\" content=\"2021-10-03T11:36:34+00:00\" \/>\n<meta property=\"og:image\" content=\"https:\/\/i0.wp.com\/donbaraton.es\/wp-content\/uploads\/2019\/03\/Sof\u00e1-cama-con-chaise-longue-curvo-de-dise\u00f1o-Alpera.-Gris-blanco.-Chaise-longue-lado-izquierdo.jpg?fit=1000%2C620&ssl=1\" \/>\n\t<meta property=\"og:image:width\" content=\"1000\" \/>\n\t<meta property=\"og:image:height\" content=\"620\" \/>\n\t<meta property=\"og:image:type\" content=\"image\/jpeg\" \/>\n<meta name=\"twitter:card\" content=\"summary_large_image\" \/>\n<meta name=\"twitter:site\" content=\"@don_baraton\" \/>\n<meta name=\"twitter:label1\" content=\"Estimated reading time\" \/>\n\t<meta name=\"twitter:data1\" content=\"1 minute\" \/>\n<script type=\"application\/ld+json\" class=\"yoast-schema-graph\">{\"@context\":\"https:\/\/schema.org\",\"@graph\":[{\"@type\":\"WebPage\",\"@id\":\"https:\/\/donbaraton.es\/en\/p\/sofa-bed-chaise-longue-storage-alpera\/\",\"url\":\"https:\/\/donbaraton.es\/en\/p\/sofa-bed-chaise-longue-storage-alpera\/\",\"name\":\"Sofa Bed with Chaise Longue and Storage - Alpera - Don Baraton: tienda de sof\u00e1s, muebles y colchones\",\"isPartOf\":{\"@id\":\"https:\/\/donbaraton.es\/#website\"},\"primaryImageOfPage\":{\"@id\":\"https:\/\/donbaraton.es\/en\/p\/sofa-bed-chaise-longue-storage-alpera\/#primaryimage\"},\"image\":{\"@id\":\"https:\/\/donbaraton.es\/en\/p\/sofa-bed-chaise-longue-storage-alpera\/#primaryimage\"},\"thumbnailUrl\":\"https:\/\/donbaraton.es\/wp-content\/uploads\/2019\/03\/Sof\u00e1-cama-con-chaise-longue-curvo-de-dise\u00f1o-Alpera.-Gris-blanco.-Chaise-longue-lado-izquierdo.jpg\",\"datePublished\":\"2019-03-01T11:26:40+00:00\",\"dateModified\":\"2021-10-03T11:36:34+00:00\",\"breadcrumb\":{\"@id\":\"https:\/\/donbaraton.es\/en\/p\/sofa-bed-chaise-longue-storage-alpera\/#breadcrumb\"},\"inLanguage\":\"en-GB\",\"potentialAction\":[{\"@type\":\"ReadAction\",\"target\":[\"https:\/\/donbaraton.es\/en\/p\/sofa-bed-chaise-longue-storage-alpera\/\"]}]},{\"@type\":\"ImageObject\",\"inLanguage\":\"en-GB\",\"@id\":\"https:\/\/donbaraton.es\/en\/p\/sofa-bed-chaise-longue-storage-alpera\/#primaryimage\",\"url\":\"https:\/\/donbaraton.es\/wp-content\/uploads\/2019\/03\/Sof\u00e1-cama-con-chaise-longue-curvo-de-dise\u00f1o-Alpera.-Gris-blanco.-Chaise-longue-lado-izquierdo.jpg\",\"contentUrl\":\"https:\/\/donbaraton.es\/wp-content\/uploads\/2019\/03\/Sof\u00e1-cama-con-chaise-longue-curvo-de-dise\u00f1o-Alpera.-Gris-blanco.-Chaise-longue-lado-izquierdo.jpg\",\"width\":1000,\"height\":620,\"caption\":\"Sofa Bed with Chaise Longue and Storage - Alpera. Grey and White Colours. Chaise Longue on the Left\"},{\"@type\":\"BreadcrumbList\",\"@id\":\"https:\/\/donbaraton.es\/en\/p\/sofa-bed-chaise-longue-storage-alpera\/#breadcrumb\",\"itemListElement\":[{\"@type\":\"ListItem\",\"position\":1,\"name\":\"Portada\",\"item\":\"https:\/\/donbaraton.es\/en\/\"},{\"@type\":\"ListItem\",\"position\":2,\"name\":\"Online Shop\",\"item\":\"https:\/\/donbaraton.es\/en\/shop\/\"},{\"@type\":\"ListItem\",\"position\":3,\"name\":\"Sofa Bed with Chaise Longue and Storage &#8211; Alpera\"}]},{\"@type\":\"WebSite\",\"@id\":\"https:\/\/donbaraton.es\/#website\",\"url\":\"https:\/\/donbaraton.es\/\",\"name\":\"Don Baraton: tienda de sof\u00e1s, muebles y colchones\",\"description\":\"Sofas baratos desde el almac\u00e9n en Almorad\u00ed, Alicante\",\"publisher\":{\"@id\":\"https:\/\/donbaraton.es\/#organization\"},\"potentialAction\":[{\"@type\":\"SearchAction\",\"target\":{\"@type\":\"EntryPoint\",\"urlTemplate\":\"https:\/\/donbaraton.es\/?s={search_term_string}\"},\"query-input\":{\"@type\":\"PropertyValueSpecification\",\"valueRequired\":true,\"valueName\":\"search_term_string\"}}],\"inLanguage\":\"en-GB\"},{\"@type\":\"Organization\",\"@id\":\"https:\/\/donbaraton.es\/#organization\",\"name\":\"Don Baraton\",\"url\":\"https:\/\/donbaraton.es\/\",\"logo\":{\"@type\":\"ImageObject\",\"inLanguage\":\"en-GB\",\"@id\":\"https:\/\/donbaraton.es\/#\/schema\/logo\/image\/\",\"url\":\"https:\/\/i0.wp.com\/donbaraton.es\/wp-content\/uploads\/2016\/11\/logo_don_baraton.png?fit=228%2C110&ssl=1\",\"contentUrl\":\"https:\/\/i0.wp.com\/donbaraton.es\/wp-content\/uploads\/2016\/11\/logo_don_baraton.png?fit=228%2C110&ssl=1\",\"width\":228,\"height\":110,\"caption\":\"Don Baraton\"},\"image\":{\"@id\":\"https:\/\/donbaraton.es\/#\/schema\/logo\/image\/\"},\"sameAs\":[\"https:\/\/www.facebook.com\/donbaraton.es\",\"https:\/\/x.com\/don_baraton\",\"https:\/\/www.instagram.com\/donbaraton.es\",\"https:\/\/www.linkedin.com\/company\/donbaraton\/\",\"https:\/\/es.pinterest.com\/donbaraton\/\",\"https:\/\/www.youtube.com\/channel\/UCL02HOwx-F759Jq5MedAZfQ\"]}]}<\/script>\n<!-- \/ Yoast SEO plugin. -->","yoast_head_json":{"title":"Sofa Bed with Chaise Longue and Storage - Alpera - Don Baraton: tienda de sof\u00e1s, muebles y colchones","robots":{"index":"index","follow":"follow","max-snippet":"max-snippet:-1","max-image-preview":"max-image-preview:large","max-video-preview":"max-video-preview:-1"},"canonical":"https:\/\/donbaraton.es\/en\/p\/sofa-bed-chaise-longue-storage-alpera\/","og_locale":"en_GB","og_type":"article","og_title":"Sofa Bed with Chaise Longue and Storage - Alpera - Don Baraton: tienda de sof\u00e1s, muebles y colchones","og_description":"Pull-out bed 124 x 196 cm  Spacious storage under the chaise  Armrests and the lower part upholstered in faux leather  Chaise longue on the left or right (can be changed)  Dimensions: length 250 cm, chaise longue 170 cm, height 97 cm","og_url":"https:\/\/donbaraton.es\/en\/p\/sofa-bed-chaise-longue-storage-alpera\/","og_site_name":"Don Baraton: tienda de sof\u00e1s, muebles y colchones","article_publisher":"https:\/\/www.facebook.com\/donbaraton.es","article_modified_time":"2021-10-03T11:36:34+00:00","og_image":[{"width":1000,"height":620,"url":"https:\/\/i0.wp.com\/donbaraton.es\/wp-content\/uploads\/2019\/03\/Sof\u00e1-cama-con-chaise-longue-curvo-de-dise\u00f1o-Alpera.-Gris-blanco.-Chaise-longue-lado-izquierdo.jpg?fit=1000%2C620&ssl=1","type":"image\/jpeg"}],"twitter_card":"summary_large_image","twitter_site":"@don_baraton","twitter_misc":{"Estimated reading time":"1 minute"},"schema":{"@context":"https:\/\/schema.org","@graph":[{"@type":"WebPage","@id":"https:\/\/donbaraton.es\/en\/p\/sofa-bed-chaise-longue-storage-alpera\/","url":"https:\/\/donbaraton.es\/en\/p\/sofa-bed-chaise-longue-storage-alpera\/","name":"Sofa Bed with Chaise Longue and Storage - Alpera - Don Baraton: tienda de sof\u00e1s, muebles y colchones","isPartOf":{"@id":"https:\/\/donbaraton.es\/#website"},"primaryImageOfPage":{"@id":"https:\/\/donbaraton.es\/en\/p\/sofa-bed-chaise-longue-storage-alpera\/#primaryimage"},"image":{"@id":"https:\/\/donbaraton.es\/en\/p\/sofa-bed-chaise-longue-storage-alpera\/#primaryimage"},"thumbnailUrl":"https:\/\/donbaraton.es\/wp-content\/uploads\/2019\/03\/Sof\u00e1-cama-con-chaise-longue-curvo-de-dise\u00f1o-Alpera.-Gris-blanco.-Chaise-longue-lado-izquierdo.jpg","datePublished":"2019-03-01T11:26:40+00:00","dateModified":"2021-10-03T11:36:34+00:00","breadcrumb":{"@id":"https:\/\/donbaraton.es\/en\/p\/sofa-bed-chaise-longue-storage-alpera\/#breadcrumb"},"inLanguage":"en-GB","potentialAction":[{"@type":"ReadAction","target":["https:\/\/donbaraton.es\/en\/p\/sofa-bed-chaise-longue-storage-alpera\/"]}]},{"@type":"ImageObject","inLanguage":"en-GB","@id":"https:\/\/donbaraton.es\/en\/p\/sofa-bed-chaise-longue-storage-alpera\/#primaryimage","url":"https:\/\/donbaraton.es\/wp-content\/uploads\/2019\/03\/Sof\u00e1-cama-con-chaise-longue-curvo-de-dise\u00f1o-Alpera.-Gris-blanco.-Chaise-longue-lado-izquierdo.jpg","contentUrl":"https:\/\/donbaraton.es\/wp-content\/uploads\/2019\/03\/Sof\u00e1-cama-con-chaise-longue-curvo-de-dise\u00f1o-Alpera.-Gris-blanco.-Chaise-longue-lado-izquierdo.jpg","width":1000,"height":620,"caption":"Sofa Bed with Chaise Longue and Storage - Alpera. Grey and White Colours. Chaise Longue on the Left"},{"@type":"BreadcrumbList","@id":"https:\/\/donbaraton.es\/en\/p\/sofa-bed-chaise-longue-storage-alpera\/#breadcrumb","itemListElement":[{"@type":"ListItem","position":1,"name":"Portada","item":"https:\/\/donbaraton.es\/en\/"},{"@type":"ListItem","position":2,"name":"Online Shop","item":"https:\/\/donbaraton.es\/en\/shop\/"},{"@type":"ListItem","position":3,"name":"Sofa Bed with Chaise Longue and Storage &#8211; Alpera"}]},{"@type":"WebSite","@id":"https:\/\/donbaraton.es\/#website","url":"https:\/\/donbaraton.es\/","name":"Don Baraton: tienda de sof\u00e1s, muebles y colchones","description":"Sofas baratos desde el almac\u00e9n en Almorad\u00ed, Alicante","publisher":{"@id":"https:\/\/donbaraton.es\/#organization"},"potentialAction":[{"@type":"SearchAction","target":{"@type":"EntryPoint","urlTemplate":"https:\/\/donbaraton.es\/?s={search_term_string}"},"query-input":{"@type":"PropertyValueSpecification","valueRequired":true,"valueName":"search_term_string"}}],"inLanguage":"en-GB"},{"@type":"Organization","@id":"https:\/\/donbaraton.es\/#organization","name":"Don Baraton","url":"https:\/\/donbaraton.es\/","logo":{"@type":"ImageObject","inLanguage":"en-GB","@id":"https:\/\/donbaraton.es\/#\/schema\/logo\/image\/","url":"https:\/\/i0.wp.com\/donbaraton.es\/wp-content\/uploads\/2016\/11\/logo_don_baraton.png?fit=228%2C110&ssl=1","contentUrl":"https:\/\/i0.wp.com\/donbaraton.es\/wp-content\/uploads\/2016\/11\/logo_don_baraton.png?fit=228%2C110&ssl=1","width":228,"height":110,"caption":"Don Baraton"},"image":{"@id":"https:\/\/donbaraton.es\/#\/schema\/logo\/image\/"},"sameAs":["https:\/\/www.facebook.com\/donbaraton.es","https:\/\/x.com\/don_baraton","https:\/\/www.instagram.com\/donbaraton.es","https:\/\/www.linkedin.com\/company\/donbaraton\/","https:\/\/es.pinterest.com\/donbaraton\/","https:\/\/www.youtube.com\/channel\/UCL02HOwx-F759Jq5MedAZfQ"]}]}},"_links":{"self":[{"href":"https:\/\/donbaraton.es\/en\/wp-json\/wp\/v2\/product\/14949","targetHints":{"allow":["GET"]}}],"collection":[{"href":"https:\/\/donbaraton.es\/en\/wp-json\/wp\/v2\/product"}],"about":[{"href":"https:\/\/donbaraton.es\/en\/wp-json\/wp\/v2\/types\/product"}],"replies":[{"embeddable":true,"href":"https:\/\/donbaraton.es\/en\/wp-json\/wp\/v2\/comments?post=14949"}],"wp:featuredmedia":[{"embeddable":true,"href":"https:\/\/donbaraton.es\/en\/wp-json\/wp\/v2\/media\/14476"}],"wp:attachment":[{"href":"https:\/\/donbaraton.es\/en\/wp-json\/wp\/v2\/media?parent=14949"}],"wp:term":[{"taxonomy":"product_brand","embeddable":true,"href":"https:\/\/donbaraton.es\/en\/wp-json\/wp\/v2\/product_brand?post=14949"},{"taxonomy":"product_cat","embeddable":true,"href":"https:\/\/donbaraton.es\/en\/wp-json\/wp\/v2\/product_cat?post=14949"},{"taxonomy":"product_tag","embeddable":true,"href":"https:\/\/donbaraton.es\/en\/wp-json\/wp\/v2\/product_tag?post=14949"}],"curies":[{"name":"wp","href":"https:\/\/api.w.org\/{rel}","templated":true}]}}