{"id":15039,"date":"2020-12-19T05:10:06","date_gmt":"2019-02-14T22:24:06","guid":{"rendered":"https:\/\/donbaraton.es\/producto\/uncategorized\/chaise-longue-sofa-bed-easy-unfolding-edmonton\/"},"modified":"2020-07-03T14:38:41","modified_gmt":"2020-07-03T12:38:41","slug":"chaise-longue-sofa-bed-easy-unfolding-edmonton","status":"publish","type":"product","link":"https:\/\/donbaraton.es\/en\/p\/chaise-longue-sofa-bed-easy-unfolding-edmonton\/","title":{"rendered":"Chaise Longue Sofa Bed &#8220;Easy Unfolding&#8221; &#8211; Edmonton"},"content":{"rendered":"<p><strong>Chaise longue sofa bed &#8220;Easy Unfolding&#8221; &#8211; Edmonton<\/strong><\/p>\n<p>This model will be a great addition to any modern living room. Its main characteristics are nice appearance, practicality and comfort. All that at a bargain price!<\/p>\n<p>The sofa is equipped with a <strong>bed opening mechanism<\/strong> that facilitates the unfolding and prevents the floor from scratching. The seat is lifted and then lowed in the right place, without dragging.<\/p>\n<p>With the<strong> reversible chaise longue<\/strong> you can easily change the position of the chaise longue &#8211; right or left side.<\/p>\n<p>Trendy <strong>narrow armrests<\/strong> allow to have a long bed of 2 meters, while keeping the total length of the sofa just 2.30 m.<\/p>\n<p><strong>Storage<\/strong> under the seat is useful to store bedding and other items.<\/p>\n<p>The <strong>seat with bonell springs<\/strong> filled with the foam, ensure the comfort of sitting and sleeping.<\/p>\n<p>The sofa&#8217;s <strong>frame<\/strong> is made of solid wood and chipboard. It&#8217;s firm and stable enough to last for a few years without deformations.<\/p>\n<p>The sofa is available in three colour styles:<\/p>\n<ul>\n<li>The heavy-duty fabric &#8220;Inari&#8221; in <strong>light brown and dark brown<\/strong> is a practical and nice looking upholstery option<\/li>\n<li>The<strong> light<\/strong> <strong>grey and grey<\/strong> microfiber fabric &#8220;Enjoy&#8221;, very soft to the touch. The shades of gray combine perfectly with other colours, which provides great opportunities in the selection of accessories and wall colors, as well as giving more elegance to the design<\/li>\n<li><strong>Dark grey<\/strong> microfiber fabric &#8220;Enjoy&#8221; all over<\/li>\n<\/ul>\n<p>The outer part of the backrest is upholstered in the same type of fabric. You can put the sofa in the <strong>center of the room<\/strong> where it will be visible from all points.<\/p>\n<p>This model is an excellent option for those who want a comfortable sofa with a good value for money. In addition, its elegant design will be a nice addition to any modern interior.<\/p>\n<p><strong>Dimensions:<\/strong> length 230 cm, height 89 cm, length of the chaise longue 140 cm. <strong>Dimensions of the bed:<\/strong> 126 x 200 cm<\/p>\n<p><strong>Weight of the product with packaging:<\/strong> 107 kg<\/p>\n","protected":false},"excerpt":{"rendered":"<ul>\n<li>Bed 126 x 200 cm<\/li>\n<li>Storage the seat<\/li>\n<li>3 colors to choose from<\/li>\n<li>Bonnell springs<\/li>\n<li>Reversible change longue (intstalled on the left or on the right side)<\/li>\n<\/ul>\n<p><strong>Dimensions:<\/strong> length 230 cm, length of chaise 140 cm, height 89 cm<\/p>\n","protected":false},"featured_media":14132,"comment_status":"open","ping_status":"closed","template":"","meta":{"_et_pb_use_builder":"","_et_pb_old_content":"","_et_gb_content_width":""},"product_brand":[],"product_cat":[43,45,41,35],"product_tag":[],"class_list":{"0":"post-15039","1":"product","2":"type-product","3":"status-publish","4":"has-post-thumbnail","6":"product_cat-sofa-beds-chaise-longue","7":"product_cat-chaise-longue-sofas","8":"product_cat-sofa-beds","9":"product_cat-sofas-en","10":"product_shipping_class-articulos-pesados","11":"pa_lado-left","12":"pa_lado-reversible-chaise","13":"pa_lado-right","14":"pa_largo-sofas-201-250-cm-en","15":"pa_material-fabric","16":"pa_muelles-bonnell-springs","17":"pa_plazas-3-seater-sofas","19":"first","20":"outofstock","21":"sale","22":"taxable","23":"shipping-taxable","24":"purchasable","25":"product-type-variable","26":"has-default-attributes"},"yoast_head":"<!-- This site is optimized with the Yoast SEO plugin v27.2 - https:\/\/yoast.com\/product\/yoast-seo-wordpress\/ -->\n<title>Chaise Longue Sofa Bed &quot;Easy Unfolding&quot; - Edmonton - Don Baraton: tienda de sof\u00e1s, muebles y colchones<\/title>\n<meta name=\"robots\" content=\"index, follow, max-snippet:-1, max-image-preview:large, max-video-preview:-1\" \/>\n<link rel=\"canonical\" href=\"https:\/\/donbaraton.es\/en\/p\/chaise-longue-sofa-bed-easy-unfolding-edmonton\/\" \/>\n<meta property=\"og:locale\" content=\"en_GB\" \/>\n<meta property=\"og:type\" content=\"article\" \/>\n<meta property=\"og:title\" content=\"Chaise Longue Sofa Bed &quot;Easy Unfolding&quot; - Edmonton - Don Baraton: tienda de sof\u00e1s, muebles y colchones\" \/>\n<meta property=\"og:description\" content=\"Bed 126 x 200 cm  Storage the seat  3 colors to choose from  Bonnell springs  Reversible change longue (intstalled on the left or on the right side)  Dimensions: length 230 cm, length of chaise 140 cm, height 89 cm\" \/>\n<meta property=\"og:url\" content=\"https:\/\/donbaraton.es\/en\/p\/chaise-longue-sofa-bed-easy-unfolding-edmonton\/\" \/>\n<meta property=\"og:site_name\" content=\"Don Baraton: tienda de sof\u00e1s, muebles y colchones\" \/>\n<meta property=\"article:publisher\" content=\"https:\/\/www.facebook.com\/donbaraton.es\" \/>\n<meta property=\"article:modified_time\" content=\"2020-07-03T12:38:41+00:00\" \/>\n<meta property=\"og:image\" content=\"https:\/\/i2.wp.com\/donbaraton.es\/wp-content\/uploads\/2019\/02\/Sof\u00e1-chaise-longue-cama-despliegue-f\u00e1cil.-Color-marr\u00f3n-Edmonton.-Chaise-longue-lado-izquierdo.jpg?fit=1000%2C666&ssl=1\" \/>\n\t<meta property=\"og:image:width\" content=\"1000\" \/>\n\t<meta property=\"og:image:height\" content=\"666\" \/>\n\t<meta property=\"og:image:type\" content=\"image\/jpeg\" \/>\n<meta name=\"twitter:card\" content=\"summary_large_image\" \/>\n<meta name=\"twitter:site\" content=\"@don_baraton\" \/>\n<meta name=\"twitter:label1\" content=\"Estimated reading time\" \/>\n\t<meta name=\"twitter:data1\" content=\"2 minutes\" \/>\n<script type=\"application\/ld+json\" class=\"yoast-schema-graph\">{\"@context\":\"https:\/\/schema.org\",\"@graph\":[{\"@type\":\"WebPage\",\"@id\":\"https:\/\/donbaraton.es\/en\/p\/chaise-longue-sofa-bed-easy-unfolding-edmonton\/\",\"url\":\"https:\/\/donbaraton.es\/en\/p\/chaise-longue-sofa-bed-easy-unfolding-edmonton\/\",\"name\":\"Chaise Longue Sofa Bed \\\"Easy Unfolding\\\" - Edmonton - Don Baraton: tienda de sof\u00e1s, muebles y colchones\",\"isPartOf\":{\"@id\":\"https:\/\/donbaraton.es\/#website\"},\"primaryImageOfPage\":{\"@id\":\"https:\/\/donbaraton.es\/en\/p\/chaise-longue-sofa-bed-easy-unfolding-edmonton\/#primaryimage\"},\"image\":{\"@id\":\"https:\/\/donbaraton.es\/en\/p\/chaise-longue-sofa-bed-easy-unfolding-edmonton\/#primaryimage\"},\"thumbnailUrl\":\"https:\/\/donbaraton.es\/wp-content\/uploads\/2019\/02\/Sof\u00e1-chaise-longue-cama-despliegue-f\u00e1cil.-Color-marr\u00f3n-Edmonton.-Chaise-longue-lado-izquierdo.jpg\",\"datePublished\":\"2019-02-14T22:24:06+00:00\",\"dateModified\":\"2020-07-03T12:38:41+00:00\",\"breadcrumb\":{\"@id\":\"https:\/\/donbaraton.es\/en\/p\/chaise-longue-sofa-bed-easy-unfolding-edmonton\/#breadcrumb\"},\"inLanguage\":\"en-GB\",\"potentialAction\":[{\"@type\":\"ReadAction\",\"target\":[\"https:\/\/donbaraton.es\/en\/p\/chaise-longue-sofa-bed-easy-unfolding-edmonton\/\"]}]},{\"@type\":\"ImageObject\",\"inLanguage\":\"en-GB\",\"@id\":\"https:\/\/donbaraton.es\/en\/p\/chaise-longue-sofa-bed-easy-unfolding-edmonton\/#primaryimage\",\"url\":\"https:\/\/donbaraton.es\/wp-content\/uploads\/2019\/02\/Sof\u00e1-chaise-longue-cama-despliegue-f\u00e1cil.-Color-marr\u00f3n-Edmonton.-Chaise-longue-lado-izquierdo.jpg\",\"contentUrl\":\"https:\/\/donbaraton.es\/wp-content\/uploads\/2019\/02\/Sof\u00e1-chaise-longue-cama-despliegue-f\u00e1cil.-Color-marr\u00f3n-Edmonton.-Chaise-longue-lado-izquierdo.jpg\",\"width\":1000,\"height\":666,\"caption\":\"Chaise Longue Sofa Bed \\\"Easy Unfolding\\\" - Edmonton. Brown Colour. Left Corner\"},{\"@type\":\"BreadcrumbList\",\"@id\":\"https:\/\/donbaraton.es\/en\/p\/chaise-longue-sofa-bed-easy-unfolding-edmonton\/#breadcrumb\",\"itemListElement\":[{\"@type\":\"ListItem\",\"position\":1,\"name\":\"Portada\",\"item\":\"https:\/\/donbaraton.es\/en\/\"},{\"@type\":\"ListItem\",\"position\":2,\"name\":\"Online Shop\",\"item\":\"https:\/\/donbaraton.es\/en\/shop\/\"},{\"@type\":\"ListItem\",\"position\":3,\"name\":\"Chaise Longue Sofa Bed &#8220;Easy Unfolding&#8221; &#8211; Edmonton\"}]},{\"@type\":\"WebSite\",\"@id\":\"https:\/\/donbaraton.es\/#website\",\"url\":\"https:\/\/donbaraton.es\/\",\"name\":\"Don Baraton: tienda de sof\u00e1s, muebles y colchones\",\"description\":\"Sofas baratos desde el almac\u00e9n en Almorad\u00ed, Alicante\",\"publisher\":{\"@id\":\"https:\/\/donbaraton.es\/#organization\"},\"potentialAction\":[{\"@type\":\"SearchAction\",\"target\":{\"@type\":\"EntryPoint\",\"urlTemplate\":\"https:\/\/donbaraton.es\/?s={search_term_string}\"},\"query-input\":{\"@type\":\"PropertyValueSpecification\",\"valueRequired\":true,\"valueName\":\"search_term_string\"}}],\"inLanguage\":\"en-GB\"},{\"@type\":\"Organization\",\"@id\":\"https:\/\/donbaraton.es\/#organization\",\"name\":\"Don Baraton\",\"url\":\"https:\/\/donbaraton.es\/\",\"logo\":{\"@type\":\"ImageObject\",\"inLanguage\":\"en-GB\",\"@id\":\"https:\/\/donbaraton.es\/#\/schema\/logo\/image\/\",\"url\":\"https:\/\/i0.wp.com\/donbaraton.es\/wp-content\/uploads\/2016\/11\/logo_don_baraton.png?fit=228%2C110&ssl=1\",\"contentUrl\":\"https:\/\/i0.wp.com\/donbaraton.es\/wp-content\/uploads\/2016\/11\/logo_don_baraton.png?fit=228%2C110&ssl=1\",\"width\":228,\"height\":110,\"caption\":\"Don Baraton\"},\"image\":{\"@id\":\"https:\/\/donbaraton.es\/#\/schema\/logo\/image\/\"},\"sameAs\":[\"https:\/\/www.facebook.com\/donbaraton.es\",\"https:\/\/x.com\/don_baraton\",\"https:\/\/www.instagram.com\/donbaraton.es\",\"https:\/\/www.linkedin.com\/company\/donbaraton\/\",\"https:\/\/es.pinterest.com\/donbaraton\/\",\"https:\/\/www.youtube.com\/channel\/UCL02HOwx-F759Jq5MedAZfQ\"]}]}<\/script>\n<!-- \/ Yoast SEO plugin. -->","yoast_head_json":{"title":"Chaise Longue Sofa Bed \"Easy Unfolding\" - Edmonton - Don Baraton: tienda de sof\u00e1s, muebles y colchones","robots":{"index":"index","follow":"follow","max-snippet":"max-snippet:-1","max-image-preview":"max-image-preview:large","max-video-preview":"max-video-preview:-1"},"canonical":"https:\/\/donbaraton.es\/en\/p\/chaise-longue-sofa-bed-easy-unfolding-edmonton\/","og_locale":"en_GB","og_type":"article","og_title":"Chaise Longue Sofa Bed \"Easy Unfolding\" - Edmonton - Don Baraton: tienda de sof\u00e1s, muebles y colchones","og_description":"Bed 126 x 200 cm  Storage the seat  3 colors to choose from  Bonnell springs  Reversible change longue (intstalled on the left or on the right side)  Dimensions: length 230 cm, length of chaise 140 cm, height 89 cm","og_url":"https:\/\/donbaraton.es\/en\/p\/chaise-longue-sofa-bed-easy-unfolding-edmonton\/","og_site_name":"Don Baraton: tienda de sof\u00e1s, muebles y colchones","article_publisher":"https:\/\/www.facebook.com\/donbaraton.es","article_modified_time":"2020-07-03T12:38:41+00:00","og_image":[{"width":1000,"height":666,"url":"https:\/\/i2.wp.com\/donbaraton.es\/wp-content\/uploads\/2019\/02\/Sof\u00e1-chaise-longue-cama-despliegue-f\u00e1cil.-Color-marr\u00f3n-Edmonton.-Chaise-longue-lado-izquierdo.jpg?fit=1000%2C666&ssl=1","type":"image\/jpeg"}],"twitter_card":"summary_large_image","twitter_site":"@don_baraton","twitter_misc":{"Estimated reading time":"2 minutes"},"schema":{"@context":"https:\/\/schema.org","@graph":[{"@type":"WebPage","@id":"https:\/\/donbaraton.es\/en\/p\/chaise-longue-sofa-bed-easy-unfolding-edmonton\/","url":"https:\/\/donbaraton.es\/en\/p\/chaise-longue-sofa-bed-easy-unfolding-edmonton\/","name":"Chaise Longue Sofa Bed \"Easy Unfolding\" - Edmonton - Don Baraton: tienda de sof\u00e1s, muebles y colchones","isPartOf":{"@id":"https:\/\/donbaraton.es\/#website"},"primaryImageOfPage":{"@id":"https:\/\/donbaraton.es\/en\/p\/chaise-longue-sofa-bed-easy-unfolding-edmonton\/#primaryimage"},"image":{"@id":"https:\/\/donbaraton.es\/en\/p\/chaise-longue-sofa-bed-easy-unfolding-edmonton\/#primaryimage"},"thumbnailUrl":"https:\/\/donbaraton.es\/wp-content\/uploads\/2019\/02\/Sof\u00e1-chaise-longue-cama-despliegue-f\u00e1cil.-Color-marr\u00f3n-Edmonton.-Chaise-longue-lado-izquierdo.jpg","datePublished":"2019-02-14T22:24:06+00:00","dateModified":"2020-07-03T12:38:41+00:00","breadcrumb":{"@id":"https:\/\/donbaraton.es\/en\/p\/chaise-longue-sofa-bed-easy-unfolding-edmonton\/#breadcrumb"},"inLanguage":"en-GB","potentialAction":[{"@type":"ReadAction","target":["https:\/\/donbaraton.es\/en\/p\/chaise-longue-sofa-bed-easy-unfolding-edmonton\/"]}]},{"@type":"ImageObject","inLanguage":"en-GB","@id":"https:\/\/donbaraton.es\/en\/p\/chaise-longue-sofa-bed-easy-unfolding-edmonton\/#primaryimage","url":"https:\/\/donbaraton.es\/wp-content\/uploads\/2019\/02\/Sof\u00e1-chaise-longue-cama-despliegue-f\u00e1cil.-Color-marr\u00f3n-Edmonton.-Chaise-longue-lado-izquierdo.jpg","contentUrl":"https:\/\/donbaraton.es\/wp-content\/uploads\/2019\/02\/Sof\u00e1-chaise-longue-cama-despliegue-f\u00e1cil.-Color-marr\u00f3n-Edmonton.-Chaise-longue-lado-izquierdo.jpg","width":1000,"height":666,"caption":"Chaise Longue Sofa Bed \"Easy Unfolding\" - Edmonton. Brown Colour. Left Corner"},{"@type":"BreadcrumbList","@id":"https:\/\/donbaraton.es\/en\/p\/chaise-longue-sofa-bed-easy-unfolding-edmonton\/#breadcrumb","itemListElement":[{"@type":"ListItem","position":1,"name":"Portada","item":"https:\/\/donbaraton.es\/en\/"},{"@type":"ListItem","position":2,"name":"Online Shop","item":"https:\/\/donbaraton.es\/en\/shop\/"},{"@type":"ListItem","position":3,"name":"Chaise Longue Sofa Bed &#8220;Easy Unfolding&#8221; &#8211; Edmonton"}]},{"@type":"WebSite","@id":"https:\/\/donbaraton.es\/#website","url":"https:\/\/donbaraton.es\/","name":"Don Baraton: tienda de sof\u00e1s, muebles y colchones","description":"Sofas baratos desde el almac\u00e9n en Almorad\u00ed, Alicante","publisher":{"@id":"https:\/\/donbaraton.es\/#organization"},"potentialAction":[{"@type":"SearchAction","target":{"@type":"EntryPoint","urlTemplate":"https:\/\/donbaraton.es\/?s={search_term_string}"},"query-input":{"@type":"PropertyValueSpecification","valueRequired":true,"valueName":"search_term_string"}}],"inLanguage":"en-GB"},{"@type":"Organization","@id":"https:\/\/donbaraton.es\/#organization","name":"Don Baraton","url":"https:\/\/donbaraton.es\/","logo":{"@type":"ImageObject","inLanguage":"en-GB","@id":"https:\/\/donbaraton.es\/#\/schema\/logo\/image\/","url":"https:\/\/i0.wp.com\/donbaraton.es\/wp-content\/uploads\/2016\/11\/logo_don_baraton.png?fit=228%2C110&ssl=1","contentUrl":"https:\/\/i0.wp.com\/donbaraton.es\/wp-content\/uploads\/2016\/11\/logo_don_baraton.png?fit=228%2C110&ssl=1","width":228,"height":110,"caption":"Don Baraton"},"image":{"@id":"https:\/\/donbaraton.es\/#\/schema\/logo\/image\/"},"sameAs":["https:\/\/www.facebook.com\/donbaraton.es","https:\/\/x.com\/don_baraton","https:\/\/www.instagram.com\/donbaraton.es","https:\/\/www.linkedin.com\/company\/donbaraton\/","https:\/\/es.pinterest.com\/donbaraton\/","https:\/\/www.youtube.com\/channel\/UCL02HOwx-F759Jq5MedAZfQ"]}]}},"_links":{"self":[{"href":"https:\/\/donbaraton.es\/en\/wp-json\/wp\/v2\/product\/15039","targetHints":{"allow":["GET"]}}],"collection":[{"href":"https:\/\/donbaraton.es\/en\/wp-json\/wp\/v2\/product"}],"about":[{"href":"https:\/\/donbaraton.es\/en\/wp-json\/wp\/v2\/types\/product"}],"replies":[{"embeddable":true,"href":"https:\/\/donbaraton.es\/en\/wp-json\/wp\/v2\/comments?post=15039"}],"wp:featuredmedia":[{"embeddable":true,"href":"https:\/\/donbaraton.es\/en\/wp-json\/wp\/v2\/media\/14132"}],"wp:attachment":[{"href":"https:\/\/donbaraton.es\/en\/wp-json\/wp\/v2\/media?parent=15039"}],"wp:term":[{"taxonomy":"product_brand","embeddable":true,"href":"https:\/\/donbaraton.es\/en\/wp-json\/wp\/v2\/product_brand?post=15039"},{"taxonomy":"product_cat","embeddable":true,"href":"https:\/\/donbaraton.es\/en\/wp-json\/wp\/v2\/product_cat?post=15039"},{"taxonomy":"product_tag","embeddable":true,"href":"https:\/\/donbaraton.es\/en\/wp-json\/wp\/v2\/product_tag?post=15039"}],"curies":[{"name":"wp","href":"https:\/\/api.w.org\/{rel}","templated":true}]}}