{"id":15186,"date":"2021-04-23T22:42:35","date_gmt":"2019-03-18T19:33:35","guid":{"rendered":"https:\/\/donbaraton.es\/producto\/uncategorized\/corner-sofa-bed-storage-upholstered-fabric-synthetic-leather-manchester\/"},"modified":"2024-03-27T17:53:38","modified_gmt":"2024-03-27T16:53:38","slug":"corner-sofa-bed-storage-upholstered-fabric-synthetic-leather-manchester","status":"publish","type":"product","link":"https:\/\/donbaraton.es\/en\/p\/corner-sofa-bed-storage-upholstered-fabric-synthetic-leather-manchester\/","title":{"rendered":"Corner Sofa Bed with Storage Upholstered in Fabric and Synthetic Leather &#8211; Manchester"},"content":{"rendered":"<p><strong>Corner sofa bed with storage upholstered in fabric and faux leather &#8211; Manchester<\/strong><\/p>\n<p><strong>Product video:<\/strong><\/p>\n<p><iframe loading=\"lazy\" title=\"YouTube video player\" src=\"https:\/\/www.youtube.com\/embed\/CnqI_nVwzv0\" width=\"560\" height=\"315\" frameborder=\"0\" allowfullscreen=\"allowfullscreen\"><\/iframe><\/p>\n<p>Fantastic sofa that will make your living room a spectacular place. Corner sofa that can be easily converted into a bed. Made of solid wood and with ample storage included. A sofa where everybody fits! Thanks to its innovative dolphin opening mechanism, it can quickly become a bed where you can host those unexpected guests. Our sofa also has a large storage where you can store what you do not want to be in sight, including bedding and soft textiles thanks to the sofa&#8217;s fine internal finishes. Manchester has square metal legs on each of the supports, giving greater design, stability and style. In addition these legs raise the body of the sofa allowing easy cleaning and taking care of the lower surface. The armrest is padded and upholstered in the same resistant fabric as of the upper part. This model has five backrest modules, each with independent headrests that can recline at the angle that you and your guests require for maximum comfort. The seats have wave springs that quickly restore their original shape. The upper part fabric is thick and resistant to heavy use, soft to touch as well as easy to wash. While the bottom is upholstered in fake leather. Manchester is available in two colour combination:<\/p>\n<ul>\n<li>Light grey fabric on the top and white faux leather on the bottom<\/li>\n<li>Dark grey fabric on the top and black faux leather on the bottom<\/li>\n<li>Beige fabric on the top and brown faux leather on the bottom<\/li>\n<li>Dark grey fabric all over<\/li>\n<\/ul>\n<p>This is the sofa you were looking for! <strong>Measurements:<\/strong> length 275 cm, length of the corner 202 cm, height 90 cm. Bed: 125 x 193 cm <strong>Net weight:<\/strong> 148kg<\/p>\n","protected":false},"excerpt":{"rendered":"<ul>\n<li>Large corner sofa<\/li>\n<li>Pull-out 125 x 193 cm<\/li>\n<li>High quality fabric and synthetic leather<\/li>\n<li>Reclining independent headrests<\/li>\n<li>Solid wood and chipboard frame<\/li>\n<li>Spacious storage<\/li>\n<li>Metal legs<\/li>\n<li>Cushion included<\/li>\n<\/ul>\n<p><strong>Dimensions:<\/strong> length 275 cm, length of corner 202 cm, height 88 cm<\/p>\n","protected":false},"featured_media":14605,"comment_status":"open","ping_status":"closed","template":"","meta":{"_et_pb_use_builder":"","_et_pb_old_content":"","_et_gb_content_width":""},"product_brand":[],"product_cat":[108,41,35],"product_tag":[],"class_list":{"0":"post-15186","1":"product","2":"type-product","3":"status-publish","4":"has-post-thumbnail","6":"product_cat-corner-sofas","7":"product_cat-sofa-beds","8":"product_cat-sofas-en","9":"product_shipping_class-mas-de-20-kg-fabricacion-hasta-43-dias","10":"pa_lado-left","11":"pa_lado-right","12":"pa_largo-sofas-251-300-cm-en","13":"pa_material-fabric","14":"pa_material-faux-leather","15":"pa_muelles-sinuous-springs","16":"pa_plazas-4-seater-sofas","17":"pa_plazas-large-sofas","19":"first","20":"onbackorder","21":"sale","22":"taxable","23":"shipping-taxable","24":"purchasable","25":"product-type-variable"},"yoast_head":"<!-- This site is optimized with the Yoast SEO plugin v27.2 - https:\/\/yoast.com\/product\/yoast-seo-wordpress\/ -->\n<title>Corner Sofa Bed with Storage Upholstered in Fabric and Synthetic Leather - Manchester - Don Baraton: tienda de sof\u00e1s, muebles y colchones<\/title>\n<meta name=\"robots\" content=\"index, follow, max-snippet:-1, max-image-preview:large, max-video-preview:-1\" \/>\n<link rel=\"canonical\" href=\"https:\/\/donbaraton.es\/en\/p\/corner-sofa-bed-storage-upholstered-fabric-synthetic-leather-manchester\/\" \/>\n<meta property=\"og:locale\" content=\"en_GB\" \/>\n<meta property=\"og:type\" content=\"article\" \/>\n<meta property=\"og:title\" content=\"Corner Sofa Bed with Storage Upholstered in Fabric and Synthetic Leather - Manchester - Don Baraton: tienda de sof\u00e1s, muebles y colchones\" \/>\n<meta property=\"og:description\" content=\"Large corner sofa  Pull-out 125 x 193 cm  High quality fabric and synthetic leather  Reclining independent headrests  Solid wood and chipboard frame  Spacious storage  Metal legs  Cushion included  Dimensions: length 275 cm, length of corner 202 cm, height 88 cm\" \/>\n<meta property=\"og:url\" content=\"https:\/\/donbaraton.es\/en\/p\/corner-sofa-bed-storage-upholstered-fabric-synthetic-leather-manchester\/\" \/>\n<meta property=\"og:site_name\" content=\"Don Baraton: tienda de sof\u00e1s, muebles y colchones\" \/>\n<meta property=\"article:publisher\" content=\"https:\/\/www.facebook.com\/donbaraton.es\" \/>\n<meta property=\"article:modified_time\" content=\"2024-03-27T16:53:38+00:00\" \/>\n<meta property=\"og:image\" content=\"https:\/\/donbaraton.es\/wp-content\/uploads\/2019\/03\/Sof\u00e1-rinconera-cama-con-arc\u00f3n-y-reposacabezas-reclinables-Manchester.-Esquina-lado-izquierdo.-Colores-gris-oscurotela-inari-96-y-piel-sint\u00e9tica-negrasoft-11.jpg\" \/>\n\t<meta property=\"og:image:width\" content=\"1000\" \/>\n\t<meta property=\"og:image:height\" content=\"666\" \/>\n\t<meta property=\"og:image:type\" content=\"image\/jpeg\" \/>\n<meta name=\"twitter:card\" content=\"summary_large_image\" \/>\n<meta name=\"twitter:site\" content=\"@don_baraton\" \/>\n<meta name=\"twitter:label1\" content=\"Estimated reading time\" \/>\n\t<meta name=\"twitter:data1\" content=\"1 minute\" \/>\n<script type=\"application\/ld+json\" class=\"yoast-schema-graph\">{\"@context\":\"https:\/\/schema.org\",\"@graph\":[{\"@type\":\"WebPage\",\"@id\":\"https:\/\/donbaraton.es\/en\/p\/corner-sofa-bed-storage-upholstered-fabric-synthetic-leather-manchester\/\",\"url\":\"https:\/\/donbaraton.es\/en\/p\/corner-sofa-bed-storage-upholstered-fabric-synthetic-leather-manchester\/\",\"name\":\"Corner Sofa Bed with Storage Upholstered in Fabric and Synthetic Leather - Manchester - Don Baraton: tienda de sof\u00e1s, muebles y colchones\",\"isPartOf\":{\"@id\":\"https:\/\/donbaraton.es\/#website\"},\"primaryImageOfPage\":{\"@id\":\"https:\/\/donbaraton.es\/en\/p\/corner-sofa-bed-storage-upholstered-fabric-synthetic-leather-manchester\/#primaryimage\"},\"image\":{\"@id\":\"https:\/\/donbaraton.es\/en\/p\/corner-sofa-bed-storage-upholstered-fabric-synthetic-leather-manchester\/#primaryimage\"},\"thumbnailUrl\":\"https:\/\/donbaraton.es\/wp-content\/uploads\/2019\/03\/Sof\u00e1-rinconera-cama-con-arc\u00f3n-y-reposacabezas-reclinables-Manchester.-Esquina-lado-izquierdo.-Colores-gris-oscurotela-inari-96-y-piel-sint\u00e9tica-negrasoft-11.jpg\",\"datePublished\":\"2019-03-18T19:33:35+00:00\",\"dateModified\":\"2024-03-27T16:53:38+00:00\",\"breadcrumb\":{\"@id\":\"https:\/\/donbaraton.es\/en\/p\/corner-sofa-bed-storage-upholstered-fabric-synthetic-leather-manchester\/#breadcrumb\"},\"inLanguage\":\"en-GB\",\"potentialAction\":[{\"@type\":\"ReadAction\",\"target\":[\"https:\/\/donbaraton.es\/en\/p\/corner-sofa-bed-storage-upholstered-fabric-synthetic-leather-manchester\/\"]}]},{\"@type\":\"ImageObject\",\"inLanguage\":\"en-GB\",\"@id\":\"https:\/\/donbaraton.es\/en\/p\/corner-sofa-bed-storage-upholstered-fabric-synthetic-leather-manchester\/#primaryimage\",\"url\":\"https:\/\/donbaraton.es\/wp-content\/uploads\/2019\/03\/Sof\u00e1-rinconera-cama-con-arc\u00f3n-y-reposacabezas-reclinables-Manchester.-Esquina-lado-izquierdo.-Colores-gris-oscurotela-inari-96-y-piel-sint\u00e9tica-negrasoft-11.jpg\",\"contentUrl\":\"https:\/\/donbaraton.es\/wp-content\/uploads\/2019\/03\/Sof\u00e1-rinconera-cama-con-arc\u00f3n-y-reposacabezas-reclinables-Manchester.-Esquina-lado-izquierdo.-Colores-gris-oscurotela-inari-96-y-piel-sint\u00e9tica-negrasoft-11.jpg\",\"width\":1000,\"height\":666,\"caption\":\"Corner Sofa Bed with Storage Upholstered in Fabric and Synthetic Leather - Manchester. Dark Grey Fabric, Black Faux Leather. Corner on the Left\"},{\"@type\":\"BreadcrumbList\",\"@id\":\"https:\/\/donbaraton.es\/en\/p\/corner-sofa-bed-storage-upholstered-fabric-synthetic-leather-manchester\/#breadcrumb\",\"itemListElement\":[{\"@type\":\"ListItem\",\"position\":1,\"name\":\"Portada\",\"item\":\"https:\/\/donbaraton.es\/en\/\"},{\"@type\":\"ListItem\",\"position\":2,\"name\":\"Online Shop\",\"item\":\"https:\/\/donbaraton.es\/en\/shop\/\"},{\"@type\":\"ListItem\",\"position\":3,\"name\":\"Corner Sofa Bed with Storage Upholstered in Fabric and Synthetic Leather &#8211; Manchester\"}]},{\"@type\":\"WebSite\",\"@id\":\"https:\/\/donbaraton.es\/#website\",\"url\":\"https:\/\/donbaraton.es\/\",\"name\":\"Don Baraton: tienda de sof\u00e1s, muebles y colchones\",\"description\":\"Sofas baratos desde el almac\u00e9n en Almorad\u00ed, Alicante\",\"publisher\":{\"@id\":\"https:\/\/donbaraton.es\/#organization\"},\"potentialAction\":[{\"@type\":\"SearchAction\",\"target\":{\"@type\":\"EntryPoint\",\"urlTemplate\":\"https:\/\/donbaraton.es\/?s={search_term_string}\"},\"query-input\":{\"@type\":\"PropertyValueSpecification\",\"valueRequired\":true,\"valueName\":\"search_term_string\"}}],\"inLanguage\":\"en-GB\"},{\"@type\":\"Organization\",\"@id\":\"https:\/\/donbaraton.es\/#organization\",\"name\":\"Don Baraton\",\"url\":\"https:\/\/donbaraton.es\/\",\"logo\":{\"@type\":\"ImageObject\",\"inLanguage\":\"en-GB\",\"@id\":\"https:\/\/donbaraton.es\/#\/schema\/logo\/image\/\",\"url\":\"https:\/\/i0.wp.com\/donbaraton.es\/wp-content\/uploads\/2016\/11\/logo_don_baraton.png?fit=228%2C110&ssl=1\",\"contentUrl\":\"https:\/\/i0.wp.com\/donbaraton.es\/wp-content\/uploads\/2016\/11\/logo_don_baraton.png?fit=228%2C110&ssl=1\",\"width\":228,\"height\":110,\"caption\":\"Don Baraton\"},\"image\":{\"@id\":\"https:\/\/donbaraton.es\/#\/schema\/logo\/image\/\"},\"sameAs\":[\"https:\/\/www.facebook.com\/donbaraton.es\",\"https:\/\/x.com\/don_baraton\",\"https:\/\/www.instagram.com\/donbaraton.es\",\"https:\/\/www.linkedin.com\/company\/donbaraton\/\",\"https:\/\/es.pinterest.com\/donbaraton\/\",\"https:\/\/www.youtube.com\/channel\/UCL02HOwx-F759Jq5MedAZfQ\"]}]}<\/script>\n<!-- \/ Yoast SEO plugin. -->","yoast_head_json":{"title":"Corner Sofa Bed with Storage Upholstered in Fabric and Synthetic Leather - Manchester - Don Baraton: tienda de sof\u00e1s, muebles y colchones","robots":{"index":"index","follow":"follow","max-snippet":"max-snippet:-1","max-image-preview":"max-image-preview:large","max-video-preview":"max-video-preview:-1"},"canonical":"https:\/\/donbaraton.es\/en\/p\/corner-sofa-bed-storage-upholstered-fabric-synthetic-leather-manchester\/","og_locale":"en_GB","og_type":"article","og_title":"Corner Sofa Bed with Storage Upholstered in Fabric and Synthetic Leather - Manchester - Don Baraton: tienda de sof\u00e1s, muebles y colchones","og_description":"Large corner sofa  Pull-out 125 x 193 cm  High quality fabric and synthetic leather  Reclining independent headrests  Solid wood and chipboard frame  Spacious storage  Metal legs  Cushion included  Dimensions: length 275 cm, length of corner 202 cm, height 88 cm","og_url":"https:\/\/donbaraton.es\/en\/p\/corner-sofa-bed-storage-upholstered-fabric-synthetic-leather-manchester\/","og_site_name":"Don Baraton: tienda de sof\u00e1s, muebles y colchones","article_publisher":"https:\/\/www.facebook.com\/donbaraton.es","article_modified_time":"2024-03-27T16:53:38+00:00","og_image":[{"width":1000,"height":666,"url":"https:\/\/donbaraton.es\/wp-content\/uploads\/2019\/03\/Sof\u00e1-rinconera-cama-con-arc\u00f3n-y-reposacabezas-reclinables-Manchester.-Esquina-lado-izquierdo.-Colores-gris-oscurotela-inari-96-y-piel-sint\u00e9tica-negrasoft-11.jpg","type":"image\/jpeg"}],"twitter_card":"summary_large_image","twitter_site":"@don_baraton","twitter_misc":{"Estimated reading time":"1 minute"},"schema":{"@context":"https:\/\/schema.org","@graph":[{"@type":"WebPage","@id":"https:\/\/donbaraton.es\/en\/p\/corner-sofa-bed-storage-upholstered-fabric-synthetic-leather-manchester\/","url":"https:\/\/donbaraton.es\/en\/p\/corner-sofa-bed-storage-upholstered-fabric-synthetic-leather-manchester\/","name":"Corner Sofa Bed with Storage Upholstered in Fabric and Synthetic Leather - Manchester - Don Baraton: tienda de sof\u00e1s, muebles y colchones","isPartOf":{"@id":"https:\/\/donbaraton.es\/#website"},"primaryImageOfPage":{"@id":"https:\/\/donbaraton.es\/en\/p\/corner-sofa-bed-storage-upholstered-fabric-synthetic-leather-manchester\/#primaryimage"},"image":{"@id":"https:\/\/donbaraton.es\/en\/p\/corner-sofa-bed-storage-upholstered-fabric-synthetic-leather-manchester\/#primaryimage"},"thumbnailUrl":"https:\/\/donbaraton.es\/wp-content\/uploads\/2019\/03\/Sof\u00e1-rinconera-cama-con-arc\u00f3n-y-reposacabezas-reclinables-Manchester.-Esquina-lado-izquierdo.-Colores-gris-oscurotela-inari-96-y-piel-sint\u00e9tica-negrasoft-11.jpg","datePublished":"2019-03-18T19:33:35+00:00","dateModified":"2024-03-27T16:53:38+00:00","breadcrumb":{"@id":"https:\/\/donbaraton.es\/en\/p\/corner-sofa-bed-storage-upholstered-fabric-synthetic-leather-manchester\/#breadcrumb"},"inLanguage":"en-GB","potentialAction":[{"@type":"ReadAction","target":["https:\/\/donbaraton.es\/en\/p\/corner-sofa-bed-storage-upholstered-fabric-synthetic-leather-manchester\/"]}]},{"@type":"ImageObject","inLanguage":"en-GB","@id":"https:\/\/donbaraton.es\/en\/p\/corner-sofa-bed-storage-upholstered-fabric-synthetic-leather-manchester\/#primaryimage","url":"https:\/\/donbaraton.es\/wp-content\/uploads\/2019\/03\/Sof\u00e1-rinconera-cama-con-arc\u00f3n-y-reposacabezas-reclinables-Manchester.-Esquina-lado-izquierdo.-Colores-gris-oscurotela-inari-96-y-piel-sint\u00e9tica-negrasoft-11.jpg","contentUrl":"https:\/\/donbaraton.es\/wp-content\/uploads\/2019\/03\/Sof\u00e1-rinconera-cama-con-arc\u00f3n-y-reposacabezas-reclinables-Manchester.-Esquina-lado-izquierdo.-Colores-gris-oscurotela-inari-96-y-piel-sint\u00e9tica-negrasoft-11.jpg","width":1000,"height":666,"caption":"Corner Sofa Bed with Storage Upholstered in Fabric and Synthetic Leather - Manchester. Dark Grey Fabric, Black Faux Leather. Corner on the Left"},{"@type":"BreadcrumbList","@id":"https:\/\/donbaraton.es\/en\/p\/corner-sofa-bed-storage-upholstered-fabric-synthetic-leather-manchester\/#breadcrumb","itemListElement":[{"@type":"ListItem","position":1,"name":"Portada","item":"https:\/\/donbaraton.es\/en\/"},{"@type":"ListItem","position":2,"name":"Online Shop","item":"https:\/\/donbaraton.es\/en\/shop\/"},{"@type":"ListItem","position":3,"name":"Corner Sofa Bed with Storage Upholstered in Fabric and Synthetic Leather &#8211; Manchester"}]},{"@type":"WebSite","@id":"https:\/\/donbaraton.es\/#website","url":"https:\/\/donbaraton.es\/","name":"Don Baraton: tienda de sof\u00e1s, muebles y colchones","description":"Sofas baratos desde el almac\u00e9n en Almorad\u00ed, Alicante","publisher":{"@id":"https:\/\/donbaraton.es\/#organization"},"potentialAction":[{"@type":"SearchAction","target":{"@type":"EntryPoint","urlTemplate":"https:\/\/donbaraton.es\/?s={search_term_string}"},"query-input":{"@type":"PropertyValueSpecification","valueRequired":true,"valueName":"search_term_string"}}],"inLanguage":"en-GB"},{"@type":"Organization","@id":"https:\/\/donbaraton.es\/#organization","name":"Don Baraton","url":"https:\/\/donbaraton.es\/","logo":{"@type":"ImageObject","inLanguage":"en-GB","@id":"https:\/\/donbaraton.es\/#\/schema\/logo\/image\/","url":"https:\/\/i0.wp.com\/donbaraton.es\/wp-content\/uploads\/2016\/11\/logo_don_baraton.png?fit=228%2C110&ssl=1","contentUrl":"https:\/\/i0.wp.com\/donbaraton.es\/wp-content\/uploads\/2016\/11\/logo_don_baraton.png?fit=228%2C110&ssl=1","width":228,"height":110,"caption":"Don Baraton"},"image":{"@id":"https:\/\/donbaraton.es\/#\/schema\/logo\/image\/"},"sameAs":["https:\/\/www.facebook.com\/donbaraton.es","https:\/\/x.com\/don_baraton","https:\/\/www.instagram.com\/donbaraton.es","https:\/\/www.linkedin.com\/company\/donbaraton\/","https:\/\/es.pinterest.com\/donbaraton\/","https:\/\/www.youtube.com\/channel\/UCL02HOwx-F759Jq5MedAZfQ"]}]}},"_links":{"self":[{"href":"https:\/\/donbaraton.es\/en\/wp-json\/wp\/v2\/product\/15186","targetHints":{"allow":["GET"]}}],"collection":[{"href":"https:\/\/donbaraton.es\/en\/wp-json\/wp\/v2\/product"}],"about":[{"href":"https:\/\/donbaraton.es\/en\/wp-json\/wp\/v2\/types\/product"}],"replies":[{"embeddable":true,"href":"https:\/\/donbaraton.es\/en\/wp-json\/wp\/v2\/comments?post=15186"}],"wp:featuredmedia":[{"embeddable":true,"href":"https:\/\/donbaraton.es\/en\/wp-json\/wp\/v2\/media\/14605"}],"wp:attachment":[{"href":"https:\/\/donbaraton.es\/en\/wp-json\/wp\/v2\/media?parent=15186"}],"wp:term":[{"taxonomy":"product_brand","embeddable":true,"href":"https:\/\/donbaraton.es\/en\/wp-json\/wp\/v2\/product_brand?post=15186"},{"taxonomy":"product_cat","embeddable":true,"href":"https:\/\/donbaraton.es\/en\/wp-json\/wp\/v2\/product_cat?post=15186"},{"taxonomy":"product_tag","embeddable":true,"href":"https:\/\/donbaraton.es\/en\/wp-json\/wp\/v2\/product_tag?post=15186"}],"curies":[{"name":"wp","href":"https:\/\/api.w.org\/{rel}","templated":true}]}}