{"id":15208,"date":"2021-11-16T04:00:05","date_gmt":"2019-03-17T18:59:05","guid":{"rendered":"https:\/\/donbaraton.es\/producto\/uncategorized\/super-king-size-storage-bed-upholstered-180-200-isabella\/"},"modified":"2026-04-23T12:59:48","modified_gmt":"2026-04-23T10:59:48","slug":"super-king-size-storage-bed-upholstered-180-200-isabella","status":"publish","type":"product","link":"https:\/\/donbaraton.es\/en\/p\/super-king-size-storage-bed-upholstered-180-200-isabella\/","title":{"rendered":"Super King Size Storage Bed (Upholstered) 180 x 200 cm &#8211; Isabella"},"content":{"rendered":"<p><strong>Upholstered super king size storage bed (6 foot wide by 6 foot 6 inches long) &#8211; Isabella<\/strong><\/p>\n<p>The largest of our beds, Isabella combines spaciousness, great comfort and practicality, all in one. If that sounds good, this is the model you are looking for! Double bed fully upholstered with two large storage compartments on each side and high headboard. Thanks to the segmented mattress of this model, you can easily open two independent hidden storage compartments on each side of the bed. A great option to keep your stuff out of sight! The hydraulic support mechanisms inside make it easy to open and close the storage in a single movement. Each of the storage compartments is divided into 3 sections where you can store whatever you want, including bedding and delicate textiles. The bonnell springs that are part of the reversible mattress give it the firmness and quick restoration needed in a double bed. Enjoy your well-deserved rest! The bed includes a hypoallergenic topper that will protect the mattress. Isabella has solid legs in each of the critical points of weight, providing firmness and stability. The bed doesn&#8217;t have direct contact with the floor, making it easier to clean the area under it. The high headboard gives this model that touch of distinction thanks to its upholstery matching the rest of the bed. The high quality, easy to clean and soft to touch fabric covers the entire surface of the bed. The bed is available in these two incredible colours:<\/p>\n<ul>\n<li><strong>Light grey<\/strong><\/li>\n<li><strong>Dark grey<\/strong><\/li>\n<\/ul>\n<p>Your bedroom&#8217;s protagonist, you will not want to leave it! This model is also available in a smaller size of <a href=\"\/?p=15215\">160 x 200 cm &#8211; (European King Size Storage Bed).<\/a> <strong>Dimensions: <\/strong>length 205, width 195 cm, height 60 cm.<strong> Headboard dimensions:<\/strong> 195 x 125 cm. <strong>Mattress dimensions:<\/strong> 180 x 200 cm <strong>Net weight:<\/strong> 191 kg<\/p>\n","protected":false},"excerpt":{"rendered":"<ul>\n<li>Mattress with bonnell springs (180 x 200 cm) included<\/li>\n<li>Upholstered headboard included<\/li>\n<li>Hypoallergenic topper included<\/li>\n<li>Two storage compartments (with 3 separate sections each)<\/li>\n<li>Hydraulic support opening mechanisms<\/li>\n<li>Legs included<\/li>\n<\/ul>\n<p><strong>Dimensions:<\/strong> length 205 cm, width 195 cm, height 60 cm (check picture for full details)<\/p>\n","protected":false},"featured_media":36028,"comment_status":"open","ping_status":"closed","template":"","meta":{"_et_pb_use_builder":"","_et_pb_old_content":"","_et_gb_content_width":""},"product_brand":[],"product_cat":[132],"product_tag":[],"class_list":{"0":"post-15208","1":"product","2":"type-product","3":"status-publish","4":"has-post-thumbnail","6":"product_cat-beds","7":"product_shipping_class-articulos-pesados","8":"pa_material-fabric","10":"first","11":"outofstock","12":"sale","13":"taxable","14":"shipping-taxable","15":"purchasable","16":"product-type-variable"},"yoast_head":"<!-- This site is optimized with the Yoast SEO plugin v27.2 - https:\/\/yoast.com\/product\/yoast-seo-wordpress\/ -->\n<title>Super King Size Storage Bed (Upholstered) 180 x 200 cm - Isabella - Don Baraton: tienda de sof\u00e1s, muebles y colchones<\/title>\n<meta name=\"robots\" content=\"index, follow, max-snippet:-1, max-image-preview:large, max-video-preview:-1\" \/>\n<link rel=\"canonical\" href=\"https:\/\/donbaraton.es\/en\/p\/super-king-size-storage-bed-upholstered-180-200-isabella\/\" \/>\n<meta property=\"og:locale\" content=\"en_GB\" \/>\n<meta property=\"og:type\" content=\"article\" \/>\n<meta property=\"og:title\" content=\"Super King Size Storage Bed (Upholstered) 180 x 200 cm - Isabella - Don Baraton: tienda de sof\u00e1s, muebles y colchones\" \/>\n<meta property=\"og:description\" content=\"Mattress with bonnell springs (180 x 200 cm) included Upholstered headboard included Hypoallergenic topper included Two storage compartments (with 3 separate sections each) Hydraulic support opening mechanisms Legs included  Dimensions: length 205 cm, width 195 cm, height 60 cm (check picture for full details)\" \/>\n<meta property=\"og:url\" content=\"https:\/\/donbaraton.es\/en\/p\/super-king-size-storage-bed-upholstered-180-200-isabella\/\" \/>\n<meta property=\"og:site_name\" content=\"Don Baraton: tienda de sof\u00e1s, muebles y colchones\" \/>\n<meta property=\"article:publisher\" content=\"https:\/\/www.facebook.com\/donbaraton.es\" \/>\n<meta property=\"article:modified_time\" content=\"2026-04-23T10:59:48+00:00\" \/>\n<meta property=\"og:image\" content=\"https:\/\/i1.wp.com\/donbaraton.es\/wp-content\/uploads\/2021\/11\/Cama-de-matrimonio-tapizada-180-x-200-cm-2-arcones-Isabella.-Polipiel-color-blanco.jpg?fit=1000%2C666&ssl=1\" \/>\n\t<meta property=\"og:image:width\" content=\"1000\" \/>\n\t<meta property=\"og:image:height\" content=\"666\" \/>\n\t<meta property=\"og:image:type\" content=\"image\/jpeg\" \/>\n<meta name=\"twitter:card\" content=\"summary_large_image\" \/>\n<meta name=\"twitter:site\" content=\"@don_baraton\" \/>\n<meta name=\"twitter:label1\" content=\"Estimated reading time\" \/>\n\t<meta name=\"twitter:data1\" content=\"1 minute\" \/>\n<script type=\"application\/ld+json\" class=\"yoast-schema-graph\">{\"@context\":\"https:\/\/schema.org\",\"@graph\":[{\"@type\":\"WebPage\",\"@id\":\"https:\/\/donbaraton.es\/en\/p\/super-king-size-storage-bed-upholstered-180-200-isabella\/\",\"url\":\"https:\/\/donbaraton.es\/en\/p\/super-king-size-storage-bed-upholstered-180-200-isabella\/\",\"name\":\"Super King Size Storage Bed (Upholstered) 180 x 200 cm - Isabella - Don Baraton: tienda de sof\u00e1s, muebles y colchones\",\"isPartOf\":{\"@id\":\"https:\/\/donbaraton.es\/#website\"},\"primaryImageOfPage\":{\"@id\":\"https:\/\/donbaraton.es\/en\/p\/super-king-size-storage-bed-upholstered-180-200-isabella\/#primaryimage\"},\"image\":{\"@id\":\"https:\/\/donbaraton.es\/en\/p\/super-king-size-storage-bed-upholstered-180-200-isabella\/#primaryimage\"},\"thumbnailUrl\":\"https:\/\/donbaraton.es\/wp-content\/uploads\/2021\/11\/Cama-de-matrimonio-tapizada-180-x-200-cm-2-arcones-Isabella.-Polipiel-color-blanco.jpg\",\"datePublished\":\"2019-03-17T18:59:05+00:00\",\"dateModified\":\"2026-04-23T10:59:48+00:00\",\"breadcrumb\":{\"@id\":\"https:\/\/donbaraton.es\/en\/p\/super-king-size-storage-bed-upholstered-180-200-isabella\/#breadcrumb\"},\"inLanguage\":\"en-GB\",\"potentialAction\":[{\"@type\":\"ReadAction\",\"target\":[\"https:\/\/donbaraton.es\/en\/p\/super-king-size-storage-bed-upholstered-180-200-isabella\/\"]}]},{\"@type\":\"ImageObject\",\"inLanguage\":\"en-GB\",\"@id\":\"https:\/\/donbaraton.es\/en\/p\/super-king-size-storage-bed-upholstered-180-200-isabella\/#primaryimage\",\"url\":\"https:\/\/donbaraton.es\/wp-content\/uploads\/2021\/11\/Cama-de-matrimonio-tapizada-180-x-200-cm-2-arcones-Isabella.-Polipiel-color-blanco.jpg\",\"contentUrl\":\"https:\/\/donbaraton.es\/wp-content\/uploads\/2021\/11\/Cama-de-matrimonio-tapizada-180-x-200-cm-2-arcones-Isabella.-Polipiel-color-blanco.jpg\",\"width\":1000,\"height\":666,\"caption\":\"Super King Size Storage Bed 180 x 200 cm - Isabella. White Faux Leather\"},{\"@type\":\"BreadcrumbList\",\"@id\":\"https:\/\/donbaraton.es\/en\/p\/super-king-size-storage-bed-upholstered-180-200-isabella\/#breadcrumb\",\"itemListElement\":[{\"@type\":\"ListItem\",\"position\":1,\"name\":\"Portada\",\"item\":\"https:\/\/donbaraton.es\/en\/\"},{\"@type\":\"ListItem\",\"position\":2,\"name\":\"Online Shop\",\"item\":\"https:\/\/donbaraton.es\/en\/shop\/\"},{\"@type\":\"ListItem\",\"position\":3,\"name\":\"Super King Size Storage Bed (Upholstered) 180 x 200 cm &#8211; Isabella\"}]},{\"@type\":\"WebSite\",\"@id\":\"https:\/\/donbaraton.es\/#website\",\"url\":\"https:\/\/donbaraton.es\/\",\"name\":\"Don Baraton: tienda de sof\u00e1s, muebles y colchones\",\"description\":\"Sofas baratos desde el almac\u00e9n en Almorad\u00ed, Alicante\",\"publisher\":{\"@id\":\"https:\/\/donbaraton.es\/#organization\"},\"potentialAction\":[{\"@type\":\"SearchAction\",\"target\":{\"@type\":\"EntryPoint\",\"urlTemplate\":\"https:\/\/donbaraton.es\/?s={search_term_string}\"},\"query-input\":{\"@type\":\"PropertyValueSpecification\",\"valueRequired\":true,\"valueName\":\"search_term_string\"}}],\"inLanguage\":\"en-GB\"},{\"@type\":\"Organization\",\"@id\":\"https:\/\/donbaraton.es\/#organization\",\"name\":\"Don Baraton\",\"url\":\"https:\/\/donbaraton.es\/\",\"logo\":{\"@type\":\"ImageObject\",\"inLanguage\":\"en-GB\",\"@id\":\"https:\/\/donbaraton.es\/#\/schema\/logo\/image\/\",\"url\":\"https:\/\/i0.wp.com\/donbaraton.es\/wp-content\/uploads\/2016\/11\/logo_don_baraton.png?fit=228%2C110&ssl=1\",\"contentUrl\":\"https:\/\/i0.wp.com\/donbaraton.es\/wp-content\/uploads\/2016\/11\/logo_don_baraton.png?fit=228%2C110&ssl=1\",\"width\":228,\"height\":110,\"caption\":\"Don Baraton\"},\"image\":{\"@id\":\"https:\/\/donbaraton.es\/#\/schema\/logo\/image\/\"},\"sameAs\":[\"https:\/\/www.facebook.com\/donbaraton.es\",\"https:\/\/x.com\/don_baraton\",\"https:\/\/www.instagram.com\/donbaraton.es\",\"https:\/\/www.linkedin.com\/company\/donbaraton\/\",\"https:\/\/es.pinterest.com\/donbaraton\/\",\"https:\/\/www.youtube.com\/channel\/UCL02HOwx-F759Jq5MedAZfQ\"]}]}<\/script>\n<!-- \/ Yoast SEO plugin. -->","yoast_head_json":{"title":"Super King Size Storage Bed (Upholstered) 180 x 200 cm - Isabella - Don Baraton: tienda de sof\u00e1s, muebles y colchones","robots":{"index":"index","follow":"follow","max-snippet":"max-snippet:-1","max-image-preview":"max-image-preview:large","max-video-preview":"max-video-preview:-1"},"canonical":"https:\/\/donbaraton.es\/en\/p\/super-king-size-storage-bed-upholstered-180-200-isabella\/","og_locale":"en_GB","og_type":"article","og_title":"Super King Size Storage Bed (Upholstered) 180 x 200 cm - Isabella - Don Baraton: tienda de sof\u00e1s, muebles y colchones","og_description":"Mattress with bonnell springs (180 x 200 cm) included Upholstered headboard included Hypoallergenic topper included Two storage compartments (with 3 separate sections each) Hydraulic support opening mechanisms Legs included  Dimensions: length 205 cm, width 195 cm, height 60 cm (check picture for full details)","og_url":"https:\/\/donbaraton.es\/en\/p\/super-king-size-storage-bed-upholstered-180-200-isabella\/","og_site_name":"Don Baraton: tienda de sof\u00e1s, muebles y colchones","article_publisher":"https:\/\/www.facebook.com\/donbaraton.es","article_modified_time":"2026-04-23T10:59:48+00:00","og_image":[{"width":1000,"height":666,"url":"https:\/\/i1.wp.com\/donbaraton.es\/wp-content\/uploads\/2021\/11\/Cama-de-matrimonio-tapizada-180-x-200-cm-2-arcones-Isabella.-Polipiel-color-blanco.jpg?fit=1000%2C666&ssl=1","type":"image\/jpeg"}],"twitter_card":"summary_large_image","twitter_site":"@don_baraton","twitter_misc":{"Estimated reading time":"1 minute"},"schema":{"@context":"https:\/\/schema.org","@graph":[{"@type":"WebPage","@id":"https:\/\/donbaraton.es\/en\/p\/super-king-size-storage-bed-upholstered-180-200-isabella\/","url":"https:\/\/donbaraton.es\/en\/p\/super-king-size-storage-bed-upholstered-180-200-isabella\/","name":"Super King Size Storage Bed (Upholstered) 180 x 200 cm - Isabella - Don Baraton: tienda de sof\u00e1s, muebles y colchones","isPartOf":{"@id":"https:\/\/donbaraton.es\/#website"},"primaryImageOfPage":{"@id":"https:\/\/donbaraton.es\/en\/p\/super-king-size-storage-bed-upholstered-180-200-isabella\/#primaryimage"},"image":{"@id":"https:\/\/donbaraton.es\/en\/p\/super-king-size-storage-bed-upholstered-180-200-isabella\/#primaryimage"},"thumbnailUrl":"https:\/\/donbaraton.es\/wp-content\/uploads\/2021\/11\/Cama-de-matrimonio-tapizada-180-x-200-cm-2-arcones-Isabella.-Polipiel-color-blanco.jpg","datePublished":"2019-03-17T18:59:05+00:00","dateModified":"2026-04-23T10:59:48+00:00","breadcrumb":{"@id":"https:\/\/donbaraton.es\/en\/p\/super-king-size-storage-bed-upholstered-180-200-isabella\/#breadcrumb"},"inLanguage":"en-GB","potentialAction":[{"@type":"ReadAction","target":["https:\/\/donbaraton.es\/en\/p\/super-king-size-storage-bed-upholstered-180-200-isabella\/"]}]},{"@type":"ImageObject","inLanguage":"en-GB","@id":"https:\/\/donbaraton.es\/en\/p\/super-king-size-storage-bed-upholstered-180-200-isabella\/#primaryimage","url":"https:\/\/donbaraton.es\/wp-content\/uploads\/2021\/11\/Cama-de-matrimonio-tapizada-180-x-200-cm-2-arcones-Isabella.-Polipiel-color-blanco.jpg","contentUrl":"https:\/\/donbaraton.es\/wp-content\/uploads\/2021\/11\/Cama-de-matrimonio-tapizada-180-x-200-cm-2-arcones-Isabella.-Polipiel-color-blanco.jpg","width":1000,"height":666,"caption":"Super King Size Storage Bed 180 x 200 cm - Isabella. White Faux Leather"},{"@type":"BreadcrumbList","@id":"https:\/\/donbaraton.es\/en\/p\/super-king-size-storage-bed-upholstered-180-200-isabella\/#breadcrumb","itemListElement":[{"@type":"ListItem","position":1,"name":"Portada","item":"https:\/\/donbaraton.es\/en\/"},{"@type":"ListItem","position":2,"name":"Online Shop","item":"https:\/\/donbaraton.es\/en\/shop\/"},{"@type":"ListItem","position":3,"name":"Super King Size Storage Bed (Upholstered) 180 x 200 cm &#8211; Isabella"}]},{"@type":"WebSite","@id":"https:\/\/donbaraton.es\/#website","url":"https:\/\/donbaraton.es\/","name":"Don Baraton: tienda de sof\u00e1s, muebles y colchones","description":"Sofas baratos desde el almac\u00e9n en Almorad\u00ed, Alicante","publisher":{"@id":"https:\/\/donbaraton.es\/#organization"},"potentialAction":[{"@type":"SearchAction","target":{"@type":"EntryPoint","urlTemplate":"https:\/\/donbaraton.es\/?s={search_term_string}"},"query-input":{"@type":"PropertyValueSpecification","valueRequired":true,"valueName":"search_term_string"}}],"inLanguage":"en-GB"},{"@type":"Organization","@id":"https:\/\/donbaraton.es\/#organization","name":"Don Baraton","url":"https:\/\/donbaraton.es\/","logo":{"@type":"ImageObject","inLanguage":"en-GB","@id":"https:\/\/donbaraton.es\/#\/schema\/logo\/image\/","url":"https:\/\/i0.wp.com\/donbaraton.es\/wp-content\/uploads\/2016\/11\/logo_don_baraton.png?fit=228%2C110&ssl=1","contentUrl":"https:\/\/i0.wp.com\/donbaraton.es\/wp-content\/uploads\/2016\/11\/logo_don_baraton.png?fit=228%2C110&ssl=1","width":228,"height":110,"caption":"Don Baraton"},"image":{"@id":"https:\/\/donbaraton.es\/#\/schema\/logo\/image\/"},"sameAs":["https:\/\/www.facebook.com\/donbaraton.es","https:\/\/x.com\/don_baraton","https:\/\/www.instagram.com\/donbaraton.es","https:\/\/www.linkedin.com\/company\/donbaraton\/","https:\/\/es.pinterest.com\/donbaraton\/","https:\/\/www.youtube.com\/channel\/UCL02HOwx-F759Jq5MedAZfQ"]}]}},"_links":{"self":[{"href":"https:\/\/donbaraton.es\/en\/wp-json\/wp\/v2\/product\/15208","targetHints":{"allow":["GET"]}}],"collection":[{"href":"https:\/\/donbaraton.es\/en\/wp-json\/wp\/v2\/product"}],"about":[{"href":"https:\/\/donbaraton.es\/en\/wp-json\/wp\/v2\/types\/product"}],"replies":[{"embeddable":true,"href":"https:\/\/donbaraton.es\/en\/wp-json\/wp\/v2\/comments?post=15208"}],"wp:featuredmedia":[{"embeddable":true,"href":"https:\/\/donbaraton.es\/en\/wp-json\/wp\/v2\/media\/36028"}],"wp:attachment":[{"href":"https:\/\/donbaraton.es\/en\/wp-json\/wp\/v2\/media?parent=15208"}],"wp:term":[{"taxonomy":"product_brand","embeddable":true,"href":"https:\/\/donbaraton.es\/en\/wp-json\/wp\/v2\/product_brand?post=15208"},{"taxonomy":"product_cat","embeddable":true,"href":"https:\/\/donbaraton.es\/en\/wp-json\/wp\/v2\/product_cat?post=15208"},{"taxonomy":"product_tag","embeddable":true,"href":"https:\/\/donbaraton.es\/en\/wp-json\/wp\/v2\/product_tag?post=15208"}],"curies":[{"name":"wp","href":"https:\/\/api.w.org\/{rel}","templated":true}]}}